{"id":35316,"date":"2014-03-23T14:24:18","date_gmt":"2014-03-23T12:24:18","guid":{"rendered":"https:\/\/www.biopapa.lt\/wholesale\/"},"modified":"2023-09-15T19:28:55","modified_gmt":"2023-09-15T16:28:55","slug":"wholesale","status":"publish","type":"page","link":"https:\/\/www.biopapa.de\/en\/wholesale\/","title":{"rendered":"Wholesale"},"content":{"rendered":"<p><img decoding=\"async\" class=\" wd-lazy-blur wp-image-2606 alignleft\" style=\"line-height: 1.5em;\" src=\"https:\/\/www.biopapa.de\/wp-content\/themes\/woodmart\/images\/lazy.svg\" data-src=\"https:\/\/www.biopapa.lt\/wp-content\/uploads\/Rawjus-didmena.jpg\" alt=\"Biopapa didmena\" width=\"347\" height=\"318\"><\/p>\n<p>Maybe you have your own shop and would like to sell our products, or maybe you run a caf\u00e9 or other catering business and need organic products? Or maybe you just want to buy more of the products you want without paying per pack? Both businesses and individuals can buy goods at wholesale prices.<\/p>\n<p>We invite you to cooperate with us and order organic, people-friendly and environmentally friendly food and household products in bulk quantities at wholesale prices.<\/p>\n<p>Contact us: info@zaliuomene.lt to discuss possible ways of cooperation.<\/p>\n<p><i>*We can expand our product range to suit your needs and preferences.<\/i><\/p>\n","protected":false},"excerpt":{"rendered":"<p>Maybe you have your own shop and would like to sell our products, or maybe you run a caf\u00e9 or<\/p>\n","protected":false},"author":265,"featured_media":0,"parent":0,"menu_order":0,"comment_status":"closed","ping_status":"closed","template":"","meta":{"_acf_changed":false,"footnotes":""},"class_list":["post-35316","page","type-page","status-publish","hentry"],"acf":[],"yoast_head":"<!-- This site is optimized with the Yoast SEO plugin v27.3 - https:\/\/yoast.com\/product\/yoast-seo-wordpress\/ -->\n<title>Wholesale - Biopapa<\/title>\n<meta name=\"description\" content=\"The Biopapa wholesale catalogue is for anyone who wants to buy organic products in bulk without packaging.\" \/>\n<meta name=\"robots\" content=\"index, follow, max-snippet:-1, max-image-preview:large, max-video-preview:-1\" \/>\n<link rel=\"canonical\" href=\"https:\/\/www.biopapa.de\/en\/wholesale\/\" \/>\n<meta property=\"og:locale\" content=\"en_US\" \/>\n<meta property=\"og:type\" content=\"article\" \/>\n<meta property=\"og:title\" content=\"Wholesale - Biopapa\" \/>\n<meta property=\"og:description\" content=\"The Biopapa wholesale catalogue is for anyone who wants to buy organic products in bulk without packaging.\" \/>\n<meta property=\"og:url\" content=\"https:\/\/www.biopapa.de\/en\/wholesale\/\" \/>\n<meta property=\"og:site_name\" content=\"Biopapa\" \/>\n<meta property=\"article:publisher\" content=\"https:\/\/www.facebook.com\/biopapa.lt\" \/>\n<meta property=\"article:modified_time\" content=\"2023-09-15T16:28:55+00:00\" \/>\n<meta property=\"og:image\" content=\"https:\/\/www.biopapa.lt\/wp-content\/uploads\/Rawjus-didmena.jpg\" \/>\n<meta name=\"twitter:card\" content=\"summary_large_image\" \/>\n<meta name=\"twitter:label1\" content=\"Est. reading time\" \/>\n\t<meta name=\"twitter:data1\" content=\"1 minute\" \/>\n<script type=\"application\/ld+json\" class=\"yoast-schema-graph\">{\"@context\":\"https:\\\/\\\/schema.org\",\"@graph\":[{\"@type\":\"WebPage\",\"@id\":\"https:\\\/\\\/www.biopapa.de\\\/en\\\/wholesale\\\/\",\"url\":\"https:\\\/\\\/www.biopapa.de\\\/en\\\/wholesale\\\/\",\"name\":\"Wholesale - Biopapa\",\"isPartOf\":{\"@id\":\"https:\\\/\\\/www.biopapa.de\\\/en\\\/#website\"},\"primaryImageOfPage\":{\"@id\":\"https:\\\/\\\/www.biopapa.de\\\/en\\\/wholesale\\\/#primaryimage\"},\"image\":{\"@id\":\"https:\\\/\\\/www.biopapa.de\\\/en\\\/wholesale\\\/#primaryimage\"},\"thumbnailUrl\":\"https:\\\/\\\/www.biopapa.lt\\\/wp-content\\\/uploads\\\/Rawjus-didmena.jpg\",\"datePublished\":\"2014-03-23T12:24:18+00:00\",\"dateModified\":\"2023-09-15T16:28:55+00:00\",\"description\":\"The Biopapa wholesale catalogue is for anyone who wants to buy organic products in bulk without packaging.\",\"breadcrumb\":{\"@id\":\"https:\\\/\\\/www.biopapa.de\\\/en\\\/wholesale\\\/#breadcrumb\"},\"inLanguage\":\"en-US\",\"potentialAction\":[{\"@type\":\"ReadAction\",\"target\":[\"https:\\\/\\\/www.biopapa.de\\\/en\\\/wholesale\\\/\"]}]},{\"@type\":\"ImageObject\",\"inLanguage\":\"en-US\",\"@id\":\"https:\\\/\\\/www.biopapa.de\\\/en\\\/wholesale\\\/#primaryimage\",\"url\":\"https:\\\/\\\/www.biopapa.lt\\\/wp-content\\\/uploads\\\/Rawjus-didmena.jpg\",\"contentUrl\":\"https:\\\/\\\/www.biopapa.lt\\\/wp-content\\\/uploads\\\/Rawjus-didmena.jpg\"},{\"@type\":\"BreadcrumbList\",\"@id\":\"https:\\\/\\\/www.biopapa.de\\\/en\\\/wholesale\\\/#breadcrumb\",\"itemListElement\":[{\"@type\":\"ListItem\",\"position\":1,\"name\":\"Home\",\"item\":\"https:\\\/\\\/www.biopapa.de\\\/en\\\/\"},{\"@type\":\"ListItem\",\"position\":2,\"name\":\"Wholesale\"}]},{\"@type\":\"WebSite\",\"@id\":\"https:\\\/\\\/www.biopapa.de\\\/en\\\/#website\",\"url\":\"https:\\\/\\\/www.biopapa.de\\\/en\\\/\",\"name\":\"Biopapa\",\"description\":\"\u0160var\u016bs ekologi\u0161ki produktai\",\"publisher\":{\"@id\":\"https:\\\/\\\/www.biopapa.de\\\/en\\\/#organization\"},\"potentialAction\":[{\"@type\":\"SearchAction\",\"target\":{\"@type\":\"EntryPoint\",\"urlTemplate\":\"https:\\\/\\\/www.biopapa.de\\\/en\\\/?s={search_term_string}\"},\"query-input\":{\"@type\":\"PropertyValueSpecification\",\"valueRequired\":true,\"valueName\":\"search_term_string\"}}],\"inLanguage\":\"en-US\"},{\"@type\":\"Organization\",\"@id\":\"https:\\\/\\\/www.biopapa.de\\\/en\\\/#organization\",\"name\":\"Biopapa\",\"url\":\"https:\\\/\\\/www.biopapa.de\\\/en\\\/\",\"logo\":{\"@type\":\"ImageObject\",\"inLanguage\":\"en-US\",\"@id\":\"https:\\\/\\\/www.biopapa.de\\\/en\\\/#\\\/schema\\\/logo\\\/image\\\/\",\"url\":\"https:\\\/\\\/www.biopapa.lt\\\/wp-content\\\/uploads\\\/2022\\\/04\\\/facebook_biopapa.jpg\",\"contentUrl\":\"https:\\\/\\\/www.biopapa.lt\\\/wp-content\\\/uploads\\\/2022\\\/04\\\/facebook_biopapa.jpg\",\"width\":1733,\"height\":907,\"caption\":\"Biopapa\"},\"image\":{\"@id\":\"https:\\\/\\\/www.biopapa.de\\\/en\\\/#\\\/schema\\\/logo\\\/image\\\/\"},\"sameAs\":[\"https:\\\/\\\/www.facebook.com\\\/biopapa.lt\"]}]}<\/script>\n<!-- \/ Yoast SEO plugin. -->","yoast_head_json":{"title":"Wholesale - Biopapa","description":"The Biopapa wholesale catalogue is for anyone who wants to buy organic products in bulk without packaging.","robots":{"index":"index","follow":"follow","max-snippet":"max-snippet:-1","max-image-preview":"max-image-preview:large","max-video-preview":"max-video-preview:-1"},"canonical":"https:\/\/www.biopapa.de\/en\/wholesale\/","og_locale":"en_US","og_type":"article","og_title":"Wholesale - Biopapa","og_description":"The Biopapa wholesale catalogue is for anyone who wants to buy organic products in bulk without packaging.","og_url":"https:\/\/www.biopapa.de\/en\/wholesale\/","og_site_name":"Biopapa","article_publisher":"https:\/\/www.facebook.com\/biopapa.lt","article_modified_time":"2023-09-15T16:28:55+00:00","og_image":[{"url":"https:\/\/www.biopapa.lt\/wp-content\/uploads\/Rawjus-didmena.jpg","type":"","width":"","height":""}],"twitter_card":"summary_large_image","twitter_misc":{"Est. reading time":"1 minute"},"schema":{"@context":"https:\/\/schema.org","@graph":[{"@type":"WebPage","@id":"https:\/\/www.biopapa.de\/en\/wholesale\/","url":"https:\/\/www.biopapa.de\/en\/wholesale\/","name":"Wholesale - Biopapa","isPartOf":{"@id":"https:\/\/www.biopapa.de\/en\/#website"},"primaryImageOfPage":{"@id":"https:\/\/www.biopapa.de\/en\/wholesale\/#primaryimage"},"image":{"@id":"https:\/\/www.biopapa.de\/en\/wholesale\/#primaryimage"},"thumbnailUrl":"https:\/\/www.biopapa.lt\/wp-content\/uploads\/Rawjus-didmena.jpg","datePublished":"2014-03-23T12:24:18+00:00","dateModified":"2023-09-15T16:28:55+00:00","description":"The Biopapa wholesale catalogue is for anyone who wants to buy organic products in bulk without packaging.","breadcrumb":{"@id":"https:\/\/www.biopapa.de\/en\/wholesale\/#breadcrumb"},"inLanguage":"en-US","potentialAction":[{"@type":"ReadAction","target":["https:\/\/www.biopapa.de\/en\/wholesale\/"]}]},{"@type":"ImageObject","inLanguage":"en-US","@id":"https:\/\/www.biopapa.de\/en\/wholesale\/#primaryimage","url":"https:\/\/www.biopapa.lt\/wp-content\/uploads\/Rawjus-didmena.jpg","contentUrl":"https:\/\/www.biopapa.lt\/wp-content\/uploads\/Rawjus-didmena.jpg"},{"@type":"BreadcrumbList","@id":"https:\/\/www.biopapa.de\/en\/wholesale\/#breadcrumb","itemListElement":[{"@type":"ListItem","position":1,"name":"Home","item":"https:\/\/www.biopapa.de\/en\/"},{"@type":"ListItem","position":2,"name":"Wholesale"}]},{"@type":"WebSite","@id":"https:\/\/www.biopapa.de\/en\/#website","url":"https:\/\/www.biopapa.de\/en\/","name":"Biopapa","description":"\u0160var\u016bs ekologi\u0161ki produktai","publisher":{"@id":"https:\/\/www.biopapa.de\/en\/#organization"},"potentialAction":[{"@type":"SearchAction","target":{"@type":"EntryPoint","urlTemplate":"https:\/\/www.biopapa.de\/en\/?s={search_term_string}"},"query-input":{"@type":"PropertyValueSpecification","valueRequired":true,"valueName":"search_term_string"}}],"inLanguage":"en-US"},{"@type":"Organization","@id":"https:\/\/www.biopapa.de\/en\/#organization","name":"Biopapa","url":"https:\/\/www.biopapa.de\/en\/","logo":{"@type":"ImageObject","inLanguage":"en-US","@id":"https:\/\/www.biopapa.de\/en\/#\/schema\/logo\/image\/","url":"https:\/\/www.biopapa.lt\/wp-content\/uploads\/2022\/04\/facebook_biopapa.jpg","contentUrl":"https:\/\/www.biopapa.lt\/wp-content\/uploads\/2022\/04\/facebook_biopapa.jpg","width":1733,"height":907,"caption":"Biopapa"},"image":{"@id":"https:\/\/www.biopapa.de\/en\/#\/schema\/logo\/image\/"},"sameAs":["https:\/\/www.facebook.com\/biopapa.lt"]}]}},"_links":{"self":[{"href":"https:\/\/www.biopapa.de\/en\/wp-json\/wp\/v2\/pages\/35316","targetHints":{"allow":["GET"]}}],"collection":[{"href":"https:\/\/www.biopapa.de\/en\/wp-json\/wp\/v2\/pages"}],"about":[{"href":"https:\/\/www.biopapa.de\/en\/wp-json\/wp\/v2\/types\/page"}],"author":[{"embeddable":true,"href":"https:\/\/www.biopapa.de\/en\/wp-json\/wp\/v2\/users\/265"}],"replies":[{"embeddable":true,"href":"https:\/\/www.biopapa.de\/en\/wp-json\/wp\/v2\/comments?post=35316"}],"version-history":[{"count":0,"href":"https:\/\/www.biopapa.de\/en\/wp-json\/wp\/v2\/pages\/35316\/revisions"}],"wp:attachment":[{"href":"https:\/\/www.biopapa.de\/en\/wp-json\/wp\/v2\/media?parent=35316"}],"curies":[{"name":"wp","href":"https:\/\/api.w.org\/{rel}","templated":true}]}}