{"id":40328,"date":"2013-04-27T09:12:36","date_gmt":"2013-04-27T06:12:36","guid":{"rendered":"https:\/\/www.biopapa.de\/delivery\/"},"modified":"2025-09-22T14:00:09","modified_gmt":"2025-09-22T11:00:09","slug":"delivery","status":"publish","type":"page","link":"https:\/\/www.biopapa.de\/en\/delivery\/","title":{"rendered":"Delivery"},"content":{"rendered":"<div class=\"wpb-content-wrapper\"><p>[vc_row][vc_column][vc_column_text css=&#8221;&#8221; woodmart_inline=&#8221;no&#8221; text_larger=&#8221;no&#8221;]<\/p>\n<h4>DELIVERY TERMS:<\/h4>\n<ul>\n<li>We deliver your order within 5 &#8211; 6 working days (we try to do it as quickly as possible).<\/li>\n<li>The delivery takes place within the territories of Germany and Austria.<\/li>\n<\/ul>\n<h4><strong>By Standard delivery of goods ordered in the shop is carried out by DPD courier service to the address you specify or to a DPD post office:<\/strong><\/h4>\n<ul>\n<li><strong>Free<\/strong> delivery for parcels over \u20ac80 via DPD courier to your address or DPD post office.<\/li>\n<li>Standard delivery to a DPD post office for parcels up to 80 \u20ac &#8211; 4 \u20ac.<\/li>\n<li>Standard delivery via DPD courier to the address you specify &#8211; \u20ac4 for parcels up to \u20ac80.<\/li>\n<\/ul>\n<h4><strong>Additional information on delivery:<\/strong><\/h4>\n<ul>\n<li>Please note: Please check the condition of the packaging upon delivery. If you notice irregularities, be sure to note them at the time of acceptance of the consignment and draw up a free-form Consignment Irregularity Report. If no damage to the packaging is indicated at the time of delivery, the parcel will be deemed to have been delivered in good order and without damage.<\/li>\n<li>If the parcel is missing any items or the packaging appears damaged, please inform us by email. by email <a href=\"mailto:info@zaliuomene.lt\">info@biopapa.lt<\/a> or by phone <a href=\"tel:+37068615177\">+370 686 15177<\/a>.<\/li>\n<li>To reduce environmental pollution, we try to reuse packaging from other goods for shipments. We always try to pack your order as safely as possible so that the goods reach you in good condition.<\/li>\n<\/ul>\n<p>[\/vc_column_text][\/vc_column][\/vc_row][vc_row][vc_column width=&#8221;1\/4&#8243;][\/vc_column][vc_column width=&#8221;1\/2&#8243; woodmart_text_align=&#8221;center&#8221; woodmart_css_id=&#8221;68d12b6a695ee&#8221; parallax_scroll=&#8221;no&#8221; woodmart_sticky_column=&#8221;false&#8221; wd_collapsible_content_switcher=&#8221;no&#8221; wd_column_role_offcanvas_desktop=&#8221;no&#8221; wd_column_role_offcanvas_tablet=&#8221;no&#8221; wd_column_role_offcanvas_mobile=&#8221;no&#8221; wd_column_role_content_desktop=&#8221;no&#8221; wd_column_role_content_tablet=&#8221;no&#8221; wd_column_role_content_mobile=&#8221;no&#8221; mobile_bg_img_hidden=&#8221;no&#8221; tablet_bg_img_hidden=&#8221;no&#8221; woodmart_parallax=&#8221;0&#8243; woodmart_box_shadow=&#8221;no&#8221; responsive_spacing=&#8221;eyJwYXJhbV90eXBlIjoid29vZG1hcnRfcmVzcG9uc2l2ZV9zcGFjaW5nIiwic2VsZWN0b3JfaWQiOiI2OGQxMmI2YTY5NWVlIiwic2hvcnRjb2RlIjoidmNfY29sdW1uIiwiZGF0YSI6eyJ0YWJsZXQiOnt9LCJtb2JpbGUiOnt9fX0=&#8221; mobile_reset_margin=&#8221;no&#8221; tablet_reset_margin=&#8221;no&#8221; wd_z_index=&#8221;no&#8221;]\t\t<div id=\"wd-68d12b8cc760c\" class=\"wd-image wd-wpb wd-rs-68d12b8cc760c wd-enabled-width text-center \">\n\t\t\t\n\t\t\t<img decoding=\"async\" width=\"200\" height=\"88\" src=\"https:\/\/www.biopapa.de\/wp-content\/uploads\/2021\/08\/dpd-logo-5.png\" class=\"attachment-full size-full\" alt=\"dpd logo\" srcset=\"https:\/\/www.biopapa.de\/wp-content\/uploads\/2021\/08\/dpd-logo-5.png 200w, https:\/\/www.biopapa.de\/wp-content\/uploads\/2021\/08\/dpd-logo-5-150x66.png 150w\" sizes=\"(max-width: 200px) 100vw, 200px\" \/>\n\t\t\t\t\t<\/div>\n\t\t[\/vc_column][vc_column width=&#8221;1\/4&#8243;][\/vc_column][\/vc_row]<\/p>\n<\/div>","protected":false},"excerpt":{"rendered":"<p>[vc_row][vc_column][vc_column_text css=&#8221;&#8221; woodmart_inline=&#8221;no&#8221; text_larger=&#8221;no&#8221;] DELIVERY TERMS: We deliver your order within 5 &#8211; 6 working days (we try to do<\/p>\n","protected":false},"author":1852,"featured_media":0,"parent":0,"menu_order":0,"comment_status":"closed","ping_status":"closed","template":"","meta":{"_acf_changed":false,"footnotes":""},"class_list":["post-40328","page","type-page","status-publish","hentry"],"acf":[],"yoast_head":"<!-- This site is optimized with the Yoast SEO plugin v27.5 - https:\/\/yoast.com\/product\/yoast-seo-wordpress\/ -->\n<title>Delivery - Biopapa<\/title>\n<meta name=\"description\" content=\"Organic, uncooked, healthy food. Organic nuts, dried fruit, superfoods. Carefully packed in Lithuania.\" \/>\n<meta name=\"robots\" content=\"index, follow, max-snippet:-1, max-image-preview:large, max-video-preview:-1\" \/>\n<link rel=\"canonical\" href=\"https:\/\/www.biopapa.de\/en\/delivery\/\" \/>\n<meta property=\"og:locale\" content=\"en_US\" \/>\n<meta property=\"og:type\" content=\"article\" \/>\n<meta property=\"og:title\" content=\"Delivery - Biopapa\" \/>\n<meta property=\"og:description\" content=\"Organic, uncooked, healthy food. Organic nuts, dried fruit, superfoods. Carefully packed in Lithuania.\" \/>\n<meta property=\"og:url\" content=\"https:\/\/www.biopapa.de\/en\/delivery\/\" \/>\n<meta property=\"og:site_name\" content=\"Biopapa\" \/>\n<meta property=\"article:publisher\" content=\"https:\/\/www.facebook.com\/biopapa.lt\" \/>\n<meta property=\"article:modified_time\" content=\"2025-09-22T11:00:09+00:00\" \/>\n<meta property=\"og:image\" content=\"https:\/\/www.biopapa.de\/wp-content\/uploads\/2022\/04\/facebook_biopapa.jpg\" \/>\n\t<meta property=\"og:image:width\" content=\"1733\" \/>\n\t<meta property=\"og:image:height\" content=\"907\" \/>\n\t<meta property=\"og:image:type\" content=\"image\/jpeg\" \/>\n<meta name=\"twitter:card\" content=\"summary_large_image\" \/>\n<meta name=\"twitter:label1\" content=\"Est. reading time\" \/>\n\t<meta name=\"twitter:data1\" content=\"2 minutes\" \/>\n<script type=\"application\/ld+json\" class=\"yoast-schema-graph\">{\"@context\":\"https:\\\/\\\/schema.org\",\"@graph\":[{\"@type\":\"WebPage\",\"@id\":\"https:\\\/\\\/www.biopapa.de\\\/en\\\/delivery\\\/\",\"url\":\"https:\\\/\\\/www.biopapa.de\\\/en\\\/delivery\\\/\",\"name\":\"Delivery - Biopapa\",\"isPartOf\":{\"@id\":\"https:\\\/\\\/www.biopapa.de\\\/en\\\/#website\"},\"datePublished\":\"2013-04-27T06:12:36+00:00\",\"dateModified\":\"2025-09-22T11:00:09+00:00\",\"description\":\"Organic, uncooked, healthy food. Organic nuts, dried fruit, superfoods. Carefully packed in Lithuania.\",\"breadcrumb\":{\"@id\":\"https:\\\/\\\/www.biopapa.de\\\/en\\\/delivery\\\/#breadcrumb\"},\"inLanguage\":\"en-US\",\"potentialAction\":[{\"@type\":\"ReadAction\",\"target\":[\"https:\\\/\\\/www.biopapa.de\\\/en\\\/delivery\\\/\"]}]},{\"@type\":\"BreadcrumbList\",\"@id\":\"https:\\\/\\\/www.biopapa.de\\\/en\\\/delivery\\\/#breadcrumb\",\"itemListElement\":[{\"@type\":\"ListItem\",\"position\":1,\"name\":\"Home\",\"item\":\"https:\\\/\\\/www.biopapa.de\\\/en\\\/\"},{\"@type\":\"ListItem\",\"position\":2,\"name\":\"Delivery\"}]},{\"@type\":\"WebSite\",\"@id\":\"https:\\\/\\\/www.biopapa.de\\\/en\\\/#website\",\"url\":\"https:\\\/\\\/www.biopapa.de\\\/en\\\/\",\"name\":\"Biopapa\",\"description\":\"\u0160var\u016bs ekologi\u0161ki produktai\",\"publisher\":{\"@id\":\"https:\\\/\\\/www.biopapa.de\\\/en\\\/#organization\"},\"potentialAction\":[{\"@type\":\"SearchAction\",\"target\":{\"@type\":\"EntryPoint\",\"urlTemplate\":\"https:\\\/\\\/www.biopapa.de\\\/en\\\/?s={search_term_string}\"},\"query-input\":{\"@type\":\"PropertyValueSpecification\",\"valueRequired\":true,\"valueName\":\"search_term_string\"}}],\"inLanguage\":\"en-US\"},{\"@type\":\"Organization\",\"@id\":\"https:\\\/\\\/www.biopapa.de\\\/en\\\/#organization\",\"name\":\"Biopapa\",\"url\":\"https:\\\/\\\/www.biopapa.de\\\/en\\\/\",\"logo\":{\"@type\":\"ImageObject\",\"inLanguage\":\"en-US\",\"@id\":\"https:\\\/\\\/www.biopapa.de\\\/en\\\/#\\\/schema\\\/logo\\\/image\\\/\",\"url\":\"https:\\\/\\\/www.biopapa.lt\\\/wp-content\\\/uploads\\\/2022\\\/04\\\/facebook_biopapa.jpg\",\"contentUrl\":\"https:\\\/\\\/www.biopapa.lt\\\/wp-content\\\/uploads\\\/2022\\\/04\\\/facebook_biopapa.jpg\",\"width\":1733,\"height\":907,\"caption\":\"Biopapa\"},\"image\":{\"@id\":\"https:\\\/\\\/www.biopapa.de\\\/en\\\/#\\\/schema\\\/logo\\\/image\\\/\"},\"sameAs\":[\"https:\\\/\\\/www.facebook.com\\\/biopapa.lt\"]}]}<\/script>\n<!-- \/ Yoast SEO plugin. -->","yoast_head_json":{"title":"Delivery - Biopapa","description":"Organic, uncooked, healthy food. Organic nuts, dried fruit, superfoods. Carefully packed in Lithuania.","robots":{"index":"index","follow":"follow","max-snippet":"max-snippet:-1","max-image-preview":"max-image-preview:large","max-video-preview":"max-video-preview:-1"},"canonical":"https:\/\/www.biopapa.de\/en\/delivery\/","og_locale":"en_US","og_type":"article","og_title":"Delivery - Biopapa","og_description":"Organic, uncooked, healthy food. Organic nuts, dried fruit, superfoods. Carefully packed in Lithuania.","og_url":"https:\/\/www.biopapa.de\/en\/delivery\/","og_site_name":"Biopapa","article_publisher":"https:\/\/www.facebook.com\/biopapa.lt","article_modified_time":"2025-09-22T11:00:09+00:00","og_image":[{"width":1733,"height":907,"url":"https:\/\/www.biopapa.de\/wp-content\/uploads\/2022\/04\/facebook_biopapa.jpg","type":"image\/jpeg"}],"twitter_card":"summary_large_image","twitter_misc":{"Est. reading time":"2 minutes"},"schema":{"@context":"https:\/\/schema.org","@graph":[{"@type":"WebPage","@id":"https:\/\/www.biopapa.de\/en\/delivery\/","url":"https:\/\/www.biopapa.de\/en\/delivery\/","name":"Delivery - Biopapa","isPartOf":{"@id":"https:\/\/www.biopapa.de\/en\/#website"},"datePublished":"2013-04-27T06:12:36+00:00","dateModified":"2025-09-22T11:00:09+00:00","description":"Organic, uncooked, healthy food. Organic nuts, dried fruit, superfoods. Carefully packed in Lithuania.","breadcrumb":{"@id":"https:\/\/www.biopapa.de\/en\/delivery\/#breadcrumb"},"inLanguage":"en-US","potentialAction":[{"@type":"ReadAction","target":["https:\/\/www.biopapa.de\/en\/delivery\/"]}]},{"@type":"BreadcrumbList","@id":"https:\/\/www.biopapa.de\/en\/delivery\/#breadcrumb","itemListElement":[{"@type":"ListItem","position":1,"name":"Home","item":"https:\/\/www.biopapa.de\/en\/"},{"@type":"ListItem","position":2,"name":"Delivery"}]},{"@type":"WebSite","@id":"https:\/\/www.biopapa.de\/en\/#website","url":"https:\/\/www.biopapa.de\/en\/","name":"Biopapa","description":"\u0160var\u016bs ekologi\u0161ki produktai","publisher":{"@id":"https:\/\/www.biopapa.de\/en\/#organization"},"potentialAction":[{"@type":"SearchAction","target":{"@type":"EntryPoint","urlTemplate":"https:\/\/www.biopapa.de\/en\/?s={search_term_string}"},"query-input":{"@type":"PropertyValueSpecification","valueRequired":true,"valueName":"search_term_string"}}],"inLanguage":"en-US"},{"@type":"Organization","@id":"https:\/\/www.biopapa.de\/en\/#organization","name":"Biopapa","url":"https:\/\/www.biopapa.de\/en\/","logo":{"@type":"ImageObject","inLanguage":"en-US","@id":"https:\/\/www.biopapa.de\/en\/#\/schema\/logo\/image\/","url":"https:\/\/www.biopapa.lt\/wp-content\/uploads\/2022\/04\/facebook_biopapa.jpg","contentUrl":"https:\/\/www.biopapa.lt\/wp-content\/uploads\/2022\/04\/facebook_biopapa.jpg","width":1733,"height":907,"caption":"Biopapa"},"image":{"@id":"https:\/\/www.biopapa.de\/en\/#\/schema\/logo\/image\/"},"sameAs":["https:\/\/www.facebook.com\/biopapa.lt"]}]}},"_links":{"self":[{"href":"https:\/\/www.biopapa.de\/en\/wp-json\/wp\/v2\/pages\/40328","targetHints":{"allow":["GET"]}}],"collection":[{"href":"https:\/\/www.biopapa.de\/en\/wp-json\/wp\/v2\/pages"}],"about":[{"href":"https:\/\/www.biopapa.de\/en\/wp-json\/wp\/v2\/types\/page"}],"author":[{"embeddable":true,"href":"https:\/\/www.biopapa.de\/en\/wp-json\/wp\/v2\/users\/1852"}],"replies":[{"embeddable":true,"href":"https:\/\/www.biopapa.de\/en\/wp-json\/wp\/v2\/comments?post=40328"}],"version-history":[{"count":0,"href":"https:\/\/www.biopapa.de\/en\/wp-json\/wp\/v2\/pages\/40328\/revisions"}],"wp:attachment":[{"href":"https:\/\/www.biopapa.de\/en\/wp-json\/wp\/v2\/media?parent=40328"}],"curies":[{"name":"wp","href":"https:\/\/api.w.org\/{rel}","templated":true}]}}