{"id":31574,"date":"2023-08-14T12:15:14","date_gmt":"2023-08-14T09:15:14","guid":{"rendered":"https:\/\/www.biopapa.lt\/produktas\/organic-liquorice-root-powder\/"},"modified":"2025-12-12T14:08:02","modified_gmt":"2025-12-12T12:08:02","slug":"organic-liquorice-root-powder","status":"publish","type":"product","link":"https:\/\/www.biopapa.de\/en\/producte\/organic-liquorice-root-powder\/","title":{"rendered":"Organic Liquorice Root Powder"},"content":{"rendered":"<p>Licorice, with its distinctive sweet and savoury flavour, has been around for centuries. Organic Liquorice Root Powder is derived from the roots of the <em>Glycyrrhiza glabra<\/em> plant.<br \/>\nThey can offer not only a unique culinary experience but also potential health benefits.<\/p>\n<p><em>In Ayurveda and Traditional Chinese Medicine (TCM), liquorice has been used<\/em><br \/>\n&#8211; soothe stomach upsets, including indigestion and heartburn, and promote the formation of protective mucus in the stomach lining,<br \/>\n&#8211; reduce inflammation;<br \/>\n&#8211; treating upper respiratory problems,<br \/>\n&#8211; improving eye health,<br \/>\n&#8211; neutralise toxins in the body; TCM can be used even in cases of food poisoning,<br \/>\n&#8211; as a powerful antioxidant,<br \/>\n&#8211; to increase energy efficiency,<br \/>\n&#8211; improving skin and hair quality.<\/p>\n<p><em>Modern research also claims<\/em><br \/>\nThe active compounds in liquorice, including glycyrrhizin, have anti-inflammatory properties that may help in inflammatory diseases.<br \/>\nSeveral studies have described the antiviral and antibacterial effects of liquorice root. The phytochemicals in liquorice root slow down the growth of the virus and inhibit bacterial growth. The antibacterial property of liquorice is of great importance, especially in developing countries where liquorice is used to fight infections.<br \/>\nLicorice is useful for allergies and allergic rhinitis.<br \/>\nLicorice compounds may have an estrogenic effect, which may be useful in managing hormonal imbalances and supporting women&#8217;s health &#8211; phytoestrogens can act as estrogens and may help women during menopause or premenstrual syndrome.<\/p>\n<p><em>Although liquorice has potential benefits, it is important to be aware of the possible side effects<\/em><br \/>\nProlonged or excessive use of liquorice can reduce potassium levels.<br \/>\nLicorice can interact with certain medicines, including medicines for blood pressure, heart disease and diabetes.<br \/>\nAs with any measure, moderation is the key.<\/p>\n<p><em>Use of<\/em><br \/>\nThe distinctive flavour of liquorice makes it a versatile ingredient in a wide range of culinary products<br \/>\nLicorice can be used to flavour drinks, sweets and baked goods.<br \/>\nLicorice root is a popular ingredient in herbal teas, with soothing properties and a natural sweetness.<\/p>\n<p>Do not use more than 3 g per day.<\/p>\n<p>Let food be your medicine!<\/p>\n<p>Sources:<br \/>\nhttps:\/\/www.webmd.com<br \/>\nhttps:\/\/www.healthline.com<\/p>\n<p><em>NOTE. The information contained herein should not be construed as a recommendation for treatment or other health issues. We encourage you to make personal decisions about your personal health, taking into account a wide range of sources of information.   <\/em><\/p>\n","protected":false},"excerpt":{"rendered":"<p>Licorice, with its distinctive sweet and savoury flavour, has been around for centuries. Organic Liquorice Root Powder is derived from<\/p>\n","protected":false},"featured_media":31172,"template":"","meta":{"_acf_changed":false},"product_brand":[],"product_cat":[1848,2353],"product_tag":[2038,2088],"class_list":{"0":"post-31574","1":"product","2":"type-product","3":"status-publish","4":"has-post-thumbnail","6":"product_cat-plant-based-superfood","7":"product_cat-powder","8":"product_tag-no-added-sugar","9":"product_tag-vegan","10":"pa_svoris-1-kg-en","11":"pa_svoris-100-g-en-2","12":"pa_svoris-200-g-en","13":"pa_svoris-300-g-en","14":"pa_svoris-400-g-en","15":"pa_svoris-50-g-en","16":"pa_svoris-500-g-en-2","18":"first","19":"outofstock","20":"shipping-taxable","21":"purchasable","22":"product-type-variable"},"acf":[],"yoast_head":"<!-- This site is optimized with the Yoast SEO plugin v27.5 - https:\/\/yoast.com\/product\/yoast-seo-wordpress\/ -->\n<title>Organic Liquorice Root Powder - Biopapa<\/title>\n<meta name=\"description\" content=\"Organic Liquorice Root Powder is derived from the roots of the Glycyrrhiza glabra plant and can offer not only a unique culinary experience but also potential health benefits.\" \/>\n<meta name=\"robots\" content=\"index, follow, max-snippet:-1, max-image-preview:large, max-video-preview:-1\" \/>\n<link rel=\"canonical\" href=\"https:\/\/www.biopapa.de\/en\/producte\/organic-liquorice-root-powder\/\" \/>\n<meta property=\"og:locale\" content=\"en_US\" \/>\n<meta property=\"og:type\" content=\"article\" \/>\n<meta property=\"og:title\" content=\"Organic Liquorice Root Powder - Biopapa\" \/>\n<meta property=\"og:description\" content=\"Organic Liquorice Root Powder is derived from the roots of the Glycyrrhiza glabra plant and can offer not only a unique culinary experience but also potential health benefits.\" \/>\n<meta property=\"og:url\" content=\"https:\/\/www.biopapa.de\/en\/producte\/organic-liquorice-root-powder\/\" \/>\n<meta property=\"og:site_name\" content=\"Biopapa\" \/>\n<meta property=\"article:publisher\" content=\"https:\/\/www.facebook.com\/biopapa.lt\" \/>\n<meta property=\"article:modified_time\" content=\"2025-12-12T12:08:02+00:00\" \/>\n<meta property=\"og:image\" content=\"https:\/\/www.biopapa.de\/wp-content\/uploads\/2023\/08\/Saldymedis.png\" \/>\n\t<meta property=\"og:image:width\" content=\"800\" \/>\n\t<meta property=\"og:image:height\" content=\"640\" \/>\n\t<meta property=\"og:image:type\" content=\"image\/png\" \/>\n<meta name=\"twitter:card\" content=\"summary_large_image\" \/>\n<meta name=\"twitter:label1\" content=\"Est. reading time\" \/>\n\t<meta name=\"twitter:data1\" content=\"2 minutes\" \/>\n<script type=\"application\/ld+json\" class=\"yoast-schema-graph\">{\"@context\":\"https:\\\/\\\/schema.org\",\"@graph\":[{\"@type\":\"WebPage\",\"@id\":\"https:\\\/\\\/www.biopapa.de\\\/en\\\/producte\\\/organic-liquorice-root-powder\\\/\",\"url\":\"https:\\\/\\\/www.biopapa.de\\\/en\\\/producte\\\/organic-liquorice-root-powder\\\/\",\"name\":\"Organic Liquorice Root Powder - Biopapa\",\"isPartOf\":{\"@id\":\"https:\\\/\\\/www.biopapa.de\\\/en\\\/#website\"},\"primaryImageOfPage\":{\"@id\":\"https:\\\/\\\/www.biopapa.de\\\/en\\\/producte\\\/organic-liquorice-root-powder\\\/#primaryimage\"},\"image\":{\"@id\":\"https:\\\/\\\/www.biopapa.de\\\/en\\\/producte\\\/organic-liquorice-root-powder\\\/#primaryimage\"},\"thumbnailUrl\":\"https:\\\/\\\/www.biopapa.de\\\/wp-content\\\/uploads\\\/2023\\\/08\\\/Saldymedis.png\",\"datePublished\":\"2023-08-14T09:15:14+00:00\",\"dateModified\":\"2025-12-12T12:08:02+00:00\",\"description\":\"Organic Liquorice Root Powder is derived from the roots of the Glycyrrhiza glabra plant and can offer not only a unique culinary experience but also potential health benefits.\",\"breadcrumb\":{\"@id\":\"https:\\\/\\\/www.biopapa.de\\\/en\\\/producte\\\/organic-liquorice-root-powder\\\/#breadcrumb\"},\"inLanguage\":\"en-US\",\"potentialAction\":[{\"@type\":\"ReadAction\",\"target\":[\"https:\\\/\\\/www.biopapa.de\\\/en\\\/producte\\\/organic-liquorice-root-powder\\\/\"]}]},{\"@type\":\"ImageObject\",\"inLanguage\":\"en-US\",\"@id\":\"https:\\\/\\\/www.biopapa.de\\\/en\\\/producte\\\/organic-liquorice-root-powder\\\/#primaryimage\",\"url\":\"https:\\\/\\\/www.biopapa.de\\\/wp-content\\\/uploads\\\/2023\\\/08\\\/Saldymedis.png\",\"contentUrl\":\"https:\\\/\\\/www.biopapa.de\\\/wp-content\\\/uploads\\\/2023\\\/08\\\/Saldymedis.png\",\"width\":800,\"height\":640},{\"@type\":\"BreadcrumbList\",\"@id\":\"https:\\\/\\\/www.biopapa.de\\\/en\\\/producte\\\/organic-liquorice-root-powder\\\/#breadcrumb\",\"itemListElement\":[{\"@type\":\"ListItem\",\"position\":1,\"name\":\"Home\",\"item\":\"https:\\\/\\\/www.biopapa.de\\\/en\\\/\"},{\"@type\":\"ListItem\",\"position\":2,\"name\":\"Shop\",\"item\":\"https:\\\/\\\/www.biopapa.de\\\/en\\\/shop\\\/\"},{\"@type\":\"ListItem\",\"position\":3,\"name\":\"Organic Liquorice Root Powder\"}]},{\"@type\":\"WebSite\",\"@id\":\"https:\\\/\\\/www.biopapa.de\\\/en\\\/#website\",\"url\":\"https:\\\/\\\/www.biopapa.de\\\/en\\\/\",\"name\":\"Biopapa\",\"description\":\"\u0160var\u016bs ekologi\u0161ki produktai\",\"publisher\":{\"@id\":\"https:\\\/\\\/www.biopapa.de\\\/en\\\/#organization\"},\"potentialAction\":[{\"@type\":\"SearchAction\",\"target\":{\"@type\":\"EntryPoint\",\"urlTemplate\":\"https:\\\/\\\/www.biopapa.de\\\/en\\\/?s={search_term_string}\"},\"query-input\":{\"@type\":\"PropertyValueSpecification\",\"valueRequired\":true,\"valueName\":\"search_term_string\"}}],\"inLanguage\":\"en-US\"},{\"@type\":\"Organization\",\"@id\":\"https:\\\/\\\/www.biopapa.de\\\/en\\\/#organization\",\"name\":\"Biopapa\",\"url\":\"https:\\\/\\\/www.biopapa.de\\\/en\\\/\",\"logo\":{\"@type\":\"ImageObject\",\"inLanguage\":\"en-US\",\"@id\":\"https:\\\/\\\/www.biopapa.de\\\/en\\\/#\\\/schema\\\/logo\\\/image\\\/\",\"url\":\"https:\\\/\\\/www.biopapa.lt\\\/wp-content\\\/uploads\\\/2022\\\/04\\\/facebook_biopapa.jpg\",\"contentUrl\":\"https:\\\/\\\/www.biopapa.lt\\\/wp-content\\\/uploads\\\/2022\\\/04\\\/facebook_biopapa.jpg\",\"width\":1733,\"height\":907,\"caption\":\"Biopapa\"},\"image\":{\"@id\":\"https:\\\/\\\/www.biopapa.de\\\/en\\\/#\\\/schema\\\/logo\\\/image\\\/\"},\"sameAs\":[\"https:\\\/\\\/www.facebook.com\\\/biopapa.lt\"]}]}<\/script>\n<!-- \/ Yoast SEO plugin. -->","yoast_head_json":{"title":"Organic Liquorice Root Powder - Biopapa","description":"Organic Liquorice Root Powder is derived from the roots of the Glycyrrhiza glabra plant and can offer not only a unique culinary experience but also potential health benefits.","robots":{"index":"index","follow":"follow","max-snippet":"max-snippet:-1","max-image-preview":"max-image-preview:large","max-video-preview":"max-video-preview:-1"},"canonical":"https:\/\/www.biopapa.de\/en\/producte\/organic-liquorice-root-powder\/","og_locale":"en_US","og_type":"article","og_title":"Organic Liquorice Root Powder - Biopapa","og_description":"Organic Liquorice Root Powder is derived from the roots of the Glycyrrhiza glabra plant and can offer not only a unique culinary experience but also potential health benefits.","og_url":"https:\/\/www.biopapa.de\/en\/producte\/organic-liquorice-root-powder\/","og_site_name":"Biopapa","article_publisher":"https:\/\/www.facebook.com\/biopapa.lt","article_modified_time":"2025-12-12T12:08:02+00:00","og_image":[{"width":800,"height":640,"url":"https:\/\/www.biopapa.de\/wp-content\/uploads\/2023\/08\/Saldymedis.png","type":"image\/png"}],"twitter_card":"summary_large_image","twitter_misc":{"Est. reading time":"2 minutes"},"schema":{"@context":"https:\/\/schema.org","@graph":[{"@type":"WebPage","@id":"https:\/\/www.biopapa.de\/en\/producte\/organic-liquorice-root-powder\/","url":"https:\/\/www.biopapa.de\/en\/producte\/organic-liquorice-root-powder\/","name":"Organic Liquorice Root Powder - Biopapa","isPartOf":{"@id":"https:\/\/www.biopapa.de\/en\/#website"},"primaryImageOfPage":{"@id":"https:\/\/www.biopapa.de\/en\/producte\/organic-liquorice-root-powder\/#primaryimage"},"image":{"@id":"https:\/\/www.biopapa.de\/en\/producte\/organic-liquorice-root-powder\/#primaryimage"},"thumbnailUrl":"https:\/\/www.biopapa.de\/wp-content\/uploads\/2023\/08\/Saldymedis.png","datePublished":"2023-08-14T09:15:14+00:00","dateModified":"2025-12-12T12:08:02+00:00","description":"Organic Liquorice Root Powder is derived from the roots of the Glycyrrhiza glabra plant and can offer not only a unique culinary experience but also potential health benefits.","breadcrumb":{"@id":"https:\/\/www.biopapa.de\/en\/producte\/organic-liquorice-root-powder\/#breadcrumb"},"inLanguage":"en-US","potentialAction":[{"@type":"ReadAction","target":["https:\/\/www.biopapa.de\/en\/producte\/organic-liquorice-root-powder\/"]}]},{"@type":"ImageObject","inLanguage":"en-US","@id":"https:\/\/www.biopapa.de\/en\/producte\/organic-liquorice-root-powder\/#primaryimage","url":"https:\/\/www.biopapa.de\/wp-content\/uploads\/2023\/08\/Saldymedis.png","contentUrl":"https:\/\/www.biopapa.de\/wp-content\/uploads\/2023\/08\/Saldymedis.png","width":800,"height":640},{"@type":"BreadcrumbList","@id":"https:\/\/www.biopapa.de\/en\/producte\/organic-liquorice-root-powder\/#breadcrumb","itemListElement":[{"@type":"ListItem","position":1,"name":"Home","item":"https:\/\/www.biopapa.de\/en\/"},{"@type":"ListItem","position":2,"name":"Shop","item":"https:\/\/www.biopapa.de\/en\/shop\/"},{"@type":"ListItem","position":3,"name":"Organic Liquorice Root Powder"}]},{"@type":"WebSite","@id":"https:\/\/www.biopapa.de\/en\/#website","url":"https:\/\/www.biopapa.de\/en\/","name":"Biopapa","description":"\u0160var\u016bs ekologi\u0161ki produktai","publisher":{"@id":"https:\/\/www.biopapa.de\/en\/#organization"},"potentialAction":[{"@type":"SearchAction","target":{"@type":"EntryPoint","urlTemplate":"https:\/\/www.biopapa.de\/en\/?s={search_term_string}"},"query-input":{"@type":"PropertyValueSpecification","valueRequired":true,"valueName":"search_term_string"}}],"inLanguage":"en-US"},{"@type":"Organization","@id":"https:\/\/www.biopapa.de\/en\/#organization","name":"Biopapa","url":"https:\/\/www.biopapa.de\/en\/","logo":{"@type":"ImageObject","inLanguage":"en-US","@id":"https:\/\/www.biopapa.de\/en\/#\/schema\/logo\/image\/","url":"https:\/\/www.biopapa.lt\/wp-content\/uploads\/2022\/04\/facebook_biopapa.jpg","contentUrl":"https:\/\/www.biopapa.lt\/wp-content\/uploads\/2022\/04\/facebook_biopapa.jpg","width":1733,"height":907,"caption":"Biopapa"},"image":{"@id":"https:\/\/www.biopapa.de\/en\/#\/schema\/logo\/image\/"},"sameAs":["https:\/\/www.facebook.com\/biopapa.lt"]}]}},"_links":{"self":[{"href":"https:\/\/www.biopapa.de\/en\/wp-json\/wp\/v2\/product\/31574","targetHints":{"allow":["GET"]}}],"collection":[{"href":"https:\/\/www.biopapa.de\/en\/wp-json\/wp\/v2\/product"}],"about":[{"href":"https:\/\/www.biopapa.de\/en\/wp-json\/wp\/v2\/types\/product"}],"wp:featuredmedia":[{"embeddable":true,"href":"https:\/\/www.biopapa.de\/en\/wp-json\/wp\/v2\/media\/31172"}],"wp:attachment":[{"href":"https:\/\/www.biopapa.de\/en\/wp-json\/wp\/v2\/media?parent=31574"}],"wp:term":[{"taxonomy":"product_brand","embeddable":true,"href":"https:\/\/www.biopapa.de\/en\/wp-json\/wp\/v2\/product_brand?post=31574"},{"taxonomy":"product_cat","embeddable":true,"href":"https:\/\/www.biopapa.de\/en\/wp-json\/wp\/v2\/product_cat?post=31574"},{"taxonomy":"product_tag","embeddable":true,"href":"https:\/\/www.biopapa.de\/en\/wp-json\/wp\/v2\/product_tag?post=31574"}],"curies":[{"name":"wp","href":"https:\/\/api.w.org\/{rel}","templated":true}]}}