{"id":31582,"date":"2023-08-14T12:07:38","date_gmt":"2023-08-14T09:07:38","guid":{"rendered":"https:\/\/www.biopapa.lt\/produktas\/organic-triphala-triphala-powder\/"},"modified":"2025-07-24T12:12:59","modified_gmt":"2025-07-24T09:12:59","slug":"organic-triphala-powder","status":"publish","type":"product","link":"https:\/\/www.biopapa.de\/en\/producte\/organic-triphala-powder\/","title":{"rendered":"Organic Triphala powder"},"content":{"rendered":"<p><strong>Trifala<\/strong>, a herbal formulation originating from traditional Ayurvedic medicine, offers a unique blend of three powerful fruits: Amalaki fruit (Emblica officinalis), Bibhitaki fruit (Terminalia belerica), Haritaki fruit (Terminalia chebula). This trio forms a powerful formula widely known for its health benefits.<\/p>\n<p>The story of organic Triphala (Triphala)<br \/>\nIn Ayurveda, Triphala is used for its digestive benefits &#8211; to promote healthy digestion and detoxify the body.<br \/>\nA healthy digestive system is essential for good health. An unbalanced and inefficient digestive system leads to a wide range of health problems by directly weakening immunity.<br \/>\nScience claims that Trifala is a powerful three-herb formula with many effective therapeutic uses.<\/p>\n<p>Attention<br \/>\nAlthough Triphala is generally well tolerated, sensitive individuals may experience mild gastrointestinal discomfort. Triphala should be started at a lower dose and gradually increased, which may reduce these effects.<br \/>\nDue to its laxative properties, excessive use of triphala can cause diarrhoea.<br \/>\nNot recommended for pregnant and breastfeeding women.<\/p>\n<p>Optimal dosage<br \/>\nIt is recommended to start with 3 g (0.5 tsp) per day. Maximum dose 10 g per day.<\/p>\n<p>Consumption<br \/>\n&#8211; 1-3 times a day after meals, 0,5 tsp. sp. Stir the powder in 0.5 &#8211; 1 glass of hot or warm water, drink warm.<br \/>\n&#8211; 1 time a day after dinner, 0.5 &#8211; 1 tsp. sp. Stir triphala powder in 0.5-1 glass of hot or warm water, drink warm.<\/p>\n<p>On an empty stomach, more sensitive people may feel abdominal discomfort. The best way to take triphala is after a meal.<br \/>\nAfter 3 months. taking a break.<\/p>\n<p>For oral hygiene<br \/>\nToothpaste &#8211; mix a little Trifala powder with water and use as toothpaste;<br \/>\nMouthwash &#8211; 0,5 tsp. Mix Trifala with 0.5 glass of water and use as a mouthwash.<\/p>\n<p><em>NOTE. The information contained herein should not be construed as a recommendation for treatment or other health issues. We encourage you to make personal decisions about your personal health, taking into account a wide range of sources of information.   <\/em><\/p>\n","protected":false},"excerpt":{"rendered":"<p>Trifala, a herbal formulation originating from traditional Ayurvedic medicine, offers a unique blend of three powerful fruits: Amalaki fruit (Emblica<\/p>\n","protected":false},"featured_media":46645,"template":"","meta":{"_acf_changed":false},"product_brand":[],"product_cat":[1848,2353],"product_tag":[2074,2088],"class_list":{"0":"post-31582","1":"product","2":"type-product","3":"status-publish","4":"has-post-thumbnail","6":"product_cat-plant-based-superfood","7":"product_cat-powder","8":"product_tag-raw-en","9":"product_tag-vegan","10":"pa_svoris-1-kg-en","11":"pa_svoris-100-g-en-2","12":"pa_svoris-200-g-en","13":"pa_svoris-25-kg-en","14":"pa_svoris-300-g-en","15":"pa_svoris-400-g-en","16":"pa_svoris-50-g-en","17":"pa_svoris-500-g-en-2","19":"first","20":"instock","21":"shipping-taxable","22":"purchasable","23":"product-type-variable"},"acf":[],"yoast_head":"<!-- This site is optimized with the Yoast SEO plugin v27.5 - https:\/\/yoast.com\/product\/yoast-seo-wordpress\/ -->\n<title>Organic Triphala powder - Biopapa<\/title>\n<meta name=\"description\" content=\"Benefits of Organic Triphala Powder Ayurveda, Triphala is used for its digestive benefits - to promote healthy digestion, relieve constipation and maintain regular bowel movements, and detoxify the body.\" \/>\n<meta name=\"robots\" content=\"index, follow, max-snippet:-1, max-image-preview:large, max-video-preview:-1\" \/>\n<link rel=\"canonical\" href=\"https:\/\/www.biopapa.de\/en\/producte\/organic-triphala-powder\/\" \/>\n<meta property=\"og:locale\" content=\"en_US\" \/>\n<meta property=\"og:type\" content=\"article\" \/>\n<meta property=\"og:title\" content=\"Organic Triphala powder - Biopapa\" \/>\n<meta property=\"og:description\" content=\"Benefits of Organic Triphala Powder Ayurveda, Triphala is used for its digestive benefits - to promote healthy digestion, relieve constipation and maintain regular bowel movements, and detoxify the body.\" \/>\n<meta property=\"og:url\" content=\"https:\/\/www.biopapa.de\/en\/producte\/organic-triphala-powder\/\" \/>\n<meta property=\"og:site_name\" content=\"Biopapa\" \/>\n<meta property=\"article:publisher\" content=\"https:\/\/www.facebook.com\/biopapa.lt\" \/>\n<meta property=\"article:modified_time\" content=\"2025-07-24T09:12:59+00:00\" \/>\n<meta property=\"og:image\" content=\"https:\/\/www.biopapa.de\/wp-content\/uploads\/2023\/08\/Ekologiski-trifala-Triphala-milteliai-1.jpg.webp\" \/>\n\t<meta property=\"og:image:width\" content=\"800\" \/>\n\t<meta property=\"og:image:height\" content=\"640\" \/>\n\t<meta property=\"og:image:type\" content=\"image\/webp\" \/>\n<meta name=\"twitter:card\" content=\"summary_large_image\" \/>\n<meta name=\"twitter:label1\" content=\"Est. reading time\" \/>\n\t<meta name=\"twitter:data1\" content=\"2 minutes\" \/>\n<script type=\"application\/ld+json\" class=\"yoast-schema-graph\">{\"@context\":\"https:\\\/\\\/schema.org\",\"@graph\":[{\"@type\":\"WebPage\",\"@id\":\"https:\\\/\\\/www.biopapa.de\\\/en\\\/producte\\\/organic-triphala-powder\\\/\",\"url\":\"https:\\\/\\\/www.biopapa.de\\\/en\\\/producte\\\/organic-triphala-powder\\\/\",\"name\":\"Organic Triphala powder - Biopapa\",\"isPartOf\":{\"@id\":\"https:\\\/\\\/www.biopapa.de\\\/en\\\/#website\"},\"primaryImageOfPage\":{\"@id\":\"https:\\\/\\\/www.biopapa.de\\\/en\\\/producte\\\/organic-triphala-powder\\\/#primaryimage\"},\"image\":{\"@id\":\"https:\\\/\\\/www.biopapa.de\\\/en\\\/producte\\\/organic-triphala-powder\\\/#primaryimage\"},\"thumbnailUrl\":\"https:\\\/\\\/www.biopapa.de\\\/wp-content\\\/uploads\\\/2023\\\/08\\\/Ekologiski-trifala-Triphala-milteliai-1.jpg.webp\",\"datePublished\":\"2023-08-14T09:07:38+00:00\",\"dateModified\":\"2025-07-24T09:12:59+00:00\",\"description\":\"Benefits of Organic Triphala Powder Ayurveda, Triphala is used for its digestive benefits - to promote healthy digestion, relieve constipation and maintain regular bowel movements, and detoxify the body.\",\"breadcrumb\":{\"@id\":\"https:\\\/\\\/www.biopapa.de\\\/en\\\/producte\\\/organic-triphala-powder\\\/#breadcrumb\"},\"inLanguage\":\"en-US\",\"potentialAction\":[{\"@type\":\"ReadAction\",\"target\":[\"https:\\\/\\\/www.biopapa.de\\\/en\\\/producte\\\/organic-triphala-powder\\\/\"]}]},{\"@type\":\"ImageObject\",\"inLanguage\":\"en-US\",\"@id\":\"https:\\\/\\\/www.biopapa.de\\\/en\\\/producte\\\/organic-triphala-powder\\\/#primaryimage\",\"url\":\"https:\\\/\\\/www.biopapa.de\\\/wp-content\\\/uploads\\\/2023\\\/08\\\/Ekologiski-trifala-Triphala-milteliai-1.jpg.webp\",\"contentUrl\":\"https:\\\/\\\/www.biopapa.de\\\/wp-content\\\/uploads\\\/2023\\\/08\\\/Ekologiski-trifala-Triphala-milteliai-1.jpg.webp\",\"width\":800,\"height\":640},{\"@type\":\"BreadcrumbList\",\"@id\":\"https:\\\/\\\/www.biopapa.de\\\/en\\\/producte\\\/organic-triphala-powder\\\/#breadcrumb\",\"itemListElement\":[{\"@type\":\"ListItem\",\"position\":1,\"name\":\"Home\",\"item\":\"https:\\\/\\\/www.biopapa.de\\\/en\\\/\"},{\"@type\":\"ListItem\",\"position\":2,\"name\":\"Shop\",\"item\":\"https:\\\/\\\/www.biopapa.de\\\/en\\\/shop\\\/\"},{\"@type\":\"ListItem\",\"position\":3,\"name\":\"Organic Triphala powder\"}]},{\"@type\":\"WebSite\",\"@id\":\"https:\\\/\\\/www.biopapa.de\\\/en\\\/#website\",\"url\":\"https:\\\/\\\/www.biopapa.de\\\/en\\\/\",\"name\":\"Biopapa\",\"description\":\"\u0160var\u016bs ekologi\u0161ki produktai\",\"publisher\":{\"@id\":\"https:\\\/\\\/www.biopapa.de\\\/en\\\/#organization\"},\"potentialAction\":[{\"@type\":\"SearchAction\",\"target\":{\"@type\":\"EntryPoint\",\"urlTemplate\":\"https:\\\/\\\/www.biopapa.de\\\/en\\\/?s={search_term_string}\"},\"query-input\":{\"@type\":\"PropertyValueSpecification\",\"valueRequired\":true,\"valueName\":\"search_term_string\"}}],\"inLanguage\":\"en-US\"},{\"@type\":\"Organization\",\"@id\":\"https:\\\/\\\/www.biopapa.de\\\/en\\\/#organization\",\"name\":\"Biopapa\",\"url\":\"https:\\\/\\\/www.biopapa.de\\\/en\\\/\",\"logo\":{\"@type\":\"ImageObject\",\"inLanguage\":\"en-US\",\"@id\":\"https:\\\/\\\/www.biopapa.de\\\/en\\\/#\\\/schema\\\/logo\\\/image\\\/\",\"url\":\"https:\\\/\\\/www.biopapa.lt\\\/wp-content\\\/uploads\\\/2022\\\/04\\\/facebook_biopapa.jpg\",\"contentUrl\":\"https:\\\/\\\/www.biopapa.lt\\\/wp-content\\\/uploads\\\/2022\\\/04\\\/facebook_biopapa.jpg\",\"width\":1733,\"height\":907,\"caption\":\"Biopapa\"},\"image\":{\"@id\":\"https:\\\/\\\/www.biopapa.de\\\/en\\\/#\\\/schema\\\/logo\\\/image\\\/\"},\"sameAs\":[\"https:\\\/\\\/www.facebook.com\\\/biopapa.lt\"]}]}<\/script>\n<!-- \/ Yoast SEO plugin. -->","yoast_head_json":{"title":"Organic Triphala powder - Biopapa","description":"Benefits of Organic Triphala Powder Ayurveda, Triphala is used for its digestive benefits - to promote healthy digestion, relieve constipation and maintain regular bowel movements, and detoxify the body.","robots":{"index":"index","follow":"follow","max-snippet":"max-snippet:-1","max-image-preview":"max-image-preview:large","max-video-preview":"max-video-preview:-1"},"canonical":"https:\/\/www.biopapa.de\/en\/producte\/organic-triphala-powder\/","og_locale":"en_US","og_type":"article","og_title":"Organic Triphala powder - Biopapa","og_description":"Benefits of Organic Triphala Powder Ayurveda, Triphala is used for its digestive benefits - to promote healthy digestion, relieve constipation and maintain regular bowel movements, and detoxify the body.","og_url":"https:\/\/www.biopapa.de\/en\/producte\/organic-triphala-powder\/","og_site_name":"Biopapa","article_publisher":"https:\/\/www.facebook.com\/biopapa.lt","article_modified_time":"2025-07-24T09:12:59+00:00","og_image":[{"width":800,"height":640,"url":"https:\/\/www.biopapa.de\/wp-content\/uploads\/2023\/08\/Ekologiski-trifala-Triphala-milteliai-1.jpg.webp","type":"image\/webp"}],"twitter_card":"summary_large_image","twitter_misc":{"Est. reading time":"2 minutes"},"schema":{"@context":"https:\/\/schema.org","@graph":[{"@type":"WebPage","@id":"https:\/\/www.biopapa.de\/en\/producte\/organic-triphala-powder\/","url":"https:\/\/www.biopapa.de\/en\/producte\/organic-triphala-powder\/","name":"Organic Triphala powder - Biopapa","isPartOf":{"@id":"https:\/\/www.biopapa.de\/en\/#website"},"primaryImageOfPage":{"@id":"https:\/\/www.biopapa.de\/en\/producte\/organic-triphala-powder\/#primaryimage"},"image":{"@id":"https:\/\/www.biopapa.de\/en\/producte\/organic-triphala-powder\/#primaryimage"},"thumbnailUrl":"https:\/\/www.biopapa.de\/wp-content\/uploads\/2023\/08\/Ekologiski-trifala-Triphala-milteliai-1.jpg.webp","datePublished":"2023-08-14T09:07:38+00:00","dateModified":"2025-07-24T09:12:59+00:00","description":"Benefits of Organic Triphala Powder Ayurveda, Triphala is used for its digestive benefits - to promote healthy digestion, relieve constipation and maintain regular bowel movements, and detoxify the body.","breadcrumb":{"@id":"https:\/\/www.biopapa.de\/en\/producte\/organic-triphala-powder\/#breadcrumb"},"inLanguage":"en-US","potentialAction":[{"@type":"ReadAction","target":["https:\/\/www.biopapa.de\/en\/producte\/organic-triphala-powder\/"]}]},{"@type":"ImageObject","inLanguage":"en-US","@id":"https:\/\/www.biopapa.de\/en\/producte\/organic-triphala-powder\/#primaryimage","url":"https:\/\/www.biopapa.de\/wp-content\/uploads\/2023\/08\/Ekologiski-trifala-Triphala-milteliai-1.jpg.webp","contentUrl":"https:\/\/www.biopapa.de\/wp-content\/uploads\/2023\/08\/Ekologiski-trifala-Triphala-milteliai-1.jpg.webp","width":800,"height":640},{"@type":"BreadcrumbList","@id":"https:\/\/www.biopapa.de\/en\/producte\/organic-triphala-powder\/#breadcrumb","itemListElement":[{"@type":"ListItem","position":1,"name":"Home","item":"https:\/\/www.biopapa.de\/en\/"},{"@type":"ListItem","position":2,"name":"Shop","item":"https:\/\/www.biopapa.de\/en\/shop\/"},{"@type":"ListItem","position":3,"name":"Organic Triphala powder"}]},{"@type":"WebSite","@id":"https:\/\/www.biopapa.de\/en\/#website","url":"https:\/\/www.biopapa.de\/en\/","name":"Biopapa","description":"\u0160var\u016bs ekologi\u0161ki produktai","publisher":{"@id":"https:\/\/www.biopapa.de\/en\/#organization"},"potentialAction":[{"@type":"SearchAction","target":{"@type":"EntryPoint","urlTemplate":"https:\/\/www.biopapa.de\/en\/?s={search_term_string}"},"query-input":{"@type":"PropertyValueSpecification","valueRequired":true,"valueName":"search_term_string"}}],"inLanguage":"en-US"},{"@type":"Organization","@id":"https:\/\/www.biopapa.de\/en\/#organization","name":"Biopapa","url":"https:\/\/www.biopapa.de\/en\/","logo":{"@type":"ImageObject","inLanguage":"en-US","@id":"https:\/\/www.biopapa.de\/en\/#\/schema\/logo\/image\/","url":"https:\/\/www.biopapa.lt\/wp-content\/uploads\/2022\/04\/facebook_biopapa.jpg","contentUrl":"https:\/\/www.biopapa.lt\/wp-content\/uploads\/2022\/04\/facebook_biopapa.jpg","width":1733,"height":907,"caption":"Biopapa"},"image":{"@id":"https:\/\/www.biopapa.de\/en\/#\/schema\/logo\/image\/"},"sameAs":["https:\/\/www.facebook.com\/biopapa.lt"]}]}},"_links":{"self":[{"href":"https:\/\/www.biopapa.de\/en\/wp-json\/wp\/v2\/product\/31582","targetHints":{"allow":["GET"]}}],"collection":[{"href":"https:\/\/www.biopapa.de\/en\/wp-json\/wp\/v2\/product"}],"about":[{"href":"https:\/\/www.biopapa.de\/en\/wp-json\/wp\/v2\/types\/product"}],"wp:featuredmedia":[{"embeddable":true,"href":"https:\/\/www.biopapa.de\/en\/wp-json\/wp\/v2\/media\/46645"}],"wp:attachment":[{"href":"https:\/\/www.biopapa.de\/en\/wp-json\/wp\/v2\/media?parent=31582"}],"wp:term":[{"taxonomy":"product_brand","embeddable":true,"href":"https:\/\/www.biopapa.de\/en\/wp-json\/wp\/v2\/product_brand?post=31582"},{"taxonomy":"product_cat","embeddable":true,"href":"https:\/\/www.biopapa.de\/en\/wp-json\/wp\/v2\/product_cat?post=31582"},{"taxonomy":"product_tag","embeddable":true,"href":"https:\/\/www.biopapa.de\/en\/wp-json\/wp\/v2\/product_tag?post=31582"}],"curies":[{"name":"wp","href":"https:\/\/api.w.org\/{rel}","templated":true}]}}