{"id":31613,"date":"2023-03-27T13:33:11","date_gmt":"2023-03-27T10:33:11","guid":{"rendered":"https:\/\/www.biopapa.lt\/produktas\/organic-broccoli-powder\/"},"modified":"2025-12-12T14:27:20","modified_gmt":"2025-12-12T12:27:20","slug":"organic-broccoli-powder","status":"publish","type":"product","link":"https:\/\/www.biopapa.de\/en\/producte\/organic-broccoli-powder\/","title":{"rendered":"Organic broccoli powder"},"content":{"rendered":"<p>Enrich your diet with <strong>organic broccoli powder<\/strong>. Broccoli powder has a mild flavour and is ideal for flavouring salads, green <strong>smoothies<\/strong>, porridges, side dishes, soups and stews. If you prefer, you can mix the broccoli powder with yoghurt. They are also perfect as an ingredient in vegetable juices. It is ideal for unsweetened baked goods, crackers, pancakes, salad dressings, spreads, etc. Suitable as a <strong>natural colouring agent<\/strong> &#8211; gives a soft green colour. The powder will enrich your food with <strong>biologically valuable substances. <\/strong> <\/p>\n<p>Taking broccoli powder can help <strong>replenish the minerals<\/strong> you have lost through exercise.<\/p>\n<p>&nbsp;<\/p>\n","protected":false},"excerpt":{"rendered":"<p>Enrich your diet with organic broccoli powder. Broccoli powder has a mild flavour and is ideal for flavouring salads, green<\/p>\n","protected":false},"featured_media":30359,"template":"","meta":{"_acf_changed":false},"product_brand":[],"product_cat":[1848,2353],"product_tag":[2088],"class_list":{"0":"post-31613","1":"product","2":"type-product","3":"status-publish","4":"has-post-thumbnail","6":"product_cat-plant-based-superfood","7":"product_cat-powder","8":"product_tag-vegan","9":"pa_svoris-1-kg-en","10":"pa_svoris-100-g-en-2","11":"pa_svoris-20-kg-en-2","12":"pa_svoris-200-g-en","13":"pa_svoris-300-g-en","14":"pa_svoris-400-g-en","15":"pa_svoris-50-g-en","16":"pa_svoris-500-g-en-2","18":"first","19":"instock","20":"shipping-taxable","21":"purchasable","22":"product-type-variable"},"acf":[],"yoast_head":"<!-- This site is optimized with the Yoast SEO plugin v27.5 - https:\/\/yoast.com\/product\/yoast-seo-wordpress\/ -->\n<title>Organic broccoli powder - Biopapa<\/title>\n<meta name=\"description\" content=\"Enrich your diet with organic broccoli powder. Broccoli powder has a mild flavour and is perfect for salads, green smoothies and soups.\" \/>\n<meta name=\"robots\" content=\"index, follow, max-snippet:-1, max-image-preview:large, max-video-preview:-1\" \/>\n<link rel=\"canonical\" href=\"https:\/\/www.biopapa.de\/en\/producte\/organic-broccoli-powder\/\" \/>\n<meta property=\"og:locale\" content=\"en_US\" \/>\n<meta property=\"og:type\" content=\"article\" \/>\n<meta property=\"og:title\" content=\"Organic broccoli powder - Biopapa\" \/>\n<meta property=\"og:description\" content=\"Enrich your diet with organic broccoli powder. Broccoli powder has a mild flavour and is perfect for salads, green smoothies and soups.\" \/>\n<meta property=\"og:url\" content=\"https:\/\/www.biopapa.de\/en\/producte\/organic-broccoli-powder\/\" \/>\n<meta property=\"og:site_name\" content=\"Biopapa\" \/>\n<meta property=\"article:publisher\" content=\"https:\/\/www.facebook.com\/biopapa.lt\" \/>\n<meta property=\"article:modified_time\" content=\"2025-12-12T12:27:20+00:00\" \/>\n<meta property=\"og:image\" content=\"https:\/\/www.biopapa.de\/wp-content\/uploads\/2023\/03\/Ekologiski-brokoliu-milteliai-.png\" \/>\n\t<meta property=\"og:image:width\" content=\"800\" \/>\n\t<meta property=\"og:image:height\" content=\"640\" \/>\n\t<meta property=\"og:image:type\" content=\"image\/png\" \/>\n<meta name=\"twitter:card\" content=\"summary_large_image\" \/>\n<script type=\"application\/ld+json\" class=\"yoast-schema-graph\">{\"@context\":\"https:\\\/\\\/schema.org\",\"@graph\":[{\"@type\":\"WebPage\",\"@id\":\"https:\\\/\\\/www.biopapa.de\\\/en\\\/producte\\\/organic-broccoli-powder\\\/\",\"url\":\"https:\\\/\\\/www.biopapa.de\\\/en\\\/producte\\\/organic-broccoli-powder\\\/\",\"name\":\"Organic broccoli powder - Biopapa\",\"isPartOf\":{\"@id\":\"https:\\\/\\\/www.biopapa.de\\\/en\\\/#website\"},\"primaryImageOfPage\":{\"@id\":\"https:\\\/\\\/www.biopapa.de\\\/en\\\/producte\\\/organic-broccoli-powder\\\/#primaryimage\"},\"image\":{\"@id\":\"https:\\\/\\\/www.biopapa.de\\\/en\\\/producte\\\/organic-broccoli-powder\\\/#primaryimage\"},\"thumbnailUrl\":\"https:\\\/\\\/www.biopapa.de\\\/wp-content\\\/uploads\\\/2023\\\/03\\\/Ekologiski-brokoliu-milteliai-.png\",\"datePublished\":\"2023-03-27T10:33:11+00:00\",\"dateModified\":\"2025-12-12T12:27:20+00:00\",\"description\":\"Enrich your diet with organic broccoli powder. Broccoli powder has a mild flavour and is perfect for salads, green smoothies and soups.\",\"breadcrumb\":{\"@id\":\"https:\\\/\\\/www.biopapa.de\\\/en\\\/producte\\\/organic-broccoli-powder\\\/#breadcrumb\"},\"inLanguage\":\"en-US\",\"potentialAction\":[{\"@type\":\"ReadAction\",\"target\":[\"https:\\\/\\\/www.biopapa.de\\\/en\\\/producte\\\/organic-broccoli-powder\\\/\"]}]},{\"@type\":\"ImageObject\",\"inLanguage\":\"en-US\",\"@id\":\"https:\\\/\\\/www.biopapa.de\\\/en\\\/producte\\\/organic-broccoli-powder\\\/#primaryimage\",\"url\":\"https:\\\/\\\/www.biopapa.de\\\/wp-content\\\/uploads\\\/2023\\\/03\\\/Ekologiski-brokoliu-milteliai-.png\",\"contentUrl\":\"https:\\\/\\\/www.biopapa.de\\\/wp-content\\\/uploads\\\/2023\\\/03\\\/Ekologiski-brokoliu-milteliai-.png\",\"width\":800,\"height\":640},{\"@type\":\"BreadcrumbList\",\"@id\":\"https:\\\/\\\/www.biopapa.de\\\/en\\\/producte\\\/organic-broccoli-powder\\\/#breadcrumb\",\"itemListElement\":[{\"@type\":\"ListItem\",\"position\":1,\"name\":\"Home\",\"item\":\"https:\\\/\\\/www.biopapa.de\\\/en\\\/\"},{\"@type\":\"ListItem\",\"position\":2,\"name\":\"Shop\",\"item\":\"https:\\\/\\\/www.biopapa.de\\\/en\\\/shop\\\/\"},{\"@type\":\"ListItem\",\"position\":3,\"name\":\"Organic broccoli powder\"}]},{\"@type\":\"WebSite\",\"@id\":\"https:\\\/\\\/www.biopapa.de\\\/en\\\/#website\",\"url\":\"https:\\\/\\\/www.biopapa.de\\\/en\\\/\",\"name\":\"Biopapa\",\"description\":\"\u0160var\u016bs ekologi\u0161ki produktai\",\"publisher\":{\"@id\":\"https:\\\/\\\/www.biopapa.de\\\/en\\\/#organization\"},\"potentialAction\":[{\"@type\":\"SearchAction\",\"target\":{\"@type\":\"EntryPoint\",\"urlTemplate\":\"https:\\\/\\\/www.biopapa.de\\\/en\\\/?s={search_term_string}\"},\"query-input\":{\"@type\":\"PropertyValueSpecification\",\"valueRequired\":true,\"valueName\":\"search_term_string\"}}],\"inLanguage\":\"en-US\"},{\"@type\":\"Organization\",\"@id\":\"https:\\\/\\\/www.biopapa.de\\\/en\\\/#organization\",\"name\":\"Biopapa\",\"url\":\"https:\\\/\\\/www.biopapa.de\\\/en\\\/\",\"logo\":{\"@type\":\"ImageObject\",\"inLanguage\":\"en-US\",\"@id\":\"https:\\\/\\\/www.biopapa.de\\\/en\\\/#\\\/schema\\\/logo\\\/image\\\/\",\"url\":\"https:\\\/\\\/www.biopapa.lt\\\/wp-content\\\/uploads\\\/2022\\\/04\\\/facebook_biopapa.jpg\",\"contentUrl\":\"https:\\\/\\\/www.biopapa.lt\\\/wp-content\\\/uploads\\\/2022\\\/04\\\/facebook_biopapa.jpg\",\"width\":1733,\"height\":907,\"caption\":\"Biopapa\"},\"image\":{\"@id\":\"https:\\\/\\\/www.biopapa.de\\\/en\\\/#\\\/schema\\\/logo\\\/image\\\/\"},\"sameAs\":[\"https:\\\/\\\/www.facebook.com\\\/biopapa.lt\"]}]}<\/script>\n<!-- \/ Yoast SEO plugin. -->","yoast_head_json":{"title":"Organic broccoli powder - Biopapa","description":"Enrich your diet with organic broccoli powder. Broccoli powder has a mild flavour and is perfect for salads, green smoothies and soups.","robots":{"index":"index","follow":"follow","max-snippet":"max-snippet:-1","max-image-preview":"max-image-preview:large","max-video-preview":"max-video-preview:-1"},"canonical":"https:\/\/www.biopapa.de\/en\/producte\/organic-broccoli-powder\/","og_locale":"en_US","og_type":"article","og_title":"Organic broccoli powder - Biopapa","og_description":"Enrich your diet with organic broccoli powder. Broccoli powder has a mild flavour and is perfect for salads, green smoothies and soups.","og_url":"https:\/\/www.biopapa.de\/en\/producte\/organic-broccoli-powder\/","og_site_name":"Biopapa","article_publisher":"https:\/\/www.facebook.com\/biopapa.lt","article_modified_time":"2025-12-12T12:27:20+00:00","og_image":[{"width":800,"height":640,"url":"https:\/\/www.biopapa.de\/wp-content\/uploads\/2023\/03\/Ekologiski-brokoliu-milteliai-.png","type":"image\/png"}],"twitter_card":"summary_large_image","schema":{"@context":"https:\/\/schema.org","@graph":[{"@type":"WebPage","@id":"https:\/\/www.biopapa.de\/en\/producte\/organic-broccoli-powder\/","url":"https:\/\/www.biopapa.de\/en\/producte\/organic-broccoli-powder\/","name":"Organic broccoli powder - Biopapa","isPartOf":{"@id":"https:\/\/www.biopapa.de\/en\/#website"},"primaryImageOfPage":{"@id":"https:\/\/www.biopapa.de\/en\/producte\/organic-broccoli-powder\/#primaryimage"},"image":{"@id":"https:\/\/www.biopapa.de\/en\/producte\/organic-broccoli-powder\/#primaryimage"},"thumbnailUrl":"https:\/\/www.biopapa.de\/wp-content\/uploads\/2023\/03\/Ekologiski-brokoliu-milteliai-.png","datePublished":"2023-03-27T10:33:11+00:00","dateModified":"2025-12-12T12:27:20+00:00","description":"Enrich your diet with organic broccoli powder. Broccoli powder has a mild flavour and is perfect for salads, green smoothies and soups.","breadcrumb":{"@id":"https:\/\/www.biopapa.de\/en\/producte\/organic-broccoli-powder\/#breadcrumb"},"inLanguage":"en-US","potentialAction":[{"@type":"ReadAction","target":["https:\/\/www.biopapa.de\/en\/producte\/organic-broccoli-powder\/"]}]},{"@type":"ImageObject","inLanguage":"en-US","@id":"https:\/\/www.biopapa.de\/en\/producte\/organic-broccoli-powder\/#primaryimage","url":"https:\/\/www.biopapa.de\/wp-content\/uploads\/2023\/03\/Ekologiski-brokoliu-milteliai-.png","contentUrl":"https:\/\/www.biopapa.de\/wp-content\/uploads\/2023\/03\/Ekologiski-brokoliu-milteliai-.png","width":800,"height":640},{"@type":"BreadcrumbList","@id":"https:\/\/www.biopapa.de\/en\/producte\/organic-broccoli-powder\/#breadcrumb","itemListElement":[{"@type":"ListItem","position":1,"name":"Home","item":"https:\/\/www.biopapa.de\/en\/"},{"@type":"ListItem","position":2,"name":"Shop","item":"https:\/\/www.biopapa.de\/en\/shop\/"},{"@type":"ListItem","position":3,"name":"Organic broccoli powder"}]},{"@type":"WebSite","@id":"https:\/\/www.biopapa.de\/en\/#website","url":"https:\/\/www.biopapa.de\/en\/","name":"Biopapa","description":"\u0160var\u016bs ekologi\u0161ki produktai","publisher":{"@id":"https:\/\/www.biopapa.de\/en\/#organization"},"potentialAction":[{"@type":"SearchAction","target":{"@type":"EntryPoint","urlTemplate":"https:\/\/www.biopapa.de\/en\/?s={search_term_string}"},"query-input":{"@type":"PropertyValueSpecification","valueRequired":true,"valueName":"search_term_string"}}],"inLanguage":"en-US"},{"@type":"Organization","@id":"https:\/\/www.biopapa.de\/en\/#organization","name":"Biopapa","url":"https:\/\/www.biopapa.de\/en\/","logo":{"@type":"ImageObject","inLanguage":"en-US","@id":"https:\/\/www.biopapa.de\/en\/#\/schema\/logo\/image\/","url":"https:\/\/www.biopapa.lt\/wp-content\/uploads\/2022\/04\/facebook_biopapa.jpg","contentUrl":"https:\/\/www.biopapa.lt\/wp-content\/uploads\/2022\/04\/facebook_biopapa.jpg","width":1733,"height":907,"caption":"Biopapa"},"image":{"@id":"https:\/\/www.biopapa.de\/en\/#\/schema\/logo\/image\/"},"sameAs":["https:\/\/www.facebook.com\/biopapa.lt"]}]}},"_links":{"self":[{"href":"https:\/\/www.biopapa.de\/en\/wp-json\/wp\/v2\/product\/31613","targetHints":{"allow":["GET"]}}],"collection":[{"href":"https:\/\/www.biopapa.de\/en\/wp-json\/wp\/v2\/product"}],"about":[{"href":"https:\/\/www.biopapa.de\/en\/wp-json\/wp\/v2\/types\/product"}],"wp:featuredmedia":[{"embeddable":true,"href":"https:\/\/www.biopapa.de\/en\/wp-json\/wp\/v2\/media\/30359"}],"wp:attachment":[{"href":"https:\/\/www.biopapa.de\/en\/wp-json\/wp\/v2\/media?parent=31613"}],"wp:term":[{"taxonomy":"product_brand","embeddable":true,"href":"https:\/\/www.biopapa.de\/en\/wp-json\/wp\/v2\/product_brand?post=31613"},{"taxonomy":"product_cat","embeddable":true,"href":"https:\/\/www.biopapa.de\/en\/wp-json\/wp\/v2\/product_cat?post=31613"},{"taxonomy":"product_tag","embeddable":true,"href":"https:\/\/www.biopapa.de\/en\/wp-json\/wp\/v2\/product_tag?post=31613"}],"curies":[{"name":"wp","href":"https:\/\/api.w.org\/{rel}","templated":true}]}}