{"id":31629,"date":"2022-12-22T13:19:58","date_gmt":"2022-12-22T11:19:58","guid":{"rendered":"https:\/\/www.biopapa.lt\/produktas\/organic-indian-amla-fruit-powder\/"},"modified":"2025-11-25T12:49:33","modified_gmt":"2025-11-25T10:49:33","slug":"organic-indian-gooseberry-fruit-powder","status":"publish","type":"product","link":"https:\/\/www.biopapa.de\/en\/producte\/organic-indian-gooseberry-fruit-powder\/","title":{"rendered":"Organic Indian gooseberry fruit powder"},"content":{"rendered":"<p><strong>Organic Indian gooseberry fruit Powder Amla<\/strong><\/p>\n<p>Thousands of years before Nobel Prize-winning scientist Linus Pauling provided evidence of vitamin C&#8217;s healing powers, Ayurvedic healers used Amla (often called the Indian gooseberry) as a remedy. Amla is one of the most antioxidant-rich fruits found in nature. Amla&#8217;s many benefits and uses have been investigated, including boosting immunity; protecting against oxygen-damaging free radical damage to cells; and can slow the ageing process.<\/p>\n<p>Amla (Phyllanthus emblica) belongs to the Euphorbiaceae family and ripens in autumn in the moist forests and hills of the Indian subcontinent. The tree that bears this beautiful fruit is considered sacred in India, where Amla is often eaten with salt and chilli powder, or used to make pickled snacks or candied sweets. Although Amla is sour, when eaten raw it leaves a sweet aftertaste. Paradoxically, this sour fruit reduces stomach acidity and is often used in Ayurvedic medicine to treat stomach problems, ulcers, heartburn and acid reflux.<\/p>\n<p>Amla can help fight some systemic health conditions and mitigate cell damage. Herbalist Vidhi Bhatia wrote that the use of Amla &#8220;comes from the 5000-year-old traditional Indian system of medicine, Ayurveda, a discipline focused on promoting good health, supporting the immune system, rejuvenating and revitalising the body and the body.<\/p>\n<p>One hundred grams of raw Amla contains 478 mg of vitamin C. By comparison, a lemon contains 77 mg of vitamin C per 100 grams.<br \/>\nAs a food rich in vitamin C, Amla supports the adrenal glands, which are used for cellular energy and to maintain skin and blood vessel health. Amla has been used to relieve constipation and other abdominal health problems. It may also be useful in maintaining liver and heart health.<br \/>\nAmla can also be an excellent anti-inflammatory, useful for joint pain and swelling. Unlike anti-inflammatory drugs, which tend to cause side effects, foods like Amla allow the body to work naturally through the inflammatory healing and defence process. Amla is also traditionally used to reduce fever, strengthen the heart, control blood sugar levels, treat urinary tract infections and improve eyesight. It has even been used for stress relief and relaxation, especially because of its now well-known benefits for the adrenal glands, which depend on vitamin C for their health and function.<br \/>\nAmla can improve fertility, strengthen the lungs and nourish the immune system.<br \/>\nThe fruit is also considered to be an exfoliant and astringent. Regular use is said to result in younger-looking and firmer skin. It is often used to make hair shinier and healthier.<\/p>\n<p>Amla&#8217;s healing properties were originally due to its high vitamin C content. Research is now revealing that it is actually a combination of all the active ingredients that provide the cure, prevention and promotion of health.<\/p>\n<p>The recommended daily intake is \u00bc to \u00bd teaspoon with warm water once or twice a day.<\/p>\n<p><strong>Note<\/strong><br \/>\nAmla is an adaptogenic herb that is generally considered safe to take. In addition, there are some cases where it is best to be cautious.<br \/>\nThere is some evidence to suggest that iron deficient individuals should be cautious, as amla can form chelates with iron and thus reduce the amount of beneficial iron in the blood.<br \/>\nPregnant, lactating or taking medication, we recommend consulting a doctor or Ayurvedic practitioner before using amla.Keep out of the reach of young children!<\/p>\n<p>Sources:<br \/>\nNational Library of Medicine<br \/>\nEasyAyurveda<br \/>\nBanyanBotanicals<br \/>\nResearchgate<\/p>\n<p><em>NOTE. The information contained herein should not be construed as a recommendation for treatment or other health issues. We encourage you to make personal decisions about your personal health, taking into account a wide range of sources of information.   <\/em><\/p>\n","protected":false},"excerpt":{"rendered":"<p>Organic Indian gooseberry fruit Powder Amla Thousands of years before Nobel Prize-winning scientist Linus Pauling provided evidence of vitamin C&#8217;s<\/p>\n","protected":false},"featured_media":29741,"template":"","meta":{"_acf_changed":false},"product_brand":[],"product_cat":[1848,2353],"product_tag":[2092,2088],"class_list":{"0":"post-31629","1":"product","2":"type-product","3":"status-publish","4":"has-post-thumbnail","6":"product_cat-plant-based-superfood","7":"product_cat-powder","8":"product_tag-raw-diet","9":"product_tag-vegan","10":"pa_svoris-1-kg-en","11":"pa_svoris-100-g-en-2","12":"pa_svoris-200-g-en","13":"pa_svoris-25-kg-en","14":"pa_svoris-300-g-en","15":"pa_svoris-400-g-en","16":"pa_svoris-50-g-en","17":"pa_svoris-500-g-en-2","19":"first","20":"instock","21":"shipping-taxable","22":"purchasable","23":"product-type-variable"},"acf":[],"yoast_head":"<!-- This site is optimized with the Yoast SEO plugin v27.5 - https:\/\/yoast.com\/product\/yoast-seo-wordpress\/ -->\n<title>Organic Indian gooseberry fruit powder - Biopapa<\/title>\n<meta name=\"description\" content=\"Organic Indian gooseberry fruit powder (Amla) is one of the most antioxidant-rich fruits found in nature. Many benefits and uses of Amla have been investigated, including boosting immunity.\" \/>\n<meta name=\"robots\" content=\"index, follow, max-snippet:-1, max-image-preview:large, max-video-preview:-1\" \/>\n<link rel=\"canonical\" href=\"https:\/\/www.biopapa.de\/en\/producte\/organic-indian-gooseberry-fruit-powder\/\" \/>\n<meta property=\"og:locale\" content=\"en_US\" \/>\n<meta property=\"og:type\" content=\"article\" \/>\n<meta property=\"og:title\" content=\"Organic Indian gooseberry fruit powder - Biopapa\" \/>\n<meta property=\"og:description\" content=\"Organic Indian gooseberry fruit powder (Amla) is one of the most antioxidant-rich fruits found in nature. Many benefits and uses of Amla have been investigated, including boosting immunity.\" \/>\n<meta property=\"og:url\" content=\"https:\/\/www.biopapa.de\/en\/producte\/organic-indian-gooseberry-fruit-powder\/\" \/>\n<meta property=\"og:site_name\" content=\"Biopapa\" \/>\n<meta property=\"article:publisher\" content=\"https:\/\/www.facebook.com\/biopapa.lt\" \/>\n<meta property=\"article:modified_time\" content=\"2025-11-25T10:49:33+00:00\" \/>\n<meta property=\"og:image\" content=\"https:\/\/www.biopapa.de\/wp-content\/uploads\/2022\/12\/Amla.jpg\" \/>\n\t<meta property=\"og:image:width\" content=\"800\" \/>\n\t<meta property=\"og:image:height\" content=\"640\" \/>\n\t<meta property=\"og:image:type\" content=\"image\/jpeg\" \/>\n<meta name=\"twitter:card\" content=\"summary_large_image\" \/>\n<meta name=\"twitter:label1\" content=\"Est. reading time\" \/>\n\t<meta name=\"twitter:data1\" content=\"3 minutes\" \/>\n<script type=\"application\/ld+json\" class=\"yoast-schema-graph\">{\"@context\":\"https:\\\/\\\/schema.org\",\"@graph\":[{\"@type\":\"WebPage\",\"@id\":\"https:\\\/\\\/www.biopapa.de\\\/en\\\/producte\\\/organic-indian-gooseberry-fruit-powder\\\/\",\"url\":\"https:\\\/\\\/www.biopapa.de\\\/en\\\/producte\\\/organic-indian-gooseberry-fruit-powder\\\/\",\"name\":\"Organic Indian gooseberry fruit powder - Biopapa\",\"isPartOf\":{\"@id\":\"https:\\\/\\\/www.biopapa.de\\\/en\\\/#website\"},\"primaryImageOfPage\":{\"@id\":\"https:\\\/\\\/www.biopapa.de\\\/en\\\/producte\\\/organic-indian-gooseberry-fruit-powder\\\/#primaryimage\"},\"image\":{\"@id\":\"https:\\\/\\\/www.biopapa.de\\\/en\\\/producte\\\/organic-indian-gooseberry-fruit-powder\\\/#primaryimage\"},\"thumbnailUrl\":\"https:\\\/\\\/www.biopapa.de\\\/wp-content\\\/uploads\\\/2022\\\/12\\\/Amla.jpg\",\"datePublished\":\"2022-12-22T11:19:58+00:00\",\"dateModified\":\"2025-11-25T10:49:33+00:00\",\"description\":\"Organic Indian gooseberry fruit powder (Amla) is one of the most antioxidant-rich fruits found in nature. Many benefits and uses of Amla have been investigated, including boosting immunity.\",\"breadcrumb\":{\"@id\":\"https:\\\/\\\/www.biopapa.de\\\/en\\\/producte\\\/organic-indian-gooseberry-fruit-powder\\\/#breadcrumb\"},\"inLanguage\":\"en-US\",\"potentialAction\":[{\"@type\":\"ReadAction\",\"target\":[\"https:\\\/\\\/www.biopapa.de\\\/en\\\/producte\\\/organic-indian-gooseberry-fruit-powder\\\/\"]}]},{\"@type\":\"ImageObject\",\"inLanguage\":\"en-US\",\"@id\":\"https:\\\/\\\/www.biopapa.de\\\/en\\\/producte\\\/organic-indian-gooseberry-fruit-powder\\\/#primaryimage\",\"url\":\"https:\\\/\\\/www.biopapa.de\\\/wp-content\\\/uploads\\\/2022\\\/12\\\/Amla.jpg\",\"contentUrl\":\"https:\\\/\\\/www.biopapa.de\\\/wp-content\\\/uploads\\\/2022\\\/12\\\/Amla.jpg\",\"width\":800,\"height\":640,\"caption\":\"Organic Indian gooseberry fruit Powder Amla\"},{\"@type\":\"BreadcrumbList\",\"@id\":\"https:\\\/\\\/www.biopapa.de\\\/en\\\/producte\\\/organic-indian-gooseberry-fruit-powder\\\/#breadcrumb\",\"itemListElement\":[{\"@type\":\"ListItem\",\"position\":1,\"name\":\"Home\",\"item\":\"https:\\\/\\\/www.biopapa.de\\\/en\\\/\"},{\"@type\":\"ListItem\",\"position\":2,\"name\":\"Shop\",\"item\":\"https:\\\/\\\/www.biopapa.de\\\/en\\\/shop\\\/\"},{\"@type\":\"ListItem\",\"position\":3,\"name\":\"Organic Indian gooseberry fruit powder\"}]},{\"@type\":\"WebSite\",\"@id\":\"https:\\\/\\\/www.biopapa.de\\\/en\\\/#website\",\"url\":\"https:\\\/\\\/www.biopapa.de\\\/en\\\/\",\"name\":\"Biopapa\",\"description\":\"\u0160var\u016bs ekologi\u0161ki produktai\",\"publisher\":{\"@id\":\"https:\\\/\\\/www.biopapa.de\\\/en\\\/#organization\"},\"potentialAction\":[{\"@type\":\"SearchAction\",\"target\":{\"@type\":\"EntryPoint\",\"urlTemplate\":\"https:\\\/\\\/www.biopapa.de\\\/en\\\/?s={search_term_string}\"},\"query-input\":{\"@type\":\"PropertyValueSpecification\",\"valueRequired\":true,\"valueName\":\"search_term_string\"}}],\"inLanguage\":\"en-US\"},{\"@type\":\"Organization\",\"@id\":\"https:\\\/\\\/www.biopapa.de\\\/en\\\/#organization\",\"name\":\"Biopapa\",\"url\":\"https:\\\/\\\/www.biopapa.de\\\/en\\\/\",\"logo\":{\"@type\":\"ImageObject\",\"inLanguage\":\"en-US\",\"@id\":\"https:\\\/\\\/www.biopapa.de\\\/en\\\/#\\\/schema\\\/logo\\\/image\\\/\",\"url\":\"https:\\\/\\\/www.biopapa.lt\\\/wp-content\\\/uploads\\\/2022\\\/04\\\/facebook_biopapa.jpg\",\"contentUrl\":\"https:\\\/\\\/www.biopapa.lt\\\/wp-content\\\/uploads\\\/2022\\\/04\\\/facebook_biopapa.jpg\",\"width\":1733,\"height\":907,\"caption\":\"Biopapa\"},\"image\":{\"@id\":\"https:\\\/\\\/www.biopapa.de\\\/en\\\/#\\\/schema\\\/logo\\\/image\\\/\"},\"sameAs\":[\"https:\\\/\\\/www.facebook.com\\\/biopapa.lt\"]}]}<\/script>\n<!-- \/ Yoast SEO plugin. -->","yoast_head_json":{"title":"Organic Indian gooseberry fruit powder - Biopapa","description":"Organic Indian gooseberry fruit powder (Amla) is one of the most antioxidant-rich fruits found in nature. Many benefits and uses of Amla have been investigated, including boosting immunity.","robots":{"index":"index","follow":"follow","max-snippet":"max-snippet:-1","max-image-preview":"max-image-preview:large","max-video-preview":"max-video-preview:-1"},"canonical":"https:\/\/www.biopapa.de\/en\/producte\/organic-indian-gooseberry-fruit-powder\/","og_locale":"en_US","og_type":"article","og_title":"Organic Indian gooseberry fruit powder - Biopapa","og_description":"Organic Indian gooseberry fruit powder (Amla) is one of the most antioxidant-rich fruits found in nature. Many benefits and uses of Amla have been investigated, including boosting immunity.","og_url":"https:\/\/www.biopapa.de\/en\/producte\/organic-indian-gooseberry-fruit-powder\/","og_site_name":"Biopapa","article_publisher":"https:\/\/www.facebook.com\/biopapa.lt","article_modified_time":"2025-11-25T10:49:33+00:00","og_image":[{"width":800,"height":640,"url":"https:\/\/www.biopapa.de\/wp-content\/uploads\/2022\/12\/Amla.jpg","type":"image\/jpeg"}],"twitter_card":"summary_large_image","twitter_misc":{"Est. reading time":"3 minutes"},"schema":{"@context":"https:\/\/schema.org","@graph":[{"@type":"WebPage","@id":"https:\/\/www.biopapa.de\/en\/producte\/organic-indian-gooseberry-fruit-powder\/","url":"https:\/\/www.biopapa.de\/en\/producte\/organic-indian-gooseberry-fruit-powder\/","name":"Organic Indian gooseberry fruit powder - Biopapa","isPartOf":{"@id":"https:\/\/www.biopapa.de\/en\/#website"},"primaryImageOfPage":{"@id":"https:\/\/www.biopapa.de\/en\/producte\/organic-indian-gooseberry-fruit-powder\/#primaryimage"},"image":{"@id":"https:\/\/www.biopapa.de\/en\/producte\/organic-indian-gooseberry-fruit-powder\/#primaryimage"},"thumbnailUrl":"https:\/\/www.biopapa.de\/wp-content\/uploads\/2022\/12\/Amla.jpg","datePublished":"2022-12-22T11:19:58+00:00","dateModified":"2025-11-25T10:49:33+00:00","description":"Organic Indian gooseberry fruit powder (Amla) is one of the most antioxidant-rich fruits found in nature. Many benefits and uses of Amla have been investigated, including boosting immunity.","breadcrumb":{"@id":"https:\/\/www.biopapa.de\/en\/producte\/organic-indian-gooseberry-fruit-powder\/#breadcrumb"},"inLanguage":"en-US","potentialAction":[{"@type":"ReadAction","target":["https:\/\/www.biopapa.de\/en\/producte\/organic-indian-gooseberry-fruit-powder\/"]}]},{"@type":"ImageObject","inLanguage":"en-US","@id":"https:\/\/www.biopapa.de\/en\/producte\/organic-indian-gooseberry-fruit-powder\/#primaryimage","url":"https:\/\/www.biopapa.de\/wp-content\/uploads\/2022\/12\/Amla.jpg","contentUrl":"https:\/\/www.biopapa.de\/wp-content\/uploads\/2022\/12\/Amla.jpg","width":800,"height":640,"caption":"Organic Indian gooseberry fruit Powder Amla"},{"@type":"BreadcrumbList","@id":"https:\/\/www.biopapa.de\/en\/producte\/organic-indian-gooseberry-fruit-powder\/#breadcrumb","itemListElement":[{"@type":"ListItem","position":1,"name":"Home","item":"https:\/\/www.biopapa.de\/en\/"},{"@type":"ListItem","position":2,"name":"Shop","item":"https:\/\/www.biopapa.de\/en\/shop\/"},{"@type":"ListItem","position":3,"name":"Organic Indian gooseberry fruit powder"}]},{"@type":"WebSite","@id":"https:\/\/www.biopapa.de\/en\/#website","url":"https:\/\/www.biopapa.de\/en\/","name":"Biopapa","description":"\u0160var\u016bs ekologi\u0161ki produktai","publisher":{"@id":"https:\/\/www.biopapa.de\/en\/#organization"},"potentialAction":[{"@type":"SearchAction","target":{"@type":"EntryPoint","urlTemplate":"https:\/\/www.biopapa.de\/en\/?s={search_term_string}"},"query-input":{"@type":"PropertyValueSpecification","valueRequired":true,"valueName":"search_term_string"}}],"inLanguage":"en-US"},{"@type":"Organization","@id":"https:\/\/www.biopapa.de\/en\/#organization","name":"Biopapa","url":"https:\/\/www.biopapa.de\/en\/","logo":{"@type":"ImageObject","inLanguage":"en-US","@id":"https:\/\/www.biopapa.de\/en\/#\/schema\/logo\/image\/","url":"https:\/\/www.biopapa.lt\/wp-content\/uploads\/2022\/04\/facebook_biopapa.jpg","contentUrl":"https:\/\/www.biopapa.lt\/wp-content\/uploads\/2022\/04\/facebook_biopapa.jpg","width":1733,"height":907,"caption":"Biopapa"},"image":{"@id":"https:\/\/www.biopapa.de\/en\/#\/schema\/logo\/image\/"},"sameAs":["https:\/\/www.facebook.com\/biopapa.lt"]}]}},"_links":{"self":[{"href":"https:\/\/www.biopapa.de\/en\/wp-json\/wp\/v2\/product\/31629","targetHints":{"allow":["GET"]}}],"collection":[{"href":"https:\/\/www.biopapa.de\/en\/wp-json\/wp\/v2\/product"}],"about":[{"href":"https:\/\/www.biopapa.de\/en\/wp-json\/wp\/v2\/types\/product"}],"wp:featuredmedia":[{"embeddable":true,"href":"https:\/\/www.biopapa.de\/en\/wp-json\/wp\/v2\/media\/29741"}],"wp:attachment":[{"href":"https:\/\/www.biopapa.de\/en\/wp-json\/wp\/v2\/media?parent=31629"}],"wp:term":[{"taxonomy":"product_brand","embeddable":true,"href":"https:\/\/www.biopapa.de\/en\/wp-json\/wp\/v2\/product_brand?post=31629"},{"taxonomy":"product_cat","embeddable":true,"href":"https:\/\/www.biopapa.de\/en\/wp-json\/wp\/v2\/product_cat?post=31629"},{"taxonomy":"product_tag","embeddable":true,"href":"https:\/\/www.biopapa.de\/en\/wp-json\/wp\/v2\/product_tag?post=31629"}],"curies":[{"name":"wp","href":"https:\/\/api.w.org\/{rel}","templated":true}]}}