{"id":31638,"date":"2022-11-30T17:19:02","date_gmt":"2022-11-30T15:19:02","guid":{"rendered":"https:\/\/www.biopapa.lt\/produktas\/organic-moringa-leaf-powder\/"},"modified":"2026-01-06T12:23:26","modified_gmt":"2026-01-06T10:23:26","slug":"organic-moringa-leaf-powder","status":"publish","type":"product","link":"https:\/\/www.biopapa.de\/en\/producte\/organic-moringa-leaf-powder\/","title":{"rendered":"Organic moringa leaf powder"},"content":{"rendered":"<p><strong>Organic moringa leaf powder<\/strong><br \/>\nMoringa (Moringa oleifera), also known as the &#8220;miracle tree&#8221;, whose roots, stems, leaves, seed pods, resin and flowers have long been considered medicinal. Moringa is native to the Himalayan mountain region, especially in India, and later spread to Southwest Asia, Southwest and Northeast Africa, Madagascar, the Philippines and the USA.<br \/>\nBoth moringa powder and dried moringa leaves come from the same source &#8211; the Moringa oleifera tree &#8211; but they differ in terms of preparation, texture and use.<\/p>\n<p>In Ayurveda, moringa has been used for centuries. It is classified as an all-in-one plant with many health benefits.<\/p>\n<p>Moringa powder is made by drying fresh moringa leaves at low temperatures to preserve the nutrients. The dried leaves are then ground into a fine powder, thus preserving the nutrients.<br \/>\nDried moringa leaves are obtained by air-drying fresh leaves until they become crisp and brittle. Like moringa powder, dried moringa leaves are rich in nutrients and contain essential vitamins and minerals. However, they may contain a slightly lower concentration of nutrients compared to the nutrient content of moringa powder.<br \/>\nKnown as a superfood due to its exceptional nutritional profile and health benefits, Moringa powder is a natural and versatile addition to a healthy diet.<br \/>\nThey are said to contain substances that support general health and strengthen the body&#8217;s defences. The nutrient content of moringa potentially provides natural energy support.<\/p>\n<p>ECHO (Educational Concerns for Hunger Organisation) says: &#8220;Malnutrition is the leading cause of high infant mortality in the tropics. Moringa has helped provide for these hungry children and is considered one of the most nutritious plants in the world. It is an important source of nutrients for nursing mothers and developing children.&#8221;<\/p>\n<p>Possible side effects of Moringa powder<br \/>\nAlthough moringa powder is generally safe to consume, excessive intake may cause minor side effects such as nausea, diarrhoea or stomach upset.<br \/>\nPregnant or breastfeeding women, as well as people taking medication or with specific medical conditions, should take care before including moringa powder in their diet.<\/p>\n<p>Use of<br \/>\nMoringa powder is very versatile and can be added to a wide range of dishes and drinks to increase their nutritional value.<\/p>\n<p>Here are some simple ways to use moringa powder in your diet:<br \/>\nSmoothies &#8211; add a teaspoon of moringa powder to your favourite fruit or vegetable smoothie;<br \/>\nSoups and stews &#8211; Add moringa powder to soups or stews just before serving to increase their nutritional value;<br \/>\nSalads &#8211; Sprinkle moringa powder on your salad, this will give it a mild, earthy flavour.<br \/>\nBaked goods &#8211; Add Moringa powder to muffins, pancakes or energy bars.<br \/>\nTea &#8211; Steep moringa powder in hot water for a soothing and healthy herbal tea.<br \/>\nFinally, use moringa powder as a matcha and make yourself a cup of decaffeinated beverage.<\/p>\n<p>The recommended daily intake is 3-6 g (1-2 teaspoons).<\/p>\n<p>Let food be your medicine!<\/p>\n<p>Sources:<br \/>\nhttps:\/\/www.webmd.com<br \/>\nhttps:\/\/www.mindbodygreen.com<\/p>\n<p>NOTE. The information contained herein should not be construed as a recommendation for treatment or other health issues.<br \/>\nWe encourage you to make personal decisions about your personal health, taking into account a wide range of sources of information.<\/p>\n","protected":false},"excerpt":{"rendered":"<p>Organic moringa leaf powder Moringa (Moringa oleifera), also known as the &#8220;miracle tree&#8221;, whose roots, stems, leaves, seed pods, resin<\/p>\n","protected":false},"featured_media":30145,"template":"","meta":{"_acf_changed":false},"product_brand":[],"product_cat":[1848,2353,1945],"product_tag":[2092,2088],"class_list":{"0":"post-31638","1":"product","2":"type-product","3":"status-publish","4":"has-post-thumbnail","6":"product_cat-plant-based-superfood","7":"product_cat-powder","8":"product_cat-tea","9":"product_tag-raw-diet","10":"product_tag-vegan","11":"pa_svoris-1-kg-en","12":"pa_svoris-100-g-en-2","13":"pa_svoris-200-g-en","14":"pa_svoris-25-kg-en","15":"pa_svoris-300-g-en","16":"pa_svoris-400-g-en","17":"pa_svoris-50-g-en","18":"pa_svoris-500-g-en-2","20":"first","21":"instock","22":"shipping-taxable","23":"purchasable","24":"product-type-variable"},"acf":[],"yoast_head":"<!-- This site is optimized with the Yoast SEO plugin v27.5 - https:\/\/yoast.com\/product\/yoast-seo-wordpress\/ -->\n<title>Organic moringa leaf powder - Biopapa<\/title>\n<meta name=\"description\" content=\"Organic moringa powder is obtained from the leaves of the Moringa oleifera tree. They are gaining popularity as a superfood due to their exceptional nutritional profile and health benefits. Rich in essential vitamins, minerals and antioxidants, Moringa powder is a natural and versatile addition to a healthy diet.\" \/>\n<meta name=\"robots\" content=\"index, follow, max-snippet:-1, max-image-preview:large, max-video-preview:-1\" \/>\n<link rel=\"canonical\" href=\"https:\/\/www.biopapa.de\/en\/producte\/organic-moringa-leaf-powder\/\" \/>\n<meta property=\"og:locale\" content=\"en_US\" \/>\n<meta property=\"og:type\" content=\"article\" \/>\n<meta property=\"og:title\" content=\"Organic moringa leaf powder - Biopapa\" \/>\n<meta property=\"og:description\" content=\"Organic moringa powder is obtained from the leaves of the Moringa oleifera tree. They are gaining popularity as a superfood due to their exceptional nutritional profile and health benefits. Rich in essential vitamins, minerals and antioxidants, Moringa powder is a natural and versatile addition to a healthy diet.\" \/>\n<meta property=\"og:url\" content=\"https:\/\/www.biopapa.de\/en\/producte\/organic-moringa-leaf-powder\/\" \/>\n<meta property=\"og:site_name\" content=\"Biopapa\" \/>\n<meta property=\"article:publisher\" content=\"https:\/\/www.facebook.com\/biopapa.lt\" \/>\n<meta property=\"article:modified_time\" content=\"2026-01-06T10:23:26+00:00\" \/>\n<meta property=\"og:image\" content=\"https:\/\/www.biopapa.de\/wp-content\/uploads\/2022\/11\/Ekologiski-moringos-milteliai.png\" \/>\n\t<meta property=\"og:image:width\" content=\"800\" \/>\n\t<meta property=\"og:image:height\" content=\"640\" \/>\n\t<meta property=\"og:image:type\" content=\"image\/png\" \/>\n<meta name=\"twitter:card\" content=\"summary_large_image\" \/>\n<meta name=\"twitter:label1\" content=\"Est. reading time\" \/>\n\t<meta name=\"twitter:data1\" content=\"3 minutes\" \/>\n<script type=\"application\/ld+json\" class=\"yoast-schema-graph\">{\"@context\":\"https:\\\/\\\/schema.org\",\"@graph\":[{\"@type\":\"WebPage\",\"@id\":\"https:\\\/\\\/www.biopapa.de\\\/en\\\/producte\\\/organic-moringa-leaf-powder\\\/\",\"url\":\"https:\\\/\\\/www.biopapa.de\\\/en\\\/producte\\\/organic-moringa-leaf-powder\\\/\",\"name\":\"Organic moringa leaf powder - Biopapa\",\"isPartOf\":{\"@id\":\"https:\\\/\\\/www.biopapa.de\\\/en\\\/#website\"},\"primaryImageOfPage\":{\"@id\":\"https:\\\/\\\/www.biopapa.de\\\/en\\\/producte\\\/organic-moringa-leaf-powder\\\/#primaryimage\"},\"image\":{\"@id\":\"https:\\\/\\\/www.biopapa.de\\\/en\\\/producte\\\/organic-moringa-leaf-powder\\\/#primaryimage\"},\"thumbnailUrl\":\"https:\\\/\\\/www.biopapa.de\\\/wp-content\\\/uploads\\\/2022\\\/11\\\/Ekologiski-moringos-milteliai.png\",\"datePublished\":\"2022-11-30T15:19:02+00:00\",\"dateModified\":\"2026-01-06T10:23:26+00:00\",\"description\":\"Organic moringa powder is obtained from the leaves of the Moringa oleifera tree. They are gaining popularity as a superfood due to their exceptional nutritional profile and health benefits. Rich in essential vitamins, minerals and antioxidants, Moringa powder is a natural and versatile addition to a healthy diet.\",\"breadcrumb\":{\"@id\":\"https:\\\/\\\/www.biopapa.de\\\/en\\\/producte\\\/organic-moringa-leaf-powder\\\/#breadcrumb\"},\"inLanguage\":\"en-US\",\"potentialAction\":[{\"@type\":\"ReadAction\",\"target\":[\"https:\\\/\\\/www.biopapa.de\\\/en\\\/producte\\\/organic-moringa-leaf-powder\\\/\"]}]},{\"@type\":\"ImageObject\",\"inLanguage\":\"en-US\",\"@id\":\"https:\\\/\\\/www.biopapa.de\\\/en\\\/producte\\\/organic-moringa-leaf-powder\\\/#primaryimage\",\"url\":\"https:\\\/\\\/www.biopapa.de\\\/wp-content\\\/uploads\\\/2022\\\/11\\\/Ekologiski-moringos-milteliai.png\",\"contentUrl\":\"https:\\\/\\\/www.biopapa.de\\\/wp-content\\\/uploads\\\/2022\\\/11\\\/Ekologiski-moringos-milteliai.png\",\"width\":800,\"height\":640,\"caption\":\"Organic moringa powder\"},{\"@type\":\"BreadcrumbList\",\"@id\":\"https:\\\/\\\/www.biopapa.de\\\/en\\\/producte\\\/organic-moringa-leaf-powder\\\/#breadcrumb\",\"itemListElement\":[{\"@type\":\"ListItem\",\"position\":1,\"name\":\"Home\",\"item\":\"https:\\\/\\\/www.biopapa.de\\\/en\\\/\"},{\"@type\":\"ListItem\",\"position\":2,\"name\":\"Shop\",\"item\":\"https:\\\/\\\/www.biopapa.de\\\/en\\\/shop\\\/\"},{\"@type\":\"ListItem\",\"position\":3,\"name\":\"Organic moringa leaf powder\"}]},{\"@type\":\"WebSite\",\"@id\":\"https:\\\/\\\/www.biopapa.de\\\/en\\\/#website\",\"url\":\"https:\\\/\\\/www.biopapa.de\\\/en\\\/\",\"name\":\"Biopapa\",\"description\":\"\u0160var\u016bs ekologi\u0161ki produktai\",\"publisher\":{\"@id\":\"https:\\\/\\\/www.biopapa.de\\\/en\\\/#organization\"},\"potentialAction\":[{\"@type\":\"SearchAction\",\"target\":{\"@type\":\"EntryPoint\",\"urlTemplate\":\"https:\\\/\\\/www.biopapa.de\\\/en\\\/?s={search_term_string}\"},\"query-input\":{\"@type\":\"PropertyValueSpecification\",\"valueRequired\":true,\"valueName\":\"search_term_string\"}}],\"inLanguage\":\"en-US\"},{\"@type\":\"Organization\",\"@id\":\"https:\\\/\\\/www.biopapa.de\\\/en\\\/#organization\",\"name\":\"Biopapa\",\"url\":\"https:\\\/\\\/www.biopapa.de\\\/en\\\/\",\"logo\":{\"@type\":\"ImageObject\",\"inLanguage\":\"en-US\",\"@id\":\"https:\\\/\\\/www.biopapa.de\\\/en\\\/#\\\/schema\\\/logo\\\/image\\\/\",\"url\":\"https:\\\/\\\/www.biopapa.lt\\\/wp-content\\\/uploads\\\/2022\\\/04\\\/facebook_biopapa.jpg\",\"contentUrl\":\"https:\\\/\\\/www.biopapa.lt\\\/wp-content\\\/uploads\\\/2022\\\/04\\\/facebook_biopapa.jpg\",\"width\":1733,\"height\":907,\"caption\":\"Biopapa\"},\"image\":{\"@id\":\"https:\\\/\\\/www.biopapa.de\\\/en\\\/#\\\/schema\\\/logo\\\/image\\\/\"},\"sameAs\":[\"https:\\\/\\\/www.facebook.com\\\/biopapa.lt\"]}]}<\/script>\n<!-- \/ Yoast SEO plugin. -->","yoast_head_json":{"title":"Organic moringa leaf powder - Biopapa","description":"Organic moringa powder is obtained from the leaves of the Moringa oleifera tree. They are gaining popularity as a superfood due to their exceptional nutritional profile and health benefits. Rich in essential vitamins, minerals and antioxidants, Moringa powder is a natural and versatile addition to a healthy diet.","robots":{"index":"index","follow":"follow","max-snippet":"max-snippet:-1","max-image-preview":"max-image-preview:large","max-video-preview":"max-video-preview:-1"},"canonical":"https:\/\/www.biopapa.de\/en\/producte\/organic-moringa-leaf-powder\/","og_locale":"en_US","og_type":"article","og_title":"Organic moringa leaf powder - Biopapa","og_description":"Organic moringa powder is obtained from the leaves of the Moringa oleifera tree. They are gaining popularity as a superfood due to their exceptional nutritional profile and health benefits. Rich in essential vitamins, minerals and antioxidants, Moringa powder is a natural and versatile addition to a healthy diet.","og_url":"https:\/\/www.biopapa.de\/en\/producte\/organic-moringa-leaf-powder\/","og_site_name":"Biopapa","article_publisher":"https:\/\/www.facebook.com\/biopapa.lt","article_modified_time":"2026-01-06T10:23:26+00:00","og_image":[{"width":800,"height":640,"url":"https:\/\/www.biopapa.de\/wp-content\/uploads\/2022\/11\/Ekologiski-moringos-milteliai.png","type":"image\/png"}],"twitter_card":"summary_large_image","twitter_misc":{"Est. reading time":"3 minutes"},"schema":{"@context":"https:\/\/schema.org","@graph":[{"@type":"WebPage","@id":"https:\/\/www.biopapa.de\/en\/producte\/organic-moringa-leaf-powder\/","url":"https:\/\/www.biopapa.de\/en\/producte\/organic-moringa-leaf-powder\/","name":"Organic moringa leaf powder - Biopapa","isPartOf":{"@id":"https:\/\/www.biopapa.de\/en\/#website"},"primaryImageOfPage":{"@id":"https:\/\/www.biopapa.de\/en\/producte\/organic-moringa-leaf-powder\/#primaryimage"},"image":{"@id":"https:\/\/www.biopapa.de\/en\/producte\/organic-moringa-leaf-powder\/#primaryimage"},"thumbnailUrl":"https:\/\/www.biopapa.de\/wp-content\/uploads\/2022\/11\/Ekologiski-moringos-milteliai.png","datePublished":"2022-11-30T15:19:02+00:00","dateModified":"2026-01-06T10:23:26+00:00","description":"Organic moringa powder is obtained from the leaves of the Moringa oleifera tree. They are gaining popularity as a superfood due to their exceptional nutritional profile and health benefits. Rich in essential vitamins, minerals and antioxidants, Moringa powder is a natural and versatile addition to a healthy diet.","breadcrumb":{"@id":"https:\/\/www.biopapa.de\/en\/producte\/organic-moringa-leaf-powder\/#breadcrumb"},"inLanguage":"en-US","potentialAction":[{"@type":"ReadAction","target":["https:\/\/www.biopapa.de\/en\/producte\/organic-moringa-leaf-powder\/"]}]},{"@type":"ImageObject","inLanguage":"en-US","@id":"https:\/\/www.biopapa.de\/en\/producte\/organic-moringa-leaf-powder\/#primaryimage","url":"https:\/\/www.biopapa.de\/wp-content\/uploads\/2022\/11\/Ekologiski-moringos-milteliai.png","contentUrl":"https:\/\/www.biopapa.de\/wp-content\/uploads\/2022\/11\/Ekologiski-moringos-milteliai.png","width":800,"height":640,"caption":"Organic moringa powder"},{"@type":"BreadcrumbList","@id":"https:\/\/www.biopapa.de\/en\/producte\/organic-moringa-leaf-powder\/#breadcrumb","itemListElement":[{"@type":"ListItem","position":1,"name":"Home","item":"https:\/\/www.biopapa.de\/en\/"},{"@type":"ListItem","position":2,"name":"Shop","item":"https:\/\/www.biopapa.de\/en\/shop\/"},{"@type":"ListItem","position":3,"name":"Organic moringa leaf powder"}]},{"@type":"WebSite","@id":"https:\/\/www.biopapa.de\/en\/#website","url":"https:\/\/www.biopapa.de\/en\/","name":"Biopapa","description":"\u0160var\u016bs ekologi\u0161ki produktai","publisher":{"@id":"https:\/\/www.biopapa.de\/en\/#organization"},"potentialAction":[{"@type":"SearchAction","target":{"@type":"EntryPoint","urlTemplate":"https:\/\/www.biopapa.de\/en\/?s={search_term_string}"},"query-input":{"@type":"PropertyValueSpecification","valueRequired":true,"valueName":"search_term_string"}}],"inLanguage":"en-US"},{"@type":"Organization","@id":"https:\/\/www.biopapa.de\/en\/#organization","name":"Biopapa","url":"https:\/\/www.biopapa.de\/en\/","logo":{"@type":"ImageObject","inLanguage":"en-US","@id":"https:\/\/www.biopapa.de\/en\/#\/schema\/logo\/image\/","url":"https:\/\/www.biopapa.lt\/wp-content\/uploads\/2022\/04\/facebook_biopapa.jpg","contentUrl":"https:\/\/www.biopapa.lt\/wp-content\/uploads\/2022\/04\/facebook_biopapa.jpg","width":1733,"height":907,"caption":"Biopapa"},"image":{"@id":"https:\/\/www.biopapa.de\/en\/#\/schema\/logo\/image\/"},"sameAs":["https:\/\/www.facebook.com\/biopapa.lt"]}]}},"_links":{"self":[{"href":"https:\/\/www.biopapa.de\/en\/wp-json\/wp\/v2\/product\/31638","targetHints":{"allow":["GET"]}}],"collection":[{"href":"https:\/\/www.biopapa.de\/en\/wp-json\/wp\/v2\/product"}],"about":[{"href":"https:\/\/www.biopapa.de\/en\/wp-json\/wp\/v2\/types\/product"}],"wp:featuredmedia":[{"embeddable":true,"href":"https:\/\/www.biopapa.de\/en\/wp-json\/wp\/v2\/media\/30145"}],"wp:attachment":[{"href":"https:\/\/www.biopapa.de\/en\/wp-json\/wp\/v2\/media?parent=31638"}],"wp:term":[{"taxonomy":"product_brand","embeddable":true,"href":"https:\/\/www.biopapa.de\/en\/wp-json\/wp\/v2\/product_brand?post=31638"},{"taxonomy":"product_cat","embeddable":true,"href":"https:\/\/www.biopapa.de\/en\/wp-json\/wp\/v2\/product_cat?post=31638"},{"taxonomy":"product_tag","embeddable":true,"href":"https:\/\/www.biopapa.de\/en\/wp-json\/wp\/v2\/product_tag?post=31638"}],"curies":[{"name":"wp","href":"https:\/\/api.w.org\/{rel}","templated":true}]}}