{"id":32025,"date":"2023-08-28T16:17:24","date_gmt":"2023-08-28T13:17:24","guid":{"rendered":"https:\/\/www.biopapa.lt\/produktas\/organic-indian-neem-powder\/"},"modified":"2025-07-06T16:30:35","modified_gmt":"2025-07-06T13:30:35","slug":"organic-indian-neem-powder","status":"publish","type":"product","link":"https:\/\/www.biopapa.de\/en\/producte\/organic-indian-neem-powder\/","title":{"rendered":"Organic Indian Neem powder"},"content":{"rendered":"<p><strong>Organic Indian Neem powder<\/strong><br \/>\nNeem (Azadirachta indica) is a tree native to the Indian subcontinent and also grows in various parts of South-East Asia. Revered for its multiple benefits, Neem has been used for centuries in Ayurveda, where it has been nicknamed the &#8220;Divine Tree&#8221; or &#8220;Nature&#8217;s Pharmacy&#8221;. This evergreen tree thrives in the arid regions of India, and almost every part of the neem tree, from the leaves to the bark to the seeds, has been used for its myriad benefits beyond health.<br \/>\nIn Ayurveda, the ancient Indian system of medicine, Neem is often used to treat a wide range of ailments, from skin conditions to digestive problems.<\/p>\n<p>Attention<br \/>\nExcessive intake of Neem powder can cause digestive problems such as upset stomach and diarrhoea. It should be used in moderation.<br \/>\nNeem is not recommended for use in pregnant or breastfeeding women as it may have contraceptive effects.<\/p>\n<p>Use of<br \/>\nNeem powder is versatile and can be used in many different ways.<\/p>\n<p>Skin care &#8211; create masks or creams by mixing Neem powder with water or other natural ingredients such as honey or yoghurt.<br \/>\nHair care &#8211; Mix Neem powder with water or oil to create a nourishing hair mask that promotes scalp health and hair growth.<br \/>\nInsect repellent &#8211; Neem powder can be mixed with other ingredients to create natural insect repellents for personal use or gardening.<\/p>\n<p>Internal use &#8211; Neem powder should be used in moderation. They have a bitter taste.<br \/>\nThe recommended daily intake is 1\/2 -1 arbt. sp. twice a day, with water after meals. Use for no longer than 3 months.<\/p>\n<p>Sources:<br \/>\nhttps:\/\/global.planetayurveda.com<br \/>\nhttps:\/\/www.webmd.com<\/p>\n<p>NOTE. The information contained herein should not be construed as a recommendation for treatment or other health issues. We encourage you to make personal decisions about your personal health, taking into account a wide range of sources of information.<\/p>\n","protected":false},"excerpt":{"rendered":"<p>Organic Indian Neem powder Neem (Azadirachta indica) is a tree native to the Indian subcontinent and also grows in various<\/p>\n","protected":false},"featured_media":35679,"template":"","meta":{"_acf_changed":false},"product_brand":[],"product_cat":[1848,2353],"product_tag":[2363,2074,2088],"class_list":{"0":"post-32025","1":"product","2":"type-product","3":"status-publish","4":"has-post-thumbnail","6":"product_cat-plant-based-superfood","7":"product_cat-powder","8":"product_tag-ecological","9":"product_tag-raw-en","10":"product_tag-vegan","11":"pa_svoris-1-kg-en","12":"pa_svoris-100-g-en-2","13":"pa_svoris-200-g-en","14":"pa_svoris-300-g-en","15":"pa_svoris-400-g-en","16":"pa_svoris-50-g-en","17":"pa_svoris-500-g-en-2","19":"first","20":"outofstock","21":"shipping-taxable","22":"purchasable","23":"product-type-variable"},"acf":[],"yoast_head":"<!-- This site is optimized with the Yoast SEO plugin v27.5 - https:\/\/yoast.com\/product\/yoast-seo-wordpress\/ -->\n<title>Organic Indian Neem powder - Biopapa<\/title>\n<meta name=\"description\" content=\"Revered for its multiple benefits, the Neem has been used for centuries in Ayurveda, where it has been nicknamed the &quot;Divine Tree&quot; or &quot;Nature&#039;s Pharmacy&quot;. Almost every part of the neem tree, from the leaves to the bark to the seeds, has been used for its many health benefits.\" \/>\n<meta name=\"robots\" content=\"index, follow, max-snippet:-1, max-image-preview:large, max-video-preview:-1\" \/>\n<link rel=\"canonical\" href=\"https:\/\/www.biopapa.de\/en\/producte\/organic-indian-neem-powder\/\" \/>\n<meta property=\"og:locale\" content=\"en_US\" \/>\n<meta property=\"og:type\" content=\"article\" \/>\n<meta property=\"og:title\" content=\"Organic Indian Neem powder - Biopapa\" \/>\n<meta property=\"og:description\" content=\"Revered for its multiple benefits, the Neem has been used for centuries in Ayurveda, where it has been nicknamed the &quot;Divine Tree&quot; or &quot;Nature&#039;s Pharmacy&quot;. Almost every part of the neem tree, from the leaves to the bark to the seeds, has been used for its many health benefits.\" \/>\n<meta property=\"og:url\" content=\"https:\/\/www.biopapa.de\/en\/producte\/organic-indian-neem-powder\/\" \/>\n<meta property=\"og:site_name\" content=\"Biopapa\" \/>\n<meta property=\"article:publisher\" content=\"https:\/\/www.facebook.com\/biopapa.lt\" \/>\n<meta property=\"article:modified_time\" content=\"2025-07-06T13:30:35+00:00\" \/>\n<meta property=\"og:image\" content=\"https:\/\/www.biopapa.de\/wp-content\/uploads\/2023\/08\/neem.png\" \/>\n\t<meta property=\"og:image:width\" content=\"800\" \/>\n\t<meta property=\"og:image:height\" content=\"640\" \/>\n\t<meta property=\"og:image:type\" content=\"image\/png\" \/>\n<meta name=\"twitter:card\" content=\"summary_large_image\" \/>\n<meta name=\"twitter:label1\" content=\"Est. reading time\" \/>\n\t<meta name=\"twitter:data1\" content=\"2 minutes\" \/>\n<script type=\"application\/ld+json\" class=\"yoast-schema-graph\">{\"@context\":\"https:\\\/\\\/schema.org\",\"@graph\":[{\"@type\":\"WebPage\",\"@id\":\"https:\\\/\\\/www.biopapa.de\\\/en\\\/producte\\\/organic-indian-neem-powder\\\/\",\"url\":\"https:\\\/\\\/www.biopapa.de\\\/en\\\/producte\\\/organic-indian-neem-powder\\\/\",\"name\":\"Organic Indian Neem powder - Biopapa\",\"isPartOf\":{\"@id\":\"https:\\\/\\\/www.biopapa.de\\\/en\\\/#website\"},\"primaryImageOfPage\":{\"@id\":\"https:\\\/\\\/www.biopapa.de\\\/en\\\/producte\\\/organic-indian-neem-powder\\\/#primaryimage\"},\"image\":{\"@id\":\"https:\\\/\\\/www.biopapa.de\\\/en\\\/producte\\\/organic-indian-neem-powder\\\/#primaryimage\"},\"thumbnailUrl\":\"https:\\\/\\\/www.biopapa.de\\\/wp-content\\\/uploads\\\/2023\\\/08\\\/neem.png\",\"datePublished\":\"2023-08-28T13:17:24+00:00\",\"dateModified\":\"2025-07-06T13:30:35+00:00\",\"description\":\"Revered for its multiple benefits, the Neem has been used for centuries in Ayurveda, where it has been nicknamed the \\\"Divine Tree\\\" or \\\"Nature's Pharmacy\\\". Almost every part of the neem tree, from the leaves to the bark to the seeds, has been used for its many health benefits.\",\"breadcrumb\":{\"@id\":\"https:\\\/\\\/www.biopapa.de\\\/en\\\/producte\\\/organic-indian-neem-powder\\\/#breadcrumb\"},\"inLanguage\":\"en-US\",\"potentialAction\":[{\"@type\":\"ReadAction\",\"target\":[\"https:\\\/\\\/www.biopapa.de\\\/en\\\/producte\\\/organic-indian-neem-powder\\\/\"]}]},{\"@type\":\"ImageObject\",\"inLanguage\":\"en-US\",\"@id\":\"https:\\\/\\\/www.biopapa.de\\\/en\\\/producte\\\/organic-indian-neem-powder\\\/#primaryimage\",\"url\":\"https:\\\/\\\/www.biopapa.de\\\/wp-content\\\/uploads\\\/2023\\\/08\\\/neem.png\",\"contentUrl\":\"https:\\\/\\\/www.biopapa.de\\\/wp-content\\\/uploads\\\/2023\\\/08\\\/neem.png\",\"width\":800,\"height\":640},{\"@type\":\"BreadcrumbList\",\"@id\":\"https:\\\/\\\/www.biopapa.de\\\/en\\\/producte\\\/organic-indian-neem-powder\\\/#breadcrumb\",\"itemListElement\":[{\"@type\":\"ListItem\",\"position\":1,\"name\":\"Home\",\"item\":\"https:\\\/\\\/www.biopapa.de\\\/en\\\/\"},{\"@type\":\"ListItem\",\"position\":2,\"name\":\"Shop\",\"item\":\"https:\\\/\\\/www.biopapa.de\\\/en\\\/shop\\\/\"},{\"@type\":\"ListItem\",\"position\":3,\"name\":\"Organic Indian Neem powder\"}]},{\"@type\":\"WebSite\",\"@id\":\"https:\\\/\\\/www.biopapa.de\\\/en\\\/#website\",\"url\":\"https:\\\/\\\/www.biopapa.de\\\/en\\\/\",\"name\":\"Biopapa\",\"description\":\"\u0160var\u016bs ekologi\u0161ki produktai\",\"publisher\":{\"@id\":\"https:\\\/\\\/www.biopapa.de\\\/en\\\/#organization\"},\"potentialAction\":[{\"@type\":\"SearchAction\",\"target\":{\"@type\":\"EntryPoint\",\"urlTemplate\":\"https:\\\/\\\/www.biopapa.de\\\/en\\\/?s={search_term_string}\"},\"query-input\":{\"@type\":\"PropertyValueSpecification\",\"valueRequired\":true,\"valueName\":\"search_term_string\"}}],\"inLanguage\":\"en-US\"},{\"@type\":\"Organization\",\"@id\":\"https:\\\/\\\/www.biopapa.de\\\/en\\\/#organization\",\"name\":\"Biopapa\",\"url\":\"https:\\\/\\\/www.biopapa.de\\\/en\\\/\",\"logo\":{\"@type\":\"ImageObject\",\"inLanguage\":\"en-US\",\"@id\":\"https:\\\/\\\/www.biopapa.de\\\/en\\\/#\\\/schema\\\/logo\\\/image\\\/\",\"url\":\"https:\\\/\\\/www.biopapa.lt\\\/wp-content\\\/uploads\\\/2022\\\/04\\\/facebook_biopapa.jpg\",\"contentUrl\":\"https:\\\/\\\/www.biopapa.lt\\\/wp-content\\\/uploads\\\/2022\\\/04\\\/facebook_biopapa.jpg\",\"width\":1733,\"height\":907,\"caption\":\"Biopapa\"},\"image\":{\"@id\":\"https:\\\/\\\/www.biopapa.de\\\/en\\\/#\\\/schema\\\/logo\\\/image\\\/\"},\"sameAs\":[\"https:\\\/\\\/www.facebook.com\\\/biopapa.lt\"]}]}<\/script>\n<!-- \/ Yoast SEO plugin. -->","yoast_head_json":{"title":"Organic Indian Neem powder - Biopapa","description":"Revered for its multiple benefits, the Neem has been used for centuries in Ayurveda, where it has been nicknamed the \"Divine Tree\" or \"Nature's Pharmacy\". Almost every part of the neem tree, from the leaves to the bark to the seeds, has been used for its many health benefits.","robots":{"index":"index","follow":"follow","max-snippet":"max-snippet:-1","max-image-preview":"max-image-preview:large","max-video-preview":"max-video-preview:-1"},"canonical":"https:\/\/www.biopapa.de\/en\/producte\/organic-indian-neem-powder\/","og_locale":"en_US","og_type":"article","og_title":"Organic Indian Neem powder - Biopapa","og_description":"Revered for its multiple benefits, the Neem has been used for centuries in Ayurveda, where it has been nicknamed the \"Divine Tree\" or \"Nature's Pharmacy\". Almost every part of the neem tree, from the leaves to the bark to the seeds, has been used for its many health benefits.","og_url":"https:\/\/www.biopapa.de\/en\/producte\/organic-indian-neem-powder\/","og_site_name":"Biopapa","article_publisher":"https:\/\/www.facebook.com\/biopapa.lt","article_modified_time":"2025-07-06T13:30:35+00:00","og_image":[{"width":800,"height":640,"url":"https:\/\/www.biopapa.de\/wp-content\/uploads\/2023\/08\/neem.png","type":"image\/png"}],"twitter_card":"summary_large_image","twitter_misc":{"Est. reading time":"2 minutes"},"schema":{"@context":"https:\/\/schema.org","@graph":[{"@type":"WebPage","@id":"https:\/\/www.biopapa.de\/en\/producte\/organic-indian-neem-powder\/","url":"https:\/\/www.biopapa.de\/en\/producte\/organic-indian-neem-powder\/","name":"Organic Indian Neem powder - Biopapa","isPartOf":{"@id":"https:\/\/www.biopapa.de\/en\/#website"},"primaryImageOfPage":{"@id":"https:\/\/www.biopapa.de\/en\/producte\/organic-indian-neem-powder\/#primaryimage"},"image":{"@id":"https:\/\/www.biopapa.de\/en\/producte\/organic-indian-neem-powder\/#primaryimage"},"thumbnailUrl":"https:\/\/www.biopapa.de\/wp-content\/uploads\/2023\/08\/neem.png","datePublished":"2023-08-28T13:17:24+00:00","dateModified":"2025-07-06T13:30:35+00:00","description":"Revered for its multiple benefits, the Neem has been used for centuries in Ayurveda, where it has been nicknamed the \"Divine Tree\" or \"Nature's Pharmacy\". Almost every part of the neem tree, from the leaves to the bark to the seeds, has been used for its many health benefits.","breadcrumb":{"@id":"https:\/\/www.biopapa.de\/en\/producte\/organic-indian-neem-powder\/#breadcrumb"},"inLanguage":"en-US","potentialAction":[{"@type":"ReadAction","target":["https:\/\/www.biopapa.de\/en\/producte\/organic-indian-neem-powder\/"]}]},{"@type":"ImageObject","inLanguage":"en-US","@id":"https:\/\/www.biopapa.de\/en\/producte\/organic-indian-neem-powder\/#primaryimage","url":"https:\/\/www.biopapa.de\/wp-content\/uploads\/2023\/08\/neem.png","contentUrl":"https:\/\/www.biopapa.de\/wp-content\/uploads\/2023\/08\/neem.png","width":800,"height":640},{"@type":"BreadcrumbList","@id":"https:\/\/www.biopapa.de\/en\/producte\/organic-indian-neem-powder\/#breadcrumb","itemListElement":[{"@type":"ListItem","position":1,"name":"Home","item":"https:\/\/www.biopapa.de\/en\/"},{"@type":"ListItem","position":2,"name":"Shop","item":"https:\/\/www.biopapa.de\/en\/shop\/"},{"@type":"ListItem","position":3,"name":"Organic Indian Neem powder"}]},{"@type":"WebSite","@id":"https:\/\/www.biopapa.de\/en\/#website","url":"https:\/\/www.biopapa.de\/en\/","name":"Biopapa","description":"\u0160var\u016bs ekologi\u0161ki produktai","publisher":{"@id":"https:\/\/www.biopapa.de\/en\/#organization"},"potentialAction":[{"@type":"SearchAction","target":{"@type":"EntryPoint","urlTemplate":"https:\/\/www.biopapa.de\/en\/?s={search_term_string}"},"query-input":{"@type":"PropertyValueSpecification","valueRequired":true,"valueName":"search_term_string"}}],"inLanguage":"en-US"},{"@type":"Organization","@id":"https:\/\/www.biopapa.de\/en\/#organization","name":"Biopapa","url":"https:\/\/www.biopapa.de\/en\/","logo":{"@type":"ImageObject","inLanguage":"en-US","@id":"https:\/\/www.biopapa.de\/en\/#\/schema\/logo\/image\/","url":"https:\/\/www.biopapa.lt\/wp-content\/uploads\/2022\/04\/facebook_biopapa.jpg","contentUrl":"https:\/\/www.biopapa.lt\/wp-content\/uploads\/2022\/04\/facebook_biopapa.jpg","width":1733,"height":907,"caption":"Biopapa"},"image":{"@id":"https:\/\/www.biopapa.de\/en\/#\/schema\/logo\/image\/"},"sameAs":["https:\/\/www.facebook.com\/biopapa.lt"]}]}},"_links":{"self":[{"href":"https:\/\/www.biopapa.de\/en\/wp-json\/wp\/v2\/product\/32025","targetHints":{"allow":["GET"]}}],"collection":[{"href":"https:\/\/www.biopapa.de\/en\/wp-json\/wp\/v2\/product"}],"about":[{"href":"https:\/\/www.biopapa.de\/en\/wp-json\/wp\/v2\/types\/product"}],"wp:featuredmedia":[{"embeddable":true,"href":"https:\/\/www.biopapa.de\/en\/wp-json\/wp\/v2\/media\/35679"}],"wp:attachment":[{"href":"https:\/\/www.biopapa.de\/en\/wp-json\/wp\/v2\/media?parent=32025"}],"wp:term":[{"taxonomy":"product_brand","embeddable":true,"href":"https:\/\/www.biopapa.de\/en\/wp-json\/wp\/v2\/product_brand?post=32025"},{"taxonomy":"product_cat","embeddable":true,"href":"https:\/\/www.biopapa.de\/en\/wp-json\/wp\/v2\/product_cat?post=32025"},{"taxonomy":"product_tag","embeddable":true,"href":"https:\/\/www.biopapa.de\/en\/wp-json\/wp\/v2\/product_tag?post=32025"}],"curies":[{"name":"wp","href":"https:\/\/api.w.org\/{rel}","templated":true}]}}