{"id":32140,"date":"2022-05-14T13:53:34","date_gmt":"2022-05-14T10:53:34","guid":{"rendered":"https:\/\/www.biopapa.lt\/produktas\/organic-ashwagandha-powder\/"},"modified":"2025-07-04T10:10:53","modified_gmt":"2025-07-04T07:10:53","slug":"ekologiski-asvaganda-ashwagandha-milteliai","status":"publish","type":"product","link":"https:\/\/www.biopapa.de\/en\/producte\/ekologiski-asvaganda-ashwagandha-milteliai\/","title":{"rendered":"Organic Ashwagandha powder"},"content":{"rendered":"<p>Organic Ashwagandha powder<br \/>\nAshwagandha Withania somnifera, often called &#8220;Indian ginseng&#8221; or &#8220;winter cherry&#8221;, has been used in Ayurveda, one of the world&#8217;s oldest systems of holistic healing, for more than 3000 years. It thrives in dry regions of India, the Middle East and parts of Africa. Its name ashwagandha is derived from the Sanskrit &#8216;ashwa&#8217; meaning &#8216;horse&#8217; and &#8216;gandha&#8217; meaning &#8216;scent&#8217;, perhaps referring to the strong smell of the root, believed to give vitality and horse power.<br \/>\nAshwagandha is highly revered in Ayurveda and is used for health problems. The root of the plant is the most important part of the plant and is commonly used in various compositions to improve health.<\/p>\n<p>Attention<br \/>\nSome people may experience stomach upset or diarrhoea when taking ashwagandha powder.<br \/>\nIn some cases, Ashwagandha may cause drowsiness.<br \/>\nAshwagandha may interact with certain medicines, so be careful if you are taking prescription medicines.<br \/>\nPregnant or breastfeeding women should be cautious when taking ashwagandha, as its safety in such situations is not well established.<\/p>\n<p>Use of<br \/>\nIt is recommended to take 1\/4-1\/2 teaspoon of the powder once or twice a day, up to a maximum of 1 teaspoon per day. It can be mixed with water or taken with water.<br \/>\nThe length of time it should be taken may depend on different factors. Some may need 3-6 weeks, others longer. For many people, Ashwagandha can be taken for several months, with a break after 3 months.<\/p>\n<p><em>NOTE. The information contained herein should not be construed as a recommendation for treatment or other health issues. We encourage you to make personal decisions about your personal health, taking into account a wide range of sources of information.<\/em><\/p>\n","protected":false},"excerpt":{"rendered":"<p>Organic Ashwagandha powder Ashwagandha Withania somnifera, often called &#8220;Indian ginseng&#8221; or &#8220;winter cherry&#8221;, has been used in Ayurveda, one of<\/p>\n","protected":false},"featured_media":29841,"template":"","meta":{"_acf_changed":false},"product_brand":[],"product_cat":[1848,2353],"product_tag":[2363,2088],"class_list":{"0":"post-32140","1":"product","2":"type-product","3":"status-publish","4":"has-post-thumbnail","6":"product_cat-plant-based-superfood","7":"product_cat-powder","8":"product_tag-ecological","9":"product_tag-vegan","10":"pa_svoris-1-kg-en","11":"pa_svoris-100-g-en-2","12":"pa_svoris-200-g-en","13":"pa_svoris-25-kg-en","14":"pa_svoris-300-g-en","15":"pa_svoris-400-g-en","16":"pa_svoris-50-g-en","17":"pa_svoris-500-g-en-2","19":"first","20":"instock","21":"shipping-taxable","22":"purchasable","23":"product-type-variable"},"acf":[],"yoast_head":"<!-- This site is optimized with the Yoast SEO plugin v27.4 - https:\/\/yoast.com\/product\/yoast-seo-wordpress\/ -->\n<title>Organic Ashwagandha powder - Biopapa<\/title>\n<meta name=\"description\" content=\"Ashwagandha has strong aphrodisiac, diuretic, antioxidant, antidepressant and antidiabetic properties, and is used to treat a wide range of diseases.\" \/>\n<meta name=\"robots\" content=\"index, follow, max-snippet:-1, max-image-preview:large, max-video-preview:-1\" \/>\n<link rel=\"canonical\" href=\"https:\/\/www.biopapa.de\/en\/producte\/ekologiski-asvaganda-ashwagandha-milteliai\/\" \/>\n<meta property=\"og:locale\" content=\"en_US\" \/>\n<meta property=\"og:type\" content=\"article\" \/>\n<meta property=\"og:title\" content=\"Organic Ashwagandha powder - Biopapa\" \/>\n<meta property=\"og:description\" content=\"Ashwagandha has strong aphrodisiac, diuretic, antioxidant, antidepressant and antidiabetic properties, and is used to treat a wide range of diseases.\" \/>\n<meta property=\"og:url\" content=\"https:\/\/www.biopapa.de\/en\/producte\/ekologiski-asvaganda-ashwagandha-milteliai\/\" \/>\n<meta property=\"og:site_name\" content=\"Biopapa\" \/>\n<meta property=\"article:publisher\" content=\"https:\/\/www.facebook.com\/biopapa.lt\" \/>\n<meta property=\"article:modified_time\" content=\"2025-07-04T07:10:53+00:00\" \/>\n<meta property=\"og:image\" content=\"https:\/\/www.biopapa.de\/wp-content\/uploads\/2022\/05\/Ekologiski-Asvagandos-Ashwagandha-milteliai-be-glitimo.png\" \/>\n\t<meta property=\"og:image:width\" content=\"800\" \/>\n\t<meta property=\"og:image:height\" content=\"640\" \/>\n\t<meta property=\"og:image:type\" content=\"image\/png\" \/>\n<meta name=\"twitter:card\" content=\"summary_large_image\" \/>\n<meta name=\"twitter:label1\" content=\"Est. reading time\" \/>\n\t<meta name=\"twitter:data1\" content=\"1 minute\" \/>\n<script type=\"application\/ld+json\" class=\"yoast-schema-graph\">{\"@context\":\"https:\\\/\\\/schema.org\",\"@graph\":[{\"@type\":\"WebPage\",\"@id\":\"https:\\\/\\\/www.biopapa.de\\\/en\\\/producte\\\/ekologiski-asvaganda-ashwagandha-milteliai\\\/\",\"url\":\"https:\\\/\\\/www.biopapa.de\\\/en\\\/producte\\\/ekologiski-asvaganda-ashwagandha-milteliai\\\/\",\"name\":\"Organic Ashwagandha powder - Biopapa\",\"isPartOf\":{\"@id\":\"https:\\\/\\\/www.biopapa.de\\\/en\\\/#website\"},\"primaryImageOfPage\":{\"@id\":\"https:\\\/\\\/www.biopapa.de\\\/en\\\/producte\\\/ekologiski-asvaganda-ashwagandha-milteliai\\\/#primaryimage\"},\"image\":{\"@id\":\"https:\\\/\\\/www.biopapa.de\\\/en\\\/producte\\\/ekologiski-asvaganda-ashwagandha-milteliai\\\/#primaryimage\"},\"thumbnailUrl\":\"https:\\\/\\\/www.biopapa.de\\\/wp-content\\\/uploads\\\/2022\\\/05\\\/Ekologiski-Asvagandos-Ashwagandha-milteliai-be-glitimo.png\",\"datePublished\":\"2022-05-14T10:53:34+00:00\",\"dateModified\":\"2025-07-04T07:10:53+00:00\",\"description\":\"Ashwagandha has strong aphrodisiac, diuretic, antioxidant, antidepressant and antidiabetic properties, and is used to treat a wide range of diseases.\",\"breadcrumb\":{\"@id\":\"https:\\\/\\\/www.biopapa.de\\\/en\\\/producte\\\/ekologiski-asvaganda-ashwagandha-milteliai\\\/#breadcrumb\"},\"inLanguage\":\"en-US\",\"potentialAction\":[{\"@type\":\"ReadAction\",\"target\":[\"https:\\\/\\\/www.biopapa.de\\\/en\\\/producte\\\/ekologiski-asvaganda-ashwagandha-milteliai\\\/\"]}]},{\"@type\":\"ImageObject\",\"inLanguage\":\"en-US\",\"@id\":\"https:\\\/\\\/www.biopapa.de\\\/en\\\/producte\\\/ekologiski-asvaganda-ashwagandha-milteliai\\\/#primaryimage\",\"url\":\"https:\\\/\\\/www.biopapa.de\\\/wp-content\\\/uploads\\\/2022\\\/05\\\/Ekologiski-Asvagandos-Ashwagandha-milteliai-be-glitimo.png\",\"contentUrl\":\"https:\\\/\\\/www.biopapa.de\\\/wp-content\\\/uploads\\\/2022\\\/05\\\/Ekologiski-Asvagandos-Ashwagandha-milteliai-be-glitimo.png\",\"width\":800,\"height\":640,\"caption\":\"Organic Ashwagandha powder, gluten-free\"},{\"@type\":\"BreadcrumbList\",\"@id\":\"https:\\\/\\\/www.biopapa.de\\\/en\\\/producte\\\/ekologiski-asvaganda-ashwagandha-milteliai\\\/#breadcrumb\",\"itemListElement\":[{\"@type\":\"ListItem\",\"position\":1,\"name\":\"Home\",\"item\":\"https:\\\/\\\/www.biopapa.de\\\/en\\\/\"},{\"@type\":\"ListItem\",\"position\":2,\"name\":\"Shop\",\"item\":\"https:\\\/\\\/www.biopapa.de\\\/en\\\/shop\\\/\"},{\"@type\":\"ListItem\",\"position\":3,\"name\":\"Organic Ashwagandha powder\"}]},{\"@type\":\"WebSite\",\"@id\":\"https:\\\/\\\/www.biopapa.de\\\/en\\\/#website\",\"url\":\"https:\\\/\\\/www.biopapa.de\\\/en\\\/\",\"name\":\"Biopapa\",\"description\":\"\u0160var\u016bs ekologi\u0161ki produktai\",\"publisher\":{\"@id\":\"https:\\\/\\\/www.biopapa.de\\\/en\\\/#organization\"},\"potentialAction\":[{\"@type\":\"SearchAction\",\"target\":{\"@type\":\"EntryPoint\",\"urlTemplate\":\"https:\\\/\\\/www.biopapa.de\\\/en\\\/?s={search_term_string}\"},\"query-input\":{\"@type\":\"PropertyValueSpecification\",\"valueRequired\":true,\"valueName\":\"search_term_string\"}}],\"inLanguage\":\"en-US\"},{\"@type\":\"Organization\",\"@id\":\"https:\\\/\\\/www.biopapa.de\\\/en\\\/#organization\",\"name\":\"Biopapa\",\"url\":\"https:\\\/\\\/www.biopapa.de\\\/en\\\/\",\"logo\":{\"@type\":\"ImageObject\",\"inLanguage\":\"en-US\",\"@id\":\"https:\\\/\\\/www.biopapa.de\\\/en\\\/#\\\/schema\\\/logo\\\/image\\\/\",\"url\":\"https:\\\/\\\/www.biopapa.lt\\\/wp-content\\\/uploads\\\/2022\\\/04\\\/facebook_biopapa.jpg\",\"contentUrl\":\"https:\\\/\\\/www.biopapa.lt\\\/wp-content\\\/uploads\\\/2022\\\/04\\\/facebook_biopapa.jpg\",\"width\":1733,\"height\":907,\"caption\":\"Biopapa\"},\"image\":{\"@id\":\"https:\\\/\\\/www.biopapa.de\\\/en\\\/#\\\/schema\\\/logo\\\/image\\\/\"},\"sameAs\":[\"https:\\\/\\\/www.facebook.com\\\/biopapa.lt\"]}]}<\/script>\n<!-- \/ Yoast SEO plugin. -->","yoast_head_json":{"title":"Organic Ashwagandha powder - Biopapa","description":"Ashwagandha has strong aphrodisiac, diuretic, antioxidant, antidepressant and antidiabetic properties, and is used to treat a wide range of diseases.","robots":{"index":"index","follow":"follow","max-snippet":"max-snippet:-1","max-image-preview":"max-image-preview:large","max-video-preview":"max-video-preview:-1"},"canonical":"https:\/\/www.biopapa.de\/en\/producte\/ekologiski-asvaganda-ashwagandha-milteliai\/","og_locale":"en_US","og_type":"article","og_title":"Organic Ashwagandha powder - Biopapa","og_description":"Ashwagandha has strong aphrodisiac, diuretic, antioxidant, antidepressant and antidiabetic properties, and is used to treat a wide range of diseases.","og_url":"https:\/\/www.biopapa.de\/en\/producte\/ekologiski-asvaganda-ashwagandha-milteliai\/","og_site_name":"Biopapa","article_publisher":"https:\/\/www.facebook.com\/biopapa.lt","article_modified_time":"2025-07-04T07:10:53+00:00","og_image":[{"width":800,"height":640,"url":"https:\/\/www.biopapa.de\/wp-content\/uploads\/2022\/05\/Ekologiski-Asvagandos-Ashwagandha-milteliai-be-glitimo.png","type":"image\/png"}],"twitter_card":"summary_large_image","twitter_misc":{"Est. reading time":"1 minute"},"schema":{"@context":"https:\/\/schema.org","@graph":[{"@type":"WebPage","@id":"https:\/\/www.biopapa.de\/en\/producte\/ekologiski-asvaganda-ashwagandha-milteliai\/","url":"https:\/\/www.biopapa.de\/en\/producte\/ekologiski-asvaganda-ashwagandha-milteliai\/","name":"Organic Ashwagandha powder - Biopapa","isPartOf":{"@id":"https:\/\/www.biopapa.de\/en\/#website"},"primaryImageOfPage":{"@id":"https:\/\/www.biopapa.de\/en\/producte\/ekologiski-asvaganda-ashwagandha-milteliai\/#primaryimage"},"image":{"@id":"https:\/\/www.biopapa.de\/en\/producte\/ekologiski-asvaganda-ashwagandha-milteliai\/#primaryimage"},"thumbnailUrl":"https:\/\/www.biopapa.de\/wp-content\/uploads\/2022\/05\/Ekologiski-Asvagandos-Ashwagandha-milteliai-be-glitimo.png","datePublished":"2022-05-14T10:53:34+00:00","dateModified":"2025-07-04T07:10:53+00:00","description":"Ashwagandha has strong aphrodisiac, diuretic, antioxidant, antidepressant and antidiabetic properties, and is used to treat a wide range of diseases.","breadcrumb":{"@id":"https:\/\/www.biopapa.de\/en\/producte\/ekologiski-asvaganda-ashwagandha-milteliai\/#breadcrumb"},"inLanguage":"en-US","potentialAction":[{"@type":"ReadAction","target":["https:\/\/www.biopapa.de\/en\/producte\/ekologiski-asvaganda-ashwagandha-milteliai\/"]}]},{"@type":"ImageObject","inLanguage":"en-US","@id":"https:\/\/www.biopapa.de\/en\/producte\/ekologiski-asvaganda-ashwagandha-milteliai\/#primaryimage","url":"https:\/\/www.biopapa.de\/wp-content\/uploads\/2022\/05\/Ekologiski-Asvagandos-Ashwagandha-milteliai-be-glitimo.png","contentUrl":"https:\/\/www.biopapa.de\/wp-content\/uploads\/2022\/05\/Ekologiski-Asvagandos-Ashwagandha-milteliai-be-glitimo.png","width":800,"height":640,"caption":"Organic Ashwagandha powder, gluten-free"},{"@type":"BreadcrumbList","@id":"https:\/\/www.biopapa.de\/en\/producte\/ekologiski-asvaganda-ashwagandha-milteliai\/#breadcrumb","itemListElement":[{"@type":"ListItem","position":1,"name":"Home","item":"https:\/\/www.biopapa.de\/en\/"},{"@type":"ListItem","position":2,"name":"Shop","item":"https:\/\/www.biopapa.de\/en\/shop\/"},{"@type":"ListItem","position":3,"name":"Organic Ashwagandha powder"}]},{"@type":"WebSite","@id":"https:\/\/www.biopapa.de\/en\/#website","url":"https:\/\/www.biopapa.de\/en\/","name":"Biopapa","description":"\u0160var\u016bs ekologi\u0161ki produktai","publisher":{"@id":"https:\/\/www.biopapa.de\/en\/#organization"},"potentialAction":[{"@type":"SearchAction","target":{"@type":"EntryPoint","urlTemplate":"https:\/\/www.biopapa.de\/en\/?s={search_term_string}"},"query-input":{"@type":"PropertyValueSpecification","valueRequired":true,"valueName":"search_term_string"}}],"inLanguage":"en-US"},{"@type":"Organization","@id":"https:\/\/www.biopapa.de\/en\/#organization","name":"Biopapa","url":"https:\/\/www.biopapa.de\/en\/","logo":{"@type":"ImageObject","inLanguage":"en-US","@id":"https:\/\/www.biopapa.de\/en\/#\/schema\/logo\/image\/","url":"https:\/\/www.biopapa.lt\/wp-content\/uploads\/2022\/04\/facebook_biopapa.jpg","contentUrl":"https:\/\/www.biopapa.lt\/wp-content\/uploads\/2022\/04\/facebook_biopapa.jpg","width":1733,"height":907,"caption":"Biopapa"},"image":{"@id":"https:\/\/www.biopapa.de\/en\/#\/schema\/logo\/image\/"},"sameAs":["https:\/\/www.facebook.com\/biopapa.lt"]}]}},"_links":{"self":[{"href":"https:\/\/www.biopapa.de\/en\/wp-json\/wp\/v2\/product\/32140","targetHints":{"allow":["GET"]}}],"collection":[{"href":"https:\/\/www.biopapa.de\/en\/wp-json\/wp\/v2\/product"}],"about":[{"href":"https:\/\/www.biopapa.de\/en\/wp-json\/wp\/v2\/types\/product"}],"wp:featuredmedia":[{"embeddable":true,"href":"https:\/\/www.biopapa.de\/en\/wp-json\/wp\/v2\/media\/29841"}],"wp:attachment":[{"href":"https:\/\/www.biopapa.de\/en\/wp-json\/wp\/v2\/media?parent=32140"}],"wp:term":[{"taxonomy":"product_brand","embeddable":true,"href":"https:\/\/www.biopapa.de\/en\/wp-json\/wp\/v2\/product_brand?post=32140"},{"taxonomy":"product_cat","embeddable":true,"href":"https:\/\/www.biopapa.de\/en\/wp-json\/wp\/v2\/product_cat?post=32140"},{"taxonomy":"product_tag","embeddable":true,"href":"https:\/\/www.biopapa.de\/en\/wp-json\/wp\/v2\/product_tag?post=32140"}],"curies":[{"name":"wp","href":"https:\/\/api.w.org\/{rel}","templated":true}]}}