{"id":32174,"date":"2022-04-01T17:52:26","date_gmt":"2022-04-01T14:52:26","guid":{"rendered":"https:\/\/www.biopapa.lt\/produktas\/organic-spirulina-and-chlorela-blend-tablets-500-mg\/"},"modified":"2025-09-11T13:49:08","modified_gmt":"2025-09-11T10:49:08","slug":"organic-spirulina-and-chlorella-blend-tablets","status":"publish","type":"product","link":"https:\/\/www.biopapa.de\/en\/producte\/organic-spirulina-and-chlorella-blend-tablets\/","title":{"rendered":"Organic Spirulina and Chlorela blend tablets (500 mg)"},"content":{"rendered":"<p><strong>Organic Spirulina and Chlorela blend tablets (500 mg)<\/strong><br \/>\n<strong>100 g = approx. 200 pieces. tablets<\/strong><br \/>\nBoth algae are cultivated in freshwater on an island in southern China.<br \/>\n<strong>Chlorella<\/strong> is widely used as a component of detoxification programmes. Chlorella is rich in essential vitamins and minerals. It is a superfood that helps with post-workout recovery, cleanses the gut and has immune-boosting properties.<br \/>\n<strong>Spirulina<\/strong>, like Chlorella, is a source of vitamins and minerals. Spirulina is an irreplaceable source of protein. One gram of spirulina contains three times more protein than fish.<br \/>\nSpirulina is a favourite among athletes due to its rich content of protein, vitamins and minerals and is often used for weight loss.<br \/>\nSuitable for vegans, vegetarians and keto diet.<\/p>\n<p>The recommended daily dose for an adult is 6-12 tablets.<\/p>\n<p>NOTE. The information contained herein should not be construed as a recommendation for treatment or other health issues. We encourage you to make personal decisions about your personal health, taking into account a wide range of sources of information.<\/p>\n","protected":false},"excerpt":{"rendered":"<p>Organic Spirulina and Chlorela blend tablets (500 mg) 100 g = approx. 200 pieces. tablets Both algae are cultivated in<\/p>\n","protected":false},"featured_media":29177,"template":"","meta":{"_acf_changed":false},"product_brand":[],"product_cat":[2355,1848],"product_tag":[2030,2056,2088],"class_list":{"0":"post-32174","1":"product","2":"type-product","3":"status-publish","4":"has-post-thumbnail","6":"product_cat-pills","7":"product_cat-plant-based-superfood","8":"product_tag-a-source-of-protein","9":"product_tag-keto-diet","10":"product_tag-vegan","11":"pa_svoris-1-kg-en","12":"pa_svoris-100-g-en-2","13":"pa_svoris-200-g-en","14":"pa_svoris-300-g-en","15":"pa_svoris-400-g-en","16":"pa_svoris-50-g-en","17":"pa_svoris-500-g-en-2","19":"first","20":"instock","21":"shipping-taxable","22":"purchasable","23":"product-type-variable"},"acf":[],"yoast_head":"<!-- This site is optimized with the Yoast SEO plugin v27.5 - https:\/\/yoast.com\/product\/yoast-seo-wordpress\/ -->\n<title>Organic Spirulina and Chlorela blend tablets (500 mg) - Biopapa<\/title>\n<meta name=\"description\" content=\"Spirulina, like Chlorella, is a source of vitamins, proteins and amino acids. The superfood is rich in calcium - calcium is essential for optimal muscle and nervous system function, as well as for bones and teeth.\" \/>\n<meta name=\"robots\" content=\"index, follow, max-snippet:-1, max-image-preview:large, max-video-preview:-1\" \/>\n<link rel=\"canonical\" href=\"https:\/\/www.biopapa.de\/en\/producte\/organic-spirulina-and-chlorella-blend-tablets\/\" \/>\n<meta property=\"og:locale\" content=\"en_US\" \/>\n<meta property=\"og:type\" content=\"article\" \/>\n<meta property=\"og:title\" content=\"Organic Spirulina and Chlorela blend tablets (500 mg) - Biopapa\" \/>\n<meta property=\"og:description\" content=\"Spirulina, like Chlorella, is a source of vitamins, proteins and amino acids. The superfood is rich in calcium - calcium is essential for optimal muscle and nervous system function, as well as for bones and teeth.\" \/>\n<meta property=\"og:url\" content=\"https:\/\/www.biopapa.de\/en\/producte\/organic-spirulina-and-chlorella-blend-tablets\/\" \/>\n<meta property=\"og:site_name\" content=\"Biopapa\" \/>\n<meta property=\"article:publisher\" content=\"https:\/\/www.facebook.com\/biopapa.lt\" \/>\n<meta property=\"article:modified_time\" content=\"2025-09-11T10:49:08+00:00\" \/>\n<meta property=\"og:image\" content=\"https:\/\/www.biopapa.de\/wp-content\/uploads\/2022\/04\/spirulinos-ir-chlorellos-tabletes.jpg\" \/>\n\t<meta property=\"og:image:width\" content=\"800\" \/>\n\t<meta property=\"og:image:height\" content=\"640\" \/>\n\t<meta property=\"og:image:type\" content=\"image\/jpeg\" \/>\n<meta name=\"twitter:card\" content=\"summary_large_image\" \/>\n<meta name=\"twitter:label1\" content=\"Est. reading time\" \/>\n\t<meta name=\"twitter:data1\" content=\"1 minute\" \/>\n<script type=\"application\/ld+json\" class=\"yoast-schema-graph\">{\"@context\":\"https:\\\/\\\/schema.org\",\"@graph\":[{\"@type\":\"WebPage\",\"@id\":\"https:\\\/\\\/www.biopapa.de\\\/en\\\/producte\\\/organic-spirulina-and-chlorella-blend-tablets\\\/\",\"url\":\"https:\\\/\\\/www.biopapa.de\\\/en\\\/producte\\\/organic-spirulina-and-chlorella-blend-tablets\\\/\",\"name\":\"Organic Spirulina and Chlorela blend tablets (500 mg) - Biopapa\",\"isPartOf\":{\"@id\":\"https:\\\/\\\/www.biopapa.de\\\/en\\\/#website\"},\"primaryImageOfPage\":{\"@id\":\"https:\\\/\\\/www.biopapa.de\\\/en\\\/producte\\\/organic-spirulina-and-chlorella-blend-tablets\\\/#primaryimage\"},\"image\":{\"@id\":\"https:\\\/\\\/www.biopapa.de\\\/en\\\/producte\\\/organic-spirulina-and-chlorella-blend-tablets\\\/#primaryimage\"},\"thumbnailUrl\":\"https:\\\/\\\/www.biopapa.de\\\/wp-content\\\/uploads\\\/2022\\\/04\\\/spirulinos-ir-chlorellos-tabletes.jpg\",\"datePublished\":\"2022-04-01T14:52:26+00:00\",\"dateModified\":\"2025-09-11T10:49:08+00:00\",\"description\":\"Spirulina, like Chlorella, is a source of vitamins, proteins and amino acids. The superfood is rich in calcium - calcium is essential for optimal muscle and nervous system function, as well as for bones and teeth.\",\"breadcrumb\":{\"@id\":\"https:\\\/\\\/www.biopapa.de\\\/en\\\/producte\\\/organic-spirulina-and-chlorella-blend-tablets\\\/#breadcrumb\"},\"inLanguage\":\"en-US\",\"potentialAction\":[{\"@type\":\"ReadAction\",\"target\":[\"https:\\\/\\\/www.biopapa.de\\\/en\\\/producte\\\/organic-spirulina-and-chlorella-blend-tablets\\\/\"]}]},{\"@type\":\"ImageObject\",\"inLanguage\":\"en-US\",\"@id\":\"https:\\\/\\\/www.biopapa.de\\\/en\\\/producte\\\/organic-spirulina-and-chlorella-blend-tablets\\\/#primaryimage\",\"url\":\"https:\\\/\\\/www.biopapa.de\\\/wp-content\\\/uploads\\\/2022\\\/04\\\/spirulinos-ir-chlorellos-tabletes.jpg\",\"contentUrl\":\"https:\\\/\\\/www.biopapa.de\\\/wp-content\\\/uploads\\\/2022\\\/04\\\/spirulinos-ir-chlorellos-tabletes.jpg\",\"width\":800,\"height\":640,\"caption\":\"Organic Spirulina and Chlorella blend tablets (500 mg)\"},{\"@type\":\"BreadcrumbList\",\"@id\":\"https:\\\/\\\/www.biopapa.de\\\/en\\\/producte\\\/organic-spirulina-and-chlorella-blend-tablets\\\/#breadcrumb\",\"itemListElement\":[{\"@type\":\"ListItem\",\"position\":1,\"name\":\"Home\",\"item\":\"https:\\\/\\\/www.biopapa.de\\\/en\\\/\"},{\"@type\":\"ListItem\",\"position\":2,\"name\":\"Shop\",\"item\":\"https:\\\/\\\/www.biopapa.de\\\/en\\\/shop\\\/\"},{\"@type\":\"ListItem\",\"position\":3,\"name\":\"Organic Spirulina and Chlorela blend tablets (500 mg)\"}]},{\"@type\":\"WebSite\",\"@id\":\"https:\\\/\\\/www.biopapa.de\\\/en\\\/#website\",\"url\":\"https:\\\/\\\/www.biopapa.de\\\/en\\\/\",\"name\":\"Biopapa\",\"description\":\"\u0160var\u016bs ekologi\u0161ki produktai\",\"publisher\":{\"@id\":\"https:\\\/\\\/www.biopapa.de\\\/en\\\/#organization\"},\"potentialAction\":[{\"@type\":\"SearchAction\",\"target\":{\"@type\":\"EntryPoint\",\"urlTemplate\":\"https:\\\/\\\/www.biopapa.de\\\/en\\\/?s={search_term_string}\"},\"query-input\":{\"@type\":\"PropertyValueSpecification\",\"valueRequired\":true,\"valueName\":\"search_term_string\"}}],\"inLanguage\":\"en-US\"},{\"@type\":\"Organization\",\"@id\":\"https:\\\/\\\/www.biopapa.de\\\/en\\\/#organization\",\"name\":\"Biopapa\",\"url\":\"https:\\\/\\\/www.biopapa.de\\\/en\\\/\",\"logo\":{\"@type\":\"ImageObject\",\"inLanguage\":\"en-US\",\"@id\":\"https:\\\/\\\/www.biopapa.de\\\/en\\\/#\\\/schema\\\/logo\\\/image\\\/\",\"url\":\"https:\\\/\\\/www.biopapa.lt\\\/wp-content\\\/uploads\\\/2022\\\/04\\\/facebook_biopapa.jpg\",\"contentUrl\":\"https:\\\/\\\/www.biopapa.lt\\\/wp-content\\\/uploads\\\/2022\\\/04\\\/facebook_biopapa.jpg\",\"width\":1733,\"height\":907,\"caption\":\"Biopapa\"},\"image\":{\"@id\":\"https:\\\/\\\/www.biopapa.de\\\/en\\\/#\\\/schema\\\/logo\\\/image\\\/\"},\"sameAs\":[\"https:\\\/\\\/www.facebook.com\\\/biopapa.lt\"]}]}<\/script>\n<!-- \/ Yoast SEO plugin. -->","yoast_head_json":{"title":"Organic Spirulina and Chlorela blend tablets (500 mg) - Biopapa","description":"Spirulina, like Chlorella, is a source of vitamins, proteins and amino acids. The superfood is rich in calcium - calcium is essential for optimal muscle and nervous system function, as well as for bones and teeth.","robots":{"index":"index","follow":"follow","max-snippet":"max-snippet:-1","max-image-preview":"max-image-preview:large","max-video-preview":"max-video-preview:-1"},"canonical":"https:\/\/www.biopapa.de\/en\/producte\/organic-spirulina-and-chlorella-blend-tablets\/","og_locale":"en_US","og_type":"article","og_title":"Organic Spirulina and Chlorela blend tablets (500 mg) - Biopapa","og_description":"Spirulina, like Chlorella, is a source of vitamins, proteins and amino acids. The superfood is rich in calcium - calcium is essential for optimal muscle and nervous system function, as well as for bones and teeth.","og_url":"https:\/\/www.biopapa.de\/en\/producte\/organic-spirulina-and-chlorella-blend-tablets\/","og_site_name":"Biopapa","article_publisher":"https:\/\/www.facebook.com\/biopapa.lt","article_modified_time":"2025-09-11T10:49:08+00:00","og_image":[{"width":800,"height":640,"url":"https:\/\/www.biopapa.de\/wp-content\/uploads\/2022\/04\/spirulinos-ir-chlorellos-tabletes.jpg","type":"image\/jpeg"}],"twitter_card":"summary_large_image","twitter_misc":{"Est. reading time":"1 minute"},"schema":{"@context":"https:\/\/schema.org","@graph":[{"@type":"WebPage","@id":"https:\/\/www.biopapa.de\/en\/producte\/organic-spirulina-and-chlorella-blend-tablets\/","url":"https:\/\/www.biopapa.de\/en\/producte\/organic-spirulina-and-chlorella-blend-tablets\/","name":"Organic Spirulina and Chlorela blend tablets (500 mg) - Biopapa","isPartOf":{"@id":"https:\/\/www.biopapa.de\/en\/#website"},"primaryImageOfPage":{"@id":"https:\/\/www.biopapa.de\/en\/producte\/organic-spirulina-and-chlorella-blend-tablets\/#primaryimage"},"image":{"@id":"https:\/\/www.biopapa.de\/en\/producte\/organic-spirulina-and-chlorella-blend-tablets\/#primaryimage"},"thumbnailUrl":"https:\/\/www.biopapa.de\/wp-content\/uploads\/2022\/04\/spirulinos-ir-chlorellos-tabletes.jpg","datePublished":"2022-04-01T14:52:26+00:00","dateModified":"2025-09-11T10:49:08+00:00","description":"Spirulina, like Chlorella, is a source of vitamins, proteins and amino acids. The superfood is rich in calcium - calcium is essential for optimal muscle and nervous system function, as well as for bones and teeth.","breadcrumb":{"@id":"https:\/\/www.biopapa.de\/en\/producte\/organic-spirulina-and-chlorella-blend-tablets\/#breadcrumb"},"inLanguage":"en-US","potentialAction":[{"@type":"ReadAction","target":["https:\/\/www.biopapa.de\/en\/producte\/organic-spirulina-and-chlorella-blend-tablets\/"]}]},{"@type":"ImageObject","inLanguage":"en-US","@id":"https:\/\/www.biopapa.de\/en\/producte\/organic-spirulina-and-chlorella-blend-tablets\/#primaryimage","url":"https:\/\/www.biopapa.de\/wp-content\/uploads\/2022\/04\/spirulinos-ir-chlorellos-tabletes.jpg","contentUrl":"https:\/\/www.biopapa.de\/wp-content\/uploads\/2022\/04\/spirulinos-ir-chlorellos-tabletes.jpg","width":800,"height":640,"caption":"Organic Spirulina and Chlorella blend tablets (500 mg)"},{"@type":"BreadcrumbList","@id":"https:\/\/www.biopapa.de\/en\/producte\/organic-spirulina-and-chlorella-blend-tablets\/#breadcrumb","itemListElement":[{"@type":"ListItem","position":1,"name":"Home","item":"https:\/\/www.biopapa.de\/en\/"},{"@type":"ListItem","position":2,"name":"Shop","item":"https:\/\/www.biopapa.de\/en\/shop\/"},{"@type":"ListItem","position":3,"name":"Organic Spirulina and Chlorela blend tablets (500 mg)"}]},{"@type":"WebSite","@id":"https:\/\/www.biopapa.de\/en\/#website","url":"https:\/\/www.biopapa.de\/en\/","name":"Biopapa","description":"\u0160var\u016bs ekologi\u0161ki produktai","publisher":{"@id":"https:\/\/www.biopapa.de\/en\/#organization"},"potentialAction":[{"@type":"SearchAction","target":{"@type":"EntryPoint","urlTemplate":"https:\/\/www.biopapa.de\/en\/?s={search_term_string}"},"query-input":{"@type":"PropertyValueSpecification","valueRequired":true,"valueName":"search_term_string"}}],"inLanguage":"en-US"},{"@type":"Organization","@id":"https:\/\/www.biopapa.de\/en\/#organization","name":"Biopapa","url":"https:\/\/www.biopapa.de\/en\/","logo":{"@type":"ImageObject","inLanguage":"en-US","@id":"https:\/\/www.biopapa.de\/en\/#\/schema\/logo\/image\/","url":"https:\/\/www.biopapa.lt\/wp-content\/uploads\/2022\/04\/facebook_biopapa.jpg","contentUrl":"https:\/\/www.biopapa.lt\/wp-content\/uploads\/2022\/04\/facebook_biopapa.jpg","width":1733,"height":907,"caption":"Biopapa"},"image":{"@id":"https:\/\/www.biopapa.de\/en\/#\/schema\/logo\/image\/"},"sameAs":["https:\/\/www.facebook.com\/biopapa.lt"]}]}},"_links":{"self":[{"href":"https:\/\/www.biopapa.de\/en\/wp-json\/wp\/v2\/product\/32174","targetHints":{"allow":["GET"]}}],"collection":[{"href":"https:\/\/www.biopapa.de\/en\/wp-json\/wp\/v2\/product"}],"about":[{"href":"https:\/\/www.biopapa.de\/en\/wp-json\/wp\/v2\/types\/product"}],"wp:featuredmedia":[{"embeddable":true,"href":"https:\/\/www.biopapa.de\/en\/wp-json\/wp\/v2\/media\/29177"}],"wp:attachment":[{"href":"https:\/\/www.biopapa.de\/en\/wp-json\/wp\/v2\/media?parent=32174"}],"wp:term":[{"taxonomy":"product_brand","embeddable":true,"href":"https:\/\/www.biopapa.de\/en\/wp-json\/wp\/v2\/product_brand?post=32174"},{"taxonomy":"product_cat","embeddable":true,"href":"https:\/\/www.biopapa.de\/en\/wp-json\/wp\/v2\/product_cat?post=32174"},{"taxonomy":"product_tag","embeddable":true,"href":"https:\/\/www.biopapa.de\/en\/wp-json\/wp\/v2\/product_tag?post=32174"}],"curies":[{"name":"wp","href":"https:\/\/api.w.org\/{rel}","templated":true}]}}