{"id":32190,"date":"2022-01-23T13:25:41","date_gmt":"2022-01-23T11:25:41","guid":{"rendered":"https:\/\/www.biopapa.lt\/produktas\/organic-blackcurrant-powder\/"},"modified":"2025-06-16T13:47:49","modified_gmt":"2025-06-16T10:47:49","slug":"organic-blackcurrant-powder","status":"publish","type":"product","link":"https:\/\/www.biopapa.de\/en\/producte\/organic-blackcurrant-powder\/","title":{"rendered":"Organic blackcurrant powder"},"content":{"rendered":"<p><strong>Organic blackcurrant powder<\/strong> made from berries grown in Lithuania.<br \/>\nBlackcurrants have a deep history and are firmly rooted in European culinary traditions.<br \/>\nBlackcurrants (Ribes nigrum) are native to Europe and parts of Asia. They have been cultivated for thousands of years, with written records of their health benefits, such as for treating pain in scurvy. In the Nordic countries, blackcurrant leaves have been used in traditional herbal remedies for various diseases.<br \/>\nBlackcurrant powder is rich in vitamins and minerals.<br \/>\nIn the 17th and 18th centuries, blackcurrants became popular as food and spice ingredients. The berries were used for jams, preserves and syrups, while the leaves were used for pickling or pickling vegetables.<\/p>\n<p>Consumption<br \/>\nBlackcurrants are a popular ingredient in traditional desserts and drinks in many European countries.<br \/>\nIn the UK, blackcurrant products such as jams, juices and sweets are produced and are also associated with the tradition of afternoon tea.<br \/>\nBlackcurrant powder can be added to porridges, salad dressings or marinades, and to baked goods such as muffins, pancakes or bread. It is also suitable for cocktails, desserts, ice cream or frosting. Blackcurrant powder will add nutrition, flavour and colour to your recipes.<\/p>\n<p>The recommendation is usually 1 to 2 teaspoons per day. Start with a small amount, such as half a teaspoon.<\/p>\n<p>Store them in an airtight container in a cool, dry place away from direct sunlight to preserve their freshness and potency.<\/p>\n<p><em>NOTE. The information contained herein should not be construed as a recommendation for treatment or other health issues.<\/em><br \/>\n<em>We encourage you to make personal decisions about your personal health, taking into account a wide range of sources of information.<\/em><\/p>\n","protected":false},"excerpt":{"rendered":"<p>Organic blackcurrant powder made from berries grown in Lithuania. Blackcurrants have a deep history and are firmly rooted in European<\/p>\n","protected":false},"featured_media":28923,"template":"","meta":{"_acf_changed":false},"product_brand":[],"product_cat":[1848,2353],"product_tag":[2088],"class_list":{"0":"post-32190","1":"product","2":"type-product","3":"status-publish","4":"has-post-thumbnail","6":"product_cat-plant-based-superfood","7":"product_cat-powder","8":"product_tag-vegan","9":"pa_svoris-1-kg-en","10":"pa_svoris-100-g-en-2","11":"pa_svoris-200-g-en","12":"pa_svoris-300-g-en","13":"pa_svoris-400-g-en","14":"pa_svoris-5-kg-en","15":"pa_svoris-50-g-en","16":"pa_svoris-500-g-en-2","18":"first","19":"outofstock","20":"shipping-taxable","21":"purchasable","22":"product-type-variable"},"acf":[],"yoast_head":"<!-- This site is optimized with the Yoast SEO plugin v27.5 - https:\/\/yoast.com\/product\/yoast-seo-wordpress\/ -->\n<title>Organic blackcurrant powder - Biopapa<\/title>\n<meta name=\"description\" content=\"Rich in vitamins, minerals and dietary fibre, organic blackcurrant powder is a versatile ingredient that can improve overall well-being.\" \/>\n<meta name=\"robots\" content=\"index, follow, max-snippet:-1, max-image-preview:large, max-video-preview:-1\" \/>\n<link rel=\"canonical\" href=\"https:\/\/www.biopapa.de\/en\/producte\/organic-blackcurrant-powder\/\" \/>\n<meta property=\"og:locale\" content=\"en_US\" \/>\n<meta property=\"og:type\" content=\"article\" \/>\n<meta property=\"og:title\" content=\"Organic blackcurrant powder - Biopapa\" \/>\n<meta property=\"og:description\" content=\"Rich in vitamins, minerals and dietary fibre, organic blackcurrant powder is a versatile ingredient that can improve overall well-being.\" \/>\n<meta property=\"og:url\" content=\"https:\/\/www.biopapa.de\/en\/producte\/organic-blackcurrant-powder\/\" \/>\n<meta property=\"og:site_name\" content=\"Biopapa\" \/>\n<meta property=\"article:publisher\" content=\"https:\/\/www.facebook.com\/biopapa.lt\" \/>\n<meta property=\"article:modified_time\" content=\"2025-06-16T10:47:49+00:00\" \/>\n<meta property=\"og:image\" content=\"https:\/\/www.biopapa.de\/wp-content\/uploads\/2022\/01\/Juod.-serbentu-milteliai.jpg\" \/>\n\t<meta property=\"og:image:width\" content=\"800\" \/>\n\t<meta property=\"og:image:height\" content=\"640\" \/>\n\t<meta property=\"og:image:type\" content=\"image\/jpeg\" \/>\n<meta name=\"twitter:card\" content=\"summary_large_image\" \/>\n<meta name=\"twitter:label1\" content=\"Est. reading time\" \/>\n\t<meta name=\"twitter:data1\" content=\"1 minute\" \/>\n<script type=\"application\/ld+json\" class=\"yoast-schema-graph\">{\"@context\":\"https:\\\/\\\/schema.org\",\"@graph\":[{\"@type\":\"WebPage\",\"@id\":\"https:\\\/\\\/www.biopapa.de\\\/en\\\/producte\\\/organic-blackcurrant-powder\\\/\",\"url\":\"https:\\\/\\\/www.biopapa.de\\\/en\\\/producte\\\/organic-blackcurrant-powder\\\/\",\"name\":\"Organic blackcurrant powder - Biopapa\",\"isPartOf\":{\"@id\":\"https:\\\/\\\/www.biopapa.de\\\/en\\\/#website\"},\"primaryImageOfPage\":{\"@id\":\"https:\\\/\\\/www.biopapa.de\\\/en\\\/producte\\\/organic-blackcurrant-powder\\\/#primaryimage\"},\"image\":{\"@id\":\"https:\\\/\\\/www.biopapa.de\\\/en\\\/producte\\\/organic-blackcurrant-powder\\\/#primaryimage\"},\"thumbnailUrl\":\"https:\\\/\\\/www.biopapa.de\\\/wp-content\\\/uploads\\\/2022\\\/01\\\/Juod.-serbentu-milteliai.jpg\",\"datePublished\":\"2022-01-23T11:25:41+00:00\",\"dateModified\":\"2025-06-16T10:47:49+00:00\",\"description\":\"Rich in vitamins, minerals and dietary fibre, organic blackcurrant powder is a versatile ingredient that can improve overall well-being.\",\"breadcrumb\":{\"@id\":\"https:\\\/\\\/www.biopapa.de\\\/en\\\/producte\\\/organic-blackcurrant-powder\\\/#breadcrumb\"},\"inLanguage\":\"en-US\",\"potentialAction\":[{\"@type\":\"ReadAction\",\"target\":[\"https:\\\/\\\/www.biopapa.de\\\/en\\\/producte\\\/organic-blackcurrant-powder\\\/\"]}]},{\"@type\":\"ImageObject\",\"inLanguage\":\"en-US\",\"@id\":\"https:\\\/\\\/www.biopapa.de\\\/en\\\/producte\\\/organic-blackcurrant-powder\\\/#primaryimage\",\"url\":\"https:\\\/\\\/www.biopapa.de\\\/wp-content\\\/uploads\\\/2022\\\/01\\\/Juod.-serbentu-milteliai.jpg\",\"contentUrl\":\"https:\\\/\\\/www.biopapa.de\\\/wp-content\\\/uploads\\\/2022\\\/01\\\/Juod.-serbentu-milteliai.jpg\",\"width\":800,\"height\":640,\"caption\":\"Organic blackcurrant powder\"},{\"@type\":\"BreadcrumbList\",\"@id\":\"https:\\\/\\\/www.biopapa.de\\\/en\\\/producte\\\/organic-blackcurrant-powder\\\/#breadcrumb\",\"itemListElement\":[{\"@type\":\"ListItem\",\"position\":1,\"name\":\"Home\",\"item\":\"https:\\\/\\\/www.biopapa.de\\\/en\\\/\"},{\"@type\":\"ListItem\",\"position\":2,\"name\":\"Shop\",\"item\":\"https:\\\/\\\/www.biopapa.de\\\/en\\\/shop\\\/\"},{\"@type\":\"ListItem\",\"position\":3,\"name\":\"Organic blackcurrant powder\"}]},{\"@type\":\"WebSite\",\"@id\":\"https:\\\/\\\/www.biopapa.de\\\/en\\\/#website\",\"url\":\"https:\\\/\\\/www.biopapa.de\\\/en\\\/\",\"name\":\"Biopapa\",\"description\":\"\u0160var\u016bs ekologi\u0161ki produktai\",\"publisher\":{\"@id\":\"https:\\\/\\\/www.biopapa.de\\\/en\\\/#organization\"},\"potentialAction\":[{\"@type\":\"SearchAction\",\"target\":{\"@type\":\"EntryPoint\",\"urlTemplate\":\"https:\\\/\\\/www.biopapa.de\\\/en\\\/?s={search_term_string}\"},\"query-input\":{\"@type\":\"PropertyValueSpecification\",\"valueRequired\":true,\"valueName\":\"search_term_string\"}}],\"inLanguage\":\"en-US\"},{\"@type\":\"Organization\",\"@id\":\"https:\\\/\\\/www.biopapa.de\\\/en\\\/#organization\",\"name\":\"Biopapa\",\"url\":\"https:\\\/\\\/www.biopapa.de\\\/en\\\/\",\"logo\":{\"@type\":\"ImageObject\",\"inLanguage\":\"en-US\",\"@id\":\"https:\\\/\\\/www.biopapa.de\\\/en\\\/#\\\/schema\\\/logo\\\/image\\\/\",\"url\":\"https:\\\/\\\/www.biopapa.lt\\\/wp-content\\\/uploads\\\/2022\\\/04\\\/facebook_biopapa.jpg\",\"contentUrl\":\"https:\\\/\\\/www.biopapa.lt\\\/wp-content\\\/uploads\\\/2022\\\/04\\\/facebook_biopapa.jpg\",\"width\":1733,\"height\":907,\"caption\":\"Biopapa\"},\"image\":{\"@id\":\"https:\\\/\\\/www.biopapa.de\\\/en\\\/#\\\/schema\\\/logo\\\/image\\\/\"},\"sameAs\":[\"https:\\\/\\\/www.facebook.com\\\/biopapa.lt\"]}]}<\/script>\n<!-- \/ Yoast SEO plugin. -->","yoast_head_json":{"title":"Organic blackcurrant powder - Biopapa","description":"Rich in vitamins, minerals and dietary fibre, organic blackcurrant powder is a versatile ingredient that can improve overall well-being.","robots":{"index":"index","follow":"follow","max-snippet":"max-snippet:-1","max-image-preview":"max-image-preview:large","max-video-preview":"max-video-preview:-1"},"canonical":"https:\/\/www.biopapa.de\/en\/producte\/organic-blackcurrant-powder\/","og_locale":"en_US","og_type":"article","og_title":"Organic blackcurrant powder - Biopapa","og_description":"Rich in vitamins, minerals and dietary fibre, organic blackcurrant powder is a versatile ingredient that can improve overall well-being.","og_url":"https:\/\/www.biopapa.de\/en\/producte\/organic-blackcurrant-powder\/","og_site_name":"Biopapa","article_publisher":"https:\/\/www.facebook.com\/biopapa.lt","article_modified_time":"2025-06-16T10:47:49+00:00","og_image":[{"width":800,"height":640,"url":"https:\/\/www.biopapa.de\/wp-content\/uploads\/2022\/01\/Juod.-serbentu-milteliai.jpg","type":"image\/jpeg"}],"twitter_card":"summary_large_image","twitter_misc":{"Est. reading time":"1 minute"},"schema":{"@context":"https:\/\/schema.org","@graph":[{"@type":"WebPage","@id":"https:\/\/www.biopapa.de\/en\/producte\/organic-blackcurrant-powder\/","url":"https:\/\/www.biopapa.de\/en\/producte\/organic-blackcurrant-powder\/","name":"Organic blackcurrant powder - Biopapa","isPartOf":{"@id":"https:\/\/www.biopapa.de\/en\/#website"},"primaryImageOfPage":{"@id":"https:\/\/www.biopapa.de\/en\/producte\/organic-blackcurrant-powder\/#primaryimage"},"image":{"@id":"https:\/\/www.biopapa.de\/en\/producte\/organic-blackcurrant-powder\/#primaryimage"},"thumbnailUrl":"https:\/\/www.biopapa.de\/wp-content\/uploads\/2022\/01\/Juod.-serbentu-milteliai.jpg","datePublished":"2022-01-23T11:25:41+00:00","dateModified":"2025-06-16T10:47:49+00:00","description":"Rich in vitamins, minerals and dietary fibre, organic blackcurrant powder is a versatile ingredient that can improve overall well-being.","breadcrumb":{"@id":"https:\/\/www.biopapa.de\/en\/producte\/organic-blackcurrant-powder\/#breadcrumb"},"inLanguage":"en-US","potentialAction":[{"@type":"ReadAction","target":["https:\/\/www.biopapa.de\/en\/producte\/organic-blackcurrant-powder\/"]}]},{"@type":"ImageObject","inLanguage":"en-US","@id":"https:\/\/www.biopapa.de\/en\/producte\/organic-blackcurrant-powder\/#primaryimage","url":"https:\/\/www.biopapa.de\/wp-content\/uploads\/2022\/01\/Juod.-serbentu-milteliai.jpg","contentUrl":"https:\/\/www.biopapa.de\/wp-content\/uploads\/2022\/01\/Juod.-serbentu-milteliai.jpg","width":800,"height":640,"caption":"Organic blackcurrant powder"},{"@type":"BreadcrumbList","@id":"https:\/\/www.biopapa.de\/en\/producte\/organic-blackcurrant-powder\/#breadcrumb","itemListElement":[{"@type":"ListItem","position":1,"name":"Home","item":"https:\/\/www.biopapa.de\/en\/"},{"@type":"ListItem","position":2,"name":"Shop","item":"https:\/\/www.biopapa.de\/en\/shop\/"},{"@type":"ListItem","position":3,"name":"Organic blackcurrant powder"}]},{"@type":"WebSite","@id":"https:\/\/www.biopapa.de\/en\/#website","url":"https:\/\/www.biopapa.de\/en\/","name":"Biopapa","description":"\u0160var\u016bs ekologi\u0161ki produktai","publisher":{"@id":"https:\/\/www.biopapa.de\/en\/#organization"},"potentialAction":[{"@type":"SearchAction","target":{"@type":"EntryPoint","urlTemplate":"https:\/\/www.biopapa.de\/en\/?s={search_term_string}"},"query-input":{"@type":"PropertyValueSpecification","valueRequired":true,"valueName":"search_term_string"}}],"inLanguage":"en-US"},{"@type":"Organization","@id":"https:\/\/www.biopapa.de\/en\/#organization","name":"Biopapa","url":"https:\/\/www.biopapa.de\/en\/","logo":{"@type":"ImageObject","inLanguage":"en-US","@id":"https:\/\/www.biopapa.de\/en\/#\/schema\/logo\/image\/","url":"https:\/\/www.biopapa.lt\/wp-content\/uploads\/2022\/04\/facebook_biopapa.jpg","contentUrl":"https:\/\/www.biopapa.lt\/wp-content\/uploads\/2022\/04\/facebook_biopapa.jpg","width":1733,"height":907,"caption":"Biopapa"},"image":{"@id":"https:\/\/www.biopapa.de\/en\/#\/schema\/logo\/image\/"},"sameAs":["https:\/\/www.facebook.com\/biopapa.lt"]}]}},"_links":{"self":[{"href":"https:\/\/www.biopapa.de\/en\/wp-json\/wp\/v2\/product\/32190","targetHints":{"allow":["GET"]}}],"collection":[{"href":"https:\/\/www.biopapa.de\/en\/wp-json\/wp\/v2\/product"}],"about":[{"href":"https:\/\/www.biopapa.de\/en\/wp-json\/wp\/v2\/types\/product"}],"wp:featuredmedia":[{"embeddable":true,"href":"https:\/\/www.biopapa.de\/en\/wp-json\/wp\/v2\/media\/28923"}],"wp:attachment":[{"href":"https:\/\/www.biopapa.de\/en\/wp-json\/wp\/v2\/media?parent=32190"}],"wp:term":[{"taxonomy":"product_brand","embeddable":true,"href":"https:\/\/www.biopapa.de\/en\/wp-json\/wp\/v2\/product_brand?post=32190"},{"taxonomy":"product_cat","embeddable":true,"href":"https:\/\/www.biopapa.de\/en\/wp-json\/wp\/v2\/product_cat?post=32190"},{"taxonomy":"product_tag","embeddable":true,"href":"https:\/\/www.biopapa.de\/en\/wp-json\/wp\/v2\/product_tag?post=32190"}],"curies":[{"name":"wp","href":"https:\/\/api.w.org\/{rel}","templated":true}]}}