{"id":32225,"date":"2022-05-14T13:32:11","date_gmt":"2022-05-14T10:32:11","guid":{"rendered":"https:\/\/www.biopapa.lt\/produktas\/organic-arrowroot-powder\/"},"modified":"2025-09-22T17:45:45","modified_gmt":"2025-09-22T14:45:45","slug":"organic-arrowroot-powder","status":"publish","type":"product","link":"https:\/\/www.biopapa.de\/en\/producte\/organic-arrowroot-powder\/","title":{"rendered":"Organic arrowroot powder"},"content":{"rendered":"<p><strong>Organic arrowroot powder<\/strong><\/p>\n<p>Arrowroot powder is a practical, versatile and nutritious starch derived from the roots of certain tropical plants that have been prized for centuries for their culinary and medicinal properties.<br \/>\nMaranta <em>(Maranta arundinacea<\/em>) is native to tropical regions of South America, especially the Amazon rainforest. Indigenous peoples in the Caribbean and South America were among the first to recognise the value of this starchy root, using it for food, medicine and even as an ingredient in traditional body paints.<\/p>\n<p><em>Traditional use<\/em><br \/>\nArrowroot has historically been a staple in the diet of many indigenous South American tribes. The high carbohydrate content of roots has made them a valuable source of energy.<br \/>\nMaranta powder has been used topically for a variety of purposes. They were applied to the skin as a soothing treatment for rashes, burns and insect bites.<br \/>\nThey have also been used as a natural body powder and cosmetic base.<\/p>\n<p><em>Current use<\/em><br \/>\nDue to the mild nature of arrowroot powder for the stomach, it continues to be the ingredient of choice in baby food and in food products for people with sensitive digestive systems.<br \/>\nMaranga powder is still used as a natural alternative to talcum powder. It is valued for its ability to absorb moisture and soothe skin irritations.<br \/>\nIt can also be used as a dry shampoo &#8211; just massage into the scalp at the roots of the hair and comb through.<br \/>\nArrowroot powder can be used as a thickener in soups and sauces. It is an excellent substitute for corn starch.<br \/>\nArrowroot powder is a powerful thickener that gives sauces a glossy sheen and baked goods a delicate texture, and improves texture and moisture retention in recipes such as cakes, biscuits and breads.<br \/>\nMaranta powder can be used to aid digestion by mixing a small amount with water and drinking it as a calming drink.<\/p>\n<p><em>Attention<\/em><br \/>\nExcessive intake may cause digestive discomfort.<\/p>\n<p>For baked goods, it is recommended to substitute up to 10% of the flour rate in the recipe.<\/p>\n<p>For sauces &#8211; 1 tbsp. spoonful in 250 ml of water, stir in cold water.<\/p>\n<p><em>Sources:<\/em><br \/>\nhttps:\/\/www.netmeds.com<br \/>\nhttps:\/\/www.webmd.com<\/p>\n<p><em>NOTE. The information contained herein should not be construed as a recommendation for treatment or other health issues. We encourage you to make personal decisions about your personal health, taking into account a wide range of sources of information.<\/em><\/p>\n","protected":false},"excerpt":{"rendered":"<p>Organic arrowroot powder Arrowroot powder is a practical, versatile and nutritious starch derived from the roots of certain tropical plants<\/p>\n","protected":false},"featured_media":29225,"template":"","meta":{"_acf_changed":false},"product_brand":[],"product_cat":[2340,2359,1848],"product_tag":[2363,2056,2088],"class_list":{"0":"post-32225","1":"product","2":"type-product","3":"status-publish","4":"has-post-thumbnail","6":"product_cat-for-food-preparation","7":"product_cat-other","8":"product_cat-plant-based-superfood","9":"product_tag-ecological","10":"product_tag-keto-diet","11":"product_tag-vegan","12":"pa_svoris-50-g-en","13":"pa_svoris-100-g-en-2","14":"pa_svoris-200-g-en","15":"pa_svoris-300-g-en","16":"pa_svoris-400-g-en","17":"pa_svoris-500-g-en-2","18":"pa_svoris-1-kg-en","19":"pa_svoris-25-kg-en","21":"first","22":"instock","23":"shipping-taxable","24":"purchasable","25":"product-type-variable"},"acf":[],"yoast_head":"<!-- This site is optimized with the Yoast SEO plugin v27.5 - https:\/\/yoast.com\/product\/yoast-seo-wordpress\/ -->\n<title>Organic arrowroot powder - Biopapa<\/title>\n<meta name=\"description\" content=\"Organic arrowroot powder is a practical, versatile and nutritious starch derived from the roots of a tropical plant that has been valued for centuries for its culinary and healing properties. Arrowroot powder can be used as a thickener in soups and sauces.\" \/>\n<meta name=\"robots\" content=\"index, follow, max-snippet:-1, max-image-preview:large, max-video-preview:-1\" \/>\n<link rel=\"canonical\" href=\"https:\/\/www.biopapa.de\/en\/producte\/organic-arrowroot-powder\/\" \/>\n<meta property=\"og:locale\" content=\"en_US\" \/>\n<meta property=\"og:type\" content=\"article\" \/>\n<meta property=\"og:title\" content=\"Organic arrowroot powder - Biopapa\" \/>\n<meta property=\"og:description\" content=\"Organic arrowroot powder is a practical, versatile and nutritious starch derived from the roots of a tropical plant that has been valued for centuries for its culinary and healing properties. Arrowroot powder can be used as a thickener in soups and sauces.\" \/>\n<meta property=\"og:url\" content=\"https:\/\/www.biopapa.de\/en\/producte\/organic-arrowroot-powder\/\" \/>\n<meta property=\"og:site_name\" content=\"Biopapa\" \/>\n<meta property=\"article:publisher\" content=\"https:\/\/www.facebook.com\/biopapa.lt\" \/>\n<meta property=\"article:modified_time\" content=\"2025-09-22T14:45:45+00:00\" \/>\n<meta property=\"og:image\" content=\"https:\/\/www.biopapa.de\/wp-content\/uploads\/2022\/05\/marantos-milteliai.jpg\" \/>\n\t<meta property=\"og:image:width\" content=\"800\" \/>\n\t<meta property=\"og:image:height\" content=\"640\" \/>\n\t<meta property=\"og:image:type\" content=\"image\/jpeg\" \/>\n<meta name=\"twitter:card\" content=\"summary_large_image\" \/>\n<meta name=\"twitter:label1\" content=\"Est. reading time\" \/>\n\t<meta name=\"twitter:data1\" content=\"2 minutes\" \/>\n<script type=\"application\/ld+json\" class=\"yoast-schema-graph\">{\"@context\":\"https:\\\/\\\/schema.org\",\"@graph\":[{\"@type\":\"WebPage\",\"@id\":\"https:\\\/\\\/www.biopapa.de\\\/en\\\/producte\\\/organic-arrowroot-powder\\\/\",\"url\":\"https:\\\/\\\/www.biopapa.de\\\/en\\\/producte\\\/organic-arrowroot-powder\\\/\",\"name\":\"Organic arrowroot powder - Biopapa\",\"isPartOf\":{\"@id\":\"https:\\\/\\\/www.biopapa.de\\\/en\\\/#website\"},\"primaryImageOfPage\":{\"@id\":\"https:\\\/\\\/www.biopapa.de\\\/en\\\/producte\\\/organic-arrowroot-powder\\\/#primaryimage\"},\"image\":{\"@id\":\"https:\\\/\\\/www.biopapa.de\\\/en\\\/producte\\\/organic-arrowroot-powder\\\/#primaryimage\"},\"thumbnailUrl\":\"https:\\\/\\\/www.biopapa.de\\\/wp-content\\\/uploads\\\/2022\\\/05\\\/marantos-milteliai.jpg\",\"datePublished\":\"2022-05-14T10:32:11+00:00\",\"dateModified\":\"2025-09-22T14:45:45+00:00\",\"description\":\"Organic arrowroot powder is a practical, versatile and nutritious starch derived from the roots of a tropical plant that has been valued for centuries for its culinary and healing properties. Arrowroot powder can be used as a thickener in soups and sauces.\",\"breadcrumb\":{\"@id\":\"https:\\\/\\\/www.biopapa.de\\\/en\\\/producte\\\/organic-arrowroot-powder\\\/#breadcrumb\"},\"inLanguage\":\"en-US\",\"potentialAction\":[{\"@type\":\"ReadAction\",\"target\":[\"https:\\\/\\\/www.biopapa.de\\\/en\\\/producte\\\/organic-arrowroot-powder\\\/\"]}]},{\"@type\":\"ImageObject\",\"inLanguage\":\"en-US\",\"@id\":\"https:\\\/\\\/www.biopapa.de\\\/en\\\/producte\\\/organic-arrowroot-powder\\\/#primaryimage\",\"url\":\"https:\\\/\\\/www.biopapa.de\\\/wp-content\\\/uploads\\\/2022\\\/05\\\/marantos-milteliai.jpg\",\"contentUrl\":\"https:\\\/\\\/www.biopapa.de\\\/wp-content\\\/uploads\\\/2022\\\/05\\\/marantos-milteliai.jpg\",\"width\":800,\"height\":640,\"caption\":\"Organic arrowroot powder\"},{\"@type\":\"BreadcrumbList\",\"@id\":\"https:\\\/\\\/www.biopapa.de\\\/en\\\/producte\\\/organic-arrowroot-powder\\\/#breadcrumb\",\"itemListElement\":[{\"@type\":\"ListItem\",\"position\":1,\"name\":\"Home\",\"item\":\"https:\\\/\\\/www.biopapa.de\\\/en\\\/\"},{\"@type\":\"ListItem\",\"position\":2,\"name\":\"Shop\",\"item\":\"https:\\\/\\\/www.biopapa.de\\\/en\\\/shop\\\/\"},{\"@type\":\"ListItem\",\"position\":3,\"name\":\"Organic arrowroot powder\"}]},{\"@type\":\"WebSite\",\"@id\":\"https:\\\/\\\/www.biopapa.de\\\/en\\\/#website\",\"url\":\"https:\\\/\\\/www.biopapa.de\\\/en\\\/\",\"name\":\"Biopapa\",\"description\":\"\u0160var\u016bs ekologi\u0161ki produktai\",\"publisher\":{\"@id\":\"https:\\\/\\\/www.biopapa.de\\\/en\\\/#organization\"},\"potentialAction\":[{\"@type\":\"SearchAction\",\"target\":{\"@type\":\"EntryPoint\",\"urlTemplate\":\"https:\\\/\\\/www.biopapa.de\\\/en\\\/?s={search_term_string}\"},\"query-input\":{\"@type\":\"PropertyValueSpecification\",\"valueRequired\":true,\"valueName\":\"search_term_string\"}}],\"inLanguage\":\"en-US\"},{\"@type\":\"Organization\",\"@id\":\"https:\\\/\\\/www.biopapa.de\\\/en\\\/#organization\",\"name\":\"Biopapa\",\"url\":\"https:\\\/\\\/www.biopapa.de\\\/en\\\/\",\"logo\":{\"@type\":\"ImageObject\",\"inLanguage\":\"en-US\",\"@id\":\"https:\\\/\\\/www.biopapa.de\\\/en\\\/#\\\/schema\\\/logo\\\/image\\\/\",\"url\":\"https:\\\/\\\/www.biopapa.lt\\\/wp-content\\\/uploads\\\/2022\\\/04\\\/facebook_biopapa.jpg\",\"contentUrl\":\"https:\\\/\\\/www.biopapa.lt\\\/wp-content\\\/uploads\\\/2022\\\/04\\\/facebook_biopapa.jpg\",\"width\":1733,\"height\":907,\"caption\":\"Biopapa\"},\"image\":{\"@id\":\"https:\\\/\\\/www.biopapa.de\\\/en\\\/#\\\/schema\\\/logo\\\/image\\\/\"},\"sameAs\":[\"https:\\\/\\\/www.facebook.com\\\/biopapa.lt\"]}]}<\/script>\n<!-- \/ Yoast SEO plugin. -->","yoast_head_json":{"title":"Organic arrowroot powder - Biopapa","description":"Organic arrowroot powder is a practical, versatile and nutritious starch derived from the roots of a tropical plant that has been valued for centuries for its culinary and healing properties. Arrowroot powder can be used as a thickener in soups and sauces.","robots":{"index":"index","follow":"follow","max-snippet":"max-snippet:-1","max-image-preview":"max-image-preview:large","max-video-preview":"max-video-preview:-1"},"canonical":"https:\/\/www.biopapa.de\/en\/producte\/organic-arrowroot-powder\/","og_locale":"en_US","og_type":"article","og_title":"Organic arrowroot powder - Biopapa","og_description":"Organic arrowroot powder is a practical, versatile and nutritious starch derived from the roots of a tropical plant that has been valued for centuries for its culinary and healing properties. Arrowroot powder can be used as a thickener in soups and sauces.","og_url":"https:\/\/www.biopapa.de\/en\/producte\/organic-arrowroot-powder\/","og_site_name":"Biopapa","article_publisher":"https:\/\/www.facebook.com\/biopapa.lt","article_modified_time":"2025-09-22T14:45:45+00:00","og_image":[{"width":800,"height":640,"url":"https:\/\/www.biopapa.de\/wp-content\/uploads\/2022\/05\/marantos-milteliai.jpg","type":"image\/jpeg"}],"twitter_card":"summary_large_image","twitter_misc":{"Est. reading time":"2 minutes"},"schema":{"@context":"https:\/\/schema.org","@graph":[{"@type":"WebPage","@id":"https:\/\/www.biopapa.de\/en\/producte\/organic-arrowroot-powder\/","url":"https:\/\/www.biopapa.de\/en\/producte\/organic-arrowroot-powder\/","name":"Organic arrowroot powder - Biopapa","isPartOf":{"@id":"https:\/\/www.biopapa.de\/en\/#website"},"primaryImageOfPage":{"@id":"https:\/\/www.biopapa.de\/en\/producte\/organic-arrowroot-powder\/#primaryimage"},"image":{"@id":"https:\/\/www.biopapa.de\/en\/producte\/organic-arrowroot-powder\/#primaryimage"},"thumbnailUrl":"https:\/\/www.biopapa.de\/wp-content\/uploads\/2022\/05\/marantos-milteliai.jpg","datePublished":"2022-05-14T10:32:11+00:00","dateModified":"2025-09-22T14:45:45+00:00","description":"Organic arrowroot powder is a practical, versatile and nutritious starch derived from the roots of a tropical plant that has been valued for centuries for its culinary and healing properties. Arrowroot powder can be used as a thickener in soups and sauces.","breadcrumb":{"@id":"https:\/\/www.biopapa.de\/en\/producte\/organic-arrowroot-powder\/#breadcrumb"},"inLanguage":"en-US","potentialAction":[{"@type":"ReadAction","target":["https:\/\/www.biopapa.de\/en\/producte\/organic-arrowroot-powder\/"]}]},{"@type":"ImageObject","inLanguage":"en-US","@id":"https:\/\/www.biopapa.de\/en\/producte\/organic-arrowroot-powder\/#primaryimage","url":"https:\/\/www.biopapa.de\/wp-content\/uploads\/2022\/05\/marantos-milteliai.jpg","contentUrl":"https:\/\/www.biopapa.de\/wp-content\/uploads\/2022\/05\/marantos-milteliai.jpg","width":800,"height":640,"caption":"Organic arrowroot powder"},{"@type":"BreadcrumbList","@id":"https:\/\/www.biopapa.de\/en\/producte\/organic-arrowroot-powder\/#breadcrumb","itemListElement":[{"@type":"ListItem","position":1,"name":"Home","item":"https:\/\/www.biopapa.de\/en\/"},{"@type":"ListItem","position":2,"name":"Shop","item":"https:\/\/www.biopapa.de\/en\/shop\/"},{"@type":"ListItem","position":3,"name":"Organic arrowroot powder"}]},{"@type":"WebSite","@id":"https:\/\/www.biopapa.de\/en\/#website","url":"https:\/\/www.biopapa.de\/en\/","name":"Biopapa","description":"\u0160var\u016bs ekologi\u0161ki produktai","publisher":{"@id":"https:\/\/www.biopapa.de\/en\/#organization"},"potentialAction":[{"@type":"SearchAction","target":{"@type":"EntryPoint","urlTemplate":"https:\/\/www.biopapa.de\/en\/?s={search_term_string}"},"query-input":{"@type":"PropertyValueSpecification","valueRequired":true,"valueName":"search_term_string"}}],"inLanguage":"en-US"},{"@type":"Organization","@id":"https:\/\/www.biopapa.de\/en\/#organization","name":"Biopapa","url":"https:\/\/www.biopapa.de\/en\/","logo":{"@type":"ImageObject","inLanguage":"en-US","@id":"https:\/\/www.biopapa.de\/en\/#\/schema\/logo\/image\/","url":"https:\/\/www.biopapa.lt\/wp-content\/uploads\/2022\/04\/facebook_biopapa.jpg","contentUrl":"https:\/\/www.biopapa.lt\/wp-content\/uploads\/2022\/04\/facebook_biopapa.jpg","width":1733,"height":907,"caption":"Biopapa"},"image":{"@id":"https:\/\/www.biopapa.de\/en\/#\/schema\/logo\/image\/"},"sameAs":["https:\/\/www.facebook.com\/biopapa.lt"]}]}},"_links":{"self":[{"href":"https:\/\/www.biopapa.de\/en\/wp-json\/wp\/v2\/product\/32225","targetHints":{"allow":["GET"]}}],"collection":[{"href":"https:\/\/www.biopapa.de\/en\/wp-json\/wp\/v2\/product"}],"about":[{"href":"https:\/\/www.biopapa.de\/en\/wp-json\/wp\/v2\/types\/product"}],"wp:featuredmedia":[{"embeddable":true,"href":"https:\/\/www.biopapa.de\/en\/wp-json\/wp\/v2\/media\/29225"}],"wp:attachment":[{"href":"https:\/\/www.biopapa.de\/en\/wp-json\/wp\/v2\/media?parent=32225"}],"wp:term":[{"taxonomy":"product_brand","embeddable":true,"href":"https:\/\/www.biopapa.de\/en\/wp-json\/wp\/v2\/product_brand?post=32225"},{"taxonomy":"product_cat","embeddable":true,"href":"https:\/\/www.biopapa.de\/en\/wp-json\/wp\/v2\/product_cat?post=32225"},{"taxonomy":"product_tag","embeddable":true,"href":"https:\/\/www.biopapa.de\/en\/wp-json\/wp\/v2\/product_tag?post=32225"}],"curies":[{"name":"wp","href":"https:\/\/api.w.org\/{rel}","templated":true}]}}