{"id":32280,"date":"2021-10-21T16:25:34","date_gmt":"2021-10-21T13:25:34","guid":{"rendered":"https:\/\/www.biopapa.lt\/produktas\/organic-spirulina-tablets-500-mg\/"},"modified":"2025-04-08T14:56:30","modified_gmt":"2025-04-08T11:56:30","slug":"organic-spirulina-tablets-500-mg","status":"publish","type":"product","link":"https:\/\/www.biopapa.de\/en\/producte\/organic-spirulina-tablets-500-mg\/","title":{"rendered":"Organic spirulina tablets 500 mg"},"content":{"rendered":"<p><strong>Organic spirulina tablets 500 mg<br \/>\n100 g = approx. 200 pieces. tablets<\/strong><\/p>\n<p>Recommended daily intake: 6-10 tablets. It is advisable to consult your doctor before consuming nutrient-dense products.<\/p>\n<p>Spirulina is a natural blue-green algae that uses the energy of sunlight to stimulate its growth. As one of the most protein-rich plant foods and a rich source of micronutrients, it is one of the world&#8217;s best and most original superfoods. This minimally processed spirulina powder, grown and harvested in extremely pure water, is dried to a naturally nutritious powder. The spirulina powder is then compressed by a registered pharmaceutical manufacturer into tablets (without the use of any additional additives) containing 500 mg of spirulina. Spirulina tablets are tested and meet the standards set by the Medicines and Healthcare products Regulatory Authority. Organic Spirulina tablets are certified by the <em>Soil Association<\/em> and comply with EU organic standards.<\/p>\n<p><strong>The trace elements in spirulina tablets contribute to:<\/strong><br \/>\n\u2713 reducing fatigue<br \/>\n\u2713 normal production of red blood cells and haemoglobin<br \/>\n\u2713 normal muscle function<br \/>\n\u2713 normal protein synthesis<br \/>\n\u2713 normal psychological functions<br \/>\n\u2713 maintaining normal bone health<br \/>\n\u2713 Normal dental condition<br \/>\n\u2713 the process of cell division<br \/>\n\u2713 normal cognitive functions<br \/>\n\u2713 Carrying normal oxygen through the body<br \/>\n\u2713 Normal immune system function<br \/>\n\u2713 normal functioning of the nervous system<br \/>\n\u2713 regulating hormone activity<br \/>\n\u2713 children&#8217;s cognitive development<br \/>\n\u2713 normal macronutrient metabolism<br \/>\n\u2713 Electrolyte balance<br \/>\n\u2713 normal energy metabolism<br \/>\n\u2713 maintaining normal blood glucose levels<br \/>\n\u2713 normal functioning of the nervous system<br \/>\n\u2713 maintaining normal mucous membranes<br \/>\n\u2713 maintaining normal red blood cells<br \/>\n\u2713 maintaining normal skin<br \/>\n\u2713 maintaining normal vision<br \/>\n\u2713 normal iron metabolism<br \/>\n\u2713 normal homocysteine metabolism<br \/>\n\u2713 Normal protein and glycogen metabolism<br \/>\n\u2713 normal red blood cell production<br \/>\n\u2713 normal iron metabolism<\/p>\n<p><em>NOTE. The information contained herein should not be construed as a recommendation for treatment or other health issues. We encourage you to make personal decisions about your personal health, taking into account a wide range of sources of information.<\/em><\/p>\n<p>&nbsp;<\/p>\n","protected":false},"excerpt":{"rendered":"<p>Organic spirulina tablets 500 mg 100 g = approx. 200 pieces. tablets Recommended daily intake: 6-10 tablets. It is advisable<\/p>\n","protected":false},"featured_media":28825,"template":"","meta":{"_acf_changed":false},"product_brand":[],"product_cat":[2355,1848],"product_tag":[2030,2056,2088],"class_list":{"0":"post-32280","1":"product","2":"type-product","3":"status-publish","4":"has-post-thumbnail","6":"product_cat-pills","7":"product_cat-plant-based-superfood","8":"product_tag-a-source-of-protein","9":"product_tag-keto-diet","10":"product_tag-vegan","11":"pa_svoris-1-kg-en","12":"pa_svoris-100-g-en-2","13":"pa_svoris-20-kg-en-2","14":"pa_svoris-200-g-en","15":"pa_svoris-300-g-en","16":"pa_svoris-400-g-en","17":"pa_svoris-5-kg-en","18":"pa_svoris-50-g-en","19":"pa_svoris-500-g-en-2","21":"first","22":"instock","23":"shipping-taxable","24":"purchasable","25":"product-type-variable"},"acf":[],"yoast_head":"<!-- This site is optimized with the Yoast SEO plugin v27.5 - https:\/\/yoast.com\/product\/yoast-seo-wordpress\/ -->\n<title>Organic spirulina tablets 500 mg - Biopapa<\/title>\n<meta name=\"description\" content=\"Spirulina is a natural blue-green algae that uses the energy of sunlight to stimulate its growth. As one of the most protein-rich plant foods and a rich source of micronutrients, it is one of the world&#039;s best and most original superfoods.\" \/>\n<meta name=\"robots\" content=\"index, follow, max-snippet:-1, max-image-preview:large, max-video-preview:-1\" \/>\n<link rel=\"canonical\" href=\"https:\/\/www.biopapa.de\/en\/producte\/organic-spirulina-tablets-500-mg\/\" \/>\n<meta property=\"og:locale\" content=\"en_US\" \/>\n<meta property=\"og:type\" content=\"article\" \/>\n<meta property=\"og:title\" content=\"Organic spirulina tablets 500 mg - Biopapa\" \/>\n<meta property=\"og:description\" content=\"Spirulina is a natural blue-green algae that uses the energy of sunlight to stimulate its growth. As one of the most protein-rich plant foods and a rich source of micronutrients, it is one of the world&#039;s best and most original superfoods.\" \/>\n<meta property=\"og:url\" content=\"https:\/\/www.biopapa.de\/en\/producte\/organic-spirulina-tablets-500-mg\/\" \/>\n<meta property=\"og:site_name\" content=\"Biopapa\" \/>\n<meta property=\"article:publisher\" content=\"https:\/\/www.facebook.com\/biopapa.lt\" \/>\n<meta property=\"article:modified_time\" content=\"2025-04-08T11:56:30+00:00\" \/>\n<meta property=\"og:image\" content=\"https:\/\/www.biopapa.de\/wp-content\/uploads\/2021\/10\/Ekologiskos-spirulinos-tabletes-500-mg.jpg\" \/>\n\t<meta property=\"og:image:width\" content=\"800\" \/>\n\t<meta property=\"og:image:height\" content=\"640\" \/>\n\t<meta property=\"og:image:type\" content=\"image\/jpeg\" \/>\n<meta name=\"twitter:card\" content=\"summary_large_image\" \/>\n<meta name=\"twitter:label1\" content=\"Est. reading time\" \/>\n\t<meta name=\"twitter:data1\" content=\"1 minute\" \/>\n<script type=\"application\/ld+json\" class=\"yoast-schema-graph\">{\"@context\":\"https:\\\/\\\/schema.org\",\"@graph\":[{\"@type\":\"WebPage\",\"@id\":\"https:\\\/\\\/www.biopapa.de\\\/en\\\/producte\\\/organic-spirulina-tablets-500-mg\\\/\",\"url\":\"https:\\\/\\\/www.biopapa.de\\\/en\\\/producte\\\/organic-spirulina-tablets-500-mg\\\/\",\"name\":\"Organic spirulina tablets 500 mg - Biopapa\",\"isPartOf\":{\"@id\":\"https:\\\/\\\/www.biopapa.de\\\/en\\\/#website\"},\"primaryImageOfPage\":{\"@id\":\"https:\\\/\\\/www.biopapa.de\\\/en\\\/producte\\\/organic-spirulina-tablets-500-mg\\\/#primaryimage\"},\"image\":{\"@id\":\"https:\\\/\\\/www.biopapa.de\\\/en\\\/producte\\\/organic-spirulina-tablets-500-mg\\\/#primaryimage\"},\"thumbnailUrl\":\"https:\\\/\\\/www.biopapa.de\\\/wp-content\\\/uploads\\\/2021\\\/10\\\/Ekologiskos-spirulinos-tabletes-500-mg.jpg\",\"datePublished\":\"2021-10-21T13:25:34+00:00\",\"dateModified\":\"2025-04-08T11:56:30+00:00\",\"description\":\"Spirulina is a natural blue-green algae that uses the energy of sunlight to stimulate its growth. As one of the most protein-rich plant foods and a rich source of micronutrients, it is one of the world's best and most original superfoods.\",\"breadcrumb\":{\"@id\":\"https:\\\/\\\/www.biopapa.de\\\/en\\\/producte\\\/organic-spirulina-tablets-500-mg\\\/#breadcrumb\"},\"inLanguage\":\"en-US\",\"potentialAction\":[{\"@type\":\"ReadAction\",\"target\":[\"https:\\\/\\\/www.biopapa.de\\\/en\\\/producte\\\/organic-spirulina-tablets-500-mg\\\/\"]}]},{\"@type\":\"ImageObject\",\"inLanguage\":\"en-US\",\"@id\":\"https:\\\/\\\/www.biopapa.de\\\/en\\\/producte\\\/organic-spirulina-tablets-500-mg\\\/#primaryimage\",\"url\":\"https:\\\/\\\/www.biopapa.de\\\/wp-content\\\/uploads\\\/2021\\\/10\\\/Ekologiskos-spirulinos-tabletes-500-mg.jpg\",\"contentUrl\":\"https:\\\/\\\/www.biopapa.de\\\/wp-content\\\/uploads\\\/2021\\\/10\\\/Ekologiskos-spirulinos-tabletes-500-mg.jpg\",\"width\":800,\"height\":640,\"caption\":\"Organic spirulina tablets 500 mg\"},{\"@type\":\"BreadcrumbList\",\"@id\":\"https:\\\/\\\/www.biopapa.de\\\/en\\\/producte\\\/organic-spirulina-tablets-500-mg\\\/#breadcrumb\",\"itemListElement\":[{\"@type\":\"ListItem\",\"position\":1,\"name\":\"Home\",\"item\":\"https:\\\/\\\/www.biopapa.de\\\/en\\\/\"},{\"@type\":\"ListItem\",\"position\":2,\"name\":\"Shop\",\"item\":\"https:\\\/\\\/www.biopapa.de\\\/en\\\/shop\\\/\"},{\"@type\":\"ListItem\",\"position\":3,\"name\":\"Organic spirulina tablets 500 mg\"}]},{\"@type\":\"WebSite\",\"@id\":\"https:\\\/\\\/www.biopapa.de\\\/en\\\/#website\",\"url\":\"https:\\\/\\\/www.biopapa.de\\\/en\\\/\",\"name\":\"Biopapa\",\"description\":\"\u0160var\u016bs ekologi\u0161ki produktai\",\"publisher\":{\"@id\":\"https:\\\/\\\/www.biopapa.de\\\/en\\\/#organization\"},\"potentialAction\":[{\"@type\":\"SearchAction\",\"target\":{\"@type\":\"EntryPoint\",\"urlTemplate\":\"https:\\\/\\\/www.biopapa.de\\\/en\\\/?s={search_term_string}\"},\"query-input\":{\"@type\":\"PropertyValueSpecification\",\"valueRequired\":true,\"valueName\":\"search_term_string\"}}],\"inLanguage\":\"en-US\"},{\"@type\":\"Organization\",\"@id\":\"https:\\\/\\\/www.biopapa.de\\\/en\\\/#organization\",\"name\":\"Biopapa\",\"url\":\"https:\\\/\\\/www.biopapa.de\\\/en\\\/\",\"logo\":{\"@type\":\"ImageObject\",\"inLanguage\":\"en-US\",\"@id\":\"https:\\\/\\\/www.biopapa.de\\\/en\\\/#\\\/schema\\\/logo\\\/image\\\/\",\"url\":\"https:\\\/\\\/www.biopapa.lt\\\/wp-content\\\/uploads\\\/2022\\\/04\\\/facebook_biopapa.jpg\",\"contentUrl\":\"https:\\\/\\\/www.biopapa.lt\\\/wp-content\\\/uploads\\\/2022\\\/04\\\/facebook_biopapa.jpg\",\"width\":1733,\"height\":907,\"caption\":\"Biopapa\"},\"image\":{\"@id\":\"https:\\\/\\\/www.biopapa.de\\\/en\\\/#\\\/schema\\\/logo\\\/image\\\/\"},\"sameAs\":[\"https:\\\/\\\/www.facebook.com\\\/biopapa.lt\"]}]}<\/script>\n<!-- \/ Yoast SEO plugin. -->","yoast_head_json":{"title":"Organic spirulina tablets 500 mg - Biopapa","description":"Spirulina is a natural blue-green algae that uses the energy of sunlight to stimulate its growth. As one of the most protein-rich plant foods and a rich source of micronutrients, it is one of the world's best and most original superfoods.","robots":{"index":"index","follow":"follow","max-snippet":"max-snippet:-1","max-image-preview":"max-image-preview:large","max-video-preview":"max-video-preview:-1"},"canonical":"https:\/\/www.biopapa.de\/en\/producte\/organic-spirulina-tablets-500-mg\/","og_locale":"en_US","og_type":"article","og_title":"Organic spirulina tablets 500 mg - Biopapa","og_description":"Spirulina is a natural blue-green algae that uses the energy of sunlight to stimulate its growth. As one of the most protein-rich plant foods and a rich source of micronutrients, it is one of the world's best and most original superfoods.","og_url":"https:\/\/www.biopapa.de\/en\/producte\/organic-spirulina-tablets-500-mg\/","og_site_name":"Biopapa","article_publisher":"https:\/\/www.facebook.com\/biopapa.lt","article_modified_time":"2025-04-08T11:56:30+00:00","og_image":[{"width":800,"height":640,"url":"https:\/\/www.biopapa.de\/wp-content\/uploads\/2021\/10\/Ekologiskos-spirulinos-tabletes-500-mg.jpg","type":"image\/jpeg"}],"twitter_card":"summary_large_image","twitter_misc":{"Est. reading time":"1 minute"},"schema":{"@context":"https:\/\/schema.org","@graph":[{"@type":"WebPage","@id":"https:\/\/www.biopapa.de\/en\/producte\/organic-spirulina-tablets-500-mg\/","url":"https:\/\/www.biopapa.de\/en\/producte\/organic-spirulina-tablets-500-mg\/","name":"Organic spirulina tablets 500 mg - Biopapa","isPartOf":{"@id":"https:\/\/www.biopapa.de\/en\/#website"},"primaryImageOfPage":{"@id":"https:\/\/www.biopapa.de\/en\/producte\/organic-spirulina-tablets-500-mg\/#primaryimage"},"image":{"@id":"https:\/\/www.biopapa.de\/en\/producte\/organic-spirulina-tablets-500-mg\/#primaryimage"},"thumbnailUrl":"https:\/\/www.biopapa.de\/wp-content\/uploads\/2021\/10\/Ekologiskos-spirulinos-tabletes-500-mg.jpg","datePublished":"2021-10-21T13:25:34+00:00","dateModified":"2025-04-08T11:56:30+00:00","description":"Spirulina is a natural blue-green algae that uses the energy of sunlight to stimulate its growth. As one of the most protein-rich plant foods and a rich source of micronutrients, it is one of the world's best and most original superfoods.","breadcrumb":{"@id":"https:\/\/www.biopapa.de\/en\/producte\/organic-spirulina-tablets-500-mg\/#breadcrumb"},"inLanguage":"en-US","potentialAction":[{"@type":"ReadAction","target":["https:\/\/www.biopapa.de\/en\/producte\/organic-spirulina-tablets-500-mg\/"]}]},{"@type":"ImageObject","inLanguage":"en-US","@id":"https:\/\/www.biopapa.de\/en\/producte\/organic-spirulina-tablets-500-mg\/#primaryimage","url":"https:\/\/www.biopapa.de\/wp-content\/uploads\/2021\/10\/Ekologiskos-spirulinos-tabletes-500-mg.jpg","contentUrl":"https:\/\/www.biopapa.de\/wp-content\/uploads\/2021\/10\/Ekologiskos-spirulinos-tabletes-500-mg.jpg","width":800,"height":640,"caption":"Organic spirulina tablets 500 mg"},{"@type":"BreadcrumbList","@id":"https:\/\/www.biopapa.de\/en\/producte\/organic-spirulina-tablets-500-mg\/#breadcrumb","itemListElement":[{"@type":"ListItem","position":1,"name":"Home","item":"https:\/\/www.biopapa.de\/en\/"},{"@type":"ListItem","position":2,"name":"Shop","item":"https:\/\/www.biopapa.de\/en\/shop\/"},{"@type":"ListItem","position":3,"name":"Organic spirulina tablets 500 mg"}]},{"@type":"WebSite","@id":"https:\/\/www.biopapa.de\/en\/#website","url":"https:\/\/www.biopapa.de\/en\/","name":"Biopapa","description":"\u0160var\u016bs ekologi\u0161ki produktai","publisher":{"@id":"https:\/\/www.biopapa.de\/en\/#organization"},"potentialAction":[{"@type":"SearchAction","target":{"@type":"EntryPoint","urlTemplate":"https:\/\/www.biopapa.de\/en\/?s={search_term_string}"},"query-input":{"@type":"PropertyValueSpecification","valueRequired":true,"valueName":"search_term_string"}}],"inLanguage":"en-US"},{"@type":"Organization","@id":"https:\/\/www.biopapa.de\/en\/#organization","name":"Biopapa","url":"https:\/\/www.biopapa.de\/en\/","logo":{"@type":"ImageObject","inLanguage":"en-US","@id":"https:\/\/www.biopapa.de\/en\/#\/schema\/logo\/image\/","url":"https:\/\/www.biopapa.lt\/wp-content\/uploads\/2022\/04\/facebook_biopapa.jpg","contentUrl":"https:\/\/www.biopapa.lt\/wp-content\/uploads\/2022\/04\/facebook_biopapa.jpg","width":1733,"height":907,"caption":"Biopapa"},"image":{"@id":"https:\/\/www.biopapa.de\/en\/#\/schema\/logo\/image\/"},"sameAs":["https:\/\/www.facebook.com\/biopapa.lt"]}]}},"_links":{"self":[{"href":"https:\/\/www.biopapa.de\/en\/wp-json\/wp\/v2\/product\/32280","targetHints":{"allow":["GET"]}}],"collection":[{"href":"https:\/\/www.biopapa.de\/en\/wp-json\/wp\/v2\/product"}],"about":[{"href":"https:\/\/www.biopapa.de\/en\/wp-json\/wp\/v2\/types\/product"}],"wp:featuredmedia":[{"embeddable":true,"href":"https:\/\/www.biopapa.de\/en\/wp-json\/wp\/v2\/media\/28825"}],"wp:attachment":[{"href":"https:\/\/www.biopapa.de\/en\/wp-json\/wp\/v2\/media?parent=32280"}],"wp:term":[{"taxonomy":"product_brand","embeddable":true,"href":"https:\/\/www.biopapa.de\/en\/wp-json\/wp\/v2\/product_brand?post=32280"},{"taxonomy":"product_cat","embeddable":true,"href":"https:\/\/www.biopapa.de\/en\/wp-json\/wp\/v2\/product_cat?post=32280"},{"taxonomy":"product_tag","embeddable":true,"href":"https:\/\/www.biopapa.de\/en\/wp-json\/wp\/v2\/product_tag?post=32280"}],"curies":[{"name":"wp","href":"https:\/\/api.w.org\/{rel}","templated":true}]}}