{"id":32326,"date":"2021-10-01T17:00:32","date_gmt":"2021-10-01T14:00:32","guid":{"rendered":"https:\/\/www.biopapa.lt\/produktas\/organic-ceremonial-matcha-tea-from-japan\/"},"modified":"2025-11-16T04:41:29","modified_gmt":"2025-11-16T02:41:29","slug":"organic-ceremonial-matcha-matcha-arbata-from-japan","status":"publish","type":"product","link":"https:\/\/www.biopapa.de\/en\/producte\/organic-ceremonial-matcha-matcha-arbata-from-japan\/","title":{"rendered":"Organic Ceremonial matcha tea from Japan"},"content":{"rendered":"<p><strong>Japanese Ceremonial Matcha <\/strong>, a bright green tea powder, has been an integral part of Japanese culture for centuries. Its origins date back to the 12th century, where Zen Buddhist monks first introduced the art of growing and preparing matcha. Over time, the elaborate tea ceremony has evolved to become a profound symbol of harmony, respect and mindfulness in Japanese tradition.<\/p>\n<p>Organic ceremonial matcha tea from Japan is the highest quality green tea powder, which has been used in the Japanese traditional tea ceremony for almost a millennium.<br \/>\nCeremonial matcha is made from tea leaves grown in the shade, avoiding direct sunlight, thus stimulating the production of higher levels of chlorophyll for a richer green colour. After picking, the leaves are thoroughly steamed, dried and ground to form a fine, velvety powder called macha. It is this type of ceremonial machia that meets EU standards for environmental friendliness.<\/p>\n<p>Ceremonial matcha has a very pleasant, aromatic and mild flavour. That is why it can be consumed as a pure tea, as an energising drink or as part of the main tea ceremony.<br \/>\nMaca is rich in antioxidants and it also has caffeine, but it is completely different from the caffeine in coffee.<\/p>\n<p>Matcha&#8217;s journey from ancient ceremonial rituals to a modern healthy lifestyle has cemented its place as one of the most famous drinks around the world. This green tea powder continues to fascinate with its rich history, cultural significance and undeniable health benefits.<br \/>\nAs a powdered green tea, matcha retains all the nutrients found in the tea leaves, making it a potent source of antioxidants, vitamins and minerals.<br \/>\nMatcha is a popular choice among those seeking a balanced lifestyle. Many people value matcha for its ability to help maintain concentration and a sense of calm, while maintaining energy. In addition, the chlorophyll it contains may help natural cleansing processes, removing harmful toxins.<\/p>\n<p>Attention:<br \/>\nAlthough matcha is generally safe to consume in moderation, matcha is well tolerated and contains caffeine, which may cause sensitivity in some individuals.<br \/>\nMacha contains (-)- epigallocatechin-3-gallate.<br \/>\nThe daily portion must contain less than 800 mg (-)-epigallocatechin-3-gallate (2 g portion &#8211; 41 mg).<br \/>\nExcessive intake can cause irritability, sleep or digestive problems.<br \/>\nPregnant or breastfeeding women and people with caffeine sensitivity should be careful before including matcha in their diet.<\/p>\n<p>Use and preparation of ceremonial matcha:<br \/>\nJapanese ceremonial matcha is traditionally prepared using a bamboo matcha whisk and a bowl, paying homage to the traditional tea ceremony.<br \/>\nPreparation: sieve 0,5 &#8211; 1 tsp. sp. Place the matcha in a bowl, add about 100 ml of hot water (about 80 \u00b0C) and whisk in a zigzag motion until an emerald-coloured foam is formed. If you want your matcha to be less strong, add more water or vegetable milk to taste.<br \/>\nFor best results, the whisk should be soaked in hot water before use.<\/p>\n<p>Macha is becoming increasingly popular as a culinary ingredient, and has recently been used in cocktails, lattes, desserts and savoury dishes, where it can have a unique flavour and a distinctive colour.<\/p>\n<p>Japanese ceremonial matcha is a symbol of ancient wisdom and modern prosperity. In addition to its cultural significance, this emerald color elixir offers great health benefits and pleasant sensations. Whether you&#8217;re taking part in a traditional tea ceremony or enjoying the culinary discoveries of Machia, incorporating this vibrant green powder into your daily routine promises a journey of remarkable sensations that it brings to body, mind and spirit.<br \/>\nDelicious!<\/p>\n<p>Sources:<br \/>\nhttps:\/\/matcha.com<br \/>\nhttps:\/\/ujido.com<\/p>\n<p><em>NOTE. The information contained herein should not be construed as a recommendation for treatment or other health issues. We encourage you to make personal decisions about your personal health, taking into account a wide range of sources of information.<\/em><\/p>\n","protected":false},"excerpt":{"rendered":"<p>Japanese Ceremonial Matcha , a bright green tea powder, has been an integral part of Japanese culture for centuries. Its<\/p>\n","protected":false},"featured_media":29137,"template":"","meta":{"_acf_changed":false},"product_brand":[],"product_cat":[2379,1848,2353,1945,1847],"product_tag":[2645],"class_list":{"0":"post-32326","1":"product","2":"type-product","3":"status-publish","4":"has-post-thumbnail","6":"product_cat-mathca-tea","7":"product_cat-plant-based-superfood","8":"product_cat-powder","9":"product_cat-tea","10":"product_cat-organic-tea-coffee-cocoa","11":"product_tag-for-veganer","12":"pa_svoris-1-kg-en","13":"pa_svoris-10-kg-en-2","14":"pa_svoris-100-g-en-2","15":"pa_svoris-200-g-en","16":"pa_svoris-25-g-en","17":"pa_svoris-300-g-en","18":"pa_svoris-400-g-en","19":"pa_svoris-50-g-en","20":"pa_svoris-500-g-en-2","22":"first","23":"instock","24":"shipping-taxable","25":"purchasable","26":"product-type-variable"},"acf":[],"yoast_head":"<!-- This site is optimized with the Yoast SEO plugin v27.3 - https:\/\/yoast.com\/product\/yoast-seo-wordpress\/ -->\n<title>Organic Ceremonial matcha tea from Japan - Biopapa<\/title>\n<meta name=\"description\" content=\"Organic Japanese Ceremonial Matcha Tea is a premium quality green tea powder that has been used in the Japanese traditional tea ceremony for almost a millennium.\" \/>\n<meta name=\"robots\" content=\"index, follow, max-snippet:-1, max-image-preview:large, max-video-preview:-1\" \/>\n<link rel=\"canonical\" href=\"https:\/\/www.biopapa.de\/en\/producte\/organic-ceremonial-matcha-matcha-arbata-from-japan\/\" \/>\n<meta property=\"og:locale\" content=\"en_US\" \/>\n<meta property=\"og:type\" content=\"article\" \/>\n<meta property=\"og:title\" content=\"Organic Ceremonial matcha tea from Japan - Biopapa\" \/>\n<meta property=\"og:description\" content=\"Organic Japanese Ceremonial Matcha Tea is a premium quality green tea powder that has been used in the Japanese traditional tea ceremony for almost a millennium.\" \/>\n<meta property=\"og:url\" content=\"https:\/\/www.biopapa.de\/en\/producte\/organic-ceremonial-matcha-matcha-arbata-from-japan\/\" \/>\n<meta property=\"og:site_name\" content=\"Biopapa\" \/>\n<meta property=\"article:publisher\" content=\"https:\/\/www.facebook.com\/biopapa.lt\" \/>\n<meta property=\"article:modified_time\" content=\"2025-11-16T02:41:29+00:00\" \/>\n<meta property=\"og:image\" content=\"https:\/\/www.biopapa.de\/wp-content\/uploads\/2021\/10\/ceremonine-matcha.jpg\" \/>\n\t<meta property=\"og:image:width\" content=\"800\" \/>\n\t<meta property=\"og:image:height\" content=\"640\" \/>\n\t<meta property=\"og:image:type\" content=\"image\/jpeg\" \/>\n<meta name=\"twitter:card\" content=\"summary_large_image\" \/>\n<meta name=\"twitter:label1\" content=\"Est. reading time\" \/>\n\t<meta name=\"twitter:data1\" content=\"3 minutes\" \/>\n<script type=\"application\/ld+json\" class=\"yoast-schema-graph\">{\"@context\":\"https:\\\/\\\/schema.org\",\"@graph\":[{\"@type\":\"WebPage\",\"@id\":\"https:\\\/\\\/www.biopapa.de\\\/en\\\/producte\\\/organic-ceremonial-matcha-matcha-arbata-from-japan\\\/\",\"url\":\"https:\\\/\\\/www.biopapa.de\\\/en\\\/producte\\\/organic-ceremonial-matcha-matcha-arbata-from-japan\\\/\",\"name\":\"Organic Ceremonial matcha tea from Japan - Biopapa\",\"isPartOf\":{\"@id\":\"https:\\\/\\\/www.biopapa.de\\\/en\\\/#website\"},\"primaryImageOfPage\":{\"@id\":\"https:\\\/\\\/www.biopapa.de\\\/en\\\/producte\\\/organic-ceremonial-matcha-matcha-arbata-from-japan\\\/#primaryimage\"},\"image\":{\"@id\":\"https:\\\/\\\/www.biopapa.de\\\/en\\\/producte\\\/organic-ceremonial-matcha-matcha-arbata-from-japan\\\/#primaryimage\"},\"thumbnailUrl\":\"https:\\\/\\\/www.biopapa.de\\\/wp-content\\\/uploads\\\/2021\\\/10\\\/ceremonine-matcha.jpg\",\"datePublished\":\"2021-10-01T14:00:32+00:00\",\"dateModified\":\"2025-11-16T02:41:29+00:00\",\"description\":\"Organic Japanese Ceremonial Matcha Tea is a premium quality green tea powder that has been used in the Japanese traditional tea ceremony for almost a millennium.\",\"breadcrumb\":{\"@id\":\"https:\\\/\\\/www.biopapa.de\\\/en\\\/producte\\\/organic-ceremonial-matcha-matcha-arbata-from-japan\\\/#breadcrumb\"},\"inLanguage\":\"en-US\",\"potentialAction\":[{\"@type\":\"ReadAction\",\"target\":[\"https:\\\/\\\/www.biopapa.de\\\/en\\\/producte\\\/organic-ceremonial-matcha-matcha-arbata-from-japan\\\/\"]}]},{\"@type\":\"ImageObject\",\"inLanguage\":\"en-US\",\"@id\":\"https:\\\/\\\/www.biopapa.de\\\/en\\\/producte\\\/organic-ceremonial-matcha-matcha-arbata-from-japan\\\/#primaryimage\",\"url\":\"https:\\\/\\\/www.biopapa.de\\\/wp-content\\\/uploads\\\/2021\\\/10\\\/ceremonine-matcha.jpg\",\"contentUrl\":\"https:\\\/\\\/www.biopapa.de\\\/wp-content\\\/uploads\\\/2021\\\/10\\\/ceremonine-matcha.jpg\",\"width\":800,\"height\":640,\"caption\":\"Organic Ceremonial Matcha Tea from Japan\"},{\"@type\":\"BreadcrumbList\",\"@id\":\"https:\\\/\\\/www.biopapa.de\\\/en\\\/producte\\\/organic-ceremonial-matcha-matcha-arbata-from-japan\\\/#breadcrumb\",\"itemListElement\":[{\"@type\":\"ListItem\",\"position\":1,\"name\":\"Home\",\"item\":\"https:\\\/\\\/www.biopapa.de\\\/en\\\/\"},{\"@type\":\"ListItem\",\"position\":2,\"name\":\"Shop\",\"item\":\"https:\\\/\\\/www.biopapa.de\\\/en\\\/shop\\\/\"},{\"@type\":\"ListItem\",\"position\":3,\"name\":\"Organic Ceremonial matcha tea from Japan\"}]},{\"@type\":\"WebSite\",\"@id\":\"https:\\\/\\\/www.biopapa.de\\\/en\\\/#website\",\"url\":\"https:\\\/\\\/www.biopapa.de\\\/en\\\/\",\"name\":\"Biopapa\",\"description\":\"\u0160var\u016bs ekologi\u0161ki produktai\",\"publisher\":{\"@id\":\"https:\\\/\\\/www.biopapa.de\\\/en\\\/#organization\"},\"potentialAction\":[{\"@type\":\"SearchAction\",\"target\":{\"@type\":\"EntryPoint\",\"urlTemplate\":\"https:\\\/\\\/www.biopapa.de\\\/en\\\/?s={search_term_string}\"},\"query-input\":{\"@type\":\"PropertyValueSpecification\",\"valueRequired\":true,\"valueName\":\"search_term_string\"}}],\"inLanguage\":\"en-US\"},{\"@type\":\"Organization\",\"@id\":\"https:\\\/\\\/www.biopapa.de\\\/en\\\/#organization\",\"name\":\"Biopapa\",\"url\":\"https:\\\/\\\/www.biopapa.de\\\/en\\\/\",\"logo\":{\"@type\":\"ImageObject\",\"inLanguage\":\"en-US\",\"@id\":\"https:\\\/\\\/www.biopapa.de\\\/en\\\/#\\\/schema\\\/logo\\\/image\\\/\",\"url\":\"https:\\\/\\\/www.biopapa.lt\\\/wp-content\\\/uploads\\\/2022\\\/04\\\/facebook_biopapa.jpg\",\"contentUrl\":\"https:\\\/\\\/www.biopapa.lt\\\/wp-content\\\/uploads\\\/2022\\\/04\\\/facebook_biopapa.jpg\",\"width\":1733,\"height\":907,\"caption\":\"Biopapa\"},\"image\":{\"@id\":\"https:\\\/\\\/www.biopapa.de\\\/en\\\/#\\\/schema\\\/logo\\\/image\\\/\"},\"sameAs\":[\"https:\\\/\\\/www.facebook.com\\\/biopapa.lt\"]}]}<\/script>\n<!-- \/ Yoast SEO plugin. -->","yoast_head_json":{"title":"Organic Ceremonial matcha tea from Japan - Biopapa","description":"Organic Japanese Ceremonial Matcha Tea is a premium quality green tea powder that has been used in the Japanese traditional tea ceremony for almost a millennium.","robots":{"index":"index","follow":"follow","max-snippet":"max-snippet:-1","max-image-preview":"max-image-preview:large","max-video-preview":"max-video-preview:-1"},"canonical":"https:\/\/www.biopapa.de\/en\/producte\/organic-ceremonial-matcha-matcha-arbata-from-japan\/","og_locale":"en_US","og_type":"article","og_title":"Organic Ceremonial matcha tea from Japan - Biopapa","og_description":"Organic Japanese Ceremonial Matcha Tea is a premium quality green tea powder that has been used in the Japanese traditional tea ceremony for almost a millennium.","og_url":"https:\/\/www.biopapa.de\/en\/producte\/organic-ceremonial-matcha-matcha-arbata-from-japan\/","og_site_name":"Biopapa","article_publisher":"https:\/\/www.facebook.com\/biopapa.lt","article_modified_time":"2025-11-16T02:41:29+00:00","og_image":[{"width":800,"height":640,"url":"https:\/\/www.biopapa.de\/wp-content\/uploads\/2021\/10\/ceremonine-matcha.jpg","type":"image\/jpeg"}],"twitter_card":"summary_large_image","twitter_misc":{"Est. reading time":"3 minutes"},"schema":{"@context":"https:\/\/schema.org","@graph":[{"@type":"WebPage","@id":"https:\/\/www.biopapa.de\/en\/producte\/organic-ceremonial-matcha-matcha-arbata-from-japan\/","url":"https:\/\/www.biopapa.de\/en\/producte\/organic-ceremonial-matcha-matcha-arbata-from-japan\/","name":"Organic Ceremonial matcha tea from Japan - Biopapa","isPartOf":{"@id":"https:\/\/www.biopapa.de\/en\/#website"},"primaryImageOfPage":{"@id":"https:\/\/www.biopapa.de\/en\/producte\/organic-ceremonial-matcha-matcha-arbata-from-japan\/#primaryimage"},"image":{"@id":"https:\/\/www.biopapa.de\/en\/producte\/organic-ceremonial-matcha-matcha-arbata-from-japan\/#primaryimage"},"thumbnailUrl":"https:\/\/www.biopapa.de\/wp-content\/uploads\/2021\/10\/ceremonine-matcha.jpg","datePublished":"2021-10-01T14:00:32+00:00","dateModified":"2025-11-16T02:41:29+00:00","description":"Organic Japanese Ceremonial Matcha Tea is a premium quality green tea powder that has been used in the Japanese traditional tea ceremony for almost a millennium.","breadcrumb":{"@id":"https:\/\/www.biopapa.de\/en\/producte\/organic-ceremonial-matcha-matcha-arbata-from-japan\/#breadcrumb"},"inLanguage":"en-US","potentialAction":[{"@type":"ReadAction","target":["https:\/\/www.biopapa.de\/en\/producte\/organic-ceremonial-matcha-matcha-arbata-from-japan\/"]}]},{"@type":"ImageObject","inLanguage":"en-US","@id":"https:\/\/www.biopapa.de\/en\/producte\/organic-ceremonial-matcha-matcha-arbata-from-japan\/#primaryimage","url":"https:\/\/www.biopapa.de\/wp-content\/uploads\/2021\/10\/ceremonine-matcha.jpg","contentUrl":"https:\/\/www.biopapa.de\/wp-content\/uploads\/2021\/10\/ceremonine-matcha.jpg","width":800,"height":640,"caption":"Organic Ceremonial Matcha Tea from Japan"},{"@type":"BreadcrumbList","@id":"https:\/\/www.biopapa.de\/en\/producte\/organic-ceremonial-matcha-matcha-arbata-from-japan\/#breadcrumb","itemListElement":[{"@type":"ListItem","position":1,"name":"Home","item":"https:\/\/www.biopapa.de\/en\/"},{"@type":"ListItem","position":2,"name":"Shop","item":"https:\/\/www.biopapa.de\/en\/shop\/"},{"@type":"ListItem","position":3,"name":"Organic Ceremonial matcha tea from Japan"}]},{"@type":"WebSite","@id":"https:\/\/www.biopapa.de\/en\/#website","url":"https:\/\/www.biopapa.de\/en\/","name":"Biopapa","description":"\u0160var\u016bs ekologi\u0161ki produktai","publisher":{"@id":"https:\/\/www.biopapa.de\/en\/#organization"},"potentialAction":[{"@type":"SearchAction","target":{"@type":"EntryPoint","urlTemplate":"https:\/\/www.biopapa.de\/en\/?s={search_term_string}"},"query-input":{"@type":"PropertyValueSpecification","valueRequired":true,"valueName":"search_term_string"}}],"inLanguage":"en-US"},{"@type":"Organization","@id":"https:\/\/www.biopapa.de\/en\/#organization","name":"Biopapa","url":"https:\/\/www.biopapa.de\/en\/","logo":{"@type":"ImageObject","inLanguage":"en-US","@id":"https:\/\/www.biopapa.de\/en\/#\/schema\/logo\/image\/","url":"https:\/\/www.biopapa.lt\/wp-content\/uploads\/2022\/04\/facebook_biopapa.jpg","contentUrl":"https:\/\/www.biopapa.lt\/wp-content\/uploads\/2022\/04\/facebook_biopapa.jpg","width":1733,"height":907,"caption":"Biopapa"},"image":{"@id":"https:\/\/www.biopapa.de\/en\/#\/schema\/logo\/image\/"},"sameAs":["https:\/\/www.facebook.com\/biopapa.lt"]}]}},"_links":{"self":[{"href":"https:\/\/www.biopapa.de\/en\/wp-json\/wp\/v2\/product\/32326","targetHints":{"allow":["GET"]}}],"collection":[{"href":"https:\/\/www.biopapa.de\/en\/wp-json\/wp\/v2\/product"}],"about":[{"href":"https:\/\/www.biopapa.de\/en\/wp-json\/wp\/v2\/types\/product"}],"wp:featuredmedia":[{"embeddable":true,"href":"https:\/\/www.biopapa.de\/en\/wp-json\/wp\/v2\/media\/29137"}],"wp:attachment":[{"href":"https:\/\/www.biopapa.de\/en\/wp-json\/wp\/v2\/media?parent=32326"}],"wp:term":[{"taxonomy":"product_brand","embeddable":true,"href":"https:\/\/www.biopapa.de\/en\/wp-json\/wp\/v2\/product_brand?post=32326"},{"taxonomy":"product_cat","embeddable":true,"href":"https:\/\/www.biopapa.de\/en\/wp-json\/wp\/v2\/product_cat?post=32326"},{"taxonomy":"product_tag","embeddable":true,"href":"https:\/\/www.biopapa.de\/en\/wp-json\/wp\/v2\/product_tag?post=32326"}],"curies":[{"name":"wp","href":"https:\/\/api.w.org\/{rel}","templated":true}]}}