{"id":32435,"date":"2021-07-28T18:51:50","date_gmt":"2021-07-28T15:51:50","guid":{"rendered":"https:\/\/www.biopapa.lt\/produktas\/organic-ground-ginger\/"},"modified":"2026-02-03T16:47:22","modified_gmt":"2026-02-03T14:47:22","slug":"organic-ginger-powder","status":"publish","type":"product","link":"https:\/\/www.biopapa.de\/en\/producte\/organic-ginger-powder\/","title":{"rendered":"Organic ground ginger"},"content":{"rendered":"<p><strong>Organic ground ginger<\/strong><br \/>\nGinger is considered one of the most valuable and widely used herbs and its healing effects have been known for centuries. Ginger, Latin Zingiber officinale, is a perennial herb found mainly in China, India and Nepal.<br \/>\nGinger comes from a family of plants that includes cardamom and turmeric. Its pungent taste is mainly due to ketones, especially gingerols, which are the main components of ginger and have been studied in many health-related scientific studies. In India and China, ginger has been used for millennia. Ginger is believed to have arrived in the Roman Empire from India 2 000 000 years ago, spreading throughout Europe.<br \/>\nLike many medicinal plants, ginger&#8217;s health benefits have been passed on by word of mouth and lack the scientific evidence to back up many of the claims. However, over the last few years, many studies have been carried out on the properties of ginger and its various components, which have confirmed the wide-ranging health benefits of ginger.<br \/>\nGinger thus not only tastes great, but also has many health benefits. The most commonly used part is the above-ground rhizome, sometimes incorrectly referred to as roots.<br \/>\nThink &#8220;digestion&#8221; when using ginger, although it is not only in this area that it can be beneficial.<\/p>\n<p>Ginger is used both fresh and dried. Fresh ginger is safe for most people. Dry ginger is spicier and may be too strong for some, so it should be used sparingly in summer and early autumn.<\/p>\n<p>Dried ginger powder and fresh ginger are used as a spice in cooking. It also combines well with other spices such as turmeric, cumin, coriander, fennel and cinnamon. Ginger is used in sauces, curries, marinades, soup, stews, baked goods and tea.<br \/>\nGinger is particularly suitable for the winter season. Ginger tea not only provides cosy warmth on cold winter days, but can also be used to give a wonderful warming flavour to biscuits and other sweets. Most of us probably don&#8217;t go without ginger-flavoured treats on our Christmas table.<\/p>\n<p>Remark. Dried ginger is safe to consume, but it is not advisable to consume doses higher than 5 grams per day. Dried ginger powder is not recommended for frequent use during hot summer days.<\/p>\n<p>Recipes:<\/p>\n<p>Prepare a few apples, cut out the stems with the seeds and put them in a baking dish with 1\/2 cup of water. Grate fresh ginger into the raisin-cinnamon mixture. Fill the apples with this mixture and bake at 170 C for about 30 minutes. Drizzle with agave or maple syrup after baking. Delicious!<br \/>\nChop fresh ginger, splash with lemon juice and eat with a pinch of Himalayan salt. This is said to help nutrient absorption.<br \/>\nGrate 1 teaspoon of fresh ginger very finely (to the consistency of porridge), add a pinch of Himalayan salt and a drop of oil, and eat 10-15 minutes before lunch. This stimulates digestion.<br \/>\nCHAI Masala Tea Spice Blend:<br \/>\n6 tbsp dry ginger powder 45g<br \/>\n\u00bd puodelio \u017ealio kardamono ank\u0161\u010di\u0173 arba 80 g \u017ealio kardamono milteli\u0173<br \/>\n\u00bc cup cloves or 18g clove powder<br \/>\n\u00bc cup black pepper or 30g black pepper powder<br \/>\n1-1,5 cinnamon sticks or 8g cinnamon powder<br \/>\nGrind all the ingredients in a coffee or spice grinder to a coarse powder. Mix the ingredients well and store in an airtight container in a dry and dark place. This mixture can be made from already ground spices.<br \/>\nFor each cup of CHAI masala, use 1\/4 &#8211; 1\/2 teaspoon (whatever strength you prefer) of this spice mix. U\u017evirkite vanden\u012f, \u012fd\u0117kite miltelius \u012f vanden\u012f ir ant ma\u017eos ugnis pavirti apie 1-3 min, \u012fpilkite augalinio g\u0117rimo arba pieno, pakaitinkite iki u\u017evirimo.<\/p>\n<p>Sources:<br \/>\nhttps:\/\/someindiangirl.com<\/p>\n<blockquote class=\"wp-embedded-content\" data-secret=\"tsBtg2DRoH\"><p><a href=\"https:\/\/www.tcmworld.org\/\">Home Page<\/a><\/p><\/blockquote>\n<p><iframe class=\"wp-embedded-content\" sandbox=\"allow-scripts\" security=\"restricted\" style=\"position: absolute; visibility: hidden;\" title=\"&#8220;Home Page&#8221; &#8212; TCM World\" src=\"https:\/\/www.tcmworld.org\/embed\/#?secret=QxdaR8n8mA#?secret=tsBtg2DRoH\" data-secret=\"tsBtg2DRoH\" width=\"500\" height=\"282\" frameborder=\"0\" marginwidth=\"0\" marginheight=\"0\" scrolling=\"no\"><\/iframe><br \/>\nhttps:\/\/www.banyanbotanicals.com<\/p>\n<p>NOTE. The information contained herein should not be construed as a recommendation for treatment or other health issues.<br \/>\nWe encourage you to make personal decisions about your personal health, taking into account a wide range of sources of information.<\/p>\n","protected":false},"excerpt":{"rendered":"<p>Organic ground ginger Ginger is considered one of the most valuable and widely used herbs and its healing effects have<\/p>\n","protected":false},"featured_media":28813,"template":"","meta":{"_acf_changed":false},"product_brand":[],"product_cat":[1853,1848,2353],"product_tag":[2088],"class_list":{"0":"post-32435","1":"product","2":"type-product","3":"status-publish","4":"has-post-thumbnail","6":"product_cat-organic-spices","7":"product_cat-plant-based-superfood","8":"product_cat-powder","9":"product_tag-vegan","10":"pa_svoris-1-kg-en","11":"pa_svoris-100-g-en-2","12":"pa_svoris-20-kg-en-2","13":"pa_svoris-200-g-en","14":"pa_svoris-25-g-en","15":"pa_svoris-300-g-en","16":"pa_svoris-400-g-en","17":"pa_svoris-50-g-en","18":"pa_svoris-500-g-en-2","20":"first","21":"instock","22":"shipping-taxable","23":"purchasable","24":"product-type-variable"},"acf":[],"yoast_head":"<!-- This site is optimized with the Yoast SEO plugin v27.5 - https:\/\/yoast.com\/product\/yoast-seo-wordpress\/ -->\n<title>Organic ground ginger - Biopapa<\/title>\n<meta name=\"description\" content=\"Dried ginger has more dehydrating properties, but also more bitterness than fresh ginger, so it warms the body more.\" \/>\n<meta name=\"robots\" content=\"index, follow, max-snippet:-1, max-image-preview:large, max-video-preview:-1\" \/>\n<link rel=\"canonical\" href=\"https:\/\/www.biopapa.de\/en\/producte\/organic-ginger-powder\/\" \/>\n<meta property=\"og:locale\" content=\"en_US\" \/>\n<meta property=\"og:type\" content=\"article\" \/>\n<meta property=\"og:title\" content=\"Organic ground ginger - Biopapa\" \/>\n<meta property=\"og:description\" content=\"Dried ginger has more dehydrating properties, but also more bitterness than fresh ginger, so it warms the body more.\" \/>\n<meta property=\"og:url\" content=\"https:\/\/www.biopapa.de\/en\/producte\/organic-ginger-powder\/\" \/>\n<meta property=\"og:site_name\" content=\"Biopapa\" \/>\n<meta property=\"article:publisher\" content=\"https:\/\/www.facebook.com\/biopapa.lt\" \/>\n<meta property=\"article:modified_time\" content=\"2026-02-03T14:47:22+00:00\" \/>\n<meta property=\"og:image\" content=\"https:\/\/www.biopapa.de\/wp-content\/uploads\/2021\/07\/Ekologiskas-maltas-imbieras.jpg\" \/>\n\t<meta property=\"og:image:width\" content=\"800\" \/>\n\t<meta property=\"og:image:height\" content=\"640\" \/>\n\t<meta property=\"og:image:type\" content=\"image\/jpeg\" \/>\n<meta name=\"twitter:card\" content=\"summary_large_image\" \/>\n<meta name=\"twitter:label1\" content=\"Est. reading time\" \/>\n\t<meta name=\"twitter:data1\" content=\"3 minutes\" \/>\n<script type=\"application\/ld+json\" class=\"yoast-schema-graph\">{\"@context\":\"https:\\\/\\\/schema.org\",\"@graph\":[{\"@type\":\"WebPage\",\"@id\":\"https:\\\/\\\/www.biopapa.de\\\/en\\\/producte\\\/organic-ginger-powder\\\/\",\"url\":\"https:\\\/\\\/www.biopapa.de\\\/en\\\/producte\\\/organic-ginger-powder\\\/\",\"name\":\"Organic ground ginger - Biopapa\",\"isPartOf\":{\"@id\":\"https:\\\/\\\/www.biopapa.de\\\/en\\\/#website\"},\"primaryImageOfPage\":{\"@id\":\"https:\\\/\\\/www.biopapa.de\\\/en\\\/producte\\\/organic-ginger-powder\\\/#primaryimage\"},\"image\":{\"@id\":\"https:\\\/\\\/www.biopapa.de\\\/en\\\/producte\\\/organic-ginger-powder\\\/#primaryimage\"},\"thumbnailUrl\":\"https:\\\/\\\/www.biopapa.de\\\/wp-content\\\/uploads\\\/2021\\\/07\\\/Ekologiskas-maltas-imbieras.jpg\",\"datePublished\":\"2021-07-28T15:51:50+00:00\",\"dateModified\":\"2026-02-03T14:47:22+00:00\",\"description\":\"Dried ginger has more dehydrating properties, but also more bitterness than fresh ginger, so it warms the body more.\",\"breadcrumb\":{\"@id\":\"https:\\\/\\\/www.biopapa.de\\\/en\\\/producte\\\/organic-ginger-powder\\\/#breadcrumb\"},\"inLanguage\":\"en-US\",\"potentialAction\":[{\"@type\":\"ReadAction\",\"target\":[\"https:\\\/\\\/www.biopapa.de\\\/en\\\/producte\\\/organic-ginger-powder\\\/\"]}]},{\"@type\":\"ImageObject\",\"inLanguage\":\"en-US\",\"@id\":\"https:\\\/\\\/www.biopapa.de\\\/en\\\/producte\\\/organic-ginger-powder\\\/#primaryimage\",\"url\":\"https:\\\/\\\/www.biopapa.de\\\/wp-content\\\/uploads\\\/2021\\\/07\\\/Ekologiskas-maltas-imbieras.jpg\",\"contentUrl\":\"https:\\\/\\\/www.biopapa.de\\\/wp-content\\\/uploads\\\/2021\\\/07\\\/Ekologiskas-maltas-imbieras.jpg\",\"width\":800,\"height\":640,\"caption\":\"Organic ground ginger\"},{\"@type\":\"BreadcrumbList\",\"@id\":\"https:\\\/\\\/www.biopapa.de\\\/en\\\/producte\\\/organic-ginger-powder\\\/#breadcrumb\",\"itemListElement\":[{\"@type\":\"ListItem\",\"position\":1,\"name\":\"Home\",\"item\":\"https:\\\/\\\/www.biopapa.de\\\/en\\\/\"},{\"@type\":\"ListItem\",\"position\":2,\"name\":\"Shop\",\"item\":\"https:\\\/\\\/www.biopapa.de\\\/en\\\/shop\\\/\"},{\"@type\":\"ListItem\",\"position\":3,\"name\":\"Organic ground ginger\"}]},{\"@type\":\"WebSite\",\"@id\":\"https:\\\/\\\/www.biopapa.de\\\/en\\\/#website\",\"url\":\"https:\\\/\\\/www.biopapa.de\\\/en\\\/\",\"name\":\"Biopapa\",\"description\":\"\u0160var\u016bs ekologi\u0161ki produktai\",\"publisher\":{\"@id\":\"https:\\\/\\\/www.biopapa.de\\\/en\\\/#organization\"},\"potentialAction\":[{\"@type\":\"SearchAction\",\"target\":{\"@type\":\"EntryPoint\",\"urlTemplate\":\"https:\\\/\\\/www.biopapa.de\\\/en\\\/?s={search_term_string}\"},\"query-input\":{\"@type\":\"PropertyValueSpecification\",\"valueRequired\":true,\"valueName\":\"search_term_string\"}}],\"inLanguage\":\"en-US\"},{\"@type\":\"Organization\",\"@id\":\"https:\\\/\\\/www.biopapa.de\\\/en\\\/#organization\",\"name\":\"Biopapa\",\"url\":\"https:\\\/\\\/www.biopapa.de\\\/en\\\/\",\"logo\":{\"@type\":\"ImageObject\",\"inLanguage\":\"en-US\",\"@id\":\"https:\\\/\\\/www.biopapa.de\\\/en\\\/#\\\/schema\\\/logo\\\/image\\\/\",\"url\":\"https:\\\/\\\/www.biopapa.lt\\\/wp-content\\\/uploads\\\/2022\\\/04\\\/facebook_biopapa.jpg\",\"contentUrl\":\"https:\\\/\\\/www.biopapa.lt\\\/wp-content\\\/uploads\\\/2022\\\/04\\\/facebook_biopapa.jpg\",\"width\":1733,\"height\":907,\"caption\":\"Biopapa\"},\"image\":{\"@id\":\"https:\\\/\\\/www.biopapa.de\\\/en\\\/#\\\/schema\\\/logo\\\/image\\\/\"},\"sameAs\":[\"https:\\\/\\\/www.facebook.com\\\/biopapa.lt\"]}]}<\/script>\n<!-- \/ Yoast SEO plugin. -->","yoast_head_json":{"title":"Organic ground ginger - Biopapa","description":"Dried ginger has more dehydrating properties, but also more bitterness than fresh ginger, so it warms the body more.","robots":{"index":"index","follow":"follow","max-snippet":"max-snippet:-1","max-image-preview":"max-image-preview:large","max-video-preview":"max-video-preview:-1"},"canonical":"https:\/\/www.biopapa.de\/en\/producte\/organic-ginger-powder\/","og_locale":"en_US","og_type":"article","og_title":"Organic ground ginger - Biopapa","og_description":"Dried ginger has more dehydrating properties, but also more bitterness than fresh ginger, so it warms the body more.","og_url":"https:\/\/www.biopapa.de\/en\/producte\/organic-ginger-powder\/","og_site_name":"Biopapa","article_publisher":"https:\/\/www.facebook.com\/biopapa.lt","article_modified_time":"2026-02-03T14:47:22+00:00","og_image":[{"width":800,"height":640,"url":"https:\/\/www.biopapa.de\/wp-content\/uploads\/2021\/07\/Ekologiskas-maltas-imbieras.jpg","type":"image\/jpeg"}],"twitter_card":"summary_large_image","twitter_misc":{"Est. reading time":"3 minutes"},"schema":{"@context":"https:\/\/schema.org","@graph":[{"@type":"WebPage","@id":"https:\/\/www.biopapa.de\/en\/producte\/organic-ginger-powder\/","url":"https:\/\/www.biopapa.de\/en\/producte\/organic-ginger-powder\/","name":"Organic ground ginger - Biopapa","isPartOf":{"@id":"https:\/\/www.biopapa.de\/en\/#website"},"primaryImageOfPage":{"@id":"https:\/\/www.biopapa.de\/en\/producte\/organic-ginger-powder\/#primaryimage"},"image":{"@id":"https:\/\/www.biopapa.de\/en\/producte\/organic-ginger-powder\/#primaryimage"},"thumbnailUrl":"https:\/\/www.biopapa.de\/wp-content\/uploads\/2021\/07\/Ekologiskas-maltas-imbieras.jpg","datePublished":"2021-07-28T15:51:50+00:00","dateModified":"2026-02-03T14:47:22+00:00","description":"Dried ginger has more dehydrating properties, but also more bitterness than fresh ginger, so it warms the body more.","breadcrumb":{"@id":"https:\/\/www.biopapa.de\/en\/producte\/organic-ginger-powder\/#breadcrumb"},"inLanguage":"en-US","potentialAction":[{"@type":"ReadAction","target":["https:\/\/www.biopapa.de\/en\/producte\/organic-ginger-powder\/"]}]},{"@type":"ImageObject","inLanguage":"en-US","@id":"https:\/\/www.biopapa.de\/en\/producte\/organic-ginger-powder\/#primaryimage","url":"https:\/\/www.biopapa.de\/wp-content\/uploads\/2021\/07\/Ekologiskas-maltas-imbieras.jpg","contentUrl":"https:\/\/www.biopapa.de\/wp-content\/uploads\/2021\/07\/Ekologiskas-maltas-imbieras.jpg","width":800,"height":640,"caption":"Organic ground ginger"},{"@type":"BreadcrumbList","@id":"https:\/\/www.biopapa.de\/en\/producte\/organic-ginger-powder\/#breadcrumb","itemListElement":[{"@type":"ListItem","position":1,"name":"Home","item":"https:\/\/www.biopapa.de\/en\/"},{"@type":"ListItem","position":2,"name":"Shop","item":"https:\/\/www.biopapa.de\/en\/shop\/"},{"@type":"ListItem","position":3,"name":"Organic ground ginger"}]},{"@type":"WebSite","@id":"https:\/\/www.biopapa.de\/en\/#website","url":"https:\/\/www.biopapa.de\/en\/","name":"Biopapa","description":"\u0160var\u016bs ekologi\u0161ki produktai","publisher":{"@id":"https:\/\/www.biopapa.de\/en\/#organization"},"potentialAction":[{"@type":"SearchAction","target":{"@type":"EntryPoint","urlTemplate":"https:\/\/www.biopapa.de\/en\/?s={search_term_string}"},"query-input":{"@type":"PropertyValueSpecification","valueRequired":true,"valueName":"search_term_string"}}],"inLanguage":"en-US"},{"@type":"Organization","@id":"https:\/\/www.biopapa.de\/en\/#organization","name":"Biopapa","url":"https:\/\/www.biopapa.de\/en\/","logo":{"@type":"ImageObject","inLanguage":"en-US","@id":"https:\/\/www.biopapa.de\/en\/#\/schema\/logo\/image\/","url":"https:\/\/www.biopapa.lt\/wp-content\/uploads\/2022\/04\/facebook_biopapa.jpg","contentUrl":"https:\/\/www.biopapa.lt\/wp-content\/uploads\/2022\/04\/facebook_biopapa.jpg","width":1733,"height":907,"caption":"Biopapa"},"image":{"@id":"https:\/\/www.biopapa.de\/en\/#\/schema\/logo\/image\/"},"sameAs":["https:\/\/www.facebook.com\/biopapa.lt"]}]}},"_links":{"self":[{"href":"https:\/\/www.biopapa.de\/en\/wp-json\/wp\/v2\/product\/32435","targetHints":{"allow":["GET"]}}],"collection":[{"href":"https:\/\/www.biopapa.de\/en\/wp-json\/wp\/v2\/product"}],"about":[{"href":"https:\/\/www.biopapa.de\/en\/wp-json\/wp\/v2\/types\/product"}],"wp:featuredmedia":[{"embeddable":true,"href":"https:\/\/www.biopapa.de\/en\/wp-json\/wp\/v2\/media\/28813"}],"wp:attachment":[{"href":"https:\/\/www.biopapa.de\/en\/wp-json\/wp\/v2\/media?parent=32435"}],"wp:term":[{"taxonomy":"product_brand","embeddable":true,"href":"https:\/\/www.biopapa.de\/en\/wp-json\/wp\/v2\/product_brand?post=32435"},{"taxonomy":"product_cat","embeddable":true,"href":"https:\/\/www.biopapa.de\/en\/wp-json\/wp\/v2\/product_cat?post=32435"},{"taxonomy":"product_tag","embeddable":true,"href":"https:\/\/www.biopapa.de\/en\/wp-json\/wp\/v2\/product_tag?post=32435"}],"curies":[{"name":"wp","href":"https:\/\/api.w.org\/{rel}","templated":true}]}}