{"id":32445,"date":"2021-07-28T18:47:24","date_gmt":"2021-07-28T15:47:24","guid":{"rendered":"https:\/\/www.biopapa.lt\/produktas\/organic-turmeric-powder\/"},"modified":"2026-01-28T14:01:00","modified_gmt":"2026-01-28T12:01:00","slug":"organic-turmeric-powder","status":"publish","type":"product","link":"https:\/\/www.biopapa.de\/en\/producte\/organic-turmeric-powder\/","title":{"rendered":"Organic turmeric powder"},"content":{"rendered":"<p><strong>Turmeric, a<\/strong> bright golden spice, is a staple in many cuisines and traditional medicine systems around the world. Whether consumed fresh or dry, turmeric can provide health benefits thanks to its active compound curcumin. Turmeric, or Curcuma longa, is a plant in the ginger family (Zingiberaceae) that originates from South-East Asia and has been revered for its healing properties for thousands of years. Its benefits are supported by traditional systems of medicine such as Ayurveda and Traditional Chinese Medicine (TCM), as well as by modern scientific research.<\/p>\n<p>It&#8217;s no secret that anything unprocessed has more nutrients. Curcumin is more abundant in fresh turmeric than in powdered form. Some curcumin is lost during the processing stage. Raw turmeric also contains more essential oils than processed turmeric, as drying and processing lose some of its essential oil value.<br \/>\nDried turmeric has a longer shelf life than fresh turmeric, making it convenient to store and use for a long time.<br \/>\nWhile fresh turmeric has a higher curcumin content, dried turmeric powder is more concentrated, making it an effective way to consume higher doses of curcumin.<br \/>\nDried turmeric is ground into a powder, making it easy to add to a wide range of recipes, teas and food supplements.<br \/>\nTurmeric is one of the most studied plants. Studies suggest that turmeric can replace various medicines.<\/p>\n<p>It should be mentioned that turmeric powder has been used for centuries not only in traditional medicine but also in beauty rituals, preventing premature ageing and promoting a youthful appearance.<br \/>\nTurmeric powder may help to reduce hyperpigmentation and dark spots, promoting an even and bright skin tone.<br \/>\nTurmeric powder is potentially effective in fighting acne-causing bacteria and reducing the appearance of spots.<\/p>\n<p>Kaip naudoti \u0161vie\u017ei\u0105 ir saus\u0105 ciber\u017eol\u0119 maistui<br \/>\nFresh turmeric &#8211; grate or crush fresh turmeric and add it to curries, stews, soups, smoothies or teas.<br \/>\nDried turmeric powder &#8211; add dry turmeric powder to soups, stews, rice dishes or lentil dishes, even sprinkle it on salads for a warm and distinctive taste.<br \/>\nYou can also make tea, and &#8220;golden milk&#8221; with turmeric, by mixing it with a warm herbal drink and a little sweetener.<br \/>\nUnfortunately, the curcumin in turmeric is better absorbed when paired with black pepper.<br \/>\nStudies confirm that the combination of black pepper piperine and curcumin in turmeric increases curcumin absorption.<br \/>\nCombining turmeric with black pepper therefore increases its potential health benefits.<\/p>\n<p>How to use turmeric powder for skin<br \/>\nTurmeric face mask &#8211; make a paste by mixing turmeric powder with warm water, apply to the face and leave on for 10-15 minutes before rinsing. This mask will revitalise and revitalise your skin.<br \/>\nTurmeric body scrub &#8211; mix turmeric powder with coconut oil and sugar, add your favourite essential oil and you have a gentle exfoliating body scrub.<br \/>\nFor acne &#8211; Mix a pinch of turmeric powder with a few drops of water and apply directly to pimples or dark areas. Leave for 5-10 minutes.<br \/>\nIt should be mentioned that turmeric can be useful for acne sufferers not only externally, but also with food.<\/p>\n<p>Attention. Turmeric can cause a slight yellowish tinge to the skin, but temporarily (if you use a good quality turmeric), you shouldn&#8217;t see any discolouration the next day. Therefore, always perform a patch test before using on a larger area.<br \/>\nFor those with sensitive skin, possible allergic reactions should be considered.<\/p>\n<p>Turmeric tea recipe<\/p>\n<p>Ingredients for 1 serving<br \/>\n1 cup of water<br \/>\n1\/2 -1 tsp turmeric powder<br \/>\n1\/4 &#8211; 1\/2 teaspoon black pepper<br \/>\nHealthy sweetener to taste<\/p>\n<p>Bring the water to the boil and add the ingredients.<br \/>\nBoil for 5-10 minutes. Sweeten to taste.<\/p>\n<p>Side effects<br \/>\nDigestive problems &#8211; both dry and fresh turmeric can cause gastrointestinal upset, especially when used in large doses. It can cause bloating, gas and stomach discomfort in some people.<br \/>\nTurmeric should be avoided in acute illnesses.<br \/>\nBlood-thinning effects &#8211; take care, especially when used in combination with blood-thinning drugs.<\/p>\n<p>Sources:<br \/>\nhttps:\/\/www.healthline.com<br \/>\nhttps:\/\/www.hopkinsmedicine.org<br \/>\nhttps:\/\/www.banyanbotanicals.com<\/p>\n<p>NOTE. The information contained herein should not be construed as a recommendation for treatment or other health issues. We encourage you to make personal decisions about your personal health, taking into account a wide range of sources of information.<\/p>\n","protected":false},"excerpt":{"rendered":"<p>Turmeric, a bright golden spice, is a staple in many cuisines and traditional medicine systems around the world. Whether consumed<\/p>\n","protected":false},"featured_media":28269,"template":"","meta":{"_acf_changed":false},"product_brand":[],"product_cat":[1853,1848,2353],"product_tag":[2363,2088],"class_list":{"0":"post-32445","1":"product","2":"type-product","3":"status-publish","4":"has-post-thumbnail","6":"product_cat-organic-spices","7":"product_cat-plant-based-superfood","8":"product_cat-powder","9":"product_tag-ecological","10":"product_tag-vegan","11":"pa_svoris-1-kg-en","12":"pa_svoris-100-g-en-2","13":"pa_svoris-200-g-en","14":"pa_svoris-25-kg-en","15":"pa_svoris-300-g-en","16":"pa_svoris-400-g-en","17":"pa_svoris-50-g-en","18":"pa_svoris-500-g-en-2","20":"first","21":"instock","22":"shipping-taxable","23":"purchasable","24":"product-type-variable"},"acf":[],"yoast_head":"<!-- This site is optimized with the Yoast SEO plugin v27.5 - https:\/\/yoast.com\/product\/yoast-seo-wordpress\/ -->\n<title>Organic turmeric powder - Biopapa<\/title>\n<meta name=\"description\" content=\"Turmeric, a bright golden spice, is a staple in many cuisines and traditional medicine systems around the world.\" \/>\n<meta name=\"robots\" content=\"index, follow, max-snippet:-1, max-image-preview:large, max-video-preview:-1\" \/>\n<link rel=\"canonical\" href=\"https:\/\/www.biopapa.de\/en\/producte\/organic-turmeric-powder\/\" \/>\n<meta property=\"og:locale\" content=\"en_US\" \/>\n<meta property=\"og:type\" content=\"article\" \/>\n<meta property=\"og:title\" content=\"Organic turmeric powder - Biopapa\" \/>\n<meta property=\"og:description\" content=\"Turmeric, a bright golden spice, is a staple in many cuisines and traditional medicine systems around the world.\" \/>\n<meta property=\"og:url\" content=\"https:\/\/www.biopapa.de\/en\/producte\/organic-turmeric-powder\/\" \/>\n<meta property=\"og:site_name\" content=\"Biopapa\" \/>\n<meta property=\"article:publisher\" content=\"https:\/\/www.facebook.com\/biopapa.lt\" \/>\n<meta property=\"article:modified_time\" content=\"2026-01-28T12:01:00+00:00\" \/>\n<meta property=\"og:image\" content=\"https:\/\/www.biopapa.de\/wp-content\/uploads\/2021\/08\/Ekologiski-ciberzoles-milteliai-RAW.jpg\" \/>\n\t<meta property=\"og:image:width\" content=\"800\" \/>\n\t<meta property=\"og:image:height\" content=\"640\" \/>\n\t<meta property=\"og:image:type\" content=\"image\/jpeg\" \/>\n<meta name=\"twitter:card\" content=\"summary_large_image\" \/>\n<meta name=\"twitter:label1\" content=\"Est. reading time\" \/>\n\t<meta name=\"twitter:data1\" content=\"4 minutes\" \/>\n<script type=\"application\/ld+json\" class=\"yoast-schema-graph\">{\"@context\":\"https:\\\/\\\/schema.org\",\"@graph\":[{\"@type\":\"WebPage\",\"@id\":\"https:\\\/\\\/www.biopapa.de\\\/en\\\/producte\\\/organic-turmeric-powder\\\/\",\"url\":\"https:\\\/\\\/www.biopapa.de\\\/en\\\/producte\\\/organic-turmeric-powder\\\/\",\"name\":\"Organic turmeric powder - Biopapa\",\"isPartOf\":{\"@id\":\"https:\\\/\\\/www.biopapa.de\\\/en\\\/#website\"},\"primaryImageOfPage\":{\"@id\":\"https:\\\/\\\/www.biopapa.de\\\/en\\\/producte\\\/organic-turmeric-powder\\\/#primaryimage\"},\"image\":{\"@id\":\"https:\\\/\\\/www.biopapa.de\\\/en\\\/producte\\\/organic-turmeric-powder\\\/#primaryimage\"},\"thumbnailUrl\":\"https:\\\/\\\/www.biopapa.de\\\/wp-content\\\/uploads\\\/2021\\\/08\\\/Ekologiski-ciberzoles-milteliai-RAW.jpg\",\"datePublished\":\"2021-07-28T15:47:24+00:00\",\"dateModified\":\"2026-01-28T12:01:00+00:00\",\"description\":\"Turmeric, a bright golden spice, is a staple in many cuisines and traditional medicine systems around the world.\",\"breadcrumb\":{\"@id\":\"https:\\\/\\\/www.biopapa.de\\\/en\\\/producte\\\/organic-turmeric-powder\\\/#breadcrumb\"},\"inLanguage\":\"en-US\",\"potentialAction\":[{\"@type\":\"ReadAction\",\"target\":[\"https:\\\/\\\/www.biopapa.de\\\/en\\\/producte\\\/organic-turmeric-powder\\\/\"]}]},{\"@type\":\"ImageObject\",\"inLanguage\":\"en-US\",\"@id\":\"https:\\\/\\\/www.biopapa.de\\\/en\\\/producte\\\/organic-turmeric-powder\\\/#primaryimage\",\"url\":\"https:\\\/\\\/www.biopapa.de\\\/wp-content\\\/uploads\\\/2021\\\/08\\\/Ekologiski-ciberzoles-milteliai-RAW.jpg\",\"contentUrl\":\"https:\\\/\\\/www.biopapa.de\\\/wp-content\\\/uploads\\\/2021\\\/08\\\/Ekologiski-ciberzoles-milteliai-RAW.jpg\",\"width\":800,\"height\":640,\"caption\":\"Organic Turmeric Powder, Curcuma longa species\"},{\"@type\":\"BreadcrumbList\",\"@id\":\"https:\\\/\\\/www.biopapa.de\\\/en\\\/producte\\\/organic-turmeric-powder\\\/#breadcrumb\",\"itemListElement\":[{\"@type\":\"ListItem\",\"position\":1,\"name\":\"Home\",\"item\":\"https:\\\/\\\/www.biopapa.de\\\/en\\\/\"},{\"@type\":\"ListItem\",\"position\":2,\"name\":\"Shop\",\"item\":\"https:\\\/\\\/www.biopapa.de\\\/en\\\/shop\\\/\"},{\"@type\":\"ListItem\",\"position\":3,\"name\":\"Organic turmeric powder\"}]},{\"@type\":\"WebSite\",\"@id\":\"https:\\\/\\\/www.biopapa.de\\\/en\\\/#website\",\"url\":\"https:\\\/\\\/www.biopapa.de\\\/en\\\/\",\"name\":\"Biopapa\",\"description\":\"\u0160var\u016bs ekologi\u0161ki produktai\",\"publisher\":{\"@id\":\"https:\\\/\\\/www.biopapa.de\\\/en\\\/#organization\"},\"potentialAction\":[{\"@type\":\"SearchAction\",\"target\":{\"@type\":\"EntryPoint\",\"urlTemplate\":\"https:\\\/\\\/www.biopapa.de\\\/en\\\/?s={search_term_string}\"},\"query-input\":{\"@type\":\"PropertyValueSpecification\",\"valueRequired\":true,\"valueName\":\"search_term_string\"}}],\"inLanguage\":\"en-US\"},{\"@type\":\"Organization\",\"@id\":\"https:\\\/\\\/www.biopapa.de\\\/en\\\/#organization\",\"name\":\"Biopapa\",\"url\":\"https:\\\/\\\/www.biopapa.de\\\/en\\\/\",\"logo\":{\"@type\":\"ImageObject\",\"inLanguage\":\"en-US\",\"@id\":\"https:\\\/\\\/www.biopapa.de\\\/en\\\/#\\\/schema\\\/logo\\\/image\\\/\",\"url\":\"https:\\\/\\\/www.biopapa.lt\\\/wp-content\\\/uploads\\\/2022\\\/04\\\/facebook_biopapa.jpg\",\"contentUrl\":\"https:\\\/\\\/www.biopapa.lt\\\/wp-content\\\/uploads\\\/2022\\\/04\\\/facebook_biopapa.jpg\",\"width\":1733,\"height\":907,\"caption\":\"Biopapa\"},\"image\":{\"@id\":\"https:\\\/\\\/www.biopapa.de\\\/en\\\/#\\\/schema\\\/logo\\\/image\\\/\"},\"sameAs\":[\"https:\\\/\\\/www.facebook.com\\\/biopapa.lt\"]}]}<\/script>\n<!-- \/ Yoast SEO plugin. -->","yoast_head_json":{"title":"Organic turmeric powder - Biopapa","description":"Turmeric, a bright golden spice, is a staple in many cuisines and traditional medicine systems around the world.","robots":{"index":"index","follow":"follow","max-snippet":"max-snippet:-1","max-image-preview":"max-image-preview:large","max-video-preview":"max-video-preview:-1"},"canonical":"https:\/\/www.biopapa.de\/en\/producte\/organic-turmeric-powder\/","og_locale":"en_US","og_type":"article","og_title":"Organic turmeric powder - Biopapa","og_description":"Turmeric, a bright golden spice, is a staple in many cuisines and traditional medicine systems around the world.","og_url":"https:\/\/www.biopapa.de\/en\/producte\/organic-turmeric-powder\/","og_site_name":"Biopapa","article_publisher":"https:\/\/www.facebook.com\/biopapa.lt","article_modified_time":"2026-01-28T12:01:00+00:00","og_image":[{"width":800,"height":640,"url":"https:\/\/www.biopapa.de\/wp-content\/uploads\/2021\/08\/Ekologiski-ciberzoles-milteliai-RAW.jpg","type":"image\/jpeg"}],"twitter_card":"summary_large_image","twitter_misc":{"Est. reading time":"4 minutes"},"schema":{"@context":"https:\/\/schema.org","@graph":[{"@type":"WebPage","@id":"https:\/\/www.biopapa.de\/en\/producte\/organic-turmeric-powder\/","url":"https:\/\/www.biopapa.de\/en\/producte\/organic-turmeric-powder\/","name":"Organic turmeric powder - Biopapa","isPartOf":{"@id":"https:\/\/www.biopapa.de\/en\/#website"},"primaryImageOfPage":{"@id":"https:\/\/www.biopapa.de\/en\/producte\/organic-turmeric-powder\/#primaryimage"},"image":{"@id":"https:\/\/www.biopapa.de\/en\/producte\/organic-turmeric-powder\/#primaryimage"},"thumbnailUrl":"https:\/\/www.biopapa.de\/wp-content\/uploads\/2021\/08\/Ekologiski-ciberzoles-milteliai-RAW.jpg","datePublished":"2021-07-28T15:47:24+00:00","dateModified":"2026-01-28T12:01:00+00:00","description":"Turmeric, a bright golden spice, is a staple in many cuisines and traditional medicine systems around the world.","breadcrumb":{"@id":"https:\/\/www.biopapa.de\/en\/producte\/organic-turmeric-powder\/#breadcrumb"},"inLanguage":"en-US","potentialAction":[{"@type":"ReadAction","target":["https:\/\/www.biopapa.de\/en\/producte\/organic-turmeric-powder\/"]}]},{"@type":"ImageObject","inLanguage":"en-US","@id":"https:\/\/www.biopapa.de\/en\/producte\/organic-turmeric-powder\/#primaryimage","url":"https:\/\/www.biopapa.de\/wp-content\/uploads\/2021\/08\/Ekologiski-ciberzoles-milteliai-RAW.jpg","contentUrl":"https:\/\/www.biopapa.de\/wp-content\/uploads\/2021\/08\/Ekologiski-ciberzoles-milteliai-RAW.jpg","width":800,"height":640,"caption":"Organic Turmeric Powder, Curcuma longa species"},{"@type":"BreadcrumbList","@id":"https:\/\/www.biopapa.de\/en\/producte\/organic-turmeric-powder\/#breadcrumb","itemListElement":[{"@type":"ListItem","position":1,"name":"Home","item":"https:\/\/www.biopapa.de\/en\/"},{"@type":"ListItem","position":2,"name":"Shop","item":"https:\/\/www.biopapa.de\/en\/shop\/"},{"@type":"ListItem","position":3,"name":"Organic turmeric powder"}]},{"@type":"WebSite","@id":"https:\/\/www.biopapa.de\/en\/#website","url":"https:\/\/www.biopapa.de\/en\/","name":"Biopapa","description":"\u0160var\u016bs ekologi\u0161ki produktai","publisher":{"@id":"https:\/\/www.biopapa.de\/en\/#organization"},"potentialAction":[{"@type":"SearchAction","target":{"@type":"EntryPoint","urlTemplate":"https:\/\/www.biopapa.de\/en\/?s={search_term_string}"},"query-input":{"@type":"PropertyValueSpecification","valueRequired":true,"valueName":"search_term_string"}}],"inLanguage":"en-US"},{"@type":"Organization","@id":"https:\/\/www.biopapa.de\/en\/#organization","name":"Biopapa","url":"https:\/\/www.biopapa.de\/en\/","logo":{"@type":"ImageObject","inLanguage":"en-US","@id":"https:\/\/www.biopapa.de\/en\/#\/schema\/logo\/image\/","url":"https:\/\/www.biopapa.lt\/wp-content\/uploads\/2022\/04\/facebook_biopapa.jpg","contentUrl":"https:\/\/www.biopapa.lt\/wp-content\/uploads\/2022\/04\/facebook_biopapa.jpg","width":1733,"height":907,"caption":"Biopapa"},"image":{"@id":"https:\/\/www.biopapa.de\/en\/#\/schema\/logo\/image\/"},"sameAs":["https:\/\/www.facebook.com\/biopapa.lt"]}]}},"_links":{"self":[{"href":"https:\/\/www.biopapa.de\/en\/wp-json\/wp\/v2\/product\/32445","targetHints":{"allow":["GET"]}}],"collection":[{"href":"https:\/\/www.biopapa.de\/en\/wp-json\/wp\/v2\/product"}],"about":[{"href":"https:\/\/www.biopapa.de\/en\/wp-json\/wp\/v2\/types\/product"}],"wp:featuredmedia":[{"embeddable":true,"href":"https:\/\/www.biopapa.de\/en\/wp-json\/wp\/v2\/media\/28269"}],"wp:attachment":[{"href":"https:\/\/www.biopapa.de\/en\/wp-json\/wp\/v2\/media?parent=32445"}],"wp:term":[{"taxonomy":"product_brand","embeddable":true,"href":"https:\/\/www.biopapa.de\/en\/wp-json\/wp\/v2\/product_brand?post=32445"},{"taxonomy":"product_cat","embeddable":true,"href":"https:\/\/www.biopapa.de\/en\/wp-json\/wp\/v2\/product_cat?post=32445"},{"taxonomy":"product_tag","embeddable":true,"href":"https:\/\/www.biopapa.de\/en\/wp-json\/wp\/v2\/product_tag?post=32445"}],"curies":[{"name":"wp","href":"https:\/\/api.w.org\/{rel}","templated":true}]}}