{"id":32488,"date":"2023-02-10T13:11:03","date_gmt":"2023-02-10T11:11:03","guid":{"rendered":"https:\/\/www.biopapa.lt\/produktas\/organic-sea-buckthorn-berry-powder\/"},"modified":"2026-01-06T13:08:42","modified_gmt":"2026-01-06T11:08:42","slug":"organic-sea-bcktworn-powder","status":"publish","type":"product","link":"https:\/\/www.biopapa.de\/en\/producte\/organic-sea-bcktworn-powder\/","title":{"rendered":"Organic sea buckthorn berry powder"},"content":{"rendered":"<p><strong>Organic sea buckthorn berry powder<\/strong><br \/>\nIn a world where health is paramount, the search for natural &#8216;cures&#8217; has brought us back to ancient traditions.<br \/>\nSea buckthorn, a wonderful fruit, has been cultivated for centuries in various cultures for its incredible health benefits. One of the most convenient and versatile forms of sea buckthorn is sea buckthorn powder.<br \/>\nSea buckthorn (Hippophae rhamnoides) is a shrub that grows in harsh climates in Europe and Asia. Its bright orange berries have been used for centuries in traditional medicine systems such as Ayurveda and Traditional Chinese Medicine (TCM). The ancient Greeks even called it &#8220;Hippophae&#8221;, meaning &#8220;shiny horse&#8221;, because it was thought to improve the health and appearance of horses.<br \/>\nThese traditions have recognised its healing properties and seen it as a source of health and vitality.<br \/>\nSea buckthorn is rich in vitamin C &#8211; which may boost immunity.<\/p>\n<p>Attention<br \/>\nAllergies &#8211; some people may be allergic to sea buckthorn. Start with a small amount and gradually increase your intake.<br \/>\nInteractions &#8211; Sea buckthorn may interact with certain medicines, especially blood thinners. Be careful.<\/p>\n<p>Use of<br \/>\n1. Sea buckthorn &#8211; add a teaspoon of sea buckthorn powder to your morning smoothie to get nutrients.<br \/>\n2. Tea &#8211; mix the powder with hot ( up to 45 C ) water and honey to make a refreshing and nutritious drink.<br \/>\n3. Yoghurt and oatmeal &#8211; add sea buckthorn powder to yoghurt or oatmeal for antioxidants.<br \/>\n4. Face masks &#8211; create a homemade face mask by mixing sea buckthorn powder with yoghurt and honey to make your skin glow.<br \/>\n5. Baked goods &#8211; you can add the powder to recipes for muffins, cakes or pancakes.<\/p>\n<p>Sources:<br \/>\nhttps:\/\/www.ncbi.nlm.nih.gov<br \/>\nhttps:\/\/www.webmd.com<\/p>\n<p>NOTE. The information contained herein should not be construed as a recommendation for treatment or other health issues. We encourage you to make personal decisions about your personal health, taking into account a wide range of sources of information.<\/p>\n","protected":false},"excerpt":{"rendered":"<p>Organic sea buckthorn berry powder In a world where health is paramount, the search for natural &#8216;cures&#8217; has brought us<\/p>\n","protected":false},"featured_media":30211,"template":"","meta":{"_acf_changed":false},"product_brand":[],"product_cat":[1848,2353,1945],"product_tag":[2088],"class_list":{"0":"post-32488","1":"product","2":"type-product","3":"status-publish","4":"has-post-thumbnail","6":"product_cat-plant-based-superfood","7":"product_cat-powder","8":"product_cat-tea","9":"product_tag-vegan","10":"pa_svoris-1-kg-en","11":"pa_svoris-100-g-en-2","12":"pa_svoris-200-g-en","13":"pa_svoris-25-g-en","14":"pa_svoris-300-g-en","15":"pa_svoris-400-g-en","16":"pa_svoris-5-kg-en","17":"pa_svoris-50-g-en","18":"pa_svoris-500-g-en-2","20":"first","21":"instock","22":"shipping-taxable","23":"purchasable","24":"product-type-variable"},"acf":[],"yoast_head":"<!-- This site is optimized with the Yoast SEO plugin v27.5 - https:\/\/yoast.com\/product\/yoast-seo-wordpress\/ -->\n<title>Organic sea buckthorn berry powder - Biopapa<\/title>\n<meta name=\"description\" content=\"The bright orange berries of sea buckthorn have been used for centuries in traditional medicine systems such as Ayurveda and Traditional Chinese Medicine (TCM). The ancient Greeks even called it &quot;Hippophae&quot;, meaning &quot;shiny horse&quot;, because it was thought to improve the health and appearance of horses.\" \/>\n<meta name=\"robots\" content=\"index, follow, max-snippet:-1, max-image-preview:large, max-video-preview:-1\" \/>\n<link rel=\"canonical\" href=\"https:\/\/www.biopapa.de\/en\/producte\/organic-sea-bcktworn-powder\/\" \/>\n<meta property=\"og:locale\" content=\"en_US\" \/>\n<meta property=\"og:type\" content=\"article\" \/>\n<meta property=\"og:title\" content=\"Organic sea buckthorn berry powder - Biopapa\" \/>\n<meta property=\"og:description\" content=\"The bright orange berries of sea buckthorn have been used for centuries in traditional medicine systems such as Ayurveda and Traditional Chinese Medicine (TCM). The ancient Greeks even called it &quot;Hippophae&quot;, meaning &quot;shiny horse&quot;, because it was thought to improve the health and appearance of horses.\" \/>\n<meta property=\"og:url\" content=\"https:\/\/www.biopapa.de\/en\/producte\/organic-sea-bcktworn-powder\/\" \/>\n<meta property=\"og:site_name\" content=\"Biopapa\" \/>\n<meta property=\"article:publisher\" content=\"https:\/\/www.facebook.com\/biopapa.lt\" \/>\n<meta property=\"article:modified_time\" content=\"2026-01-06T11:08:42+00:00\" \/>\n<meta property=\"og:image\" content=\"https:\/\/www.biopapa.de\/wp-content\/uploads\/2023\/02\/Ekologiski-saltalankiu-uogu-milteliai.png\" \/>\n\t<meta property=\"og:image:width\" content=\"800\" \/>\n\t<meta property=\"og:image:height\" content=\"640\" \/>\n\t<meta property=\"og:image:type\" content=\"image\/png\" \/>\n<meta name=\"twitter:card\" content=\"summary_large_image\" \/>\n<meta name=\"twitter:label1\" content=\"Est. reading time\" \/>\n\t<meta name=\"twitter:data1\" content=\"2 minutes\" \/>\n<script type=\"application\/ld+json\" class=\"yoast-schema-graph\">{\"@context\":\"https:\\\/\\\/schema.org\",\"@graph\":[{\"@type\":\"WebPage\",\"@id\":\"https:\\\/\\\/www.biopapa.de\\\/en\\\/producte\\\/organic-sea-bcktworn-powder\\\/\",\"url\":\"https:\\\/\\\/www.biopapa.de\\\/en\\\/producte\\\/organic-sea-bcktworn-powder\\\/\",\"name\":\"Organic sea buckthorn berry powder - Biopapa\",\"isPartOf\":{\"@id\":\"https:\\\/\\\/www.biopapa.de\\\/en\\\/#website\"},\"primaryImageOfPage\":{\"@id\":\"https:\\\/\\\/www.biopapa.de\\\/en\\\/producte\\\/organic-sea-bcktworn-powder\\\/#primaryimage\"},\"image\":{\"@id\":\"https:\\\/\\\/www.biopapa.de\\\/en\\\/producte\\\/organic-sea-bcktworn-powder\\\/#primaryimage\"},\"thumbnailUrl\":\"https:\\\/\\\/www.biopapa.de\\\/wp-content\\\/uploads\\\/2023\\\/02\\\/Ekologiski-saltalankiu-uogu-milteliai.png\",\"datePublished\":\"2023-02-10T11:11:03+00:00\",\"dateModified\":\"2026-01-06T11:08:42+00:00\",\"description\":\"The bright orange berries of sea buckthorn have been used for centuries in traditional medicine systems such as Ayurveda and Traditional Chinese Medicine (TCM). The ancient Greeks even called it \\\"Hippophae\\\", meaning \\\"shiny horse\\\", because it was thought to improve the health and appearance of horses.\",\"breadcrumb\":{\"@id\":\"https:\\\/\\\/www.biopapa.de\\\/en\\\/producte\\\/organic-sea-bcktworn-powder\\\/#breadcrumb\"},\"inLanguage\":\"en-US\",\"potentialAction\":[{\"@type\":\"ReadAction\",\"target\":[\"https:\\\/\\\/www.biopapa.de\\\/en\\\/producte\\\/organic-sea-bcktworn-powder\\\/\"]}]},{\"@type\":\"ImageObject\",\"inLanguage\":\"en-US\",\"@id\":\"https:\\\/\\\/www.biopapa.de\\\/en\\\/producte\\\/organic-sea-bcktworn-powder\\\/#primaryimage\",\"url\":\"https:\\\/\\\/www.biopapa.de\\\/wp-content\\\/uploads\\\/2023\\\/02\\\/Ekologiski-saltalankiu-uogu-milteliai.png\",\"contentUrl\":\"https:\\\/\\\/www.biopapa.de\\\/wp-content\\\/uploads\\\/2023\\\/02\\\/Ekologiski-saltalankiu-uogu-milteliai.png\",\"width\":800,\"height\":640,\"caption\":\"Organic sea buckthorn berry powder\"},{\"@type\":\"BreadcrumbList\",\"@id\":\"https:\\\/\\\/www.biopapa.de\\\/en\\\/producte\\\/organic-sea-bcktworn-powder\\\/#breadcrumb\",\"itemListElement\":[{\"@type\":\"ListItem\",\"position\":1,\"name\":\"Home\",\"item\":\"https:\\\/\\\/www.biopapa.de\\\/en\\\/\"},{\"@type\":\"ListItem\",\"position\":2,\"name\":\"Shop\",\"item\":\"https:\\\/\\\/www.biopapa.de\\\/en\\\/shop\\\/\"},{\"@type\":\"ListItem\",\"position\":3,\"name\":\"Organic sea buckthorn berry powder\"}]},{\"@type\":\"WebSite\",\"@id\":\"https:\\\/\\\/www.biopapa.de\\\/en\\\/#website\",\"url\":\"https:\\\/\\\/www.biopapa.de\\\/en\\\/\",\"name\":\"Biopapa\",\"description\":\"\u0160var\u016bs ekologi\u0161ki produktai\",\"publisher\":{\"@id\":\"https:\\\/\\\/www.biopapa.de\\\/en\\\/#organization\"},\"potentialAction\":[{\"@type\":\"SearchAction\",\"target\":{\"@type\":\"EntryPoint\",\"urlTemplate\":\"https:\\\/\\\/www.biopapa.de\\\/en\\\/?s={search_term_string}\"},\"query-input\":{\"@type\":\"PropertyValueSpecification\",\"valueRequired\":true,\"valueName\":\"search_term_string\"}}],\"inLanguage\":\"en-US\"},{\"@type\":\"Organization\",\"@id\":\"https:\\\/\\\/www.biopapa.de\\\/en\\\/#organization\",\"name\":\"Biopapa\",\"url\":\"https:\\\/\\\/www.biopapa.de\\\/en\\\/\",\"logo\":{\"@type\":\"ImageObject\",\"inLanguage\":\"en-US\",\"@id\":\"https:\\\/\\\/www.biopapa.de\\\/en\\\/#\\\/schema\\\/logo\\\/image\\\/\",\"url\":\"https:\\\/\\\/www.biopapa.lt\\\/wp-content\\\/uploads\\\/2022\\\/04\\\/facebook_biopapa.jpg\",\"contentUrl\":\"https:\\\/\\\/www.biopapa.lt\\\/wp-content\\\/uploads\\\/2022\\\/04\\\/facebook_biopapa.jpg\",\"width\":1733,\"height\":907,\"caption\":\"Biopapa\"},\"image\":{\"@id\":\"https:\\\/\\\/www.biopapa.de\\\/en\\\/#\\\/schema\\\/logo\\\/image\\\/\"},\"sameAs\":[\"https:\\\/\\\/www.facebook.com\\\/biopapa.lt\"]}]}<\/script>\n<!-- \/ Yoast SEO plugin. -->","yoast_head_json":{"title":"Organic sea buckthorn berry powder - Biopapa","description":"The bright orange berries of sea buckthorn have been used for centuries in traditional medicine systems such as Ayurveda and Traditional Chinese Medicine (TCM). The ancient Greeks even called it \"Hippophae\", meaning \"shiny horse\", because it was thought to improve the health and appearance of horses.","robots":{"index":"index","follow":"follow","max-snippet":"max-snippet:-1","max-image-preview":"max-image-preview:large","max-video-preview":"max-video-preview:-1"},"canonical":"https:\/\/www.biopapa.de\/en\/producte\/organic-sea-bcktworn-powder\/","og_locale":"en_US","og_type":"article","og_title":"Organic sea buckthorn berry powder - Biopapa","og_description":"The bright orange berries of sea buckthorn have been used for centuries in traditional medicine systems such as Ayurveda and Traditional Chinese Medicine (TCM). The ancient Greeks even called it \"Hippophae\", meaning \"shiny horse\", because it was thought to improve the health and appearance of horses.","og_url":"https:\/\/www.biopapa.de\/en\/producte\/organic-sea-bcktworn-powder\/","og_site_name":"Biopapa","article_publisher":"https:\/\/www.facebook.com\/biopapa.lt","article_modified_time":"2026-01-06T11:08:42+00:00","og_image":[{"width":800,"height":640,"url":"https:\/\/www.biopapa.de\/wp-content\/uploads\/2023\/02\/Ekologiski-saltalankiu-uogu-milteliai.png","type":"image\/png"}],"twitter_card":"summary_large_image","twitter_misc":{"Est. reading time":"2 minutes"},"schema":{"@context":"https:\/\/schema.org","@graph":[{"@type":"WebPage","@id":"https:\/\/www.biopapa.de\/en\/producte\/organic-sea-bcktworn-powder\/","url":"https:\/\/www.biopapa.de\/en\/producte\/organic-sea-bcktworn-powder\/","name":"Organic sea buckthorn berry powder - Biopapa","isPartOf":{"@id":"https:\/\/www.biopapa.de\/en\/#website"},"primaryImageOfPage":{"@id":"https:\/\/www.biopapa.de\/en\/producte\/organic-sea-bcktworn-powder\/#primaryimage"},"image":{"@id":"https:\/\/www.biopapa.de\/en\/producte\/organic-sea-bcktworn-powder\/#primaryimage"},"thumbnailUrl":"https:\/\/www.biopapa.de\/wp-content\/uploads\/2023\/02\/Ekologiski-saltalankiu-uogu-milteliai.png","datePublished":"2023-02-10T11:11:03+00:00","dateModified":"2026-01-06T11:08:42+00:00","description":"The bright orange berries of sea buckthorn have been used for centuries in traditional medicine systems such as Ayurveda and Traditional Chinese Medicine (TCM). The ancient Greeks even called it \"Hippophae\", meaning \"shiny horse\", because it was thought to improve the health and appearance of horses.","breadcrumb":{"@id":"https:\/\/www.biopapa.de\/en\/producte\/organic-sea-bcktworn-powder\/#breadcrumb"},"inLanguage":"en-US","potentialAction":[{"@type":"ReadAction","target":["https:\/\/www.biopapa.de\/en\/producte\/organic-sea-bcktworn-powder\/"]}]},{"@type":"ImageObject","inLanguage":"en-US","@id":"https:\/\/www.biopapa.de\/en\/producte\/organic-sea-bcktworn-powder\/#primaryimage","url":"https:\/\/www.biopapa.de\/wp-content\/uploads\/2023\/02\/Ekologiski-saltalankiu-uogu-milteliai.png","contentUrl":"https:\/\/www.biopapa.de\/wp-content\/uploads\/2023\/02\/Ekologiski-saltalankiu-uogu-milteliai.png","width":800,"height":640,"caption":"Organic sea buckthorn berry powder"},{"@type":"BreadcrumbList","@id":"https:\/\/www.biopapa.de\/en\/producte\/organic-sea-bcktworn-powder\/#breadcrumb","itemListElement":[{"@type":"ListItem","position":1,"name":"Home","item":"https:\/\/www.biopapa.de\/en\/"},{"@type":"ListItem","position":2,"name":"Shop","item":"https:\/\/www.biopapa.de\/en\/shop\/"},{"@type":"ListItem","position":3,"name":"Organic sea buckthorn berry powder"}]},{"@type":"WebSite","@id":"https:\/\/www.biopapa.de\/en\/#website","url":"https:\/\/www.biopapa.de\/en\/","name":"Biopapa","description":"\u0160var\u016bs ekologi\u0161ki produktai","publisher":{"@id":"https:\/\/www.biopapa.de\/en\/#organization"},"potentialAction":[{"@type":"SearchAction","target":{"@type":"EntryPoint","urlTemplate":"https:\/\/www.biopapa.de\/en\/?s={search_term_string}"},"query-input":{"@type":"PropertyValueSpecification","valueRequired":true,"valueName":"search_term_string"}}],"inLanguage":"en-US"},{"@type":"Organization","@id":"https:\/\/www.biopapa.de\/en\/#organization","name":"Biopapa","url":"https:\/\/www.biopapa.de\/en\/","logo":{"@type":"ImageObject","inLanguage":"en-US","@id":"https:\/\/www.biopapa.de\/en\/#\/schema\/logo\/image\/","url":"https:\/\/www.biopapa.lt\/wp-content\/uploads\/2022\/04\/facebook_biopapa.jpg","contentUrl":"https:\/\/www.biopapa.lt\/wp-content\/uploads\/2022\/04\/facebook_biopapa.jpg","width":1733,"height":907,"caption":"Biopapa"},"image":{"@id":"https:\/\/www.biopapa.de\/en\/#\/schema\/logo\/image\/"},"sameAs":["https:\/\/www.facebook.com\/biopapa.lt"]}]}},"_links":{"self":[{"href":"https:\/\/www.biopapa.de\/en\/wp-json\/wp\/v2\/product\/32488","targetHints":{"allow":["GET"]}}],"collection":[{"href":"https:\/\/www.biopapa.de\/en\/wp-json\/wp\/v2\/product"}],"about":[{"href":"https:\/\/www.biopapa.de\/en\/wp-json\/wp\/v2\/types\/product"}],"wp:featuredmedia":[{"embeddable":true,"href":"https:\/\/www.biopapa.de\/en\/wp-json\/wp\/v2\/media\/30211"}],"wp:attachment":[{"href":"https:\/\/www.biopapa.de\/en\/wp-json\/wp\/v2\/media?parent=32488"}],"wp:term":[{"taxonomy":"product_brand","embeddable":true,"href":"https:\/\/www.biopapa.de\/en\/wp-json\/wp\/v2\/product_brand?post=32488"},{"taxonomy":"product_cat","embeddable":true,"href":"https:\/\/www.biopapa.de\/en\/wp-json\/wp\/v2\/product_cat?post=32488"},{"taxonomy":"product_tag","embeddable":true,"href":"https:\/\/www.biopapa.de\/en\/wp-json\/wp\/v2\/product_tag?post=32488"}],"curies":[{"name":"wp","href":"https:\/\/api.w.org\/{rel}","templated":true}]}}