{"id":32499,"date":"2023-02-10T21:50:39","date_gmt":"2023-02-10T19:50:39","guid":{"rendered":"https:\/\/www.biopapa.lt\/produktas\/organic-chokeberry-powder\/"},"modified":"2025-04-02T14:38:49","modified_gmt":"2025-04-02T11:38:49","slug":"organic-aronia-powder","status":"publish","type":"product","link":"https:\/\/www.biopapa.de\/en\/producte\/organic-aronia-powder\/","title":{"rendered":"Organic chokeberry powder"},"content":{"rendered":"<p><strong>Organic chokeberry powder<\/strong><br \/>\nAronia (Aronia melonacarpa) is native to North America and has a long history of traditional Indian use. Vaisiai buvo vertinami d\u0117l savo universalumo ir sveikat\u0105 stiprinan\u010di\u0173 savybi\u0173. They have been used in various forms, including teas, decoctions and poultices.<\/p>\n<p>Aronia, valued for centuries for its medicinal and nutritional properties. North American Indian tribes used the berries to treat colds, fevers and indigestion. Their dark colour was used to dye fabrics and baskets. In the 19th century, chokeberries were brought to Europe, where they became popular in Russia and Eastern Europe as a means of boosting immunity and improving heart health. During wars, they served as a nutritious supplement against malnutrition. Today, chokeberries are considered a superfood, possibly due to their high antioxidant content.      <\/p>\n<p>Attention<br \/>\nGastrointestinal upset &#8211; some people may experience digestive discomfort, including diarrhoea or stomach cramps, if they consume too much chokeberry or chokeberry products. Start with a small amount to assess your tolerance.<br \/>\nAllergic reactions &#8211; Allergies to chokeberries are rare. If you experience itching, swelling or difficulty breathing after use, stop use and seek medical attention.<br \/>\nInteractions &#8211; Aronia may interact with certain medicines, especially blood thinners. If you are taking medication, be careful.<\/p>\n<p>Use of<br \/>\nAdd a teaspoon of aronia powder to your morning smoothie to boost its antioxidant effects.<br \/>\nAdd the powder to yoghurt or porridge to improve taste and nutritional value.<br \/>\nAdd the powder to muffins, pancakes or energy bars.<br \/>\nMake chokeberry tea &#8211; mix chokeberry powder with hot water and sweetener for a soothing, antioxidant-rich tea.<br \/>\nAdd chokeberry powder to salad dressings for extra flavour and nutrition.<\/p>\n<p>Sources:<br \/>\nhttps:\/\/bioactor.com<br \/>\nhttps:\/\/www.ncbi.nlm.nih.gov<\/p>\n<p>NOTE. The information contained herein should not be construed as a recommendation for treatment or other health issues. We encourage you to make personal decisions about your personal health, taking into account a wide range of sources of information.<\/p>\n","protected":false},"excerpt":{"rendered":"<p>Organic chokeberry powder Aronia (Aronia melonacarpa) is native to North America and has a long history of traditional Indian use.<\/p>\n","protected":false},"featured_media":30209,"template":"","meta":{"_acf_changed":false},"product_brand":[],"product_cat":[1848,2353],"product_tag":[2088],"class_list":{"0":"post-32499","1":"product","2":"type-product","3":"status-publish","4":"has-post-thumbnail","6":"product_cat-plant-based-superfood","7":"product_cat-powder","8":"product_tag-vegan","9":"pa_svoris-1-kg-en","10":"pa_svoris-100-g-en-2","11":"pa_svoris-200-g-en","12":"pa_svoris-300-g-en","13":"pa_svoris-400-g-en","14":"pa_svoris-5-kg-en","15":"pa_svoris-50-g-en","16":"pa_svoris-500-g-en-2","18":"first","19":"instock","20":"shipping-taxable","21":"purchasable","22":"product-type-variable"},"acf":[],"yoast_head":"<!-- This site is optimized with the Yoast SEO plugin v27.5 - https:\/\/yoast.com\/product\/yoast-seo-wordpress\/ -->\n<title>Organic chokeberry powder - Biopapa<\/title>\n<meta name=\"description\" content=\"Made from organic dried chokeberries (100%). Aronia is native to North America and has a long history of traditional use by Native Americans. The fruit has been valued for its versatility and health promoting properties. They have been used in a variety of forms including teas, decoctions and poultices.\" \/>\n<meta name=\"robots\" content=\"index, follow, max-snippet:-1, max-image-preview:large, max-video-preview:-1\" \/>\n<link rel=\"canonical\" href=\"https:\/\/www.biopapa.de\/en\/producte\/organic-aronia-powder\/\" \/>\n<meta property=\"og:locale\" content=\"en_US\" \/>\n<meta property=\"og:type\" content=\"article\" \/>\n<meta property=\"og:title\" content=\"Organic chokeberry powder - Biopapa\" \/>\n<meta property=\"og:description\" content=\"Made from organic dried chokeberries (100%). Aronia is native to North America and has a long history of traditional use by Native Americans. The fruit has been valued for its versatility and health promoting properties. They have been used in a variety of forms including teas, decoctions and poultices.\" \/>\n<meta property=\"og:url\" content=\"https:\/\/www.biopapa.de\/en\/producte\/organic-aronia-powder\/\" \/>\n<meta property=\"og:site_name\" content=\"Biopapa\" \/>\n<meta property=\"article:publisher\" content=\"https:\/\/www.facebook.com\/biopapa.lt\" \/>\n<meta property=\"article:modified_time\" content=\"2025-04-02T11:38:49+00:00\" \/>\n<meta property=\"og:image\" content=\"https:\/\/www.biopapa.de\/wp-content\/uploads\/2023\/02\/Ekologiski-aroniju-milteliai.png\" \/>\n\t<meta property=\"og:image:width\" content=\"800\" \/>\n\t<meta property=\"og:image:height\" content=\"640\" \/>\n\t<meta property=\"og:image:type\" content=\"image\/png\" \/>\n<meta name=\"twitter:card\" content=\"summary_large_image\" \/>\n<meta name=\"twitter:label1\" content=\"Est. reading time\" \/>\n\t<meta name=\"twitter:data1\" content=\"2 minutes\" \/>\n<script type=\"application\/ld+json\" class=\"yoast-schema-graph\">{\"@context\":\"https:\\\/\\\/schema.org\",\"@graph\":[{\"@type\":\"WebPage\",\"@id\":\"https:\\\/\\\/www.biopapa.de\\\/en\\\/producte\\\/organic-aronia-powder\\\/\",\"url\":\"https:\\\/\\\/www.biopapa.de\\\/en\\\/producte\\\/organic-aronia-powder\\\/\",\"name\":\"Organic chokeberry powder - Biopapa\",\"isPartOf\":{\"@id\":\"https:\\\/\\\/www.biopapa.de\\\/en\\\/#website\"},\"primaryImageOfPage\":{\"@id\":\"https:\\\/\\\/www.biopapa.de\\\/en\\\/producte\\\/organic-aronia-powder\\\/#primaryimage\"},\"image\":{\"@id\":\"https:\\\/\\\/www.biopapa.de\\\/en\\\/producte\\\/organic-aronia-powder\\\/#primaryimage\"},\"thumbnailUrl\":\"https:\\\/\\\/www.biopapa.de\\\/wp-content\\\/uploads\\\/2023\\\/02\\\/Ekologiski-aroniju-milteliai.png\",\"datePublished\":\"2023-02-10T19:50:39+00:00\",\"dateModified\":\"2025-04-02T11:38:49+00:00\",\"description\":\"Made from organic dried chokeberries (100%). Aronia is native to North America and has a long history of traditional use by Native Americans. The fruit has been valued for its versatility and health promoting properties. They have been used in a variety of forms including teas, decoctions and poultices.\",\"breadcrumb\":{\"@id\":\"https:\\\/\\\/www.biopapa.de\\\/en\\\/producte\\\/organic-aronia-powder\\\/#breadcrumb\"},\"inLanguage\":\"en-US\",\"potentialAction\":[{\"@type\":\"ReadAction\",\"target\":[\"https:\\\/\\\/www.biopapa.de\\\/en\\\/producte\\\/organic-aronia-powder\\\/\"]}]},{\"@type\":\"ImageObject\",\"inLanguage\":\"en-US\",\"@id\":\"https:\\\/\\\/www.biopapa.de\\\/en\\\/producte\\\/organic-aronia-powder\\\/#primaryimage\",\"url\":\"https:\\\/\\\/www.biopapa.de\\\/wp-content\\\/uploads\\\/2023\\\/02\\\/Ekologiski-aroniju-milteliai.png\",\"contentUrl\":\"https:\\\/\\\/www.biopapa.de\\\/wp-content\\\/uploads\\\/2023\\\/02\\\/Ekologiski-aroniju-milteliai.png\",\"width\":800,\"height\":640,\"caption\":\"Organic chokeberry powder\"},{\"@type\":\"BreadcrumbList\",\"@id\":\"https:\\\/\\\/www.biopapa.de\\\/en\\\/producte\\\/organic-aronia-powder\\\/#breadcrumb\",\"itemListElement\":[{\"@type\":\"ListItem\",\"position\":1,\"name\":\"Home\",\"item\":\"https:\\\/\\\/www.biopapa.de\\\/en\\\/\"},{\"@type\":\"ListItem\",\"position\":2,\"name\":\"Shop\",\"item\":\"https:\\\/\\\/www.biopapa.de\\\/en\\\/shop\\\/\"},{\"@type\":\"ListItem\",\"position\":3,\"name\":\"Organic chokeberry powder\"}]},{\"@type\":\"WebSite\",\"@id\":\"https:\\\/\\\/www.biopapa.de\\\/en\\\/#website\",\"url\":\"https:\\\/\\\/www.biopapa.de\\\/en\\\/\",\"name\":\"Biopapa\",\"description\":\"\u0160var\u016bs ekologi\u0161ki produktai\",\"publisher\":{\"@id\":\"https:\\\/\\\/www.biopapa.de\\\/en\\\/#organization\"},\"potentialAction\":[{\"@type\":\"SearchAction\",\"target\":{\"@type\":\"EntryPoint\",\"urlTemplate\":\"https:\\\/\\\/www.biopapa.de\\\/en\\\/?s={search_term_string}\"},\"query-input\":{\"@type\":\"PropertyValueSpecification\",\"valueRequired\":true,\"valueName\":\"search_term_string\"}}],\"inLanguage\":\"en-US\"},{\"@type\":\"Organization\",\"@id\":\"https:\\\/\\\/www.biopapa.de\\\/en\\\/#organization\",\"name\":\"Biopapa\",\"url\":\"https:\\\/\\\/www.biopapa.de\\\/en\\\/\",\"logo\":{\"@type\":\"ImageObject\",\"inLanguage\":\"en-US\",\"@id\":\"https:\\\/\\\/www.biopapa.de\\\/en\\\/#\\\/schema\\\/logo\\\/image\\\/\",\"url\":\"https:\\\/\\\/www.biopapa.lt\\\/wp-content\\\/uploads\\\/2022\\\/04\\\/facebook_biopapa.jpg\",\"contentUrl\":\"https:\\\/\\\/www.biopapa.lt\\\/wp-content\\\/uploads\\\/2022\\\/04\\\/facebook_biopapa.jpg\",\"width\":1733,\"height\":907,\"caption\":\"Biopapa\"},\"image\":{\"@id\":\"https:\\\/\\\/www.biopapa.de\\\/en\\\/#\\\/schema\\\/logo\\\/image\\\/\"},\"sameAs\":[\"https:\\\/\\\/www.facebook.com\\\/biopapa.lt\"]}]}<\/script>\n<!-- \/ Yoast SEO plugin. -->","yoast_head_json":{"title":"Organic chokeberry powder - Biopapa","description":"Made from organic dried chokeberries (100%). Aronia is native to North America and has a long history of traditional use by Native Americans. The fruit has been valued for its versatility and health promoting properties. They have been used in a variety of forms including teas, decoctions and poultices.","robots":{"index":"index","follow":"follow","max-snippet":"max-snippet:-1","max-image-preview":"max-image-preview:large","max-video-preview":"max-video-preview:-1"},"canonical":"https:\/\/www.biopapa.de\/en\/producte\/organic-aronia-powder\/","og_locale":"en_US","og_type":"article","og_title":"Organic chokeberry powder - Biopapa","og_description":"Made from organic dried chokeberries (100%). Aronia is native to North America and has a long history of traditional use by Native Americans. The fruit has been valued for its versatility and health promoting properties. They have been used in a variety of forms including teas, decoctions and poultices.","og_url":"https:\/\/www.biopapa.de\/en\/producte\/organic-aronia-powder\/","og_site_name":"Biopapa","article_publisher":"https:\/\/www.facebook.com\/biopapa.lt","article_modified_time":"2025-04-02T11:38:49+00:00","og_image":[{"width":800,"height":640,"url":"https:\/\/www.biopapa.de\/wp-content\/uploads\/2023\/02\/Ekologiski-aroniju-milteliai.png","type":"image\/png"}],"twitter_card":"summary_large_image","twitter_misc":{"Est. reading time":"2 minutes"},"schema":{"@context":"https:\/\/schema.org","@graph":[{"@type":"WebPage","@id":"https:\/\/www.biopapa.de\/en\/producte\/organic-aronia-powder\/","url":"https:\/\/www.biopapa.de\/en\/producte\/organic-aronia-powder\/","name":"Organic chokeberry powder - Biopapa","isPartOf":{"@id":"https:\/\/www.biopapa.de\/en\/#website"},"primaryImageOfPage":{"@id":"https:\/\/www.biopapa.de\/en\/producte\/organic-aronia-powder\/#primaryimage"},"image":{"@id":"https:\/\/www.biopapa.de\/en\/producte\/organic-aronia-powder\/#primaryimage"},"thumbnailUrl":"https:\/\/www.biopapa.de\/wp-content\/uploads\/2023\/02\/Ekologiski-aroniju-milteliai.png","datePublished":"2023-02-10T19:50:39+00:00","dateModified":"2025-04-02T11:38:49+00:00","description":"Made from organic dried chokeberries (100%). Aronia is native to North America and has a long history of traditional use by Native Americans. The fruit has been valued for its versatility and health promoting properties. They have been used in a variety of forms including teas, decoctions and poultices.","breadcrumb":{"@id":"https:\/\/www.biopapa.de\/en\/producte\/organic-aronia-powder\/#breadcrumb"},"inLanguage":"en-US","potentialAction":[{"@type":"ReadAction","target":["https:\/\/www.biopapa.de\/en\/producte\/organic-aronia-powder\/"]}]},{"@type":"ImageObject","inLanguage":"en-US","@id":"https:\/\/www.biopapa.de\/en\/producte\/organic-aronia-powder\/#primaryimage","url":"https:\/\/www.biopapa.de\/wp-content\/uploads\/2023\/02\/Ekologiski-aroniju-milteliai.png","contentUrl":"https:\/\/www.biopapa.de\/wp-content\/uploads\/2023\/02\/Ekologiski-aroniju-milteliai.png","width":800,"height":640,"caption":"Organic chokeberry powder"},{"@type":"BreadcrumbList","@id":"https:\/\/www.biopapa.de\/en\/producte\/organic-aronia-powder\/#breadcrumb","itemListElement":[{"@type":"ListItem","position":1,"name":"Home","item":"https:\/\/www.biopapa.de\/en\/"},{"@type":"ListItem","position":2,"name":"Shop","item":"https:\/\/www.biopapa.de\/en\/shop\/"},{"@type":"ListItem","position":3,"name":"Organic chokeberry powder"}]},{"@type":"WebSite","@id":"https:\/\/www.biopapa.de\/en\/#website","url":"https:\/\/www.biopapa.de\/en\/","name":"Biopapa","description":"\u0160var\u016bs ekologi\u0161ki produktai","publisher":{"@id":"https:\/\/www.biopapa.de\/en\/#organization"},"potentialAction":[{"@type":"SearchAction","target":{"@type":"EntryPoint","urlTemplate":"https:\/\/www.biopapa.de\/en\/?s={search_term_string}"},"query-input":{"@type":"PropertyValueSpecification","valueRequired":true,"valueName":"search_term_string"}}],"inLanguage":"en-US"},{"@type":"Organization","@id":"https:\/\/www.biopapa.de\/en\/#organization","name":"Biopapa","url":"https:\/\/www.biopapa.de\/en\/","logo":{"@type":"ImageObject","inLanguage":"en-US","@id":"https:\/\/www.biopapa.de\/en\/#\/schema\/logo\/image\/","url":"https:\/\/www.biopapa.lt\/wp-content\/uploads\/2022\/04\/facebook_biopapa.jpg","contentUrl":"https:\/\/www.biopapa.lt\/wp-content\/uploads\/2022\/04\/facebook_biopapa.jpg","width":1733,"height":907,"caption":"Biopapa"},"image":{"@id":"https:\/\/www.biopapa.de\/en\/#\/schema\/logo\/image\/"},"sameAs":["https:\/\/www.facebook.com\/biopapa.lt"]}]}},"_links":{"self":[{"href":"https:\/\/www.biopapa.de\/en\/wp-json\/wp\/v2\/product\/32499","targetHints":{"allow":["GET"]}}],"collection":[{"href":"https:\/\/www.biopapa.de\/en\/wp-json\/wp\/v2\/product"}],"about":[{"href":"https:\/\/www.biopapa.de\/en\/wp-json\/wp\/v2\/types\/product"}],"wp:featuredmedia":[{"embeddable":true,"href":"https:\/\/www.biopapa.de\/en\/wp-json\/wp\/v2\/media\/30209"}],"wp:attachment":[{"href":"https:\/\/www.biopapa.de\/en\/wp-json\/wp\/v2\/media?parent=32499"}],"wp:term":[{"taxonomy":"product_brand","embeddable":true,"href":"https:\/\/www.biopapa.de\/en\/wp-json\/wp\/v2\/product_brand?post=32499"},{"taxonomy":"product_cat","embeddable":true,"href":"https:\/\/www.biopapa.de\/en\/wp-json\/wp\/v2\/product_cat?post=32499"},{"taxonomy":"product_tag","embeddable":true,"href":"https:\/\/www.biopapa.de\/en\/wp-json\/wp\/v2\/product_tag?post=32499"}],"curies":[{"name":"wp","href":"https:\/\/api.w.org\/{rel}","templated":true}]}}