{"id":32617,"date":"2021-09-17T21:37:48","date_gmt":"2021-09-17T18:37:48","guid":{"rendered":"https:\/\/www.biopapa.lt\/produktas\/organic-medjool-dates-with-pits-fresh\/"},"modified":"2026-02-04T09:14:16","modified_gmt":"2026-02-04T07:14:16","slug":"organic-medjool-dates-with-pits-fresh","status":"publish","type":"product","link":"https:\/\/www.biopapa.de\/en\/producte\/organic-medjool-dates-with-pits-fresh\/","title":{"rendered":"Organic Medjool dates with pits (fresh)"},"content":{"rendered":"<p><strong>Organic Medjool dates with pits (fresh)<\/strong><br \/>\nPrized for their sweetness and rich nutritional profile, Medjool dates originate from Morocco, where they have been cultivated for centuries in the fertile Maghreb region. In this North African country, the date palm (Phoenix dactylifera) thrives in the arid, sun-drenched landscapes of the Sahara Desert and its oases, producing some of the best dates in the world.<br \/>\nMedjool dates are one of the most popular date varieties in the world, although originating in Morocco, they are now mainly cultivated in the Middle East (Israel is the main producer and exporter) and North Africa.<br \/>\nMedjool dates are renowned for their size, texture and sweet, caramel flavour. But the sweetness and fibre benefits don&#8217;t end there. Medjool dates are rich in vitamins and minerals and are renowned for their health benefits.<\/p>\n<p>Medjool dates are high in fibre, with 100 g of this treat providing 26% of the recommended daily allowance (Medjool).<\/p>\n<p>Use of<br \/>\nSnack &#8211; a portion of 2-3 dates is a filling and nutritious snack. They can be eaten on their own or combined with nuts.<br \/>\nSweetener &#8211; medjool dates can be added to smoothies, porridge or used as a natural sweetener in baking recipes.<br \/>\nThey are particularly good for energy bars and date desserts.<br \/>\nChopped Medjool dates can be sprinkled on salads.<br \/>\nTo keep Medjool dates fresh for a long time, store them in the fridge. They can also be frozen.<\/p>\n<p>Source:<br \/>\nhttps:\/\/www.webmd.com<br \/>\nUSDA Food Composition Databases<\/p>\n<p>NOTE. The information contained herein should not be construed as a recommendation for treatment or other health issues. We encourage you to make personal decisions about your personal health, taking into account a wide range of sources of information.<\/p>\n","protected":false},"excerpt":{"rendered":"<p>Organic Medjool dates with pits (fresh) Prized for their sweetness and rich nutritional profile, Medjool dates originate from Morocco, where<\/p>\n","protected":false},"featured_media":28673,"template":"","meta":{"_acf_changed":false},"product_brand":[],"product_cat":[1959,1849],"product_tag":[2762,2761],"class_list":{"0":"post-32617","1":"product","2":"type-product","3":"status-publish","4":"has-post-thumbnail","6":"product_cat-dried-fruits","7":"product_cat-organic-dried-fruits-and-berries","8":"product_tag-sugar-free","9":"product_tag-vegans","10":"pa_svoris-1-kg-en","11":"pa_svoris-100-g-en-2","12":"pa_svoris-200-g-en","13":"pa_svoris-300-g-en","14":"pa_svoris-400-g-en","15":"pa_svoris-5-kg-en","16":"pa_svoris-500-g-en-2","18":"first","19":"instock","20":"shipping-taxable","21":"purchasable","22":"product-type-variable"},"acf":[],"yoast_head":"<!-- This site is optimized with the Yoast SEO plugin v27.5 - https:\/\/yoast.com\/product\/yoast-seo-wordpress\/ -->\n<title>Organic Medjool dates with pits (fresh) - Biopapa<\/title>\n<meta name=\"description\" content=\"The Medjool date is one of the most popular date varieties in the world, and although it originated in Morocco, it is now mainly grown in the Middle East and North Africa.\" \/>\n<meta name=\"robots\" content=\"index, follow, max-snippet:-1, max-image-preview:large, max-video-preview:-1\" \/>\n<link rel=\"canonical\" href=\"https:\/\/www.biopapa.de\/en\/producte\/organic-medjool-dates-with-pits-fresh\/\" \/>\n<meta property=\"og:locale\" content=\"en_US\" \/>\n<meta property=\"og:type\" content=\"article\" \/>\n<meta property=\"og:title\" content=\"Organic Medjool dates with pits (fresh) - Biopapa\" \/>\n<meta property=\"og:description\" content=\"The Medjool date is one of the most popular date varieties in the world, and although it originated in Morocco, it is now mainly grown in the Middle East and North Africa.\" \/>\n<meta property=\"og:url\" content=\"https:\/\/www.biopapa.de\/en\/producte\/organic-medjool-dates-with-pits-fresh\/\" \/>\n<meta property=\"og:site_name\" content=\"Biopapa\" \/>\n<meta property=\"article:publisher\" content=\"https:\/\/www.facebook.com\/biopapa.lt\" \/>\n<meta property=\"article:modified_time\" content=\"2026-02-04T07:14:16+00:00\" \/>\n<meta property=\"og:image\" content=\"https:\/\/www.biopapa.de\/wp-content\/uploads\/2021\/09\/Ekologiskos-datules-su-kauliukais-Medjool-sviezios.jpg\" \/>\n\t<meta property=\"og:image:width\" content=\"800\" \/>\n\t<meta property=\"og:image:height\" content=\"640\" \/>\n\t<meta property=\"og:image:type\" content=\"image\/jpeg\" \/>\n<meta name=\"twitter:card\" content=\"summary_large_image\" \/>\n<meta name=\"twitter:label1\" content=\"Est. reading time\" \/>\n\t<meta name=\"twitter:data1\" content=\"1 minute\" \/>\n<script type=\"application\/ld+json\" class=\"yoast-schema-graph\">{\"@context\":\"https:\\\/\\\/schema.org\",\"@graph\":[{\"@type\":\"WebPage\",\"@id\":\"https:\\\/\\\/www.biopapa.de\\\/en\\\/producte\\\/organic-medjool-dates-with-pits-fresh\\\/\",\"url\":\"https:\\\/\\\/www.biopapa.de\\\/en\\\/producte\\\/organic-medjool-dates-with-pits-fresh\\\/\",\"name\":\"Organic Medjool dates with pits (fresh) - Biopapa\",\"isPartOf\":{\"@id\":\"https:\\\/\\\/www.biopapa.de\\\/en\\\/#website\"},\"primaryImageOfPage\":{\"@id\":\"https:\\\/\\\/www.biopapa.de\\\/en\\\/producte\\\/organic-medjool-dates-with-pits-fresh\\\/#primaryimage\"},\"image\":{\"@id\":\"https:\\\/\\\/www.biopapa.de\\\/en\\\/producte\\\/organic-medjool-dates-with-pits-fresh\\\/#primaryimage\"},\"thumbnailUrl\":\"https:\\\/\\\/www.biopapa.de\\\/wp-content\\\/uploads\\\/2021\\\/09\\\/Ekologiskos-datules-su-kauliukais-Medjool-sviezios.jpg\",\"datePublished\":\"2021-09-17T18:37:48+00:00\",\"dateModified\":\"2026-02-04T07:14:16+00:00\",\"description\":\"The Medjool date is one of the most popular date varieties in the world, and although it originated in Morocco, it is now mainly grown in the Middle East and North Africa.\",\"breadcrumb\":{\"@id\":\"https:\\\/\\\/www.biopapa.de\\\/en\\\/producte\\\/organic-medjool-dates-with-pits-fresh\\\/#breadcrumb\"},\"inLanguage\":\"en-US\",\"potentialAction\":[{\"@type\":\"ReadAction\",\"target\":[\"https:\\\/\\\/www.biopapa.de\\\/en\\\/producte\\\/organic-medjool-dates-with-pits-fresh\\\/\"]}]},{\"@type\":\"ImageObject\",\"inLanguage\":\"en-US\",\"@id\":\"https:\\\/\\\/www.biopapa.de\\\/en\\\/producte\\\/organic-medjool-dates-with-pits-fresh\\\/#primaryimage\",\"url\":\"https:\\\/\\\/www.biopapa.de\\\/wp-content\\\/uploads\\\/2021\\\/09\\\/Ekologiskos-datules-su-kauliukais-Medjool-sviezios.jpg\",\"contentUrl\":\"https:\\\/\\\/www.biopapa.de\\\/wp-content\\\/uploads\\\/2021\\\/09\\\/Ekologiskos-datules-su-kauliukais-Medjool-sviezios.jpg\",\"width\":800,\"height\":640,\"caption\":\"Organic Medjool dates with pits (fresh)\"},{\"@type\":\"BreadcrumbList\",\"@id\":\"https:\\\/\\\/www.biopapa.de\\\/en\\\/producte\\\/organic-medjool-dates-with-pits-fresh\\\/#breadcrumb\",\"itemListElement\":[{\"@type\":\"ListItem\",\"position\":1,\"name\":\"Home\",\"item\":\"https:\\\/\\\/www.biopapa.de\\\/en\\\/\"},{\"@type\":\"ListItem\",\"position\":2,\"name\":\"Shop\",\"item\":\"https:\\\/\\\/www.biopapa.de\\\/en\\\/shop\\\/\"},{\"@type\":\"ListItem\",\"position\":3,\"name\":\"Organic Medjool dates with pits (fresh)\"}]},{\"@type\":\"WebSite\",\"@id\":\"https:\\\/\\\/www.biopapa.de\\\/en\\\/#website\",\"url\":\"https:\\\/\\\/www.biopapa.de\\\/en\\\/\",\"name\":\"Biopapa\",\"description\":\"\u0160var\u016bs ekologi\u0161ki produktai\",\"publisher\":{\"@id\":\"https:\\\/\\\/www.biopapa.de\\\/en\\\/#organization\"},\"potentialAction\":[{\"@type\":\"SearchAction\",\"target\":{\"@type\":\"EntryPoint\",\"urlTemplate\":\"https:\\\/\\\/www.biopapa.de\\\/en\\\/?s={search_term_string}\"},\"query-input\":{\"@type\":\"PropertyValueSpecification\",\"valueRequired\":true,\"valueName\":\"search_term_string\"}}],\"inLanguage\":\"en-US\"},{\"@type\":\"Organization\",\"@id\":\"https:\\\/\\\/www.biopapa.de\\\/en\\\/#organization\",\"name\":\"Biopapa\",\"url\":\"https:\\\/\\\/www.biopapa.de\\\/en\\\/\",\"logo\":{\"@type\":\"ImageObject\",\"inLanguage\":\"en-US\",\"@id\":\"https:\\\/\\\/www.biopapa.de\\\/en\\\/#\\\/schema\\\/logo\\\/image\\\/\",\"url\":\"https:\\\/\\\/www.biopapa.lt\\\/wp-content\\\/uploads\\\/2022\\\/04\\\/facebook_biopapa.jpg\",\"contentUrl\":\"https:\\\/\\\/www.biopapa.lt\\\/wp-content\\\/uploads\\\/2022\\\/04\\\/facebook_biopapa.jpg\",\"width\":1733,\"height\":907,\"caption\":\"Biopapa\"},\"image\":{\"@id\":\"https:\\\/\\\/www.biopapa.de\\\/en\\\/#\\\/schema\\\/logo\\\/image\\\/\"},\"sameAs\":[\"https:\\\/\\\/www.facebook.com\\\/biopapa.lt\"]}]}<\/script>\n<!-- \/ Yoast SEO plugin. -->","yoast_head_json":{"title":"Organic Medjool dates with pits (fresh) - Biopapa","description":"The Medjool date is one of the most popular date varieties in the world, and although it originated in Morocco, it is now mainly grown in the Middle East and North Africa.","robots":{"index":"index","follow":"follow","max-snippet":"max-snippet:-1","max-image-preview":"max-image-preview:large","max-video-preview":"max-video-preview:-1"},"canonical":"https:\/\/www.biopapa.de\/en\/producte\/organic-medjool-dates-with-pits-fresh\/","og_locale":"en_US","og_type":"article","og_title":"Organic Medjool dates with pits (fresh) - Biopapa","og_description":"The Medjool date is one of the most popular date varieties in the world, and although it originated in Morocco, it is now mainly grown in the Middle East and North Africa.","og_url":"https:\/\/www.biopapa.de\/en\/producte\/organic-medjool-dates-with-pits-fresh\/","og_site_name":"Biopapa","article_publisher":"https:\/\/www.facebook.com\/biopapa.lt","article_modified_time":"2026-02-04T07:14:16+00:00","og_image":[{"width":800,"height":640,"url":"https:\/\/www.biopapa.de\/wp-content\/uploads\/2021\/09\/Ekologiskos-datules-su-kauliukais-Medjool-sviezios.jpg","type":"image\/jpeg"}],"twitter_card":"summary_large_image","twitter_misc":{"Est. reading time":"1 minute"},"schema":{"@context":"https:\/\/schema.org","@graph":[{"@type":"WebPage","@id":"https:\/\/www.biopapa.de\/en\/producte\/organic-medjool-dates-with-pits-fresh\/","url":"https:\/\/www.biopapa.de\/en\/producte\/organic-medjool-dates-with-pits-fresh\/","name":"Organic Medjool dates with pits (fresh) - Biopapa","isPartOf":{"@id":"https:\/\/www.biopapa.de\/en\/#website"},"primaryImageOfPage":{"@id":"https:\/\/www.biopapa.de\/en\/producte\/organic-medjool-dates-with-pits-fresh\/#primaryimage"},"image":{"@id":"https:\/\/www.biopapa.de\/en\/producte\/organic-medjool-dates-with-pits-fresh\/#primaryimage"},"thumbnailUrl":"https:\/\/www.biopapa.de\/wp-content\/uploads\/2021\/09\/Ekologiskos-datules-su-kauliukais-Medjool-sviezios.jpg","datePublished":"2021-09-17T18:37:48+00:00","dateModified":"2026-02-04T07:14:16+00:00","description":"The Medjool date is one of the most popular date varieties in the world, and although it originated in Morocco, it is now mainly grown in the Middle East and North Africa.","breadcrumb":{"@id":"https:\/\/www.biopapa.de\/en\/producte\/organic-medjool-dates-with-pits-fresh\/#breadcrumb"},"inLanguage":"en-US","potentialAction":[{"@type":"ReadAction","target":["https:\/\/www.biopapa.de\/en\/producte\/organic-medjool-dates-with-pits-fresh\/"]}]},{"@type":"ImageObject","inLanguage":"en-US","@id":"https:\/\/www.biopapa.de\/en\/producte\/organic-medjool-dates-with-pits-fresh\/#primaryimage","url":"https:\/\/www.biopapa.de\/wp-content\/uploads\/2021\/09\/Ekologiskos-datules-su-kauliukais-Medjool-sviezios.jpg","contentUrl":"https:\/\/www.biopapa.de\/wp-content\/uploads\/2021\/09\/Ekologiskos-datules-su-kauliukais-Medjool-sviezios.jpg","width":800,"height":640,"caption":"Organic Medjool dates with pits (fresh)"},{"@type":"BreadcrumbList","@id":"https:\/\/www.biopapa.de\/en\/producte\/organic-medjool-dates-with-pits-fresh\/#breadcrumb","itemListElement":[{"@type":"ListItem","position":1,"name":"Home","item":"https:\/\/www.biopapa.de\/en\/"},{"@type":"ListItem","position":2,"name":"Shop","item":"https:\/\/www.biopapa.de\/en\/shop\/"},{"@type":"ListItem","position":3,"name":"Organic Medjool dates with pits (fresh)"}]},{"@type":"WebSite","@id":"https:\/\/www.biopapa.de\/en\/#website","url":"https:\/\/www.biopapa.de\/en\/","name":"Biopapa","description":"\u0160var\u016bs ekologi\u0161ki produktai","publisher":{"@id":"https:\/\/www.biopapa.de\/en\/#organization"},"potentialAction":[{"@type":"SearchAction","target":{"@type":"EntryPoint","urlTemplate":"https:\/\/www.biopapa.de\/en\/?s={search_term_string}"},"query-input":{"@type":"PropertyValueSpecification","valueRequired":true,"valueName":"search_term_string"}}],"inLanguage":"en-US"},{"@type":"Organization","@id":"https:\/\/www.biopapa.de\/en\/#organization","name":"Biopapa","url":"https:\/\/www.biopapa.de\/en\/","logo":{"@type":"ImageObject","inLanguage":"en-US","@id":"https:\/\/www.biopapa.de\/en\/#\/schema\/logo\/image\/","url":"https:\/\/www.biopapa.lt\/wp-content\/uploads\/2022\/04\/facebook_biopapa.jpg","contentUrl":"https:\/\/www.biopapa.lt\/wp-content\/uploads\/2022\/04\/facebook_biopapa.jpg","width":1733,"height":907,"caption":"Biopapa"},"image":{"@id":"https:\/\/www.biopapa.de\/en\/#\/schema\/logo\/image\/"},"sameAs":["https:\/\/www.facebook.com\/biopapa.lt"]}]}},"_links":{"self":[{"href":"https:\/\/www.biopapa.de\/en\/wp-json\/wp\/v2\/product\/32617","targetHints":{"allow":["GET"]}}],"collection":[{"href":"https:\/\/www.biopapa.de\/en\/wp-json\/wp\/v2\/product"}],"about":[{"href":"https:\/\/www.biopapa.de\/en\/wp-json\/wp\/v2\/types\/product"}],"wp:featuredmedia":[{"embeddable":true,"href":"https:\/\/www.biopapa.de\/en\/wp-json\/wp\/v2\/media\/28673"}],"wp:attachment":[{"href":"https:\/\/www.biopapa.de\/en\/wp-json\/wp\/v2\/media?parent=32617"}],"wp:term":[{"taxonomy":"product_brand","embeddable":true,"href":"https:\/\/www.biopapa.de\/en\/wp-json\/wp\/v2\/product_brand?post=32617"},{"taxonomy":"product_cat","embeddable":true,"href":"https:\/\/www.biopapa.de\/en\/wp-json\/wp\/v2\/product_cat?post=32617"},{"taxonomy":"product_tag","embeddable":true,"href":"https:\/\/www.biopapa.de\/en\/wp-json\/wp\/v2\/product_tag?post=32617"}],"curies":[{"name":"wp","href":"https:\/\/api.w.org\/{rel}","templated":true}]}}