{"id":32715,"date":"2023-04-20T14:13:05","date_gmt":"2023-04-20T11:13:05","guid":{"rendered":"https:\/\/www.biopapa.lt\/produktas\/organic-flaxseed-not-fully-cleaned\/"},"modified":"2024-03-30T21:36:19","modified_gmt":"2024-03-30T19:36:19","slug":"organic-linen-seeds-not-cleaned","status":"publish","type":"product","link":"https:\/\/www.biopapa.de\/en\/producte\/organic-linen-seeds-not-cleaned\/","title":{"rendered":"Organic flaxseed (Not fully cleaned)"},"content":{"rendered":"<p data-fontsize=\"18\" data-lineheight=\"27px\"><strong>Organic flaxseed (Not fully cleaned)<\/strong><\/p>\n<p class=\"fusion-responsive-typography-calculated\" data-fontsize=\"18\" data-lineheight=\"27px\"><em>Benefits of flaxseed<\/em><\/p>\n<ol type=\"1\">\n<li>Flaxseeds are a true concentrate of Omega-3s and other valuable substances.<\/li>\n<li>100 g of flaxseed contains as much as 27.3 g of fibre! It is important that 20-40% soluble. Flaxseeds are rich in lutein and zeaxanthin, which are particularly valuable for maintaining eye health, as well as other essential antioxidants such as phenolic compounds and flavonoids.<\/li>\n<li>The fibre, protein and fat in these seeds create a longer-lasting feeling of satiety.<\/li>\n<li>Flaxseeds are rich in <strong>vitamins and minerals:<\/strong> vitamin B6, folate, magnesium, manganese, phosphorus, calcium, iron, zinc, copper and selenium.<\/li>\n<li>Omega-3 fatty acids are essential for our cell membranes and <strong>nervous system<\/strong>.<\/li>\n<\/ol>\n<p><em>How to use?<\/em><\/p>\n<p><span data-contrast=\"none\">Flaxseed should be taken ground with plenty of liquid (water, juice). <\/span><\/p>\n<p><span data-contrast=\"none\">However, if whole flaxseeds are to be used, it is recommended that they are swollen in warm water before use. The beneficial properties of flaxseed are enhanced and revealed when flaxseed is mixed with honey or jam. <\/span><span data-ccp-props=\"{\"201341983\":0,\"335551550\":1,\"335551620\":1,\"335559739\":160,\"335559740\":259}\"> <\/span><\/p>\n<p><span data-contrast=\"none\">It is important to stress that flaxseed oil is not suitable for frying, as it not only loses its nutrients when heated, but also releases trans-fatty substances that are harmful to the body at high temperatures.<\/span><\/p>\n<p><span data-contrast=\"none\">Grind flaxseeds and use them in porridges, yoghurt, kefir, healthy green smoothies and cottage cheese.<br \/>\nIt can also be added to salads, sauces, stews or soup just before eating.<br \/>\nGround flaxseeds can be stored in an airtight container for up to six months and will not lose their nutritional properties.<\/span><\/p>\n<p>Organic flaxseed from Lithuania.<\/p>\n<p>*Caution, dried plant parts may occur!<\/p>\n<p><em>NOTE. The information contained herein should not be construed as a recommendation for treatment or other health issues. We encourage you to make personal decisions about your personal health, taking into account a wide range of sources of information. <\/em><\/p>\n","protected":false},"excerpt":{"rendered":"<p>Organic flaxseed (Not fully cleaned) Benefits of flaxseed Flaxseeds are a true concentrate of Omega-3s and other valuable substances. 100<\/p>\n","protected":false},"featured_media":30393,"template":"","meta":{"_acf_changed":false},"product_brand":[],"product_cat":[1854,2004],"product_tag":[2056,2092,2088],"class_list":{"0":"post-32715","1":"product","2":"type-product","3":"status-publish","4":"has-post-thumbnail","6":"product_cat-organic-nuts-and-seeds","7":"product_cat-seeds","8":"product_tag-keto-diet","9":"product_tag-raw-diet","10":"product_tag-vegan","11":"pa_svoris-1-kg-en","12":"pa_svoris-10-kg-en-2","13":"pa_svoris-100-g-en-2","14":"pa_svoris-200-g-en","15":"pa_svoris-25-kg-en","16":"pa_svoris-300-g-en","17":"pa_svoris-400-g-en","18":"pa_svoris-500-g-en-2","20":"first","21":"outofstock","22":"shipping-taxable","23":"purchasable","24":"product-type-variable"},"acf":[],"yoast_head":"<!-- This site is optimized with the Yoast SEO plugin v27.5 - https:\/\/yoast.com\/product\/yoast-seo-wordpress\/ -->\n<title>Organic flaxseed (Not fully cleaned) - Biopapa<\/title>\n<meta name=\"description\" content=\"The beneficial properties of organic flaxseed are enhanced and revealed when the flaxseed is mixed with honey or jam.\" \/>\n<meta name=\"robots\" content=\"index, follow, max-snippet:-1, max-image-preview:large, max-video-preview:-1\" \/>\n<link rel=\"canonical\" href=\"https:\/\/www.biopapa.de\/en\/producte\/organic-linen-seeds-not-cleaned\/\" \/>\n<meta property=\"og:locale\" content=\"en_US\" \/>\n<meta property=\"og:type\" content=\"article\" \/>\n<meta property=\"og:title\" content=\"Organic flaxseed (Not fully cleaned) - Biopapa\" \/>\n<meta property=\"og:description\" content=\"The beneficial properties of organic flaxseed are enhanced and revealed when the flaxseed is mixed with honey or jam.\" \/>\n<meta property=\"og:url\" content=\"https:\/\/www.biopapa.de\/en\/producte\/organic-linen-seeds-not-cleaned\/\" \/>\n<meta property=\"og:site_name\" content=\"Biopapa\" \/>\n<meta property=\"article:publisher\" content=\"https:\/\/www.facebook.com\/biopapa.lt\" \/>\n<meta property=\"article:modified_time\" content=\"2024-03-30T19:36:19+00:00\" \/>\n<meta property=\"og:image\" content=\"https:\/\/www.biopapa.de\/wp-content\/uploads\/2023\/04\/Ekologiski-linu-semenys-Nepilnai-isvalyti.png\" \/>\n\t<meta property=\"og:image:width\" content=\"800\" \/>\n\t<meta property=\"og:image:height\" content=\"640\" \/>\n\t<meta property=\"og:image:type\" content=\"image\/png\" \/>\n<meta name=\"twitter:card\" content=\"summary_large_image\" \/>\n<meta name=\"twitter:label1\" content=\"Est. reading time\" \/>\n\t<meta name=\"twitter:data1\" content=\"1 minute\" \/>\n<script type=\"application\/ld+json\" class=\"yoast-schema-graph\">{\"@context\":\"https:\\\/\\\/schema.org\",\"@graph\":[{\"@type\":\"WebPage\",\"@id\":\"https:\\\/\\\/www.biopapa.de\\\/en\\\/producte\\\/organic-linen-seeds-not-cleaned\\\/\",\"url\":\"https:\\\/\\\/www.biopapa.de\\\/en\\\/producte\\\/organic-linen-seeds-not-cleaned\\\/\",\"name\":\"Organic flaxseed (Not fully cleaned) - Biopapa\",\"isPartOf\":{\"@id\":\"https:\\\/\\\/www.biopapa.de\\\/en\\\/#website\"},\"primaryImageOfPage\":{\"@id\":\"https:\\\/\\\/www.biopapa.de\\\/en\\\/producte\\\/organic-linen-seeds-not-cleaned\\\/#primaryimage\"},\"image\":{\"@id\":\"https:\\\/\\\/www.biopapa.de\\\/en\\\/producte\\\/organic-linen-seeds-not-cleaned\\\/#primaryimage\"},\"thumbnailUrl\":\"https:\\\/\\\/www.biopapa.de\\\/wp-content\\\/uploads\\\/2023\\\/04\\\/Ekologiski-linu-semenys-Nepilnai-isvalyti.png\",\"datePublished\":\"2023-04-20T11:13:05+00:00\",\"dateModified\":\"2024-03-30T19:36:19+00:00\",\"description\":\"The beneficial properties of organic flaxseed are enhanced and revealed when the flaxseed is mixed with honey or jam.\",\"breadcrumb\":{\"@id\":\"https:\\\/\\\/www.biopapa.de\\\/en\\\/producte\\\/organic-linen-seeds-not-cleaned\\\/#breadcrumb\"},\"inLanguage\":\"en-US\",\"potentialAction\":[{\"@type\":\"ReadAction\",\"target\":[\"https:\\\/\\\/www.biopapa.de\\\/en\\\/producte\\\/organic-linen-seeds-not-cleaned\\\/\"]}]},{\"@type\":\"ImageObject\",\"inLanguage\":\"en-US\",\"@id\":\"https:\\\/\\\/www.biopapa.de\\\/en\\\/producte\\\/organic-linen-seeds-not-cleaned\\\/#primaryimage\",\"url\":\"https:\\\/\\\/www.biopapa.de\\\/wp-content\\\/uploads\\\/2023\\\/04\\\/Ekologiski-linu-semenys-Nepilnai-isvalyti.png\",\"contentUrl\":\"https:\\\/\\\/www.biopapa.de\\\/wp-content\\\/uploads\\\/2023\\\/04\\\/Ekologiski-linu-semenys-Nepilnai-isvalyti.png\",\"width\":800,\"height\":640,\"caption\":\"Organic flaxseed (Not fully cleaned)\"},{\"@type\":\"BreadcrumbList\",\"@id\":\"https:\\\/\\\/www.biopapa.de\\\/en\\\/producte\\\/organic-linen-seeds-not-cleaned\\\/#breadcrumb\",\"itemListElement\":[{\"@type\":\"ListItem\",\"position\":1,\"name\":\"Home\",\"item\":\"https:\\\/\\\/www.biopapa.de\\\/en\\\/\"},{\"@type\":\"ListItem\",\"position\":2,\"name\":\"Shop\",\"item\":\"https:\\\/\\\/www.biopapa.de\\\/en\\\/shop\\\/\"},{\"@type\":\"ListItem\",\"position\":3,\"name\":\"Organic flaxseed (Not fully cleaned)\"}]},{\"@type\":\"WebSite\",\"@id\":\"https:\\\/\\\/www.biopapa.de\\\/en\\\/#website\",\"url\":\"https:\\\/\\\/www.biopapa.de\\\/en\\\/\",\"name\":\"Biopapa\",\"description\":\"\u0160var\u016bs ekologi\u0161ki produktai\",\"publisher\":{\"@id\":\"https:\\\/\\\/www.biopapa.de\\\/en\\\/#organization\"},\"potentialAction\":[{\"@type\":\"SearchAction\",\"target\":{\"@type\":\"EntryPoint\",\"urlTemplate\":\"https:\\\/\\\/www.biopapa.de\\\/en\\\/?s={search_term_string}\"},\"query-input\":{\"@type\":\"PropertyValueSpecification\",\"valueRequired\":true,\"valueName\":\"search_term_string\"}}],\"inLanguage\":\"en-US\"},{\"@type\":\"Organization\",\"@id\":\"https:\\\/\\\/www.biopapa.de\\\/en\\\/#organization\",\"name\":\"Biopapa\",\"url\":\"https:\\\/\\\/www.biopapa.de\\\/en\\\/\",\"logo\":{\"@type\":\"ImageObject\",\"inLanguage\":\"en-US\",\"@id\":\"https:\\\/\\\/www.biopapa.de\\\/en\\\/#\\\/schema\\\/logo\\\/image\\\/\",\"url\":\"https:\\\/\\\/www.biopapa.lt\\\/wp-content\\\/uploads\\\/2022\\\/04\\\/facebook_biopapa.jpg\",\"contentUrl\":\"https:\\\/\\\/www.biopapa.lt\\\/wp-content\\\/uploads\\\/2022\\\/04\\\/facebook_biopapa.jpg\",\"width\":1733,\"height\":907,\"caption\":\"Biopapa\"},\"image\":{\"@id\":\"https:\\\/\\\/www.biopapa.de\\\/en\\\/#\\\/schema\\\/logo\\\/image\\\/\"},\"sameAs\":[\"https:\\\/\\\/www.facebook.com\\\/biopapa.lt\"]}]}<\/script>\n<!-- \/ Yoast SEO plugin. -->","yoast_head_json":{"title":"Organic flaxseed (Not fully cleaned) - Biopapa","description":"The beneficial properties of organic flaxseed are enhanced and revealed when the flaxseed is mixed with honey or jam.","robots":{"index":"index","follow":"follow","max-snippet":"max-snippet:-1","max-image-preview":"max-image-preview:large","max-video-preview":"max-video-preview:-1"},"canonical":"https:\/\/www.biopapa.de\/en\/producte\/organic-linen-seeds-not-cleaned\/","og_locale":"en_US","og_type":"article","og_title":"Organic flaxseed (Not fully cleaned) - Biopapa","og_description":"The beneficial properties of organic flaxseed are enhanced and revealed when the flaxseed is mixed with honey or jam.","og_url":"https:\/\/www.biopapa.de\/en\/producte\/organic-linen-seeds-not-cleaned\/","og_site_name":"Biopapa","article_publisher":"https:\/\/www.facebook.com\/biopapa.lt","article_modified_time":"2024-03-30T19:36:19+00:00","og_image":[{"width":800,"height":640,"url":"https:\/\/www.biopapa.de\/wp-content\/uploads\/2023\/04\/Ekologiski-linu-semenys-Nepilnai-isvalyti.png","type":"image\/png"}],"twitter_card":"summary_large_image","twitter_misc":{"Est. reading time":"1 minute"},"schema":{"@context":"https:\/\/schema.org","@graph":[{"@type":"WebPage","@id":"https:\/\/www.biopapa.de\/en\/producte\/organic-linen-seeds-not-cleaned\/","url":"https:\/\/www.biopapa.de\/en\/producte\/organic-linen-seeds-not-cleaned\/","name":"Organic flaxseed (Not fully cleaned) - Biopapa","isPartOf":{"@id":"https:\/\/www.biopapa.de\/en\/#website"},"primaryImageOfPage":{"@id":"https:\/\/www.biopapa.de\/en\/producte\/organic-linen-seeds-not-cleaned\/#primaryimage"},"image":{"@id":"https:\/\/www.biopapa.de\/en\/producte\/organic-linen-seeds-not-cleaned\/#primaryimage"},"thumbnailUrl":"https:\/\/www.biopapa.de\/wp-content\/uploads\/2023\/04\/Ekologiski-linu-semenys-Nepilnai-isvalyti.png","datePublished":"2023-04-20T11:13:05+00:00","dateModified":"2024-03-30T19:36:19+00:00","description":"The beneficial properties of organic flaxseed are enhanced and revealed when the flaxseed is mixed with honey or jam.","breadcrumb":{"@id":"https:\/\/www.biopapa.de\/en\/producte\/organic-linen-seeds-not-cleaned\/#breadcrumb"},"inLanguage":"en-US","potentialAction":[{"@type":"ReadAction","target":["https:\/\/www.biopapa.de\/en\/producte\/organic-linen-seeds-not-cleaned\/"]}]},{"@type":"ImageObject","inLanguage":"en-US","@id":"https:\/\/www.biopapa.de\/en\/producte\/organic-linen-seeds-not-cleaned\/#primaryimage","url":"https:\/\/www.biopapa.de\/wp-content\/uploads\/2023\/04\/Ekologiski-linu-semenys-Nepilnai-isvalyti.png","contentUrl":"https:\/\/www.biopapa.de\/wp-content\/uploads\/2023\/04\/Ekologiski-linu-semenys-Nepilnai-isvalyti.png","width":800,"height":640,"caption":"Organic flaxseed (Not fully cleaned)"},{"@type":"BreadcrumbList","@id":"https:\/\/www.biopapa.de\/en\/producte\/organic-linen-seeds-not-cleaned\/#breadcrumb","itemListElement":[{"@type":"ListItem","position":1,"name":"Home","item":"https:\/\/www.biopapa.de\/en\/"},{"@type":"ListItem","position":2,"name":"Shop","item":"https:\/\/www.biopapa.de\/en\/shop\/"},{"@type":"ListItem","position":3,"name":"Organic flaxseed (Not fully cleaned)"}]},{"@type":"WebSite","@id":"https:\/\/www.biopapa.de\/en\/#website","url":"https:\/\/www.biopapa.de\/en\/","name":"Biopapa","description":"\u0160var\u016bs ekologi\u0161ki produktai","publisher":{"@id":"https:\/\/www.biopapa.de\/en\/#organization"},"potentialAction":[{"@type":"SearchAction","target":{"@type":"EntryPoint","urlTemplate":"https:\/\/www.biopapa.de\/en\/?s={search_term_string}"},"query-input":{"@type":"PropertyValueSpecification","valueRequired":true,"valueName":"search_term_string"}}],"inLanguage":"en-US"},{"@type":"Organization","@id":"https:\/\/www.biopapa.de\/en\/#organization","name":"Biopapa","url":"https:\/\/www.biopapa.de\/en\/","logo":{"@type":"ImageObject","inLanguage":"en-US","@id":"https:\/\/www.biopapa.de\/en\/#\/schema\/logo\/image\/","url":"https:\/\/www.biopapa.lt\/wp-content\/uploads\/2022\/04\/facebook_biopapa.jpg","contentUrl":"https:\/\/www.biopapa.lt\/wp-content\/uploads\/2022\/04\/facebook_biopapa.jpg","width":1733,"height":907,"caption":"Biopapa"},"image":{"@id":"https:\/\/www.biopapa.de\/en\/#\/schema\/logo\/image\/"},"sameAs":["https:\/\/www.facebook.com\/biopapa.lt"]}]}},"_links":{"self":[{"href":"https:\/\/www.biopapa.de\/en\/wp-json\/wp\/v2\/product\/32715","targetHints":{"allow":["GET"]}}],"collection":[{"href":"https:\/\/www.biopapa.de\/en\/wp-json\/wp\/v2\/product"}],"about":[{"href":"https:\/\/www.biopapa.de\/en\/wp-json\/wp\/v2\/types\/product"}],"wp:featuredmedia":[{"embeddable":true,"href":"https:\/\/www.biopapa.de\/en\/wp-json\/wp\/v2\/media\/30393"}],"wp:attachment":[{"href":"https:\/\/www.biopapa.de\/en\/wp-json\/wp\/v2\/media?parent=32715"}],"wp:term":[{"taxonomy":"product_brand","embeddable":true,"href":"https:\/\/www.biopapa.de\/en\/wp-json\/wp\/v2\/product_brand?post=32715"},{"taxonomy":"product_cat","embeddable":true,"href":"https:\/\/www.biopapa.de\/en\/wp-json\/wp\/v2\/product_cat?post=32715"},{"taxonomy":"product_tag","embeddable":true,"href":"https:\/\/www.biopapa.de\/en\/wp-json\/wp\/v2\/product_tag?post=32715"}],"curies":[{"name":"wp","href":"https:\/\/api.w.org\/{rel}","templated":true}]}}