{"id":32967,"date":"2021-07-27T18:46:44","date_gmt":"2021-07-27T15:46:44","guid":{"rendered":"https:\/\/www.biopapa.lt\/produktas\/organic-almonds\/"},"modified":"2025-11-30T23:50:58","modified_gmt":"2025-11-30T21:50:58","slug":"organic-almonds","status":"publish","type":"product","link":"https:\/\/www.biopapa.de\/en\/producte\/organic-almonds\/","title":{"rendered":"Organic almonds"},"content":{"rendered":"<p><strong>Organic almonds<\/strong> (Prunus dulcis), mostly grown in the Mediterranean region, in the USA, Australia and China, but originating from the Middle East region (Iran, Saudi Arabia, etc.), where it still grows naturally. Almonds are known as the kings of nuts because they are considered to be the most beneficial nuts for the human body, due to their high content of essential nutrients. Almonds can be eaten fresh or used in cooking, and are great in baked goods and salads. It&#8217;s not only healthy, it&#8217;s also delicious.<\/p>\n<p><em>Health benefits of almonds<\/em><br \/>\nAlmonds are rich in vitamins, minerals, dietary fibre and plant-based protein. Eating 30 grams of almonds gives us 1\/8 of the protein we need. There is more than one reason why you should start eating almonds every day:<\/p>\n<p>Reduces the risk of heart attack and other heart diseases<br \/>\nLowers bad cholesterol<br \/>\nProtects artery walls from damage<br \/>\nHelps maintain strong teeth and bones<br \/>\nLowers blood sugar levels<br \/>\nSupports good brain function<br \/>\nNourishes the nervous system<br \/>\nHelps the digestive system<br \/>\nProtects against constipation<br \/>\nAlkaline the body<br \/>\nHelps you lose weight (and, if necessary, gain it)<br \/>\nMaintains healthy skin<br \/>\nHelps with hair problems<\/p>\n<p><em>Almonds lower cholesterol<\/em><br \/>\nEating almonds every day can help regulate your blood cholesterol levels. This is because the polyunsaturated and monounsaturated fats in almonds, also known as good fats, increase good cholesterol (HDL) and lower bad cholesterol (LDL).<\/p>\n<p><em>Reduces the risk of heart disease<\/em><br \/>\nThe main reason for this is the previously mentioned fact that almonds lower bad cholesterol. The magnesium in almonds improves blood circulation and the transport of oxygen and nutrients throughout the body. Almonds are also high in vitamin E, which protects the arteries against artery-damaging inflammation and calcification of the artery walls. Eating almonds is associated with better blood lipid levels and better heart health, which can help regulate blood pressure and prevent heart attacks.<\/p>\n<p><em>Almonds improve brain function<\/em><br \/>\nAlmonds are considered one of the best foods for the brain because they are low in saturated fat, rich in omega-6, vitamin E, calcium, zinc and protein. Vitamin E supports cognitive function, protects memory and promotes alertness. Zinc and vitamin E help protect the brain from the harmful effects of free radicals. Vitamin B6 in almonds helps repair damaged brain cells. Phenylalanine, an amino acid found in almonds, is thought to improve problem-solving function and may help prevent Parkinson&#8217;s disease.<\/p>\n<p><em>Almonds regulate blood sugar levels<\/em><br \/>\nAlmonds regulate blood sugar levels and help prevent diabetes. Thanks to nutrients such as good fats, fibre, vitamins and minerals, almonds help regulate nutrient absorption and blood glucose levels. Studies have shown that almonds can help people with type 2 diabetes, and help men and post-menopausal women to control this type of diabetes. They also prevent high sugar spikes, which can protect against diabetes.<\/p>\n<p><em>Almonds and their benefits for the skin<\/em><br \/>\nAlmonds contain a nutrient that is essential for skin health &#8211; vitamin E. This vitamin nourishes the skin and prevents it from drying out. You can use almond oil for skin care by simply rubbing it on your face, it doesn&#8217;t clog the pores of your skin and doesn&#8217;t leave you with an unpleasant greasy feeling. Almond oil has warming properties.<\/p>\n<p><em>Benefits of almonds for hair<\/em><br \/>\nThe nutrients in almonds, ranging from essential fatty acids (omega-6), vitamin E, biotin (vitamin B7) and the mineral manganese, are so beneficial for healthy hair growth. The zinc in almonds promotes cell renewal and protects against hair loss.<\/p>\n<p>Use almond oil on your hair, you can massage it on your scalp, apply it to your hair, leave it on for 30min and then rinse it off with water or just leave it on overnight as a hair mask, which will allow your hair to absorb the nutrients to the maximum. Almond oil will help nourish your hair or address existing hair problems, from dandruff to hair loss. Simply apply this oil to your hair 3 times a week.<\/p>\n<p><em>Almonds are also used to make certain products that are also good for our health and beauty:<\/em><br \/>\nAlmond butter<br \/>\nAlmond oil<br \/>\nAlmond milk<br \/>\nAlmond food cream<\/p>\n<p><em>Consumption<\/em><br \/>\nHow much nuts you can eat depends on your digestive capacity. Your appetite and digestive capacity are more important than the recommended amount. Ta\u010diau, kadangi rie\u0161utai turi daug kalorij\u0173, yra rieb\u016bs ir sunkiai vir\u0161kinami, tur\u0117tum\u0117t \u012f tai atsi\u017evelgti.<\/p>\n<p>It is generally not recommended to eat more than a handful of nuts a day. It should also be noted that nuts should be consumed like any other food, with a break after a certain amount has been eaten. Constant snacking can lead to gastrointestinal disturbances, which can lead to the accumulation of toxins in the body and possible negative health consequences.<\/p>\n<p>Almonds should be soaked in water to remove the skins before eating. Soaking and de-hulling helps to improve the absorption of the nutrients in the almonds.<br \/>\n<a href=\"https:\/\/www.biopapa.lt\/produktas\/ekologiski-migdolai-luobeliu\/\">Shelled almonds<\/a> also are available in our shop.<\/p>\n<p>Nuts are not only delicious but also a healthy snack. They can be ground into flour, nut milk and nut butter. There are various ways to cook with nuts, in main dishes, snacks, desserts and even drinks.<\/p>\n<p><em>Sources:<\/em><\/p>\n<blockquote class=\"wp-embedded-content\" data-secret=\"pQvTvmTuFg\"><p><a href=\"https:\/\/www.tcmworld.org\/\">Home Page<\/a><\/p><\/blockquote>\n<p><iframe class=\"wp-embedded-content\" sandbox=\"allow-scripts\" security=\"restricted\" style=\"position: absolute; clip: rect(1px, 1px, 1px, 1px);\" title=\"&#8220;Home Page&#8221; &#8212; TCM World\" src=\"https:\/\/www.tcmworld.org\/embed\/#?secret=OnysOoa3lO#?secret=pQvTvmTuFg\" data-secret=\"pQvTvmTuFg\" width=\"500\" height=\"282\" frameborder=\"0\" marginwidth=\"0\" marginheight=\"0\" scrolling=\"no\"><\/iframe><br \/>\nhttps:\/\/www.ayurvedajournal.world<br \/>\nhttps:\/\/www.ncbi.nlm.nih.gov<\/p>\n<p><em>NOTE. The information contained herein should not be construed as a recommendation for treatment or other health issues. We encourage you to make personal decisions about your personal health, taking into account a wide range of sources of information.<\/em><\/p>\n","protected":false},"excerpt":{"rendered":"<p>Organic almonds (Prunus dulcis), mostly grown in the Mediterranean region, in the USA, Australia and China, but originating from the<\/p>\n","protected":false},"featured_media":28583,"template":"","meta":{"_acf_changed":false},"product_brand":[],"product_cat":[2002,1854],"product_tag":[2363,2056,2088],"class_list":{"0":"post-32967","1":"product","2":"type-product","3":"status-publish","4":"has-post-thumbnail","6":"product_cat-nuts","7":"product_cat-organic-nuts-and-seeds","8":"product_tag-ecological","9":"product_tag-keto-diet","10":"product_tag-vegan","11":"pa_svoris-1-kg-en","12":"pa_svoris-100-g-en-2","13":"pa_svoris-200-g-en","14":"pa_svoris-25-kg-en","15":"pa_svoris-300-g-en","16":"pa_svoris-400-g-en","17":"pa_svoris-500-g-en-2","19":"first","20":"instock","21":"shipping-taxable","22":"purchasable","23":"product-type-variable"},"acf":[],"yoast_head":"<!-- This site is optimized with the Yoast SEO plugin v27.3 - https:\/\/yoast.com\/product\/yoast-seo-wordpress\/ -->\n<title>Organic almonds - Biopapa<\/title>\n<meta name=\"description\" content=\"Organic almonds are rich in vitamins, minerals, dietary fibre and plant-based proteins. Eating 30 grams of almonds gives us 1\/8 of the protein we need.\" \/>\n<meta name=\"robots\" content=\"index, follow, max-snippet:-1, max-image-preview:large, max-video-preview:-1\" \/>\n<link rel=\"canonical\" href=\"https:\/\/www.biopapa.de\/en\/producte\/organic-almonds\/\" \/>\n<meta property=\"og:locale\" content=\"en_US\" \/>\n<meta property=\"og:type\" content=\"article\" \/>\n<meta property=\"og:title\" content=\"Organic almonds - Biopapa\" \/>\n<meta property=\"og:description\" content=\"Organic almonds are rich in vitamins, minerals, dietary fibre and plant-based proteins. Eating 30 grams of almonds gives us 1\/8 of the protein we need.\" \/>\n<meta property=\"og:url\" content=\"https:\/\/www.biopapa.de\/en\/producte\/organic-almonds\/\" \/>\n<meta property=\"og:site_name\" content=\"Biopapa\" \/>\n<meta property=\"article:publisher\" content=\"https:\/\/www.facebook.com\/biopapa.lt\" \/>\n<meta property=\"article:modified_time\" content=\"2025-11-30T21:50:58+00:00\" \/>\n<meta property=\"og:image\" content=\"https:\/\/www.biopapa.de\/wp-content\/uploads\/2021\/09\/779A1418.jpg\" \/>\n\t<meta property=\"og:image:width\" content=\"800\" \/>\n\t<meta property=\"og:image:height\" content=\"640\" \/>\n\t<meta property=\"og:image:type\" content=\"image\/jpeg\" \/>\n<meta name=\"twitter:card\" content=\"summary_large_image\" \/>\n<meta name=\"twitter:label1\" content=\"Est. reading time\" \/>\n\t<meta name=\"twitter:data1\" content=\"5 minutes\" \/>\n<script type=\"application\/ld+json\" class=\"yoast-schema-graph\">{\"@context\":\"https:\\\/\\\/schema.org\",\"@graph\":[{\"@type\":\"WebPage\",\"@id\":\"https:\\\/\\\/www.biopapa.de\\\/en\\\/producte\\\/organic-almonds\\\/\",\"url\":\"https:\\\/\\\/www.biopapa.de\\\/en\\\/producte\\\/organic-almonds\\\/\",\"name\":\"Organic almonds - Biopapa\",\"isPartOf\":{\"@id\":\"https:\\\/\\\/www.biopapa.de\\\/en\\\/#website\"},\"primaryImageOfPage\":{\"@id\":\"https:\\\/\\\/www.biopapa.de\\\/en\\\/producte\\\/organic-almonds\\\/#primaryimage\"},\"image\":{\"@id\":\"https:\\\/\\\/www.biopapa.de\\\/en\\\/producte\\\/organic-almonds\\\/#primaryimage\"},\"thumbnailUrl\":\"https:\\\/\\\/www.biopapa.de\\\/wp-content\\\/uploads\\\/2021\\\/09\\\/779A1418.jpg\",\"datePublished\":\"2021-07-27T15:46:44+00:00\",\"dateModified\":\"2025-11-30T21:50:58+00:00\",\"description\":\"Organic almonds are rich in vitamins, minerals, dietary fibre and plant-based proteins. Eating 30 grams of almonds gives us 1\\\/8 of the protein we need.\",\"breadcrumb\":{\"@id\":\"https:\\\/\\\/www.biopapa.de\\\/en\\\/producte\\\/organic-almonds\\\/#breadcrumb\"},\"inLanguage\":\"en-US\",\"potentialAction\":[{\"@type\":\"ReadAction\",\"target\":[\"https:\\\/\\\/www.biopapa.de\\\/en\\\/producte\\\/organic-almonds\\\/\"]}]},{\"@type\":\"ImageObject\",\"inLanguage\":\"en-US\",\"@id\":\"https:\\\/\\\/www.biopapa.de\\\/en\\\/producte\\\/organic-almonds\\\/#primaryimage\",\"url\":\"https:\\\/\\\/www.biopapa.de\\\/wp-content\\\/uploads\\\/2021\\\/09\\\/779A1418.jpg\",\"contentUrl\":\"https:\\\/\\\/www.biopapa.de\\\/wp-content\\\/uploads\\\/2021\\\/09\\\/779A1418.jpg\",\"width\":800,\"height\":640,\"caption\":\"Organic almonds\"},{\"@type\":\"BreadcrumbList\",\"@id\":\"https:\\\/\\\/www.biopapa.de\\\/en\\\/producte\\\/organic-almonds\\\/#breadcrumb\",\"itemListElement\":[{\"@type\":\"ListItem\",\"position\":1,\"name\":\"Home\",\"item\":\"https:\\\/\\\/www.biopapa.de\\\/en\\\/\"},{\"@type\":\"ListItem\",\"position\":2,\"name\":\"Shop\",\"item\":\"https:\\\/\\\/www.biopapa.de\\\/en\\\/shop\\\/\"},{\"@type\":\"ListItem\",\"position\":3,\"name\":\"Organic almonds\"}]},{\"@type\":\"WebSite\",\"@id\":\"https:\\\/\\\/www.biopapa.de\\\/en\\\/#website\",\"url\":\"https:\\\/\\\/www.biopapa.de\\\/en\\\/\",\"name\":\"Biopapa\",\"description\":\"\u0160var\u016bs ekologi\u0161ki produktai\",\"publisher\":{\"@id\":\"https:\\\/\\\/www.biopapa.de\\\/en\\\/#organization\"},\"potentialAction\":[{\"@type\":\"SearchAction\",\"target\":{\"@type\":\"EntryPoint\",\"urlTemplate\":\"https:\\\/\\\/www.biopapa.de\\\/en\\\/?s={search_term_string}\"},\"query-input\":{\"@type\":\"PropertyValueSpecification\",\"valueRequired\":true,\"valueName\":\"search_term_string\"}}],\"inLanguage\":\"en-US\"},{\"@type\":\"Organization\",\"@id\":\"https:\\\/\\\/www.biopapa.de\\\/en\\\/#organization\",\"name\":\"Biopapa\",\"url\":\"https:\\\/\\\/www.biopapa.de\\\/en\\\/\",\"logo\":{\"@type\":\"ImageObject\",\"inLanguage\":\"en-US\",\"@id\":\"https:\\\/\\\/www.biopapa.de\\\/en\\\/#\\\/schema\\\/logo\\\/image\\\/\",\"url\":\"https:\\\/\\\/www.biopapa.lt\\\/wp-content\\\/uploads\\\/2022\\\/04\\\/facebook_biopapa.jpg\",\"contentUrl\":\"https:\\\/\\\/www.biopapa.lt\\\/wp-content\\\/uploads\\\/2022\\\/04\\\/facebook_biopapa.jpg\",\"width\":1733,\"height\":907,\"caption\":\"Biopapa\"},\"image\":{\"@id\":\"https:\\\/\\\/www.biopapa.de\\\/en\\\/#\\\/schema\\\/logo\\\/image\\\/\"},\"sameAs\":[\"https:\\\/\\\/www.facebook.com\\\/biopapa.lt\"]}]}<\/script>\n<!-- \/ Yoast SEO plugin. -->","yoast_head_json":{"title":"Organic almonds - Biopapa","description":"Organic almonds are rich in vitamins, minerals, dietary fibre and plant-based proteins. Eating 30 grams of almonds gives us 1\/8 of the protein we need.","robots":{"index":"index","follow":"follow","max-snippet":"max-snippet:-1","max-image-preview":"max-image-preview:large","max-video-preview":"max-video-preview:-1"},"canonical":"https:\/\/www.biopapa.de\/en\/producte\/organic-almonds\/","og_locale":"en_US","og_type":"article","og_title":"Organic almonds - Biopapa","og_description":"Organic almonds are rich in vitamins, minerals, dietary fibre and plant-based proteins. Eating 30 grams of almonds gives us 1\/8 of the protein we need.","og_url":"https:\/\/www.biopapa.de\/en\/producte\/organic-almonds\/","og_site_name":"Biopapa","article_publisher":"https:\/\/www.facebook.com\/biopapa.lt","article_modified_time":"2025-11-30T21:50:58+00:00","og_image":[{"width":800,"height":640,"url":"https:\/\/www.biopapa.de\/wp-content\/uploads\/2021\/09\/779A1418.jpg","type":"image\/jpeg"}],"twitter_card":"summary_large_image","twitter_misc":{"Est. reading time":"5 minutes"},"schema":{"@context":"https:\/\/schema.org","@graph":[{"@type":"WebPage","@id":"https:\/\/www.biopapa.de\/en\/producte\/organic-almonds\/","url":"https:\/\/www.biopapa.de\/en\/producte\/organic-almonds\/","name":"Organic almonds - Biopapa","isPartOf":{"@id":"https:\/\/www.biopapa.de\/en\/#website"},"primaryImageOfPage":{"@id":"https:\/\/www.biopapa.de\/en\/producte\/organic-almonds\/#primaryimage"},"image":{"@id":"https:\/\/www.biopapa.de\/en\/producte\/organic-almonds\/#primaryimage"},"thumbnailUrl":"https:\/\/www.biopapa.de\/wp-content\/uploads\/2021\/09\/779A1418.jpg","datePublished":"2021-07-27T15:46:44+00:00","dateModified":"2025-11-30T21:50:58+00:00","description":"Organic almonds are rich in vitamins, minerals, dietary fibre and plant-based proteins. Eating 30 grams of almonds gives us 1\/8 of the protein we need.","breadcrumb":{"@id":"https:\/\/www.biopapa.de\/en\/producte\/organic-almonds\/#breadcrumb"},"inLanguage":"en-US","potentialAction":[{"@type":"ReadAction","target":["https:\/\/www.biopapa.de\/en\/producte\/organic-almonds\/"]}]},{"@type":"ImageObject","inLanguage":"en-US","@id":"https:\/\/www.biopapa.de\/en\/producte\/organic-almonds\/#primaryimage","url":"https:\/\/www.biopapa.de\/wp-content\/uploads\/2021\/09\/779A1418.jpg","contentUrl":"https:\/\/www.biopapa.de\/wp-content\/uploads\/2021\/09\/779A1418.jpg","width":800,"height":640,"caption":"Organic almonds"},{"@type":"BreadcrumbList","@id":"https:\/\/www.biopapa.de\/en\/producte\/organic-almonds\/#breadcrumb","itemListElement":[{"@type":"ListItem","position":1,"name":"Home","item":"https:\/\/www.biopapa.de\/en\/"},{"@type":"ListItem","position":2,"name":"Shop","item":"https:\/\/www.biopapa.de\/en\/shop\/"},{"@type":"ListItem","position":3,"name":"Organic almonds"}]},{"@type":"WebSite","@id":"https:\/\/www.biopapa.de\/en\/#website","url":"https:\/\/www.biopapa.de\/en\/","name":"Biopapa","description":"\u0160var\u016bs ekologi\u0161ki produktai","publisher":{"@id":"https:\/\/www.biopapa.de\/en\/#organization"},"potentialAction":[{"@type":"SearchAction","target":{"@type":"EntryPoint","urlTemplate":"https:\/\/www.biopapa.de\/en\/?s={search_term_string}"},"query-input":{"@type":"PropertyValueSpecification","valueRequired":true,"valueName":"search_term_string"}}],"inLanguage":"en-US"},{"@type":"Organization","@id":"https:\/\/www.biopapa.de\/en\/#organization","name":"Biopapa","url":"https:\/\/www.biopapa.de\/en\/","logo":{"@type":"ImageObject","inLanguage":"en-US","@id":"https:\/\/www.biopapa.de\/en\/#\/schema\/logo\/image\/","url":"https:\/\/www.biopapa.lt\/wp-content\/uploads\/2022\/04\/facebook_biopapa.jpg","contentUrl":"https:\/\/www.biopapa.lt\/wp-content\/uploads\/2022\/04\/facebook_biopapa.jpg","width":1733,"height":907,"caption":"Biopapa"},"image":{"@id":"https:\/\/www.biopapa.de\/en\/#\/schema\/logo\/image\/"},"sameAs":["https:\/\/www.facebook.com\/biopapa.lt"]}]}},"_links":{"self":[{"href":"https:\/\/www.biopapa.de\/en\/wp-json\/wp\/v2\/product\/32967","targetHints":{"allow":["GET"]}}],"collection":[{"href":"https:\/\/www.biopapa.de\/en\/wp-json\/wp\/v2\/product"}],"about":[{"href":"https:\/\/www.biopapa.de\/en\/wp-json\/wp\/v2\/types\/product"}],"wp:featuredmedia":[{"embeddable":true,"href":"https:\/\/www.biopapa.de\/en\/wp-json\/wp\/v2\/media\/28583"}],"wp:attachment":[{"href":"https:\/\/www.biopapa.de\/en\/wp-json\/wp\/v2\/media?parent=32967"}],"wp:term":[{"taxonomy":"product_brand","embeddable":true,"href":"https:\/\/www.biopapa.de\/en\/wp-json\/wp\/v2\/product_brand?post=32967"},{"taxonomy":"product_cat","embeddable":true,"href":"https:\/\/www.biopapa.de\/en\/wp-json\/wp\/v2\/product_cat?post=32967"},{"taxonomy":"product_tag","embeddable":true,"href":"https:\/\/www.biopapa.de\/en\/wp-json\/wp\/v2\/product_tag?post=32967"}],"curies":[{"name":"wp","href":"https:\/\/api.w.org\/{rel}","templated":true}]}}