{"id":33019,"date":"2021-07-27T15:41:35","date_gmt":"2021-07-27T12:41:35","guid":{"rendered":"https:\/\/www.biopapa.lt\/produktas\/organic-sesame-seeds-unhulled\/"},"modified":"2026-02-04T12:04:00","modified_gmt":"2026-02-04T10:04:00","slug":"organic-sesame-seeds-unhulled","status":"publish","type":"product","link":"https:\/\/www.biopapa.de\/en\/producte\/organic-sesame-seeds-unhulled\/","title":{"rendered":"Organic sesame seeds (unhulled)"},"content":{"rendered":"<p>Organic sesame seeds (unhulled)<br \/>\nSesame seeds are one of the oldest oilseeds, cultivated for more than 3000 years, originating in Mesopotamia and the Indian region. Their nutty flavour and nutritional value made them prized in ancient Babylon, Egypt and China for both culinary and medicinal purposes. The seeds have been used for pressing oil, flavouring dishes and for religious purposes. Today, they are still widely used around the world &#8211; in baked goods, tahini paste and as a source of oil.<br \/>\nUnhulled sesame seeds can be a nutritious addition to everyday cooking, adding a subtle crunch and earthy flavour to dishes. Potentially rich in fibre, calcium and healthy fats, these seeds can be sprinkled on salads, stirred into yoghurt, or added to baked goods such as bread or muffins.<br \/>\nToasting sesame seeds intensifies their flavour and makes them a tasty addition to stews, rice dishes or fried vegetables. Regular consumption of sesame seeds not only enriches the diet but also adds texture and flavour to everyday dishes.<br \/>\nA varied and balanced diet and a healthy lifestyle are important.<\/p>\n<p>NOTE. The information contained herein should not be construed as a recommendation for treatment or other health issues. We encourage you to make personal decisions about your personal health, taking into account a wide range of sources of information.<\/p>\n","protected":false},"excerpt":{"rendered":"<p>Organic sesame seeds (unhulled) Sesame seeds are one of the oldest oilseeds, cultivated for more than 3000 years, originating in<\/p>\n","protected":false},"featured_media":28917,"template":"","meta":{"_acf_changed":false},"product_brand":[],"product_cat":[1854,2004],"product_tag":[2056,2092,2088],"class_list":{"0":"post-33019","1":"product","2":"type-product","3":"status-publish","4":"has-post-thumbnail","6":"product_cat-organic-nuts-and-seeds","7":"product_cat-seeds","8":"product_tag-keto-diet","9":"product_tag-raw-diet","10":"product_tag-vegan","11":"pa_svoris-1-kg-en","12":"pa_svoris-100-g-en-2","13":"pa_svoris-200-g-en","14":"pa_svoris-25-kg-en","15":"pa_svoris-300-g-en","16":"pa_svoris-400-g-en","17":"pa_svoris-500-g-en-2","19":"first","20":"instock","21":"shipping-taxable","22":"purchasable","23":"product-type-variable"},"acf":[],"yoast_head":"<!-- This site is optimized with the Yoast SEO plugin v27.5 - https:\/\/yoast.com\/product\/yoast-seo-wordpress\/ -->\n<title>Organic sesame seeds (unhulled) - Biopapa<\/title>\n<meta name=\"description\" content=\"Sesame seeds are one of the oldest known spices in the world. In India, these seeds are considered a symbol of immortality, and in ancient times, women used to eat them to preserve their beauty and youth for as long as possible.\" \/>\n<meta name=\"robots\" content=\"index, follow, max-snippet:-1, max-image-preview:large, max-video-preview:-1\" \/>\n<link rel=\"canonical\" href=\"https:\/\/www.biopapa.de\/en\/producte\/organic-sesame-seeds-unhulled\/\" \/>\n<meta property=\"og:locale\" content=\"en_US\" \/>\n<meta property=\"og:type\" content=\"article\" \/>\n<meta property=\"og:title\" content=\"Organic sesame seeds (unhulled) - Biopapa\" \/>\n<meta property=\"og:description\" content=\"Sesame seeds are one of the oldest known spices in the world. In India, these seeds are considered a symbol of immortality, and in ancient times, women used to eat them to preserve their beauty and youth for as long as possible.\" \/>\n<meta property=\"og:url\" content=\"https:\/\/www.biopapa.de\/en\/producte\/organic-sesame-seeds-unhulled\/\" \/>\n<meta property=\"og:site_name\" content=\"Biopapa\" \/>\n<meta property=\"article:publisher\" content=\"https:\/\/www.facebook.com\/biopapa.lt\" \/>\n<meta property=\"article:modified_time\" content=\"2026-02-04T10:04:00+00:00\" \/>\n<meta property=\"og:image\" content=\"https:\/\/www.biopapa.de\/wp-content\/uploads\/2022\/01\/sezamo-seklos.jpg\" \/>\n\t<meta property=\"og:image:width\" content=\"800\" \/>\n\t<meta property=\"og:image:height\" content=\"640\" \/>\n\t<meta property=\"og:image:type\" content=\"image\/jpeg\" \/>\n<meta name=\"twitter:card\" content=\"summary_large_image\" \/>\n<meta name=\"twitter:label1\" content=\"Est. reading time\" \/>\n\t<meta name=\"twitter:data1\" content=\"1 minute\" \/>\n<script type=\"application\/ld+json\" class=\"yoast-schema-graph\">{\"@context\":\"https:\\\/\\\/schema.org\",\"@graph\":[{\"@type\":\"WebPage\",\"@id\":\"https:\\\/\\\/www.biopapa.de\\\/en\\\/producte\\\/organic-sesame-seeds-unhulled\\\/\",\"url\":\"https:\\\/\\\/www.biopapa.de\\\/en\\\/producte\\\/organic-sesame-seeds-unhulled\\\/\",\"name\":\"Organic sesame seeds (unhulled) - Biopapa\",\"isPartOf\":{\"@id\":\"https:\\\/\\\/www.biopapa.de\\\/en\\\/#website\"},\"primaryImageOfPage\":{\"@id\":\"https:\\\/\\\/www.biopapa.de\\\/en\\\/producte\\\/organic-sesame-seeds-unhulled\\\/#primaryimage\"},\"image\":{\"@id\":\"https:\\\/\\\/www.biopapa.de\\\/en\\\/producte\\\/organic-sesame-seeds-unhulled\\\/#primaryimage\"},\"thumbnailUrl\":\"https:\\\/\\\/www.biopapa.de\\\/wp-content\\\/uploads\\\/2022\\\/01\\\/sezamo-seklos.jpg\",\"datePublished\":\"2021-07-27T12:41:35+00:00\",\"dateModified\":\"2026-02-04T10:04:00+00:00\",\"description\":\"Sesame seeds are one of the oldest known spices in the world. In India, these seeds are considered a symbol of immortality, and in ancient times, women used to eat them to preserve their beauty and youth for as long as possible.\",\"breadcrumb\":{\"@id\":\"https:\\\/\\\/www.biopapa.de\\\/en\\\/producte\\\/organic-sesame-seeds-unhulled\\\/#breadcrumb\"},\"inLanguage\":\"en-US\",\"potentialAction\":[{\"@type\":\"ReadAction\",\"target\":[\"https:\\\/\\\/www.biopapa.de\\\/en\\\/producte\\\/organic-sesame-seeds-unhulled\\\/\"]}]},{\"@type\":\"ImageObject\",\"inLanguage\":\"en-US\",\"@id\":\"https:\\\/\\\/www.biopapa.de\\\/en\\\/producte\\\/organic-sesame-seeds-unhulled\\\/#primaryimage\",\"url\":\"https:\\\/\\\/www.biopapa.de\\\/wp-content\\\/uploads\\\/2022\\\/01\\\/sezamo-seklos.jpg\",\"contentUrl\":\"https:\\\/\\\/www.biopapa.de\\\/wp-content\\\/uploads\\\/2022\\\/01\\\/sezamo-seklos.jpg\",\"width\":800,\"height\":640,\"caption\":\"Organic sesame seeds (unhulled)\"},{\"@type\":\"BreadcrumbList\",\"@id\":\"https:\\\/\\\/www.biopapa.de\\\/en\\\/producte\\\/organic-sesame-seeds-unhulled\\\/#breadcrumb\",\"itemListElement\":[{\"@type\":\"ListItem\",\"position\":1,\"name\":\"Home\",\"item\":\"https:\\\/\\\/www.biopapa.de\\\/en\\\/\"},{\"@type\":\"ListItem\",\"position\":2,\"name\":\"Shop\",\"item\":\"https:\\\/\\\/www.biopapa.de\\\/en\\\/shop\\\/\"},{\"@type\":\"ListItem\",\"position\":3,\"name\":\"Organic sesame seeds (unhulled)\"}]},{\"@type\":\"WebSite\",\"@id\":\"https:\\\/\\\/www.biopapa.de\\\/en\\\/#website\",\"url\":\"https:\\\/\\\/www.biopapa.de\\\/en\\\/\",\"name\":\"Biopapa\",\"description\":\"\u0160var\u016bs ekologi\u0161ki produktai\",\"publisher\":{\"@id\":\"https:\\\/\\\/www.biopapa.de\\\/en\\\/#organization\"},\"potentialAction\":[{\"@type\":\"SearchAction\",\"target\":{\"@type\":\"EntryPoint\",\"urlTemplate\":\"https:\\\/\\\/www.biopapa.de\\\/en\\\/?s={search_term_string}\"},\"query-input\":{\"@type\":\"PropertyValueSpecification\",\"valueRequired\":true,\"valueName\":\"search_term_string\"}}],\"inLanguage\":\"en-US\"},{\"@type\":\"Organization\",\"@id\":\"https:\\\/\\\/www.biopapa.de\\\/en\\\/#organization\",\"name\":\"Biopapa\",\"url\":\"https:\\\/\\\/www.biopapa.de\\\/en\\\/\",\"logo\":{\"@type\":\"ImageObject\",\"inLanguage\":\"en-US\",\"@id\":\"https:\\\/\\\/www.biopapa.de\\\/en\\\/#\\\/schema\\\/logo\\\/image\\\/\",\"url\":\"https:\\\/\\\/www.biopapa.lt\\\/wp-content\\\/uploads\\\/2022\\\/04\\\/facebook_biopapa.jpg\",\"contentUrl\":\"https:\\\/\\\/www.biopapa.lt\\\/wp-content\\\/uploads\\\/2022\\\/04\\\/facebook_biopapa.jpg\",\"width\":1733,\"height\":907,\"caption\":\"Biopapa\"},\"image\":{\"@id\":\"https:\\\/\\\/www.biopapa.de\\\/en\\\/#\\\/schema\\\/logo\\\/image\\\/\"},\"sameAs\":[\"https:\\\/\\\/www.facebook.com\\\/biopapa.lt\"]}]}<\/script>\n<!-- \/ Yoast SEO plugin. -->","yoast_head_json":{"title":"Organic sesame seeds (unhulled) - Biopapa","description":"Sesame seeds are one of the oldest known spices in the world. In India, these seeds are considered a symbol of immortality, and in ancient times, women used to eat them to preserve their beauty and youth for as long as possible.","robots":{"index":"index","follow":"follow","max-snippet":"max-snippet:-1","max-image-preview":"max-image-preview:large","max-video-preview":"max-video-preview:-1"},"canonical":"https:\/\/www.biopapa.de\/en\/producte\/organic-sesame-seeds-unhulled\/","og_locale":"en_US","og_type":"article","og_title":"Organic sesame seeds (unhulled) - Biopapa","og_description":"Sesame seeds are one of the oldest known spices in the world. In India, these seeds are considered a symbol of immortality, and in ancient times, women used to eat them to preserve their beauty and youth for as long as possible.","og_url":"https:\/\/www.biopapa.de\/en\/producte\/organic-sesame-seeds-unhulled\/","og_site_name":"Biopapa","article_publisher":"https:\/\/www.facebook.com\/biopapa.lt","article_modified_time":"2026-02-04T10:04:00+00:00","og_image":[{"width":800,"height":640,"url":"https:\/\/www.biopapa.de\/wp-content\/uploads\/2022\/01\/sezamo-seklos.jpg","type":"image\/jpeg"}],"twitter_card":"summary_large_image","twitter_misc":{"Est. reading time":"1 minute"},"schema":{"@context":"https:\/\/schema.org","@graph":[{"@type":"WebPage","@id":"https:\/\/www.biopapa.de\/en\/producte\/organic-sesame-seeds-unhulled\/","url":"https:\/\/www.biopapa.de\/en\/producte\/organic-sesame-seeds-unhulled\/","name":"Organic sesame seeds (unhulled) - Biopapa","isPartOf":{"@id":"https:\/\/www.biopapa.de\/en\/#website"},"primaryImageOfPage":{"@id":"https:\/\/www.biopapa.de\/en\/producte\/organic-sesame-seeds-unhulled\/#primaryimage"},"image":{"@id":"https:\/\/www.biopapa.de\/en\/producte\/organic-sesame-seeds-unhulled\/#primaryimage"},"thumbnailUrl":"https:\/\/www.biopapa.de\/wp-content\/uploads\/2022\/01\/sezamo-seklos.jpg","datePublished":"2021-07-27T12:41:35+00:00","dateModified":"2026-02-04T10:04:00+00:00","description":"Sesame seeds are one of the oldest known spices in the world. In India, these seeds are considered a symbol of immortality, and in ancient times, women used to eat them to preserve their beauty and youth for as long as possible.","breadcrumb":{"@id":"https:\/\/www.biopapa.de\/en\/producte\/organic-sesame-seeds-unhulled\/#breadcrumb"},"inLanguage":"en-US","potentialAction":[{"@type":"ReadAction","target":["https:\/\/www.biopapa.de\/en\/producte\/organic-sesame-seeds-unhulled\/"]}]},{"@type":"ImageObject","inLanguage":"en-US","@id":"https:\/\/www.biopapa.de\/en\/producte\/organic-sesame-seeds-unhulled\/#primaryimage","url":"https:\/\/www.biopapa.de\/wp-content\/uploads\/2022\/01\/sezamo-seklos.jpg","contentUrl":"https:\/\/www.biopapa.de\/wp-content\/uploads\/2022\/01\/sezamo-seklos.jpg","width":800,"height":640,"caption":"Organic sesame seeds (unhulled)"},{"@type":"BreadcrumbList","@id":"https:\/\/www.biopapa.de\/en\/producte\/organic-sesame-seeds-unhulled\/#breadcrumb","itemListElement":[{"@type":"ListItem","position":1,"name":"Home","item":"https:\/\/www.biopapa.de\/en\/"},{"@type":"ListItem","position":2,"name":"Shop","item":"https:\/\/www.biopapa.de\/en\/shop\/"},{"@type":"ListItem","position":3,"name":"Organic sesame seeds (unhulled)"}]},{"@type":"WebSite","@id":"https:\/\/www.biopapa.de\/en\/#website","url":"https:\/\/www.biopapa.de\/en\/","name":"Biopapa","description":"\u0160var\u016bs ekologi\u0161ki produktai","publisher":{"@id":"https:\/\/www.biopapa.de\/en\/#organization"},"potentialAction":[{"@type":"SearchAction","target":{"@type":"EntryPoint","urlTemplate":"https:\/\/www.biopapa.de\/en\/?s={search_term_string}"},"query-input":{"@type":"PropertyValueSpecification","valueRequired":true,"valueName":"search_term_string"}}],"inLanguage":"en-US"},{"@type":"Organization","@id":"https:\/\/www.biopapa.de\/en\/#organization","name":"Biopapa","url":"https:\/\/www.biopapa.de\/en\/","logo":{"@type":"ImageObject","inLanguage":"en-US","@id":"https:\/\/www.biopapa.de\/en\/#\/schema\/logo\/image\/","url":"https:\/\/www.biopapa.lt\/wp-content\/uploads\/2022\/04\/facebook_biopapa.jpg","contentUrl":"https:\/\/www.biopapa.lt\/wp-content\/uploads\/2022\/04\/facebook_biopapa.jpg","width":1733,"height":907,"caption":"Biopapa"},"image":{"@id":"https:\/\/www.biopapa.de\/en\/#\/schema\/logo\/image\/"},"sameAs":["https:\/\/www.facebook.com\/biopapa.lt"]}]}},"_links":{"self":[{"href":"https:\/\/www.biopapa.de\/en\/wp-json\/wp\/v2\/product\/33019","targetHints":{"allow":["GET"]}}],"collection":[{"href":"https:\/\/www.biopapa.de\/en\/wp-json\/wp\/v2\/product"}],"about":[{"href":"https:\/\/www.biopapa.de\/en\/wp-json\/wp\/v2\/types\/product"}],"wp:featuredmedia":[{"embeddable":true,"href":"https:\/\/www.biopapa.de\/en\/wp-json\/wp\/v2\/media\/28917"}],"wp:attachment":[{"href":"https:\/\/www.biopapa.de\/en\/wp-json\/wp\/v2\/media?parent=33019"}],"wp:term":[{"taxonomy":"product_brand","embeddable":true,"href":"https:\/\/www.biopapa.de\/en\/wp-json\/wp\/v2\/product_brand?post=33019"},{"taxonomy":"product_cat","embeddable":true,"href":"https:\/\/www.biopapa.de\/en\/wp-json\/wp\/v2\/product_cat?post=33019"},{"taxonomy":"product_tag","embeddable":true,"href":"https:\/\/www.biopapa.de\/en\/wp-json\/wp\/v2\/product_tag?post=33019"}],"curies":[{"name":"wp","href":"https:\/\/api.w.org\/{rel}","templated":true}]}}