{"id":33027,"date":"2021-07-21T11:23:38","date_gmt":"2021-07-21T08:23:38","guid":{"rendered":"https:\/\/www.biopapa.lt\/produktas\/organic-shelled-almonds\/"},"modified":"2026-01-28T16:43:30","modified_gmt":"2026-01-28T14:43:30","slug":"organic-unshelled-almonds","status":"publish","type":"product","link":"https:\/\/www.biopapa.de\/en\/producte\/organic-unshelled-almonds\/","title":{"rendered":"Organic shelled almonds"},"content":{"rendered":"<p><strong>The almond (Prunus dulcis)<\/strong>, mostly grown in the Mediterranean region, in the USA, Australia and China, but originating from the Middle East region (Iran, Saudi Arabia, etc.), where it still grows naturally. Almonds are known as the kings of nuts because they are considered to be the most beneficial nuts for the human body, due to their high content of essential nutrients. Almonds can be eaten fresh or used in cooking, and are great in baked goods and salads. It&#8217;s not only healthy, it&#8217;s also delicious.<br \/>\nAlmonds are rich in vitamins, minerals, dietary fibre and plant-based protein. Eating 30 grams of almonds gives us 1\/8 of the protein we need. There is more than one reason why you should start eating almonds every day.<br \/>\nAlmonds are also used to make certain products that are also potentially beneficial to our health and beauty: almond cream, almond oil, almond milk, almond nutritional cream.<\/p>\n<p>Consumption<br \/>\nHow much nuts you can eat depends on your digestive capacity. Your appetite and digestive capacity are more important than the recommended amount. Ta\u010diau, kadangi rie\u0161utai turi daug kalorij\u0173, yra rieb\u016bs ir sunkiai vir\u0161kinami, tur\u0117tum\u0117t \u012f tai atsi\u017evelgti.<br \/>\nIt is generally not recommended to eat more than a handful of nuts a day. It should also be noted that nuts should be consumed like any other food, with a break after a certain amount has been eaten.<br \/>\nNuts are not only delicious but also a healthy snack. They can be ground into flour, nut milk and nut butter. There are various ways to cook with nuts, in main dishes, snacks, desserts and even drinks.<\/p>\n<p>Sources:<br \/>\nwww.tcmworld.org<br \/>\nwww.ayurvedajournal.world<br \/>\nwww.ncbi.nlm.nih.gov<\/p>\n<p><em>NOTE. The information contained herein should not be construed as a recommendation for treatment or other health issues. We encourage you to make personal decisions about your personal health, taking into account a wide range of sources of information.<\/em><\/p>\n","protected":false},"excerpt":{"rendered":"<p>The almond (Prunus dulcis), mostly grown in the Mediterranean region, in the USA, Australia and China, but originating from the<\/p>\n","protected":false},"featured_media":28569,"template":"","meta":{"_acf_changed":false},"product_brand":[],"product_cat":[2002,1854],"product_tag":[2030,2056,2092,2088],"class_list":{"0":"post-33027","1":"product","2":"type-product","3":"status-publish","4":"has-post-thumbnail","6":"product_cat-nuts","7":"product_cat-organic-nuts-and-seeds","8":"product_tag-a-source-of-protein","9":"product_tag-keto-diet","10":"product_tag-raw-diet","11":"product_tag-vegan","12":"pa_svoris-1-kg-en","13":"pa_svoris-100-g-en-2","14":"pa_svoris-20-kg-en-2","15":"pa_svoris-200-g-en","16":"pa_svoris-300-g-en","17":"pa_svoris-400-g-en","18":"pa_svoris-500-g-en-2","20":"first","21":"instock","22":"shipping-taxable","23":"purchasable","24":"product-type-variable"},"acf":[],"yoast_head":"<!-- This site is optimized with the Yoast SEO plugin v27.5 - https:\/\/yoast.com\/product\/yoast-seo-wordpress\/ -->\n<title>Organic shelled almonds - Biopapa<\/title>\n<meta name=\"description\" content=\"Almonds are considered one of the best superfoods for the brain because they are low in saturated fat, high in omega-6, vitamin E, calcium, zinc and protein. Vitamin E supports cognitive function, protects memory and promotes alertness.\" \/>\n<meta name=\"robots\" content=\"index, follow, max-snippet:-1, max-image-preview:large, max-video-preview:-1\" \/>\n<link rel=\"canonical\" href=\"https:\/\/www.biopapa.de\/en\/producte\/organic-unshelled-almonds\/\" \/>\n<meta property=\"og:locale\" content=\"en_US\" \/>\n<meta property=\"og:type\" content=\"article\" \/>\n<meta property=\"og:title\" content=\"Organic shelled almonds - Biopapa\" \/>\n<meta property=\"og:description\" content=\"Almonds are considered one of the best superfoods for the brain because they are low in saturated fat, high in omega-6, vitamin E, calcium, zinc and protein. Vitamin E supports cognitive function, protects memory and promotes alertness.\" \/>\n<meta property=\"og:url\" content=\"https:\/\/www.biopapa.de\/en\/producte\/organic-unshelled-almonds\/\" \/>\n<meta property=\"og:site_name\" content=\"Biopapa\" \/>\n<meta property=\"article:publisher\" content=\"https:\/\/www.facebook.com\/biopapa.lt\" \/>\n<meta property=\"article:modified_time\" content=\"2026-01-28T14:43:30+00:00\" \/>\n<meta property=\"og:image\" content=\"https:\/\/www.biopapa.de\/wp-content\/uploads\/2021\/09\/779A1395.jpg\" \/>\n\t<meta property=\"og:image:width\" content=\"800\" \/>\n\t<meta property=\"og:image:height\" content=\"640\" \/>\n\t<meta property=\"og:image:type\" content=\"image\/jpeg\" \/>\n<meta name=\"twitter:card\" content=\"summary_large_image\" \/>\n<meta name=\"twitter:label1\" content=\"Est. reading time\" \/>\n\t<meta name=\"twitter:data1\" content=\"2 minutes\" \/>\n<script type=\"application\/ld+json\" class=\"yoast-schema-graph\">{\"@context\":\"https:\\\/\\\/schema.org\",\"@graph\":[{\"@type\":\"WebPage\",\"@id\":\"https:\\\/\\\/www.biopapa.de\\\/en\\\/producte\\\/organic-unshelled-almonds\\\/\",\"url\":\"https:\\\/\\\/www.biopapa.de\\\/en\\\/producte\\\/organic-unshelled-almonds\\\/\",\"name\":\"Organic shelled almonds - Biopapa\",\"isPartOf\":{\"@id\":\"https:\\\/\\\/www.biopapa.de\\\/en\\\/#website\"},\"primaryImageOfPage\":{\"@id\":\"https:\\\/\\\/www.biopapa.de\\\/en\\\/producte\\\/organic-unshelled-almonds\\\/#primaryimage\"},\"image\":{\"@id\":\"https:\\\/\\\/www.biopapa.de\\\/en\\\/producte\\\/organic-unshelled-almonds\\\/#primaryimage\"},\"thumbnailUrl\":\"https:\\\/\\\/www.biopapa.de\\\/wp-content\\\/uploads\\\/2021\\\/09\\\/779A1395.jpg\",\"datePublished\":\"2021-07-21T08:23:38+00:00\",\"dateModified\":\"2026-01-28T14:43:30+00:00\",\"description\":\"Almonds are considered one of the best superfoods for the brain because they are low in saturated fat, high in omega-6, vitamin E, calcium, zinc and protein. Vitamin E supports cognitive function, protects memory and promotes alertness.\",\"breadcrumb\":{\"@id\":\"https:\\\/\\\/www.biopapa.de\\\/en\\\/producte\\\/organic-unshelled-almonds\\\/#breadcrumb\"},\"inLanguage\":\"en-US\",\"potentialAction\":[{\"@type\":\"ReadAction\",\"target\":[\"https:\\\/\\\/www.biopapa.de\\\/en\\\/producte\\\/organic-unshelled-almonds\\\/\"]}]},{\"@type\":\"ImageObject\",\"inLanguage\":\"en-US\",\"@id\":\"https:\\\/\\\/www.biopapa.de\\\/en\\\/producte\\\/organic-unshelled-almonds\\\/#primaryimage\",\"url\":\"https:\\\/\\\/www.biopapa.de\\\/wp-content\\\/uploads\\\/2021\\\/09\\\/779A1395.jpg\",\"contentUrl\":\"https:\\\/\\\/www.biopapa.de\\\/wp-content\\\/uploads\\\/2021\\\/09\\\/779A1395.jpg\",\"width\":800,\"height\":640,\"caption\":\"Organic shelled almonds\"},{\"@type\":\"BreadcrumbList\",\"@id\":\"https:\\\/\\\/www.biopapa.de\\\/en\\\/producte\\\/organic-unshelled-almonds\\\/#breadcrumb\",\"itemListElement\":[{\"@type\":\"ListItem\",\"position\":1,\"name\":\"Home\",\"item\":\"https:\\\/\\\/www.biopapa.de\\\/en\\\/\"},{\"@type\":\"ListItem\",\"position\":2,\"name\":\"Shop\",\"item\":\"https:\\\/\\\/www.biopapa.de\\\/en\\\/shop\\\/\"},{\"@type\":\"ListItem\",\"position\":3,\"name\":\"Organic shelled almonds\"}]},{\"@type\":\"WebSite\",\"@id\":\"https:\\\/\\\/www.biopapa.de\\\/en\\\/#website\",\"url\":\"https:\\\/\\\/www.biopapa.de\\\/en\\\/\",\"name\":\"Biopapa\",\"description\":\"\u0160var\u016bs ekologi\u0161ki produktai\",\"publisher\":{\"@id\":\"https:\\\/\\\/www.biopapa.de\\\/en\\\/#organization\"},\"potentialAction\":[{\"@type\":\"SearchAction\",\"target\":{\"@type\":\"EntryPoint\",\"urlTemplate\":\"https:\\\/\\\/www.biopapa.de\\\/en\\\/?s={search_term_string}\"},\"query-input\":{\"@type\":\"PropertyValueSpecification\",\"valueRequired\":true,\"valueName\":\"search_term_string\"}}],\"inLanguage\":\"en-US\"},{\"@type\":\"Organization\",\"@id\":\"https:\\\/\\\/www.biopapa.de\\\/en\\\/#organization\",\"name\":\"Biopapa\",\"url\":\"https:\\\/\\\/www.biopapa.de\\\/en\\\/\",\"logo\":{\"@type\":\"ImageObject\",\"inLanguage\":\"en-US\",\"@id\":\"https:\\\/\\\/www.biopapa.de\\\/en\\\/#\\\/schema\\\/logo\\\/image\\\/\",\"url\":\"https:\\\/\\\/www.biopapa.lt\\\/wp-content\\\/uploads\\\/2022\\\/04\\\/facebook_biopapa.jpg\",\"contentUrl\":\"https:\\\/\\\/www.biopapa.lt\\\/wp-content\\\/uploads\\\/2022\\\/04\\\/facebook_biopapa.jpg\",\"width\":1733,\"height\":907,\"caption\":\"Biopapa\"},\"image\":{\"@id\":\"https:\\\/\\\/www.biopapa.de\\\/en\\\/#\\\/schema\\\/logo\\\/image\\\/\"},\"sameAs\":[\"https:\\\/\\\/www.facebook.com\\\/biopapa.lt\"]}]}<\/script>\n<!-- \/ Yoast SEO plugin. -->","yoast_head_json":{"title":"Organic shelled almonds - Biopapa","description":"Almonds are considered one of the best superfoods for the brain because they are low in saturated fat, high in omega-6, vitamin E, calcium, zinc and protein. Vitamin E supports cognitive function, protects memory and promotes alertness.","robots":{"index":"index","follow":"follow","max-snippet":"max-snippet:-1","max-image-preview":"max-image-preview:large","max-video-preview":"max-video-preview:-1"},"canonical":"https:\/\/www.biopapa.de\/en\/producte\/organic-unshelled-almonds\/","og_locale":"en_US","og_type":"article","og_title":"Organic shelled almonds - Biopapa","og_description":"Almonds are considered one of the best superfoods for the brain because they are low in saturated fat, high in omega-6, vitamin E, calcium, zinc and protein. Vitamin E supports cognitive function, protects memory and promotes alertness.","og_url":"https:\/\/www.biopapa.de\/en\/producte\/organic-unshelled-almonds\/","og_site_name":"Biopapa","article_publisher":"https:\/\/www.facebook.com\/biopapa.lt","article_modified_time":"2026-01-28T14:43:30+00:00","og_image":[{"width":800,"height":640,"url":"https:\/\/www.biopapa.de\/wp-content\/uploads\/2021\/09\/779A1395.jpg","type":"image\/jpeg"}],"twitter_card":"summary_large_image","twitter_misc":{"Est. reading time":"2 minutes"},"schema":{"@context":"https:\/\/schema.org","@graph":[{"@type":"WebPage","@id":"https:\/\/www.biopapa.de\/en\/producte\/organic-unshelled-almonds\/","url":"https:\/\/www.biopapa.de\/en\/producte\/organic-unshelled-almonds\/","name":"Organic shelled almonds - Biopapa","isPartOf":{"@id":"https:\/\/www.biopapa.de\/en\/#website"},"primaryImageOfPage":{"@id":"https:\/\/www.biopapa.de\/en\/producte\/organic-unshelled-almonds\/#primaryimage"},"image":{"@id":"https:\/\/www.biopapa.de\/en\/producte\/organic-unshelled-almonds\/#primaryimage"},"thumbnailUrl":"https:\/\/www.biopapa.de\/wp-content\/uploads\/2021\/09\/779A1395.jpg","datePublished":"2021-07-21T08:23:38+00:00","dateModified":"2026-01-28T14:43:30+00:00","description":"Almonds are considered one of the best superfoods for the brain because they are low in saturated fat, high in omega-6, vitamin E, calcium, zinc and protein. Vitamin E supports cognitive function, protects memory and promotes alertness.","breadcrumb":{"@id":"https:\/\/www.biopapa.de\/en\/producte\/organic-unshelled-almonds\/#breadcrumb"},"inLanguage":"en-US","potentialAction":[{"@type":"ReadAction","target":["https:\/\/www.biopapa.de\/en\/producte\/organic-unshelled-almonds\/"]}]},{"@type":"ImageObject","inLanguage":"en-US","@id":"https:\/\/www.biopapa.de\/en\/producte\/organic-unshelled-almonds\/#primaryimage","url":"https:\/\/www.biopapa.de\/wp-content\/uploads\/2021\/09\/779A1395.jpg","contentUrl":"https:\/\/www.biopapa.de\/wp-content\/uploads\/2021\/09\/779A1395.jpg","width":800,"height":640,"caption":"Organic shelled almonds"},{"@type":"BreadcrumbList","@id":"https:\/\/www.biopapa.de\/en\/producte\/organic-unshelled-almonds\/#breadcrumb","itemListElement":[{"@type":"ListItem","position":1,"name":"Home","item":"https:\/\/www.biopapa.de\/en\/"},{"@type":"ListItem","position":2,"name":"Shop","item":"https:\/\/www.biopapa.de\/en\/shop\/"},{"@type":"ListItem","position":3,"name":"Organic shelled almonds"}]},{"@type":"WebSite","@id":"https:\/\/www.biopapa.de\/en\/#website","url":"https:\/\/www.biopapa.de\/en\/","name":"Biopapa","description":"\u0160var\u016bs ekologi\u0161ki produktai","publisher":{"@id":"https:\/\/www.biopapa.de\/en\/#organization"},"potentialAction":[{"@type":"SearchAction","target":{"@type":"EntryPoint","urlTemplate":"https:\/\/www.biopapa.de\/en\/?s={search_term_string}"},"query-input":{"@type":"PropertyValueSpecification","valueRequired":true,"valueName":"search_term_string"}}],"inLanguage":"en-US"},{"@type":"Organization","@id":"https:\/\/www.biopapa.de\/en\/#organization","name":"Biopapa","url":"https:\/\/www.biopapa.de\/en\/","logo":{"@type":"ImageObject","inLanguage":"en-US","@id":"https:\/\/www.biopapa.de\/en\/#\/schema\/logo\/image\/","url":"https:\/\/www.biopapa.lt\/wp-content\/uploads\/2022\/04\/facebook_biopapa.jpg","contentUrl":"https:\/\/www.biopapa.lt\/wp-content\/uploads\/2022\/04\/facebook_biopapa.jpg","width":1733,"height":907,"caption":"Biopapa"},"image":{"@id":"https:\/\/www.biopapa.de\/en\/#\/schema\/logo\/image\/"},"sameAs":["https:\/\/www.facebook.com\/biopapa.lt"]}]}},"_links":{"self":[{"href":"https:\/\/www.biopapa.de\/en\/wp-json\/wp\/v2\/product\/33027","targetHints":{"allow":["GET"]}}],"collection":[{"href":"https:\/\/www.biopapa.de\/en\/wp-json\/wp\/v2\/product"}],"about":[{"href":"https:\/\/www.biopapa.de\/en\/wp-json\/wp\/v2\/types\/product"}],"wp:featuredmedia":[{"embeddable":true,"href":"https:\/\/www.biopapa.de\/en\/wp-json\/wp\/v2\/media\/28569"}],"wp:attachment":[{"href":"https:\/\/www.biopapa.de\/en\/wp-json\/wp\/v2\/media?parent=33027"}],"wp:term":[{"taxonomy":"product_brand","embeddable":true,"href":"https:\/\/www.biopapa.de\/en\/wp-json\/wp\/v2\/product_brand?post=33027"},{"taxonomy":"product_cat","embeddable":true,"href":"https:\/\/www.biopapa.de\/en\/wp-json\/wp\/v2\/product_cat?post=33027"},{"taxonomy":"product_tag","embeddable":true,"href":"https:\/\/www.biopapa.de\/en\/wp-json\/wp\/v2\/product_tag?post=33027"}],"curies":[{"name":"wp","href":"https:\/\/api.w.org\/{rel}","templated":true}]}}