{"id":33084,"date":"2022-11-11T14:23:43","date_gmt":"2022-11-11T12:23:43","guid":{"rendered":"https:\/\/www.biopapa.lt\/produktas\/organic-maize-groats-polenta\/"},"modified":"2023-11-08T17:34:09","modified_gmt":"2023-11-08T15:34:09","slug":"organic-crushed-corn-flakes-polenta","status":"publish","type":"product","link":"https:\/\/www.biopapa.de\/en\/producte\/organic-crushed-corn-flakes-polenta\/","title":{"rendered":"Organic maize groats (Polenta)"},"content":{"rendered":"<p>Organic corn groats (Polenta) is suitable for making porridges, casseroles, cakes, stews and polenta, a traditional Italian porridge. Cornmeal is an excellent source of fibre. <strong>Gluten-free<\/strong>.<\/p>\n<p>Preparation. Maize porridge: boil 100 ml of maize groats in 200 ml of water, adding a little salt if necessary. Cook, stirring, for about 7-8 minutes.<\/p>\n<p>Organic maize porridge made from crushed maize kernels. It is used to make the famous Italian polenta or Romanian mamaliga, which is both sweet for breakfast with dried fruit and salty for main dishes. It is also suitable for use as a thickening agent in soups and sauces and, when ground into flour, is also used to make cakes, puddings and pastries.<\/p>\n<p><strong>Corn porridge<\/strong> (side dish for 4 persons)<br \/>\nPut 250 g of corn groats in 1.5 l of boiling water. Cook on low heat, stirring, for 2 minutes. Cover with the lid and leave to stand for 5 minutes.<br \/>\nSavoury porridge: 100 g of grated vegan cheese substitute can be added to the prepared porridge. For a sweet porridge, vegetable milk instead of water, sweetened with dates or sweeteners of your choice when cooked, or melted vegetable butter or organic oil can be added.<\/p>\n","protected":false},"excerpt":{"rendered":"<p>Organic corn groats (Polenta) is suitable for making porridges, casseroles, cakes, stews and polenta, a traditional Italian porridge. Cornmeal is<\/p>\n","protected":false},"featured_media":29773,"template":"","meta":{"_acf_changed":false},"product_brand":[],"product_cat":[1855],"product_tag":[2046,2088],"class_list":{"0":"post-33084","1":"product","2":"type-product","3":"status-publish","4":"has-post-thumbnail","6":"product_cat-organic-grains-and-legumes","7":"product_tag-gluten-alternative","8":"product_tag-vegan","9":"pa_svoris-1-kg-en","10":"pa_svoris-100-g-en-2","11":"pa_svoris-200-g-en","12":"pa_svoris-25-kg-en","13":"pa_svoris-300-g-en","14":"pa_svoris-400-g-en","15":"pa_svoris-500-g-en-2","17":"first","18":"instock","19":"shipping-taxable","20":"purchasable","21":"product-type-variable"},"acf":[],"yoast_head":"<!-- This site is optimized with the Yoast SEO plugin v27.5 - https:\/\/yoast.com\/product\/yoast-seo-wordpress\/ -->\n<title>Organic maize groats (Polenta) - Biopapa<\/title>\n<meta name=\"description\" content=\"Organic corn groats (Polenta) is suitable for making porridges, casseroles, cakes, stews and polenta, a traditional Italian porridge.\" \/>\n<meta name=\"robots\" content=\"index, follow, max-snippet:-1, max-image-preview:large, max-video-preview:-1\" \/>\n<link rel=\"canonical\" href=\"https:\/\/www.biopapa.de\/en\/producte\/organic-crushed-corn-flakes-polenta\/\" \/>\n<meta property=\"og:locale\" content=\"en_US\" \/>\n<meta property=\"og:type\" content=\"article\" \/>\n<meta property=\"og:title\" content=\"Organic maize groats (Polenta) - Biopapa\" \/>\n<meta property=\"og:description\" content=\"Organic corn groats (Polenta) is suitable for making porridges, casseroles, cakes, stews and polenta, a traditional Italian porridge.\" \/>\n<meta property=\"og:url\" content=\"https:\/\/www.biopapa.de\/en\/producte\/organic-crushed-corn-flakes-polenta\/\" \/>\n<meta property=\"og:site_name\" content=\"Biopapa\" \/>\n<meta property=\"article:publisher\" content=\"https:\/\/www.facebook.com\/biopapa.lt\" \/>\n<meta property=\"article:modified_time\" content=\"2023-11-08T15:34:09+00:00\" \/>\n<meta property=\"og:image\" content=\"https:\/\/www.biopapa.de\/wp-content\/uploads\/2022\/11\/smulkintos-kukuruzu-kruopos.jpg\" \/>\n\t<meta property=\"og:image:width\" content=\"800\" \/>\n\t<meta property=\"og:image:height\" content=\"640\" \/>\n\t<meta property=\"og:image:type\" content=\"image\/jpeg\" \/>\n<meta name=\"twitter:card\" content=\"summary_large_image\" \/>\n<meta name=\"twitter:label1\" content=\"Est. reading time\" \/>\n\t<meta name=\"twitter:data1\" content=\"1 minute\" \/>\n<script type=\"application\/ld+json\" class=\"yoast-schema-graph\">{\"@context\":\"https:\\\/\\\/schema.org\",\"@graph\":[{\"@type\":\"WebPage\",\"@id\":\"https:\\\/\\\/www.biopapa.de\\\/en\\\/producte\\\/organic-crushed-corn-flakes-polenta\\\/\",\"url\":\"https:\\\/\\\/www.biopapa.de\\\/en\\\/producte\\\/organic-crushed-corn-flakes-polenta\\\/\",\"name\":\"Organic maize groats (Polenta) - Biopapa\",\"isPartOf\":{\"@id\":\"https:\\\/\\\/www.biopapa.de\\\/en\\\/#website\"},\"primaryImageOfPage\":{\"@id\":\"https:\\\/\\\/www.biopapa.de\\\/en\\\/producte\\\/organic-crushed-corn-flakes-polenta\\\/#primaryimage\"},\"image\":{\"@id\":\"https:\\\/\\\/www.biopapa.de\\\/en\\\/producte\\\/organic-crushed-corn-flakes-polenta\\\/#primaryimage\"},\"thumbnailUrl\":\"https:\\\/\\\/www.biopapa.de\\\/wp-content\\\/uploads\\\/2022\\\/11\\\/smulkintos-kukuruzu-kruopos.jpg\",\"datePublished\":\"2022-11-11T12:23:43+00:00\",\"dateModified\":\"2023-11-08T15:34:09+00:00\",\"description\":\"Organic corn groats (Polenta) is suitable for making porridges, casseroles, cakes, stews and polenta, a traditional Italian porridge.\",\"breadcrumb\":{\"@id\":\"https:\\\/\\\/www.biopapa.de\\\/en\\\/producte\\\/organic-crushed-corn-flakes-polenta\\\/#breadcrumb\"},\"inLanguage\":\"en-US\",\"potentialAction\":[{\"@type\":\"ReadAction\",\"target\":[\"https:\\\/\\\/www.biopapa.de\\\/en\\\/producte\\\/organic-crushed-corn-flakes-polenta\\\/\"]}]},{\"@type\":\"ImageObject\",\"inLanguage\":\"en-US\",\"@id\":\"https:\\\/\\\/www.biopapa.de\\\/en\\\/producte\\\/organic-crushed-corn-flakes-polenta\\\/#primaryimage\",\"url\":\"https:\\\/\\\/www.biopapa.de\\\/wp-content\\\/uploads\\\/2022\\\/11\\\/smulkintos-kukuruzu-kruopos.jpg\",\"contentUrl\":\"https:\\\/\\\/www.biopapa.de\\\/wp-content\\\/uploads\\\/2022\\\/11\\\/smulkintos-kukuruzu-kruopos.jpg\",\"width\":800,\"height\":640,\"caption\":\"Organic maize groats (Polenta)\"},{\"@type\":\"BreadcrumbList\",\"@id\":\"https:\\\/\\\/www.biopapa.de\\\/en\\\/producte\\\/organic-crushed-corn-flakes-polenta\\\/#breadcrumb\",\"itemListElement\":[{\"@type\":\"ListItem\",\"position\":1,\"name\":\"Home\",\"item\":\"https:\\\/\\\/www.biopapa.de\\\/en\\\/\"},{\"@type\":\"ListItem\",\"position\":2,\"name\":\"Shop\",\"item\":\"https:\\\/\\\/www.biopapa.de\\\/en\\\/shop\\\/\"},{\"@type\":\"ListItem\",\"position\":3,\"name\":\"Organic maize groats (Polenta)\"}]},{\"@type\":\"WebSite\",\"@id\":\"https:\\\/\\\/www.biopapa.de\\\/en\\\/#website\",\"url\":\"https:\\\/\\\/www.biopapa.de\\\/en\\\/\",\"name\":\"Biopapa\",\"description\":\"\u0160var\u016bs ekologi\u0161ki produktai\",\"publisher\":{\"@id\":\"https:\\\/\\\/www.biopapa.de\\\/en\\\/#organization\"},\"potentialAction\":[{\"@type\":\"SearchAction\",\"target\":{\"@type\":\"EntryPoint\",\"urlTemplate\":\"https:\\\/\\\/www.biopapa.de\\\/en\\\/?s={search_term_string}\"},\"query-input\":{\"@type\":\"PropertyValueSpecification\",\"valueRequired\":true,\"valueName\":\"search_term_string\"}}],\"inLanguage\":\"en-US\"},{\"@type\":\"Organization\",\"@id\":\"https:\\\/\\\/www.biopapa.de\\\/en\\\/#organization\",\"name\":\"Biopapa\",\"url\":\"https:\\\/\\\/www.biopapa.de\\\/en\\\/\",\"logo\":{\"@type\":\"ImageObject\",\"inLanguage\":\"en-US\",\"@id\":\"https:\\\/\\\/www.biopapa.de\\\/en\\\/#\\\/schema\\\/logo\\\/image\\\/\",\"url\":\"https:\\\/\\\/www.biopapa.lt\\\/wp-content\\\/uploads\\\/2022\\\/04\\\/facebook_biopapa.jpg\",\"contentUrl\":\"https:\\\/\\\/www.biopapa.lt\\\/wp-content\\\/uploads\\\/2022\\\/04\\\/facebook_biopapa.jpg\",\"width\":1733,\"height\":907,\"caption\":\"Biopapa\"},\"image\":{\"@id\":\"https:\\\/\\\/www.biopapa.de\\\/en\\\/#\\\/schema\\\/logo\\\/image\\\/\"},\"sameAs\":[\"https:\\\/\\\/www.facebook.com\\\/biopapa.lt\"]}]}<\/script>\n<!-- \/ Yoast SEO plugin. -->","yoast_head_json":{"title":"Organic maize groats (Polenta) - Biopapa","description":"Organic corn groats (Polenta) is suitable for making porridges, casseroles, cakes, stews and polenta, a traditional Italian porridge.","robots":{"index":"index","follow":"follow","max-snippet":"max-snippet:-1","max-image-preview":"max-image-preview:large","max-video-preview":"max-video-preview:-1"},"canonical":"https:\/\/www.biopapa.de\/en\/producte\/organic-crushed-corn-flakes-polenta\/","og_locale":"en_US","og_type":"article","og_title":"Organic maize groats (Polenta) - Biopapa","og_description":"Organic corn groats (Polenta) is suitable for making porridges, casseroles, cakes, stews and polenta, a traditional Italian porridge.","og_url":"https:\/\/www.biopapa.de\/en\/producte\/organic-crushed-corn-flakes-polenta\/","og_site_name":"Biopapa","article_publisher":"https:\/\/www.facebook.com\/biopapa.lt","article_modified_time":"2023-11-08T15:34:09+00:00","og_image":[{"width":800,"height":640,"url":"https:\/\/www.biopapa.de\/wp-content\/uploads\/2022\/11\/smulkintos-kukuruzu-kruopos.jpg","type":"image\/jpeg"}],"twitter_card":"summary_large_image","twitter_misc":{"Est. reading time":"1 minute"},"schema":{"@context":"https:\/\/schema.org","@graph":[{"@type":"WebPage","@id":"https:\/\/www.biopapa.de\/en\/producte\/organic-crushed-corn-flakes-polenta\/","url":"https:\/\/www.biopapa.de\/en\/producte\/organic-crushed-corn-flakes-polenta\/","name":"Organic maize groats (Polenta) - Biopapa","isPartOf":{"@id":"https:\/\/www.biopapa.de\/en\/#website"},"primaryImageOfPage":{"@id":"https:\/\/www.biopapa.de\/en\/producte\/organic-crushed-corn-flakes-polenta\/#primaryimage"},"image":{"@id":"https:\/\/www.biopapa.de\/en\/producte\/organic-crushed-corn-flakes-polenta\/#primaryimage"},"thumbnailUrl":"https:\/\/www.biopapa.de\/wp-content\/uploads\/2022\/11\/smulkintos-kukuruzu-kruopos.jpg","datePublished":"2022-11-11T12:23:43+00:00","dateModified":"2023-11-08T15:34:09+00:00","description":"Organic corn groats (Polenta) is suitable for making porridges, casseroles, cakes, stews and polenta, a traditional Italian porridge.","breadcrumb":{"@id":"https:\/\/www.biopapa.de\/en\/producte\/organic-crushed-corn-flakes-polenta\/#breadcrumb"},"inLanguage":"en-US","potentialAction":[{"@type":"ReadAction","target":["https:\/\/www.biopapa.de\/en\/producte\/organic-crushed-corn-flakes-polenta\/"]}]},{"@type":"ImageObject","inLanguage":"en-US","@id":"https:\/\/www.biopapa.de\/en\/producte\/organic-crushed-corn-flakes-polenta\/#primaryimage","url":"https:\/\/www.biopapa.de\/wp-content\/uploads\/2022\/11\/smulkintos-kukuruzu-kruopos.jpg","contentUrl":"https:\/\/www.biopapa.de\/wp-content\/uploads\/2022\/11\/smulkintos-kukuruzu-kruopos.jpg","width":800,"height":640,"caption":"Organic maize groats (Polenta)"},{"@type":"BreadcrumbList","@id":"https:\/\/www.biopapa.de\/en\/producte\/organic-crushed-corn-flakes-polenta\/#breadcrumb","itemListElement":[{"@type":"ListItem","position":1,"name":"Home","item":"https:\/\/www.biopapa.de\/en\/"},{"@type":"ListItem","position":2,"name":"Shop","item":"https:\/\/www.biopapa.de\/en\/shop\/"},{"@type":"ListItem","position":3,"name":"Organic maize groats (Polenta)"}]},{"@type":"WebSite","@id":"https:\/\/www.biopapa.de\/en\/#website","url":"https:\/\/www.biopapa.de\/en\/","name":"Biopapa","description":"\u0160var\u016bs ekologi\u0161ki produktai","publisher":{"@id":"https:\/\/www.biopapa.de\/en\/#organization"},"potentialAction":[{"@type":"SearchAction","target":{"@type":"EntryPoint","urlTemplate":"https:\/\/www.biopapa.de\/en\/?s={search_term_string}"},"query-input":{"@type":"PropertyValueSpecification","valueRequired":true,"valueName":"search_term_string"}}],"inLanguage":"en-US"},{"@type":"Organization","@id":"https:\/\/www.biopapa.de\/en\/#organization","name":"Biopapa","url":"https:\/\/www.biopapa.de\/en\/","logo":{"@type":"ImageObject","inLanguage":"en-US","@id":"https:\/\/www.biopapa.de\/en\/#\/schema\/logo\/image\/","url":"https:\/\/www.biopapa.lt\/wp-content\/uploads\/2022\/04\/facebook_biopapa.jpg","contentUrl":"https:\/\/www.biopapa.lt\/wp-content\/uploads\/2022\/04\/facebook_biopapa.jpg","width":1733,"height":907,"caption":"Biopapa"},"image":{"@id":"https:\/\/www.biopapa.de\/en\/#\/schema\/logo\/image\/"},"sameAs":["https:\/\/www.facebook.com\/biopapa.lt"]}]}},"_links":{"self":[{"href":"https:\/\/www.biopapa.de\/en\/wp-json\/wp\/v2\/product\/33084","targetHints":{"allow":["GET"]}}],"collection":[{"href":"https:\/\/www.biopapa.de\/en\/wp-json\/wp\/v2\/product"}],"about":[{"href":"https:\/\/www.biopapa.de\/en\/wp-json\/wp\/v2\/types\/product"}],"wp:featuredmedia":[{"embeddable":true,"href":"https:\/\/www.biopapa.de\/en\/wp-json\/wp\/v2\/media\/29773"}],"wp:attachment":[{"href":"https:\/\/www.biopapa.de\/en\/wp-json\/wp\/v2\/media?parent=33084"}],"wp:term":[{"taxonomy":"product_brand","embeddable":true,"href":"https:\/\/www.biopapa.de\/en\/wp-json\/wp\/v2\/product_brand?post=33084"},{"taxonomy":"product_cat","embeddable":true,"href":"https:\/\/www.biopapa.de\/en\/wp-json\/wp\/v2\/product_cat?post=33084"},{"taxonomy":"product_tag","embeddable":true,"href":"https:\/\/www.biopapa.de\/en\/wp-json\/wp\/v2\/product_tag?post=33084"}],"curies":[{"name":"wp","href":"https:\/\/api.w.org\/{rel}","templated":true}]}}