{"id":33117,"date":"2022-08-16T16:50:48","date_gmt":"2022-08-16T13:50:48","guid":{"rendered":"https:\/\/www.biopapa.lt\/produktas\/organic-red-quinoa\/"},"modified":"2026-02-04T11:28:02","modified_gmt":"2026-02-04T09:28:02","slug":"organic-red-quinoa","status":"publish","type":"product","link":"https:\/\/www.biopapa.de\/en\/producte\/organic-red-quinoa\/","title":{"rendered":"Organic red quinoa"},"content":{"rendered":"<p><strong>Organic red Bolivian balanda<\/strong> (kynva) is suitable for use in both hot and cold dishes. Can be used for salads, soups, stews. It is delicious eaten as a hot porridge &#8211; spiced or sweet with milk (coconut, soya or almond), nuts or fruit. Suitable for vegans.<br \/>\nHigh in fibre. An excellent source of protein with a balanced set of amino acids needed by humans. Protein helps maintain muscle mass growth, preserve muscle mass and maintain normal bone health.<\/p>\n<p>Preparation: be sure to wash the groats in cold water before cooking. Boil for 15 minutes in a 1:2 ratio with water.<\/p>\n<p>NOTE. The information contained herein should not be construed as a recommendation for treatment or other health issues. We encourage you to make personal decisions about your personal health, taking into account a wide range of sources of information.<\/p>\n","protected":false},"excerpt":{"rendered":"<p>Organic red Bolivian balanda (kynva) is suitable for use in both hot and cold dishes. Can be used for salads,<\/p>\n","protected":false},"featured_media":29755,"template":"","meta":{"_acf_changed":false},"product_brand":[],"product_cat":[1980,1855],"product_tag":[2078,2030,2088],"class_list":{"0":"post-33117","1":"product","2":"type-product","3":"status-publish","4":"has-post-thumbnail","6":"product_cat-groats","7":"product_cat-organic-grains-and-legumes","8":"product_tag-a-source-of-fiber","9":"product_tag-a-source-of-protein","10":"product_tag-vegan","11":"pa_svoris-1-kg-en","12":"pa_svoris-100-g-en-2","13":"pa_svoris-200-g-en","14":"pa_svoris-25-kg-en","15":"pa_svoris-300-g-en","16":"pa_svoris-400-g-en","17":"pa_svoris-500-g-en-2","19":"first","20":"instock","21":"shipping-taxable","22":"purchasable","23":"product-type-variable"},"acf":[],"yoast_head":"<!-- This site is optimized with the Yoast SEO plugin v27.3 - https:\/\/yoast.com\/product\/yoast-seo-wordpress\/ -->\n<title>Organic red quinoa - Biopapa<\/title>\n<meta name=\"description\" content=\"Organic red quinoa is suitable for use in both hot and cold dishes. Can be used for salads, soups, stews.\" \/>\n<meta name=\"robots\" content=\"index, follow, max-snippet:-1, max-image-preview:large, max-video-preview:-1\" \/>\n<link rel=\"canonical\" href=\"https:\/\/www.biopapa.de\/en\/producte\/organic-red-quinoa\/\" \/>\n<meta property=\"og:locale\" content=\"en_US\" \/>\n<meta property=\"og:type\" content=\"article\" \/>\n<meta property=\"og:title\" content=\"Organic red quinoa - Biopapa\" \/>\n<meta property=\"og:description\" content=\"Organic red quinoa is suitable for use in both hot and cold dishes. Can be used for salads, soups, stews.\" \/>\n<meta property=\"og:url\" content=\"https:\/\/www.biopapa.de\/en\/producte\/organic-red-quinoa\/\" \/>\n<meta property=\"og:site_name\" content=\"Biopapa\" \/>\n<meta property=\"article:publisher\" content=\"https:\/\/www.facebook.com\/biopapa.lt\" \/>\n<meta property=\"article:modified_time\" content=\"2026-02-04T09:28:02+00:00\" \/>\n<meta property=\"og:image\" content=\"https:\/\/www.biopapa.de\/wp-content\/uploads\/2022\/08\/raudona-balanda.png\" \/>\n\t<meta property=\"og:image:width\" content=\"800\" \/>\n\t<meta property=\"og:image:height\" content=\"640\" \/>\n\t<meta property=\"og:image:type\" content=\"image\/png\" \/>\n<meta name=\"twitter:card\" content=\"summary_large_image\" \/>\n<meta name=\"twitter:label1\" content=\"Est. reading time\" \/>\n\t<meta name=\"twitter:data1\" content=\"1 minute\" \/>\n<script type=\"application\/ld+json\" class=\"yoast-schema-graph\">{\"@context\":\"https:\\\/\\\/schema.org\",\"@graph\":[{\"@type\":\"WebPage\",\"@id\":\"https:\\\/\\\/www.biopapa.de\\\/en\\\/producte\\\/organic-red-quinoa\\\/\",\"url\":\"https:\\\/\\\/www.biopapa.de\\\/en\\\/producte\\\/organic-red-quinoa\\\/\",\"name\":\"Organic red quinoa - Biopapa\",\"isPartOf\":{\"@id\":\"https:\\\/\\\/www.biopapa.de\\\/en\\\/#website\"},\"primaryImageOfPage\":{\"@id\":\"https:\\\/\\\/www.biopapa.de\\\/en\\\/producte\\\/organic-red-quinoa\\\/#primaryimage\"},\"image\":{\"@id\":\"https:\\\/\\\/www.biopapa.de\\\/en\\\/producte\\\/organic-red-quinoa\\\/#primaryimage\"},\"thumbnailUrl\":\"https:\\\/\\\/www.biopapa.de\\\/wp-content\\\/uploads\\\/2022\\\/08\\\/raudona-balanda.png\",\"datePublished\":\"2022-08-16T13:50:48+00:00\",\"dateModified\":\"2026-02-04T09:28:02+00:00\",\"description\":\"Organic red quinoa is suitable for use in both hot and cold dishes. Can be used for salads, soups, stews.\",\"breadcrumb\":{\"@id\":\"https:\\\/\\\/www.biopapa.de\\\/en\\\/producte\\\/organic-red-quinoa\\\/#breadcrumb\"},\"inLanguage\":\"en-US\",\"potentialAction\":[{\"@type\":\"ReadAction\",\"target\":[\"https:\\\/\\\/www.biopapa.de\\\/en\\\/producte\\\/organic-red-quinoa\\\/\"]}]},{\"@type\":\"ImageObject\",\"inLanguage\":\"en-US\",\"@id\":\"https:\\\/\\\/www.biopapa.de\\\/en\\\/producte\\\/organic-red-quinoa\\\/#primaryimage\",\"url\":\"https:\\\/\\\/www.biopapa.de\\\/wp-content\\\/uploads\\\/2022\\\/08\\\/raudona-balanda.png\",\"contentUrl\":\"https:\\\/\\\/www.biopapa.de\\\/wp-content\\\/uploads\\\/2022\\\/08\\\/raudona-balanda.png\",\"width\":800,\"height\":640,\"caption\":\"Organic red quinoa\"},{\"@type\":\"BreadcrumbList\",\"@id\":\"https:\\\/\\\/www.biopapa.de\\\/en\\\/producte\\\/organic-red-quinoa\\\/#breadcrumb\",\"itemListElement\":[{\"@type\":\"ListItem\",\"position\":1,\"name\":\"Home\",\"item\":\"https:\\\/\\\/www.biopapa.de\\\/en\\\/\"},{\"@type\":\"ListItem\",\"position\":2,\"name\":\"Shop\",\"item\":\"https:\\\/\\\/www.biopapa.de\\\/en\\\/shop\\\/\"},{\"@type\":\"ListItem\",\"position\":3,\"name\":\"Organic red quinoa\"}]},{\"@type\":\"WebSite\",\"@id\":\"https:\\\/\\\/www.biopapa.de\\\/en\\\/#website\",\"url\":\"https:\\\/\\\/www.biopapa.de\\\/en\\\/\",\"name\":\"Biopapa\",\"description\":\"\u0160var\u016bs ekologi\u0161ki produktai\",\"publisher\":{\"@id\":\"https:\\\/\\\/www.biopapa.de\\\/en\\\/#organization\"},\"potentialAction\":[{\"@type\":\"SearchAction\",\"target\":{\"@type\":\"EntryPoint\",\"urlTemplate\":\"https:\\\/\\\/www.biopapa.de\\\/en\\\/?s={search_term_string}\"},\"query-input\":{\"@type\":\"PropertyValueSpecification\",\"valueRequired\":true,\"valueName\":\"search_term_string\"}}],\"inLanguage\":\"en-US\"},{\"@type\":\"Organization\",\"@id\":\"https:\\\/\\\/www.biopapa.de\\\/en\\\/#organization\",\"name\":\"Biopapa\",\"url\":\"https:\\\/\\\/www.biopapa.de\\\/en\\\/\",\"logo\":{\"@type\":\"ImageObject\",\"inLanguage\":\"en-US\",\"@id\":\"https:\\\/\\\/www.biopapa.de\\\/en\\\/#\\\/schema\\\/logo\\\/image\\\/\",\"url\":\"https:\\\/\\\/www.biopapa.lt\\\/wp-content\\\/uploads\\\/2022\\\/04\\\/facebook_biopapa.jpg\",\"contentUrl\":\"https:\\\/\\\/www.biopapa.lt\\\/wp-content\\\/uploads\\\/2022\\\/04\\\/facebook_biopapa.jpg\",\"width\":1733,\"height\":907,\"caption\":\"Biopapa\"},\"image\":{\"@id\":\"https:\\\/\\\/www.biopapa.de\\\/en\\\/#\\\/schema\\\/logo\\\/image\\\/\"},\"sameAs\":[\"https:\\\/\\\/www.facebook.com\\\/biopapa.lt\"]}]}<\/script>\n<!-- \/ Yoast SEO plugin. -->","yoast_head_json":{"title":"Organic red quinoa - Biopapa","description":"Organic red quinoa is suitable for use in both hot and cold dishes. Can be used for salads, soups, stews.","robots":{"index":"index","follow":"follow","max-snippet":"max-snippet:-1","max-image-preview":"max-image-preview:large","max-video-preview":"max-video-preview:-1"},"canonical":"https:\/\/www.biopapa.de\/en\/producte\/organic-red-quinoa\/","og_locale":"en_US","og_type":"article","og_title":"Organic red quinoa - Biopapa","og_description":"Organic red quinoa is suitable for use in both hot and cold dishes. Can be used for salads, soups, stews.","og_url":"https:\/\/www.biopapa.de\/en\/producte\/organic-red-quinoa\/","og_site_name":"Biopapa","article_publisher":"https:\/\/www.facebook.com\/biopapa.lt","article_modified_time":"2026-02-04T09:28:02+00:00","og_image":[{"width":800,"height":640,"url":"https:\/\/www.biopapa.de\/wp-content\/uploads\/2022\/08\/raudona-balanda.png","type":"image\/png"}],"twitter_card":"summary_large_image","twitter_misc":{"Est. reading time":"1 minute"},"schema":{"@context":"https:\/\/schema.org","@graph":[{"@type":"WebPage","@id":"https:\/\/www.biopapa.de\/en\/producte\/organic-red-quinoa\/","url":"https:\/\/www.biopapa.de\/en\/producte\/organic-red-quinoa\/","name":"Organic red quinoa - Biopapa","isPartOf":{"@id":"https:\/\/www.biopapa.de\/en\/#website"},"primaryImageOfPage":{"@id":"https:\/\/www.biopapa.de\/en\/producte\/organic-red-quinoa\/#primaryimage"},"image":{"@id":"https:\/\/www.biopapa.de\/en\/producte\/organic-red-quinoa\/#primaryimage"},"thumbnailUrl":"https:\/\/www.biopapa.de\/wp-content\/uploads\/2022\/08\/raudona-balanda.png","datePublished":"2022-08-16T13:50:48+00:00","dateModified":"2026-02-04T09:28:02+00:00","description":"Organic red quinoa is suitable for use in both hot and cold dishes. Can be used for salads, soups, stews.","breadcrumb":{"@id":"https:\/\/www.biopapa.de\/en\/producte\/organic-red-quinoa\/#breadcrumb"},"inLanguage":"en-US","potentialAction":[{"@type":"ReadAction","target":["https:\/\/www.biopapa.de\/en\/producte\/organic-red-quinoa\/"]}]},{"@type":"ImageObject","inLanguage":"en-US","@id":"https:\/\/www.biopapa.de\/en\/producte\/organic-red-quinoa\/#primaryimage","url":"https:\/\/www.biopapa.de\/wp-content\/uploads\/2022\/08\/raudona-balanda.png","contentUrl":"https:\/\/www.biopapa.de\/wp-content\/uploads\/2022\/08\/raudona-balanda.png","width":800,"height":640,"caption":"Organic red quinoa"},{"@type":"BreadcrumbList","@id":"https:\/\/www.biopapa.de\/en\/producte\/organic-red-quinoa\/#breadcrumb","itemListElement":[{"@type":"ListItem","position":1,"name":"Home","item":"https:\/\/www.biopapa.de\/en\/"},{"@type":"ListItem","position":2,"name":"Shop","item":"https:\/\/www.biopapa.de\/en\/shop\/"},{"@type":"ListItem","position":3,"name":"Organic red quinoa"}]},{"@type":"WebSite","@id":"https:\/\/www.biopapa.de\/en\/#website","url":"https:\/\/www.biopapa.de\/en\/","name":"Biopapa","description":"\u0160var\u016bs ekologi\u0161ki produktai","publisher":{"@id":"https:\/\/www.biopapa.de\/en\/#organization"},"potentialAction":[{"@type":"SearchAction","target":{"@type":"EntryPoint","urlTemplate":"https:\/\/www.biopapa.de\/en\/?s={search_term_string}"},"query-input":{"@type":"PropertyValueSpecification","valueRequired":true,"valueName":"search_term_string"}}],"inLanguage":"en-US"},{"@type":"Organization","@id":"https:\/\/www.biopapa.de\/en\/#organization","name":"Biopapa","url":"https:\/\/www.biopapa.de\/en\/","logo":{"@type":"ImageObject","inLanguage":"en-US","@id":"https:\/\/www.biopapa.de\/en\/#\/schema\/logo\/image\/","url":"https:\/\/www.biopapa.lt\/wp-content\/uploads\/2022\/04\/facebook_biopapa.jpg","contentUrl":"https:\/\/www.biopapa.lt\/wp-content\/uploads\/2022\/04\/facebook_biopapa.jpg","width":1733,"height":907,"caption":"Biopapa"},"image":{"@id":"https:\/\/www.biopapa.de\/en\/#\/schema\/logo\/image\/"},"sameAs":["https:\/\/www.facebook.com\/biopapa.lt"]}]}},"_links":{"self":[{"href":"https:\/\/www.biopapa.de\/en\/wp-json\/wp\/v2\/product\/33117","targetHints":{"allow":["GET"]}}],"collection":[{"href":"https:\/\/www.biopapa.de\/en\/wp-json\/wp\/v2\/product"}],"about":[{"href":"https:\/\/www.biopapa.de\/en\/wp-json\/wp\/v2\/types\/product"}],"wp:featuredmedia":[{"embeddable":true,"href":"https:\/\/www.biopapa.de\/en\/wp-json\/wp\/v2\/media\/29755"}],"wp:attachment":[{"href":"https:\/\/www.biopapa.de\/en\/wp-json\/wp\/v2\/media?parent=33117"}],"wp:term":[{"taxonomy":"product_brand","embeddable":true,"href":"https:\/\/www.biopapa.de\/en\/wp-json\/wp\/v2\/product_brand?post=33117"},{"taxonomy":"product_cat","embeddable":true,"href":"https:\/\/www.biopapa.de\/en\/wp-json\/wp\/v2\/product_cat?post=33117"},{"taxonomy":"product_tag","embeddable":true,"href":"https:\/\/www.biopapa.de\/en\/wp-json\/wp\/v2\/product_tag?post=33117"}],"curies":[{"name":"wp","href":"https:\/\/api.w.org\/{rel}","templated":true}]}}