{"id":33170,"date":"2022-05-14T15:42:39","date_gmt":"2022-05-14T12:42:39","guid":{"rendered":"https:\/\/www.biopapa.lt\/produktas\/organic-long-grain-brown-rice\/"},"modified":"2026-01-29T13:53:39","modified_gmt":"2026-01-29T11:53:39","slug":"organic-long-grain-brown-rice","status":"publish","type":"product","link":"https:\/\/www.biopapa.de\/en\/producte\/organic-long-grain-brown-rice\/","title":{"rendered":"Organic long grain brown rice"},"content":{"rendered":"<p><strong>Organic long grain brown rice<\/strong><br \/>\nIn the Far East, rice is an indispensable dish, and for more than half of the world&#8217;s population, rice is the main source of food. There are countless varieties of rice, but brown rice is probably the healthiest.<\/p>\n<p>Brown rice is uncleaned rice. Uncleaned, whole brown rice contains twice as much fibre as cleaned white rice. High-fibre foods are slower to digest and have a low glycaemic index, so you don&#8217;t experience the sudden sugar spikes you get with bread, potatoes or sweets. Rice is rich in fibre and fibre, so it keeps you fuller for longer and makes it easier to manage your weight.<br \/>\nOrganic long-grain brown rice has a rich, savoury nutty flavour and is an excellent base or accompaniment to a wide range of dishes.<\/p>\n<p>Preparation (side dish for 2 persons): before cooking, rinse the rice first. For 1 cup of rice, 2 cups of water are needed. Cook on low heat for about 45min or cook for 30-35min and leave to stand with the lid on for 15-20min. Salt the rice when it is finished cooking, otherwise the cooking time will be longer. To reduce the cooking time, it is possible to boil the pot for ~4 hours before cooking. soak. Once cooked, you can season the rice with olive oil or butter for a creamier flavour, spices or your favourite sauce.<\/p>\n<p><em>NOTE. The information provided on this website shall not be construed as a recommendation for treatment or any other form of health advice. We encourage you to make personal decisions about your personal health, taking into account a wide range of sources of information.<\/em><\/p>\n","protected":false},"excerpt":{"rendered":"<p>Organic long grain brown rice In the Far East, rice is an indispensable dish, and for more than half of<\/p>\n","protected":false},"featured_media":29127,"template":"","meta":{"_acf_changed":false},"product_brand":[],"product_cat":[1980,1855],"product_tag":[2088],"class_list":{"0":"post-33170","1":"product","2":"type-product","3":"status-publish","4":"has-post-thumbnail","6":"product_cat-groats","7":"product_cat-organic-grains-and-legumes","8":"product_tag-vegan","9":"pa_svoris-100-g-en-2","10":"pa_svoris-200-g-en","11":"pa_svoris-300-g-en","12":"pa_svoris-400-g-en","13":"pa_svoris-500-g-en-2","14":"pa_svoris-1-kg-en","15":"pa_svoris-25-kg-en","17":"first","18":"instock","19":"shipping-taxable","20":"purchasable","21":"product-type-variable"},"acf":[],"yoast_head":"<!-- This site is optimized with the Yoast SEO plugin v27.3 - https:\/\/yoast.com\/product\/yoast-seo-wordpress\/ -->\n<title>Organic long grain brown rice - Biopapa<\/title>\n<meta name=\"description\" content=\"Organic long-grain brown rice has a rich, savoury nutty flavour and is an excellent base or accompaniment to a wide range of dishes.\" \/>\n<meta name=\"robots\" content=\"index, follow, max-snippet:-1, max-image-preview:large, max-video-preview:-1\" \/>\n<link rel=\"canonical\" href=\"https:\/\/www.biopapa.de\/en\/producte\/organic-long-grain-brown-rice\/\" \/>\n<meta property=\"og:locale\" content=\"en_US\" \/>\n<meta property=\"og:type\" content=\"article\" \/>\n<meta property=\"og:title\" content=\"Organic long grain brown rice - Biopapa\" \/>\n<meta property=\"og:description\" content=\"Organic long-grain brown rice has a rich, savoury nutty flavour and is an excellent base or accompaniment to a wide range of dishes.\" \/>\n<meta property=\"og:url\" content=\"https:\/\/www.biopapa.de\/en\/producte\/organic-long-grain-brown-rice\/\" \/>\n<meta property=\"og:site_name\" content=\"Biopapa\" \/>\n<meta property=\"article:publisher\" content=\"https:\/\/www.facebook.com\/biopapa.lt\" \/>\n<meta property=\"article:modified_time\" content=\"2026-01-29T11:53:39+00:00\" \/>\n<meta property=\"og:image\" content=\"https:\/\/www.biopapa.de\/wp-content\/uploads\/2022\/05\/ilgagrudziai-rudieji-ryziai.jpg\" \/>\n\t<meta property=\"og:image:width\" content=\"800\" \/>\n\t<meta property=\"og:image:height\" content=\"640\" \/>\n\t<meta property=\"og:image:type\" content=\"image\/jpeg\" \/>\n<meta name=\"twitter:card\" content=\"summary_large_image\" \/>\n<meta name=\"twitter:label1\" content=\"Est. reading time\" \/>\n\t<meta name=\"twitter:data1\" content=\"1 minute\" \/>\n<script type=\"application\/ld+json\" class=\"yoast-schema-graph\">{\"@context\":\"https:\\\/\\\/schema.org\",\"@graph\":[{\"@type\":\"WebPage\",\"@id\":\"https:\\\/\\\/www.biopapa.de\\\/en\\\/producte\\\/organic-long-grain-brown-rice\\\/\",\"url\":\"https:\\\/\\\/www.biopapa.de\\\/en\\\/producte\\\/organic-long-grain-brown-rice\\\/\",\"name\":\"Organic long grain brown rice - Biopapa\",\"isPartOf\":{\"@id\":\"https:\\\/\\\/www.biopapa.de\\\/en\\\/#website\"},\"primaryImageOfPage\":{\"@id\":\"https:\\\/\\\/www.biopapa.de\\\/en\\\/producte\\\/organic-long-grain-brown-rice\\\/#primaryimage\"},\"image\":{\"@id\":\"https:\\\/\\\/www.biopapa.de\\\/en\\\/producte\\\/organic-long-grain-brown-rice\\\/#primaryimage\"},\"thumbnailUrl\":\"https:\\\/\\\/www.biopapa.de\\\/wp-content\\\/uploads\\\/2022\\\/05\\\/ilgagrudziai-rudieji-ryziai.jpg\",\"datePublished\":\"2022-05-14T12:42:39+00:00\",\"dateModified\":\"2026-01-29T11:53:39+00:00\",\"description\":\"Organic long-grain brown rice has a rich, savoury nutty flavour and is an excellent base or accompaniment to a wide range of dishes.\",\"breadcrumb\":{\"@id\":\"https:\\\/\\\/www.biopapa.de\\\/en\\\/producte\\\/organic-long-grain-brown-rice\\\/#breadcrumb\"},\"inLanguage\":\"en-US\",\"potentialAction\":[{\"@type\":\"ReadAction\",\"target\":[\"https:\\\/\\\/www.biopapa.de\\\/en\\\/producte\\\/organic-long-grain-brown-rice\\\/\"]}]},{\"@type\":\"ImageObject\",\"inLanguage\":\"en-US\",\"@id\":\"https:\\\/\\\/www.biopapa.de\\\/en\\\/producte\\\/organic-long-grain-brown-rice\\\/#primaryimage\",\"url\":\"https:\\\/\\\/www.biopapa.de\\\/wp-content\\\/uploads\\\/2022\\\/05\\\/ilgagrudziai-rudieji-ryziai.jpg\",\"contentUrl\":\"https:\\\/\\\/www.biopapa.de\\\/wp-content\\\/uploads\\\/2022\\\/05\\\/ilgagrudziai-rudieji-ryziai.jpg\",\"width\":800,\"height\":640,\"caption\":\"Organic long grain brown rice\"},{\"@type\":\"BreadcrumbList\",\"@id\":\"https:\\\/\\\/www.biopapa.de\\\/en\\\/producte\\\/organic-long-grain-brown-rice\\\/#breadcrumb\",\"itemListElement\":[{\"@type\":\"ListItem\",\"position\":1,\"name\":\"Home\",\"item\":\"https:\\\/\\\/www.biopapa.de\\\/en\\\/\"},{\"@type\":\"ListItem\",\"position\":2,\"name\":\"Shop\",\"item\":\"https:\\\/\\\/www.biopapa.de\\\/en\\\/shop\\\/\"},{\"@type\":\"ListItem\",\"position\":3,\"name\":\"Organic long grain brown rice\"}]},{\"@type\":\"WebSite\",\"@id\":\"https:\\\/\\\/www.biopapa.de\\\/en\\\/#website\",\"url\":\"https:\\\/\\\/www.biopapa.de\\\/en\\\/\",\"name\":\"Biopapa\",\"description\":\"\u0160var\u016bs ekologi\u0161ki produktai\",\"publisher\":{\"@id\":\"https:\\\/\\\/www.biopapa.de\\\/en\\\/#organization\"},\"potentialAction\":[{\"@type\":\"SearchAction\",\"target\":{\"@type\":\"EntryPoint\",\"urlTemplate\":\"https:\\\/\\\/www.biopapa.de\\\/en\\\/?s={search_term_string}\"},\"query-input\":{\"@type\":\"PropertyValueSpecification\",\"valueRequired\":true,\"valueName\":\"search_term_string\"}}],\"inLanguage\":\"en-US\"},{\"@type\":\"Organization\",\"@id\":\"https:\\\/\\\/www.biopapa.de\\\/en\\\/#organization\",\"name\":\"Biopapa\",\"url\":\"https:\\\/\\\/www.biopapa.de\\\/en\\\/\",\"logo\":{\"@type\":\"ImageObject\",\"inLanguage\":\"en-US\",\"@id\":\"https:\\\/\\\/www.biopapa.de\\\/en\\\/#\\\/schema\\\/logo\\\/image\\\/\",\"url\":\"https:\\\/\\\/www.biopapa.lt\\\/wp-content\\\/uploads\\\/2022\\\/04\\\/facebook_biopapa.jpg\",\"contentUrl\":\"https:\\\/\\\/www.biopapa.lt\\\/wp-content\\\/uploads\\\/2022\\\/04\\\/facebook_biopapa.jpg\",\"width\":1733,\"height\":907,\"caption\":\"Biopapa\"},\"image\":{\"@id\":\"https:\\\/\\\/www.biopapa.de\\\/en\\\/#\\\/schema\\\/logo\\\/image\\\/\"},\"sameAs\":[\"https:\\\/\\\/www.facebook.com\\\/biopapa.lt\"]}]}<\/script>\n<!-- \/ Yoast SEO plugin. -->","yoast_head_json":{"title":"Organic long grain brown rice - Biopapa","description":"Organic long-grain brown rice has a rich, savoury nutty flavour and is an excellent base or accompaniment to a wide range of dishes.","robots":{"index":"index","follow":"follow","max-snippet":"max-snippet:-1","max-image-preview":"max-image-preview:large","max-video-preview":"max-video-preview:-1"},"canonical":"https:\/\/www.biopapa.de\/en\/producte\/organic-long-grain-brown-rice\/","og_locale":"en_US","og_type":"article","og_title":"Organic long grain brown rice - Biopapa","og_description":"Organic long-grain brown rice has a rich, savoury nutty flavour and is an excellent base or accompaniment to a wide range of dishes.","og_url":"https:\/\/www.biopapa.de\/en\/producte\/organic-long-grain-brown-rice\/","og_site_name":"Biopapa","article_publisher":"https:\/\/www.facebook.com\/biopapa.lt","article_modified_time":"2026-01-29T11:53:39+00:00","og_image":[{"width":800,"height":640,"url":"https:\/\/www.biopapa.de\/wp-content\/uploads\/2022\/05\/ilgagrudziai-rudieji-ryziai.jpg","type":"image\/jpeg"}],"twitter_card":"summary_large_image","twitter_misc":{"Est. reading time":"1 minute"},"schema":{"@context":"https:\/\/schema.org","@graph":[{"@type":"WebPage","@id":"https:\/\/www.biopapa.de\/en\/producte\/organic-long-grain-brown-rice\/","url":"https:\/\/www.biopapa.de\/en\/producte\/organic-long-grain-brown-rice\/","name":"Organic long grain brown rice - Biopapa","isPartOf":{"@id":"https:\/\/www.biopapa.de\/en\/#website"},"primaryImageOfPage":{"@id":"https:\/\/www.biopapa.de\/en\/producte\/organic-long-grain-brown-rice\/#primaryimage"},"image":{"@id":"https:\/\/www.biopapa.de\/en\/producte\/organic-long-grain-brown-rice\/#primaryimage"},"thumbnailUrl":"https:\/\/www.biopapa.de\/wp-content\/uploads\/2022\/05\/ilgagrudziai-rudieji-ryziai.jpg","datePublished":"2022-05-14T12:42:39+00:00","dateModified":"2026-01-29T11:53:39+00:00","description":"Organic long-grain brown rice has a rich, savoury nutty flavour and is an excellent base or accompaniment to a wide range of dishes.","breadcrumb":{"@id":"https:\/\/www.biopapa.de\/en\/producte\/organic-long-grain-brown-rice\/#breadcrumb"},"inLanguage":"en-US","potentialAction":[{"@type":"ReadAction","target":["https:\/\/www.biopapa.de\/en\/producte\/organic-long-grain-brown-rice\/"]}]},{"@type":"ImageObject","inLanguage":"en-US","@id":"https:\/\/www.biopapa.de\/en\/producte\/organic-long-grain-brown-rice\/#primaryimage","url":"https:\/\/www.biopapa.de\/wp-content\/uploads\/2022\/05\/ilgagrudziai-rudieji-ryziai.jpg","contentUrl":"https:\/\/www.biopapa.de\/wp-content\/uploads\/2022\/05\/ilgagrudziai-rudieji-ryziai.jpg","width":800,"height":640,"caption":"Organic long grain brown rice"},{"@type":"BreadcrumbList","@id":"https:\/\/www.biopapa.de\/en\/producte\/organic-long-grain-brown-rice\/#breadcrumb","itemListElement":[{"@type":"ListItem","position":1,"name":"Home","item":"https:\/\/www.biopapa.de\/en\/"},{"@type":"ListItem","position":2,"name":"Shop","item":"https:\/\/www.biopapa.de\/en\/shop\/"},{"@type":"ListItem","position":3,"name":"Organic long grain brown rice"}]},{"@type":"WebSite","@id":"https:\/\/www.biopapa.de\/en\/#website","url":"https:\/\/www.biopapa.de\/en\/","name":"Biopapa","description":"\u0160var\u016bs ekologi\u0161ki produktai","publisher":{"@id":"https:\/\/www.biopapa.de\/en\/#organization"},"potentialAction":[{"@type":"SearchAction","target":{"@type":"EntryPoint","urlTemplate":"https:\/\/www.biopapa.de\/en\/?s={search_term_string}"},"query-input":{"@type":"PropertyValueSpecification","valueRequired":true,"valueName":"search_term_string"}}],"inLanguage":"en-US"},{"@type":"Organization","@id":"https:\/\/www.biopapa.de\/en\/#organization","name":"Biopapa","url":"https:\/\/www.biopapa.de\/en\/","logo":{"@type":"ImageObject","inLanguage":"en-US","@id":"https:\/\/www.biopapa.de\/en\/#\/schema\/logo\/image\/","url":"https:\/\/www.biopapa.lt\/wp-content\/uploads\/2022\/04\/facebook_biopapa.jpg","contentUrl":"https:\/\/www.biopapa.lt\/wp-content\/uploads\/2022\/04\/facebook_biopapa.jpg","width":1733,"height":907,"caption":"Biopapa"},"image":{"@id":"https:\/\/www.biopapa.de\/en\/#\/schema\/logo\/image\/"},"sameAs":["https:\/\/www.facebook.com\/biopapa.lt"]}]}},"_links":{"self":[{"href":"https:\/\/www.biopapa.de\/en\/wp-json\/wp\/v2\/product\/33170","targetHints":{"allow":["GET"]}}],"collection":[{"href":"https:\/\/www.biopapa.de\/en\/wp-json\/wp\/v2\/product"}],"about":[{"href":"https:\/\/www.biopapa.de\/en\/wp-json\/wp\/v2\/types\/product"}],"wp:featuredmedia":[{"embeddable":true,"href":"https:\/\/www.biopapa.de\/en\/wp-json\/wp\/v2\/media\/29127"}],"wp:attachment":[{"href":"https:\/\/www.biopapa.de\/en\/wp-json\/wp\/v2\/media?parent=33170"}],"wp:term":[{"taxonomy":"product_brand","embeddable":true,"href":"https:\/\/www.biopapa.de\/en\/wp-json\/wp\/v2\/product_brand?post=33170"},{"taxonomy":"product_cat","embeddable":true,"href":"https:\/\/www.biopapa.de\/en\/wp-json\/wp\/v2\/product_cat?post=33170"},{"taxonomy":"product_tag","embeddable":true,"href":"https:\/\/www.biopapa.de\/en\/wp-json\/wp\/v2\/product_tag?post=33170"}],"curies":[{"name":"wp","href":"https:\/\/api.w.org\/{rel}","templated":true}]}}