{"id":33178,"date":"2022-05-14T14:15:00","date_gmt":"2022-05-14T11:15:00","guid":{"rendered":"https:\/\/www.biopapa.lt\/produktas\/organic-brown-lentils\/"},"modified":"2025-03-20T13:27:24","modified_gmt":"2025-03-20T11:27:24","slug":"organic-brown-lentils","status":"publish","type":"product","link":"https:\/\/www.biopapa.de\/en\/producte\/organic-brown-lentils\/","title":{"rendered":"Organic brown lentils"},"content":{"rendered":"<p><strong>Organic brown lentils<\/strong><br \/>\nBrown lentils have been used as a food for thousands of years and originate from the Middle East and the Mediterranean.<br \/>\nThey are an excellent source of vegetable protein, as well as rich in fibre and minerals, and therefore support digestive health.<br \/>\nThanks to their versatility, they are used in soups, stews, salads and curries, imparting a rich, earthy flavour and cooking quickly. They are often used in vegetarian p\u00e2t\u00e9s and breads.<\/p>\n<p>First wash them well under running water to remove any dirt that may occur.<br \/>\nAlthough the preparation of brown lentils does not require soaking, 1-2 hours of soaking may be necessary. soaking would speed up the preparation process. Soaking before cooking will reduce the cooking time of the lentils and ease digestion by breaking down compounds that cause bloating. It will also help to remove impurities and improve nutrient absorption. Soaking ensures a better texture and more even cooking.<br \/>\nAdd three parts water to one part lentils to a saucepan, bring to the boil and reduce the heat. Cook for about 20-30 minutes until the lentils are soft but hold their shape. If you want a creamy consistency, cook for longer, stirring frequently. The cooking time depends on the dish you are using the lentils for.<br \/>\nAdd salt only at the end of cooking to prevent the lentils from becoming tough.<\/p>\n<p>The usual recommended daily serving is \u00bd-1 cup of cooked lentils to get the maximum benefit without overloading the body with fibre, which can cause bloating in some people.<\/p>\n<p><em>NOTE. The information contained herein should not be construed as a recommendation for treatment or other health issues. We encourage you to make personal decisions about your personal health, taking into account a wide range of sources of information.<\/em><\/p>\n","protected":false},"excerpt":{"rendered":"<p>Organic brown lentils Brown lentils have been used as a food for thousands of years and originate from the Middle<\/p>\n","protected":false},"featured_media":29129,"template":"","meta":{"_acf_changed":false},"product_brand":[],"product_cat":[1978,1855],"product_tag":[2030,2088],"class_list":{"0":"post-33178","1":"product","2":"type-product","3":"status-publish","4":"has-post-thumbnail","6":"product_cat-legumes","7":"product_cat-organic-grains-and-legumes","8":"product_tag-a-source-of-protein","9":"product_tag-vegan","10":"pa_svoris-1-kg-en","11":"pa_svoris-100-g-en-2","12":"pa_svoris-200-g-en","13":"pa_svoris-25-kg-en","14":"pa_svoris-300-g-en","15":"pa_svoris-400-g-en","16":"pa_svoris-500-g-en-2","18":"first","19":"instock","20":"shipping-taxable","21":"purchasable","22":"product-type-variable"},"acf":[],"yoast_head":"<!-- This site is optimized with the Yoast SEO plugin v27.4 - https:\/\/yoast.com\/product\/yoast-seo-wordpress\/ -->\n<title>Organic brown lentils - Biopapa<\/title>\n<meta name=\"description\" content=\"Organic brown lentils are an excellent source of vegetable protein, as well as rich in fibre and minerals, supporting digestive health.\" \/>\n<meta name=\"robots\" content=\"index, follow, max-snippet:-1, max-image-preview:large, max-video-preview:-1\" \/>\n<link rel=\"canonical\" href=\"https:\/\/www.biopapa.de\/en\/producte\/organic-brown-lentils\/\" \/>\n<meta property=\"og:locale\" content=\"en_US\" \/>\n<meta property=\"og:type\" content=\"article\" \/>\n<meta property=\"og:title\" content=\"Organic brown lentils - Biopapa\" \/>\n<meta property=\"og:description\" content=\"Organic brown lentils are an excellent source of vegetable protein, as well as rich in fibre and minerals, supporting digestive health.\" \/>\n<meta property=\"og:url\" content=\"https:\/\/www.biopapa.de\/en\/producte\/organic-brown-lentils\/\" \/>\n<meta property=\"og:site_name\" content=\"Biopapa\" \/>\n<meta property=\"article:publisher\" content=\"https:\/\/www.facebook.com\/biopapa.lt\" \/>\n<meta property=\"article:modified_time\" content=\"2025-03-20T11:27:24+00:00\" \/>\n<meta property=\"og:image\" content=\"https:\/\/www.biopapa.de\/wp-content\/uploads\/2022\/05\/rudieji-lesiai.jpg\" \/>\n\t<meta property=\"og:image:width\" content=\"800\" \/>\n\t<meta property=\"og:image:height\" content=\"640\" \/>\n\t<meta property=\"og:image:type\" content=\"image\/jpeg\" \/>\n<meta name=\"twitter:card\" content=\"summary_large_image\" \/>\n<meta name=\"twitter:label1\" content=\"Est. reading time\" \/>\n\t<meta name=\"twitter:data1\" content=\"1 minute\" \/>\n<script type=\"application\/ld+json\" class=\"yoast-schema-graph\">{\"@context\":\"https:\\\/\\\/schema.org\",\"@graph\":[{\"@type\":\"WebPage\",\"@id\":\"https:\\\/\\\/www.biopapa.de\\\/en\\\/producte\\\/organic-brown-lentils\\\/\",\"url\":\"https:\\\/\\\/www.biopapa.de\\\/en\\\/producte\\\/organic-brown-lentils\\\/\",\"name\":\"Organic brown lentils - Biopapa\",\"isPartOf\":{\"@id\":\"https:\\\/\\\/www.biopapa.de\\\/en\\\/#website\"},\"primaryImageOfPage\":{\"@id\":\"https:\\\/\\\/www.biopapa.de\\\/en\\\/producte\\\/organic-brown-lentils\\\/#primaryimage\"},\"image\":{\"@id\":\"https:\\\/\\\/www.biopapa.de\\\/en\\\/producte\\\/organic-brown-lentils\\\/#primaryimage\"},\"thumbnailUrl\":\"https:\\\/\\\/www.biopapa.de\\\/wp-content\\\/uploads\\\/2022\\\/05\\\/rudieji-lesiai.jpg\",\"datePublished\":\"2022-05-14T11:15:00+00:00\",\"dateModified\":\"2025-03-20T11:27:24+00:00\",\"description\":\"Organic brown lentils are an excellent source of vegetable protein, as well as rich in fibre and minerals, supporting digestive health.\",\"breadcrumb\":{\"@id\":\"https:\\\/\\\/www.biopapa.de\\\/en\\\/producte\\\/organic-brown-lentils\\\/#breadcrumb\"},\"inLanguage\":\"en-US\",\"potentialAction\":[{\"@type\":\"ReadAction\",\"target\":[\"https:\\\/\\\/www.biopapa.de\\\/en\\\/producte\\\/organic-brown-lentils\\\/\"]}]},{\"@type\":\"ImageObject\",\"inLanguage\":\"en-US\",\"@id\":\"https:\\\/\\\/www.biopapa.de\\\/en\\\/producte\\\/organic-brown-lentils\\\/#primaryimage\",\"url\":\"https:\\\/\\\/www.biopapa.de\\\/wp-content\\\/uploads\\\/2022\\\/05\\\/rudieji-lesiai.jpg\",\"contentUrl\":\"https:\\\/\\\/www.biopapa.de\\\/wp-content\\\/uploads\\\/2022\\\/05\\\/rudieji-lesiai.jpg\",\"width\":800,\"height\":640,\"caption\":\"Organic brown lentils\"},{\"@type\":\"BreadcrumbList\",\"@id\":\"https:\\\/\\\/www.biopapa.de\\\/en\\\/producte\\\/organic-brown-lentils\\\/#breadcrumb\",\"itemListElement\":[{\"@type\":\"ListItem\",\"position\":1,\"name\":\"Home\",\"item\":\"https:\\\/\\\/www.biopapa.de\\\/en\\\/\"},{\"@type\":\"ListItem\",\"position\":2,\"name\":\"Shop\",\"item\":\"https:\\\/\\\/www.biopapa.de\\\/en\\\/shop\\\/\"},{\"@type\":\"ListItem\",\"position\":3,\"name\":\"Organic brown lentils\"}]},{\"@type\":\"WebSite\",\"@id\":\"https:\\\/\\\/www.biopapa.de\\\/en\\\/#website\",\"url\":\"https:\\\/\\\/www.biopapa.de\\\/en\\\/\",\"name\":\"Biopapa\",\"description\":\"\u0160var\u016bs ekologi\u0161ki produktai\",\"publisher\":{\"@id\":\"https:\\\/\\\/www.biopapa.de\\\/en\\\/#organization\"},\"potentialAction\":[{\"@type\":\"SearchAction\",\"target\":{\"@type\":\"EntryPoint\",\"urlTemplate\":\"https:\\\/\\\/www.biopapa.de\\\/en\\\/?s={search_term_string}\"},\"query-input\":{\"@type\":\"PropertyValueSpecification\",\"valueRequired\":true,\"valueName\":\"search_term_string\"}}],\"inLanguage\":\"en-US\"},{\"@type\":\"Organization\",\"@id\":\"https:\\\/\\\/www.biopapa.de\\\/en\\\/#organization\",\"name\":\"Biopapa\",\"url\":\"https:\\\/\\\/www.biopapa.de\\\/en\\\/\",\"logo\":{\"@type\":\"ImageObject\",\"inLanguage\":\"en-US\",\"@id\":\"https:\\\/\\\/www.biopapa.de\\\/en\\\/#\\\/schema\\\/logo\\\/image\\\/\",\"url\":\"https:\\\/\\\/www.biopapa.lt\\\/wp-content\\\/uploads\\\/2022\\\/04\\\/facebook_biopapa.jpg\",\"contentUrl\":\"https:\\\/\\\/www.biopapa.lt\\\/wp-content\\\/uploads\\\/2022\\\/04\\\/facebook_biopapa.jpg\",\"width\":1733,\"height\":907,\"caption\":\"Biopapa\"},\"image\":{\"@id\":\"https:\\\/\\\/www.biopapa.de\\\/en\\\/#\\\/schema\\\/logo\\\/image\\\/\"},\"sameAs\":[\"https:\\\/\\\/www.facebook.com\\\/biopapa.lt\"]}]}<\/script>\n<!-- \/ Yoast SEO plugin. -->","yoast_head_json":{"title":"Organic brown lentils - Biopapa","description":"Organic brown lentils are an excellent source of vegetable protein, as well as rich in fibre and minerals, supporting digestive health.","robots":{"index":"index","follow":"follow","max-snippet":"max-snippet:-1","max-image-preview":"max-image-preview:large","max-video-preview":"max-video-preview:-1"},"canonical":"https:\/\/www.biopapa.de\/en\/producte\/organic-brown-lentils\/","og_locale":"en_US","og_type":"article","og_title":"Organic brown lentils - Biopapa","og_description":"Organic brown lentils are an excellent source of vegetable protein, as well as rich in fibre and minerals, supporting digestive health.","og_url":"https:\/\/www.biopapa.de\/en\/producte\/organic-brown-lentils\/","og_site_name":"Biopapa","article_publisher":"https:\/\/www.facebook.com\/biopapa.lt","article_modified_time":"2025-03-20T11:27:24+00:00","og_image":[{"width":800,"height":640,"url":"https:\/\/www.biopapa.de\/wp-content\/uploads\/2022\/05\/rudieji-lesiai.jpg","type":"image\/jpeg"}],"twitter_card":"summary_large_image","twitter_misc":{"Est. reading time":"1 minute"},"schema":{"@context":"https:\/\/schema.org","@graph":[{"@type":"WebPage","@id":"https:\/\/www.biopapa.de\/en\/producte\/organic-brown-lentils\/","url":"https:\/\/www.biopapa.de\/en\/producte\/organic-brown-lentils\/","name":"Organic brown lentils - Biopapa","isPartOf":{"@id":"https:\/\/www.biopapa.de\/en\/#website"},"primaryImageOfPage":{"@id":"https:\/\/www.biopapa.de\/en\/producte\/organic-brown-lentils\/#primaryimage"},"image":{"@id":"https:\/\/www.biopapa.de\/en\/producte\/organic-brown-lentils\/#primaryimage"},"thumbnailUrl":"https:\/\/www.biopapa.de\/wp-content\/uploads\/2022\/05\/rudieji-lesiai.jpg","datePublished":"2022-05-14T11:15:00+00:00","dateModified":"2025-03-20T11:27:24+00:00","description":"Organic brown lentils are an excellent source of vegetable protein, as well as rich in fibre and minerals, supporting digestive health.","breadcrumb":{"@id":"https:\/\/www.biopapa.de\/en\/producte\/organic-brown-lentils\/#breadcrumb"},"inLanguage":"en-US","potentialAction":[{"@type":"ReadAction","target":["https:\/\/www.biopapa.de\/en\/producte\/organic-brown-lentils\/"]}]},{"@type":"ImageObject","inLanguage":"en-US","@id":"https:\/\/www.biopapa.de\/en\/producte\/organic-brown-lentils\/#primaryimage","url":"https:\/\/www.biopapa.de\/wp-content\/uploads\/2022\/05\/rudieji-lesiai.jpg","contentUrl":"https:\/\/www.biopapa.de\/wp-content\/uploads\/2022\/05\/rudieji-lesiai.jpg","width":800,"height":640,"caption":"Organic brown lentils"},{"@type":"BreadcrumbList","@id":"https:\/\/www.biopapa.de\/en\/producte\/organic-brown-lentils\/#breadcrumb","itemListElement":[{"@type":"ListItem","position":1,"name":"Home","item":"https:\/\/www.biopapa.de\/en\/"},{"@type":"ListItem","position":2,"name":"Shop","item":"https:\/\/www.biopapa.de\/en\/shop\/"},{"@type":"ListItem","position":3,"name":"Organic brown lentils"}]},{"@type":"WebSite","@id":"https:\/\/www.biopapa.de\/en\/#website","url":"https:\/\/www.biopapa.de\/en\/","name":"Biopapa","description":"\u0160var\u016bs ekologi\u0161ki produktai","publisher":{"@id":"https:\/\/www.biopapa.de\/en\/#organization"},"potentialAction":[{"@type":"SearchAction","target":{"@type":"EntryPoint","urlTemplate":"https:\/\/www.biopapa.de\/en\/?s={search_term_string}"},"query-input":{"@type":"PropertyValueSpecification","valueRequired":true,"valueName":"search_term_string"}}],"inLanguage":"en-US"},{"@type":"Organization","@id":"https:\/\/www.biopapa.de\/en\/#organization","name":"Biopapa","url":"https:\/\/www.biopapa.de\/en\/","logo":{"@type":"ImageObject","inLanguage":"en-US","@id":"https:\/\/www.biopapa.de\/en\/#\/schema\/logo\/image\/","url":"https:\/\/www.biopapa.lt\/wp-content\/uploads\/2022\/04\/facebook_biopapa.jpg","contentUrl":"https:\/\/www.biopapa.lt\/wp-content\/uploads\/2022\/04\/facebook_biopapa.jpg","width":1733,"height":907,"caption":"Biopapa"},"image":{"@id":"https:\/\/www.biopapa.de\/en\/#\/schema\/logo\/image\/"},"sameAs":["https:\/\/www.facebook.com\/biopapa.lt"]}]}},"_links":{"self":[{"href":"https:\/\/www.biopapa.de\/en\/wp-json\/wp\/v2\/product\/33178","targetHints":{"allow":["GET"]}}],"collection":[{"href":"https:\/\/www.biopapa.de\/en\/wp-json\/wp\/v2\/product"}],"about":[{"href":"https:\/\/www.biopapa.de\/en\/wp-json\/wp\/v2\/types\/product"}],"wp:featuredmedia":[{"embeddable":true,"href":"https:\/\/www.biopapa.de\/en\/wp-json\/wp\/v2\/media\/29129"}],"wp:attachment":[{"href":"https:\/\/www.biopapa.de\/en\/wp-json\/wp\/v2\/media?parent=33178"}],"wp:term":[{"taxonomy":"product_brand","embeddable":true,"href":"https:\/\/www.biopapa.de\/en\/wp-json\/wp\/v2\/product_brand?post=33178"},{"taxonomy":"product_cat","embeddable":true,"href":"https:\/\/www.biopapa.de\/en\/wp-json\/wp\/v2\/product_cat?post=33178"},{"taxonomy":"product_tag","embeddable":true,"href":"https:\/\/www.biopapa.de\/en\/wp-json\/wp\/v2\/product_tag?post=33178"}],"curies":[{"name":"wp","href":"https:\/\/api.w.org\/{rel}","templated":true}]}}