{"id":33395,"date":"2021-08-03T19:16:02","date_gmt":"2021-08-03T16:16:02","guid":{"rendered":"https:\/\/www.biopapa.lt\/produktas\/organic-buckwheat-groats-heat-treated\/"},"modified":"2026-02-04T09:40:55","modified_gmt":"2026-02-04T07:40:55","slug":"organic-buckwheat-thermally-treated","status":"publish","type":"product","link":"https:\/\/www.biopapa.de\/en\/producte\/organic-buckwheat-thermally-treated\/","title":{"rendered":"Organic buckwheat groats (heat-treated)"},"content":{"rendered":"<p>WHAT MAKES BUCKWHEAT SPECIAL? Buckwheat is considered to be one of the most useful food crops on earth. It contains more minerals than most other grain crops. Buckwheat is high in fibre.<\/p>\n<p>VERSATILE PRODUCT. Buckwheat groats can be used in a variety of ways: as porridge, as a side dish, or for stir-frying meatballs. Buckwheat groats can be added to soup or used as a garnish for salads.<\/p>\n<p>WHOLEMEAL CEREALS. The fibre in buckwheat is released over a long period of time and gives a longer lasting feeling of satiety compared to wheat or oats. Buckwheat has a lower glycaemic index, which means it does not cause large fluctuations in blood sugar levels.<\/p>\n<p>Preparation method: after rinsing, cook for about 15 min.<\/p>\n","protected":false},"excerpt":{"rendered":"<p>WHAT MAKES BUCKWHEAT SPECIAL? Buckwheat is considered to be one of the most useful food crops on earth. It contains<\/p>\n","protected":false},"featured_media":28603,"template":"","meta":{"_acf_changed":false},"product_brand":[],"product_cat":[1855],"product_tag":[2046,2088],"class_list":{"0":"post-33395","1":"product","2":"type-product","3":"status-publish","4":"has-post-thumbnail","6":"product_cat-organic-grains-and-legumes","7":"product_tag-gluten-alternative","8":"product_tag-vegan","9":"pa_svoris-100-g-en-2","10":"pa_svoris-200-g-en","11":"pa_svoris-300-g-en","12":"pa_svoris-400-g-en","13":"pa_svoris-500-g-en-2","14":"pa_svoris-1-kg-en","15":"pa_svoris-25-kg-en","17":"first","18":"instock","19":"shipping-taxable","20":"purchasable","21":"product-type-variable"},"acf":[],"yoast_head":"<!-- This site is optimized with the Yoast SEO plugin v27.5 - https:\/\/yoast.com\/product\/yoast-seo-wordpress\/ -->\n<title>Organic buckwheat groats (heat-treated) - Biopapa<\/title>\n<meta name=\"description\" content=\"Buckwheat is considered to be one of the most useful food crops on earth. It contains more minerals than most other grain crops.\" \/>\n<meta name=\"robots\" content=\"index, follow, max-snippet:-1, max-image-preview:large, max-video-preview:-1\" \/>\n<link rel=\"canonical\" href=\"https:\/\/www.biopapa.de\/en\/producte\/organic-buckwheat-thermally-treated\/\" \/>\n<meta property=\"og:locale\" content=\"en_US\" \/>\n<meta property=\"og:type\" content=\"article\" \/>\n<meta property=\"og:title\" content=\"Organic buckwheat groats (heat-treated) - Biopapa\" \/>\n<meta property=\"og:description\" content=\"Buckwheat is considered to be one of the most useful food crops on earth. It contains more minerals than most other grain crops.\" \/>\n<meta property=\"og:url\" content=\"https:\/\/www.biopapa.de\/en\/producte\/organic-buckwheat-thermally-treated\/\" \/>\n<meta property=\"og:site_name\" content=\"Biopapa\" \/>\n<meta property=\"article:publisher\" content=\"https:\/\/www.facebook.com\/biopapa.lt\" \/>\n<meta property=\"article:modified_time\" content=\"2026-02-04T07:40:55+00:00\" \/>\n<meta property=\"og:image\" content=\"https:\/\/www.biopapa.de\/wp-content\/uploads\/2021\/08\/779A1448.jpg\" \/>\n\t<meta property=\"og:image:width\" content=\"800\" \/>\n\t<meta property=\"og:image:height\" content=\"640\" \/>\n\t<meta property=\"og:image:type\" content=\"image\/jpeg\" \/>\n<meta name=\"twitter:card\" content=\"summary_large_image\" \/>\n<meta name=\"twitter:label1\" content=\"Est. reading time\" \/>\n\t<meta name=\"twitter:data1\" content=\"1 minute\" \/>\n<script type=\"application\/ld+json\" class=\"yoast-schema-graph\">{\"@context\":\"https:\\\/\\\/schema.org\",\"@graph\":[{\"@type\":\"WebPage\",\"@id\":\"https:\\\/\\\/www.biopapa.de\\\/en\\\/producte\\\/organic-buckwheat-thermally-treated\\\/\",\"url\":\"https:\\\/\\\/www.biopapa.de\\\/en\\\/producte\\\/organic-buckwheat-thermally-treated\\\/\",\"name\":\"Organic buckwheat groats (heat-treated) - Biopapa\",\"isPartOf\":{\"@id\":\"https:\\\/\\\/www.biopapa.de\\\/en\\\/#website\"},\"primaryImageOfPage\":{\"@id\":\"https:\\\/\\\/www.biopapa.de\\\/en\\\/producte\\\/organic-buckwheat-thermally-treated\\\/#primaryimage\"},\"image\":{\"@id\":\"https:\\\/\\\/www.biopapa.de\\\/en\\\/producte\\\/organic-buckwheat-thermally-treated\\\/#primaryimage\"},\"thumbnailUrl\":\"https:\\\/\\\/www.biopapa.de\\\/wp-content\\\/uploads\\\/2021\\\/08\\\/779A1448.jpg\",\"datePublished\":\"2021-08-03T16:16:02+00:00\",\"dateModified\":\"2026-02-04T07:40:55+00:00\",\"description\":\"Buckwheat is considered to be one of the most useful food crops on earth. It contains more minerals than most other grain crops.\",\"breadcrumb\":{\"@id\":\"https:\\\/\\\/www.biopapa.de\\\/en\\\/producte\\\/organic-buckwheat-thermally-treated\\\/#breadcrumb\"},\"inLanguage\":\"en-US\",\"potentialAction\":[{\"@type\":\"ReadAction\",\"target\":[\"https:\\\/\\\/www.biopapa.de\\\/en\\\/producte\\\/organic-buckwheat-thermally-treated\\\/\"]}]},{\"@type\":\"ImageObject\",\"inLanguage\":\"en-US\",\"@id\":\"https:\\\/\\\/www.biopapa.de\\\/en\\\/producte\\\/organic-buckwheat-thermally-treated\\\/#primaryimage\",\"url\":\"https:\\\/\\\/www.biopapa.de\\\/wp-content\\\/uploads\\\/2021\\\/08\\\/779A1448.jpg\",\"contentUrl\":\"https:\\\/\\\/www.biopapa.de\\\/wp-content\\\/uploads\\\/2021\\\/08\\\/779A1448.jpg\",\"width\":800,\"height\":640,\"caption\":\"Organic buckwheat groats (heat-treated)\"},{\"@type\":\"BreadcrumbList\",\"@id\":\"https:\\\/\\\/www.biopapa.de\\\/en\\\/producte\\\/organic-buckwheat-thermally-treated\\\/#breadcrumb\",\"itemListElement\":[{\"@type\":\"ListItem\",\"position\":1,\"name\":\"Home\",\"item\":\"https:\\\/\\\/www.biopapa.de\\\/en\\\/\"},{\"@type\":\"ListItem\",\"position\":2,\"name\":\"Shop\",\"item\":\"https:\\\/\\\/www.biopapa.de\\\/en\\\/shop\\\/\"},{\"@type\":\"ListItem\",\"position\":3,\"name\":\"Organic buckwheat groats (heat-treated)\"}]},{\"@type\":\"WebSite\",\"@id\":\"https:\\\/\\\/www.biopapa.de\\\/en\\\/#website\",\"url\":\"https:\\\/\\\/www.biopapa.de\\\/en\\\/\",\"name\":\"Biopapa\",\"description\":\"\u0160var\u016bs ekologi\u0161ki produktai\",\"publisher\":{\"@id\":\"https:\\\/\\\/www.biopapa.de\\\/en\\\/#organization\"},\"potentialAction\":[{\"@type\":\"SearchAction\",\"target\":{\"@type\":\"EntryPoint\",\"urlTemplate\":\"https:\\\/\\\/www.biopapa.de\\\/en\\\/?s={search_term_string}\"},\"query-input\":{\"@type\":\"PropertyValueSpecification\",\"valueRequired\":true,\"valueName\":\"search_term_string\"}}],\"inLanguage\":\"en-US\"},{\"@type\":\"Organization\",\"@id\":\"https:\\\/\\\/www.biopapa.de\\\/en\\\/#organization\",\"name\":\"Biopapa\",\"url\":\"https:\\\/\\\/www.biopapa.de\\\/en\\\/\",\"logo\":{\"@type\":\"ImageObject\",\"inLanguage\":\"en-US\",\"@id\":\"https:\\\/\\\/www.biopapa.de\\\/en\\\/#\\\/schema\\\/logo\\\/image\\\/\",\"url\":\"https:\\\/\\\/www.biopapa.lt\\\/wp-content\\\/uploads\\\/2022\\\/04\\\/facebook_biopapa.jpg\",\"contentUrl\":\"https:\\\/\\\/www.biopapa.lt\\\/wp-content\\\/uploads\\\/2022\\\/04\\\/facebook_biopapa.jpg\",\"width\":1733,\"height\":907,\"caption\":\"Biopapa\"},\"image\":{\"@id\":\"https:\\\/\\\/www.biopapa.de\\\/en\\\/#\\\/schema\\\/logo\\\/image\\\/\"},\"sameAs\":[\"https:\\\/\\\/www.facebook.com\\\/biopapa.lt\"]}]}<\/script>\n<!-- \/ Yoast SEO plugin. -->","yoast_head_json":{"title":"Organic buckwheat groats (heat-treated) - Biopapa","description":"Buckwheat is considered to be one of the most useful food crops on earth. It contains more minerals than most other grain crops.","robots":{"index":"index","follow":"follow","max-snippet":"max-snippet:-1","max-image-preview":"max-image-preview:large","max-video-preview":"max-video-preview:-1"},"canonical":"https:\/\/www.biopapa.de\/en\/producte\/organic-buckwheat-thermally-treated\/","og_locale":"en_US","og_type":"article","og_title":"Organic buckwheat groats (heat-treated) - Biopapa","og_description":"Buckwheat is considered to be one of the most useful food crops on earth. It contains more minerals than most other grain crops.","og_url":"https:\/\/www.biopapa.de\/en\/producte\/organic-buckwheat-thermally-treated\/","og_site_name":"Biopapa","article_publisher":"https:\/\/www.facebook.com\/biopapa.lt","article_modified_time":"2026-02-04T07:40:55+00:00","og_image":[{"width":800,"height":640,"url":"https:\/\/www.biopapa.de\/wp-content\/uploads\/2021\/08\/779A1448.jpg","type":"image\/jpeg"}],"twitter_card":"summary_large_image","twitter_misc":{"Est. reading time":"1 minute"},"schema":{"@context":"https:\/\/schema.org","@graph":[{"@type":"WebPage","@id":"https:\/\/www.biopapa.de\/en\/producte\/organic-buckwheat-thermally-treated\/","url":"https:\/\/www.biopapa.de\/en\/producte\/organic-buckwheat-thermally-treated\/","name":"Organic buckwheat groats (heat-treated) - Biopapa","isPartOf":{"@id":"https:\/\/www.biopapa.de\/en\/#website"},"primaryImageOfPage":{"@id":"https:\/\/www.biopapa.de\/en\/producte\/organic-buckwheat-thermally-treated\/#primaryimage"},"image":{"@id":"https:\/\/www.biopapa.de\/en\/producte\/organic-buckwheat-thermally-treated\/#primaryimage"},"thumbnailUrl":"https:\/\/www.biopapa.de\/wp-content\/uploads\/2021\/08\/779A1448.jpg","datePublished":"2021-08-03T16:16:02+00:00","dateModified":"2026-02-04T07:40:55+00:00","description":"Buckwheat is considered to be one of the most useful food crops on earth. It contains more minerals than most other grain crops.","breadcrumb":{"@id":"https:\/\/www.biopapa.de\/en\/producte\/organic-buckwheat-thermally-treated\/#breadcrumb"},"inLanguage":"en-US","potentialAction":[{"@type":"ReadAction","target":["https:\/\/www.biopapa.de\/en\/producte\/organic-buckwheat-thermally-treated\/"]}]},{"@type":"ImageObject","inLanguage":"en-US","@id":"https:\/\/www.biopapa.de\/en\/producte\/organic-buckwheat-thermally-treated\/#primaryimage","url":"https:\/\/www.biopapa.de\/wp-content\/uploads\/2021\/08\/779A1448.jpg","contentUrl":"https:\/\/www.biopapa.de\/wp-content\/uploads\/2021\/08\/779A1448.jpg","width":800,"height":640,"caption":"Organic buckwheat groats (heat-treated)"},{"@type":"BreadcrumbList","@id":"https:\/\/www.biopapa.de\/en\/producte\/organic-buckwheat-thermally-treated\/#breadcrumb","itemListElement":[{"@type":"ListItem","position":1,"name":"Home","item":"https:\/\/www.biopapa.de\/en\/"},{"@type":"ListItem","position":2,"name":"Shop","item":"https:\/\/www.biopapa.de\/en\/shop\/"},{"@type":"ListItem","position":3,"name":"Organic buckwheat groats (heat-treated)"}]},{"@type":"WebSite","@id":"https:\/\/www.biopapa.de\/en\/#website","url":"https:\/\/www.biopapa.de\/en\/","name":"Biopapa","description":"\u0160var\u016bs ekologi\u0161ki produktai","publisher":{"@id":"https:\/\/www.biopapa.de\/en\/#organization"},"potentialAction":[{"@type":"SearchAction","target":{"@type":"EntryPoint","urlTemplate":"https:\/\/www.biopapa.de\/en\/?s={search_term_string}"},"query-input":{"@type":"PropertyValueSpecification","valueRequired":true,"valueName":"search_term_string"}}],"inLanguage":"en-US"},{"@type":"Organization","@id":"https:\/\/www.biopapa.de\/en\/#organization","name":"Biopapa","url":"https:\/\/www.biopapa.de\/en\/","logo":{"@type":"ImageObject","inLanguage":"en-US","@id":"https:\/\/www.biopapa.de\/en\/#\/schema\/logo\/image\/","url":"https:\/\/www.biopapa.lt\/wp-content\/uploads\/2022\/04\/facebook_biopapa.jpg","contentUrl":"https:\/\/www.biopapa.lt\/wp-content\/uploads\/2022\/04\/facebook_biopapa.jpg","width":1733,"height":907,"caption":"Biopapa"},"image":{"@id":"https:\/\/www.biopapa.de\/en\/#\/schema\/logo\/image\/"},"sameAs":["https:\/\/www.facebook.com\/biopapa.lt"]}]}},"_links":{"self":[{"href":"https:\/\/www.biopapa.de\/en\/wp-json\/wp\/v2\/product\/33395","targetHints":{"allow":["GET"]}}],"collection":[{"href":"https:\/\/www.biopapa.de\/en\/wp-json\/wp\/v2\/product"}],"about":[{"href":"https:\/\/www.biopapa.de\/en\/wp-json\/wp\/v2\/types\/product"}],"wp:featuredmedia":[{"embeddable":true,"href":"https:\/\/www.biopapa.de\/en\/wp-json\/wp\/v2\/media\/28603"}],"wp:attachment":[{"href":"https:\/\/www.biopapa.de\/en\/wp-json\/wp\/v2\/media?parent=33395"}],"wp:term":[{"taxonomy":"product_brand","embeddable":true,"href":"https:\/\/www.biopapa.de\/en\/wp-json\/wp\/v2\/product_brand?post=33395"},{"taxonomy":"product_cat","embeddable":true,"href":"https:\/\/www.biopapa.de\/en\/wp-json\/wp\/v2\/product_cat?post=33395"},{"taxonomy":"product_tag","embeddable":true,"href":"https:\/\/www.biopapa.de\/en\/wp-json\/wp\/v2\/product_tag?post=33395"}],"curies":[{"name":"wp","href":"https:\/\/api.w.org\/{rel}","templated":true}]}}