{"id":33429,"date":"2023-01-05T17:40:02","date_gmt":"2023-01-05T15:40:02","guid":{"rendered":"https:\/\/www.biopapa.lt\/produktas\/organic-star-anise\/"},"modified":"2023-11-09T15:06:23","modified_gmt":"2023-11-09T13:06:23","slug":"organic-star-anise","status":"publish","type":"product","link":"https:\/\/www.biopapa.de\/en\/producte\/organic-star-anise\/","title":{"rendered":"Organic star anise"},"content":{"rendered":"<p><strong>Organic star anise <\/strong>, with its distinctive shape and flavour, is fast becoming one of the world&#8217;s most sought-after spices, especially for its potential health benefits. Its relative availability and price make it an excellent choice for culinary and medical applications worldwide.<\/p>\n<p><em>What is star anise?<\/em><br \/>\nStar anise is actually the hardened fruit of a tree known scientifically as <em>Illicium verum<\/em>. This hardened fruit, which originates from Southeast Asia and parts of China, is often ground into a powder that is used as a spice in certain products and dishes. This star has been used for thousands of years in cooking and traditional medicine. The name star anise is a combination of its anise-like shape and taste. Although the plants are not related, the anethole in both plants imparts the distinctive flavour of liquorice, which is why it is so popular in cooking. The most popular spices containing star anise are the Chinese <em>&#8216;5 spice blend<\/em> &#8216; and the Indian <em>&#8216;Garam masala&#8217;.<\/em><br \/>\nThis star-shaped spice is highly sought after for its active chemical compounds, especially those found in star anise oil. This star also contains a compound called shikimic acid, which is a very important part of anti-flu medicines around the world. The extraction and processing of this acid takes a whole year, so the price of star anise is mainly driven by the global demand for anti-flu medicines.<\/p>\n<p><em>Star anise facts<\/em><br \/>\nStar anise is rich in antioxidants such as linalool, quercetin, thymol, terpineol, caffeic acid, anethole, kaempferol and coumaric acid, as well as high levels of iron. In addition, it has lower levels of vitamin C, calcium, potassium and magnesium. Other active compounds and organic acids, such as shikimic acid, fats and dietary fibre, also give star anise additional health benefits.<br \/>\nThe calorie count of star anise is also quite low &#8211; only 23 calories per tablespoon.<\/p>\n<p><em>Use of<\/em><br \/>\nOrganic star anise is used in desserts, cakes, compotes and tea.<\/p>\n<p><em>Star anise tea<\/em><br \/>\nStar anise tea is produced all over the world as a reliable remedy for many respiratory diseases, gastrointestinal disorders and hormone imbalances. The tea is easy to prepare and delicious!<br \/>\nIngredients:<br \/>\n300 ml of water<br \/>\n2 star anise<br \/>\nSweetener to taste<br \/>\nInstructions:<br \/>\nBring the water to the boil in a small saucepan or kettle<br \/>\nAniseed fruit in water<br \/>\nCook on low heat for 10-15 minutes.<br \/>\nRemove the aniseed and sweeten to taste.<br \/>\nServe hot and drink 2-3 times a day for best effect.<\/p>\n<p><em>NOTE. The information contained herein should not be construed as a recommendation for treatment or other health issues. We encourage you to make personal decisions about your personal health, taking into account a wide range of sources of information. <\/em><\/p>\n","protected":false},"excerpt":{"rendered":"<p>Organic star anise , with its distinctive shape and flavour, is fast becoming one of the world&#8217;s most sought-after spices,<\/p>\n","protected":false},"featured_media":29803,"template":"","meta":{"_acf_changed":false},"product_brand":[],"product_cat":[1853],"product_tag":[2092,2088],"class_list":{"0":"post-33429","1":"product","2":"type-product","3":"status-publish","4":"has-post-thumbnail","6":"product_cat-organic-spices","7":"product_tag-raw-diet","8":"product_tag-vegan","9":"pa_svoris-1-kg-en","10":"pa_svoris-100-g-en-2","11":"pa_svoris-200-g-en","12":"pa_svoris-30-g-en","13":"pa_svoris-300-g-en","14":"pa_svoris-4-kg","15":"pa_svoris-400-g-en","16":"pa_svoris-50-g-en","17":"pa_svoris-500-g-en-2","19":"first","20":"instock","21":"shipping-taxable","22":"purchasable","23":"product-type-variable"},"acf":[],"yoast_head":"<!-- This site is optimized with the Yoast SEO plugin v27.4 - https:\/\/yoast.com\/product\/yoast-seo-wordpress\/ -->\n<title>Organic star anise - Biopapa<\/title>\n<meta name=\"description\" content=\"Organic star anise , with its distinctive shape and flavour, is fast becoming one of the world&#039;s most sought-after spices, especially for its potential health benefits.\" \/>\n<meta name=\"robots\" content=\"index, follow, max-snippet:-1, max-image-preview:large, max-video-preview:-1\" \/>\n<link rel=\"canonical\" href=\"https:\/\/www.biopapa.de\/en\/producte\/organic-star-anise\/\" \/>\n<meta property=\"og:locale\" content=\"en_US\" \/>\n<meta property=\"og:type\" content=\"article\" \/>\n<meta property=\"og:title\" content=\"Organic star anise - Biopapa\" \/>\n<meta property=\"og:description\" content=\"Organic star anise , with its distinctive shape and flavour, is fast becoming one of the world&#039;s most sought-after spices, especially for its potential health benefits.\" \/>\n<meta property=\"og:url\" content=\"https:\/\/www.biopapa.de\/en\/producte\/organic-star-anise\/\" \/>\n<meta property=\"og:site_name\" content=\"Biopapa\" \/>\n<meta property=\"article:publisher\" content=\"https:\/\/www.facebook.com\/biopapa.lt\" \/>\n<meta property=\"article:modified_time\" content=\"2023-11-09T13:06:23+00:00\" \/>\n<meta property=\"og:image\" content=\"https:\/\/www.biopapa.de\/wp-content\/uploads\/2023\/01\/zvaigzdinis-anyzius.png\" \/>\n\t<meta property=\"og:image:width\" content=\"800\" \/>\n\t<meta property=\"og:image:height\" content=\"640\" \/>\n\t<meta property=\"og:image:type\" content=\"image\/png\" \/>\n<meta name=\"twitter:card\" content=\"summary_large_image\" \/>\n<meta name=\"twitter:label1\" content=\"Est. reading time\" \/>\n\t<meta name=\"twitter:data1\" content=\"2 minutes\" \/>\n<script type=\"application\/ld+json\" class=\"yoast-schema-graph\">{\"@context\":\"https:\\\/\\\/schema.org\",\"@graph\":[{\"@type\":\"WebPage\",\"@id\":\"https:\\\/\\\/www.biopapa.de\\\/en\\\/producte\\\/organic-star-anise\\\/\",\"url\":\"https:\\\/\\\/www.biopapa.de\\\/en\\\/producte\\\/organic-star-anise\\\/\",\"name\":\"Organic star anise - Biopapa\",\"isPartOf\":{\"@id\":\"https:\\\/\\\/www.biopapa.de\\\/en\\\/#website\"},\"primaryImageOfPage\":{\"@id\":\"https:\\\/\\\/www.biopapa.de\\\/en\\\/producte\\\/organic-star-anise\\\/#primaryimage\"},\"image\":{\"@id\":\"https:\\\/\\\/www.biopapa.de\\\/en\\\/producte\\\/organic-star-anise\\\/#primaryimage\"},\"thumbnailUrl\":\"https:\\\/\\\/www.biopapa.de\\\/wp-content\\\/uploads\\\/2023\\\/01\\\/zvaigzdinis-anyzius.png\",\"datePublished\":\"2023-01-05T15:40:02+00:00\",\"dateModified\":\"2023-11-09T13:06:23+00:00\",\"description\":\"Organic star anise , with its distinctive shape and flavour, is fast becoming one of the world's most sought-after spices, especially for its potential health benefits.\",\"breadcrumb\":{\"@id\":\"https:\\\/\\\/www.biopapa.de\\\/en\\\/producte\\\/organic-star-anise\\\/#breadcrumb\"},\"inLanguage\":\"en-US\",\"potentialAction\":[{\"@type\":\"ReadAction\",\"target\":[\"https:\\\/\\\/www.biopapa.de\\\/en\\\/producte\\\/organic-star-anise\\\/\"]}]},{\"@type\":\"ImageObject\",\"inLanguage\":\"en-US\",\"@id\":\"https:\\\/\\\/www.biopapa.de\\\/en\\\/producte\\\/organic-star-anise\\\/#primaryimage\",\"url\":\"https:\\\/\\\/www.biopapa.de\\\/wp-content\\\/uploads\\\/2023\\\/01\\\/zvaigzdinis-anyzius.png\",\"contentUrl\":\"https:\\\/\\\/www.biopapa.de\\\/wp-content\\\/uploads\\\/2023\\\/01\\\/zvaigzdinis-anyzius.png\",\"width\":800,\"height\":640,\"caption\":\"Organic star anise\"},{\"@type\":\"BreadcrumbList\",\"@id\":\"https:\\\/\\\/www.biopapa.de\\\/en\\\/producte\\\/organic-star-anise\\\/#breadcrumb\",\"itemListElement\":[{\"@type\":\"ListItem\",\"position\":1,\"name\":\"Home\",\"item\":\"https:\\\/\\\/www.biopapa.de\\\/en\\\/\"},{\"@type\":\"ListItem\",\"position\":2,\"name\":\"Shop\",\"item\":\"https:\\\/\\\/www.biopapa.de\\\/en\\\/shop\\\/\"},{\"@type\":\"ListItem\",\"position\":3,\"name\":\"Organic star anise\"}]},{\"@type\":\"WebSite\",\"@id\":\"https:\\\/\\\/www.biopapa.de\\\/en\\\/#website\",\"url\":\"https:\\\/\\\/www.biopapa.de\\\/en\\\/\",\"name\":\"Biopapa\",\"description\":\"\u0160var\u016bs ekologi\u0161ki produktai\",\"publisher\":{\"@id\":\"https:\\\/\\\/www.biopapa.de\\\/en\\\/#organization\"},\"potentialAction\":[{\"@type\":\"SearchAction\",\"target\":{\"@type\":\"EntryPoint\",\"urlTemplate\":\"https:\\\/\\\/www.biopapa.de\\\/en\\\/?s={search_term_string}\"},\"query-input\":{\"@type\":\"PropertyValueSpecification\",\"valueRequired\":true,\"valueName\":\"search_term_string\"}}],\"inLanguage\":\"en-US\"},{\"@type\":\"Organization\",\"@id\":\"https:\\\/\\\/www.biopapa.de\\\/en\\\/#organization\",\"name\":\"Biopapa\",\"url\":\"https:\\\/\\\/www.biopapa.de\\\/en\\\/\",\"logo\":{\"@type\":\"ImageObject\",\"inLanguage\":\"en-US\",\"@id\":\"https:\\\/\\\/www.biopapa.de\\\/en\\\/#\\\/schema\\\/logo\\\/image\\\/\",\"url\":\"https:\\\/\\\/www.biopapa.lt\\\/wp-content\\\/uploads\\\/2022\\\/04\\\/facebook_biopapa.jpg\",\"contentUrl\":\"https:\\\/\\\/www.biopapa.lt\\\/wp-content\\\/uploads\\\/2022\\\/04\\\/facebook_biopapa.jpg\",\"width\":1733,\"height\":907,\"caption\":\"Biopapa\"},\"image\":{\"@id\":\"https:\\\/\\\/www.biopapa.de\\\/en\\\/#\\\/schema\\\/logo\\\/image\\\/\"},\"sameAs\":[\"https:\\\/\\\/www.facebook.com\\\/biopapa.lt\"]}]}<\/script>\n<!-- \/ Yoast SEO plugin. -->","yoast_head_json":{"title":"Organic star anise - Biopapa","description":"Organic star anise , with its distinctive shape and flavour, is fast becoming one of the world's most sought-after spices, especially for its potential health benefits.","robots":{"index":"index","follow":"follow","max-snippet":"max-snippet:-1","max-image-preview":"max-image-preview:large","max-video-preview":"max-video-preview:-1"},"canonical":"https:\/\/www.biopapa.de\/en\/producte\/organic-star-anise\/","og_locale":"en_US","og_type":"article","og_title":"Organic star anise - Biopapa","og_description":"Organic star anise , with its distinctive shape and flavour, is fast becoming one of the world's most sought-after spices, especially for its potential health benefits.","og_url":"https:\/\/www.biopapa.de\/en\/producte\/organic-star-anise\/","og_site_name":"Biopapa","article_publisher":"https:\/\/www.facebook.com\/biopapa.lt","article_modified_time":"2023-11-09T13:06:23+00:00","og_image":[{"width":800,"height":640,"url":"https:\/\/www.biopapa.de\/wp-content\/uploads\/2023\/01\/zvaigzdinis-anyzius.png","type":"image\/png"}],"twitter_card":"summary_large_image","twitter_misc":{"Est. reading time":"2 minutes"},"schema":{"@context":"https:\/\/schema.org","@graph":[{"@type":"WebPage","@id":"https:\/\/www.biopapa.de\/en\/producte\/organic-star-anise\/","url":"https:\/\/www.biopapa.de\/en\/producte\/organic-star-anise\/","name":"Organic star anise - Biopapa","isPartOf":{"@id":"https:\/\/www.biopapa.de\/en\/#website"},"primaryImageOfPage":{"@id":"https:\/\/www.biopapa.de\/en\/producte\/organic-star-anise\/#primaryimage"},"image":{"@id":"https:\/\/www.biopapa.de\/en\/producte\/organic-star-anise\/#primaryimage"},"thumbnailUrl":"https:\/\/www.biopapa.de\/wp-content\/uploads\/2023\/01\/zvaigzdinis-anyzius.png","datePublished":"2023-01-05T15:40:02+00:00","dateModified":"2023-11-09T13:06:23+00:00","description":"Organic star anise , with its distinctive shape and flavour, is fast becoming one of the world's most sought-after spices, especially for its potential health benefits.","breadcrumb":{"@id":"https:\/\/www.biopapa.de\/en\/producte\/organic-star-anise\/#breadcrumb"},"inLanguage":"en-US","potentialAction":[{"@type":"ReadAction","target":["https:\/\/www.biopapa.de\/en\/producte\/organic-star-anise\/"]}]},{"@type":"ImageObject","inLanguage":"en-US","@id":"https:\/\/www.biopapa.de\/en\/producte\/organic-star-anise\/#primaryimage","url":"https:\/\/www.biopapa.de\/wp-content\/uploads\/2023\/01\/zvaigzdinis-anyzius.png","contentUrl":"https:\/\/www.biopapa.de\/wp-content\/uploads\/2023\/01\/zvaigzdinis-anyzius.png","width":800,"height":640,"caption":"Organic star anise"},{"@type":"BreadcrumbList","@id":"https:\/\/www.biopapa.de\/en\/producte\/organic-star-anise\/#breadcrumb","itemListElement":[{"@type":"ListItem","position":1,"name":"Home","item":"https:\/\/www.biopapa.de\/en\/"},{"@type":"ListItem","position":2,"name":"Shop","item":"https:\/\/www.biopapa.de\/en\/shop\/"},{"@type":"ListItem","position":3,"name":"Organic star anise"}]},{"@type":"WebSite","@id":"https:\/\/www.biopapa.de\/en\/#website","url":"https:\/\/www.biopapa.de\/en\/","name":"Biopapa","description":"\u0160var\u016bs ekologi\u0161ki produktai","publisher":{"@id":"https:\/\/www.biopapa.de\/en\/#organization"},"potentialAction":[{"@type":"SearchAction","target":{"@type":"EntryPoint","urlTemplate":"https:\/\/www.biopapa.de\/en\/?s={search_term_string}"},"query-input":{"@type":"PropertyValueSpecification","valueRequired":true,"valueName":"search_term_string"}}],"inLanguage":"en-US"},{"@type":"Organization","@id":"https:\/\/www.biopapa.de\/en\/#organization","name":"Biopapa","url":"https:\/\/www.biopapa.de\/en\/","logo":{"@type":"ImageObject","inLanguage":"en-US","@id":"https:\/\/www.biopapa.de\/en\/#\/schema\/logo\/image\/","url":"https:\/\/www.biopapa.lt\/wp-content\/uploads\/2022\/04\/facebook_biopapa.jpg","contentUrl":"https:\/\/www.biopapa.lt\/wp-content\/uploads\/2022\/04\/facebook_biopapa.jpg","width":1733,"height":907,"caption":"Biopapa"},"image":{"@id":"https:\/\/www.biopapa.de\/en\/#\/schema\/logo\/image\/"},"sameAs":["https:\/\/www.facebook.com\/biopapa.lt"]}]}},"_links":{"self":[{"href":"https:\/\/www.biopapa.de\/en\/wp-json\/wp\/v2\/product\/33429","targetHints":{"allow":["GET"]}}],"collection":[{"href":"https:\/\/www.biopapa.de\/en\/wp-json\/wp\/v2\/product"}],"about":[{"href":"https:\/\/www.biopapa.de\/en\/wp-json\/wp\/v2\/types\/product"}],"wp:featuredmedia":[{"embeddable":true,"href":"https:\/\/www.biopapa.de\/en\/wp-json\/wp\/v2\/media\/29803"}],"wp:attachment":[{"href":"https:\/\/www.biopapa.de\/en\/wp-json\/wp\/v2\/media?parent=33429"}],"wp:term":[{"taxonomy":"product_brand","embeddable":true,"href":"https:\/\/www.biopapa.de\/en\/wp-json\/wp\/v2\/product_brand?post=33429"},{"taxonomy":"product_cat","embeddable":true,"href":"https:\/\/www.biopapa.de\/en\/wp-json\/wp\/v2\/product_cat?post=33429"},{"taxonomy":"product_tag","embeddable":true,"href":"https:\/\/www.biopapa.de\/en\/wp-json\/wp\/v2\/product_tag?post=33429"}],"curies":[{"name":"wp","href":"https:\/\/api.w.org\/{rel}","templated":true}]}}