{"id":33605,"date":"2022-02-02T18:42:40","date_gmt":"2022-02-02T16:42:40","guid":{"rendered":"https:\/\/www.biopapa.lt\/produktas\/organic-ground-bourbon-vanilla\/"},"modified":"2025-05-14T13:17:58","modified_gmt":"2025-05-14T10:17:58","slug":"organic-ground-vanilla","status":"publish","type":"product","link":"https:\/\/www.biopapa.de\/en\/producte\/organic-ground-vanilla\/","title":{"rendered":"Organic ground Bourbon vanilla"},"content":{"rendered":"<p><strong>Organic Bourbon ground vanilla<br \/>\n<\/strong>Vanilla powder is a culinary gem, treasured for its enchanting aroma and exquisite taste. This special spice will add a unique charm and sophistication to any recipe.<\/p>\n<p><em>Benefits of Vanilla Powder<\/em><br \/>\nThe wonderful sweetness of vanilla powder gives a natural sweet taste, so recipes may not need additional sweeteners.<br \/>\nVanilla powder, which is rich in antioxidants such as vanillin, can protect against oxidative stress and cell damage.<br \/>\nThe soothing aroma of vanilla powder is associated with relaxation and upliftment of mood, promoting a sense of comfort.<br \/>\nPreliminary research suggests that vanilla may have a positive effect on cardiovascular health, helping to maintain healthy blood pressure levels.<\/p>\n<p><em>Side effects<\/em><br \/>\nVanilla powder is generally safe. However, people allergic to vanilla should be careful to avoid using it. In addition, excessive consumption may cause slight digestive discomfort due to the strong taste.<\/p>\n<p><em>Use in culinary delicacies<\/em><br \/>\nVanilla powder adds charm to a wide range of culinary products, from rich cakes to fragrant biscuits &#8211; the subtle sweetness of vanilla powder enriches the baked goods and creates a delectable taste and aroma.<br \/>\nA pinch of vanilla powder adds a touch of appeal to your drink, whether it&#8217;s added to coffee, hot chocolate or cocktails.<br \/>\nIn creams and ice creams, vanilla powder adds a velvety richness that makes every spoonful a pleasant sensation.<\/p>\n<p><em>Storage recommendations<\/em><br \/>\nTransfer the vanilla powder to an airtight container to protect it from air, moisture and odours.<br \/>\nStore in a cool, dark place away from direct sunlight and heat sources.<br \/>\nDo not freeze, as condensation may form and affect the quality of the powder.<br \/>\nRestrict the entry of air, close the container quickly after each use<\/p>\n<p>Vanilla powder, with its charming taste and aroma, is an exceptional culinary ingredient. In addition to its great taste, the spice can have health benefits and mood-enhancing properties. Using vanilla powder in a variety of dishes can be a culinary wonderland.<\/p>\n<p>Delicious!<\/p>\n<p>Sources:<br \/>\nwww.healthline.com<br \/>\nvanillaqueen.com<\/p>\n<p><em>NOTE. The information contained herein should not be construed as a recommendation for treatment or other health issues. We encourage you to make personal decisions about your personal health, taking into account a wide range of sources of information. We encourage you to make personal decisions about your personal health, taking into account a wide range of sources of information.<\/em><\/p>\n<p>&nbsp;<\/p>\n","protected":false},"excerpt":{"rendered":"<p>Organic Bourbon ground vanilla Vanilla powder is a culinary gem, treasured for its enchanting aroma and exquisite taste. This special<\/p>\n","protected":false},"featured_media":28915,"template":"","meta":{"_acf_changed":false},"product_brand":[],"product_cat":[1853],"product_tag":[2088],"class_list":{"0":"post-33605","1":"product","2":"type-product","3":"status-publish","4":"has-post-thumbnail","6":"product_cat-organic-spices","7":"product_tag-vegan","8":"pa_svoris-1-kg-en","9":"pa_svoris-10-g-en-2","10":"pa_svoris-100-g-en-2","11":"pa_svoris-20-g-en-2","12":"pa_svoris-200-g-en","13":"pa_svoris-30-g-en","14":"pa_svoris-300-g-en","15":"pa_svoris-40-g-en","16":"pa_svoris-400-g-en","17":"pa_svoris-50-g-en","18":"pa_svoris-500-g-en-2","20":"first","21":"instock","22":"shipping-taxable","23":"purchasable","24":"product-type-variable"},"acf":[],"yoast_head":"<!-- This site is optimized with the Yoast SEO plugin v27.5 - https:\/\/yoast.com\/product\/yoast-seo-wordpress\/ -->\n<title>Organic ground Bourbon vanilla - Biopapa<\/title>\n<meta name=\"description\" content=\"Vanilla powder adds charm to a wide range of culinary products, from rich cakes to fragrant biscuits - the subtle sweetness of vanilla powder enriches the baked goods and creates a delectable taste and aroma.\" \/>\n<meta name=\"robots\" content=\"index, follow, max-snippet:-1, max-image-preview:large, max-video-preview:-1\" \/>\n<link rel=\"canonical\" href=\"https:\/\/www.biopapa.de\/en\/producte\/organic-ground-vanilla\/\" \/>\n<meta property=\"og:locale\" content=\"en_US\" \/>\n<meta property=\"og:type\" content=\"article\" \/>\n<meta property=\"og:title\" content=\"Organic ground Bourbon vanilla - Biopapa\" \/>\n<meta property=\"og:description\" content=\"Vanilla powder adds charm to a wide range of culinary products, from rich cakes to fragrant biscuits - the subtle sweetness of vanilla powder enriches the baked goods and creates a delectable taste and aroma.\" \/>\n<meta property=\"og:url\" content=\"https:\/\/www.biopapa.de\/en\/producte\/organic-ground-vanilla\/\" \/>\n<meta property=\"og:site_name\" content=\"Biopapa\" \/>\n<meta property=\"article:publisher\" content=\"https:\/\/www.facebook.com\/biopapa.lt\" \/>\n<meta property=\"article:modified_time\" content=\"2025-05-14T10:17:58+00:00\" \/>\n<meta property=\"og:image\" content=\"https:\/\/www.biopapa.de\/wp-content\/uploads\/2022\/01\/Burbono-vanile.jpg\" \/>\n\t<meta property=\"og:image:width\" content=\"800\" \/>\n\t<meta property=\"og:image:height\" content=\"640\" \/>\n\t<meta property=\"og:image:type\" content=\"image\/jpeg\" \/>\n<meta name=\"twitter:card\" content=\"summary_large_image\" \/>\n<meta name=\"twitter:label1\" content=\"Est. reading time\" \/>\n\t<meta name=\"twitter:data1\" content=\"2 minutes\" \/>\n<script type=\"application\/ld+json\" class=\"yoast-schema-graph\">{\"@context\":\"https:\\\/\\\/schema.org\",\"@graph\":[{\"@type\":\"WebPage\",\"@id\":\"https:\\\/\\\/www.biopapa.de\\\/en\\\/producte\\\/organic-ground-vanilla\\\/\",\"url\":\"https:\\\/\\\/www.biopapa.de\\\/en\\\/producte\\\/organic-ground-vanilla\\\/\",\"name\":\"Organic ground Bourbon vanilla - Biopapa\",\"isPartOf\":{\"@id\":\"https:\\\/\\\/www.biopapa.de\\\/en\\\/#website\"},\"primaryImageOfPage\":{\"@id\":\"https:\\\/\\\/www.biopapa.de\\\/en\\\/producte\\\/organic-ground-vanilla\\\/#primaryimage\"},\"image\":{\"@id\":\"https:\\\/\\\/www.biopapa.de\\\/en\\\/producte\\\/organic-ground-vanilla\\\/#primaryimage\"},\"thumbnailUrl\":\"https:\\\/\\\/www.biopapa.de\\\/wp-content\\\/uploads\\\/2022\\\/01\\\/Burbono-vanile.jpg\",\"datePublished\":\"2022-02-02T16:42:40+00:00\",\"dateModified\":\"2025-05-14T10:17:58+00:00\",\"description\":\"Vanilla powder adds charm to a wide range of culinary products, from rich cakes to fragrant biscuits - the subtle sweetness of vanilla powder enriches the baked goods and creates a delectable taste and aroma.\",\"breadcrumb\":{\"@id\":\"https:\\\/\\\/www.biopapa.de\\\/en\\\/producte\\\/organic-ground-vanilla\\\/#breadcrumb\"},\"inLanguage\":\"en-US\",\"potentialAction\":[{\"@type\":\"ReadAction\",\"target\":[\"https:\\\/\\\/www.biopapa.de\\\/en\\\/producte\\\/organic-ground-vanilla\\\/\"]}]},{\"@type\":\"ImageObject\",\"inLanguage\":\"en-US\",\"@id\":\"https:\\\/\\\/www.biopapa.de\\\/en\\\/producte\\\/organic-ground-vanilla\\\/#primaryimage\",\"url\":\"https:\\\/\\\/www.biopapa.de\\\/wp-content\\\/uploads\\\/2022\\\/01\\\/Burbono-vanile.jpg\",\"contentUrl\":\"https:\\\/\\\/www.biopapa.de\\\/wp-content\\\/uploads\\\/2022\\\/01\\\/Burbono-vanile.jpg\",\"width\":800,\"height\":640,\"caption\":\"Organic ground Bourbon vanilla\"},{\"@type\":\"BreadcrumbList\",\"@id\":\"https:\\\/\\\/www.biopapa.de\\\/en\\\/producte\\\/organic-ground-vanilla\\\/#breadcrumb\",\"itemListElement\":[{\"@type\":\"ListItem\",\"position\":1,\"name\":\"Home\",\"item\":\"https:\\\/\\\/www.biopapa.de\\\/en\\\/\"},{\"@type\":\"ListItem\",\"position\":2,\"name\":\"Shop\",\"item\":\"https:\\\/\\\/www.biopapa.de\\\/en\\\/shop\\\/\"},{\"@type\":\"ListItem\",\"position\":3,\"name\":\"Organic ground Bourbon vanilla\"}]},{\"@type\":\"WebSite\",\"@id\":\"https:\\\/\\\/www.biopapa.de\\\/en\\\/#website\",\"url\":\"https:\\\/\\\/www.biopapa.de\\\/en\\\/\",\"name\":\"Biopapa\",\"description\":\"\u0160var\u016bs ekologi\u0161ki produktai\",\"publisher\":{\"@id\":\"https:\\\/\\\/www.biopapa.de\\\/en\\\/#organization\"},\"potentialAction\":[{\"@type\":\"SearchAction\",\"target\":{\"@type\":\"EntryPoint\",\"urlTemplate\":\"https:\\\/\\\/www.biopapa.de\\\/en\\\/?s={search_term_string}\"},\"query-input\":{\"@type\":\"PropertyValueSpecification\",\"valueRequired\":true,\"valueName\":\"search_term_string\"}}],\"inLanguage\":\"en-US\"},{\"@type\":\"Organization\",\"@id\":\"https:\\\/\\\/www.biopapa.de\\\/en\\\/#organization\",\"name\":\"Biopapa\",\"url\":\"https:\\\/\\\/www.biopapa.de\\\/en\\\/\",\"logo\":{\"@type\":\"ImageObject\",\"inLanguage\":\"en-US\",\"@id\":\"https:\\\/\\\/www.biopapa.de\\\/en\\\/#\\\/schema\\\/logo\\\/image\\\/\",\"url\":\"https:\\\/\\\/www.biopapa.lt\\\/wp-content\\\/uploads\\\/2022\\\/04\\\/facebook_biopapa.jpg\",\"contentUrl\":\"https:\\\/\\\/www.biopapa.lt\\\/wp-content\\\/uploads\\\/2022\\\/04\\\/facebook_biopapa.jpg\",\"width\":1733,\"height\":907,\"caption\":\"Biopapa\"},\"image\":{\"@id\":\"https:\\\/\\\/www.biopapa.de\\\/en\\\/#\\\/schema\\\/logo\\\/image\\\/\"},\"sameAs\":[\"https:\\\/\\\/www.facebook.com\\\/biopapa.lt\"]}]}<\/script>\n<!-- \/ Yoast SEO plugin. -->","yoast_head_json":{"title":"Organic ground Bourbon vanilla - Biopapa","description":"Vanilla powder adds charm to a wide range of culinary products, from rich cakes to fragrant biscuits - the subtle sweetness of vanilla powder enriches the baked goods and creates a delectable taste and aroma.","robots":{"index":"index","follow":"follow","max-snippet":"max-snippet:-1","max-image-preview":"max-image-preview:large","max-video-preview":"max-video-preview:-1"},"canonical":"https:\/\/www.biopapa.de\/en\/producte\/organic-ground-vanilla\/","og_locale":"en_US","og_type":"article","og_title":"Organic ground Bourbon vanilla - Biopapa","og_description":"Vanilla powder adds charm to a wide range of culinary products, from rich cakes to fragrant biscuits - the subtle sweetness of vanilla powder enriches the baked goods and creates a delectable taste and aroma.","og_url":"https:\/\/www.biopapa.de\/en\/producte\/organic-ground-vanilla\/","og_site_name":"Biopapa","article_publisher":"https:\/\/www.facebook.com\/biopapa.lt","article_modified_time":"2025-05-14T10:17:58+00:00","og_image":[{"width":800,"height":640,"url":"https:\/\/www.biopapa.de\/wp-content\/uploads\/2022\/01\/Burbono-vanile.jpg","type":"image\/jpeg"}],"twitter_card":"summary_large_image","twitter_misc":{"Est. reading time":"2 minutes"},"schema":{"@context":"https:\/\/schema.org","@graph":[{"@type":"WebPage","@id":"https:\/\/www.biopapa.de\/en\/producte\/organic-ground-vanilla\/","url":"https:\/\/www.biopapa.de\/en\/producte\/organic-ground-vanilla\/","name":"Organic ground Bourbon vanilla - Biopapa","isPartOf":{"@id":"https:\/\/www.biopapa.de\/en\/#website"},"primaryImageOfPage":{"@id":"https:\/\/www.biopapa.de\/en\/producte\/organic-ground-vanilla\/#primaryimage"},"image":{"@id":"https:\/\/www.biopapa.de\/en\/producte\/organic-ground-vanilla\/#primaryimage"},"thumbnailUrl":"https:\/\/www.biopapa.de\/wp-content\/uploads\/2022\/01\/Burbono-vanile.jpg","datePublished":"2022-02-02T16:42:40+00:00","dateModified":"2025-05-14T10:17:58+00:00","description":"Vanilla powder adds charm to a wide range of culinary products, from rich cakes to fragrant biscuits - the subtle sweetness of vanilla powder enriches the baked goods and creates a delectable taste and aroma.","breadcrumb":{"@id":"https:\/\/www.biopapa.de\/en\/producte\/organic-ground-vanilla\/#breadcrumb"},"inLanguage":"en-US","potentialAction":[{"@type":"ReadAction","target":["https:\/\/www.biopapa.de\/en\/producte\/organic-ground-vanilla\/"]}]},{"@type":"ImageObject","inLanguage":"en-US","@id":"https:\/\/www.biopapa.de\/en\/producte\/organic-ground-vanilla\/#primaryimage","url":"https:\/\/www.biopapa.de\/wp-content\/uploads\/2022\/01\/Burbono-vanile.jpg","contentUrl":"https:\/\/www.biopapa.de\/wp-content\/uploads\/2022\/01\/Burbono-vanile.jpg","width":800,"height":640,"caption":"Organic ground Bourbon vanilla"},{"@type":"BreadcrumbList","@id":"https:\/\/www.biopapa.de\/en\/producte\/organic-ground-vanilla\/#breadcrumb","itemListElement":[{"@type":"ListItem","position":1,"name":"Home","item":"https:\/\/www.biopapa.de\/en\/"},{"@type":"ListItem","position":2,"name":"Shop","item":"https:\/\/www.biopapa.de\/en\/shop\/"},{"@type":"ListItem","position":3,"name":"Organic ground Bourbon vanilla"}]},{"@type":"WebSite","@id":"https:\/\/www.biopapa.de\/en\/#website","url":"https:\/\/www.biopapa.de\/en\/","name":"Biopapa","description":"\u0160var\u016bs ekologi\u0161ki produktai","publisher":{"@id":"https:\/\/www.biopapa.de\/en\/#organization"},"potentialAction":[{"@type":"SearchAction","target":{"@type":"EntryPoint","urlTemplate":"https:\/\/www.biopapa.de\/en\/?s={search_term_string}"},"query-input":{"@type":"PropertyValueSpecification","valueRequired":true,"valueName":"search_term_string"}}],"inLanguage":"en-US"},{"@type":"Organization","@id":"https:\/\/www.biopapa.de\/en\/#organization","name":"Biopapa","url":"https:\/\/www.biopapa.de\/en\/","logo":{"@type":"ImageObject","inLanguage":"en-US","@id":"https:\/\/www.biopapa.de\/en\/#\/schema\/logo\/image\/","url":"https:\/\/www.biopapa.lt\/wp-content\/uploads\/2022\/04\/facebook_biopapa.jpg","contentUrl":"https:\/\/www.biopapa.lt\/wp-content\/uploads\/2022\/04\/facebook_biopapa.jpg","width":1733,"height":907,"caption":"Biopapa"},"image":{"@id":"https:\/\/www.biopapa.de\/en\/#\/schema\/logo\/image\/"},"sameAs":["https:\/\/www.facebook.com\/biopapa.lt"]}]}},"_links":{"self":[{"href":"https:\/\/www.biopapa.de\/en\/wp-json\/wp\/v2\/product\/33605","targetHints":{"allow":["GET"]}}],"collection":[{"href":"https:\/\/www.biopapa.de\/en\/wp-json\/wp\/v2\/product"}],"about":[{"href":"https:\/\/www.biopapa.de\/en\/wp-json\/wp\/v2\/types\/product"}],"wp:featuredmedia":[{"embeddable":true,"href":"https:\/\/www.biopapa.de\/en\/wp-json\/wp\/v2\/media\/28915"}],"wp:attachment":[{"href":"https:\/\/www.biopapa.de\/en\/wp-json\/wp\/v2\/media?parent=33605"}],"wp:term":[{"taxonomy":"product_brand","embeddable":true,"href":"https:\/\/www.biopapa.de\/en\/wp-json\/wp\/v2\/product_brand?post=33605"},{"taxonomy":"product_cat","embeddable":true,"href":"https:\/\/www.biopapa.de\/en\/wp-json\/wp\/v2\/product_cat?post=33605"},{"taxonomy":"product_tag","embeddable":true,"href":"https:\/\/www.biopapa.de\/en\/wp-json\/wp\/v2\/product_tag?post=33605"}],"curies":[{"name":"wp","href":"https:\/\/api.w.org\/{rel}","templated":true}]}}