{"id":33634,"date":"2021-11-11T18:03:59","date_gmt":"2021-11-11T16:03:59","guid":{"rendered":"https:\/\/www.biopapa.lt\/produktas\/organic-caraway-seeds\/"},"modified":"2026-02-10T15:19:26","modified_gmt":"2026-02-10T13:19:26","slug":"organic-caraway","status":"publish","type":"product","link":"https:\/\/www.biopapa.de\/en\/producte\/organic-caraway\/","title":{"rendered":"Organic caraway seeds"},"content":{"rendered":"<p><strong>Organic caraway seeds<\/strong><\/p>\n<p>The health benefits of caraway seeds have been known since ancient times. In fact, caraway (carum carvi) is one of the oldest herbs and medicinal plants still used in Europe. Caraway seeds are not only healing but also have a long culinary and medicinal history.<br \/>\nWhat is caraway?<br \/>\nCaraway is a plant in the Apiaceae or Umbelliferae family. The Apiaceae family includes varieties of celery, carrots, fennel and parsley with aromatic qualities. Caraway is native to Europe, North Africa and West Asia.<br \/>\nCaraway is a biennial plant, and in its first year its leaves can be an excellent addition to soup or salads. Caraway can grow up to a metre tall with soft, feathery leaves. Caraway flowers are white or pink from May to July, before they start to fruit.<br \/>\nWhat are caraway seeds?<br \/>\nThe seeds and leaves of caraway are very similar to those of other plants in the celery family, which is why caraway is sometimes confused with fennel and cumin seeds.<br \/>\nCaraway seeds stand out, though only on close inspection. The crescent-shaped seeds of caraway seeds are darker in colour and smoother than those of cumin. Cumin seeds are also more bitter than caraway seeds. The aroma of caraway seeds can be described as slightly minty or peppery.<br \/>\nWhat does caraway taste like?<br \/>\nCaraway seeds have an aniseed flavour, although less pronounced than the aniseed flavour of fennel seeds. Caraway seeds also have a grassy bitterness with strong aromatic qualities. That&#8217;s why caraway is a common savoury spice in traditional European cuisine and baked goods.<br \/>\nHow are caraway seeds used?<br \/>\nPeople have long used caraway as both a culinary and medicinal herb. In fact, people started collecting caraway seeds in the Neolithic period. In the Middle Ages, people used cumin as a digestive aid after large feasts to prevent bloating and other digestive problems.<br \/>\nBe daugelio kulinarinio naudojimo, kmynai yra moksli\u0161kai pripa\u017einti d\u0117l savo galimai gydom\u0173j\u0173 savybi\u0173.<br \/>\nUse of caraway in cooking<br \/>\nCaraway is popular in traditional European cuisine as a seasoning for cabbage dishes, sauerkraut, bread, onion pie, baked potatoes and many others.<br \/>\nIt was believed that those who included caraway seeds in their diet would improve their health.<br \/>\nCumin also has some antimicrobial properties and reduces bloating.<\/p>\n<p>Caraway tea recipe<br \/>\nIngredients:<br \/>\n1 teaspoon crushed caraway,<br \/>\n200 &#8211; 300 ml cup of hot water,<br \/>\nPreparation:<br \/>\nCrush or grind the caraway seeds in a pestle and mortar. Crushing the cumin helps to release the essential oils and rich flavour.<br \/>\nUse 1 teaspoon of crushed caraway per cup of hot water. Leave for 10 minutes to swell.<br \/>\nDo not brew tea or use boiling water to avoid damaging the essential oils.<br \/>\nThis tea supports healthy digestion, especially after meals.<\/p>\n<p>For more complete digestion, mix equal parts caraway, peppermint and chamomile. This blend is an ideal combination for the whole digestive tract. Caraway extract relieves flatulence and soothes the intestines, while peppermint relieves cramps and relaxes the stomach.<\/p>\n<p>More information is available at:<br \/>\n1. <a href=\"https:\/\/www.organicfacts.net\/caraway.html\">Organicfacts<\/a><br \/>\n2. <a href=\"https:\/\/www.ncbi.nlm.nih.gov\/pmc\/articles\/PMC6328425\/\">NationalLibraryOfMedicine<\/a><\/p>\n<p>NOTE. The information contained herein should not be construed as a recommendation for treatment or other health issues. We encourage you to make personal decisions about your personal health, taking into account a wide range of sources of information.<\/p>\n","protected":false},"excerpt":{"rendered":"<p>Organic caraway seeds The health benefits of caraway seeds have been known since ancient times. In fact, caraway (carum carvi)<\/p>\n","protected":false},"featured_media":28855,"template":"","meta":{"_acf_changed":false},"product_brand":[],"product_cat":[1853],"product_tag":[2088],"class_list":{"0":"post-33634","1":"product","2":"type-product","3":"status-publish","4":"has-post-thumbnail","6":"product_cat-organic-spices","7":"product_tag-vegan","8":"pa_svoris-1-kg-en","9":"pa_svoris-100-g-en-2","10":"pa_svoris-200-g-en","11":"pa_svoris-25-g-en","12":"pa_svoris-25-kg-en","13":"pa_svoris-300-g-en","14":"pa_svoris-400-g-en","15":"pa_svoris-50-g-en","16":"pa_svoris-500-g-en-2","18":"first","19":"instock","20":"shipping-taxable","21":"purchasable","22":"product-type-variable"},"acf":[],"yoast_head":"<!-- This site is optimized with the Yoast SEO plugin v27.5 - https:\/\/yoast.com\/product\/yoast-seo-wordpress\/ -->\n<title>Organic caraway seeds - Biopapa<\/title>\n<meta name=\"description\" content=\"Caraway is a plant in the Apiaceae or Umbelliferae family. The Apiaceae family includes varieties of celery, carrots, fennel and parsley with aromatic qualities.\" \/>\n<meta name=\"robots\" content=\"index, follow, max-snippet:-1, max-image-preview:large, max-video-preview:-1\" \/>\n<link rel=\"canonical\" href=\"https:\/\/www.biopapa.de\/en\/producte\/organic-caraway\/\" \/>\n<meta property=\"og:locale\" content=\"en_US\" \/>\n<meta property=\"og:type\" content=\"article\" \/>\n<meta property=\"og:title\" content=\"Organic caraway seeds - Biopapa\" \/>\n<meta property=\"og:description\" content=\"Caraway is a plant in the Apiaceae or Umbelliferae family. The Apiaceae family includes varieties of celery, carrots, fennel and parsley with aromatic qualities.\" \/>\n<meta property=\"og:url\" content=\"https:\/\/www.biopapa.de\/en\/producte\/organic-caraway\/\" \/>\n<meta property=\"og:site_name\" content=\"Biopapa\" \/>\n<meta property=\"article:publisher\" content=\"https:\/\/www.facebook.com\/biopapa.lt\" \/>\n<meta property=\"article:modified_time\" content=\"2026-02-10T13:19:26+00:00\" \/>\n<meta property=\"og:image\" content=\"https:\/\/www.biopapa.de\/wp-content\/uploads\/2021\/11\/Ekologiski-kmynai.jpg\" \/>\n\t<meta property=\"og:image:width\" content=\"800\" \/>\n\t<meta property=\"og:image:height\" content=\"640\" \/>\n\t<meta property=\"og:image:type\" content=\"image\/jpeg\" \/>\n<meta name=\"twitter:card\" content=\"summary_large_image\" \/>\n<meta name=\"twitter:label1\" content=\"Est. reading time\" \/>\n\t<meta name=\"twitter:data1\" content=\"3 minutes\" \/>\n<script type=\"application\/ld+json\" class=\"yoast-schema-graph\">{\"@context\":\"https:\\\/\\\/schema.org\",\"@graph\":[{\"@type\":\"WebPage\",\"@id\":\"https:\\\/\\\/www.biopapa.de\\\/en\\\/producte\\\/organic-caraway\\\/\",\"url\":\"https:\\\/\\\/www.biopapa.de\\\/en\\\/producte\\\/organic-caraway\\\/\",\"name\":\"Organic caraway seeds - Biopapa\",\"isPartOf\":{\"@id\":\"https:\\\/\\\/www.biopapa.de\\\/en\\\/#website\"},\"primaryImageOfPage\":{\"@id\":\"https:\\\/\\\/www.biopapa.de\\\/en\\\/producte\\\/organic-caraway\\\/#primaryimage\"},\"image\":{\"@id\":\"https:\\\/\\\/www.biopapa.de\\\/en\\\/producte\\\/organic-caraway\\\/#primaryimage\"},\"thumbnailUrl\":\"https:\\\/\\\/www.biopapa.de\\\/wp-content\\\/uploads\\\/2021\\\/11\\\/Ekologiski-kmynai.jpg\",\"datePublished\":\"2021-11-11T16:03:59+00:00\",\"dateModified\":\"2026-02-10T13:19:26+00:00\",\"description\":\"Caraway is a plant in the Apiaceae or Umbelliferae family. The Apiaceae family includes varieties of celery, carrots, fennel and parsley with aromatic qualities.\",\"breadcrumb\":{\"@id\":\"https:\\\/\\\/www.biopapa.de\\\/en\\\/producte\\\/organic-caraway\\\/#breadcrumb\"},\"inLanguage\":\"en-US\",\"potentialAction\":[{\"@type\":\"ReadAction\",\"target\":[\"https:\\\/\\\/www.biopapa.de\\\/en\\\/producte\\\/organic-caraway\\\/\"]}]},{\"@type\":\"ImageObject\",\"inLanguage\":\"en-US\",\"@id\":\"https:\\\/\\\/www.biopapa.de\\\/en\\\/producte\\\/organic-caraway\\\/#primaryimage\",\"url\":\"https:\\\/\\\/www.biopapa.de\\\/wp-content\\\/uploads\\\/2021\\\/11\\\/Ekologiski-kmynai.jpg\",\"contentUrl\":\"https:\\\/\\\/www.biopapa.de\\\/wp-content\\\/uploads\\\/2021\\\/11\\\/Ekologiski-kmynai.jpg\",\"width\":800,\"height\":640,\"caption\":\"Organic caraway seeds\"},{\"@type\":\"BreadcrumbList\",\"@id\":\"https:\\\/\\\/www.biopapa.de\\\/en\\\/producte\\\/organic-caraway\\\/#breadcrumb\",\"itemListElement\":[{\"@type\":\"ListItem\",\"position\":1,\"name\":\"Home\",\"item\":\"https:\\\/\\\/www.biopapa.de\\\/en\\\/\"},{\"@type\":\"ListItem\",\"position\":2,\"name\":\"Shop\",\"item\":\"https:\\\/\\\/www.biopapa.de\\\/en\\\/shop\\\/\"},{\"@type\":\"ListItem\",\"position\":3,\"name\":\"Organic caraway seeds\"}]},{\"@type\":\"WebSite\",\"@id\":\"https:\\\/\\\/www.biopapa.de\\\/en\\\/#website\",\"url\":\"https:\\\/\\\/www.biopapa.de\\\/en\\\/\",\"name\":\"Biopapa\",\"description\":\"\u0160var\u016bs ekologi\u0161ki produktai\",\"publisher\":{\"@id\":\"https:\\\/\\\/www.biopapa.de\\\/en\\\/#organization\"},\"potentialAction\":[{\"@type\":\"SearchAction\",\"target\":{\"@type\":\"EntryPoint\",\"urlTemplate\":\"https:\\\/\\\/www.biopapa.de\\\/en\\\/?s={search_term_string}\"},\"query-input\":{\"@type\":\"PropertyValueSpecification\",\"valueRequired\":true,\"valueName\":\"search_term_string\"}}],\"inLanguage\":\"en-US\"},{\"@type\":\"Organization\",\"@id\":\"https:\\\/\\\/www.biopapa.de\\\/en\\\/#organization\",\"name\":\"Biopapa\",\"url\":\"https:\\\/\\\/www.biopapa.de\\\/en\\\/\",\"logo\":{\"@type\":\"ImageObject\",\"inLanguage\":\"en-US\",\"@id\":\"https:\\\/\\\/www.biopapa.de\\\/en\\\/#\\\/schema\\\/logo\\\/image\\\/\",\"url\":\"https:\\\/\\\/www.biopapa.lt\\\/wp-content\\\/uploads\\\/2022\\\/04\\\/facebook_biopapa.jpg\",\"contentUrl\":\"https:\\\/\\\/www.biopapa.lt\\\/wp-content\\\/uploads\\\/2022\\\/04\\\/facebook_biopapa.jpg\",\"width\":1733,\"height\":907,\"caption\":\"Biopapa\"},\"image\":{\"@id\":\"https:\\\/\\\/www.biopapa.de\\\/en\\\/#\\\/schema\\\/logo\\\/image\\\/\"},\"sameAs\":[\"https:\\\/\\\/www.facebook.com\\\/biopapa.lt\"]}]}<\/script>\n<!-- \/ Yoast SEO plugin. -->","yoast_head_json":{"title":"Organic caraway seeds - Biopapa","description":"Caraway is a plant in the Apiaceae or Umbelliferae family. The Apiaceae family includes varieties of celery, carrots, fennel and parsley with aromatic qualities.","robots":{"index":"index","follow":"follow","max-snippet":"max-snippet:-1","max-image-preview":"max-image-preview:large","max-video-preview":"max-video-preview:-1"},"canonical":"https:\/\/www.biopapa.de\/en\/producte\/organic-caraway\/","og_locale":"en_US","og_type":"article","og_title":"Organic caraway seeds - Biopapa","og_description":"Caraway is a plant in the Apiaceae or Umbelliferae family. The Apiaceae family includes varieties of celery, carrots, fennel and parsley with aromatic qualities.","og_url":"https:\/\/www.biopapa.de\/en\/producte\/organic-caraway\/","og_site_name":"Biopapa","article_publisher":"https:\/\/www.facebook.com\/biopapa.lt","article_modified_time":"2026-02-10T13:19:26+00:00","og_image":[{"width":800,"height":640,"url":"https:\/\/www.biopapa.de\/wp-content\/uploads\/2021\/11\/Ekologiski-kmynai.jpg","type":"image\/jpeg"}],"twitter_card":"summary_large_image","twitter_misc":{"Est. reading time":"3 minutes"},"schema":{"@context":"https:\/\/schema.org","@graph":[{"@type":"WebPage","@id":"https:\/\/www.biopapa.de\/en\/producte\/organic-caraway\/","url":"https:\/\/www.biopapa.de\/en\/producte\/organic-caraway\/","name":"Organic caraway seeds - Biopapa","isPartOf":{"@id":"https:\/\/www.biopapa.de\/en\/#website"},"primaryImageOfPage":{"@id":"https:\/\/www.biopapa.de\/en\/producte\/organic-caraway\/#primaryimage"},"image":{"@id":"https:\/\/www.biopapa.de\/en\/producte\/organic-caraway\/#primaryimage"},"thumbnailUrl":"https:\/\/www.biopapa.de\/wp-content\/uploads\/2021\/11\/Ekologiski-kmynai.jpg","datePublished":"2021-11-11T16:03:59+00:00","dateModified":"2026-02-10T13:19:26+00:00","description":"Caraway is a plant in the Apiaceae or Umbelliferae family. The Apiaceae family includes varieties of celery, carrots, fennel and parsley with aromatic qualities.","breadcrumb":{"@id":"https:\/\/www.biopapa.de\/en\/producte\/organic-caraway\/#breadcrumb"},"inLanguage":"en-US","potentialAction":[{"@type":"ReadAction","target":["https:\/\/www.biopapa.de\/en\/producte\/organic-caraway\/"]}]},{"@type":"ImageObject","inLanguage":"en-US","@id":"https:\/\/www.biopapa.de\/en\/producte\/organic-caraway\/#primaryimage","url":"https:\/\/www.biopapa.de\/wp-content\/uploads\/2021\/11\/Ekologiski-kmynai.jpg","contentUrl":"https:\/\/www.biopapa.de\/wp-content\/uploads\/2021\/11\/Ekologiski-kmynai.jpg","width":800,"height":640,"caption":"Organic caraway seeds"},{"@type":"BreadcrumbList","@id":"https:\/\/www.biopapa.de\/en\/producte\/organic-caraway\/#breadcrumb","itemListElement":[{"@type":"ListItem","position":1,"name":"Home","item":"https:\/\/www.biopapa.de\/en\/"},{"@type":"ListItem","position":2,"name":"Shop","item":"https:\/\/www.biopapa.de\/en\/shop\/"},{"@type":"ListItem","position":3,"name":"Organic caraway seeds"}]},{"@type":"WebSite","@id":"https:\/\/www.biopapa.de\/en\/#website","url":"https:\/\/www.biopapa.de\/en\/","name":"Biopapa","description":"\u0160var\u016bs ekologi\u0161ki produktai","publisher":{"@id":"https:\/\/www.biopapa.de\/en\/#organization"},"potentialAction":[{"@type":"SearchAction","target":{"@type":"EntryPoint","urlTemplate":"https:\/\/www.biopapa.de\/en\/?s={search_term_string}"},"query-input":{"@type":"PropertyValueSpecification","valueRequired":true,"valueName":"search_term_string"}}],"inLanguage":"en-US"},{"@type":"Organization","@id":"https:\/\/www.biopapa.de\/en\/#organization","name":"Biopapa","url":"https:\/\/www.biopapa.de\/en\/","logo":{"@type":"ImageObject","inLanguage":"en-US","@id":"https:\/\/www.biopapa.de\/en\/#\/schema\/logo\/image\/","url":"https:\/\/www.biopapa.lt\/wp-content\/uploads\/2022\/04\/facebook_biopapa.jpg","contentUrl":"https:\/\/www.biopapa.lt\/wp-content\/uploads\/2022\/04\/facebook_biopapa.jpg","width":1733,"height":907,"caption":"Biopapa"},"image":{"@id":"https:\/\/www.biopapa.de\/en\/#\/schema\/logo\/image\/"},"sameAs":["https:\/\/www.facebook.com\/biopapa.lt"]}]}},"_links":{"self":[{"href":"https:\/\/www.biopapa.de\/en\/wp-json\/wp\/v2\/product\/33634","targetHints":{"allow":["GET"]}}],"collection":[{"href":"https:\/\/www.biopapa.de\/en\/wp-json\/wp\/v2\/product"}],"about":[{"href":"https:\/\/www.biopapa.de\/en\/wp-json\/wp\/v2\/types\/product"}],"wp:featuredmedia":[{"embeddable":true,"href":"https:\/\/www.biopapa.de\/en\/wp-json\/wp\/v2\/media\/28855"}],"wp:attachment":[{"href":"https:\/\/www.biopapa.de\/en\/wp-json\/wp\/v2\/media?parent=33634"}],"wp:term":[{"taxonomy":"product_brand","embeddable":true,"href":"https:\/\/www.biopapa.de\/en\/wp-json\/wp\/v2\/product_brand?post=33634"},{"taxonomy":"product_cat","embeddable":true,"href":"https:\/\/www.biopapa.de\/en\/wp-json\/wp\/v2\/product_cat?post=33634"},{"taxonomy":"product_tag","embeddable":true,"href":"https:\/\/www.biopapa.de\/en\/wp-json\/wp\/v2\/product_tag?post=33634"}],"curies":[{"name":"wp","href":"https:\/\/api.w.org\/{rel}","templated":true}]}}