{"id":33822,"date":"2023-02-22T13:01:05","date_gmt":"2023-02-22T11:01:05","guid":{"rendered":"https:\/\/www.biopapa.lt\/produktas\/organic-roasted-oat-flour\/"},"modified":"2023-09-28T14:30:17","modified_gmt":"2023-09-28T11:30:17","slug":"organic-roasted-oat-flour","status":"publish","type":"product","link":"https:\/\/www.biopapa.de\/en\/producte\/organic-roasted-oat-flour\/","title":{"rendered":"Organic roasted oat flour"},"content":{"rendered":"<p>Organic roasted oat flour is suitable for baking biscuits, cakes, breads and pancakes. To improve the taste and texture of the bread, we recommend adding wheat or rye flour to the dough.<\/p>\n<p>High in fibre.<\/p>\n<p>Suitable for vegans.<\/p>\n<p><strong>Oats<\/strong> ( <em>Avena Sativa<\/em>) are an exceptional source of energy with an excellent balance of protein, carbohydrates and fat. Most of the fats they contain are unsaturated fatty acids, with monounsaturated fatty acids predominating. Compared to other cereals, oats are rich in protein. They contain gluten, but studies show that many people with wheat allergies tolerate oats well. Fibre is an important element in everyone&#8217;s diet, as it is needed for normal bowel function.<\/p>\n","protected":false},"excerpt":{"rendered":"<p>Organic roasted oat flour is suitable for baking biscuits, cakes, breads and pancakes. To improve the taste and texture of<\/p>\n","protected":false},"featured_media":46270,"template":"","meta":{"_acf_changed":false},"product_brand":[],"product_cat":[1852],"product_tag":[2088],"class_list":{"0":"post-33822","1":"product","2":"type-product","3":"status-publish","4":"has-post-thumbnail","6":"product_cat-organic-flour","7":"product_tag-vegan","8":"pa_svoris-1-kg-en","9":"pa_svoris-100-g-en-2","10":"pa_svoris-20-kg-en-2","11":"pa_svoris-200-g-en","12":"pa_svoris-300-g-en","13":"pa_svoris-400-g-en","14":"pa_svoris-500-g-en-2","16":"first","17":"instock","18":"shipping-taxable","19":"purchasable","20":"product-type-variable"},"acf":[],"yoast_head":"<!-- This site is optimized with the Yoast SEO plugin v27.5 - https:\/\/yoast.com\/product\/yoast-seo-wordpress\/ -->\n<title>Organic roasted oat flour - Biopapa<\/title>\n<meta name=\"description\" content=\"Organic roasted oat flour is suitable for baking biscuits, cakes, breads and pancakes.\" \/>\n<meta name=\"robots\" content=\"index, follow, max-snippet:-1, max-image-preview:large, max-video-preview:-1\" \/>\n<link rel=\"canonical\" href=\"https:\/\/www.biopapa.de\/en\/producte\/organic-roasted-oat-flour\/\" \/>\n<meta property=\"og:locale\" content=\"en_US\" \/>\n<meta property=\"og:type\" content=\"article\" \/>\n<meta property=\"og:title\" content=\"Organic roasted oat flour - Biopapa\" \/>\n<meta property=\"og:description\" content=\"Organic roasted oat flour is suitable for baking biscuits, cakes, breads and pancakes.\" \/>\n<meta property=\"og:url\" content=\"https:\/\/www.biopapa.de\/en\/producte\/organic-roasted-oat-flour\/\" \/>\n<meta property=\"og:site_name\" content=\"Biopapa\" \/>\n<meta property=\"article:publisher\" content=\"https:\/\/www.facebook.com\/biopapa.lt\" \/>\n<meta property=\"article:modified_time\" content=\"2023-09-28T11:30:17+00:00\" \/>\n<meta property=\"og:image\" content=\"https:\/\/www.biopapa.de\/wp-content\/uploads\/2023\/02\/Ekologiski-skrudintu-avizu-miltai-1.png\" \/>\n\t<meta property=\"og:image:width\" content=\"300\" \/>\n\t<meta property=\"og:image:height\" content=\"240\" \/>\n\t<meta property=\"og:image:type\" content=\"image\/png\" \/>\n<meta name=\"twitter:card\" content=\"summary_large_image\" \/>\n<meta name=\"twitter:label1\" content=\"Est. reading time\" \/>\n\t<meta name=\"twitter:data1\" content=\"1 minute\" \/>\n<script type=\"application\/ld+json\" class=\"yoast-schema-graph\">{\"@context\":\"https:\\\/\\\/schema.org\",\"@graph\":[{\"@type\":\"WebPage\",\"@id\":\"https:\\\/\\\/www.biopapa.de\\\/en\\\/producte\\\/organic-roasted-oat-flour\\\/\",\"url\":\"https:\\\/\\\/www.biopapa.de\\\/en\\\/producte\\\/organic-roasted-oat-flour\\\/\",\"name\":\"Organic roasted oat flour - Biopapa\",\"isPartOf\":{\"@id\":\"https:\\\/\\\/www.biopapa.de\\\/en\\\/#website\"},\"primaryImageOfPage\":{\"@id\":\"https:\\\/\\\/www.biopapa.de\\\/en\\\/producte\\\/organic-roasted-oat-flour\\\/#primaryimage\"},\"image\":{\"@id\":\"https:\\\/\\\/www.biopapa.de\\\/en\\\/producte\\\/organic-roasted-oat-flour\\\/#primaryimage\"},\"thumbnailUrl\":\"https:\\\/\\\/www.biopapa.de\\\/wp-content\\\/uploads\\\/2023\\\/02\\\/Ekologiski-skrudintu-avizu-miltai-2.png.webp\",\"datePublished\":\"2023-02-22T11:01:05+00:00\",\"dateModified\":\"2023-09-28T11:30:17+00:00\",\"description\":\"Organic roasted oat flour is suitable for baking biscuits, cakes, breads and pancakes.\",\"breadcrumb\":{\"@id\":\"https:\\\/\\\/www.biopapa.de\\\/en\\\/producte\\\/organic-roasted-oat-flour\\\/#breadcrumb\"},\"inLanguage\":\"en-US\",\"potentialAction\":[{\"@type\":\"ReadAction\",\"target\":[\"https:\\\/\\\/www.biopapa.de\\\/en\\\/producte\\\/organic-roasted-oat-flour\\\/\"]}]},{\"@type\":\"ImageObject\",\"inLanguage\":\"en-US\",\"@id\":\"https:\\\/\\\/www.biopapa.de\\\/en\\\/producte\\\/organic-roasted-oat-flour\\\/#primaryimage\",\"url\":\"https:\\\/\\\/www.biopapa.de\\\/wp-content\\\/uploads\\\/2023\\\/02\\\/Ekologiski-skrudintu-avizu-miltai-2.png.webp\",\"contentUrl\":\"https:\\\/\\\/www.biopapa.de\\\/wp-content\\\/uploads\\\/2023\\\/02\\\/Ekologiski-skrudintu-avizu-miltai-2.png.webp\",\"width\":800,\"height\":640,\"caption\":\"Ekologi\u0161ki skrudint\u0173 avi\u017e\u0173 miltai\"},{\"@type\":\"BreadcrumbList\",\"@id\":\"https:\\\/\\\/www.biopapa.de\\\/en\\\/producte\\\/organic-roasted-oat-flour\\\/#breadcrumb\",\"itemListElement\":[{\"@type\":\"ListItem\",\"position\":1,\"name\":\"Home\",\"item\":\"https:\\\/\\\/www.biopapa.de\\\/en\\\/\"},{\"@type\":\"ListItem\",\"position\":2,\"name\":\"Shop\",\"item\":\"https:\\\/\\\/www.biopapa.de\\\/en\\\/shop\\\/\"},{\"@type\":\"ListItem\",\"position\":3,\"name\":\"Organic roasted oat flour\"}]},{\"@type\":\"WebSite\",\"@id\":\"https:\\\/\\\/www.biopapa.de\\\/en\\\/#website\",\"url\":\"https:\\\/\\\/www.biopapa.de\\\/en\\\/\",\"name\":\"Biopapa\",\"description\":\"\u0160var\u016bs ekologi\u0161ki produktai\",\"publisher\":{\"@id\":\"https:\\\/\\\/www.biopapa.de\\\/en\\\/#organization\"},\"potentialAction\":[{\"@type\":\"SearchAction\",\"target\":{\"@type\":\"EntryPoint\",\"urlTemplate\":\"https:\\\/\\\/www.biopapa.de\\\/en\\\/?s={search_term_string}\"},\"query-input\":{\"@type\":\"PropertyValueSpecification\",\"valueRequired\":true,\"valueName\":\"search_term_string\"}}],\"inLanguage\":\"en-US\"},{\"@type\":\"Organization\",\"@id\":\"https:\\\/\\\/www.biopapa.de\\\/en\\\/#organization\",\"name\":\"Biopapa\",\"url\":\"https:\\\/\\\/www.biopapa.de\\\/en\\\/\",\"logo\":{\"@type\":\"ImageObject\",\"inLanguage\":\"en-US\",\"@id\":\"https:\\\/\\\/www.biopapa.de\\\/en\\\/#\\\/schema\\\/logo\\\/image\\\/\",\"url\":\"https:\\\/\\\/www.biopapa.lt\\\/wp-content\\\/uploads\\\/2022\\\/04\\\/facebook_biopapa.jpg\",\"contentUrl\":\"https:\\\/\\\/www.biopapa.lt\\\/wp-content\\\/uploads\\\/2022\\\/04\\\/facebook_biopapa.jpg\",\"width\":1733,\"height\":907,\"caption\":\"Biopapa\"},\"image\":{\"@id\":\"https:\\\/\\\/www.biopapa.de\\\/en\\\/#\\\/schema\\\/logo\\\/image\\\/\"},\"sameAs\":[\"https:\\\/\\\/www.facebook.com\\\/biopapa.lt\"]}]}<\/script>\n<!-- \/ Yoast SEO plugin. -->","yoast_head_json":{"title":"Organic roasted oat flour - Biopapa","description":"Organic roasted oat flour is suitable for baking biscuits, cakes, breads and pancakes.","robots":{"index":"index","follow":"follow","max-snippet":"max-snippet:-1","max-image-preview":"max-image-preview:large","max-video-preview":"max-video-preview:-1"},"canonical":"https:\/\/www.biopapa.de\/en\/producte\/organic-roasted-oat-flour\/","og_locale":"en_US","og_type":"article","og_title":"Organic roasted oat flour - Biopapa","og_description":"Organic roasted oat flour is suitable for baking biscuits, cakes, breads and pancakes.","og_url":"https:\/\/www.biopapa.de\/en\/producte\/organic-roasted-oat-flour\/","og_site_name":"Biopapa","article_publisher":"https:\/\/www.facebook.com\/biopapa.lt","article_modified_time":"2023-09-28T11:30:17+00:00","og_image":[{"width":300,"height":240,"url":"https:\/\/www.biopapa.de\/wp-content\/uploads\/2023\/02\/Ekologiski-skrudintu-avizu-miltai-1.png","type":"image\/png"}],"twitter_card":"summary_large_image","twitter_misc":{"Est. reading time":"1 minute"},"schema":{"@context":"https:\/\/schema.org","@graph":[{"@type":"WebPage","@id":"https:\/\/www.biopapa.de\/en\/producte\/organic-roasted-oat-flour\/","url":"https:\/\/www.biopapa.de\/en\/producte\/organic-roasted-oat-flour\/","name":"Organic roasted oat flour - Biopapa","isPartOf":{"@id":"https:\/\/www.biopapa.de\/en\/#website"},"primaryImageOfPage":{"@id":"https:\/\/www.biopapa.de\/en\/producte\/organic-roasted-oat-flour\/#primaryimage"},"image":{"@id":"https:\/\/www.biopapa.de\/en\/producte\/organic-roasted-oat-flour\/#primaryimage"},"thumbnailUrl":"https:\/\/www.biopapa.de\/wp-content\/uploads\/2023\/02\/Ekologiski-skrudintu-avizu-miltai-2.png.webp","datePublished":"2023-02-22T11:01:05+00:00","dateModified":"2023-09-28T11:30:17+00:00","description":"Organic roasted oat flour is suitable for baking biscuits, cakes, breads and pancakes.","breadcrumb":{"@id":"https:\/\/www.biopapa.de\/en\/producte\/organic-roasted-oat-flour\/#breadcrumb"},"inLanguage":"en-US","potentialAction":[{"@type":"ReadAction","target":["https:\/\/www.biopapa.de\/en\/producte\/organic-roasted-oat-flour\/"]}]},{"@type":"ImageObject","inLanguage":"en-US","@id":"https:\/\/www.biopapa.de\/en\/producte\/organic-roasted-oat-flour\/#primaryimage","url":"https:\/\/www.biopapa.de\/wp-content\/uploads\/2023\/02\/Ekologiski-skrudintu-avizu-miltai-2.png.webp","contentUrl":"https:\/\/www.biopapa.de\/wp-content\/uploads\/2023\/02\/Ekologiski-skrudintu-avizu-miltai-2.png.webp","width":800,"height":640,"caption":"Ekologi\u0161ki skrudint\u0173 avi\u017e\u0173 miltai"},{"@type":"BreadcrumbList","@id":"https:\/\/www.biopapa.de\/en\/producte\/organic-roasted-oat-flour\/#breadcrumb","itemListElement":[{"@type":"ListItem","position":1,"name":"Home","item":"https:\/\/www.biopapa.de\/en\/"},{"@type":"ListItem","position":2,"name":"Shop","item":"https:\/\/www.biopapa.de\/en\/shop\/"},{"@type":"ListItem","position":3,"name":"Organic roasted oat flour"}]},{"@type":"WebSite","@id":"https:\/\/www.biopapa.de\/en\/#website","url":"https:\/\/www.biopapa.de\/en\/","name":"Biopapa","description":"\u0160var\u016bs ekologi\u0161ki produktai","publisher":{"@id":"https:\/\/www.biopapa.de\/en\/#organization"},"potentialAction":[{"@type":"SearchAction","target":{"@type":"EntryPoint","urlTemplate":"https:\/\/www.biopapa.de\/en\/?s={search_term_string}"},"query-input":{"@type":"PropertyValueSpecification","valueRequired":true,"valueName":"search_term_string"}}],"inLanguage":"en-US"},{"@type":"Organization","@id":"https:\/\/www.biopapa.de\/en\/#organization","name":"Biopapa","url":"https:\/\/www.biopapa.de\/en\/","logo":{"@type":"ImageObject","inLanguage":"en-US","@id":"https:\/\/www.biopapa.de\/en\/#\/schema\/logo\/image\/","url":"https:\/\/www.biopapa.lt\/wp-content\/uploads\/2022\/04\/facebook_biopapa.jpg","contentUrl":"https:\/\/www.biopapa.lt\/wp-content\/uploads\/2022\/04\/facebook_biopapa.jpg","width":1733,"height":907,"caption":"Biopapa"},"image":{"@id":"https:\/\/www.biopapa.de\/en\/#\/schema\/logo\/image\/"},"sameAs":["https:\/\/www.facebook.com\/biopapa.lt"]}]}},"_links":{"self":[{"href":"https:\/\/www.biopapa.de\/en\/wp-json\/wp\/v2\/product\/33822","targetHints":{"allow":["GET"]}}],"collection":[{"href":"https:\/\/www.biopapa.de\/en\/wp-json\/wp\/v2\/product"}],"about":[{"href":"https:\/\/www.biopapa.de\/en\/wp-json\/wp\/v2\/types\/product"}],"wp:featuredmedia":[{"embeddable":true,"href":"https:\/\/www.biopapa.de\/en\/wp-json\/wp\/v2\/media\/46270"}],"wp:attachment":[{"href":"https:\/\/www.biopapa.de\/en\/wp-json\/wp\/v2\/media?parent=33822"}],"wp:term":[{"taxonomy":"product_brand","embeddable":true,"href":"https:\/\/www.biopapa.de\/en\/wp-json\/wp\/v2\/product_brand?post=33822"},{"taxonomy":"product_cat","embeddable":true,"href":"https:\/\/www.biopapa.de\/en\/wp-json\/wp\/v2\/product_cat?post=33822"},{"taxonomy":"product_tag","embeddable":true,"href":"https:\/\/www.biopapa.de\/en\/wp-json\/wp\/v2\/product_tag?post=33822"}],"curies":[{"name":"wp","href":"https:\/\/api.w.org\/{rel}","templated":true}]}}