{"id":34076,"date":"2023-01-26T16:07:22","date_gmt":"2023-01-26T14:07:22","guid":{"rendered":"https:\/\/www.biopapa.lt\/produktas\/organic-highland-ground-arabica-robusta-fair-trade-coffee-250-g-oxfam\/"},"modified":"2025-11-30T23:24:33","modified_gmt":"2025-11-30T21:24:33","slug":"organic-highlands-coffee-arabica-robusta-fair-trade-250-g-oxfam","status":"publish","type":"product","link":"https:\/\/www.biopapa.de\/en\/producte\/organic-highlands-coffee-arabica-robusta-fair-trade-250-g-oxfam\/","title":{"rendered":"Organic Highland Ground Arabica\/Robusta Fair Trade Coffee, 250 g, Oxfam"},"content":{"rendered":"<p><strong>Organic Highland Ground Arabica\/Robusta Fair Trade Coffee, 250 g, Oxfam<\/strong><\/p>\n<p>A well-balanced organic coffee with fruity notes in the aroma.<br \/>\nProperties of coffee:<br \/>\nIntensity: 2\/5<br \/>\nCountry of origin: Peru, Honduras, Uganda, Congo<br \/>\nMade in Belgium.<\/p>\n<p>&nbsp;<\/p>\n<p>&nbsp;<\/p>\n","protected":false},"excerpt":{"rendered":"<p>Organic Highland Ground Arabica\/Robusta Fair Trade Coffee, 250 g, Oxfam A well-balanced organic coffee with fruity notes in the aroma.<\/p>\n","protected":false},"featured_media":30071,"template":"","meta":{"_acf_changed":false},"product_brand":[],"product_cat":[1838,1847],"product_tag":[2088],"class_list":{"0":"post-34076","1":"product","2":"type-product","3":"status-publish","4":"has-post-thumbnail","6":"product_cat-coffe","7":"product_cat-organic-tea-coffee-cocoa","8":"product_tag-vegan","10":"first","11":"instock","12":"shipping-taxable","13":"purchasable","14":"product-type-simple"},"acf":[],"yoast_head":"<!-- This site is optimized with the Yoast SEO plugin v27.5 - https:\/\/yoast.com\/product\/yoast-seo-wordpress\/ -->\n<title>Organic Highland Ground Arabica\/Robusta Fair Trade Coffee, 250 g, Oxfam - Biopapa<\/title>\n<meta name=\"robots\" content=\"index, follow, max-snippet:-1, max-image-preview:large, max-video-preview:-1\" \/>\n<link rel=\"canonical\" href=\"https:\/\/www.biopapa.de\/en\/producte\/organic-highlands-coffee-arabica-robusta-fair-trade-250-g-oxfam\/\" \/>\n<meta property=\"og:locale\" content=\"en_US\" \/>\n<meta property=\"og:type\" content=\"article\" \/>\n<meta property=\"og:title\" content=\"Organic Highland Ground Arabica\/Robusta Fair Trade Coffee, 250 g, Oxfam - Biopapa\" \/>\n<meta property=\"og:description\" content=\"Organic Highland Ground Arabica\/Robusta Fair Trade Coffee, 250 g, Oxfam A well-balanced organic coffee with fruity notes in the aroma.\" \/>\n<meta property=\"og:url\" content=\"https:\/\/www.biopapa.de\/en\/producte\/organic-highlands-coffee-arabica-robusta-fair-trade-250-g-oxfam\/\" \/>\n<meta property=\"og:site_name\" content=\"Biopapa\" \/>\n<meta property=\"article:publisher\" content=\"https:\/\/www.facebook.com\/biopapa.lt\" \/>\n<meta property=\"article:modified_time\" content=\"2025-11-30T21:24:33+00:00\" \/>\n<meta property=\"og:image\" content=\"https:\/\/www.biopapa.de\/wp-content\/uploads\/2023\/01\/Ekologiska-aukstumu-malta-kava-Arabica.png\" \/>\n\t<meta property=\"og:image:width\" content=\"800\" \/>\n\t<meta property=\"og:image:height\" content=\"640\" \/>\n\t<meta property=\"og:image:type\" content=\"image\/png\" \/>\n<meta name=\"twitter:card\" content=\"summary_large_image\" \/>\n<script type=\"application\/ld+json\" class=\"yoast-schema-graph\">{\"@context\":\"https:\\\/\\\/schema.org\",\"@graph\":[{\"@type\":\"WebPage\",\"@id\":\"https:\\\/\\\/www.biopapa.de\\\/en\\\/producte\\\/organic-highlands-coffee-arabica-robusta-fair-trade-250-g-oxfam\\\/\",\"url\":\"https:\\\/\\\/www.biopapa.de\\\/en\\\/producte\\\/organic-highlands-coffee-arabica-robusta-fair-trade-250-g-oxfam\\\/\",\"name\":\"Organic Highland Ground Arabica\\\/Robusta Fair Trade Coffee, 250 g, Oxfam - Biopapa\",\"isPartOf\":{\"@id\":\"https:\\\/\\\/www.biopapa.de\\\/en\\\/#website\"},\"primaryImageOfPage\":{\"@id\":\"https:\\\/\\\/www.biopapa.de\\\/en\\\/producte\\\/organic-highlands-coffee-arabica-robusta-fair-trade-250-g-oxfam\\\/#primaryimage\"},\"image\":{\"@id\":\"https:\\\/\\\/www.biopapa.de\\\/en\\\/producte\\\/organic-highlands-coffee-arabica-robusta-fair-trade-250-g-oxfam\\\/#primaryimage\"},\"thumbnailUrl\":\"https:\\\/\\\/www.biopapa.de\\\/wp-content\\\/uploads\\\/2023\\\/01\\\/Ekologiska-aukstumu-malta-kava-Arabica.png\",\"datePublished\":\"2023-01-26T14:07:22+00:00\",\"dateModified\":\"2025-11-30T21:24:33+00:00\",\"breadcrumb\":{\"@id\":\"https:\\\/\\\/www.biopapa.de\\\/en\\\/producte\\\/organic-highlands-coffee-arabica-robusta-fair-trade-250-g-oxfam\\\/#breadcrumb\"},\"inLanguage\":\"en-US\",\"potentialAction\":[{\"@type\":\"ReadAction\",\"target\":[\"https:\\\/\\\/www.biopapa.de\\\/en\\\/producte\\\/organic-highlands-coffee-arabica-robusta-fair-trade-250-g-oxfam\\\/\"]}]},{\"@type\":\"ImageObject\",\"inLanguage\":\"en-US\",\"@id\":\"https:\\\/\\\/www.biopapa.de\\\/en\\\/producte\\\/organic-highlands-coffee-arabica-robusta-fair-trade-250-g-oxfam\\\/#primaryimage\",\"url\":\"https:\\\/\\\/www.biopapa.de\\\/wp-content\\\/uploads\\\/2023\\\/01\\\/Ekologiska-aukstumu-malta-kava-Arabica.png\",\"contentUrl\":\"https:\\\/\\\/www.biopapa.de\\\/wp-content\\\/uploads\\\/2023\\\/01\\\/Ekologiska-aukstumu-malta-kava-Arabica.png\",\"width\":800,\"height\":640,\"caption\":\"Organic-Highlands-Ground-Coffee-Arabica\"},{\"@type\":\"BreadcrumbList\",\"@id\":\"https:\\\/\\\/www.biopapa.de\\\/en\\\/producte\\\/organic-highlands-coffee-arabica-robusta-fair-trade-250-g-oxfam\\\/#breadcrumb\",\"itemListElement\":[{\"@type\":\"ListItem\",\"position\":1,\"name\":\"Home\",\"item\":\"https:\\\/\\\/www.biopapa.de\\\/en\\\/\"},{\"@type\":\"ListItem\",\"position\":2,\"name\":\"Shop\",\"item\":\"https:\\\/\\\/www.biopapa.de\\\/en\\\/shop\\\/\"},{\"@type\":\"ListItem\",\"position\":3,\"name\":\"Organic Highland Ground Arabica\\\/Robusta Fair Trade Coffee, 250 g, Oxfam\"}]},{\"@type\":\"WebSite\",\"@id\":\"https:\\\/\\\/www.biopapa.de\\\/en\\\/#website\",\"url\":\"https:\\\/\\\/www.biopapa.de\\\/en\\\/\",\"name\":\"Biopapa\",\"description\":\"\u0160var\u016bs ekologi\u0161ki produktai\",\"publisher\":{\"@id\":\"https:\\\/\\\/www.biopapa.de\\\/en\\\/#organization\"},\"potentialAction\":[{\"@type\":\"SearchAction\",\"target\":{\"@type\":\"EntryPoint\",\"urlTemplate\":\"https:\\\/\\\/www.biopapa.de\\\/en\\\/?s={search_term_string}\"},\"query-input\":{\"@type\":\"PropertyValueSpecification\",\"valueRequired\":true,\"valueName\":\"search_term_string\"}}],\"inLanguage\":\"en-US\"},{\"@type\":\"Organization\",\"@id\":\"https:\\\/\\\/www.biopapa.de\\\/en\\\/#organization\",\"name\":\"Biopapa\",\"url\":\"https:\\\/\\\/www.biopapa.de\\\/en\\\/\",\"logo\":{\"@type\":\"ImageObject\",\"inLanguage\":\"en-US\",\"@id\":\"https:\\\/\\\/www.biopapa.de\\\/en\\\/#\\\/schema\\\/logo\\\/image\\\/\",\"url\":\"https:\\\/\\\/www.biopapa.lt\\\/wp-content\\\/uploads\\\/2022\\\/04\\\/facebook_biopapa.jpg\",\"contentUrl\":\"https:\\\/\\\/www.biopapa.lt\\\/wp-content\\\/uploads\\\/2022\\\/04\\\/facebook_biopapa.jpg\",\"width\":1733,\"height\":907,\"caption\":\"Biopapa\"},\"image\":{\"@id\":\"https:\\\/\\\/www.biopapa.de\\\/en\\\/#\\\/schema\\\/logo\\\/image\\\/\"},\"sameAs\":[\"https:\\\/\\\/www.facebook.com\\\/biopapa.lt\"]}]}<\/script>\n<!-- \/ Yoast SEO plugin. -->","yoast_head_json":{"title":"Organic Highland Ground Arabica\/Robusta Fair Trade Coffee, 250 g, Oxfam - Biopapa","robots":{"index":"index","follow":"follow","max-snippet":"max-snippet:-1","max-image-preview":"max-image-preview:large","max-video-preview":"max-video-preview:-1"},"canonical":"https:\/\/www.biopapa.de\/en\/producte\/organic-highlands-coffee-arabica-robusta-fair-trade-250-g-oxfam\/","og_locale":"en_US","og_type":"article","og_title":"Organic Highland Ground Arabica\/Robusta Fair Trade Coffee, 250 g, Oxfam - Biopapa","og_description":"Organic Highland Ground Arabica\/Robusta Fair Trade Coffee, 250 g, Oxfam A well-balanced organic coffee with fruity notes in the aroma.","og_url":"https:\/\/www.biopapa.de\/en\/producte\/organic-highlands-coffee-arabica-robusta-fair-trade-250-g-oxfam\/","og_site_name":"Biopapa","article_publisher":"https:\/\/www.facebook.com\/biopapa.lt","article_modified_time":"2025-11-30T21:24:33+00:00","og_image":[{"width":800,"height":640,"url":"https:\/\/www.biopapa.de\/wp-content\/uploads\/2023\/01\/Ekologiska-aukstumu-malta-kava-Arabica.png","type":"image\/png"}],"twitter_card":"summary_large_image","schema":{"@context":"https:\/\/schema.org","@graph":[{"@type":"WebPage","@id":"https:\/\/www.biopapa.de\/en\/producte\/organic-highlands-coffee-arabica-robusta-fair-trade-250-g-oxfam\/","url":"https:\/\/www.biopapa.de\/en\/producte\/organic-highlands-coffee-arabica-robusta-fair-trade-250-g-oxfam\/","name":"Organic Highland Ground Arabica\/Robusta Fair Trade Coffee, 250 g, Oxfam - Biopapa","isPartOf":{"@id":"https:\/\/www.biopapa.de\/en\/#website"},"primaryImageOfPage":{"@id":"https:\/\/www.biopapa.de\/en\/producte\/organic-highlands-coffee-arabica-robusta-fair-trade-250-g-oxfam\/#primaryimage"},"image":{"@id":"https:\/\/www.biopapa.de\/en\/producte\/organic-highlands-coffee-arabica-robusta-fair-trade-250-g-oxfam\/#primaryimage"},"thumbnailUrl":"https:\/\/www.biopapa.de\/wp-content\/uploads\/2023\/01\/Ekologiska-aukstumu-malta-kava-Arabica.png","datePublished":"2023-01-26T14:07:22+00:00","dateModified":"2025-11-30T21:24:33+00:00","breadcrumb":{"@id":"https:\/\/www.biopapa.de\/en\/producte\/organic-highlands-coffee-arabica-robusta-fair-trade-250-g-oxfam\/#breadcrumb"},"inLanguage":"en-US","potentialAction":[{"@type":"ReadAction","target":["https:\/\/www.biopapa.de\/en\/producte\/organic-highlands-coffee-arabica-robusta-fair-trade-250-g-oxfam\/"]}]},{"@type":"ImageObject","inLanguage":"en-US","@id":"https:\/\/www.biopapa.de\/en\/producte\/organic-highlands-coffee-arabica-robusta-fair-trade-250-g-oxfam\/#primaryimage","url":"https:\/\/www.biopapa.de\/wp-content\/uploads\/2023\/01\/Ekologiska-aukstumu-malta-kava-Arabica.png","contentUrl":"https:\/\/www.biopapa.de\/wp-content\/uploads\/2023\/01\/Ekologiska-aukstumu-malta-kava-Arabica.png","width":800,"height":640,"caption":"Organic-Highlands-Ground-Coffee-Arabica"},{"@type":"BreadcrumbList","@id":"https:\/\/www.biopapa.de\/en\/producte\/organic-highlands-coffee-arabica-robusta-fair-trade-250-g-oxfam\/#breadcrumb","itemListElement":[{"@type":"ListItem","position":1,"name":"Home","item":"https:\/\/www.biopapa.de\/en\/"},{"@type":"ListItem","position":2,"name":"Shop","item":"https:\/\/www.biopapa.de\/en\/shop\/"},{"@type":"ListItem","position":3,"name":"Organic Highland Ground Arabica\/Robusta Fair Trade Coffee, 250 g, Oxfam"}]},{"@type":"WebSite","@id":"https:\/\/www.biopapa.de\/en\/#website","url":"https:\/\/www.biopapa.de\/en\/","name":"Biopapa","description":"\u0160var\u016bs ekologi\u0161ki produktai","publisher":{"@id":"https:\/\/www.biopapa.de\/en\/#organization"},"potentialAction":[{"@type":"SearchAction","target":{"@type":"EntryPoint","urlTemplate":"https:\/\/www.biopapa.de\/en\/?s={search_term_string}"},"query-input":{"@type":"PropertyValueSpecification","valueRequired":true,"valueName":"search_term_string"}}],"inLanguage":"en-US"},{"@type":"Organization","@id":"https:\/\/www.biopapa.de\/en\/#organization","name":"Biopapa","url":"https:\/\/www.biopapa.de\/en\/","logo":{"@type":"ImageObject","inLanguage":"en-US","@id":"https:\/\/www.biopapa.de\/en\/#\/schema\/logo\/image\/","url":"https:\/\/www.biopapa.lt\/wp-content\/uploads\/2022\/04\/facebook_biopapa.jpg","contentUrl":"https:\/\/www.biopapa.lt\/wp-content\/uploads\/2022\/04\/facebook_biopapa.jpg","width":1733,"height":907,"caption":"Biopapa"},"image":{"@id":"https:\/\/www.biopapa.de\/en\/#\/schema\/logo\/image\/"},"sameAs":["https:\/\/www.facebook.com\/biopapa.lt"]}]}},"_links":{"self":[{"href":"https:\/\/www.biopapa.de\/en\/wp-json\/wp\/v2\/product\/34076","targetHints":{"allow":["GET"]}}],"collection":[{"href":"https:\/\/www.biopapa.de\/en\/wp-json\/wp\/v2\/product"}],"about":[{"href":"https:\/\/www.biopapa.de\/en\/wp-json\/wp\/v2\/types\/product"}],"wp:featuredmedia":[{"embeddable":true,"href":"https:\/\/www.biopapa.de\/en\/wp-json\/wp\/v2\/media\/30071"}],"wp:attachment":[{"href":"https:\/\/www.biopapa.de\/en\/wp-json\/wp\/v2\/media?parent=34076"}],"wp:term":[{"taxonomy":"product_brand","embeddable":true,"href":"https:\/\/www.biopapa.de\/en\/wp-json\/wp\/v2\/product_brand?post=34076"},{"taxonomy":"product_cat","embeddable":true,"href":"https:\/\/www.biopapa.de\/en\/wp-json\/wp\/v2\/product_cat?post=34076"},{"taxonomy":"product_tag","embeddable":true,"href":"https:\/\/www.biopapa.de\/en\/wp-json\/wp\/v2\/product_tag?post=34076"}],"curies":[{"name":"wp","href":"https:\/\/api.w.org\/{rel}","templated":true}]}}