{"id":34109,"date":"2023-01-10T18:17:24","date_gmt":"2023-01-10T16:17:24","guid":{"rendered":"https:\/\/www.biopapa.lt\/produktas\/organic-ceremonial-cocoa-mass-paste-criollo-raw\/"},"modified":"2025-11-30T23:25:23","modified_gmt":"2025-11-30T21:25:23","slug":"organic-ceremonial-cocoa-paste-criollo-raw","status":"publish","type":"product","link":"https:\/\/www.biopapa.de\/en\/producte\/organic-ceremonial-cocoa-paste-criollo-raw\/","title":{"rendered":"Organic Ceremonial Cocoa paste Criollo (RAW)"},"content":{"rendered":"<p><strong>Organic Ceremonial Cocoa Paste Criollo (RAW)<br \/>\n<\/strong>Criollo cocoa (Theobroma cacao ssp. cacao) was cultivated by the Mayans more than 1500 years ago. Criollo cocoa was thought to have originated in Central America and to have developed independently of the cocoa populations in the Amazon basin. We should also be aware that the Mayans and Aztecs did not eat chocolate. The sugar needed to make chocolate did not exist in the Americas before the Spanish. The Maya, Aztecs and other peoples consumed drinks similar to <em>tejate<\/em> or <em>pozole<\/em>, which are still produced in Mexico and Central America.<br \/>\nThese ancient civilisations not only consumed cocoa as a beverage, but also considered it sacred, using it in rituals and ceremonies. The cocoa bean was so highly valued that it was used as currency and took a central place in cultural and spiritual practices. Today, the tradition of ceremonial cacao continues to flourish as people around the world rediscover its potential for emotional healing and spiritual connection.<\/p>\n<p><em>Features<\/em><br \/>\nCeremonial cacao is often associated with emotional and spiritual heart-opening experiences.<br \/>\nCocoa beans contain compounds such as phenylethylamine (PEA), often referred to as the &#8220;love molecule&#8221; because it can stimulate the release of endorphins and dopamine in the brain, creating feelings of happiness, pleasure and even mild euphoria. This can contribute to a better mood and well-being.<br \/>\nPEA has a mild stimulant effect which may increase alertness, it may help improve concentration, and it will be useful for tasks that require mental clarity.<br \/>\nBecause of its role in promoting feelings of pleasure, PEA has been associated with aphrodisiac effects, enhancing romantic and sensual experiences.<br \/>\nCocoa is an excellent source of iron, magnesium, phosphorus, calcium, zinc, copper, manganese and selenium. High levels of potassium help to maintain proper blood pressure and muscle tone.<\/p>\n<p><em>Attention<\/em><br \/>\nCeremonial cocoa naturally contains caffeine and theobromine. Although lower than coffee, those sensitive to caffeine may experience anxiety, nervousness or insomnia.<br \/>\nExcessive consumption of cocoa can cause digestive problems, including nausea or diarrhoea and headaches.<br \/>\nCeremonial cocoa may interact with certain medications, especially antidepressants, so be careful.<\/p>\n<p><em>Use<\/em><br \/>\n30 g of cocoa per day is more than enough.<br \/>\nFor meditation, the average recommended dose is 22-30 g.<br \/>\nThe recommended amount for Ceremonial Cocoa is 40-50 g. Take the ceremonial doses no more than 3 times a week.<br \/>\nMore than 50 g per serving may be too much, especially for those who are just starting their cocoa journey. It is very important to start with a smaller amount and gradually increase to find the optimal dose, as individual reactions can vary greatly.<br \/>\nCeremonial cocoa is generally safe to consume during pregnancy, but large portions are not recommended. It is important to monitor your cocoa intake.<\/p>\n<p><em>Hot chocolate<\/em><br \/>\nDissolve the cocoa pieces in a hot bath or blend them in a blender after finely chopping and adding warm (not boiling) water.<br \/>\nIt can be flavoured with coconut milk powder or vegetable milk &#8211; oat, almond, coconut milk.<br \/>\nSweeten with your favourite sweetener and experiment with spices &#8211; vanilla, cinnamon, cardamom, cayenne pepper.<\/p>\n<p><em>Make chocolate at home<\/em><br \/>\nMelt the cocoa mass in a hot bath with coconut milk powder or, say, nut butter (not water or vegetable milk) and pour into the moulds. Once cooled in the fridge, you can enjoy high-quality chocolate.<br \/>\nWhen combined, you will get an addition to your breakfast porridge, smoothie or salad.<br \/>\n<em>Sources:<\/em><br \/>\nhttps:\/\/cacaolaboratory.com<br \/>\nhttps:\/\/www.sciencedirect.com<br \/>\nhttps:\/\/www.thechocolatejournalist.com<\/p>\n<p><em>NOTE. The information contained herein should not be construed as a recommendation for treatment or other health issues. We encourage you to make personal decisions about your personal health, taking into account a wide range of sources of information.<\/em><\/p>\n","protected":false},"excerpt":{"rendered":"<p>Organic Ceremonial Cocoa Paste Criollo (RAW) Criollo cocoa (Theobroma cacao ssp. cacao) was cultivated by the Mayans more than 1500<\/p>\n","protected":false},"featured_media":28271,"template":"","meta":{"_acf_changed":false},"product_brand":[],"product_cat":[1947,1847],"product_tag":[2056,2038,2092,2088],"class_list":{"0":"post-34109","1":"product","2":"type-product","3":"status-publish","4":"has-post-thumbnail","6":"product_cat-cocoa","7":"product_cat-organic-tea-coffee-cocoa","8":"product_tag-keto-diet","9":"product_tag-no-added-sugar","10":"product_tag-raw-diet","11":"product_tag-vegan","12":"pa_svoris-1-kg-en","13":"pa_svoris-100-g-en-2","14":"pa_svoris-200-g-en","15":"pa_svoris-25-kg-en","16":"pa_svoris-300-g-en","17":"pa_svoris-400-g-en","18":"pa_svoris-500-g-en-2","20":"first","21":"instock","22":"shipping-taxable","23":"purchasable","24":"product-type-variable"},"acf":[],"yoast_head":"<!-- This site is optimized with the Yoast SEO plugin v27.5 - https:\/\/yoast.com\/product\/yoast-seo-wordpress\/ -->\n<title>Organic Ceremonial Cocoa paste Criollo (RAW) - Biopapa<\/title>\n<meta name=\"description\" content=\"Ceremonial cocoa is often associated with emotional and spiritual heart-opening experiences.Cocoa beans contain compounds such as phenylethylamine (PEA), which is often referred to as the &quot;love molecule&quot; because it can stimulate the release of endorphins and dopamine in the brain, creating feelings of happiness, pleasure and even mild euphoria.\" \/>\n<meta name=\"robots\" content=\"index, follow, max-snippet:-1, max-image-preview:large, max-video-preview:-1\" \/>\n<link rel=\"canonical\" href=\"https:\/\/www.biopapa.de\/en\/producte\/organic-ceremonial-cocoa-paste-criollo-raw\/\" \/>\n<meta property=\"og:locale\" content=\"en_US\" \/>\n<meta property=\"og:type\" content=\"article\" \/>\n<meta property=\"og:title\" content=\"Organic Ceremonial Cocoa paste Criollo (RAW) - Biopapa\" \/>\n<meta property=\"og:description\" content=\"Ceremonial cocoa is often associated with emotional and spiritual heart-opening experiences.Cocoa beans contain compounds such as phenylethylamine (PEA), which is often referred to as the &quot;love molecule&quot; because it can stimulate the release of endorphins and dopamine in the brain, creating feelings of happiness, pleasure and even mild euphoria.\" \/>\n<meta property=\"og:url\" content=\"https:\/\/www.biopapa.de\/en\/producte\/organic-ceremonial-cocoa-paste-criollo-raw\/\" \/>\n<meta property=\"og:site_name\" content=\"Biopapa\" \/>\n<meta property=\"article:publisher\" content=\"https:\/\/www.facebook.com\/biopapa.lt\" \/>\n<meta property=\"article:modified_time\" content=\"2025-11-30T21:25:23+00:00\" \/>\n<meta property=\"og:image\" content=\"https:\/\/www.biopapa.de\/wp-content\/uploads\/2021\/08\/Ekologiski-kakavos-mases-gabaliukai-RAW-100_-sokoladas.jpg\" \/>\n\t<meta property=\"og:image:width\" content=\"800\" \/>\n\t<meta property=\"og:image:height\" content=\"640\" \/>\n\t<meta property=\"og:image:type\" content=\"image\/jpeg\" \/>\n<meta name=\"twitter:card\" content=\"summary_large_image\" \/>\n<meta name=\"twitter:label1\" content=\"Est. reading time\" \/>\n\t<meta name=\"twitter:data1\" content=\"3 minutes\" \/>\n<script type=\"application\/ld+json\" class=\"yoast-schema-graph\">{\"@context\":\"https:\\\/\\\/schema.org\",\"@graph\":[{\"@type\":\"WebPage\",\"@id\":\"https:\\\/\\\/www.biopapa.de\\\/en\\\/producte\\\/organic-ceremonial-cocoa-paste-criollo-raw\\\/\",\"url\":\"https:\\\/\\\/www.biopapa.de\\\/en\\\/producte\\\/organic-ceremonial-cocoa-paste-criollo-raw\\\/\",\"name\":\"Organic Ceremonial Cocoa paste Criollo (RAW) - Biopapa\",\"isPartOf\":{\"@id\":\"https:\\\/\\\/www.biopapa.de\\\/en\\\/#website\"},\"primaryImageOfPage\":{\"@id\":\"https:\\\/\\\/www.biopapa.de\\\/en\\\/producte\\\/organic-ceremonial-cocoa-paste-criollo-raw\\\/#primaryimage\"},\"image\":{\"@id\":\"https:\\\/\\\/www.biopapa.de\\\/en\\\/producte\\\/organic-ceremonial-cocoa-paste-criollo-raw\\\/#primaryimage\"},\"thumbnailUrl\":\"https:\\\/\\\/www.biopapa.de\\\/wp-content\\\/uploads\\\/2021\\\/08\\\/Ekologiski-kakavos-mases-gabaliukai-RAW-100_-sokoladas.jpg\",\"datePublished\":\"2023-01-10T16:17:24+00:00\",\"dateModified\":\"2025-11-30T21:25:23+00:00\",\"description\":\"Ceremonial cocoa is often associated with emotional and spiritual heart-opening experiences.Cocoa beans contain compounds such as phenylethylamine (PEA), which is often referred to as the \\\"love molecule\\\" because it can stimulate the release of endorphins and dopamine in the brain, creating feelings of happiness, pleasure and even mild euphoria.\",\"breadcrumb\":{\"@id\":\"https:\\\/\\\/www.biopapa.de\\\/en\\\/producte\\\/organic-ceremonial-cocoa-paste-criollo-raw\\\/#breadcrumb\"},\"inLanguage\":\"en-US\",\"potentialAction\":[{\"@type\":\"ReadAction\",\"target\":[\"https:\\\/\\\/www.biopapa.de\\\/en\\\/producte\\\/organic-ceremonial-cocoa-paste-criollo-raw\\\/\"]}]},{\"@type\":\"ImageObject\",\"inLanguage\":\"en-US\",\"@id\":\"https:\\\/\\\/www.biopapa.de\\\/en\\\/producte\\\/organic-ceremonial-cocoa-paste-criollo-raw\\\/#primaryimage\",\"url\":\"https:\\\/\\\/www.biopapa.de\\\/wp-content\\\/uploads\\\/2021\\\/08\\\/Ekologiski-kakavos-mases-gabaliukai-RAW-100_-sokoladas.jpg\",\"contentUrl\":\"https:\\\/\\\/www.biopapa.de\\\/wp-content\\\/uploads\\\/2021\\\/08\\\/Ekologiski-kakavos-mases-gabaliukai-RAW-100_-sokoladas.jpg\",\"width\":800,\"height\":640,\"caption\":\"Organic cocoa paste pieces (RAW), 100_ chocolate\"},{\"@type\":\"BreadcrumbList\",\"@id\":\"https:\\\/\\\/www.biopapa.de\\\/en\\\/producte\\\/organic-ceremonial-cocoa-paste-criollo-raw\\\/#breadcrumb\",\"itemListElement\":[{\"@type\":\"ListItem\",\"position\":1,\"name\":\"Home\",\"item\":\"https:\\\/\\\/www.biopapa.de\\\/en\\\/\"},{\"@type\":\"ListItem\",\"position\":2,\"name\":\"Shop\",\"item\":\"https:\\\/\\\/www.biopapa.de\\\/en\\\/shop\\\/\"},{\"@type\":\"ListItem\",\"position\":3,\"name\":\"Organic Ceremonial Cocoa paste Criollo (RAW)\"}]},{\"@type\":\"WebSite\",\"@id\":\"https:\\\/\\\/www.biopapa.de\\\/en\\\/#website\",\"url\":\"https:\\\/\\\/www.biopapa.de\\\/en\\\/\",\"name\":\"Biopapa\",\"description\":\"\u0160var\u016bs ekologi\u0161ki produktai\",\"publisher\":{\"@id\":\"https:\\\/\\\/www.biopapa.de\\\/en\\\/#organization\"},\"potentialAction\":[{\"@type\":\"SearchAction\",\"target\":{\"@type\":\"EntryPoint\",\"urlTemplate\":\"https:\\\/\\\/www.biopapa.de\\\/en\\\/?s={search_term_string}\"},\"query-input\":{\"@type\":\"PropertyValueSpecification\",\"valueRequired\":true,\"valueName\":\"search_term_string\"}}],\"inLanguage\":\"en-US\"},{\"@type\":\"Organization\",\"@id\":\"https:\\\/\\\/www.biopapa.de\\\/en\\\/#organization\",\"name\":\"Biopapa\",\"url\":\"https:\\\/\\\/www.biopapa.de\\\/en\\\/\",\"logo\":{\"@type\":\"ImageObject\",\"inLanguage\":\"en-US\",\"@id\":\"https:\\\/\\\/www.biopapa.de\\\/en\\\/#\\\/schema\\\/logo\\\/image\\\/\",\"url\":\"https:\\\/\\\/www.biopapa.lt\\\/wp-content\\\/uploads\\\/2022\\\/04\\\/facebook_biopapa.jpg\",\"contentUrl\":\"https:\\\/\\\/www.biopapa.lt\\\/wp-content\\\/uploads\\\/2022\\\/04\\\/facebook_biopapa.jpg\",\"width\":1733,\"height\":907,\"caption\":\"Biopapa\"},\"image\":{\"@id\":\"https:\\\/\\\/www.biopapa.de\\\/en\\\/#\\\/schema\\\/logo\\\/image\\\/\"},\"sameAs\":[\"https:\\\/\\\/www.facebook.com\\\/biopapa.lt\"]}]}<\/script>\n<!-- \/ Yoast SEO plugin. -->","yoast_head_json":{"title":"Organic Ceremonial Cocoa paste Criollo (RAW) - Biopapa","description":"Ceremonial cocoa is often associated with emotional and spiritual heart-opening experiences.Cocoa beans contain compounds such as phenylethylamine (PEA), which is often referred to as the \"love molecule\" because it can stimulate the release of endorphins and dopamine in the brain, creating feelings of happiness, pleasure and even mild euphoria.","robots":{"index":"index","follow":"follow","max-snippet":"max-snippet:-1","max-image-preview":"max-image-preview:large","max-video-preview":"max-video-preview:-1"},"canonical":"https:\/\/www.biopapa.de\/en\/producte\/organic-ceremonial-cocoa-paste-criollo-raw\/","og_locale":"en_US","og_type":"article","og_title":"Organic Ceremonial Cocoa paste Criollo (RAW) - Biopapa","og_description":"Ceremonial cocoa is often associated with emotional and spiritual heart-opening experiences.Cocoa beans contain compounds such as phenylethylamine (PEA), which is often referred to as the \"love molecule\" because it can stimulate the release of endorphins and dopamine in the brain, creating feelings of happiness, pleasure and even mild euphoria.","og_url":"https:\/\/www.biopapa.de\/en\/producte\/organic-ceremonial-cocoa-paste-criollo-raw\/","og_site_name":"Biopapa","article_publisher":"https:\/\/www.facebook.com\/biopapa.lt","article_modified_time":"2025-11-30T21:25:23+00:00","og_image":[{"width":800,"height":640,"url":"https:\/\/www.biopapa.de\/wp-content\/uploads\/2021\/08\/Ekologiski-kakavos-mases-gabaliukai-RAW-100_-sokoladas.jpg","type":"image\/jpeg"}],"twitter_card":"summary_large_image","twitter_misc":{"Est. reading time":"3 minutes"},"schema":{"@context":"https:\/\/schema.org","@graph":[{"@type":"WebPage","@id":"https:\/\/www.biopapa.de\/en\/producte\/organic-ceremonial-cocoa-paste-criollo-raw\/","url":"https:\/\/www.biopapa.de\/en\/producte\/organic-ceremonial-cocoa-paste-criollo-raw\/","name":"Organic Ceremonial Cocoa paste Criollo (RAW) - Biopapa","isPartOf":{"@id":"https:\/\/www.biopapa.de\/en\/#website"},"primaryImageOfPage":{"@id":"https:\/\/www.biopapa.de\/en\/producte\/organic-ceremonial-cocoa-paste-criollo-raw\/#primaryimage"},"image":{"@id":"https:\/\/www.biopapa.de\/en\/producte\/organic-ceremonial-cocoa-paste-criollo-raw\/#primaryimage"},"thumbnailUrl":"https:\/\/www.biopapa.de\/wp-content\/uploads\/2021\/08\/Ekologiski-kakavos-mases-gabaliukai-RAW-100_-sokoladas.jpg","datePublished":"2023-01-10T16:17:24+00:00","dateModified":"2025-11-30T21:25:23+00:00","description":"Ceremonial cocoa is often associated with emotional and spiritual heart-opening experiences.Cocoa beans contain compounds such as phenylethylamine (PEA), which is often referred to as the \"love molecule\" because it can stimulate the release of endorphins and dopamine in the brain, creating feelings of happiness, pleasure and even mild euphoria.","breadcrumb":{"@id":"https:\/\/www.biopapa.de\/en\/producte\/organic-ceremonial-cocoa-paste-criollo-raw\/#breadcrumb"},"inLanguage":"en-US","potentialAction":[{"@type":"ReadAction","target":["https:\/\/www.biopapa.de\/en\/producte\/organic-ceremonial-cocoa-paste-criollo-raw\/"]}]},{"@type":"ImageObject","inLanguage":"en-US","@id":"https:\/\/www.biopapa.de\/en\/producte\/organic-ceremonial-cocoa-paste-criollo-raw\/#primaryimage","url":"https:\/\/www.biopapa.de\/wp-content\/uploads\/2021\/08\/Ekologiski-kakavos-mases-gabaliukai-RAW-100_-sokoladas.jpg","contentUrl":"https:\/\/www.biopapa.de\/wp-content\/uploads\/2021\/08\/Ekologiski-kakavos-mases-gabaliukai-RAW-100_-sokoladas.jpg","width":800,"height":640,"caption":"Organic cocoa paste pieces (RAW), 100_ chocolate"},{"@type":"BreadcrumbList","@id":"https:\/\/www.biopapa.de\/en\/producte\/organic-ceremonial-cocoa-paste-criollo-raw\/#breadcrumb","itemListElement":[{"@type":"ListItem","position":1,"name":"Home","item":"https:\/\/www.biopapa.de\/en\/"},{"@type":"ListItem","position":2,"name":"Shop","item":"https:\/\/www.biopapa.de\/en\/shop\/"},{"@type":"ListItem","position":3,"name":"Organic Ceremonial Cocoa paste Criollo (RAW)"}]},{"@type":"WebSite","@id":"https:\/\/www.biopapa.de\/en\/#website","url":"https:\/\/www.biopapa.de\/en\/","name":"Biopapa","description":"\u0160var\u016bs ekologi\u0161ki produktai","publisher":{"@id":"https:\/\/www.biopapa.de\/en\/#organization"},"potentialAction":[{"@type":"SearchAction","target":{"@type":"EntryPoint","urlTemplate":"https:\/\/www.biopapa.de\/en\/?s={search_term_string}"},"query-input":{"@type":"PropertyValueSpecification","valueRequired":true,"valueName":"search_term_string"}}],"inLanguage":"en-US"},{"@type":"Organization","@id":"https:\/\/www.biopapa.de\/en\/#organization","name":"Biopapa","url":"https:\/\/www.biopapa.de\/en\/","logo":{"@type":"ImageObject","inLanguage":"en-US","@id":"https:\/\/www.biopapa.de\/en\/#\/schema\/logo\/image\/","url":"https:\/\/www.biopapa.lt\/wp-content\/uploads\/2022\/04\/facebook_biopapa.jpg","contentUrl":"https:\/\/www.biopapa.lt\/wp-content\/uploads\/2022\/04\/facebook_biopapa.jpg","width":1733,"height":907,"caption":"Biopapa"},"image":{"@id":"https:\/\/www.biopapa.de\/en\/#\/schema\/logo\/image\/"},"sameAs":["https:\/\/www.facebook.com\/biopapa.lt"]}]}},"_links":{"self":[{"href":"https:\/\/www.biopapa.de\/en\/wp-json\/wp\/v2\/product\/34109","targetHints":{"allow":["GET"]}}],"collection":[{"href":"https:\/\/www.biopapa.de\/en\/wp-json\/wp\/v2\/product"}],"about":[{"href":"https:\/\/www.biopapa.de\/en\/wp-json\/wp\/v2\/types\/product"}],"wp:featuredmedia":[{"embeddable":true,"href":"https:\/\/www.biopapa.de\/en\/wp-json\/wp\/v2\/media\/28271"}],"wp:attachment":[{"href":"https:\/\/www.biopapa.de\/en\/wp-json\/wp\/v2\/media?parent=34109"}],"wp:term":[{"taxonomy":"product_brand","embeddable":true,"href":"https:\/\/www.biopapa.de\/en\/wp-json\/wp\/v2\/product_brand?post=34109"},{"taxonomy":"product_cat","embeddable":true,"href":"https:\/\/www.biopapa.de\/en\/wp-json\/wp\/v2\/product_cat?post=34109"},{"taxonomy":"product_tag","embeddable":true,"href":"https:\/\/www.biopapa.de\/en\/wp-json\/wp\/v2\/product_tag?post=34109"}],"curies":[{"name":"wp","href":"https:\/\/api.w.org\/{rel}","templated":true}]}}