{"id":34185,"date":"2022-05-09T16:33:35","date_gmt":"2022-05-09T13:33:35","guid":{"rendered":"https:\/\/www.biopapa.lt\/produktas\/organic-acorn-coffee-roasted\/"},"modified":"2025-11-17T06:59:02","modified_gmt":"2025-11-17T04:59:02","slug":"organic-acorn-coffee","status":"publish","type":"product","link":"https:\/\/www.biopapa.de\/en\/producte\/organic-acorn-coffee\/","title":{"rendered":"Organic acorn coffee, roasted"},"content":{"rendered":"<p>Coffee enthusiasts are familiar with the world of unique and flavourful beverages, but have you ever heard of organic acorn coffee? This drink, made from the humble acorn, is making waves for its distinctive taste, potential health benefits and versatile use.<br \/>\n<strong>Organic acorn coffee<\/strong> is caffeine- and gluten-free and has an excellent nutritional profile. Acorns are rich in essential nutrients such as fibre, healthy fats and certain minerals. Incorporating acorn coffee into your daily routine can offer a tasty way to absorb these nutrients and diversify your choice of drinks.<br \/>\nAlthough organic acorn coffee does not contain caffeine like traditional coffee, it provides a natural energy boost thanks to its complex carbohydrates. Acorns are also known to contain antioxidants, which can help fight oxidative stress, reduce the risk of chronic diseases and support general well-being.<br \/>\nOrganic acorn coffee is not only a beverage, but can also add a distinctive flavour to a wide range of culinary products. It can be used as a natural flavouring in recipes such as desserts, sauces and marinades. Nutty tones can add depth to both sweet and savoury dishes, offering a culinary adventure that goes beyond traditional coffee beans.<br \/>\nOrganic acorn coffee is an attractive combination of nutrition, taste and sustainability. Its unique qualities make it an attractive choice for those looking for an alternative to traditional coffee or to expand their culinary horizons.<br \/>\nAlthough organic acorn coffee has many benefits and uses, it is important to use it in moderation. Acorns contain tannins, a group of bitter plant compounds that can reduce the body&#8217;s ability to absorb essential nutrients from food.<br \/>\nHowever, the tannins can easily be removed by boiling or soaking the acorns. This process removes their bitterness and makes them safe to eat.<\/p>\n<p>Preparing organic acorn coffee is a simple process involving roasting and grinding the acorns before brewing. The resulting drink has a subtle nutty and earthy flavour, perfect for those who want to discover new taste experiences. It can be enjoyed as a warm drink or made into cold drinks for a refreshing summer treat.<\/p>\n<p><em>Recipe<\/em><br \/>\nIngredients:<br \/>\n1-2 arb. sp. &#8211; Acorn coffee<br \/>\n1 cup &#8211; Water<br \/>\nSweetener and vegetable milk (optional)<br \/>\nSpices (optional) as it contains cardamom, ginger, cinnamon, cloves (in varying proportions).<\/p>\n<p>Preparation:<br \/>\nStart with 1 to 2 tablespoons of acorn coffee per cup of water, but you can adjust the amount to your taste.<br \/>\nBring the water to the boil, add the desired amount of acorn coffee and boil for 5 -10 minutes. You can add vegetable milk at the end to sweeten.<\/p>\n<p>You can read more about acorn coffee <a href=\"https:\/\/bukimsveiki.lt\/giliu-kava\/\">here<\/a><\/p>\n<p><em>NOTE. The information contained herein should not be construed as a recommendation for treatment or other health issues. We encourage you to make personal decisions about your personal health, taking into account a wide range of sources of information.   <\/em><\/p>\n<p>&nbsp;<\/p>\n<p>&nbsp;<\/p>\n","protected":false},"excerpt":{"rendered":"<p>Coffee enthusiasts are familiar with the world of unique and flavourful beverages, but have you ever heard of organic acorn<\/p>\n","protected":false},"featured_media":29143,"template":"","meta":{"_acf_changed":false},"product_brand":[],"product_cat":[1838,1847],"product_tag":[2034,2088],"class_list":{"0":"post-34185","1":"product","2":"type-product","3":"status-publish","4":"has-post-thumbnail","6":"product_cat-coffe","7":"product_cat-organic-tea-coffee-cocoa","8":"product_tag-gluten-free","9":"product_tag-vegan","10":"pa_svoris-1-kg-en","11":"pa_svoris-100-g-en-2","12":"pa_svoris-200-g-en","13":"pa_svoris-25-g-en","14":"pa_svoris-25-kg-en","15":"pa_svoris-300-g-en","16":"pa_svoris-400-g-en","17":"pa_svoris-50-g-en","18":"pa_svoris-500-g-en-2","20":"first","21":"instock","22":"shipping-taxable","23":"purchasable","24":"product-type-variable"},"acf":[],"yoast_head":"<!-- This site is optimized with the Yoast SEO plugin v27.5 - https:\/\/yoast.com\/product\/yoast-seo-wordpress\/ -->\n<title>Organic acorn coffee, roasted - Biopapa<\/title>\n<meta name=\"description\" content=\"Organic acorn coffee is caffeine- and gluten-free and has an excellent nutritional profile. Incorporating a deep coffee into your daily routine can offer a delicious way to diversify your choice of beneficial beverages.\" \/>\n<meta name=\"robots\" content=\"index, follow, max-snippet:-1, max-image-preview:large, max-video-preview:-1\" \/>\n<link rel=\"canonical\" href=\"https:\/\/www.biopapa.de\/en\/producte\/organic-acorn-coffee\/\" \/>\n<meta property=\"og:locale\" content=\"en_US\" \/>\n<meta property=\"og:type\" content=\"article\" \/>\n<meta property=\"og:title\" content=\"Organic acorn coffee, roasted - Biopapa\" \/>\n<meta property=\"og:description\" content=\"Organic acorn coffee is caffeine- and gluten-free and has an excellent nutritional profile. Incorporating a deep coffee into your daily routine can offer a delicious way to diversify your choice of beneficial beverages.\" \/>\n<meta property=\"og:url\" content=\"https:\/\/www.biopapa.de\/en\/producte\/organic-acorn-coffee\/\" \/>\n<meta property=\"og:site_name\" content=\"Biopapa\" \/>\n<meta property=\"article:publisher\" content=\"https:\/\/www.facebook.com\/biopapa.lt\" \/>\n<meta property=\"article:modified_time\" content=\"2025-11-17T04:59:02+00:00\" \/>\n<meta property=\"og:image\" content=\"https:\/\/www.biopapa.de\/wp-content\/uploads\/2022\/05\/giliu-kava.jpg\" \/>\n\t<meta property=\"og:image:width\" content=\"800\" \/>\n\t<meta property=\"og:image:height\" content=\"640\" \/>\n\t<meta property=\"og:image:type\" content=\"image\/jpeg\" \/>\n<meta name=\"twitter:card\" content=\"summary_large_image\" \/>\n<meta name=\"twitter:label1\" content=\"Est. reading time\" \/>\n\t<meta name=\"twitter:data1\" content=\"2 minutes\" \/>\n<script type=\"application\/ld+json\" class=\"yoast-schema-graph\">{\"@context\":\"https:\\\/\\\/schema.org\",\"@graph\":[{\"@type\":\"WebPage\",\"@id\":\"https:\\\/\\\/www.biopapa.de\\\/en\\\/producte\\\/organic-acorn-coffee\\\/\",\"url\":\"https:\\\/\\\/www.biopapa.de\\\/en\\\/producte\\\/organic-acorn-coffee\\\/\",\"name\":\"Organic acorn coffee, roasted - Biopapa\",\"isPartOf\":{\"@id\":\"https:\\\/\\\/www.biopapa.de\\\/en\\\/#website\"},\"primaryImageOfPage\":{\"@id\":\"https:\\\/\\\/www.biopapa.de\\\/en\\\/producte\\\/organic-acorn-coffee\\\/#primaryimage\"},\"image\":{\"@id\":\"https:\\\/\\\/www.biopapa.de\\\/en\\\/producte\\\/organic-acorn-coffee\\\/#primaryimage\"},\"thumbnailUrl\":\"https:\\\/\\\/www.biopapa.de\\\/wp-content\\\/uploads\\\/2022\\\/05\\\/giliu-kava.jpg\",\"datePublished\":\"2022-05-09T13:33:35+00:00\",\"dateModified\":\"2025-11-17T04:59:02+00:00\",\"description\":\"Organic acorn coffee is caffeine- and gluten-free and has an excellent nutritional profile. Incorporating a deep coffee into your daily routine can offer a delicious way to diversify your choice of beneficial beverages.\",\"breadcrumb\":{\"@id\":\"https:\\\/\\\/www.biopapa.de\\\/en\\\/producte\\\/organic-acorn-coffee\\\/#breadcrumb\"},\"inLanguage\":\"en-US\",\"potentialAction\":[{\"@type\":\"ReadAction\",\"target\":[\"https:\\\/\\\/www.biopapa.de\\\/en\\\/producte\\\/organic-acorn-coffee\\\/\"]}]},{\"@type\":\"ImageObject\",\"inLanguage\":\"en-US\",\"@id\":\"https:\\\/\\\/www.biopapa.de\\\/en\\\/producte\\\/organic-acorn-coffee\\\/#primaryimage\",\"url\":\"https:\\\/\\\/www.biopapa.de\\\/wp-content\\\/uploads\\\/2022\\\/05\\\/giliu-kava.jpg\",\"contentUrl\":\"https:\\\/\\\/www.biopapa.de\\\/wp-content\\\/uploads\\\/2022\\\/05\\\/giliu-kava.jpg\",\"width\":800,\"height\":640,\"caption\":\"acorn coffee\"},{\"@type\":\"BreadcrumbList\",\"@id\":\"https:\\\/\\\/www.biopapa.de\\\/en\\\/producte\\\/organic-acorn-coffee\\\/#breadcrumb\",\"itemListElement\":[{\"@type\":\"ListItem\",\"position\":1,\"name\":\"Home\",\"item\":\"https:\\\/\\\/www.biopapa.de\\\/en\\\/\"},{\"@type\":\"ListItem\",\"position\":2,\"name\":\"Shop\",\"item\":\"https:\\\/\\\/www.biopapa.de\\\/en\\\/shop\\\/\"},{\"@type\":\"ListItem\",\"position\":3,\"name\":\"Organic acorn coffee, roasted\"}]},{\"@type\":\"WebSite\",\"@id\":\"https:\\\/\\\/www.biopapa.de\\\/en\\\/#website\",\"url\":\"https:\\\/\\\/www.biopapa.de\\\/en\\\/\",\"name\":\"Biopapa\",\"description\":\"\u0160var\u016bs ekologi\u0161ki produktai\",\"publisher\":{\"@id\":\"https:\\\/\\\/www.biopapa.de\\\/en\\\/#organization\"},\"potentialAction\":[{\"@type\":\"SearchAction\",\"target\":{\"@type\":\"EntryPoint\",\"urlTemplate\":\"https:\\\/\\\/www.biopapa.de\\\/en\\\/?s={search_term_string}\"},\"query-input\":{\"@type\":\"PropertyValueSpecification\",\"valueRequired\":true,\"valueName\":\"search_term_string\"}}],\"inLanguage\":\"en-US\"},{\"@type\":\"Organization\",\"@id\":\"https:\\\/\\\/www.biopapa.de\\\/en\\\/#organization\",\"name\":\"Biopapa\",\"url\":\"https:\\\/\\\/www.biopapa.de\\\/en\\\/\",\"logo\":{\"@type\":\"ImageObject\",\"inLanguage\":\"en-US\",\"@id\":\"https:\\\/\\\/www.biopapa.de\\\/en\\\/#\\\/schema\\\/logo\\\/image\\\/\",\"url\":\"https:\\\/\\\/www.biopapa.lt\\\/wp-content\\\/uploads\\\/2022\\\/04\\\/facebook_biopapa.jpg\",\"contentUrl\":\"https:\\\/\\\/www.biopapa.lt\\\/wp-content\\\/uploads\\\/2022\\\/04\\\/facebook_biopapa.jpg\",\"width\":1733,\"height\":907,\"caption\":\"Biopapa\"},\"image\":{\"@id\":\"https:\\\/\\\/www.biopapa.de\\\/en\\\/#\\\/schema\\\/logo\\\/image\\\/\"},\"sameAs\":[\"https:\\\/\\\/www.facebook.com\\\/biopapa.lt\"]}]}<\/script>\n<!-- \/ Yoast SEO plugin. -->","yoast_head_json":{"title":"Organic acorn coffee, roasted - Biopapa","description":"Organic acorn coffee is caffeine- and gluten-free and has an excellent nutritional profile. Incorporating a deep coffee into your daily routine can offer a delicious way to diversify your choice of beneficial beverages.","robots":{"index":"index","follow":"follow","max-snippet":"max-snippet:-1","max-image-preview":"max-image-preview:large","max-video-preview":"max-video-preview:-1"},"canonical":"https:\/\/www.biopapa.de\/en\/producte\/organic-acorn-coffee\/","og_locale":"en_US","og_type":"article","og_title":"Organic acorn coffee, roasted - Biopapa","og_description":"Organic acorn coffee is caffeine- and gluten-free and has an excellent nutritional profile. Incorporating a deep coffee into your daily routine can offer a delicious way to diversify your choice of beneficial beverages.","og_url":"https:\/\/www.biopapa.de\/en\/producte\/organic-acorn-coffee\/","og_site_name":"Biopapa","article_publisher":"https:\/\/www.facebook.com\/biopapa.lt","article_modified_time":"2025-11-17T04:59:02+00:00","og_image":[{"width":800,"height":640,"url":"https:\/\/www.biopapa.de\/wp-content\/uploads\/2022\/05\/giliu-kava.jpg","type":"image\/jpeg"}],"twitter_card":"summary_large_image","twitter_misc":{"Est. reading time":"2 minutes"},"schema":{"@context":"https:\/\/schema.org","@graph":[{"@type":"WebPage","@id":"https:\/\/www.biopapa.de\/en\/producte\/organic-acorn-coffee\/","url":"https:\/\/www.biopapa.de\/en\/producte\/organic-acorn-coffee\/","name":"Organic acorn coffee, roasted - Biopapa","isPartOf":{"@id":"https:\/\/www.biopapa.de\/en\/#website"},"primaryImageOfPage":{"@id":"https:\/\/www.biopapa.de\/en\/producte\/organic-acorn-coffee\/#primaryimage"},"image":{"@id":"https:\/\/www.biopapa.de\/en\/producte\/organic-acorn-coffee\/#primaryimage"},"thumbnailUrl":"https:\/\/www.biopapa.de\/wp-content\/uploads\/2022\/05\/giliu-kava.jpg","datePublished":"2022-05-09T13:33:35+00:00","dateModified":"2025-11-17T04:59:02+00:00","description":"Organic acorn coffee is caffeine- and gluten-free and has an excellent nutritional profile. Incorporating a deep coffee into your daily routine can offer a delicious way to diversify your choice of beneficial beverages.","breadcrumb":{"@id":"https:\/\/www.biopapa.de\/en\/producte\/organic-acorn-coffee\/#breadcrumb"},"inLanguage":"en-US","potentialAction":[{"@type":"ReadAction","target":["https:\/\/www.biopapa.de\/en\/producte\/organic-acorn-coffee\/"]}]},{"@type":"ImageObject","inLanguage":"en-US","@id":"https:\/\/www.biopapa.de\/en\/producte\/organic-acorn-coffee\/#primaryimage","url":"https:\/\/www.biopapa.de\/wp-content\/uploads\/2022\/05\/giliu-kava.jpg","contentUrl":"https:\/\/www.biopapa.de\/wp-content\/uploads\/2022\/05\/giliu-kava.jpg","width":800,"height":640,"caption":"acorn coffee"},{"@type":"BreadcrumbList","@id":"https:\/\/www.biopapa.de\/en\/producte\/organic-acorn-coffee\/#breadcrumb","itemListElement":[{"@type":"ListItem","position":1,"name":"Home","item":"https:\/\/www.biopapa.de\/en\/"},{"@type":"ListItem","position":2,"name":"Shop","item":"https:\/\/www.biopapa.de\/en\/shop\/"},{"@type":"ListItem","position":3,"name":"Organic acorn coffee, roasted"}]},{"@type":"WebSite","@id":"https:\/\/www.biopapa.de\/en\/#website","url":"https:\/\/www.biopapa.de\/en\/","name":"Biopapa","description":"\u0160var\u016bs ekologi\u0161ki produktai","publisher":{"@id":"https:\/\/www.biopapa.de\/en\/#organization"},"potentialAction":[{"@type":"SearchAction","target":{"@type":"EntryPoint","urlTemplate":"https:\/\/www.biopapa.de\/en\/?s={search_term_string}"},"query-input":{"@type":"PropertyValueSpecification","valueRequired":true,"valueName":"search_term_string"}}],"inLanguage":"en-US"},{"@type":"Organization","@id":"https:\/\/www.biopapa.de\/en\/#organization","name":"Biopapa","url":"https:\/\/www.biopapa.de\/en\/","logo":{"@type":"ImageObject","inLanguage":"en-US","@id":"https:\/\/www.biopapa.de\/en\/#\/schema\/logo\/image\/","url":"https:\/\/www.biopapa.lt\/wp-content\/uploads\/2022\/04\/facebook_biopapa.jpg","contentUrl":"https:\/\/www.biopapa.lt\/wp-content\/uploads\/2022\/04\/facebook_biopapa.jpg","width":1733,"height":907,"caption":"Biopapa"},"image":{"@id":"https:\/\/www.biopapa.de\/en\/#\/schema\/logo\/image\/"},"sameAs":["https:\/\/www.facebook.com\/biopapa.lt"]}]}},"_links":{"self":[{"href":"https:\/\/www.biopapa.de\/en\/wp-json\/wp\/v2\/product\/34185","targetHints":{"allow":["GET"]}}],"collection":[{"href":"https:\/\/www.biopapa.de\/en\/wp-json\/wp\/v2\/product"}],"about":[{"href":"https:\/\/www.biopapa.de\/en\/wp-json\/wp\/v2\/types\/product"}],"wp:featuredmedia":[{"embeddable":true,"href":"https:\/\/www.biopapa.de\/en\/wp-json\/wp\/v2\/media\/29143"}],"wp:attachment":[{"href":"https:\/\/www.biopapa.de\/en\/wp-json\/wp\/v2\/media?parent=34185"}],"wp:term":[{"taxonomy":"product_brand","embeddable":true,"href":"https:\/\/www.biopapa.de\/en\/wp-json\/wp\/v2\/product_brand?post=34185"},{"taxonomy":"product_cat","embeddable":true,"href":"https:\/\/www.biopapa.de\/en\/wp-json\/wp\/v2\/product_cat?post=34185"},{"taxonomy":"product_tag","embeddable":true,"href":"https:\/\/www.biopapa.de\/en\/wp-json\/wp\/v2\/product_tag?post=34185"}],"curies":[{"name":"wp","href":"https:\/\/api.w.org\/{rel}","templated":true}]}}