{"id":34313,"date":"2021-07-29T21:33:13","date_gmt":"2021-07-29T18:33:13","guid":{"rendered":"https:\/\/www.biopapa.lt\/produktas\/organic-cocoa-butter-in-criollo-pieces-raw\/"},"modified":"2026-02-03T15:57:55","modified_gmt":"2026-02-03T13:57:55","slug":"organic-cocoa-butter-chunks-raw","status":"publish","type":"product","link":"https:\/\/www.biopapa.de\/en\/producte\/organic-cocoa-butter-chunks-raw\/","title":{"rendered":"Organic cocoa butter in Criollo chunks (RAW)"},"content":{"rendered":"<p><strong>Organic cocoa butter in Criollo chunks, RAW<\/strong><br \/>\nThe true cacao tree (Theobroma cacao L, criollo) is native to the Amazon rainforest. The tree was considered sacred and highly revered by the Mayans and Aztecs. Organic Peruvian cocoa beans contain more antioxidants than red wine and green tea and are a real source of minerals. Hand-picked raw Criollo cocoa beans are selected and only the best are fermented. This reduces the bitterness of the cocoa beans, which are then cold-pressed. It is in this way that RAW cocoa butter preserves most of its trace elements.<\/p>\n<p>In the world of natural superfoods, cocoa butter and RAW cocoa butter are known as two luxurious ingredients with distinct flavours and significant health benefits. The velvety delicacies derived from cocoa beans have earned a special place in the hearts of chefs, health enthusiasts and chocolate lovers. We want to highlight their health benefits and the culinary and creative ways to make the most of this great butter.<\/p>\n<p>Cocoa butter and RAW cocoa butter<br \/>\nThe process of making cocoa butter involves fermenting, drying, roasting, grinding and pressing the cocoa beans to separate the fat from the cocoa solids.<br \/>\nCocoa butter and raw (RAW) cocoa butter usually refer to the same product, i.e. the fat extracted from the cocoa bean. The term RAW is used to emphasize that RAW cocoa butter is natural, uncooked and without any additives.<br \/>\nCocoa butter is a smooth, ivory-coloured butter with a subtle chocolate aroma and a mild flavour.<br \/>\nRAW cocoa butter &#8211; has a stronger chocolate flavour and retains a richer colour.<\/p>\n<p>Possible side effects<br \/>\nCocoa butter and RAW cocoa butter are generally safe for most people when consumed in small amounts. However, due to their high fat content, overconsumption can lead to digestive problems. In addition, caution should be exercised by people who are allergic or sensitive to cocoa.<\/p>\n<p>Use of<br \/>\nChocolate making &#8211; cocoa butter is the main ingredient in homemade chocolates, contributing to their flavour and creamy texture.<br \/>\nBaked goods &#8211; use cocoa butter or RAW cocoa butter in baking recipes to add richness and moisture to cakes, cookies and other treats.<br \/>\nSkincare &#8211; add cocoa butter or RAW cocoa butter to create your own natural skincare products to create amazing creams or balms.<\/p>\n<p>Cocoa butter is a luxurious gift from nature with unique properties and flavour profiles. Cocoa butter has a smooth and creamy essence, while RAW cocoa butter has an intense chocolate aroma. Both butters offer a wide range of health benefits, from maintaining heart health to nourishing the skin.<br \/>\nWhether you are a passionate chocolate enthusiast, a culinary expert or a wellness enthusiast, both cocoa butter and RAW cocoa butter will be a wonderful and nutritious addition to your life.<\/p>\n<p>Sources:<br \/>\nReadcacao.com<br \/>\nHealthline.com<\/p>\n<p>NOTE. The information contained herein should not be construed as a recommendation for treatment or other health issues. We encourage you to make personal decisions about your personal health, taking into account a wide range of sources of information.<\/p>\n","protected":false},"excerpt":{"rendered":"<p>Organic cocoa butter in Criollo chunks, RAW The true cacao tree (Theobroma cacao L, criollo) is native to the Amazon<\/p>\n","protected":false},"featured_media":28547,"template":"","meta":{"_acf_changed":false},"product_brand":[],"product_cat":[1947,1847],"product_tag":[2056,2092,2088],"class_list":{"0":"post-34313","1":"product","2":"type-product","3":"status-publish","4":"has-post-thumbnail","6":"product_cat-cocoa","7":"product_cat-organic-tea-coffee-cocoa","8":"product_tag-keto-diet","9":"product_tag-raw-diet","10":"product_tag-vegan","11":"pa_svoris-1-kg-en","12":"pa_svoris-100-g-en-2","13":"pa_svoris-200-g-en","14":"pa_svoris-25-kg-en","15":"pa_svoris-300-g-en","16":"pa_svoris-400-g-en","17":"pa_svoris-500-g-en-2","19":"first","20":"instock","21":"shipping-taxable","22":"purchasable","23":"product-type-variable"},"acf":[],"yoast_head":"<!-- This site is optimized with the Yoast SEO plugin v27.5 - https:\/\/yoast.com\/product\/yoast-seo-wordpress\/ -->\n<title>Organic cocoa butter in Criollo chunks (RAW) - Biopapa<\/title>\n<meta name=\"description\" content=\"Organic cocoa butter in Criollo (RAW) chunks has earned a special place in the hearts of chefs, health enthusiasts and chocolate lovers. RAW cocoa butter - has a stronger chocolate flavour and retains a richer colour.\" \/>\n<meta name=\"robots\" content=\"index, follow, max-snippet:-1, max-image-preview:large, max-video-preview:-1\" \/>\n<link rel=\"canonical\" href=\"https:\/\/www.biopapa.de\/en\/producte\/organic-cocoa-butter-chunks-raw\/\" \/>\n<meta property=\"og:locale\" content=\"en_US\" \/>\n<meta property=\"og:type\" content=\"article\" \/>\n<meta property=\"og:title\" content=\"Organic cocoa butter in Criollo chunks (RAW) - Biopapa\" \/>\n<meta property=\"og:description\" content=\"Organic cocoa butter in Criollo (RAW) chunks has earned a special place in the hearts of chefs, health enthusiasts and chocolate lovers. RAW cocoa butter - has a stronger chocolate flavour and retains a richer colour.\" \/>\n<meta property=\"og:url\" content=\"https:\/\/www.biopapa.de\/en\/producte\/organic-cocoa-butter-chunks-raw\/\" \/>\n<meta property=\"og:site_name\" content=\"Biopapa\" \/>\n<meta property=\"article:publisher\" content=\"https:\/\/www.facebook.com\/biopapa.lt\" \/>\n<meta property=\"article:modified_time\" content=\"2026-02-03T13:57:55+00:00\" \/>\n<meta property=\"og:image\" content=\"https:\/\/www.biopapa.de\/wp-content\/uploads\/2021\/09\/779A1464.jpg\" \/>\n\t<meta property=\"og:image:width\" content=\"800\" \/>\n\t<meta property=\"og:image:height\" content=\"640\" \/>\n\t<meta property=\"og:image:type\" content=\"image\/jpeg\" \/>\n<meta name=\"twitter:card\" content=\"summary_large_image\" \/>\n<meta name=\"twitter:label1\" content=\"Est. reading time\" \/>\n\t<meta name=\"twitter:data1\" content=\"3 minutes\" \/>\n<script type=\"application\/ld+json\" class=\"yoast-schema-graph\">{\"@context\":\"https:\\\/\\\/schema.org\",\"@graph\":[{\"@type\":\"WebPage\",\"@id\":\"https:\\\/\\\/www.biopapa.de\\\/en\\\/producte\\\/organic-cocoa-butter-chunks-raw\\\/\",\"url\":\"https:\\\/\\\/www.biopapa.de\\\/en\\\/producte\\\/organic-cocoa-butter-chunks-raw\\\/\",\"name\":\"Organic cocoa butter in Criollo chunks (RAW) - Biopapa\",\"isPartOf\":{\"@id\":\"https:\\\/\\\/www.biopapa.de\\\/en\\\/#website\"},\"primaryImageOfPage\":{\"@id\":\"https:\\\/\\\/www.biopapa.de\\\/en\\\/producte\\\/organic-cocoa-butter-chunks-raw\\\/#primaryimage\"},\"image\":{\"@id\":\"https:\\\/\\\/www.biopapa.de\\\/en\\\/producte\\\/organic-cocoa-butter-chunks-raw\\\/#primaryimage\"},\"thumbnailUrl\":\"https:\\\/\\\/www.biopapa.de\\\/wp-content\\\/uploads\\\/2021\\\/09\\\/779A1464.jpg\",\"datePublished\":\"2021-07-29T18:33:13+00:00\",\"dateModified\":\"2026-02-03T13:57:55+00:00\",\"description\":\"Organic cocoa butter in Criollo (RAW) chunks has earned a special place in the hearts of chefs, health enthusiasts and chocolate lovers. RAW cocoa butter - has a stronger chocolate flavour and retains a richer colour.\",\"breadcrumb\":{\"@id\":\"https:\\\/\\\/www.biopapa.de\\\/en\\\/producte\\\/organic-cocoa-butter-chunks-raw\\\/#breadcrumb\"},\"inLanguage\":\"en-US\",\"potentialAction\":[{\"@type\":\"ReadAction\",\"target\":[\"https:\\\/\\\/www.biopapa.de\\\/en\\\/producte\\\/organic-cocoa-butter-chunks-raw\\\/\"]}]},{\"@type\":\"ImageObject\",\"inLanguage\":\"en-US\",\"@id\":\"https:\\\/\\\/www.biopapa.de\\\/en\\\/producte\\\/organic-cocoa-butter-chunks-raw\\\/#primaryimage\",\"url\":\"https:\\\/\\\/www.biopapa.de\\\/wp-content\\\/uploads\\\/2021\\\/09\\\/779A1464.jpg\",\"contentUrl\":\"https:\\\/\\\/www.biopapa.de\\\/wp-content\\\/uploads\\\/2021\\\/09\\\/779A1464.jpg\",\"width\":800,\"height\":640,\"caption\":\"Organic cocoa butter in chunks (RAW)\"},{\"@type\":\"BreadcrumbList\",\"@id\":\"https:\\\/\\\/www.biopapa.de\\\/en\\\/producte\\\/organic-cocoa-butter-chunks-raw\\\/#breadcrumb\",\"itemListElement\":[{\"@type\":\"ListItem\",\"position\":1,\"name\":\"Home\",\"item\":\"https:\\\/\\\/www.biopapa.de\\\/en\\\/\"},{\"@type\":\"ListItem\",\"position\":2,\"name\":\"Shop\",\"item\":\"https:\\\/\\\/www.biopapa.de\\\/en\\\/shop\\\/\"},{\"@type\":\"ListItem\",\"position\":3,\"name\":\"Organic cocoa butter in Criollo chunks (RAW)\"}]},{\"@type\":\"WebSite\",\"@id\":\"https:\\\/\\\/www.biopapa.de\\\/en\\\/#website\",\"url\":\"https:\\\/\\\/www.biopapa.de\\\/en\\\/\",\"name\":\"Biopapa\",\"description\":\"\u0160var\u016bs ekologi\u0161ki produktai\",\"publisher\":{\"@id\":\"https:\\\/\\\/www.biopapa.de\\\/en\\\/#organization\"},\"potentialAction\":[{\"@type\":\"SearchAction\",\"target\":{\"@type\":\"EntryPoint\",\"urlTemplate\":\"https:\\\/\\\/www.biopapa.de\\\/en\\\/?s={search_term_string}\"},\"query-input\":{\"@type\":\"PropertyValueSpecification\",\"valueRequired\":true,\"valueName\":\"search_term_string\"}}],\"inLanguage\":\"en-US\"},{\"@type\":\"Organization\",\"@id\":\"https:\\\/\\\/www.biopapa.de\\\/en\\\/#organization\",\"name\":\"Biopapa\",\"url\":\"https:\\\/\\\/www.biopapa.de\\\/en\\\/\",\"logo\":{\"@type\":\"ImageObject\",\"inLanguage\":\"en-US\",\"@id\":\"https:\\\/\\\/www.biopapa.de\\\/en\\\/#\\\/schema\\\/logo\\\/image\\\/\",\"url\":\"https:\\\/\\\/www.biopapa.lt\\\/wp-content\\\/uploads\\\/2022\\\/04\\\/facebook_biopapa.jpg\",\"contentUrl\":\"https:\\\/\\\/www.biopapa.lt\\\/wp-content\\\/uploads\\\/2022\\\/04\\\/facebook_biopapa.jpg\",\"width\":1733,\"height\":907,\"caption\":\"Biopapa\"},\"image\":{\"@id\":\"https:\\\/\\\/www.biopapa.de\\\/en\\\/#\\\/schema\\\/logo\\\/image\\\/\"},\"sameAs\":[\"https:\\\/\\\/www.facebook.com\\\/biopapa.lt\"]}]}<\/script>\n<!-- \/ Yoast SEO plugin. -->","yoast_head_json":{"title":"Organic cocoa butter in Criollo chunks (RAW) - Biopapa","description":"Organic cocoa butter in Criollo (RAW) chunks has earned a special place in the hearts of chefs, health enthusiasts and chocolate lovers. RAW cocoa butter - has a stronger chocolate flavour and retains a richer colour.","robots":{"index":"index","follow":"follow","max-snippet":"max-snippet:-1","max-image-preview":"max-image-preview:large","max-video-preview":"max-video-preview:-1"},"canonical":"https:\/\/www.biopapa.de\/en\/producte\/organic-cocoa-butter-chunks-raw\/","og_locale":"en_US","og_type":"article","og_title":"Organic cocoa butter in Criollo chunks (RAW) - Biopapa","og_description":"Organic cocoa butter in Criollo (RAW) chunks has earned a special place in the hearts of chefs, health enthusiasts and chocolate lovers. RAW cocoa butter - has a stronger chocolate flavour and retains a richer colour.","og_url":"https:\/\/www.biopapa.de\/en\/producte\/organic-cocoa-butter-chunks-raw\/","og_site_name":"Biopapa","article_publisher":"https:\/\/www.facebook.com\/biopapa.lt","article_modified_time":"2026-02-03T13:57:55+00:00","og_image":[{"width":800,"height":640,"url":"https:\/\/www.biopapa.de\/wp-content\/uploads\/2021\/09\/779A1464.jpg","type":"image\/jpeg"}],"twitter_card":"summary_large_image","twitter_misc":{"Est. reading time":"3 minutes"},"schema":{"@context":"https:\/\/schema.org","@graph":[{"@type":"WebPage","@id":"https:\/\/www.biopapa.de\/en\/producte\/organic-cocoa-butter-chunks-raw\/","url":"https:\/\/www.biopapa.de\/en\/producte\/organic-cocoa-butter-chunks-raw\/","name":"Organic cocoa butter in Criollo chunks (RAW) - Biopapa","isPartOf":{"@id":"https:\/\/www.biopapa.de\/en\/#website"},"primaryImageOfPage":{"@id":"https:\/\/www.biopapa.de\/en\/producte\/organic-cocoa-butter-chunks-raw\/#primaryimage"},"image":{"@id":"https:\/\/www.biopapa.de\/en\/producte\/organic-cocoa-butter-chunks-raw\/#primaryimage"},"thumbnailUrl":"https:\/\/www.biopapa.de\/wp-content\/uploads\/2021\/09\/779A1464.jpg","datePublished":"2021-07-29T18:33:13+00:00","dateModified":"2026-02-03T13:57:55+00:00","description":"Organic cocoa butter in Criollo (RAW) chunks has earned a special place in the hearts of chefs, health enthusiasts and chocolate lovers. RAW cocoa butter - has a stronger chocolate flavour and retains a richer colour.","breadcrumb":{"@id":"https:\/\/www.biopapa.de\/en\/producte\/organic-cocoa-butter-chunks-raw\/#breadcrumb"},"inLanguage":"en-US","potentialAction":[{"@type":"ReadAction","target":["https:\/\/www.biopapa.de\/en\/producte\/organic-cocoa-butter-chunks-raw\/"]}]},{"@type":"ImageObject","inLanguage":"en-US","@id":"https:\/\/www.biopapa.de\/en\/producte\/organic-cocoa-butter-chunks-raw\/#primaryimage","url":"https:\/\/www.biopapa.de\/wp-content\/uploads\/2021\/09\/779A1464.jpg","contentUrl":"https:\/\/www.biopapa.de\/wp-content\/uploads\/2021\/09\/779A1464.jpg","width":800,"height":640,"caption":"Organic cocoa butter in chunks (RAW)"},{"@type":"BreadcrumbList","@id":"https:\/\/www.biopapa.de\/en\/producte\/organic-cocoa-butter-chunks-raw\/#breadcrumb","itemListElement":[{"@type":"ListItem","position":1,"name":"Home","item":"https:\/\/www.biopapa.de\/en\/"},{"@type":"ListItem","position":2,"name":"Shop","item":"https:\/\/www.biopapa.de\/en\/shop\/"},{"@type":"ListItem","position":3,"name":"Organic cocoa butter in Criollo chunks (RAW)"}]},{"@type":"WebSite","@id":"https:\/\/www.biopapa.de\/en\/#website","url":"https:\/\/www.biopapa.de\/en\/","name":"Biopapa","description":"\u0160var\u016bs ekologi\u0161ki produktai","publisher":{"@id":"https:\/\/www.biopapa.de\/en\/#organization"},"potentialAction":[{"@type":"SearchAction","target":{"@type":"EntryPoint","urlTemplate":"https:\/\/www.biopapa.de\/en\/?s={search_term_string}"},"query-input":{"@type":"PropertyValueSpecification","valueRequired":true,"valueName":"search_term_string"}}],"inLanguage":"en-US"},{"@type":"Organization","@id":"https:\/\/www.biopapa.de\/en\/#organization","name":"Biopapa","url":"https:\/\/www.biopapa.de\/en\/","logo":{"@type":"ImageObject","inLanguage":"en-US","@id":"https:\/\/www.biopapa.de\/en\/#\/schema\/logo\/image\/","url":"https:\/\/www.biopapa.lt\/wp-content\/uploads\/2022\/04\/facebook_biopapa.jpg","contentUrl":"https:\/\/www.biopapa.lt\/wp-content\/uploads\/2022\/04\/facebook_biopapa.jpg","width":1733,"height":907,"caption":"Biopapa"},"image":{"@id":"https:\/\/www.biopapa.de\/en\/#\/schema\/logo\/image\/"},"sameAs":["https:\/\/www.facebook.com\/biopapa.lt"]}]}},"_links":{"self":[{"href":"https:\/\/www.biopapa.de\/en\/wp-json\/wp\/v2\/product\/34313","targetHints":{"allow":["GET"]}}],"collection":[{"href":"https:\/\/www.biopapa.de\/en\/wp-json\/wp\/v2\/product"}],"about":[{"href":"https:\/\/www.biopapa.de\/en\/wp-json\/wp\/v2\/types\/product"}],"wp:featuredmedia":[{"embeddable":true,"href":"https:\/\/www.biopapa.de\/en\/wp-json\/wp\/v2\/media\/28547"}],"wp:attachment":[{"href":"https:\/\/www.biopapa.de\/en\/wp-json\/wp\/v2\/media?parent=34313"}],"wp:term":[{"taxonomy":"product_brand","embeddable":true,"href":"https:\/\/www.biopapa.de\/en\/wp-json\/wp\/v2\/product_brand?post=34313"},{"taxonomy":"product_cat","embeddable":true,"href":"https:\/\/www.biopapa.de\/en\/wp-json\/wp\/v2\/product_cat?post=34313"},{"taxonomy":"product_tag","embeddable":true,"href":"https:\/\/www.biopapa.de\/en\/wp-json\/wp\/v2\/product_tag?post=34313"}],"curies":[{"name":"wp","href":"https:\/\/api.w.org\/{rel}","templated":true}]}}