{"id":34436,"date":"2022-02-24T10:29:28","date_gmt":"2022-02-24T08:29:28","guid":{"rendered":"https:\/\/www.biopapa.lt\/produktas\/organic-sweetener-erythritol-sugar-substitute\/"},"modified":"2025-07-03T12:40:54","modified_gmt":"2025-07-03T09:40:54","slug":"organic-sweetener-erythritol-sugar-substitute","status":"publish","type":"product","link":"https:\/\/www.biopapa.de\/en\/producte\/organic-sweetener-erythritol-sugar-substitute\/","title":{"rendered":"Organic sweetener erythritol (sugar substitute)"},"content":{"rendered":"<p>Erythritol is a natural sugar alcohol, commonly used as a sugar substitute in a variety of foods and beverages. This sweetener is renowned for its unique properties, providing sweetness without the calories or impact on blood sugar levels normally associated with regular sugar. Erythritol has almost no calories, making it the preferred choice for those who want to reduce their calorie intake or regulate their blood sugar levels. Unlike some other sugar substitutes, it is well tolerated by most people and is less likely to cause digestive problems. Erythritol is often found in sugar-free and low-calorie products, including sugar-free sweets, chewing gum and diet drinks, giving a sweet taste without the guilt or potential health problems associated with excessive sugar intake.<br \/>\nErythritol is found naturally in a variety of fruits such as pears, grapes, melons and watermelons.<\/p>\n<p>It is produced by the natural fermentation of maize, without any additives.<br \/>\nNaturally sweet (1 g of erythritol is equivalent in sweetness to 0.7 g of sugar) and with no aftertaste.<br \/>\nA great alternative to white sugar.<br \/>\nSuitable for vegans and diabetics.<br \/>\nNot suitable for animals.<\/p>\n<div class=\"description-inner\">\n<div class=\"js-toggle-slide-block hide-button\">\n<div class=\"js-container show-text\" data-min-height=\"340\">\n<div class=\"html-block \">\n<p>&nbsp;<\/p>\n<\/div>\n<\/div>\n<\/div>\n<\/div>\n","protected":false},"excerpt":{"rendered":"<p>Erythritol is a natural sugar alcohol, commonly used as a sugar substitute in a variety of foods and beverages. This<\/p>\n","protected":false},"featured_media":28979,"template":"","meta":{"_acf_changed":false},"product_brand":[],"product_cat":[2340,2007],"product_tag":[2056,2088],"class_list":{"0":"post-34436","1":"product","2":"type-product","3":"status-publish","4":"has-post-thumbnail","6":"product_cat-for-food-preparation","7":"product_cat-sweeteners-and-salt","8":"product_tag-keto-diet","9":"product_tag-vegan","10":"pa_svoris-1-kg-en","11":"pa_svoris-100-g-en-2","12":"pa_svoris-200-g-en","13":"pa_svoris-25-kg-en","14":"pa_svoris-300-g-en","15":"pa_svoris-400-g-en","16":"pa_svoris-500-g-en-2","18":"first","19":"instock","20":"shipping-taxable","21":"purchasable","22":"product-type-variable"},"acf":[],"yoast_head":"<!-- This site is optimized with the Yoast SEO plugin v27.4 - https:\/\/yoast.com\/product\/yoast-seo-wordpress\/ -->\n<title>Organic sweetener erythritol (sugar substitute) - Biopapa<\/title>\n<meta name=\"description\" content=\"Erythritol is renowned for its unique properties, providing sweetness without the calories or impact on blood sugar levels normally associated with regular sugar.\" \/>\n<meta name=\"robots\" content=\"index, follow, max-snippet:-1, max-image-preview:large, max-video-preview:-1\" \/>\n<link rel=\"canonical\" href=\"https:\/\/www.biopapa.de\/en\/producte\/organic-sweetener-erythritol-sugar-substitute\/\" \/>\n<meta property=\"og:locale\" content=\"en_US\" \/>\n<meta property=\"og:type\" content=\"article\" \/>\n<meta property=\"og:title\" content=\"Organic sweetener erythritol (sugar substitute) - Biopapa\" \/>\n<meta property=\"og:description\" content=\"Erythritol is renowned for its unique properties, providing sweetness without the calories or impact on blood sugar levels normally associated with regular sugar.\" \/>\n<meta property=\"og:url\" content=\"https:\/\/www.biopapa.de\/en\/producte\/organic-sweetener-erythritol-sugar-substitute\/\" \/>\n<meta property=\"og:site_name\" content=\"Biopapa\" \/>\n<meta property=\"article:publisher\" content=\"https:\/\/www.facebook.com\/biopapa.lt\" \/>\n<meta property=\"article:modified_time\" content=\"2025-07-03T09:40:54+00:00\" \/>\n<meta property=\"og:image\" content=\"https:\/\/www.biopapa.de\/wp-content\/uploads\/2022\/02\/779A7858-scaled.jpg\" \/>\n\t<meta property=\"og:image:width\" content=\"2560\" \/>\n\t<meta property=\"og:image:height\" content=\"2048\" \/>\n\t<meta property=\"og:image:type\" content=\"image\/jpeg\" \/>\n<meta name=\"twitter:card\" content=\"summary_large_image\" \/>\n<meta name=\"twitter:label1\" content=\"Est. reading time\" \/>\n\t<meta name=\"twitter:data1\" content=\"1 minute\" \/>\n<script type=\"application\/ld+json\" class=\"yoast-schema-graph\">{\"@context\":\"https:\\\/\\\/schema.org\",\"@graph\":[{\"@type\":\"WebPage\",\"@id\":\"https:\\\/\\\/www.biopapa.de\\\/en\\\/producte\\\/organic-sweetener-erythritol-sugar-substitute\\\/\",\"url\":\"https:\\\/\\\/www.biopapa.de\\\/en\\\/producte\\\/organic-sweetener-erythritol-sugar-substitute\\\/\",\"name\":\"Organic sweetener erythritol (sugar substitute) - Biopapa\",\"isPartOf\":{\"@id\":\"https:\\\/\\\/www.biopapa.de\\\/en\\\/#website\"},\"primaryImageOfPage\":{\"@id\":\"https:\\\/\\\/www.biopapa.de\\\/en\\\/producte\\\/organic-sweetener-erythritol-sugar-substitute\\\/#primaryimage\"},\"image\":{\"@id\":\"https:\\\/\\\/www.biopapa.de\\\/en\\\/producte\\\/organic-sweetener-erythritol-sugar-substitute\\\/#primaryimage\"},\"thumbnailUrl\":\"https:\\\/\\\/www.biopapa.de\\\/wp-content\\\/uploads\\\/2022\\\/02\\\/779A7858-scaled.jpg\",\"datePublished\":\"2022-02-24T08:29:28+00:00\",\"dateModified\":\"2025-07-03T09:40:54+00:00\",\"description\":\"Erythritol is renowned for its unique properties, providing sweetness without the calories or impact on blood sugar levels normally associated with regular sugar.\",\"breadcrumb\":{\"@id\":\"https:\\\/\\\/www.biopapa.de\\\/en\\\/producte\\\/organic-sweetener-erythritol-sugar-substitute\\\/#breadcrumb\"},\"inLanguage\":\"en-US\",\"potentialAction\":[{\"@type\":\"ReadAction\",\"target\":[\"https:\\\/\\\/www.biopapa.de\\\/en\\\/producte\\\/organic-sweetener-erythritol-sugar-substitute\\\/\"]}]},{\"@type\":\"ImageObject\",\"inLanguage\":\"en-US\",\"@id\":\"https:\\\/\\\/www.biopapa.de\\\/en\\\/producte\\\/organic-sweetener-erythritol-sugar-substitute\\\/#primaryimage\",\"url\":\"https:\\\/\\\/www.biopapa.de\\\/wp-content\\\/uploads\\\/2022\\\/02\\\/779A7858-scaled.jpg\",\"contentUrl\":\"https:\\\/\\\/www.biopapa.de\\\/wp-content\\\/uploads\\\/2022\\\/02\\\/779A7858-scaled.jpg\",\"width\":2560,\"height\":2048,\"caption\":\"Organic sweetener erythritol (sugar substitute)\"},{\"@type\":\"BreadcrumbList\",\"@id\":\"https:\\\/\\\/www.biopapa.de\\\/en\\\/producte\\\/organic-sweetener-erythritol-sugar-substitute\\\/#breadcrumb\",\"itemListElement\":[{\"@type\":\"ListItem\",\"position\":1,\"name\":\"Home\",\"item\":\"https:\\\/\\\/www.biopapa.de\\\/en\\\/\"},{\"@type\":\"ListItem\",\"position\":2,\"name\":\"Shop\",\"item\":\"https:\\\/\\\/www.biopapa.de\\\/en\\\/shop\\\/\"},{\"@type\":\"ListItem\",\"position\":3,\"name\":\"Organic sweetener erythritol (sugar substitute)\"}]},{\"@type\":\"WebSite\",\"@id\":\"https:\\\/\\\/www.biopapa.de\\\/en\\\/#website\",\"url\":\"https:\\\/\\\/www.biopapa.de\\\/en\\\/\",\"name\":\"Biopapa\",\"description\":\"\u0160var\u016bs ekologi\u0161ki produktai\",\"publisher\":{\"@id\":\"https:\\\/\\\/www.biopapa.de\\\/en\\\/#organization\"},\"potentialAction\":[{\"@type\":\"SearchAction\",\"target\":{\"@type\":\"EntryPoint\",\"urlTemplate\":\"https:\\\/\\\/www.biopapa.de\\\/en\\\/?s={search_term_string}\"},\"query-input\":{\"@type\":\"PropertyValueSpecification\",\"valueRequired\":true,\"valueName\":\"search_term_string\"}}],\"inLanguage\":\"en-US\"},{\"@type\":\"Organization\",\"@id\":\"https:\\\/\\\/www.biopapa.de\\\/en\\\/#organization\",\"name\":\"Biopapa\",\"url\":\"https:\\\/\\\/www.biopapa.de\\\/en\\\/\",\"logo\":{\"@type\":\"ImageObject\",\"inLanguage\":\"en-US\",\"@id\":\"https:\\\/\\\/www.biopapa.de\\\/en\\\/#\\\/schema\\\/logo\\\/image\\\/\",\"url\":\"https:\\\/\\\/www.biopapa.lt\\\/wp-content\\\/uploads\\\/2022\\\/04\\\/facebook_biopapa.jpg\",\"contentUrl\":\"https:\\\/\\\/www.biopapa.lt\\\/wp-content\\\/uploads\\\/2022\\\/04\\\/facebook_biopapa.jpg\",\"width\":1733,\"height\":907,\"caption\":\"Biopapa\"},\"image\":{\"@id\":\"https:\\\/\\\/www.biopapa.de\\\/en\\\/#\\\/schema\\\/logo\\\/image\\\/\"},\"sameAs\":[\"https:\\\/\\\/www.facebook.com\\\/biopapa.lt\"]}]}<\/script>\n<!-- \/ Yoast SEO plugin. -->","yoast_head_json":{"title":"Organic sweetener erythritol (sugar substitute) - Biopapa","description":"Erythritol is renowned for its unique properties, providing sweetness without the calories or impact on blood sugar levels normally associated with regular sugar.","robots":{"index":"index","follow":"follow","max-snippet":"max-snippet:-1","max-image-preview":"max-image-preview:large","max-video-preview":"max-video-preview:-1"},"canonical":"https:\/\/www.biopapa.de\/en\/producte\/organic-sweetener-erythritol-sugar-substitute\/","og_locale":"en_US","og_type":"article","og_title":"Organic sweetener erythritol (sugar substitute) - Biopapa","og_description":"Erythritol is renowned for its unique properties, providing sweetness without the calories or impact on blood sugar levels normally associated with regular sugar.","og_url":"https:\/\/www.biopapa.de\/en\/producte\/organic-sweetener-erythritol-sugar-substitute\/","og_site_name":"Biopapa","article_publisher":"https:\/\/www.facebook.com\/biopapa.lt","article_modified_time":"2025-07-03T09:40:54+00:00","og_image":[{"width":2560,"height":2048,"url":"https:\/\/www.biopapa.de\/wp-content\/uploads\/2022\/02\/779A7858-scaled.jpg","type":"image\/jpeg"}],"twitter_card":"summary_large_image","twitter_misc":{"Est. reading time":"1 minute"},"schema":{"@context":"https:\/\/schema.org","@graph":[{"@type":"WebPage","@id":"https:\/\/www.biopapa.de\/en\/producte\/organic-sweetener-erythritol-sugar-substitute\/","url":"https:\/\/www.biopapa.de\/en\/producte\/organic-sweetener-erythritol-sugar-substitute\/","name":"Organic sweetener erythritol (sugar substitute) - Biopapa","isPartOf":{"@id":"https:\/\/www.biopapa.de\/en\/#website"},"primaryImageOfPage":{"@id":"https:\/\/www.biopapa.de\/en\/producte\/organic-sweetener-erythritol-sugar-substitute\/#primaryimage"},"image":{"@id":"https:\/\/www.biopapa.de\/en\/producte\/organic-sweetener-erythritol-sugar-substitute\/#primaryimage"},"thumbnailUrl":"https:\/\/www.biopapa.de\/wp-content\/uploads\/2022\/02\/779A7858-scaled.jpg","datePublished":"2022-02-24T08:29:28+00:00","dateModified":"2025-07-03T09:40:54+00:00","description":"Erythritol is renowned for its unique properties, providing sweetness without the calories or impact on blood sugar levels normally associated with regular sugar.","breadcrumb":{"@id":"https:\/\/www.biopapa.de\/en\/producte\/organic-sweetener-erythritol-sugar-substitute\/#breadcrumb"},"inLanguage":"en-US","potentialAction":[{"@type":"ReadAction","target":["https:\/\/www.biopapa.de\/en\/producte\/organic-sweetener-erythritol-sugar-substitute\/"]}]},{"@type":"ImageObject","inLanguage":"en-US","@id":"https:\/\/www.biopapa.de\/en\/producte\/organic-sweetener-erythritol-sugar-substitute\/#primaryimage","url":"https:\/\/www.biopapa.de\/wp-content\/uploads\/2022\/02\/779A7858-scaled.jpg","contentUrl":"https:\/\/www.biopapa.de\/wp-content\/uploads\/2022\/02\/779A7858-scaled.jpg","width":2560,"height":2048,"caption":"Organic sweetener erythritol (sugar substitute)"},{"@type":"BreadcrumbList","@id":"https:\/\/www.biopapa.de\/en\/producte\/organic-sweetener-erythritol-sugar-substitute\/#breadcrumb","itemListElement":[{"@type":"ListItem","position":1,"name":"Home","item":"https:\/\/www.biopapa.de\/en\/"},{"@type":"ListItem","position":2,"name":"Shop","item":"https:\/\/www.biopapa.de\/en\/shop\/"},{"@type":"ListItem","position":3,"name":"Organic sweetener erythritol (sugar substitute)"}]},{"@type":"WebSite","@id":"https:\/\/www.biopapa.de\/en\/#website","url":"https:\/\/www.biopapa.de\/en\/","name":"Biopapa","description":"\u0160var\u016bs ekologi\u0161ki produktai","publisher":{"@id":"https:\/\/www.biopapa.de\/en\/#organization"},"potentialAction":[{"@type":"SearchAction","target":{"@type":"EntryPoint","urlTemplate":"https:\/\/www.biopapa.de\/en\/?s={search_term_string}"},"query-input":{"@type":"PropertyValueSpecification","valueRequired":true,"valueName":"search_term_string"}}],"inLanguage":"en-US"},{"@type":"Organization","@id":"https:\/\/www.biopapa.de\/en\/#organization","name":"Biopapa","url":"https:\/\/www.biopapa.de\/en\/","logo":{"@type":"ImageObject","inLanguage":"en-US","@id":"https:\/\/www.biopapa.de\/en\/#\/schema\/logo\/image\/","url":"https:\/\/www.biopapa.lt\/wp-content\/uploads\/2022\/04\/facebook_biopapa.jpg","contentUrl":"https:\/\/www.biopapa.lt\/wp-content\/uploads\/2022\/04\/facebook_biopapa.jpg","width":1733,"height":907,"caption":"Biopapa"},"image":{"@id":"https:\/\/www.biopapa.de\/en\/#\/schema\/logo\/image\/"},"sameAs":["https:\/\/www.facebook.com\/biopapa.lt"]}]}},"_links":{"self":[{"href":"https:\/\/www.biopapa.de\/en\/wp-json\/wp\/v2\/product\/34436","targetHints":{"allow":["GET"]}}],"collection":[{"href":"https:\/\/www.biopapa.de\/en\/wp-json\/wp\/v2\/product"}],"about":[{"href":"https:\/\/www.biopapa.de\/en\/wp-json\/wp\/v2\/types\/product"}],"wp:featuredmedia":[{"embeddable":true,"href":"https:\/\/www.biopapa.de\/en\/wp-json\/wp\/v2\/media\/28979"}],"wp:attachment":[{"href":"https:\/\/www.biopapa.de\/en\/wp-json\/wp\/v2\/media?parent=34436"}],"wp:term":[{"taxonomy":"product_brand","embeddable":true,"href":"https:\/\/www.biopapa.de\/en\/wp-json\/wp\/v2\/product_brand?post=34436"},{"taxonomy":"product_cat","embeddable":true,"href":"https:\/\/www.biopapa.de\/en\/wp-json\/wp\/v2\/product_cat?post=34436"},{"taxonomy":"product_tag","embeddable":true,"href":"https:\/\/www.biopapa.de\/en\/wp-json\/wp\/v2\/product_tag?post=34436"}],"curies":[{"name":"wp","href":"https:\/\/api.w.org\/{rel}","templated":true}]}}