{"id":35031,"date":"2023-09-11T07:39:43","date_gmt":"2023-09-11T04:39:43","guid":{"rendered":"https:\/\/www.biopapa.lt\/produktas\/organic-turmeric-powder-64-g-biopapa\/"},"modified":"2025-12-12T13:46:20","modified_gmt":"2025-12-12T11:46:20","slug":"ecological-cyberzoles-mill-64-g-biopaper","status":"publish","type":"product","link":"https:\/\/www.biopapa.de\/en\/producte\/ecological-cyberzoles-mill-64-g-biopaper\/","title":{"rendered":"Organic turmeric powder, 64 g, Biopapa"},"content":{"rendered":"<p>Turmeric, a bright golden spice, is a staple in many cuisines and traditional medicine systems around the world. Whether consumed fresh or dry, turmeric has impressive health benefits thanks to its active compound curcumin. Turmeric, or Curcuma longa, is a plant in the ginger family (Zingiberaceae) that originates from South-East Asia and has been revered for its healing properties for thousands of years. Its benefits are supported by traditional systems of medicine such as Ayurveda and Traditional Chinese Medicine (TCM), as well as by modern scientific research.<\/p>\n<p><em>Use<br \/>\n<\/em>Add dry turmeric powder to soups, stews, rice dishes or lentil dishes, even sprinkle it on salads for a warm and distinctive taste.<br \/>\nYou can also make tea, and golden milk with turmeric by mixing it with warm plant milk and a little sweetener.<\/p>\n<p>Studies claim that the combination of black pepper piperine and curcumin in turmeric increases curcumin absorption by up to 2000%.<br \/>\nCombining turmeric with black pepper therefore increases its potential health benefits.<\/p>\n<p>You will also find<a href=\"https:\/\/www.biopapa.lt\/produktas\/ekologiski-ciberzoles-milteliai\/\"> turmeric powder<\/a> weighed in our shop.<\/p>\n<p><em>NOTE. The information contained herein should not be construed as a recommendation for treatment or other health issues. We encourage you to make personal decisions about your personal health, taking into account a wide range of sources of information.<\/em><\/p>\n","protected":false},"excerpt":{"rendered":"<p>Turmeric, a bright golden spice, is a staple in many cuisines and traditional medicine systems around the world. Whether consumed<\/p>\n","protected":false},"featured_media":34761,"template":"","meta":{"_acf_changed":false},"product_brand":[],"product_cat":[1853],"product_tag":[2088],"class_list":{"0":"post-35031","1":"product","2":"type-product","3":"status-publish","4":"has-post-thumbnail","6":"product_cat-organic-spices","7":"product_tag-vegan","8":"pa_svoris-1-kg-en","9":"pa_svoris-100-g-en-2","10":"pa_svoris-200-g-en","11":"pa_svoris-300-g-en","12":"pa_svoris-400-g-en","13":"pa_svoris-5-kg-en","14":"pa_svoris-50-g-en","15":"pa_svoris-500-g-en-2","17":"first","18":"instock","19":"shipping-taxable","20":"purchasable","21":"product-type-simple"},"acf":[],"yoast_head":"<!-- This site is optimized with the Yoast SEO plugin v27.5 - https:\/\/yoast.com\/product\/yoast-seo-wordpress\/ -->\n<title>Organic turmeric powder, 64 g, Biopapa - Biopapa<\/title>\n<meta name=\"description\" content=\"Turmeric, a bright golden spice, is a staple in many cuisines and traditional medicine systems around the world. Its benefits are supported by traditional systems of medicine such as Ayurveda and Traditional Chinese Medicine (TCM), as well as by modern scientific research.\" \/>\n<meta name=\"robots\" content=\"index, follow, max-snippet:-1, max-image-preview:large, max-video-preview:-1\" \/>\n<link rel=\"canonical\" href=\"https:\/\/www.biopapa.de\/en\/producte\/ecological-cyberzoles-mill-64-g-biopaper\/\" \/>\n<meta property=\"og:locale\" content=\"en_US\" \/>\n<meta property=\"og:type\" content=\"article\" \/>\n<meta property=\"og:title\" content=\"Organic turmeric powder, 64 g, Biopapa - Biopapa\" \/>\n<meta property=\"og:description\" content=\"Turmeric, a bright golden spice, is a staple in many cuisines and traditional medicine systems around the world. Its benefits are supported by traditional systems of medicine such as Ayurveda and Traditional Chinese Medicine (TCM), as well as by modern scientific research.\" \/>\n<meta property=\"og:url\" content=\"https:\/\/www.biopapa.de\/en\/producte\/ecological-cyberzoles-mill-64-g-biopaper\/\" \/>\n<meta property=\"og:site_name\" content=\"Biopapa\" \/>\n<meta property=\"article:publisher\" content=\"https:\/\/www.facebook.com\/biopapa.lt\" \/>\n<meta property=\"article:modified_time\" content=\"2025-12-12T11:46:20+00:00\" \/>\n<meta property=\"og:image\" content=\"https:\/\/www.biopapa.de\/wp-content\/uploads\/2023\/09\/ekologiski-ciberzoles-milteliai-stikliniame-indelyje.png\" \/>\n\t<meta property=\"og:image:width\" content=\"800\" \/>\n\t<meta property=\"og:image:height\" content=\"640\" \/>\n\t<meta property=\"og:image:type\" content=\"image\/png\" \/>\n<meta name=\"twitter:card\" content=\"summary_large_image\" \/>\n<meta name=\"twitter:label1\" content=\"Est. reading time\" \/>\n\t<meta name=\"twitter:data1\" content=\"1 minute\" \/>\n<script type=\"application\/ld+json\" class=\"yoast-schema-graph\">{\"@context\":\"https:\\\/\\\/schema.org\",\"@graph\":[{\"@type\":\"WebPage\",\"@id\":\"https:\\\/\\\/www.biopapa.de\\\/en\\\/producte\\\/ecological-cyberzoles-mill-64-g-biopaper\\\/\",\"url\":\"https:\\\/\\\/www.biopapa.de\\\/en\\\/producte\\\/ecological-cyberzoles-mill-64-g-biopaper\\\/\",\"name\":\"Organic turmeric powder, 64 g, Biopapa - Biopapa\",\"isPartOf\":{\"@id\":\"https:\\\/\\\/www.biopapa.de\\\/en\\\/#website\"},\"primaryImageOfPage\":{\"@id\":\"https:\\\/\\\/www.biopapa.de\\\/en\\\/producte\\\/ecological-cyberzoles-mill-64-g-biopaper\\\/#primaryimage\"},\"image\":{\"@id\":\"https:\\\/\\\/www.biopapa.de\\\/en\\\/producte\\\/ecological-cyberzoles-mill-64-g-biopaper\\\/#primaryimage\"},\"thumbnailUrl\":\"https:\\\/\\\/www.biopapa.de\\\/wp-content\\\/uploads\\\/2023\\\/09\\\/ekologiski-ciberzoles-milteliai-stikliniame-indelyje.png\",\"datePublished\":\"2023-09-11T04:39:43+00:00\",\"dateModified\":\"2025-12-12T11:46:20+00:00\",\"description\":\"Turmeric, a bright golden spice, is a staple in many cuisines and traditional medicine systems around the world. Its benefits are supported by traditional systems of medicine such as Ayurveda and Traditional Chinese Medicine (TCM), as well as by modern scientific research.\",\"breadcrumb\":{\"@id\":\"https:\\\/\\\/www.biopapa.de\\\/en\\\/producte\\\/ecological-cyberzoles-mill-64-g-biopaper\\\/#breadcrumb\"},\"inLanguage\":\"en-US\",\"potentialAction\":[{\"@type\":\"ReadAction\",\"target\":[\"https:\\\/\\\/www.biopapa.de\\\/en\\\/producte\\\/ecological-cyberzoles-mill-64-g-biopaper\\\/\"]}]},{\"@type\":\"ImageObject\",\"inLanguage\":\"en-US\",\"@id\":\"https:\\\/\\\/www.biopapa.de\\\/en\\\/producte\\\/ecological-cyberzoles-mill-64-g-biopaper\\\/#primaryimage\",\"url\":\"https:\\\/\\\/www.biopapa.de\\\/wp-content\\\/uploads\\\/2023\\\/09\\\/ekologiski-ciberzoles-milteliai-stikliniame-indelyje.png\",\"contentUrl\":\"https:\\\/\\\/www.biopapa.de\\\/wp-content\\\/uploads\\\/2023\\\/09\\\/ekologiski-ciberzoles-milteliai-stikliniame-indelyje.png\",\"width\":800,\"height\":640},{\"@type\":\"BreadcrumbList\",\"@id\":\"https:\\\/\\\/www.biopapa.de\\\/en\\\/producte\\\/ecological-cyberzoles-mill-64-g-biopaper\\\/#breadcrumb\",\"itemListElement\":[{\"@type\":\"ListItem\",\"position\":1,\"name\":\"Home\",\"item\":\"https:\\\/\\\/www.biopapa.de\\\/en\\\/\"},{\"@type\":\"ListItem\",\"position\":2,\"name\":\"Shop\",\"item\":\"https:\\\/\\\/www.biopapa.de\\\/en\\\/shop\\\/\"},{\"@type\":\"ListItem\",\"position\":3,\"name\":\"Organic turmeric powder, 64 g, Biopapa\"}]},{\"@type\":\"WebSite\",\"@id\":\"https:\\\/\\\/www.biopapa.de\\\/en\\\/#website\",\"url\":\"https:\\\/\\\/www.biopapa.de\\\/en\\\/\",\"name\":\"Biopapa\",\"description\":\"\u0160var\u016bs ekologi\u0161ki produktai\",\"publisher\":{\"@id\":\"https:\\\/\\\/www.biopapa.de\\\/en\\\/#organization\"},\"potentialAction\":[{\"@type\":\"SearchAction\",\"target\":{\"@type\":\"EntryPoint\",\"urlTemplate\":\"https:\\\/\\\/www.biopapa.de\\\/en\\\/?s={search_term_string}\"},\"query-input\":{\"@type\":\"PropertyValueSpecification\",\"valueRequired\":true,\"valueName\":\"search_term_string\"}}],\"inLanguage\":\"en-US\"},{\"@type\":\"Organization\",\"@id\":\"https:\\\/\\\/www.biopapa.de\\\/en\\\/#organization\",\"name\":\"Biopapa\",\"url\":\"https:\\\/\\\/www.biopapa.de\\\/en\\\/\",\"logo\":{\"@type\":\"ImageObject\",\"inLanguage\":\"en-US\",\"@id\":\"https:\\\/\\\/www.biopapa.de\\\/en\\\/#\\\/schema\\\/logo\\\/image\\\/\",\"url\":\"https:\\\/\\\/www.biopapa.lt\\\/wp-content\\\/uploads\\\/2022\\\/04\\\/facebook_biopapa.jpg\",\"contentUrl\":\"https:\\\/\\\/www.biopapa.lt\\\/wp-content\\\/uploads\\\/2022\\\/04\\\/facebook_biopapa.jpg\",\"width\":1733,\"height\":907,\"caption\":\"Biopapa\"},\"image\":{\"@id\":\"https:\\\/\\\/www.biopapa.de\\\/en\\\/#\\\/schema\\\/logo\\\/image\\\/\"},\"sameAs\":[\"https:\\\/\\\/www.facebook.com\\\/biopapa.lt\"]}]}<\/script>\n<!-- \/ Yoast SEO plugin. -->","yoast_head_json":{"title":"Organic turmeric powder, 64 g, Biopapa - Biopapa","description":"Turmeric, a bright golden spice, is a staple in many cuisines and traditional medicine systems around the world. Its benefits are supported by traditional systems of medicine such as Ayurveda and Traditional Chinese Medicine (TCM), as well as by modern scientific research.","robots":{"index":"index","follow":"follow","max-snippet":"max-snippet:-1","max-image-preview":"max-image-preview:large","max-video-preview":"max-video-preview:-1"},"canonical":"https:\/\/www.biopapa.de\/en\/producte\/ecological-cyberzoles-mill-64-g-biopaper\/","og_locale":"en_US","og_type":"article","og_title":"Organic turmeric powder, 64 g, Biopapa - Biopapa","og_description":"Turmeric, a bright golden spice, is a staple in many cuisines and traditional medicine systems around the world. Its benefits are supported by traditional systems of medicine such as Ayurveda and Traditional Chinese Medicine (TCM), as well as by modern scientific research.","og_url":"https:\/\/www.biopapa.de\/en\/producte\/ecological-cyberzoles-mill-64-g-biopaper\/","og_site_name":"Biopapa","article_publisher":"https:\/\/www.facebook.com\/biopapa.lt","article_modified_time":"2025-12-12T11:46:20+00:00","og_image":[{"width":800,"height":640,"url":"https:\/\/www.biopapa.de\/wp-content\/uploads\/2023\/09\/ekologiski-ciberzoles-milteliai-stikliniame-indelyje.png","type":"image\/png"}],"twitter_card":"summary_large_image","twitter_misc":{"Est. reading time":"1 minute"},"schema":{"@context":"https:\/\/schema.org","@graph":[{"@type":"WebPage","@id":"https:\/\/www.biopapa.de\/en\/producte\/ecological-cyberzoles-mill-64-g-biopaper\/","url":"https:\/\/www.biopapa.de\/en\/producte\/ecological-cyberzoles-mill-64-g-biopaper\/","name":"Organic turmeric powder, 64 g, Biopapa - Biopapa","isPartOf":{"@id":"https:\/\/www.biopapa.de\/en\/#website"},"primaryImageOfPage":{"@id":"https:\/\/www.biopapa.de\/en\/producte\/ecological-cyberzoles-mill-64-g-biopaper\/#primaryimage"},"image":{"@id":"https:\/\/www.biopapa.de\/en\/producte\/ecological-cyberzoles-mill-64-g-biopaper\/#primaryimage"},"thumbnailUrl":"https:\/\/www.biopapa.de\/wp-content\/uploads\/2023\/09\/ekologiski-ciberzoles-milteliai-stikliniame-indelyje.png","datePublished":"2023-09-11T04:39:43+00:00","dateModified":"2025-12-12T11:46:20+00:00","description":"Turmeric, a bright golden spice, is a staple in many cuisines and traditional medicine systems around the world. Its benefits are supported by traditional systems of medicine such as Ayurveda and Traditional Chinese Medicine (TCM), as well as by modern scientific research.","breadcrumb":{"@id":"https:\/\/www.biopapa.de\/en\/producte\/ecological-cyberzoles-mill-64-g-biopaper\/#breadcrumb"},"inLanguage":"en-US","potentialAction":[{"@type":"ReadAction","target":["https:\/\/www.biopapa.de\/en\/producte\/ecological-cyberzoles-mill-64-g-biopaper\/"]}]},{"@type":"ImageObject","inLanguage":"en-US","@id":"https:\/\/www.biopapa.de\/en\/producte\/ecological-cyberzoles-mill-64-g-biopaper\/#primaryimage","url":"https:\/\/www.biopapa.de\/wp-content\/uploads\/2023\/09\/ekologiski-ciberzoles-milteliai-stikliniame-indelyje.png","contentUrl":"https:\/\/www.biopapa.de\/wp-content\/uploads\/2023\/09\/ekologiski-ciberzoles-milteliai-stikliniame-indelyje.png","width":800,"height":640},{"@type":"BreadcrumbList","@id":"https:\/\/www.biopapa.de\/en\/producte\/ecological-cyberzoles-mill-64-g-biopaper\/#breadcrumb","itemListElement":[{"@type":"ListItem","position":1,"name":"Home","item":"https:\/\/www.biopapa.de\/en\/"},{"@type":"ListItem","position":2,"name":"Shop","item":"https:\/\/www.biopapa.de\/en\/shop\/"},{"@type":"ListItem","position":3,"name":"Organic turmeric powder, 64 g, Biopapa"}]},{"@type":"WebSite","@id":"https:\/\/www.biopapa.de\/en\/#website","url":"https:\/\/www.biopapa.de\/en\/","name":"Biopapa","description":"\u0160var\u016bs ekologi\u0161ki produktai","publisher":{"@id":"https:\/\/www.biopapa.de\/en\/#organization"},"potentialAction":[{"@type":"SearchAction","target":{"@type":"EntryPoint","urlTemplate":"https:\/\/www.biopapa.de\/en\/?s={search_term_string}"},"query-input":{"@type":"PropertyValueSpecification","valueRequired":true,"valueName":"search_term_string"}}],"inLanguage":"en-US"},{"@type":"Organization","@id":"https:\/\/www.biopapa.de\/en\/#organization","name":"Biopapa","url":"https:\/\/www.biopapa.de\/en\/","logo":{"@type":"ImageObject","inLanguage":"en-US","@id":"https:\/\/www.biopapa.de\/en\/#\/schema\/logo\/image\/","url":"https:\/\/www.biopapa.lt\/wp-content\/uploads\/2022\/04\/facebook_biopapa.jpg","contentUrl":"https:\/\/www.biopapa.lt\/wp-content\/uploads\/2022\/04\/facebook_biopapa.jpg","width":1733,"height":907,"caption":"Biopapa"},"image":{"@id":"https:\/\/www.biopapa.de\/en\/#\/schema\/logo\/image\/"},"sameAs":["https:\/\/www.facebook.com\/biopapa.lt"]}]}},"_links":{"self":[{"href":"https:\/\/www.biopapa.de\/en\/wp-json\/wp\/v2\/product\/35031","targetHints":{"allow":["GET"]}}],"collection":[{"href":"https:\/\/www.biopapa.de\/en\/wp-json\/wp\/v2\/product"}],"about":[{"href":"https:\/\/www.biopapa.de\/en\/wp-json\/wp\/v2\/types\/product"}],"wp:featuredmedia":[{"embeddable":true,"href":"https:\/\/www.biopapa.de\/en\/wp-json\/wp\/v2\/media\/34761"}],"wp:attachment":[{"href":"https:\/\/www.biopapa.de\/en\/wp-json\/wp\/v2\/media?parent=35031"}],"wp:term":[{"taxonomy":"product_brand","embeddable":true,"href":"https:\/\/www.biopapa.de\/en\/wp-json\/wp\/v2\/product_brand?post=35031"},{"taxonomy":"product_cat","embeddable":true,"href":"https:\/\/www.biopapa.de\/en\/wp-json\/wp\/v2\/product_cat?post=35031"},{"taxonomy":"product_tag","embeddable":true,"href":"https:\/\/www.biopapa.de\/en\/wp-json\/wp\/v2\/product_tag?post=35031"}],"curies":[{"name":"wp","href":"https:\/\/api.w.org\/{rel}","templated":true}]}}