{"id":35843,"date":"2023-09-01T11:58:17","date_gmt":"2023-09-01T08:58:17","guid":{"rendered":"https:\/\/www.biopapa.lt\/produktas\/organic-dried-sea-vegetables-dulse-flakes\/"},"modified":"2025-12-19T14:03:56","modified_gmt":"2025-12-19T12:03:56","slug":"organic-fresh-from-the-sea-veggies-dulse-flakes","status":"publish","type":"product","link":"https:\/\/www.biopapa.de\/en\/producte\/organic-fresh-from-the-sea-veggies-dulse-flakes\/","title":{"rendered":"Organic dried sea vegetables DULSE (flakes)"},"content":{"rendered":"<p><strong>Organic dried sea vegetables DULSE (flakes)<\/strong><\/p>\n<p>The product is made from the edible seaweed Dulse (Palmaria palmata). Seaweed of European origin, dehydrated and crushed. Raw seaweed is dehydrated at low temperatures.<\/p>\n<p>Preparation: this product must be prepared in advance by rehydrating it in water for 5 minutes (their dried mass quadruples).<br \/>\nServing: can be used in salads, pickled. Also as a garnish and as an ingredient in soups, stews, cakes, rice and pasta.<br \/>\nFor: general public, except infants and young children. Suitable for vegans and vegetarians.<\/p>\n<p>Features:<br \/>\n&#8211; Low in fat.<br \/>\n&#8211; Without sugar.<br \/>\n&#8211; High in fibre.<br \/>\n&#8211; Source of protein.<br \/>\n&#8211; Taste and smell: similar to crustaceans; no more extraneous taste or smell.<br \/>\n&#8211; Texture: cartilaginous.<br \/>\n&#8211; Appearance: red seaweed.<\/p>\n<p>Guideline: intake of an average adult (8400 kJ\/2000 kcal).<\/p>\n<p>Approximately 1 g of dehydrated seaweed and 12 g of this hydrated seaweed contain 150 \u03bcg of iodine (NRV according to Regulation EU1169\/2011)<\/p>\n<p><strong>Recipe &#8211; Vegetable soup and sea vegetables DULSE<\/strong><br \/>\n<em>Ingredients<br \/>\n<\/em>&#8211; 1 L vegetable broth<br \/>\n&#8211; 100 g chives<br \/>\n&#8211; 150 g leeks<br \/>\n&#8211; 90 g carrots<br \/>\n&#8211; 4 Swiss chard leaves<br \/>\n&#8211; 100 g courgettes<br \/>\n&#8211; 10 g dehydrated DULSE<br \/>\n&#8211; a dash of olive oil<\/p>\n<p><em>Preparation<\/em><br \/>\n&#8211; wash and finely chop the vegetables;<br \/>\n&#8211; lightly fry the ingredients in oil in the following order: chives, leek, carrot, chard leaves and dehydrated sea vegetables DULSE;<br \/>\n&#8211; pour in the stock and cook for about 12 minutes;<br \/>\n&#8211; add the courgettes at the end and cook for 3 minutes;<br \/>\n&#8211; Serve on a deep plate or in a bowl.<\/p>\n<p>Let food be your medicine!<\/p>\n<p><em>NOTE. The information contained herein should not be construed as a recommendation for treatment or other health issues. We encourage you to make personal decisions about your personal health, taking into account a wide range of sources of information.   <\/em><\/p>\n","protected":false},"excerpt":{"rendered":"<p>Organic dried sea vegetables DULSE (flakes) The product is made from the edible seaweed Dulse (Palmaria palmata). Seaweed of European<\/p>\n","protected":false},"featured_media":34097,"template":"","meta":{"_acf_changed":false},"product_brand":[],"product_cat":[1849,2357],"product_tag":[2078,2030,2038,2088],"class_list":{"0":"post-35843","1":"product","2":"type-product","3":"status-publish","4":"has-post-thumbnail","6":"product_cat-organic-dried-fruits-and-berries","7":"product_cat-seaweed","8":"product_tag-a-source-of-fiber","9":"product_tag-a-source-of-protein","10":"product_tag-no-added-sugar","11":"product_tag-vegan","12":"pa_svoris-1-kg-en","13":"pa_svoris-100-g-en-2","14":"pa_svoris-200-g-en","15":"pa_svoris-25-g-en","16":"pa_svoris-300-g-en","17":"pa_svoris-400-g-en","18":"pa_svoris-50-g-en","19":"pa_svoris-500-g-en-2","21":"first","22":"instock","23":"shipping-taxable","24":"purchasable","25":"product-type-variable"},"acf":[],"yoast_head":"<!-- This site is optimized with the Yoast SEO plugin v27.5 - https:\/\/yoast.com\/product\/yoast-seo-wordpress\/ -->\n<title>Organic dried sea vegetables DULSE (flakes) - Biopapa<\/title>\n<meta name=\"description\" content=\"Edible seaweed of European origin, dehydrated and crushed. Rehydrated can be used in salads, pickled. Also as a garnish and as an ingredient in soups, stews, cakes, rice and pasta.\" \/>\n<meta name=\"robots\" content=\"index, follow, max-snippet:-1, max-image-preview:large, max-video-preview:-1\" \/>\n<link rel=\"canonical\" href=\"https:\/\/www.biopapa.de\/en\/producte\/organic-fresh-from-the-sea-veggies-dulse-flakes\/\" \/>\n<meta property=\"og:locale\" content=\"en_US\" \/>\n<meta property=\"og:type\" content=\"article\" \/>\n<meta property=\"og:title\" content=\"Organic dried sea vegetables DULSE (flakes) - Biopapa\" \/>\n<meta property=\"og:description\" content=\"Edible seaweed of European origin, dehydrated and crushed. Rehydrated can be used in salads, pickled. Also as a garnish and as an ingredient in soups, stews, cakes, rice and pasta.\" \/>\n<meta property=\"og:url\" content=\"https:\/\/www.biopapa.de\/en\/producte\/organic-fresh-from-the-sea-veggies-dulse-flakes\/\" \/>\n<meta property=\"og:site_name\" content=\"Biopapa\" \/>\n<meta property=\"article:publisher\" content=\"https:\/\/www.facebook.com\/biopapa.lt\" \/>\n<meta property=\"article:modified_time\" content=\"2025-12-19T12:03:56+00:00\" \/>\n<meta property=\"og:image\" content=\"https:\/\/www.biopapa.de\/wp-content\/uploads\/2023\/09\/dulse-800x640-1.png\" \/>\n\t<meta property=\"og:image:width\" content=\"800\" \/>\n\t<meta property=\"og:image:height\" content=\"640\" \/>\n\t<meta property=\"og:image:type\" content=\"image\/png\" \/>\n<meta name=\"twitter:card\" content=\"summary_large_image\" \/>\n<meta name=\"twitter:label1\" content=\"Est. reading time\" \/>\n\t<meta name=\"twitter:data1\" content=\"1 minute\" \/>\n<script type=\"application\/ld+json\" class=\"yoast-schema-graph\">{\"@context\":\"https:\\\/\\\/schema.org\",\"@graph\":[{\"@type\":\"WebPage\",\"@id\":\"https:\\\/\\\/www.biopapa.de\\\/en\\\/producte\\\/organic-fresh-from-the-sea-veggies-dulse-flakes\\\/\",\"url\":\"https:\\\/\\\/www.biopapa.de\\\/en\\\/producte\\\/organic-fresh-from-the-sea-veggies-dulse-flakes\\\/\",\"name\":\"Organic dried sea vegetables DULSE (flakes) - Biopapa\",\"isPartOf\":{\"@id\":\"https:\\\/\\\/www.biopapa.de\\\/en\\\/#website\"},\"primaryImageOfPage\":{\"@id\":\"https:\\\/\\\/www.biopapa.de\\\/en\\\/producte\\\/organic-fresh-from-the-sea-veggies-dulse-flakes\\\/#primaryimage\"},\"image\":{\"@id\":\"https:\\\/\\\/www.biopapa.de\\\/en\\\/producte\\\/organic-fresh-from-the-sea-veggies-dulse-flakes\\\/#primaryimage\"},\"thumbnailUrl\":\"https:\\\/\\\/www.biopapa.de\\\/wp-content\\\/uploads\\\/2023\\\/09\\\/dulse-800x640-1.png\",\"datePublished\":\"2023-09-01T08:58:17+00:00\",\"dateModified\":\"2025-12-19T12:03:56+00:00\",\"description\":\"Edible seaweed of European origin, dehydrated and crushed. Rehydrated can be used in salads, pickled. Also as a garnish and as an ingredient in soups, stews, cakes, rice and pasta.\",\"breadcrumb\":{\"@id\":\"https:\\\/\\\/www.biopapa.de\\\/en\\\/producte\\\/organic-fresh-from-the-sea-veggies-dulse-flakes\\\/#breadcrumb\"},\"inLanguage\":\"en-US\",\"potentialAction\":[{\"@type\":\"ReadAction\",\"target\":[\"https:\\\/\\\/www.biopapa.de\\\/en\\\/producte\\\/organic-fresh-from-the-sea-veggies-dulse-flakes\\\/\"]}]},{\"@type\":\"ImageObject\",\"inLanguage\":\"en-US\",\"@id\":\"https:\\\/\\\/www.biopapa.de\\\/en\\\/producte\\\/organic-fresh-from-the-sea-veggies-dulse-flakes\\\/#primaryimage\",\"url\":\"https:\\\/\\\/www.biopapa.de\\\/wp-content\\\/uploads\\\/2023\\\/09\\\/dulse-800x640-1.png\",\"contentUrl\":\"https:\\\/\\\/www.biopapa.de\\\/wp-content\\\/uploads\\\/2023\\\/09\\\/dulse-800x640-1.png\",\"width\":800,\"height\":640},{\"@type\":\"BreadcrumbList\",\"@id\":\"https:\\\/\\\/www.biopapa.de\\\/en\\\/producte\\\/organic-fresh-from-the-sea-veggies-dulse-flakes\\\/#breadcrumb\",\"itemListElement\":[{\"@type\":\"ListItem\",\"position\":1,\"name\":\"Home\",\"item\":\"https:\\\/\\\/www.biopapa.de\\\/en\\\/\"},{\"@type\":\"ListItem\",\"position\":2,\"name\":\"Shop\",\"item\":\"https:\\\/\\\/www.biopapa.de\\\/en\\\/shop\\\/\"},{\"@type\":\"ListItem\",\"position\":3,\"name\":\"Organic dried sea vegetables DULSE (flakes)\"}]},{\"@type\":\"WebSite\",\"@id\":\"https:\\\/\\\/www.biopapa.de\\\/en\\\/#website\",\"url\":\"https:\\\/\\\/www.biopapa.de\\\/en\\\/\",\"name\":\"Biopapa\",\"description\":\"\u0160var\u016bs ekologi\u0161ki produktai\",\"publisher\":{\"@id\":\"https:\\\/\\\/www.biopapa.de\\\/en\\\/#organization\"},\"potentialAction\":[{\"@type\":\"SearchAction\",\"target\":{\"@type\":\"EntryPoint\",\"urlTemplate\":\"https:\\\/\\\/www.biopapa.de\\\/en\\\/?s={search_term_string}\"},\"query-input\":{\"@type\":\"PropertyValueSpecification\",\"valueRequired\":true,\"valueName\":\"search_term_string\"}}],\"inLanguage\":\"en-US\"},{\"@type\":\"Organization\",\"@id\":\"https:\\\/\\\/www.biopapa.de\\\/en\\\/#organization\",\"name\":\"Biopapa\",\"url\":\"https:\\\/\\\/www.biopapa.de\\\/en\\\/\",\"logo\":{\"@type\":\"ImageObject\",\"inLanguage\":\"en-US\",\"@id\":\"https:\\\/\\\/www.biopapa.de\\\/en\\\/#\\\/schema\\\/logo\\\/image\\\/\",\"url\":\"https:\\\/\\\/www.biopapa.lt\\\/wp-content\\\/uploads\\\/2022\\\/04\\\/facebook_biopapa.jpg\",\"contentUrl\":\"https:\\\/\\\/www.biopapa.lt\\\/wp-content\\\/uploads\\\/2022\\\/04\\\/facebook_biopapa.jpg\",\"width\":1733,\"height\":907,\"caption\":\"Biopapa\"},\"image\":{\"@id\":\"https:\\\/\\\/www.biopapa.de\\\/en\\\/#\\\/schema\\\/logo\\\/image\\\/\"},\"sameAs\":[\"https:\\\/\\\/www.facebook.com\\\/biopapa.lt\"]}]}<\/script>\n<!-- \/ Yoast SEO plugin. -->","yoast_head_json":{"title":"Organic dried sea vegetables DULSE (flakes) - Biopapa","description":"Edible seaweed of European origin, dehydrated and crushed. Rehydrated can be used in salads, pickled. Also as a garnish and as an ingredient in soups, stews, cakes, rice and pasta.","robots":{"index":"index","follow":"follow","max-snippet":"max-snippet:-1","max-image-preview":"max-image-preview:large","max-video-preview":"max-video-preview:-1"},"canonical":"https:\/\/www.biopapa.de\/en\/producte\/organic-fresh-from-the-sea-veggies-dulse-flakes\/","og_locale":"en_US","og_type":"article","og_title":"Organic dried sea vegetables DULSE (flakes) - Biopapa","og_description":"Edible seaweed of European origin, dehydrated and crushed. Rehydrated can be used in salads, pickled. Also as a garnish and as an ingredient in soups, stews, cakes, rice and pasta.","og_url":"https:\/\/www.biopapa.de\/en\/producte\/organic-fresh-from-the-sea-veggies-dulse-flakes\/","og_site_name":"Biopapa","article_publisher":"https:\/\/www.facebook.com\/biopapa.lt","article_modified_time":"2025-12-19T12:03:56+00:00","og_image":[{"width":800,"height":640,"url":"https:\/\/www.biopapa.de\/wp-content\/uploads\/2023\/09\/dulse-800x640-1.png","type":"image\/png"}],"twitter_card":"summary_large_image","twitter_misc":{"Est. reading time":"1 minute"},"schema":{"@context":"https:\/\/schema.org","@graph":[{"@type":"WebPage","@id":"https:\/\/www.biopapa.de\/en\/producte\/organic-fresh-from-the-sea-veggies-dulse-flakes\/","url":"https:\/\/www.biopapa.de\/en\/producte\/organic-fresh-from-the-sea-veggies-dulse-flakes\/","name":"Organic dried sea vegetables DULSE (flakes) - Biopapa","isPartOf":{"@id":"https:\/\/www.biopapa.de\/en\/#website"},"primaryImageOfPage":{"@id":"https:\/\/www.biopapa.de\/en\/producte\/organic-fresh-from-the-sea-veggies-dulse-flakes\/#primaryimage"},"image":{"@id":"https:\/\/www.biopapa.de\/en\/producte\/organic-fresh-from-the-sea-veggies-dulse-flakes\/#primaryimage"},"thumbnailUrl":"https:\/\/www.biopapa.de\/wp-content\/uploads\/2023\/09\/dulse-800x640-1.png","datePublished":"2023-09-01T08:58:17+00:00","dateModified":"2025-12-19T12:03:56+00:00","description":"Edible seaweed of European origin, dehydrated and crushed. Rehydrated can be used in salads, pickled. Also as a garnish and as an ingredient in soups, stews, cakes, rice and pasta.","breadcrumb":{"@id":"https:\/\/www.biopapa.de\/en\/producte\/organic-fresh-from-the-sea-veggies-dulse-flakes\/#breadcrumb"},"inLanguage":"en-US","potentialAction":[{"@type":"ReadAction","target":["https:\/\/www.biopapa.de\/en\/producte\/organic-fresh-from-the-sea-veggies-dulse-flakes\/"]}]},{"@type":"ImageObject","inLanguage":"en-US","@id":"https:\/\/www.biopapa.de\/en\/producte\/organic-fresh-from-the-sea-veggies-dulse-flakes\/#primaryimage","url":"https:\/\/www.biopapa.de\/wp-content\/uploads\/2023\/09\/dulse-800x640-1.png","contentUrl":"https:\/\/www.biopapa.de\/wp-content\/uploads\/2023\/09\/dulse-800x640-1.png","width":800,"height":640},{"@type":"BreadcrumbList","@id":"https:\/\/www.biopapa.de\/en\/producte\/organic-fresh-from-the-sea-veggies-dulse-flakes\/#breadcrumb","itemListElement":[{"@type":"ListItem","position":1,"name":"Home","item":"https:\/\/www.biopapa.de\/en\/"},{"@type":"ListItem","position":2,"name":"Shop","item":"https:\/\/www.biopapa.de\/en\/shop\/"},{"@type":"ListItem","position":3,"name":"Organic dried sea vegetables DULSE (flakes)"}]},{"@type":"WebSite","@id":"https:\/\/www.biopapa.de\/en\/#website","url":"https:\/\/www.biopapa.de\/en\/","name":"Biopapa","description":"\u0160var\u016bs ekologi\u0161ki produktai","publisher":{"@id":"https:\/\/www.biopapa.de\/en\/#organization"},"potentialAction":[{"@type":"SearchAction","target":{"@type":"EntryPoint","urlTemplate":"https:\/\/www.biopapa.de\/en\/?s={search_term_string}"},"query-input":{"@type":"PropertyValueSpecification","valueRequired":true,"valueName":"search_term_string"}}],"inLanguage":"en-US"},{"@type":"Organization","@id":"https:\/\/www.biopapa.de\/en\/#organization","name":"Biopapa","url":"https:\/\/www.biopapa.de\/en\/","logo":{"@type":"ImageObject","inLanguage":"en-US","@id":"https:\/\/www.biopapa.de\/en\/#\/schema\/logo\/image\/","url":"https:\/\/www.biopapa.lt\/wp-content\/uploads\/2022\/04\/facebook_biopapa.jpg","contentUrl":"https:\/\/www.biopapa.lt\/wp-content\/uploads\/2022\/04\/facebook_biopapa.jpg","width":1733,"height":907,"caption":"Biopapa"},"image":{"@id":"https:\/\/www.biopapa.de\/en\/#\/schema\/logo\/image\/"},"sameAs":["https:\/\/www.facebook.com\/biopapa.lt"]}]}},"_links":{"self":[{"href":"https:\/\/www.biopapa.de\/en\/wp-json\/wp\/v2\/product\/35843","targetHints":{"allow":["GET"]}}],"collection":[{"href":"https:\/\/www.biopapa.de\/en\/wp-json\/wp\/v2\/product"}],"about":[{"href":"https:\/\/www.biopapa.de\/en\/wp-json\/wp\/v2\/types\/product"}],"wp:featuredmedia":[{"embeddable":true,"href":"https:\/\/www.biopapa.de\/en\/wp-json\/wp\/v2\/media\/34097"}],"wp:attachment":[{"href":"https:\/\/www.biopapa.de\/en\/wp-json\/wp\/v2\/media?parent=35843"}],"wp:term":[{"taxonomy":"product_brand","embeddable":true,"href":"https:\/\/www.biopapa.de\/en\/wp-json\/wp\/v2\/product_brand?post=35843"},{"taxonomy":"product_cat","embeddable":true,"href":"https:\/\/www.biopapa.de\/en\/wp-json\/wp\/v2\/product_cat?post=35843"},{"taxonomy":"product_tag","embeddable":true,"href":"https:\/\/www.biopapa.de\/en\/wp-json\/wp\/v2\/product_tag?post=35843"}],"curies":[{"name":"wp","href":"https:\/\/api.w.org\/{rel}","templated":true}]}}