{"id":35852,"date":"2023-09-01T11:49:09","date_gmt":"2023-09-01T08:49:09","guid":{"rendered":"https:\/\/www.biopapa.lt\/produktas\/organic-dried-sea-vegetables-wakame-flakes\/"},"modified":"2025-07-01T11:05:34","modified_gmt":"2025-07-01T08:05:34","slug":"organic-dried-sea-vegetables-wakame-flakes","status":"publish","type":"product","link":"https:\/\/www.biopapa.de\/en\/producte\/organic-dried-sea-vegetables-wakame-flakes\/","title":{"rendered":"Organic dried sea vegetables WAKAME (flakes)"},"content":{"rendered":"<p><strong>Organic dried sea vegetables WAKAME (flakes)<\/strong><\/p>\n<p>The product is made from the edible seaweed Wakame<em>(Undaria pinnatifida<\/em>). Seaweed of European origin, dehydrated and crushed. Raw seaweed is dehydrated at low temperatures.<\/p>\n<p><em>Purpose<\/em><br \/>\nWakame Seaweed must be prepared in advance by boiling for 5 minutes or rehydrating in water for 10 minutes (its dried weight increases sixfold)<br \/>\nRehydrated and blanched for use in salads.<br \/>\nCooked as a side dish for a variety of dishes; used in soups, stews, rice, pasta, etc.<br \/>\nSuitable for the general public, except infants and young children (1-3 years).<br \/>\nSuitable for vegans and vegetarians.<\/p>\n<p><em>Features<\/em><br \/>\n&#8211; Without sugar.<br \/>\n&#8211; High in fibre.<br \/>\n&#8211; Taste and smell: Mild oyster flavour, slightly astringent. No off-flavours or odours.<br \/>\n&#8211; Texture: fleshy and slightly crunchy.<br \/>\n&#8211; Appearance: Dark brown when fresh and green when cooked. The white colour that may appear comes from the algae&#8217;s own salts, which act as a natural preservative.<\/p>\n<p>Reference intake for an average adult (8400 kJ\/2000 kcal).<br \/>\nIt is recommended to monitor the iodine content of the final product.<\/p>\n<p>Approximately 4 g of rehydrated wakame and 1 g of dehydrated seaweed contain 150 \u03bcg of iodine (NRV according to EU Regulation 1169\/2011).<\/p>\n<p><em>NOTE. The information contained herein should not be construed as a recommendation for treatment or other health issues. We encourage you to make personal decisions about your personal health, taking into account a wide range of sources of information.<\/em><\/p>\n","protected":false},"excerpt":{"rendered":"<p>Organic dried sea vegetables WAKAME (flakes) The product is made from the edible seaweed Wakame(Undaria pinnatifida). Seaweed of European origin,<\/p>\n","protected":false},"featured_media":34100,"template":"","meta":{"_acf_changed":false},"product_brand":[],"product_cat":[1849,2357],"product_tag":[2078,2038,2088],"class_list":{"0":"post-35852","1":"product","2":"type-product","3":"status-publish","4":"has-post-thumbnail","6":"product_cat-organic-dried-fruits-and-berries","7":"product_cat-seaweed","8":"product_tag-a-source-of-fiber","9":"product_tag-no-added-sugar","10":"product_tag-vegan","11":"pa_svoris-25-g-en","12":"pa_svoris-50-g-en","13":"pa_svoris-100-g-en-2","14":"pa_svoris-200-g-en","15":"pa_svoris-300-g-en","16":"pa_svoris-400-g-en","17":"pa_svoris-500-g-en-2","18":"pa_svoris-1-kg-en","20":"first","21":"instock","22":"shipping-taxable","23":"purchasable","24":"product-type-variable"},"acf":[],"yoast_head":"<!-- This site is optimized with the Yoast SEO plugin v27.3 - https:\/\/yoast.com\/product\/yoast-seo-wordpress\/ -->\n<title>Organic dried sea vegetables WAKAME (flakes) - Biopapa<\/title>\n<meta name=\"description\" content=\"Organic sea vegetables Wakame (Undaria pinnatifida). Seaweed of European origin, dehydrated and crushed. Raw seaweed is dehydrated at low temperatures.\" \/>\n<meta name=\"robots\" content=\"index, follow, max-snippet:-1, max-image-preview:large, max-video-preview:-1\" \/>\n<link rel=\"canonical\" href=\"https:\/\/www.biopapa.de\/en\/producte\/organic-dried-sea-vegetables-wakame-flakes\/\" \/>\n<meta property=\"og:locale\" content=\"en_US\" \/>\n<meta property=\"og:type\" content=\"article\" \/>\n<meta property=\"og:title\" content=\"Organic dried sea vegetables WAKAME (flakes) - Biopapa\" \/>\n<meta property=\"og:description\" content=\"Organic sea vegetables Wakame (Undaria pinnatifida). Seaweed of European origin, dehydrated and crushed. Raw seaweed is dehydrated at low temperatures.\" \/>\n<meta property=\"og:url\" content=\"https:\/\/www.biopapa.de\/en\/producte\/organic-dried-sea-vegetables-wakame-flakes\/\" \/>\n<meta property=\"og:site_name\" content=\"Biopapa\" \/>\n<meta property=\"article:publisher\" content=\"https:\/\/www.facebook.com\/biopapa.lt\" \/>\n<meta property=\"article:modified_time\" content=\"2025-07-01T08:05:34+00:00\" \/>\n<meta property=\"og:image\" content=\"https:\/\/www.biopapa.de\/wp-content\/uploads\/2023\/09\/wakame-800x640-2.png\" \/>\n\t<meta property=\"og:image:width\" content=\"800\" \/>\n\t<meta property=\"og:image:height\" content=\"640\" \/>\n\t<meta property=\"og:image:type\" content=\"image\/png\" \/>\n<meta name=\"twitter:card\" content=\"summary_large_image\" \/>\n<meta name=\"twitter:label1\" content=\"Est. reading time\" \/>\n\t<meta name=\"twitter:data1\" content=\"1 minute\" \/>\n<script type=\"application\/ld+json\" class=\"yoast-schema-graph\">{\"@context\":\"https:\\\/\\\/schema.org\",\"@graph\":[{\"@type\":\"WebPage\",\"@id\":\"https:\\\/\\\/www.biopapa.de\\\/en\\\/producte\\\/organic-dried-sea-vegetables-wakame-flakes\\\/\",\"url\":\"https:\\\/\\\/www.biopapa.de\\\/en\\\/producte\\\/organic-dried-sea-vegetables-wakame-flakes\\\/\",\"name\":\"Organic dried sea vegetables WAKAME (flakes) - Biopapa\",\"isPartOf\":{\"@id\":\"https:\\\/\\\/www.biopapa.de\\\/en\\\/#website\"},\"primaryImageOfPage\":{\"@id\":\"https:\\\/\\\/www.biopapa.de\\\/en\\\/producte\\\/organic-dried-sea-vegetables-wakame-flakes\\\/#primaryimage\"},\"image\":{\"@id\":\"https:\\\/\\\/www.biopapa.de\\\/en\\\/producte\\\/organic-dried-sea-vegetables-wakame-flakes\\\/#primaryimage\"},\"thumbnailUrl\":\"https:\\\/\\\/www.biopapa.de\\\/wp-content\\\/uploads\\\/2023\\\/09\\\/wakame-800x640-2.png\",\"datePublished\":\"2023-09-01T08:49:09+00:00\",\"dateModified\":\"2025-07-01T08:05:34+00:00\",\"description\":\"Organic sea vegetables Wakame (Undaria pinnatifida). Seaweed of European origin, dehydrated and crushed. Raw seaweed is dehydrated at low temperatures.\",\"breadcrumb\":{\"@id\":\"https:\\\/\\\/www.biopapa.de\\\/en\\\/producte\\\/organic-dried-sea-vegetables-wakame-flakes\\\/#breadcrumb\"},\"inLanguage\":\"en-US\",\"potentialAction\":[{\"@type\":\"ReadAction\",\"target\":[\"https:\\\/\\\/www.biopapa.de\\\/en\\\/producte\\\/organic-dried-sea-vegetables-wakame-flakes\\\/\"]}]},{\"@type\":\"ImageObject\",\"inLanguage\":\"en-US\",\"@id\":\"https:\\\/\\\/www.biopapa.de\\\/en\\\/producte\\\/organic-dried-sea-vegetables-wakame-flakes\\\/#primaryimage\",\"url\":\"https:\\\/\\\/www.biopapa.de\\\/wp-content\\\/uploads\\\/2023\\\/09\\\/wakame-800x640-2.png\",\"contentUrl\":\"https:\\\/\\\/www.biopapa.de\\\/wp-content\\\/uploads\\\/2023\\\/09\\\/wakame-800x640-2.png\",\"width\":800,\"height\":640},{\"@type\":\"BreadcrumbList\",\"@id\":\"https:\\\/\\\/www.biopapa.de\\\/en\\\/producte\\\/organic-dried-sea-vegetables-wakame-flakes\\\/#breadcrumb\",\"itemListElement\":[{\"@type\":\"ListItem\",\"position\":1,\"name\":\"Home\",\"item\":\"https:\\\/\\\/www.biopapa.de\\\/en\\\/\"},{\"@type\":\"ListItem\",\"position\":2,\"name\":\"Shop\",\"item\":\"https:\\\/\\\/www.biopapa.de\\\/en\\\/shop\\\/\"},{\"@type\":\"ListItem\",\"position\":3,\"name\":\"Organic dried sea vegetables WAKAME (flakes)\"}]},{\"@type\":\"WebSite\",\"@id\":\"https:\\\/\\\/www.biopapa.de\\\/en\\\/#website\",\"url\":\"https:\\\/\\\/www.biopapa.de\\\/en\\\/\",\"name\":\"Biopapa\",\"description\":\"\u0160var\u016bs ekologi\u0161ki produktai\",\"publisher\":{\"@id\":\"https:\\\/\\\/www.biopapa.de\\\/en\\\/#organization\"},\"potentialAction\":[{\"@type\":\"SearchAction\",\"target\":{\"@type\":\"EntryPoint\",\"urlTemplate\":\"https:\\\/\\\/www.biopapa.de\\\/en\\\/?s={search_term_string}\"},\"query-input\":{\"@type\":\"PropertyValueSpecification\",\"valueRequired\":true,\"valueName\":\"search_term_string\"}}],\"inLanguage\":\"en-US\"},{\"@type\":\"Organization\",\"@id\":\"https:\\\/\\\/www.biopapa.de\\\/en\\\/#organization\",\"name\":\"Biopapa\",\"url\":\"https:\\\/\\\/www.biopapa.de\\\/en\\\/\",\"logo\":{\"@type\":\"ImageObject\",\"inLanguage\":\"en-US\",\"@id\":\"https:\\\/\\\/www.biopapa.de\\\/en\\\/#\\\/schema\\\/logo\\\/image\\\/\",\"url\":\"https:\\\/\\\/www.biopapa.lt\\\/wp-content\\\/uploads\\\/2022\\\/04\\\/facebook_biopapa.jpg\",\"contentUrl\":\"https:\\\/\\\/www.biopapa.lt\\\/wp-content\\\/uploads\\\/2022\\\/04\\\/facebook_biopapa.jpg\",\"width\":1733,\"height\":907,\"caption\":\"Biopapa\"},\"image\":{\"@id\":\"https:\\\/\\\/www.biopapa.de\\\/en\\\/#\\\/schema\\\/logo\\\/image\\\/\"},\"sameAs\":[\"https:\\\/\\\/www.facebook.com\\\/biopapa.lt\"]}]}<\/script>\n<!-- \/ Yoast SEO plugin. -->","yoast_head_json":{"title":"Organic dried sea vegetables WAKAME (flakes) - Biopapa","description":"Organic sea vegetables Wakame (Undaria pinnatifida). Seaweed of European origin, dehydrated and crushed. Raw seaweed is dehydrated at low temperatures.","robots":{"index":"index","follow":"follow","max-snippet":"max-snippet:-1","max-image-preview":"max-image-preview:large","max-video-preview":"max-video-preview:-1"},"canonical":"https:\/\/www.biopapa.de\/en\/producte\/organic-dried-sea-vegetables-wakame-flakes\/","og_locale":"en_US","og_type":"article","og_title":"Organic dried sea vegetables WAKAME (flakes) - Biopapa","og_description":"Organic sea vegetables Wakame (Undaria pinnatifida). Seaweed of European origin, dehydrated and crushed. Raw seaweed is dehydrated at low temperatures.","og_url":"https:\/\/www.biopapa.de\/en\/producte\/organic-dried-sea-vegetables-wakame-flakes\/","og_site_name":"Biopapa","article_publisher":"https:\/\/www.facebook.com\/biopapa.lt","article_modified_time":"2025-07-01T08:05:34+00:00","og_image":[{"width":800,"height":640,"url":"https:\/\/www.biopapa.de\/wp-content\/uploads\/2023\/09\/wakame-800x640-2.png","type":"image\/png"}],"twitter_card":"summary_large_image","twitter_misc":{"Est. reading time":"1 minute"},"schema":{"@context":"https:\/\/schema.org","@graph":[{"@type":"WebPage","@id":"https:\/\/www.biopapa.de\/en\/producte\/organic-dried-sea-vegetables-wakame-flakes\/","url":"https:\/\/www.biopapa.de\/en\/producte\/organic-dried-sea-vegetables-wakame-flakes\/","name":"Organic dried sea vegetables WAKAME (flakes) - Biopapa","isPartOf":{"@id":"https:\/\/www.biopapa.de\/en\/#website"},"primaryImageOfPage":{"@id":"https:\/\/www.biopapa.de\/en\/producte\/organic-dried-sea-vegetables-wakame-flakes\/#primaryimage"},"image":{"@id":"https:\/\/www.biopapa.de\/en\/producte\/organic-dried-sea-vegetables-wakame-flakes\/#primaryimage"},"thumbnailUrl":"https:\/\/www.biopapa.de\/wp-content\/uploads\/2023\/09\/wakame-800x640-2.png","datePublished":"2023-09-01T08:49:09+00:00","dateModified":"2025-07-01T08:05:34+00:00","description":"Organic sea vegetables Wakame (Undaria pinnatifida). Seaweed of European origin, dehydrated and crushed. Raw seaweed is dehydrated at low temperatures.","breadcrumb":{"@id":"https:\/\/www.biopapa.de\/en\/producte\/organic-dried-sea-vegetables-wakame-flakes\/#breadcrumb"},"inLanguage":"en-US","potentialAction":[{"@type":"ReadAction","target":["https:\/\/www.biopapa.de\/en\/producte\/organic-dried-sea-vegetables-wakame-flakes\/"]}]},{"@type":"ImageObject","inLanguage":"en-US","@id":"https:\/\/www.biopapa.de\/en\/producte\/organic-dried-sea-vegetables-wakame-flakes\/#primaryimage","url":"https:\/\/www.biopapa.de\/wp-content\/uploads\/2023\/09\/wakame-800x640-2.png","contentUrl":"https:\/\/www.biopapa.de\/wp-content\/uploads\/2023\/09\/wakame-800x640-2.png","width":800,"height":640},{"@type":"BreadcrumbList","@id":"https:\/\/www.biopapa.de\/en\/producte\/organic-dried-sea-vegetables-wakame-flakes\/#breadcrumb","itemListElement":[{"@type":"ListItem","position":1,"name":"Home","item":"https:\/\/www.biopapa.de\/en\/"},{"@type":"ListItem","position":2,"name":"Shop","item":"https:\/\/www.biopapa.de\/en\/shop\/"},{"@type":"ListItem","position":3,"name":"Organic dried sea vegetables WAKAME (flakes)"}]},{"@type":"WebSite","@id":"https:\/\/www.biopapa.de\/en\/#website","url":"https:\/\/www.biopapa.de\/en\/","name":"Biopapa","description":"\u0160var\u016bs ekologi\u0161ki produktai","publisher":{"@id":"https:\/\/www.biopapa.de\/en\/#organization"},"potentialAction":[{"@type":"SearchAction","target":{"@type":"EntryPoint","urlTemplate":"https:\/\/www.biopapa.de\/en\/?s={search_term_string}"},"query-input":{"@type":"PropertyValueSpecification","valueRequired":true,"valueName":"search_term_string"}}],"inLanguage":"en-US"},{"@type":"Organization","@id":"https:\/\/www.biopapa.de\/en\/#organization","name":"Biopapa","url":"https:\/\/www.biopapa.de\/en\/","logo":{"@type":"ImageObject","inLanguage":"en-US","@id":"https:\/\/www.biopapa.de\/en\/#\/schema\/logo\/image\/","url":"https:\/\/www.biopapa.lt\/wp-content\/uploads\/2022\/04\/facebook_biopapa.jpg","contentUrl":"https:\/\/www.biopapa.lt\/wp-content\/uploads\/2022\/04\/facebook_biopapa.jpg","width":1733,"height":907,"caption":"Biopapa"},"image":{"@id":"https:\/\/www.biopapa.de\/en\/#\/schema\/logo\/image\/"},"sameAs":["https:\/\/www.facebook.com\/biopapa.lt"]}]}},"_links":{"self":[{"href":"https:\/\/www.biopapa.de\/en\/wp-json\/wp\/v2\/product\/35852","targetHints":{"allow":["GET"]}}],"collection":[{"href":"https:\/\/www.biopapa.de\/en\/wp-json\/wp\/v2\/product"}],"about":[{"href":"https:\/\/www.biopapa.de\/en\/wp-json\/wp\/v2\/types\/product"}],"wp:featuredmedia":[{"embeddable":true,"href":"https:\/\/www.biopapa.de\/en\/wp-json\/wp\/v2\/media\/34100"}],"wp:attachment":[{"href":"https:\/\/www.biopapa.de\/en\/wp-json\/wp\/v2\/media?parent=35852"}],"wp:term":[{"taxonomy":"product_brand","embeddable":true,"href":"https:\/\/www.biopapa.de\/en\/wp-json\/wp\/v2\/product_brand?post=35852"},{"taxonomy":"product_cat","embeddable":true,"href":"https:\/\/www.biopapa.de\/en\/wp-json\/wp\/v2\/product_cat?post=35852"},{"taxonomy":"product_tag","embeddable":true,"href":"https:\/\/www.biopapa.de\/en\/wp-json\/wp\/v2\/product_tag?post=35852"}],"curies":[{"name":"wp","href":"https:\/\/api.w.org\/{rel}","templated":true}]}}