{"id":35863,"date":"2023-09-01T11:38:40","date_gmt":"2023-09-01T08:38:40","guid":{"rendered":"https:\/\/www.biopapa.lt\/produktas\/organic-dried-sea-vegetables-kombu-flakes\/"},"modified":"2025-12-12T13:54:43","modified_gmt":"2025-12-12T11:54:43","slug":"organic-fresh-from-the-sea-vegetables-kombu-flakes","status":"publish","type":"product","link":"https:\/\/www.biopapa.de\/en\/producte\/organic-fresh-from-the-sea-vegetables-kombu-flakes\/","title":{"rendered":"Organic dried sea vegetables KOMBU (flakes)"},"content":{"rendered":"<p><strong>Organic dried sea vegetables KOMBU (flakes)<\/strong><\/p>\n<p>The product is made from the edible seaweed Kombu (<em>Laminaria ochroleuca<\/em>). Seaweed of European origin, dehydrated and crushed. Raw seaweed is dehydrated at low temperatures.<\/p>\n<p><em>Purpose<\/em><br \/>\nKombu is traditionally used to flavour water, which is used to make broths, soups, rice, stews and sauces. It has thickening properties, which is very useful in the preparation of sauces.<\/p>\n<p><em>Features<\/em><br \/>\n&#8211; Source of iodine<br \/>\n&#8211; Without sugar<br \/>\n&#8211; Low in fat<br \/>\n&#8211; Source of magnesium and potassium<br \/>\n&#8211; Odour and taste: seawater and a slightly smoky, iodised taste.<br \/>\n&#8211; Appearance: yellowish-brown seaweed. The white colour that can appear on algae comes from the salts, which act as a natural preservative.<br \/>\n&#8211; Texture: fleshy, crisp and slightly cartilaginous.<\/p>\n<p>Approximately 50 mg of dried kombu contains 150 \u03bcg of iodine.<br \/>\nIt is recommended to monitor the iodine content of the final product.<\/p>\n<p>Suitable for the general public, except infants and young children (1-3 years).<br \/>\nSuitable for vegans and vegetarians.<\/p>\n<p><strong>Recipe &#8211; Braised lentils with kombu<br \/>\n<\/strong><em>Ingredients<\/em><br \/>\n&#8211; 250 g lentils<br \/>\n&#8211; 1 clove of garlic<br \/>\n&#8211; 2 small carrots<br \/>\n&#8211; 120 g onion<br \/>\n&#8211; 10 g dehydrated Kombu<br \/>\n&#8211; 2 ripe tomatoes<br \/>\n&#8211; 100 g grated tomatoes<br \/>\n&#8211; 75 g olive oil<br \/>\n&#8211; 1 bay leaf<br \/>\n&#8211; 1 arbt. a teaspoon sweet paprika<br \/>\n&#8211; 1 L vegetable stock<br \/>\n&#8211; Additional water as needed (1 part lens needs 2 \u00bd parts water)<\/p>\n<p><em>Preparation<\/em><br \/>\n&#8211; wash the lenses;<br \/>\n&#8211; Peel and wash the carrots, tomatoes, onion, garlic and finely chop;<br \/>\n&#8211; In a saucepan, fry the garlic in oil, add the chopped onion, diced carrots, dehydrated kombu, chopped tomatoes, grated tomatoes and paprika, and fry;<br \/>\n&#8211; add the lentils and vegetable stock and cook for about 30 &#8211; 40 minutes.<br \/>\n&#8211; Serve on a deep plate or in a bowl.<\/p>\n<p>Let food be your medicine!<\/p>\n<p><em>NOTE. The information contained herein should not be construed as a recommendation for treatment or other health issues. We encourage you to make personal decisions about your personal health, taking into account a wide range of sources of information.<\/em><\/p>\n","protected":false},"excerpt":{"rendered":"<p>Organic dried sea vegetables KOMBU (flakes) The product is made from the edible seaweed Kombu (Laminaria ochroleuca). Seaweed of European<\/p>\n","protected":false},"featured_media":34103,"template":"","meta":{"_acf_changed":false},"product_brand":[],"product_cat":[1849,2357],"product_tag":[2038,2088],"class_list":{"0":"post-35863","1":"product","2":"type-product","3":"status-publish","4":"has-post-thumbnail","6":"product_cat-organic-dried-fruits-and-berries","7":"product_cat-seaweed","8":"product_tag-no-added-sugar","9":"product_tag-vegan","10":"pa_svoris-1-kg-en","11":"pa_svoris-100-g-en-2","12":"pa_svoris-200-g-en","13":"pa_svoris-25-g-en","14":"pa_svoris-300-g-en","15":"pa_svoris-400-g-en","16":"pa_svoris-50-g-en","17":"pa_svoris-500-g-en-2","19":"first","20":"instock","21":"shipping-taxable","22":"purchasable","23":"product-type-variable"},"acf":[],"yoast_head":"<!-- This site is optimized with the Yoast SEO plugin v27.5 - https:\/\/yoast.com\/product\/yoast-seo-wordpress\/ -->\n<title>Organic dried sea vegetables KOMBU (flakes) - Biopapa<\/title>\n<meta name=\"description\" content=\"Kombu seaweed (Laminaria ochroleuca) is a dehydrated and shredded seaweed of European origin. Raw seaweed is dehydrated at low temperatures.\" \/>\n<meta name=\"robots\" content=\"index, follow, max-snippet:-1, max-image-preview:large, max-video-preview:-1\" \/>\n<link rel=\"canonical\" href=\"https:\/\/www.biopapa.de\/en\/producte\/organic-fresh-from-the-sea-vegetables-kombu-flakes\/\" \/>\n<meta property=\"og:locale\" content=\"en_US\" \/>\n<meta property=\"og:type\" content=\"article\" \/>\n<meta property=\"og:title\" content=\"Organic dried sea vegetables KOMBU (flakes) - Biopapa\" \/>\n<meta property=\"og:description\" content=\"Kombu seaweed (Laminaria ochroleuca) is a dehydrated and shredded seaweed of European origin. Raw seaweed is dehydrated at low temperatures.\" \/>\n<meta property=\"og:url\" content=\"https:\/\/www.biopapa.de\/en\/producte\/organic-fresh-from-the-sea-vegetables-kombu-flakes\/\" \/>\n<meta property=\"og:site_name\" content=\"Biopapa\" \/>\n<meta property=\"article:publisher\" content=\"https:\/\/www.facebook.com\/biopapa.lt\" \/>\n<meta property=\"article:modified_time\" content=\"2025-12-12T11:54:43+00:00\" \/>\n<meta property=\"og:image\" content=\"https:\/\/www.biopapa.de\/wp-content\/uploads\/2023\/09\/kombu-800x640-1.png\" \/>\n\t<meta property=\"og:image:width\" content=\"800\" \/>\n\t<meta property=\"og:image:height\" content=\"640\" \/>\n\t<meta property=\"og:image:type\" content=\"image\/png\" \/>\n<meta name=\"twitter:card\" content=\"summary_large_image\" \/>\n<meta name=\"twitter:label1\" content=\"Est. reading time\" \/>\n\t<meta name=\"twitter:data1\" content=\"2 minutes\" \/>\n<script type=\"application\/ld+json\" class=\"yoast-schema-graph\">{\"@context\":\"https:\\\/\\\/schema.org\",\"@graph\":[{\"@type\":\"WebPage\",\"@id\":\"https:\\\/\\\/www.biopapa.de\\\/en\\\/producte\\\/organic-fresh-from-the-sea-vegetables-kombu-flakes\\\/\",\"url\":\"https:\\\/\\\/www.biopapa.de\\\/en\\\/producte\\\/organic-fresh-from-the-sea-vegetables-kombu-flakes\\\/\",\"name\":\"Organic dried sea vegetables KOMBU (flakes) - Biopapa\",\"isPartOf\":{\"@id\":\"https:\\\/\\\/www.biopapa.de\\\/en\\\/#website\"},\"primaryImageOfPage\":{\"@id\":\"https:\\\/\\\/www.biopapa.de\\\/en\\\/producte\\\/organic-fresh-from-the-sea-vegetables-kombu-flakes\\\/#primaryimage\"},\"image\":{\"@id\":\"https:\\\/\\\/www.biopapa.de\\\/en\\\/producte\\\/organic-fresh-from-the-sea-vegetables-kombu-flakes\\\/#primaryimage\"},\"thumbnailUrl\":\"https:\\\/\\\/www.biopapa.de\\\/wp-content\\\/uploads\\\/2023\\\/09\\\/kombu-800x640-1.png\",\"datePublished\":\"2023-09-01T08:38:40+00:00\",\"dateModified\":\"2025-12-12T11:54:43+00:00\",\"description\":\"Kombu seaweed (Laminaria ochroleuca) is a dehydrated and shredded seaweed of European origin. Raw seaweed is dehydrated at low temperatures.\",\"breadcrumb\":{\"@id\":\"https:\\\/\\\/www.biopapa.de\\\/en\\\/producte\\\/organic-fresh-from-the-sea-vegetables-kombu-flakes\\\/#breadcrumb\"},\"inLanguage\":\"en-US\",\"potentialAction\":[{\"@type\":\"ReadAction\",\"target\":[\"https:\\\/\\\/www.biopapa.de\\\/en\\\/producte\\\/organic-fresh-from-the-sea-vegetables-kombu-flakes\\\/\"]}]},{\"@type\":\"ImageObject\",\"inLanguage\":\"en-US\",\"@id\":\"https:\\\/\\\/www.biopapa.de\\\/en\\\/producte\\\/organic-fresh-from-the-sea-vegetables-kombu-flakes\\\/#primaryimage\",\"url\":\"https:\\\/\\\/www.biopapa.de\\\/wp-content\\\/uploads\\\/2023\\\/09\\\/kombu-800x640-1.png\",\"contentUrl\":\"https:\\\/\\\/www.biopapa.de\\\/wp-content\\\/uploads\\\/2023\\\/09\\\/kombu-800x640-1.png\",\"width\":800,\"height\":640},{\"@type\":\"BreadcrumbList\",\"@id\":\"https:\\\/\\\/www.biopapa.de\\\/en\\\/producte\\\/organic-fresh-from-the-sea-vegetables-kombu-flakes\\\/#breadcrumb\",\"itemListElement\":[{\"@type\":\"ListItem\",\"position\":1,\"name\":\"Home\",\"item\":\"https:\\\/\\\/www.biopapa.de\\\/en\\\/\"},{\"@type\":\"ListItem\",\"position\":2,\"name\":\"Shop\",\"item\":\"https:\\\/\\\/www.biopapa.de\\\/en\\\/shop\\\/\"},{\"@type\":\"ListItem\",\"position\":3,\"name\":\"Organic dried sea vegetables KOMBU (flakes)\"}]},{\"@type\":\"WebSite\",\"@id\":\"https:\\\/\\\/www.biopapa.de\\\/en\\\/#website\",\"url\":\"https:\\\/\\\/www.biopapa.de\\\/en\\\/\",\"name\":\"Biopapa\",\"description\":\"\u0160var\u016bs ekologi\u0161ki produktai\",\"publisher\":{\"@id\":\"https:\\\/\\\/www.biopapa.de\\\/en\\\/#organization\"},\"potentialAction\":[{\"@type\":\"SearchAction\",\"target\":{\"@type\":\"EntryPoint\",\"urlTemplate\":\"https:\\\/\\\/www.biopapa.de\\\/en\\\/?s={search_term_string}\"},\"query-input\":{\"@type\":\"PropertyValueSpecification\",\"valueRequired\":true,\"valueName\":\"search_term_string\"}}],\"inLanguage\":\"en-US\"},{\"@type\":\"Organization\",\"@id\":\"https:\\\/\\\/www.biopapa.de\\\/en\\\/#organization\",\"name\":\"Biopapa\",\"url\":\"https:\\\/\\\/www.biopapa.de\\\/en\\\/\",\"logo\":{\"@type\":\"ImageObject\",\"inLanguage\":\"en-US\",\"@id\":\"https:\\\/\\\/www.biopapa.de\\\/en\\\/#\\\/schema\\\/logo\\\/image\\\/\",\"url\":\"https:\\\/\\\/www.biopapa.lt\\\/wp-content\\\/uploads\\\/2022\\\/04\\\/facebook_biopapa.jpg\",\"contentUrl\":\"https:\\\/\\\/www.biopapa.lt\\\/wp-content\\\/uploads\\\/2022\\\/04\\\/facebook_biopapa.jpg\",\"width\":1733,\"height\":907,\"caption\":\"Biopapa\"},\"image\":{\"@id\":\"https:\\\/\\\/www.biopapa.de\\\/en\\\/#\\\/schema\\\/logo\\\/image\\\/\"},\"sameAs\":[\"https:\\\/\\\/www.facebook.com\\\/biopapa.lt\"]}]}<\/script>\n<!-- \/ Yoast SEO plugin. -->","yoast_head_json":{"title":"Organic dried sea vegetables KOMBU (flakes) - Biopapa","description":"Kombu seaweed (Laminaria ochroleuca) is a dehydrated and shredded seaweed of European origin. Raw seaweed is dehydrated at low temperatures.","robots":{"index":"index","follow":"follow","max-snippet":"max-snippet:-1","max-image-preview":"max-image-preview:large","max-video-preview":"max-video-preview:-1"},"canonical":"https:\/\/www.biopapa.de\/en\/producte\/organic-fresh-from-the-sea-vegetables-kombu-flakes\/","og_locale":"en_US","og_type":"article","og_title":"Organic dried sea vegetables KOMBU (flakes) - Biopapa","og_description":"Kombu seaweed (Laminaria ochroleuca) is a dehydrated and shredded seaweed of European origin. Raw seaweed is dehydrated at low temperatures.","og_url":"https:\/\/www.biopapa.de\/en\/producte\/organic-fresh-from-the-sea-vegetables-kombu-flakes\/","og_site_name":"Biopapa","article_publisher":"https:\/\/www.facebook.com\/biopapa.lt","article_modified_time":"2025-12-12T11:54:43+00:00","og_image":[{"width":800,"height":640,"url":"https:\/\/www.biopapa.de\/wp-content\/uploads\/2023\/09\/kombu-800x640-1.png","type":"image\/png"}],"twitter_card":"summary_large_image","twitter_misc":{"Est. reading time":"2 minutes"},"schema":{"@context":"https:\/\/schema.org","@graph":[{"@type":"WebPage","@id":"https:\/\/www.biopapa.de\/en\/producte\/organic-fresh-from-the-sea-vegetables-kombu-flakes\/","url":"https:\/\/www.biopapa.de\/en\/producte\/organic-fresh-from-the-sea-vegetables-kombu-flakes\/","name":"Organic dried sea vegetables KOMBU (flakes) - Biopapa","isPartOf":{"@id":"https:\/\/www.biopapa.de\/en\/#website"},"primaryImageOfPage":{"@id":"https:\/\/www.biopapa.de\/en\/producte\/organic-fresh-from-the-sea-vegetables-kombu-flakes\/#primaryimage"},"image":{"@id":"https:\/\/www.biopapa.de\/en\/producte\/organic-fresh-from-the-sea-vegetables-kombu-flakes\/#primaryimage"},"thumbnailUrl":"https:\/\/www.biopapa.de\/wp-content\/uploads\/2023\/09\/kombu-800x640-1.png","datePublished":"2023-09-01T08:38:40+00:00","dateModified":"2025-12-12T11:54:43+00:00","description":"Kombu seaweed (Laminaria ochroleuca) is a dehydrated and shredded seaweed of European origin. Raw seaweed is dehydrated at low temperatures.","breadcrumb":{"@id":"https:\/\/www.biopapa.de\/en\/producte\/organic-fresh-from-the-sea-vegetables-kombu-flakes\/#breadcrumb"},"inLanguage":"en-US","potentialAction":[{"@type":"ReadAction","target":["https:\/\/www.biopapa.de\/en\/producte\/organic-fresh-from-the-sea-vegetables-kombu-flakes\/"]}]},{"@type":"ImageObject","inLanguage":"en-US","@id":"https:\/\/www.biopapa.de\/en\/producte\/organic-fresh-from-the-sea-vegetables-kombu-flakes\/#primaryimage","url":"https:\/\/www.biopapa.de\/wp-content\/uploads\/2023\/09\/kombu-800x640-1.png","contentUrl":"https:\/\/www.biopapa.de\/wp-content\/uploads\/2023\/09\/kombu-800x640-1.png","width":800,"height":640},{"@type":"BreadcrumbList","@id":"https:\/\/www.biopapa.de\/en\/producte\/organic-fresh-from-the-sea-vegetables-kombu-flakes\/#breadcrumb","itemListElement":[{"@type":"ListItem","position":1,"name":"Home","item":"https:\/\/www.biopapa.de\/en\/"},{"@type":"ListItem","position":2,"name":"Shop","item":"https:\/\/www.biopapa.de\/en\/shop\/"},{"@type":"ListItem","position":3,"name":"Organic dried sea vegetables KOMBU (flakes)"}]},{"@type":"WebSite","@id":"https:\/\/www.biopapa.de\/en\/#website","url":"https:\/\/www.biopapa.de\/en\/","name":"Biopapa","description":"\u0160var\u016bs ekologi\u0161ki produktai","publisher":{"@id":"https:\/\/www.biopapa.de\/en\/#organization"},"potentialAction":[{"@type":"SearchAction","target":{"@type":"EntryPoint","urlTemplate":"https:\/\/www.biopapa.de\/en\/?s={search_term_string}"},"query-input":{"@type":"PropertyValueSpecification","valueRequired":true,"valueName":"search_term_string"}}],"inLanguage":"en-US"},{"@type":"Organization","@id":"https:\/\/www.biopapa.de\/en\/#organization","name":"Biopapa","url":"https:\/\/www.biopapa.de\/en\/","logo":{"@type":"ImageObject","inLanguage":"en-US","@id":"https:\/\/www.biopapa.de\/en\/#\/schema\/logo\/image\/","url":"https:\/\/www.biopapa.lt\/wp-content\/uploads\/2022\/04\/facebook_biopapa.jpg","contentUrl":"https:\/\/www.biopapa.lt\/wp-content\/uploads\/2022\/04\/facebook_biopapa.jpg","width":1733,"height":907,"caption":"Biopapa"},"image":{"@id":"https:\/\/www.biopapa.de\/en\/#\/schema\/logo\/image\/"},"sameAs":["https:\/\/www.facebook.com\/biopapa.lt"]}]}},"_links":{"self":[{"href":"https:\/\/www.biopapa.de\/en\/wp-json\/wp\/v2\/product\/35863","targetHints":{"allow":["GET"]}}],"collection":[{"href":"https:\/\/www.biopapa.de\/en\/wp-json\/wp\/v2\/product"}],"about":[{"href":"https:\/\/www.biopapa.de\/en\/wp-json\/wp\/v2\/types\/product"}],"wp:featuredmedia":[{"embeddable":true,"href":"https:\/\/www.biopapa.de\/en\/wp-json\/wp\/v2\/media\/34103"}],"wp:attachment":[{"href":"https:\/\/www.biopapa.de\/en\/wp-json\/wp\/v2\/media?parent=35863"}],"wp:term":[{"taxonomy":"product_brand","embeddable":true,"href":"https:\/\/www.biopapa.de\/en\/wp-json\/wp\/v2\/product_brand?post=35863"},{"taxonomy":"product_cat","embeddable":true,"href":"https:\/\/www.biopapa.de\/en\/wp-json\/wp\/v2\/product_cat?post=35863"},{"taxonomy":"product_tag","embeddable":true,"href":"https:\/\/www.biopapa.de\/en\/wp-json\/wp\/v2\/product_tag?post=35863"}],"curies":[{"name":"wp","href":"https:\/\/api.w.org\/{rel}","templated":true}]}}