{"id":36072,"date":"2022-11-22T15:09:07","date_gmt":"2022-11-22T13:09:07","guid":{"rendered":"https:\/\/www.biopapa.lt\/produktas\/organic-mct-coconut-oil-250-ml\/"},"modified":"2025-02-25T12:15:44","modified_gmt":"2025-02-25T10:15:44","slug":"organic-cold-pressed-mt-coconut-oil","status":"publish","type":"product","link":"https:\/\/www.biopapa.de\/en\/producte\/organic-cold-pressed-mt-coconut-oil\/","title":{"rendered":"Organic MCT coconut oil, 250 ml"},"content":{"rendered":"<p class=\"p1\"><strong>MCT coconut oil <\/strong>has attracted a lot of attention for its unique properties. MCT coconut oil is a concentrated form of medium-chain triglycerides, odourless and tasteless, suitable for cooking at high temperatures. MCT oil contains fatty acids that are easier for the body to digest and absorb quickly, making it an efficient source of energy.<\/p>\n<p class=\"p1\"><em>Potential health benefits of MCT coconut oil<\/em><br \/>\nWeight: MCTs can help promote satiety and increase fat oxidation, which can help with weight management.<br \/>\nEnergy: The rapid absorption of MCTs provides a quick and long-lasting source of energy, making them popular with athletes and individuals following a low-carbohydrate diet.<br \/>\nHeart health: Some studies suggest that MCTs may promote heart health.<br \/>\nDigestion: MCTs have antimicrobial properties that can help maintain a healthy gut microbiome and may be beneficial for digestive health.<\/p>\n<p class=\"p1\"><em>Taking large amounts of MCT coconut oil may cause side effects<\/em><br \/>\nDigestion: some people may experience digestive problems such as diarrhoea or belching when consuming large amounts of MCT coconut oil. Use with caution if you have digestive problems.<br \/>\nCalories: MCT coconut oil is calorie-dense and excessive consumption can affect weight gain.<br \/>\nDrug interactions: MCT coconut oil may interact with certain medicines, affecting their absorption and efficacy.<\/p>\n<p class=\"p1\"><em>Consumption<\/em><br \/>\nProduction &#8211; MCT coconut oil is resistant to high temperatures due to its chemical composition, which consists mainly of medium chain triglycerides (MCTs). This high temperature resistance allows MCT coconut oil to withstand higher cooking temperatures.<br \/>\nMCT oil is a good choice for the Keto diet. Keto diets are high in fat and low in carbohydrates. MCT oil is high in fat and contains no carbohydrates.<\/p>\n<p><em>Recommended use:<\/em> we recommend using 1\/2 to 3 tablespoons of oil per day.<\/p>\n<p class=\"p1\">Cocktails and Glotnu\u010diai:<br \/>\nAdd a tablespoon of MCT coconut oil to your favourite smoothie for extra nutritional benefits and a creamy texture.<br \/>\nSalad dressings:<br \/>\nCreate healthy sauces by mixing MCT coconut oil with vinegar or lemon juice, herbs and spices.<\/p>\n<p class=\"p1\">Sources:<br \/>\nhttps:\/\/www.sciencedirect.com<br \/>\n<span class=\"s1\">https:\/\/www.medicalnewstoday.com<\/span><br \/>\n<span class=\"s1\">https:\/\/healthnews.com<\/span><\/p>\n<p class=\"p1\"><em>NOTE. The information contained herein should not be construed as a recommendation for treatment or other health issues. We encourage you to make personal decisions about your personal health, taking into account a wide range of sources of information.<\/em><\/p>\n","protected":false},"excerpt":{"rendered":"<p>MCT coconut oil has attracted a lot of attention for its unique properties. MCT coconut oil is a concentrated form<\/p>\n","protected":false},"featured_media":29685,"template":"","meta":{"_acf_changed":false},"product_brand":[],"product_cat":[1952,1840],"product_tag":[2056,2092,2088],"class_list":{"0":"post-36072","1":"product","2":"type-product","3":"status-publish","4":"has-post-thumbnail","6":"product_cat-oil","7":"product_cat-organic-oil-vinegar-and-sauces","8":"product_tag-keto-diet","9":"product_tag-raw-diet","10":"product_tag-vegan","12":"first","13":"instock","14":"shipping-taxable","15":"purchasable","16":"product-type-simple"},"acf":[],"yoast_head":"<!-- This site is optimized with the Yoast SEO plugin v27.5 - https:\/\/yoast.com\/product\/yoast-seo-wordpress\/ -->\n<title>Organic MCT coconut oil, 250 ml - Biopapa<\/title>\n<meta name=\"description\" content=\"MCT oil contains fatty acids that are easier for the body to digest and absorb quickly, making it an efficient source of energy. MCT coconut oil is a concentrated form of medium-chain triglycerides, odourless and tasteless, suitable for cooking at high temperatures.\" \/>\n<meta name=\"robots\" content=\"index, follow, max-snippet:-1, max-image-preview:large, max-video-preview:-1\" \/>\n<link rel=\"canonical\" href=\"https:\/\/www.biopapa.de\/en\/producte\/organic-cold-pressed-mt-coconut-oil\/\" \/>\n<meta property=\"og:locale\" content=\"en_US\" \/>\n<meta property=\"og:type\" content=\"article\" \/>\n<meta property=\"og:title\" content=\"Organic MCT coconut oil, 250 ml - Biopapa\" \/>\n<meta property=\"og:description\" content=\"MCT oil contains fatty acids that are easier for the body to digest and absorb quickly, making it an efficient source of energy. MCT coconut oil is a concentrated form of medium-chain triglycerides, odourless and tasteless, suitable for cooking at high temperatures.\" \/>\n<meta property=\"og:url\" content=\"https:\/\/www.biopapa.de\/en\/producte\/organic-cold-pressed-mt-coconut-oil\/\" \/>\n<meta property=\"og:site_name\" content=\"Biopapa\" \/>\n<meta property=\"article:publisher\" content=\"https:\/\/www.facebook.com\/biopapa.lt\" \/>\n<meta property=\"article:modified_time\" content=\"2025-02-25T10:15:44+00:00\" \/>\n<meta property=\"og:image\" content=\"https:\/\/www.biopapa.de\/wp-content\/uploads\/2022\/11\/Untitled-design-5.png\" \/>\n\t<meta property=\"og:image:width\" content=\"800\" \/>\n\t<meta property=\"og:image:height\" content=\"640\" \/>\n\t<meta property=\"og:image:type\" content=\"image\/png\" \/>\n<meta name=\"twitter:card\" content=\"summary_large_image\" \/>\n<meta name=\"twitter:label1\" content=\"Est. reading time\" \/>\n\t<meta name=\"twitter:data1\" content=\"2 minutes\" \/>\n<script type=\"application\/ld+json\" class=\"yoast-schema-graph\">{\"@context\":\"https:\\\/\\\/schema.org\",\"@graph\":[{\"@type\":\"WebPage\",\"@id\":\"https:\\\/\\\/www.biopapa.de\\\/en\\\/producte\\\/organic-cold-pressed-mt-coconut-oil\\\/\",\"url\":\"https:\\\/\\\/www.biopapa.de\\\/en\\\/producte\\\/organic-cold-pressed-mt-coconut-oil\\\/\",\"name\":\"Organic MCT coconut oil, 250 ml - Biopapa\",\"isPartOf\":{\"@id\":\"https:\\\/\\\/www.biopapa.de\\\/en\\\/#website\"},\"primaryImageOfPage\":{\"@id\":\"https:\\\/\\\/www.biopapa.de\\\/en\\\/producte\\\/organic-cold-pressed-mt-coconut-oil\\\/#primaryimage\"},\"image\":{\"@id\":\"https:\\\/\\\/www.biopapa.de\\\/en\\\/producte\\\/organic-cold-pressed-mt-coconut-oil\\\/#primaryimage\"},\"thumbnailUrl\":\"https:\\\/\\\/www.biopapa.de\\\/wp-content\\\/uploads\\\/2022\\\/11\\\/Untitled-design-5.png\",\"datePublished\":\"2022-11-22T13:09:07+00:00\",\"dateModified\":\"2025-02-25T10:15:44+00:00\",\"description\":\"MCT oil contains fatty acids that are easier for the body to digest and absorb quickly, making it an efficient source of energy. MCT coconut oil is a concentrated form of medium-chain triglycerides, odourless and tasteless, suitable for cooking at high temperatures.\",\"breadcrumb\":{\"@id\":\"https:\\\/\\\/www.biopapa.de\\\/en\\\/producte\\\/organic-cold-pressed-mt-coconut-oil\\\/#breadcrumb\"},\"inLanguage\":\"en-US\",\"potentialAction\":[{\"@type\":\"ReadAction\",\"target\":[\"https:\\\/\\\/www.biopapa.de\\\/en\\\/producte\\\/organic-cold-pressed-mt-coconut-oil\\\/\"]}]},{\"@type\":\"ImageObject\",\"inLanguage\":\"en-US\",\"@id\":\"https:\\\/\\\/www.biopapa.de\\\/en\\\/producte\\\/organic-cold-pressed-mt-coconut-oil\\\/#primaryimage\",\"url\":\"https:\\\/\\\/www.biopapa.de\\\/wp-content\\\/uploads\\\/2022\\\/11\\\/Untitled-design-5.png\",\"contentUrl\":\"https:\\\/\\\/www.biopapa.de\\\/wp-content\\\/uploads\\\/2022\\\/11\\\/Untitled-design-5.png\",\"width\":800,\"height\":640,\"caption\":\"Organic MCT coconut oil, 250 ml\"},{\"@type\":\"BreadcrumbList\",\"@id\":\"https:\\\/\\\/www.biopapa.de\\\/en\\\/producte\\\/organic-cold-pressed-mt-coconut-oil\\\/#breadcrumb\",\"itemListElement\":[{\"@type\":\"ListItem\",\"position\":1,\"name\":\"Home\",\"item\":\"https:\\\/\\\/www.biopapa.de\\\/en\\\/\"},{\"@type\":\"ListItem\",\"position\":2,\"name\":\"Shop\",\"item\":\"https:\\\/\\\/www.biopapa.de\\\/en\\\/shop\\\/\"},{\"@type\":\"ListItem\",\"position\":3,\"name\":\"Organic MCT coconut oil, 250 ml\"}]},{\"@type\":\"WebSite\",\"@id\":\"https:\\\/\\\/www.biopapa.de\\\/en\\\/#website\",\"url\":\"https:\\\/\\\/www.biopapa.de\\\/en\\\/\",\"name\":\"Biopapa\",\"description\":\"\u0160var\u016bs ekologi\u0161ki produktai\",\"publisher\":{\"@id\":\"https:\\\/\\\/www.biopapa.de\\\/en\\\/#organization\"},\"potentialAction\":[{\"@type\":\"SearchAction\",\"target\":{\"@type\":\"EntryPoint\",\"urlTemplate\":\"https:\\\/\\\/www.biopapa.de\\\/en\\\/?s={search_term_string}\"},\"query-input\":{\"@type\":\"PropertyValueSpecification\",\"valueRequired\":true,\"valueName\":\"search_term_string\"}}],\"inLanguage\":\"en-US\"},{\"@type\":\"Organization\",\"@id\":\"https:\\\/\\\/www.biopapa.de\\\/en\\\/#organization\",\"name\":\"Biopapa\",\"url\":\"https:\\\/\\\/www.biopapa.de\\\/en\\\/\",\"logo\":{\"@type\":\"ImageObject\",\"inLanguage\":\"en-US\",\"@id\":\"https:\\\/\\\/www.biopapa.de\\\/en\\\/#\\\/schema\\\/logo\\\/image\\\/\",\"url\":\"https:\\\/\\\/www.biopapa.lt\\\/wp-content\\\/uploads\\\/2022\\\/04\\\/facebook_biopapa.jpg\",\"contentUrl\":\"https:\\\/\\\/www.biopapa.lt\\\/wp-content\\\/uploads\\\/2022\\\/04\\\/facebook_biopapa.jpg\",\"width\":1733,\"height\":907,\"caption\":\"Biopapa\"},\"image\":{\"@id\":\"https:\\\/\\\/www.biopapa.de\\\/en\\\/#\\\/schema\\\/logo\\\/image\\\/\"},\"sameAs\":[\"https:\\\/\\\/www.facebook.com\\\/biopapa.lt\"]}]}<\/script>\n<!-- \/ Yoast SEO plugin. -->","yoast_head_json":{"title":"Organic MCT coconut oil, 250 ml - Biopapa","description":"MCT oil contains fatty acids that are easier for the body to digest and absorb quickly, making it an efficient source of energy. MCT coconut oil is a concentrated form of medium-chain triglycerides, odourless and tasteless, suitable for cooking at high temperatures.","robots":{"index":"index","follow":"follow","max-snippet":"max-snippet:-1","max-image-preview":"max-image-preview:large","max-video-preview":"max-video-preview:-1"},"canonical":"https:\/\/www.biopapa.de\/en\/producte\/organic-cold-pressed-mt-coconut-oil\/","og_locale":"en_US","og_type":"article","og_title":"Organic MCT coconut oil, 250 ml - Biopapa","og_description":"MCT oil contains fatty acids that are easier for the body to digest and absorb quickly, making it an efficient source of energy. MCT coconut oil is a concentrated form of medium-chain triglycerides, odourless and tasteless, suitable for cooking at high temperatures.","og_url":"https:\/\/www.biopapa.de\/en\/producte\/organic-cold-pressed-mt-coconut-oil\/","og_site_name":"Biopapa","article_publisher":"https:\/\/www.facebook.com\/biopapa.lt","article_modified_time":"2025-02-25T10:15:44+00:00","og_image":[{"width":800,"height":640,"url":"https:\/\/www.biopapa.de\/wp-content\/uploads\/2022\/11\/Untitled-design-5.png","type":"image\/png"}],"twitter_card":"summary_large_image","twitter_misc":{"Est. reading time":"2 minutes"},"schema":{"@context":"https:\/\/schema.org","@graph":[{"@type":"WebPage","@id":"https:\/\/www.biopapa.de\/en\/producte\/organic-cold-pressed-mt-coconut-oil\/","url":"https:\/\/www.biopapa.de\/en\/producte\/organic-cold-pressed-mt-coconut-oil\/","name":"Organic MCT coconut oil, 250 ml - Biopapa","isPartOf":{"@id":"https:\/\/www.biopapa.de\/en\/#website"},"primaryImageOfPage":{"@id":"https:\/\/www.biopapa.de\/en\/producte\/organic-cold-pressed-mt-coconut-oil\/#primaryimage"},"image":{"@id":"https:\/\/www.biopapa.de\/en\/producte\/organic-cold-pressed-mt-coconut-oil\/#primaryimage"},"thumbnailUrl":"https:\/\/www.biopapa.de\/wp-content\/uploads\/2022\/11\/Untitled-design-5.png","datePublished":"2022-11-22T13:09:07+00:00","dateModified":"2025-02-25T10:15:44+00:00","description":"MCT oil contains fatty acids that are easier for the body to digest and absorb quickly, making it an efficient source of energy. MCT coconut oil is a concentrated form of medium-chain triglycerides, odourless and tasteless, suitable for cooking at high temperatures.","breadcrumb":{"@id":"https:\/\/www.biopapa.de\/en\/producte\/organic-cold-pressed-mt-coconut-oil\/#breadcrumb"},"inLanguage":"en-US","potentialAction":[{"@type":"ReadAction","target":["https:\/\/www.biopapa.de\/en\/producte\/organic-cold-pressed-mt-coconut-oil\/"]}]},{"@type":"ImageObject","inLanguage":"en-US","@id":"https:\/\/www.biopapa.de\/en\/producte\/organic-cold-pressed-mt-coconut-oil\/#primaryimage","url":"https:\/\/www.biopapa.de\/wp-content\/uploads\/2022\/11\/Untitled-design-5.png","contentUrl":"https:\/\/www.biopapa.de\/wp-content\/uploads\/2022\/11\/Untitled-design-5.png","width":800,"height":640,"caption":"Organic MCT coconut oil, 250 ml"},{"@type":"BreadcrumbList","@id":"https:\/\/www.biopapa.de\/en\/producte\/organic-cold-pressed-mt-coconut-oil\/#breadcrumb","itemListElement":[{"@type":"ListItem","position":1,"name":"Home","item":"https:\/\/www.biopapa.de\/en\/"},{"@type":"ListItem","position":2,"name":"Shop","item":"https:\/\/www.biopapa.de\/en\/shop\/"},{"@type":"ListItem","position":3,"name":"Organic MCT coconut oil, 250 ml"}]},{"@type":"WebSite","@id":"https:\/\/www.biopapa.de\/en\/#website","url":"https:\/\/www.biopapa.de\/en\/","name":"Biopapa","description":"\u0160var\u016bs ekologi\u0161ki produktai","publisher":{"@id":"https:\/\/www.biopapa.de\/en\/#organization"},"potentialAction":[{"@type":"SearchAction","target":{"@type":"EntryPoint","urlTemplate":"https:\/\/www.biopapa.de\/en\/?s={search_term_string}"},"query-input":{"@type":"PropertyValueSpecification","valueRequired":true,"valueName":"search_term_string"}}],"inLanguage":"en-US"},{"@type":"Organization","@id":"https:\/\/www.biopapa.de\/en\/#organization","name":"Biopapa","url":"https:\/\/www.biopapa.de\/en\/","logo":{"@type":"ImageObject","inLanguage":"en-US","@id":"https:\/\/www.biopapa.de\/en\/#\/schema\/logo\/image\/","url":"https:\/\/www.biopapa.lt\/wp-content\/uploads\/2022\/04\/facebook_biopapa.jpg","contentUrl":"https:\/\/www.biopapa.lt\/wp-content\/uploads\/2022\/04\/facebook_biopapa.jpg","width":1733,"height":907,"caption":"Biopapa"},"image":{"@id":"https:\/\/www.biopapa.de\/en\/#\/schema\/logo\/image\/"},"sameAs":["https:\/\/www.facebook.com\/biopapa.lt"]}]}},"_links":{"self":[{"href":"https:\/\/www.biopapa.de\/en\/wp-json\/wp\/v2\/product\/36072","targetHints":{"allow":["GET"]}}],"collection":[{"href":"https:\/\/www.biopapa.de\/en\/wp-json\/wp\/v2\/product"}],"about":[{"href":"https:\/\/www.biopapa.de\/en\/wp-json\/wp\/v2\/types\/product"}],"wp:featuredmedia":[{"embeddable":true,"href":"https:\/\/www.biopapa.de\/en\/wp-json\/wp\/v2\/media\/29685"}],"wp:attachment":[{"href":"https:\/\/www.biopapa.de\/en\/wp-json\/wp\/v2\/media?parent=36072"}],"wp:term":[{"taxonomy":"product_brand","embeddable":true,"href":"https:\/\/www.biopapa.de\/en\/wp-json\/wp\/v2\/product_brand?post=36072"},{"taxonomy":"product_cat","embeddable":true,"href":"https:\/\/www.biopapa.de\/en\/wp-json\/wp\/v2\/product_cat?post=36072"},{"taxonomy":"product_tag","embeddable":true,"href":"https:\/\/www.biopapa.de\/en\/wp-json\/wp\/v2\/product_tag?post=36072"}],"curies":[{"name":"wp","href":"https:\/\/api.w.org\/{rel}","templated":true}]}}