{"id":36081,"date":"2022-08-06T19:10:06","date_gmt":"2022-08-06T16:10:06","guid":{"rendered":"https:\/\/www.biopapa.lt\/produktas\/organic-tomato-puree-passata-la-bio-idea-680-g\/"},"modified":"2025-07-09T13:11:54","modified_gmt":"2025-07-09T10:11:54","slug":"organic-tomato-puree-passata-la-bio-idea-680-g","status":"publish","type":"product","link":"https:\/\/www.biopapa.de\/en\/producte\/organic-tomato-puree-passata-la-bio-idea-680-g\/","title":{"rendered":"Organic tomato puree Passata LA BIO IDEA, 680 g"},"content":{"rendered":"<p>Organic sauce made from concentrated tomatoes. Suitable for tomatoes, sauces. It is also an excellent base for other sauces, e.g. by adding vegetables (aubergines, courgettes, peppers) and aromatic fresh herbs (basil, rosemary and thyme).<\/p>\n","protected":false},"excerpt":{"rendered":"<p>Organic sauce made from concentrated tomatoes. Suitable for tomatoes, sauces. It is also an excellent base for other sauces, e.g.<\/p>\n","protected":false},"featured_media":29967,"template":"","meta":{"_acf_changed":false},"product_brand":[],"product_cat":[1975,1840],"product_tag":[2088],"class_list":{"0":"post-36081","1":"product","2":"type-product","3":"status-publish","4":"has-post-thumbnail","6":"product_cat-canned-food","7":"product_cat-organic-oil-vinegar-and-sauces","8":"product_tag-vegan","10":"first","11":"instock","12":"shipping-taxable","13":"purchasable","14":"product-type-simple"},"acf":[],"yoast_head":"<!-- This site is optimized with the Yoast SEO plugin v27.4 - https:\/\/yoast.com\/product\/yoast-seo-wordpress\/ -->\n<title>Organic tomato puree Passata LA BIO IDEA, 680 g - Biopapa<\/title>\n<meta name=\"robots\" content=\"index, follow, max-snippet:-1, max-image-preview:large, max-video-preview:-1\" \/>\n<link rel=\"canonical\" href=\"https:\/\/www.biopapa.de\/en\/producte\/organic-tomato-puree-passata-la-bio-idea-680-g\/\" \/>\n<meta property=\"og:locale\" content=\"en_US\" \/>\n<meta property=\"og:type\" content=\"article\" \/>\n<meta property=\"og:title\" content=\"Organic tomato puree Passata LA BIO IDEA, 680 g - Biopapa\" \/>\n<meta property=\"og:description\" content=\"Organic sauce made from concentrated tomatoes. Suitable for tomatoes, sauces. It is also an excellent base for other sauces, e.g.\" \/>\n<meta property=\"og:url\" content=\"https:\/\/www.biopapa.de\/en\/producte\/organic-tomato-puree-passata-la-bio-idea-680-g\/\" \/>\n<meta property=\"og:site_name\" content=\"Biopapa\" \/>\n<meta property=\"article:publisher\" content=\"https:\/\/www.facebook.com\/biopapa.lt\" \/>\n<meta property=\"article:modified_time\" content=\"2025-07-09T10:11:54+00:00\" \/>\n<meta property=\"og:image\" content=\"https:\/\/www.biopapa.de\/wp-content\/uploads\/2022\/08\/Ekologiska-pomidoru-tyre-Passata-LA-BIO-IDEA-680-g.png\" \/>\n\t<meta property=\"og:image:width\" content=\"800\" \/>\n\t<meta property=\"og:image:height\" content=\"640\" \/>\n\t<meta property=\"og:image:type\" content=\"image\/png\" \/>\n<meta name=\"twitter:card\" content=\"summary_large_image\" \/>\n<script type=\"application\/ld+json\" class=\"yoast-schema-graph\">{\"@context\":\"https:\\\/\\\/schema.org\",\"@graph\":[{\"@type\":\"WebPage\",\"@id\":\"https:\\\/\\\/www.biopapa.de\\\/en\\\/producte\\\/organic-tomato-puree-passata-la-bio-idea-680-g\\\/\",\"url\":\"https:\\\/\\\/www.biopapa.de\\\/en\\\/producte\\\/organic-tomato-puree-passata-la-bio-idea-680-g\\\/\",\"name\":\"Organic tomato puree Passata LA BIO IDEA, 680 g - Biopapa\",\"isPartOf\":{\"@id\":\"https:\\\/\\\/www.biopapa.de\\\/en\\\/#website\"},\"primaryImageOfPage\":{\"@id\":\"https:\\\/\\\/www.biopapa.de\\\/en\\\/producte\\\/organic-tomato-puree-passata-la-bio-idea-680-g\\\/#primaryimage\"},\"image\":{\"@id\":\"https:\\\/\\\/www.biopapa.de\\\/en\\\/producte\\\/organic-tomato-puree-passata-la-bio-idea-680-g\\\/#primaryimage\"},\"thumbnailUrl\":\"https:\\\/\\\/www.biopapa.de\\\/wp-content\\\/uploads\\\/2022\\\/08\\\/Ekologiska-pomidoru-tyre-Passata-LA-BIO-IDEA-680-g.png\",\"datePublished\":\"2022-08-06T16:10:06+00:00\",\"dateModified\":\"2025-07-09T10:11:54+00:00\",\"breadcrumb\":{\"@id\":\"https:\\\/\\\/www.biopapa.de\\\/en\\\/producte\\\/organic-tomato-puree-passata-la-bio-idea-680-g\\\/#breadcrumb\"},\"inLanguage\":\"en-US\",\"potentialAction\":[{\"@type\":\"ReadAction\",\"target\":[\"https:\\\/\\\/www.biopapa.de\\\/en\\\/producte\\\/organic-tomato-puree-passata-la-bio-idea-680-g\\\/\"]}]},{\"@type\":\"ImageObject\",\"inLanguage\":\"en-US\",\"@id\":\"https:\\\/\\\/www.biopapa.de\\\/en\\\/producte\\\/organic-tomato-puree-passata-la-bio-idea-680-g\\\/#primaryimage\",\"url\":\"https:\\\/\\\/www.biopapa.de\\\/wp-content\\\/uploads\\\/2022\\\/08\\\/Ekologiska-pomidoru-tyre-Passata-LA-BIO-IDEA-680-g.png\",\"contentUrl\":\"https:\\\/\\\/www.biopapa.de\\\/wp-content\\\/uploads\\\/2022\\\/08\\\/Ekologiska-pomidoru-tyre-Passata-LA-BIO-IDEA-680-g.png\",\"width\":800,\"height\":640,\"caption\":\"Organic tomato puree Passata LA BIO IDEA, 680 g\"},{\"@type\":\"BreadcrumbList\",\"@id\":\"https:\\\/\\\/www.biopapa.de\\\/en\\\/producte\\\/organic-tomato-puree-passata-la-bio-idea-680-g\\\/#breadcrumb\",\"itemListElement\":[{\"@type\":\"ListItem\",\"position\":1,\"name\":\"Home\",\"item\":\"https:\\\/\\\/www.biopapa.de\\\/en\\\/\"},{\"@type\":\"ListItem\",\"position\":2,\"name\":\"Shop\",\"item\":\"https:\\\/\\\/www.biopapa.de\\\/en\\\/shop\\\/\"},{\"@type\":\"ListItem\",\"position\":3,\"name\":\"Organic tomato puree Passata LA BIO IDEA, 680 g\"}]},{\"@type\":\"WebSite\",\"@id\":\"https:\\\/\\\/www.biopapa.de\\\/en\\\/#website\",\"url\":\"https:\\\/\\\/www.biopapa.de\\\/en\\\/\",\"name\":\"Biopapa\",\"description\":\"\u0160var\u016bs ekologi\u0161ki produktai\",\"publisher\":{\"@id\":\"https:\\\/\\\/www.biopapa.de\\\/en\\\/#organization\"},\"potentialAction\":[{\"@type\":\"SearchAction\",\"target\":{\"@type\":\"EntryPoint\",\"urlTemplate\":\"https:\\\/\\\/www.biopapa.de\\\/en\\\/?s={search_term_string}\"},\"query-input\":{\"@type\":\"PropertyValueSpecification\",\"valueRequired\":true,\"valueName\":\"search_term_string\"}}],\"inLanguage\":\"en-US\"},{\"@type\":\"Organization\",\"@id\":\"https:\\\/\\\/www.biopapa.de\\\/en\\\/#organization\",\"name\":\"Biopapa\",\"url\":\"https:\\\/\\\/www.biopapa.de\\\/en\\\/\",\"logo\":{\"@type\":\"ImageObject\",\"inLanguage\":\"en-US\",\"@id\":\"https:\\\/\\\/www.biopapa.de\\\/en\\\/#\\\/schema\\\/logo\\\/image\\\/\",\"url\":\"https:\\\/\\\/www.biopapa.lt\\\/wp-content\\\/uploads\\\/2022\\\/04\\\/facebook_biopapa.jpg\",\"contentUrl\":\"https:\\\/\\\/www.biopapa.lt\\\/wp-content\\\/uploads\\\/2022\\\/04\\\/facebook_biopapa.jpg\",\"width\":1733,\"height\":907,\"caption\":\"Biopapa\"},\"image\":{\"@id\":\"https:\\\/\\\/www.biopapa.de\\\/en\\\/#\\\/schema\\\/logo\\\/image\\\/\"},\"sameAs\":[\"https:\\\/\\\/www.facebook.com\\\/biopapa.lt\"]}]}<\/script>\n<!-- \/ Yoast SEO plugin. -->","yoast_head_json":{"title":"Organic tomato puree Passata LA BIO IDEA, 680 g - Biopapa","robots":{"index":"index","follow":"follow","max-snippet":"max-snippet:-1","max-image-preview":"max-image-preview:large","max-video-preview":"max-video-preview:-1"},"canonical":"https:\/\/www.biopapa.de\/en\/producte\/organic-tomato-puree-passata-la-bio-idea-680-g\/","og_locale":"en_US","og_type":"article","og_title":"Organic tomato puree Passata LA BIO IDEA, 680 g - Biopapa","og_description":"Organic sauce made from concentrated tomatoes. Suitable for tomatoes, sauces. It is also an excellent base for other sauces, e.g.","og_url":"https:\/\/www.biopapa.de\/en\/producte\/organic-tomato-puree-passata-la-bio-idea-680-g\/","og_site_name":"Biopapa","article_publisher":"https:\/\/www.facebook.com\/biopapa.lt","article_modified_time":"2025-07-09T10:11:54+00:00","og_image":[{"width":800,"height":640,"url":"https:\/\/www.biopapa.de\/wp-content\/uploads\/2022\/08\/Ekologiska-pomidoru-tyre-Passata-LA-BIO-IDEA-680-g.png","type":"image\/png"}],"twitter_card":"summary_large_image","schema":{"@context":"https:\/\/schema.org","@graph":[{"@type":"WebPage","@id":"https:\/\/www.biopapa.de\/en\/producte\/organic-tomato-puree-passata-la-bio-idea-680-g\/","url":"https:\/\/www.biopapa.de\/en\/producte\/organic-tomato-puree-passata-la-bio-idea-680-g\/","name":"Organic tomato puree Passata LA BIO IDEA, 680 g - Biopapa","isPartOf":{"@id":"https:\/\/www.biopapa.de\/en\/#website"},"primaryImageOfPage":{"@id":"https:\/\/www.biopapa.de\/en\/producte\/organic-tomato-puree-passata-la-bio-idea-680-g\/#primaryimage"},"image":{"@id":"https:\/\/www.biopapa.de\/en\/producte\/organic-tomato-puree-passata-la-bio-idea-680-g\/#primaryimage"},"thumbnailUrl":"https:\/\/www.biopapa.de\/wp-content\/uploads\/2022\/08\/Ekologiska-pomidoru-tyre-Passata-LA-BIO-IDEA-680-g.png","datePublished":"2022-08-06T16:10:06+00:00","dateModified":"2025-07-09T10:11:54+00:00","breadcrumb":{"@id":"https:\/\/www.biopapa.de\/en\/producte\/organic-tomato-puree-passata-la-bio-idea-680-g\/#breadcrumb"},"inLanguage":"en-US","potentialAction":[{"@type":"ReadAction","target":["https:\/\/www.biopapa.de\/en\/producte\/organic-tomato-puree-passata-la-bio-idea-680-g\/"]}]},{"@type":"ImageObject","inLanguage":"en-US","@id":"https:\/\/www.biopapa.de\/en\/producte\/organic-tomato-puree-passata-la-bio-idea-680-g\/#primaryimage","url":"https:\/\/www.biopapa.de\/wp-content\/uploads\/2022\/08\/Ekologiska-pomidoru-tyre-Passata-LA-BIO-IDEA-680-g.png","contentUrl":"https:\/\/www.biopapa.de\/wp-content\/uploads\/2022\/08\/Ekologiska-pomidoru-tyre-Passata-LA-BIO-IDEA-680-g.png","width":800,"height":640,"caption":"Organic tomato puree Passata LA BIO IDEA, 680 g"},{"@type":"BreadcrumbList","@id":"https:\/\/www.biopapa.de\/en\/producte\/organic-tomato-puree-passata-la-bio-idea-680-g\/#breadcrumb","itemListElement":[{"@type":"ListItem","position":1,"name":"Home","item":"https:\/\/www.biopapa.de\/en\/"},{"@type":"ListItem","position":2,"name":"Shop","item":"https:\/\/www.biopapa.de\/en\/shop\/"},{"@type":"ListItem","position":3,"name":"Organic tomato puree Passata LA BIO IDEA, 680 g"}]},{"@type":"WebSite","@id":"https:\/\/www.biopapa.de\/en\/#website","url":"https:\/\/www.biopapa.de\/en\/","name":"Biopapa","description":"\u0160var\u016bs ekologi\u0161ki produktai","publisher":{"@id":"https:\/\/www.biopapa.de\/en\/#organization"},"potentialAction":[{"@type":"SearchAction","target":{"@type":"EntryPoint","urlTemplate":"https:\/\/www.biopapa.de\/en\/?s={search_term_string}"},"query-input":{"@type":"PropertyValueSpecification","valueRequired":true,"valueName":"search_term_string"}}],"inLanguage":"en-US"},{"@type":"Organization","@id":"https:\/\/www.biopapa.de\/en\/#organization","name":"Biopapa","url":"https:\/\/www.biopapa.de\/en\/","logo":{"@type":"ImageObject","inLanguage":"en-US","@id":"https:\/\/www.biopapa.de\/en\/#\/schema\/logo\/image\/","url":"https:\/\/www.biopapa.lt\/wp-content\/uploads\/2022\/04\/facebook_biopapa.jpg","contentUrl":"https:\/\/www.biopapa.lt\/wp-content\/uploads\/2022\/04\/facebook_biopapa.jpg","width":1733,"height":907,"caption":"Biopapa"},"image":{"@id":"https:\/\/www.biopapa.de\/en\/#\/schema\/logo\/image\/"},"sameAs":["https:\/\/www.facebook.com\/biopapa.lt"]}]}},"_links":{"self":[{"href":"https:\/\/www.biopapa.de\/en\/wp-json\/wp\/v2\/product\/36081","targetHints":{"allow":["GET"]}}],"collection":[{"href":"https:\/\/www.biopapa.de\/en\/wp-json\/wp\/v2\/product"}],"about":[{"href":"https:\/\/www.biopapa.de\/en\/wp-json\/wp\/v2\/types\/product"}],"wp:featuredmedia":[{"embeddable":true,"href":"https:\/\/www.biopapa.de\/en\/wp-json\/wp\/v2\/media\/29967"}],"wp:attachment":[{"href":"https:\/\/www.biopapa.de\/en\/wp-json\/wp\/v2\/media?parent=36081"}],"wp:term":[{"taxonomy":"product_brand","embeddable":true,"href":"https:\/\/www.biopapa.de\/en\/wp-json\/wp\/v2\/product_brand?post=36081"},{"taxonomy":"product_cat","embeddable":true,"href":"https:\/\/www.biopapa.de\/en\/wp-json\/wp\/v2\/product_cat?post=36081"},{"taxonomy":"product_tag","embeddable":true,"href":"https:\/\/www.biopapa.de\/en\/wp-json\/wp\/v2\/product_tag?post=36081"}],"curies":[{"name":"wp","href":"https:\/\/api.w.org\/{rel}","templated":true}]}}