{"id":36229,"date":"2022-11-17T18:16:29","date_gmt":"2022-11-17T16:16:29","guid":{"rendered":"https:\/\/www.biopapa.lt\/produktas\/organic-buckwheat-bar-with-broccoli-and-quince-30-g\/"},"modified":"2026-04-16T14:49:49","modified_gmt":"2026-04-16T11:49:49","slug":"organic-buckwheat-bar-with-broccoli-and-quince-30-g","status":"publish","type":"product","link":"https:\/\/www.biopapa.de\/en\/producte\/organic-buckwheat-bar-with-broccoli-and-quince-30-g\/","title":{"rendered":"Organic buckwheat bar with broccoli and quince, 30 g"},"content":{"rendered":"<p><strong>Organic buckwheat bar with broccoli and quince, 30 g  <\/strong><\/p>\n<p>Introducing the new organic buckwheat bar &#8220;Nature&#8217;s element&#8221;. This bar is an ideal snack for both sports and active leisure people who are concerned about their diet. We offer only the best to our customers. The bar is made with only the highest quality products and no artificial additives or preservatives. Buckwheat grown in Lithuania makes up 43% of the bar&#8217;s ingredients. This buckwheat contains all the essential amino acids needed by the human body, as well as rutin, which is particularly important for the prevention of cardiovascular disease. Buckwheat is rich in copper (110% of RDA), manganese (65% of RDA), magnesium (62% of RDA), phosphorus (50% of RDA) and vitamin B3 (44% of RDA). Buckwheat is a source of vitamin B2 (29% of RDA), iron (16% of RDA), potassium (23% of RDA), zinc (24% of RDA), selenium (15% of RDA) and pantothenic acid (20% of RDA). (RDA &#8211; Recommended Daily Intake).<\/p>\n<p><strong>This organic buckwheat bar is a real energy boost for the day!<\/strong><\/p>\n<p><strong>With your own containers, we always apply a 5% discount!<\/strong><\/p>\n","protected":false},"excerpt":{"rendered":"<p>Organic buckwheat bar with broccoli and quince, 30 g Introducing the new organic buckwheat bar &#8220;Nature&#8217;s element&#8221;. This bar is<\/p>\n","protected":false},"featured_media":30139,"template":"","meta":{"_acf_changed":false},"product_brand":[],"product_cat":[2012],"product_tag":[],"class_list":{"0":"post-36229","1":"product","2":"type-product","3":"status-publish","4":"has-post-thumbnail","6":"product_cat-sweets","8":"first","9":"instock","10":"sale","11":"shipping-taxable","12":"purchasable","13":"product-type-variable"},"acf":[],"yoast_head":"<!-- This site is optimized with the Yoast SEO plugin v27.4 - https:\/\/yoast.com\/product\/yoast-seo-wordpress\/ -->\n<title>Organic buckwheat bar with broccoli and quince, 30 g - Biopapa<\/title>\n<meta name=\"description\" content=\"This bar is an ideal snack for both sports and active leisure people who are concerned about their diet.\" \/>\n<meta name=\"robots\" content=\"index, follow, max-snippet:-1, max-image-preview:large, max-video-preview:-1\" \/>\n<link rel=\"canonical\" href=\"https:\/\/www.biopapa.de\/en\/producte\/organic-buckwheat-bar-with-broccoli-and-quince-30-g\/\" \/>\n<meta property=\"og:locale\" content=\"en_US\" \/>\n<meta property=\"og:type\" content=\"article\" \/>\n<meta property=\"og:title\" content=\"Organic buckwheat bar with broccoli and quince, 30 g - Biopapa\" \/>\n<meta property=\"og:description\" content=\"This bar is an ideal snack for both sports and active leisure people who are concerned about their diet.\" \/>\n<meta property=\"og:url\" content=\"https:\/\/www.biopapa.de\/en\/producte\/organic-buckwheat-bar-with-broccoli-and-quince-30-g\/\" \/>\n<meta property=\"og:site_name\" content=\"Biopapa\" \/>\n<meta property=\"article:publisher\" content=\"https:\/\/www.facebook.com\/biopapa.lt\" \/>\n<meta property=\"article:modified_time\" content=\"2026-04-16T11:49:49+00:00\" \/>\n<meta property=\"og:image\" content=\"https:\/\/www.biopapa.de\/wp-content\/uploads\/2022\/11\/Ekologiskas-grikiu-batonelis-su-brokoliais-ir-svarainiais-30-g.png\" \/>\n\t<meta property=\"og:image:width\" content=\"800\" \/>\n\t<meta property=\"og:image:height\" content=\"640\" \/>\n\t<meta property=\"og:image:type\" content=\"image\/png\" \/>\n<meta name=\"twitter:card\" content=\"summary_large_image\" \/>\n<meta name=\"twitter:label1\" content=\"Est. reading time\" \/>\n\t<meta name=\"twitter:data1\" content=\"1 minute\" \/>\n<script type=\"application\/ld+json\" class=\"yoast-schema-graph\">{\"@context\":\"https:\\\/\\\/schema.org\",\"@graph\":[{\"@type\":\"WebPage\",\"@id\":\"https:\\\/\\\/www.biopapa.de\\\/en\\\/producte\\\/organic-buckwheat-bar-with-broccoli-and-quince-30-g\\\/\",\"url\":\"https:\\\/\\\/www.biopapa.de\\\/en\\\/producte\\\/organic-buckwheat-bar-with-broccoli-and-quince-30-g\\\/\",\"name\":\"Organic buckwheat bar with broccoli and quince, 30 g - Biopapa\",\"isPartOf\":{\"@id\":\"https:\\\/\\\/www.biopapa.de\\\/en\\\/#website\"},\"primaryImageOfPage\":{\"@id\":\"https:\\\/\\\/www.biopapa.de\\\/en\\\/producte\\\/organic-buckwheat-bar-with-broccoli-and-quince-30-g\\\/#primaryimage\"},\"image\":{\"@id\":\"https:\\\/\\\/www.biopapa.de\\\/en\\\/producte\\\/organic-buckwheat-bar-with-broccoli-and-quince-30-g\\\/#primaryimage\"},\"thumbnailUrl\":\"https:\\\/\\\/www.biopapa.de\\\/wp-content\\\/uploads\\\/2022\\\/11\\\/Ekologiskas-grikiu-batonelis-su-brokoliais-ir-svarainiais-30-g.png\",\"datePublished\":\"2022-11-17T16:16:29+00:00\",\"dateModified\":\"2026-04-16T11:49:49+00:00\",\"description\":\"This bar is an ideal snack for both sports and active leisure people who are concerned about their diet.\",\"breadcrumb\":{\"@id\":\"https:\\\/\\\/www.biopapa.de\\\/en\\\/producte\\\/organic-buckwheat-bar-with-broccoli-and-quince-30-g\\\/#breadcrumb\"},\"inLanguage\":\"en-US\",\"potentialAction\":[{\"@type\":\"ReadAction\",\"target\":[\"https:\\\/\\\/www.biopapa.de\\\/en\\\/producte\\\/organic-buckwheat-bar-with-broccoli-and-quince-30-g\\\/\"]}]},{\"@type\":\"ImageObject\",\"inLanguage\":\"en-US\",\"@id\":\"https:\\\/\\\/www.biopapa.de\\\/en\\\/producte\\\/organic-buckwheat-bar-with-broccoli-and-quince-30-g\\\/#primaryimage\",\"url\":\"https:\\\/\\\/www.biopapa.de\\\/wp-content\\\/uploads\\\/2022\\\/11\\\/Ekologiskas-grikiu-batonelis-su-brokoliais-ir-svarainiais-30-g.png\",\"contentUrl\":\"https:\\\/\\\/www.biopapa.de\\\/wp-content\\\/uploads\\\/2022\\\/11\\\/Ekologiskas-grikiu-batonelis-su-brokoliais-ir-svarainiais-30-g.png\",\"width\":800,\"height\":640,\"caption\":\"Organic buckwheat bar with broccoli and quince, 30 g\"},{\"@type\":\"BreadcrumbList\",\"@id\":\"https:\\\/\\\/www.biopapa.de\\\/en\\\/producte\\\/organic-buckwheat-bar-with-broccoli-and-quince-30-g\\\/#breadcrumb\",\"itemListElement\":[{\"@type\":\"ListItem\",\"position\":1,\"name\":\"Home\",\"item\":\"https:\\\/\\\/www.biopapa.de\\\/en\\\/\"},{\"@type\":\"ListItem\",\"position\":2,\"name\":\"Shop\",\"item\":\"https:\\\/\\\/www.biopapa.de\\\/en\\\/shop\\\/\"},{\"@type\":\"ListItem\",\"position\":3,\"name\":\"Organic buckwheat bar with broccoli and quince, 30 g\"}]},{\"@type\":\"WebSite\",\"@id\":\"https:\\\/\\\/www.biopapa.de\\\/en\\\/#website\",\"url\":\"https:\\\/\\\/www.biopapa.de\\\/en\\\/\",\"name\":\"Biopapa\",\"description\":\"\u0160var\u016bs ekologi\u0161ki produktai\",\"publisher\":{\"@id\":\"https:\\\/\\\/www.biopapa.de\\\/en\\\/#organization\"},\"potentialAction\":[{\"@type\":\"SearchAction\",\"target\":{\"@type\":\"EntryPoint\",\"urlTemplate\":\"https:\\\/\\\/www.biopapa.de\\\/en\\\/?s={search_term_string}\"},\"query-input\":{\"@type\":\"PropertyValueSpecification\",\"valueRequired\":true,\"valueName\":\"search_term_string\"}}],\"inLanguage\":\"en-US\"},{\"@type\":\"Organization\",\"@id\":\"https:\\\/\\\/www.biopapa.de\\\/en\\\/#organization\",\"name\":\"Biopapa\",\"url\":\"https:\\\/\\\/www.biopapa.de\\\/en\\\/\",\"logo\":{\"@type\":\"ImageObject\",\"inLanguage\":\"en-US\",\"@id\":\"https:\\\/\\\/www.biopapa.de\\\/en\\\/#\\\/schema\\\/logo\\\/image\\\/\",\"url\":\"https:\\\/\\\/www.biopapa.lt\\\/wp-content\\\/uploads\\\/2022\\\/04\\\/facebook_biopapa.jpg\",\"contentUrl\":\"https:\\\/\\\/www.biopapa.lt\\\/wp-content\\\/uploads\\\/2022\\\/04\\\/facebook_biopapa.jpg\",\"width\":1733,\"height\":907,\"caption\":\"Biopapa\"},\"image\":{\"@id\":\"https:\\\/\\\/www.biopapa.de\\\/en\\\/#\\\/schema\\\/logo\\\/image\\\/\"},\"sameAs\":[\"https:\\\/\\\/www.facebook.com\\\/biopapa.lt\"]}]}<\/script>\n<!-- \/ Yoast SEO plugin. -->","yoast_head_json":{"title":"Organic buckwheat bar with broccoli and quince, 30 g - Biopapa","description":"This bar is an ideal snack for both sports and active leisure people who are concerned about their diet.","robots":{"index":"index","follow":"follow","max-snippet":"max-snippet:-1","max-image-preview":"max-image-preview:large","max-video-preview":"max-video-preview:-1"},"canonical":"https:\/\/www.biopapa.de\/en\/producte\/organic-buckwheat-bar-with-broccoli-and-quince-30-g\/","og_locale":"en_US","og_type":"article","og_title":"Organic buckwheat bar with broccoli and quince, 30 g - Biopapa","og_description":"This bar is an ideal snack for both sports and active leisure people who are concerned about their diet.","og_url":"https:\/\/www.biopapa.de\/en\/producte\/organic-buckwheat-bar-with-broccoli-and-quince-30-g\/","og_site_name":"Biopapa","article_publisher":"https:\/\/www.facebook.com\/biopapa.lt","article_modified_time":"2026-04-16T11:49:49+00:00","og_image":[{"width":800,"height":640,"url":"https:\/\/www.biopapa.de\/wp-content\/uploads\/2022\/11\/Ekologiskas-grikiu-batonelis-su-brokoliais-ir-svarainiais-30-g.png","type":"image\/png"}],"twitter_card":"summary_large_image","twitter_misc":{"Est. reading time":"1 minute"},"schema":{"@context":"https:\/\/schema.org","@graph":[{"@type":"WebPage","@id":"https:\/\/www.biopapa.de\/en\/producte\/organic-buckwheat-bar-with-broccoli-and-quince-30-g\/","url":"https:\/\/www.biopapa.de\/en\/producte\/organic-buckwheat-bar-with-broccoli-and-quince-30-g\/","name":"Organic buckwheat bar with broccoli and quince, 30 g - Biopapa","isPartOf":{"@id":"https:\/\/www.biopapa.de\/en\/#website"},"primaryImageOfPage":{"@id":"https:\/\/www.biopapa.de\/en\/producte\/organic-buckwheat-bar-with-broccoli-and-quince-30-g\/#primaryimage"},"image":{"@id":"https:\/\/www.biopapa.de\/en\/producte\/organic-buckwheat-bar-with-broccoli-and-quince-30-g\/#primaryimage"},"thumbnailUrl":"https:\/\/www.biopapa.de\/wp-content\/uploads\/2022\/11\/Ekologiskas-grikiu-batonelis-su-brokoliais-ir-svarainiais-30-g.png","datePublished":"2022-11-17T16:16:29+00:00","dateModified":"2026-04-16T11:49:49+00:00","description":"This bar is an ideal snack for both sports and active leisure people who are concerned about their diet.","breadcrumb":{"@id":"https:\/\/www.biopapa.de\/en\/producte\/organic-buckwheat-bar-with-broccoli-and-quince-30-g\/#breadcrumb"},"inLanguage":"en-US","potentialAction":[{"@type":"ReadAction","target":["https:\/\/www.biopapa.de\/en\/producte\/organic-buckwheat-bar-with-broccoli-and-quince-30-g\/"]}]},{"@type":"ImageObject","inLanguage":"en-US","@id":"https:\/\/www.biopapa.de\/en\/producte\/organic-buckwheat-bar-with-broccoli-and-quince-30-g\/#primaryimage","url":"https:\/\/www.biopapa.de\/wp-content\/uploads\/2022\/11\/Ekologiskas-grikiu-batonelis-su-brokoliais-ir-svarainiais-30-g.png","contentUrl":"https:\/\/www.biopapa.de\/wp-content\/uploads\/2022\/11\/Ekologiskas-grikiu-batonelis-su-brokoliais-ir-svarainiais-30-g.png","width":800,"height":640,"caption":"Organic buckwheat bar with broccoli and quince, 30 g"},{"@type":"BreadcrumbList","@id":"https:\/\/www.biopapa.de\/en\/producte\/organic-buckwheat-bar-with-broccoli-and-quince-30-g\/#breadcrumb","itemListElement":[{"@type":"ListItem","position":1,"name":"Home","item":"https:\/\/www.biopapa.de\/en\/"},{"@type":"ListItem","position":2,"name":"Shop","item":"https:\/\/www.biopapa.de\/en\/shop\/"},{"@type":"ListItem","position":3,"name":"Organic buckwheat bar with broccoli and quince, 30 g"}]},{"@type":"WebSite","@id":"https:\/\/www.biopapa.de\/en\/#website","url":"https:\/\/www.biopapa.de\/en\/","name":"Biopapa","description":"\u0160var\u016bs ekologi\u0161ki produktai","publisher":{"@id":"https:\/\/www.biopapa.de\/en\/#organization"},"potentialAction":[{"@type":"SearchAction","target":{"@type":"EntryPoint","urlTemplate":"https:\/\/www.biopapa.de\/en\/?s={search_term_string}"},"query-input":{"@type":"PropertyValueSpecification","valueRequired":true,"valueName":"search_term_string"}}],"inLanguage":"en-US"},{"@type":"Organization","@id":"https:\/\/www.biopapa.de\/en\/#organization","name":"Biopapa","url":"https:\/\/www.biopapa.de\/en\/","logo":{"@type":"ImageObject","inLanguage":"en-US","@id":"https:\/\/www.biopapa.de\/en\/#\/schema\/logo\/image\/","url":"https:\/\/www.biopapa.lt\/wp-content\/uploads\/2022\/04\/facebook_biopapa.jpg","contentUrl":"https:\/\/www.biopapa.lt\/wp-content\/uploads\/2022\/04\/facebook_biopapa.jpg","width":1733,"height":907,"caption":"Biopapa"},"image":{"@id":"https:\/\/www.biopapa.de\/en\/#\/schema\/logo\/image\/"},"sameAs":["https:\/\/www.facebook.com\/biopapa.lt"]}]}},"_links":{"self":[{"href":"https:\/\/www.biopapa.de\/en\/wp-json\/wp\/v2\/product\/36229","targetHints":{"allow":["GET"]}}],"collection":[{"href":"https:\/\/www.biopapa.de\/en\/wp-json\/wp\/v2\/product"}],"about":[{"href":"https:\/\/www.biopapa.de\/en\/wp-json\/wp\/v2\/types\/product"}],"wp:featuredmedia":[{"embeddable":true,"href":"https:\/\/www.biopapa.de\/en\/wp-json\/wp\/v2\/media\/30139"}],"wp:attachment":[{"href":"https:\/\/www.biopapa.de\/en\/wp-json\/wp\/v2\/media?parent=36229"}],"wp:term":[{"taxonomy":"product_brand","embeddable":true,"href":"https:\/\/www.biopapa.de\/en\/wp-json\/wp\/v2\/product_brand?post=36229"},{"taxonomy":"product_cat","embeddable":true,"href":"https:\/\/www.biopapa.de\/en\/wp-json\/wp\/v2\/product_cat?post=36229"},{"taxonomy":"product_tag","embeddable":true,"href":"https:\/\/www.biopapa.de\/en\/wp-json\/wp\/v2\/product_tag?post=36229"}],"curies":[{"name":"wp","href":"https:\/\/api.w.org\/{rel}","templated":true}]}}