{"id":38861,"date":"2023-08-24T17:19:17","date_gmt":"2023-08-24T14:19:17","guid":{"rendered":"https:\/\/www.biopapa.de\/produktas\/organic-ground-ceylon-cinnamon-38-g-biopapa\/"},"modified":"2025-12-12T13:59:00","modified_gmt":"2025-12-12T11:59:00","slug":"organic-ground-ceylon-cinnamon-38-g-biopapa","status":"publish","type":"product","link":"https:\/\/www.biopapa.de\/en\/producte\/organic-ground-ceylon-cinnamon-38-g-biopapa\/","title":{"rendered":"Organic ground Ceylon cinnamon 38 g, Biopapa"},"content":{"rendered":"<p><strong>Organic ground Ceylon cinnamon 38 g, in glass jar<\/strong><\/p>\n<p><strong><em>Cinnamon<\/em><\/strong> has been valued since ancient times not only in culinary traditions but also in natural medicine practices around the world. There are two main types of cinnamon, each with its own unique properties and potential health effects: <em>Ceylon cinnamon<\/em> (<em>Cinnamomum verum<\/em>) and <em>Cassia cinnamon (Cinnamomum cassia)<\/em>.<br \/>\nThe main difference between Ceylon and Cassia cinnamon is the coumarin content. Ceylon cinnamon has a much lower coumarin content, making it the preferred choice for those with specific health problems or who want to consume cinnamon more frequently.<br \/>\nCeylon cinnamon has a mild and refined flavour, while Cassia cinnamon has a bolder and spicier flavour, which can influence culinary choices.<\/p>\n<p><strong><em>Ceylon cinnamon<\/em><\/strong><br \/>\nCeylon cinnamon, also known as &#8220;true cinnamon&#8221;, originates from Sri Lanka and parts of India. It is known for its delicate, slightly sweet flavour and aroma.<br \/>\nCeylon cinnamon contains lower levels of coumarin (a flavouring that accumulates in cinnamon spices), which can have toxic effects on the liver when consumed in larger quantities. This makes Ceylon cinnamon preferable to cassia cinnamon, which has a higher coumarin content.<br \/>\nIn Ayurveda and Traditional Chinese Medicine (TCM), Ceylon cinnamon is highly valued for its healing properties. It is thought to support the digestive system, promote respiratory health and help balance blood sugar levels.<\/p>\n<p><em>Attention.<\/em> Allergic reactions: although rare, some people may experience allergic reactions to cinnamon, regardless of the variety of cinnamon.<br \/>\nPregnant and breastfeeding women or people taking medication should be careful.<\/p>\n<p><strong><em>Use of Ceylon cinnamon<br \/>\n<\/em><\/strong><em>Baked goods<\/em>: Ceylon cinnamon is a great addition to baked goods. Use it in cakes, biscuits, muffins and breads, where cinnamon gives a subtle and aromatic flavour.<br \/>\n<em>Flakes:<\/em> sprinkle a pinch of Ceylon cinnamon on your morning oatmeal or cereal to make your day cosy and delicious.<br \/>\n<em>Smoothies<\/em>: blend Ceylon cinnamon into your favourite cocktail recipes to add a warm and inviting flavour.<br \/>\n<em>Hot drinks<\/em>: add a pinch of Ceylon cinnamon to hot drinks such as coffee, tea, hot chocolate or chai masala.<br \/>\n<em>Yogurt<\/em>: add Ceylon cinnamon to plain yogurt with a little honey or maple syrup.<br \/>\n<em>Stews<\/em>: Ceylon cinnamon adds a subtle flavour to savoury dishes such as curries, stews and sauces.<br \/>\n<em>Rice dishes<\/em>: sprinkle Ceylon cinnamon on rice dishes such as biryanis or ploughman&#8217;s to enhance their flavour.<br \/>\n<em>Fruit salad<\/em>: Mix Ceylon cinnamon with fresh fruit such as apples, pears or mangoes to create a refreshing and aromatic fruit salad.<br \/>\n<em>Desserts<\/em>: use Ceylon cinnamon in a variety of desserts including ice cream, puddings and fruit crisps.<\/p>\n<p>Enjoy the extraordinary aroma and the unique flavour that Ceylon cinnamon brings to your dishes!<\/p>\n<p><em>NOTE. The information contained herein should not be construed as a recommendation for treatment or other health issues. We encourage you to make personal decisions about your personal health, taking into account a wide range of sources of information.<\/em><\/p>\n","protected":false},"excerpt":{"rendered":"<p>Organic ground Ceylon cinnamon 38 g, in glass jar Cinnamon has been valued since ancient times not only in culinary<\/p>\n","protected":false},"featured_media":34757,"template":"","meta":{"_acf_changed":false},"product_brand":[],"product_cat":[1853],"product_tag":[2088],"class_list":{"0":"post-38861","1":"product","2":"type-product","3":"status-publish","4":"has-post-thumbnail","6":"product_cat-organic-spices","7":"product_tag-vegan","8":"pa_svoris-1-kg-en","9":"pa_svoris-100-g-en-2","10":"pa_svoris-200-g-en","11":"pa_svoris-300-g-en","12":"pa_svoris-400-g-en","13":"pa_svoris-5-kg-en","14":"pa_svoris-50-g-en","15":"pa_svoris-500-g-en-2","17":"first","18":"instock","19":"shipping-taxable","20":"purchasable","21":"product-type-simple"},"acf":[],"yoast_head":"<!-- This site is optimized with the Yoast SEO plugin v27.5 - https:\/\/yoast.com\/product\/yoast-seo-wordpress\/ -->\n<title>Organic ground Ceylon cinnamon 38 g, Biopapa - Biopapa<\/title>\n<meta name=\"description\" content=\"Ceylon cinnamon, also known as &quot;true cinnamon&quot;, originates from Sri Lanka and parts of India. It is known for its delicate, slightly sweet flavour and aroma.\" \/>\n<meta name=\"robots\" content=\"index, follow, max-snippet:-1, max-image-preview:large, max-video-preview:-1\" \/>\n<link rel=\"canonical\" href=\"https:\/\/www.biopapa.de\/en\/producte\/organic-ground-ceylon-cinnamon-38-g-biopapa\/\" \/>\n<meta property=\"og:locale\" content=\"en_US\" \/>\n<meta property=\"og:type\" content=\"article\" \/>\n<meta property=\"og:title\" content=\"Organic ground Ceylon cinnamon 38 g, Biopapa - Biopapa\" \/>\n<meta property=\"og:description\" content=\"Ceylon cinnamon, also known as &quot;true cinnamon&quot;, originates from Sri Lanka and parts of India. It is known for its delicate, slightly sweet flavour and aroma.\" \/>\n<meta property=\"og:url\" content=\"https:\/\/www.biopapa.de\/en\/producte\/organic-ground-ceylon-cinnamon-38-g-biopapa\/\" \/>\n<meta property=\"og:site_name\" content=\"Biopapa\" \/>\n<meta property=\"article:publisher\" content=\"https:\/\/www.facebook.com\/biopapa.lt\" \/>\n<meta property=\"article:modified_time\" content=\"2025-12-12T11:59:00+00:00\" \/>\n<meta property=\"og:image\" content=\"https:\/\/www.biopapa.de\/wp-content\/uploads\/2023\/08\/ekologiskas-cinamonas-stiklinis-indelis.png\" \/>\n\t<meta property=\"og:image:width\" content=\"800\" \/>\n\t<meta property=\"og:image:height\" content=\"640\" \/>\n\t<meta property=\"og:image:type\" content=\"image\/png\" \/>\n<meta name=\"twitter:card\" content=\"summary_large_image\" \/>\n<meta name=\"twitter:label1\" content=\"Est. reading time\" \/>\n\t<meta name=\"twitter:data1\" content=\"2 minutes\" \/>\n<script type=\"application\/ld+json\" class=\"yoast-schema-graph\">{\"@context\":\"https:\\\/\\\/schema.org\",\"@graph\":[{\"@type\":\"WebPage\",\"@id\":\"https:\\\/\\\/www.biopapa.de\\\/en\\\/producte\\\/organic-ground-ceylon-cinnamon-38-g-biopapa\\\/\",\"url\":\"https:\\\/\\\/www.biopapa.de\\\/en\\\/producte\\\/organic-ground-ceylon-cinnamon-38-g-biopapa\\\/\",\"name\":\"Organic ground Ceylon cinnamon 38 g, Biopapa - Biopapa\",\"isPartOf\":{\"@id\":\"https:\\\/\\\/www.biopapa.de\\\/en\\\/#website\"},\"primaryImageOfPage\":{\"@id\":\"https:\\\/\\\/www.biopapa.de\\\/en\\\/producte\\\/organic-ground-ceylon-cinnamon-38-g-biopapa\\\/#primaryimage\"},\"image\":{\"@id\":\"https:\\\/\\\/www.biopapa.de\\\/en\\\/producte\\\/organic-ground-ceylon-cinnamon-38-g-biopapa\\\/#primaryimage\"},\"thumbnailUrl\":\"https:\\\/\\\/www.biopapa.de\\\/wp-content\\\/uploads\\\/2023\\\/08\\\/ekologiskas-cinamonas-stiklinis-indelis.png\",\"datePublished\":\"2023-08-24T14:19:17+00:00\",\"dateModified\":\"2025-12-12T11:59:00+00:00\",\"description\":\"Ceylon cinnamon, also known as \\\"true cinnamon\\\", originates from Sri Lanka and parts of India. It is known for its delicate, slightly sweet flavour and aroma.\",\"breadcrumb\":{\"@id\":\"https:\\\/\\\/www.biopapa.de\\\/en\\\/producte\\\/organic-ground-ceylon-cinnamon-38-g-biopapa\\\/#breadcrumb\"},\"inLanguage\":\"en-US\",\"potentialAction\":[{\"@type\":\"ReadAction\",\"target\":[\"https:\\\/\\\/www.biopapa.de\\\/en\\\/producte\\\/organic-ground-ceylon-cinnamon-38-g-biopapa\\\/\"]}]},{\"@type\":\"ImageObject\",\"inLanguage\":\"en-US\",\"@id\":\"https:\\\/\\\/www.biopapa.de\\\/en\\\/producte\\\/organic-ground-ceylon-cinnamon-38-g-biopapa\\\/#primaryimage\",\"url\":\"https:\\\/\\\/www.biopapa.de\\\/wp-content\\\/uploads\\\/2023\\\/08\\\/ekologiskas-cinamonas-stiklinis-indelis.png\",\"contentUrl\":\"https:\\\/\\\/www.biopapa.de\\\/wp-content\\\/uploads\\\/2023\\\/08\\\/ekologiskas-cinamonas-stiklinis-indelis.png\",\"width\":800,\"height\":640},{\"@type\":\"BreadcrumbList\",\"@id\":\"https:\\\/\\\/www.biopapa.de\\\/en\\\/producte\\\/organic-ground-ceylon-cinnamon-38-g-biopapa\\\/#breadcrumb\",\"itemListElement\":[{\"@type\":\"ListItem\",\"position\":1,\"name\":\"Home\",\"item\":\"https:\\\/\\\/www.biopapa.de\\\/en\\\/\"},{\"@type\":\"ListItem\",\"position\":2,\"name\":\"Shop\",\"item\":\"https:\\\/\\\/www.biopapa.de\\\/en\\\/shop\\\/\"},{\"@type\":\"ListItem\",\"position\":3,\"name\":\"Organic ground Ceylon cinnamon 38 g, Biopapa\"}]},{\"@type\":\"WebSite\",\"@id\":\"https:\\\/\\\/www.biopapa.de\\\/en\\\/#website\",\"url\":\"https:\\\/\\\/www.biopapa.de\\\/en\\\/\",\"name\":\"Biopapa\",\"description\":\"\u0160var\u016bs ekologi\u0161ki produktai\",\"publisher\":{\"@id\":\"https:\\\/\\\/www.biopapa.de\\\/en\\\/#organization\"},\"potentialAction\":[{\"@type\":\"SearchAction\",\"target\":{\"@type\":\"EntryPoint\",\"urlTemplate\":\"https:\\\/\\\/www.biopapa.de\\\/en\\\/?s={search_term_string}\"},\"query-input\":{\"@type\":\"PropertyValueSpecification\",\"valueRequired\":true,\"valueName\":\"search_term_string\"}}],\"inLanguage\":\"en-US\"},{\"@type\":\"Organization\",\"@id\":\"https:\\\/\\\/www.biopapa.de\\\/en\\\/#organization\",\"name\":\"Biopapa\",\"url\":\"https:\\\/\\\/www.biopapa.de\\\/en\\\/\",\"logo\":{\"@type\":\"ImageObject\",\"inLanguage\":\"en-US\",\"@id\":\"https:\\\/\\\/www.biopapa.de\\\/en\\\/#\\\/schema\\\/logo\\\/image\\\/\",\"url\":\"https:\\\/\\\/www.biopapa.lt\\\/wp-content\\\/uploads\\\/2022\\\/04\\\/facebook_biopapa.jpg\",\"contentUrl\":\"https:\\\/\\\/www.biopapa.lt\\\/wp-content\\\/uploads\\\/2022\\\/04\\\/facebook_biopapa.jpg\",\"width\":1733,\"height\":907,\"caption\":\"Biopapa\"},\"image\":{\"@id\":\"https:\\\/\\\/www.biopapa.de\\\/en\\\/#\\\/schema\\\/logo\\\/image\\\/\"},\"sameAs\":[\"https:\\\/\\\/www.facebook.com\\\/biopapa.lt\"]}]}<\/script>\n<!-- \/ Yoast SEO plugin. -->","yoast_head_json":{"title":"Organic ground Ceylon cinnamon 38 g, Biopapa - Biopapa","description":"Ceylon cinnamon, also known as \"true cinnamon\", originates from Sri Lanka and parts of India. It is known for its delicate, slightly sweet flavour and aroma.","robots":{"index":"index","follow":"follow","max-snippet":"max-snippet:-1","max-image-preview":"max-image-preview:large","max-video-preview":"max-video-preview:-1"},"canonical":"https:\/\/www.biopapa.de\/en\/producte\/organic-ground-ceylon-cinnamon-38-g-biopapa\/","og_locale":"en_US","og_type":"article","og_title":"Organic ground Ceylon cinnamon 38 g, Biopapa - Biopapa","og_description":"Ceylon cinnamon, also known as \"true cinnamon\", originates from Sri Lanka and parts of India. It is known for its delicate, slightly sweet flavour and aroma.","og_url":"https:\/\/www.biopapa.de\/en\/producte\/organic-ground-ceylon-cinnamon-38-g-biopapa\/","og_site_name":"Biopapa","article_publisher":"https:\/\/www.facebook.com\/biopapa.lt","article_modified_time":"2025-12-12T11:59:00+00:00","og_image":[{"width":800,"height":640,"url":"https:\/\/www.biopapa.de\/wp-content\/uploads\/2023\/08\/ekologiskas-cinamonas-stiklinis-indelis.png","type":"image\/png"}],"twitter_card":"summary_large_image","twitter_misc":{"Est. reading time":"2 minutes"},"schema":{"@context":"https:\/\/schema.org","@graph":[{"@type":"WebPage","@id":"https:\/\/www.biopapa.de\/en\/producte\/organic-ground-ceylon-cinnamon-38-g-biopapa\/","url":"https:\/\/www.biopapa.de\/en\/producte\/organic-ground-ceylon-cinnamon-38-g-biopapa\/","name":"Organic ground Ceylon cinnamon 38 g, Biopapa - Biopapa","isPartOf":{"@id":"https:\/\/www.biopapa.de\/en\/#website"},"primaryImageOfPage":{"@id":"https:\/\/www.biopapa.de\/en\/producte\/organic-ground-ceylon-cinnamon-38-g-biopapa\/#primaryimage"},"image":{"@id":"https:\/\/www.biopapa.de\/en\/producte\/organic-ground-ceylon-cinnamon-38-g-biopapa\/#primaryimage"},"thumbnailUrl":"https:\/\/www.biopapa.de\/wp-content\/uploads\/2023\/08\/ekologiskas-cinamonas-stiklinis-indelis.png","datePublished":"2023-08-24T14:19:17+00:00","dateModified":"2025-12-12T11:59:00+00:00","description":"Ceylon cinnamon, also known as \"true cinnamon\", originates from Sri Lanka and parts of India. It is known for its delicate, slightly sweet flavour and aroma.","breadcrumb":{"@id":"https:\/\/www.biopapa.de\/en\/producte\/organic-ground-ceylon-cinnamon-38-g-biopapa\/#breadcrumb"},"inLanguage":"en-US","potentialAction":[{"@type":"ReadAction","target":["https:\/\/www.biopapa.de\/en\/producte\/organic-ground-ceylon-cinnamon-38-g-biopapa\/"]}]},{"@type":"ImageObject","inLanguage":"en-US","@id":"https:\/\/www.biopapa.de\/en\/producte\/organic-ground-ceylon-cinnamon-38-g-biopapa\/#primaryimage","url":"https:\/\/www.biopapa.de\/wp-content\/uploads\/2023\/08\/ekologiskas-cinamonas-stiklinis-indelis.png","contentUrl":"https:\/\/www.biopapa.de\/wp-content\/uploads\/2023\/08\/ekologiskas-cinamonas-stiklinis-indelis.png","width":800,"height":640},{"@type":"BreadcrumbList","@id":"https:\/\/www.biopapa.de\/en\/producte\/organic-ground-ceylon-cinnamon-38-g-biopapa\/#breadcrumb","itemListElement":[{"@type":"ListItem","position":1,"name":"Home","item":"https:\/\/www.biopapa.de\/en\/"},{"@type":"ListItem","position":2,"name":"Shop","item":"https:\/\/www.biopapa.de\/en\/shop\/"},{"@type":"ListItem","position":3,"name":"Organic ground Ceylon cinnamon 38 g, Biopapa"}]},{"@type":"WebSite","@id":"https:\/\/www.biopapa.de\/en\/#website","url":"https:\/\/www.biopapa.de\/en\/","name":"Biopapa","description":"\u0160var\u016bs ekologi\u0161ki produktai","publisher":{"@id":"https:\/\/www.biopapa.de\/en\/#organization"},"potentialAction":[{"@type":"SearchAction","target":{"@type":"EntryPoint","urlTemplate":"https:\/\/www.biopapa.de\/en\/?s={search_term_string}"},"query-input":{"@type":"PropertyValueSpecification","valueRequired":true,"valueName":"search_term_string"}}],"inLanguage":"en-US"},{"@type":"Organization","@id":"https:\/\/www.biopapa.de\/en\/#organization","name":"Biopapa","url":"https:\/\/www.biopapa.de\/en\/","logo":{"@type":"ImageObject","inLanguage":"en-US","@id":"https:\/\/www.biopapa.de\/en\/#\/schema\/logo\/image\/","url":"https:\/\/www.biopapa.lt\/wp-content\/uploads\/2022\/04\/facebook_biopapa.jpg","contentUrl":"https:\/\/www.biopapa.lt\/wp-content\/uploads\/2022\/04\/facebook_biopapa.jpg","width":1733,"height":907,"caption":"Biopapa"},"image":{"@id":"https:\/\/www.biopapa.de\/en\/#\/schema\/logo\/image\/"},"sameAs":["https:\/\/www.facebook.com\/biopapa.lt"]}]}},"_links":{"self":[{"href":"https:\/\/www.biopapa.de\/en\/wp-json\/wp\/v2\/product\/38861","targetHints":{"allow":["GET"]}}],"collection":[{"href":"https:\/\/www.biopapa.de\/en\/wp-json\/wp\/v2\/product"}],"about":[{"href":"https:\/\/www.biopapa.de\/en\/wp-json\/wp\/v2\/types\/product"}],"wp:featuredmedia":[{"embeddable":true,"href":"https:\/\/www.biopapa.de\/en\/wp-json\/wp\/v2\/media\/34757"}],"wp:attachment":[{"href":"https:\/\/www.biopapa.de\/en\/wp-json\/wp\/v2\/media?parent=38861"}],"wp:term":[{"taxonomy":"product_brand","embeddable":true,"href":"https:\/\/www.biopapa.de\/en\/wp-json\/wp\/v2\/product_brand?post=38861"},{"taxonomy":"product_cat","embeddable":true,"href":"https:\/\/www.biopapa.de\/en\/wp-json\/wp\/v2\/product_cat?post=38861"},{"taxonomy":"product_tag","embeddable":true,"href":"https:\/\/www.biopapa.de\/en\/wp-json\/wp\/v2\/product_tag?post=38861"}],"curies":[{"name":"wp","href":"https:\/\/api.w.org\/{rel}","templated":true}]}}