{"id":42648,"date":"2024-01-08T16:30:51","date_gmt":"2024-01-08T14:30:51","guid":{"rendered":"https:\/\/www.biopapa.de\/?post_type=product&#038;p=42648"},"modified":"2025-12-12T13:47:26","modified_gmt":"2025-12-12T11:47:26","slug":"organic-freeze-dried-dragon-fruit-powder-pitaya","status":"publish","type":"product","link":"https:\/\/www.biopapa.de\/en\/producte\/organic-freeze-dried-dragon-fruit-powder-pitaya\/","title":{"rendered":"Organic Freeze Dried Dragon Fruit Powder (Pitaya)"},"content":{"rendered":"<p><strong>Organic Freeze Dried Dragon Fruit Powder (Pitaya)<br \/>\n<\/strong>Dragon fruit, also known as Pitaya, is the fruit of the cactus (Hylocereus Costaricensis). The cactus is native to the Americas but is now cultivated in various tropical and subtropical regions around the world. Hylocereus cactus has large, colourful Dragon fruits with a distinctive appearance, usually bright pink or yellow with white or red flesh containing small black seeds.<\/p>\n<p>Dragon fruit has its roots in traditional uses in various cultures, especially in Central and South America, as well as in South-East Asia. Traditionally, this fruit has been valued not only for its unique flavour and as a food source, but also for its health benefits. The dragon fruit was often consumed by indigenous peoples for its potential ability to aid digestion due to its fibre content, and it was also revered for its vitamin and mineral content, which is thought to boost the immune system.<\/p>\n<p><em>Benefits<\/em><br \/>\nNutrient rich: Dragon fruit powder is low in calories but rich in important vitamins and minerals such as magnesium, iron, vitamin C and vitamin E.<br \/>\nRich in antioxidants: they are rich in antioxidants, which contribute to heart health and potentially help with metabolic problems.<br \/>\nImmune Support: The high vitamin content of pitaya fruit boosts immunity and accelerates the antioxidant activity of the body.<br \/>\nDigestive Health: thanks to its high fibre content and oligosaccharides, Dragon fruit improves digestion and promotes gut health.<br \/>\nDiabetes Control: Pitaya powder can help stabilise blood sugar levels, which is beneficial for diabetes management.<br \/>\nHeart Health: Their &#8220;good&#8221; cholesterol and lack of unhealthy saturated fats can help heart health.<br \/>\nSkin and Hair: The antioxidants in pitaya fruits are beneficial for the skin, can reduce the signs of ageing and improve hair health.<br \/>\nBone health: The high calcium content of pitaya fruit can improve bone mineral density.<br \/>\nCancer Prevention: some studies suggest that Dragon fruit may have properties that help fight certain types of cancer, such as breast and prostate cancer.<\/p>\n<p><em>Attention<\/em><br \/>\nExcessive use may cause adverse effects and allergic reactions.<br \/>\nHigh levels of Dragon Fruit powder may cause a drop in blood pressure.<br \/>\nBe careful if you are taking medication.<\/p>\n<p><em>Use of<\/em><br \/>\nThe fruit is freeze-dried to preserve all its nutrients, aromas and bright colours. The freeze-dried product is ground into a fine powder, making it a versatile and convenient addition to smoothies, juices, yoghurts and baked goods. They can also be used as a natural food colouring or sprinkled on desserts and cereals to add nutrients and exoticism.<\/p>\n<p>The usual recommended dose is about 1 teaspoon (3-6 grams) per day.<\/p>\n<p>It is important to start with smaller amounts and gradually increase to assess the body&#8217;s tolerance. Given the high fibre content, sufficient water intake is necessary to facilitate digestion and avoid intestinal discomfort.<\/p>\n<p><em>Sources:<\/em><br \/>\nwww.draxe.com<br \/>\nwww.researchgate.net<br \/>\nwww.ncbi.nlm.nih.gov<\/p>\n<p><em>NOTE. The information contained herein should not be construed as a recommendation for treatment or other health issues. We encourage you to make personal decisions about your personal health, taking into account a wide range of sources of information.<\/em><\/p>\n","protected":false},"excerpt":{"rendered":"<p>Organic Freeze Dried Dragon Fruit Powder (Pitaya) Dragon fruit, also known as Pitaya, is the fruit of the cactus (Hylocereus<\/p>\n","protected":false},"featured_media":42694,"template":"","meta":{"_acf_changed":false},"product_brand":[],"product_cat":[1848,2353],"product_tag":[2088],"class_list":{"0":"post-42648","1":"product","2":"type-product","3":"status-publish","4":"has-post-thumbnail","6":"product_cat-plant-based-superfood","7":"product_cat-powder","8":"product_tag-vegan","9":"pa_svoris-1-kg-en","10":"pa_svoris-100-g-en-2","11":"pa_svoris-200-g-en","12":"pa_svoris-300-g-en","13":"pa_svoris-400-g-en","14":"pa_svoris-500-g-en-2","15":"pa_svoris-7-5-kg-en","17":"first","18":"instock","19":"shipping-taxable","20":"purchasable","21":"product-type-variable"},"acf":[],"yoast_head":"<!-- This site is optimized with the Yoast SEO plugin v27.5 - https:\/\/yoast.com\/product\/yoast-seo-wordpress\/ -->\n<title>Organic Freeze Dried Dragon Fruit Powder (Pitaya) - Biopapa<\/title>\n<meta name=\"description\" content=\"Dragon fruit has its roots in traditional uses in various cultures, especially in Central and South America, as well as in South-East Asia. Traditionally, this fruit has been valued not only for its unique flavour and as a food source, but also for its health benefits.\" \/>\n<meta name=\"robots\" content=\"index, follow, max-snippet:-1, max-image-preview:large, max-video-preview:-1\" \/>\n<link rel=\"canonical\" href=\"https:\/\/www.biopapa.de\/en\/producte\/organic-freeze-dried-dragon-fruit-powder-pitaya\/\" \/>\n<meta property=\"og:locale\" content=\"en_US\" \/>\n<meta property=\"og:type\" content=\"article\" \/>\n<meta property=\"og:title\" content=\"Organic Freeze Dried Dragon Fruit Powder (Pitaya) - Biopapa\" \/>\n<meta property=\"og:description\" content=\"Dragon fruit has its roots in traditional uses in various cultures, especially in Central and South America, as well as in South-East Asia. Traditionally, this fruit has been valued not only for its unique flavour and as a food source, but also for its health benefits.\" \/>\n<meta property=\"og:url\" content=\"https:\/\/www.biopapa.de\/en\/producte\/organic-freeze-dried-dragon-fruit-powder-pitaya\/\" \/>\n<meta property=\"og:site_name\" content=\"Biopapa\" \/>\n<meta property=\"article:publisher\" content=\"https:\/\/www.facebook.com\/biopapa.lt\" \/>\n<meta property=\"article:modified_time\" content=\"2025-12-12T11:47:26+00:00\" \/>\n<meta property=\"og:image\" content=\"https:\/\/www.biopapa.de\/wp-content\/uploads\/2024\/01\/Dragon-fruit.png\" \/>\n\t<meta property=\"og:image:width\" content=\"800\" \/>\n\t<meta property=\"og:image:height\" content=\"640\" \/>\n\t<meta property=\"og:image:type\" content=\"image\/png\" \/>\n<meta name=\"twitter:card\" content=\"summary_large_image\" \/>\n<meta name=\"twitter:label1\" content=\"Est. reading time\" \/>\n\t<meta name=\"twitter:data1\" content=\"3 minutes\" \/>\n<script type=\"application\/ld+json\" class=\"yoast-schema-graph\">{\"@context\":\"https:\\\/\\\/schema.org\",\"@graph\":[{\"@type\":\"WebPage\",\"@id\":\"https:\\\/\\\/www.biopapa.de\\\/en\\\/producte\\\/organic-freeze-dried-dragon-fruit-powder-pitaya\\\/\",\"url\":\"https:\\\/\\\/www.biopapa.de\\\/en\\\/producte\\\/organic-freeze-dried-dragon-fruit-powder-pitaya\\\/\",\"name\":\"Organic Freeze Dried Dragon Fruit Powder (Pitaya) - Biopapa\",\"isPartOf\":{\"@id\":\"https:\\\/\\\/www.biopapa.de\\\/en\\\/#website\"},\"primaryImageOfPage\":{\"@id\":\"https:\\\/\\\/www.biopapa.de\\\/en\\\/producte\\\/organic-freeze-dried-dragon-fruit-powder-pitaya\\\/#primaryimage\"},\"image\":{\"@id\":\"https:\\\/\\\/www.biopapa.de\\\/en\\\/producte\\\/organic-freeze-dried-dragon-fruit-powder-pitaya\\\/#primaryimage\"},\"thumbnailUrl\":\"https:\\\/\\\/www.biopapa.de\\\/wp-content\\\/uploads\\\/2024\\\/01\\\/Dragon-fruit.png\",\"datePublished\":\"2024-01-08T14:30:51+00:00\",\"dateModified\":\"2025-12-12T11:47:26+00:00\",\"description\":\"Dragon fruit has its roots in traditional uses in various cultures, especially in Central and South America, as well as in South-East Asia. Traditionally, this fruit has been valued not only for its unique flavour and as a food source, but also for its health benefits.\",\"breadcrumb\":{\"@id\":\"https:\\\/\\\/www.biopapa.de\\\/en\\\/producte\\\/organic-freeze-dried-dragon-fruit-powder-pitaya\\\/#breadcrumb\"},\"inLanguage\":\"en-US\",\"potentialAction\":[{\"@type\":\"ReadAction\",\"target\":[\"https:\\\/\\\/www.biopapa.de\\\/en\\\/producte\\\/organic-freeze-dried-dragon-fruit-powder-pitaya\\\/\"]}]},{\"@type\":\"ImageObject\",\"inLanguage\":\"en-US\",\"@id\":\"https:\\\/\\\/www.biopapa.de\\\/en\\\/producte\\\/organic-freeze-dried-dragon-fruit-powder-pitaya\\\/#primaryimage\",\"url\":\"https:\\\/\\\/www.biopapa.de\\\/wp-content\\\/uploads\\\/2024\\\/01\\\/Dragon-fruit.png\",\"contentUrl\":\"https:\\\/\\\/www.biopapa.de\\\/wp-content\\\/uploads\\\/2024\\\/01\\\/Dragon-fruit.png\",\"width\":800,\"height\":640},{\"@type\":\"BreadcrumbList\",\"@id\":\"https:\\\/\\\/www.biopapa.de\\\/en\\\/producte\\\/organic-freeze-dried-dragon-fruit-powder-pitaya\\\/#breadcrumb\",\"itemListElement\":[{\"@type\":\"ListItem\",\"position\":1,\"name\":\"Home\",\"item\":\"https:\\\/\\\/www.biopapa.de\\\/en\\\/\"},{\"@type\":\"ListItem\",\"position\":2,\"name\":\"Shop\",\"item\":\"https:\\\/\\\/www.biopapa.de\\\/en\\\/shop\\\/\"},{\"@type\":\"ListItem\",\"position\":3,\"name\":\"Organic Freeze Dried Dragon Fruit Powder (Pitaya)\"}]},{\"@type\":\"WebSite\",\"@id\":\"https:\\\/\\\/www.biopapa.de\\\/en\\\/#website\",\"url\":\"https:\\\/\\\/www.biopapa.de\\\/en\\\/\",\"name\":\"Biopapa\",\"description\":\"\u0160var\u016bs ekologi\u0161ki produktai\",\"publisher\":{\"@id\":\"https:\\\/\\\/www.biopapa.de\\\/en\\\/#organization\"},\"potentialAction\":[{\"@type\":\"SearchAction\",\"target\":{\"@type\":\"EntryPoint\",\"urlTemplate\":\"https:\\\/\\\/www.biopapa.de\\\/en\\\/?s={search_term_string}\"},\"query-input\":{\"@type\":\"PropertyValueSpecification\",\"valueRequired\":true,\"valueName\":\"search_term_string\"}}],\"inLanguage\":\"en-US\"},{\"@type\":\"Organization\",\"@id\":\"https:\\\/\\\/www.biopapa.de\\\/en\\\/#organization\",\"name\":\"Biopapa\",\"url\":\"https:\\\/\\\/www.biopapa.de\\\/en\\\/\",\"logo\":{\"@type\":\"ImageObject\",\"inLanguage\":\"en-US\",\"@id\":\"https:\\\/\\\/www.biopapa.de\\\/en\\\/#\\\/schema\\\/logo\\\/image\\\/\",\"url\":\"https:\\\/\\\/www.biopapa.lt\\\/wp-content\\\/uploads\\\/2022\\\/04\\\/facebook_biopapa.jpg\",\"contentUrl\":\"https:\\\/\\\/www.biopapa.lt\\\/wp-content\\\/uploads\\\/2022\\\/04\\\/facebook_biopapa.jpg\",\"width\":1733,\"height\":907,\"caption\":\"Biopapa\"},\"image\":{\"@id\":\"https:\\\/\\\/www.biopapa.de\\\/en\\\/#\\\/schema\\\/logo\\\/image\\\/\"},\"sameAs\":[\"https:\\\/\\\/www.facebook.com\\\/biopapa.lt\"]}]}<\/script>\n<!-- \/ Yoast SEO plugin. -->","yoast_head_json":{"title":"Organic Freeze Dried Dragon Fruit Powder (Pitaya) - Biopapa","description":"Dragon fruit has its roots in traditional uses in various cultures, especially in Central and South America, as well as in South-East Asia. Traditionally, this fruit has been valued not only for its unique flavour and as a food source, but also for its health benefits.","robots":{"index":"index","follow":"follow","max-snippet":"max-snippet:-1","max-image-preview":"max-image-preview:large","max-video-preview":"max-video-preview:-1"},"canonical":"https:\/\/www.biopapa.de\/en\/producte\/organic-freeze-dried-dragon-fruit-powder-pitaya\/","og_locale":"en_US","og_type":"article","og_title":"Organic Freeze Dried Dragon Fruit Powder (Pitaya) - Biopapa","og_description":"Dragon fruit has its roots in traditional uses in various cultures, especially in Central and South America, as well as in South-East Asia. Traditionally, this fruit has been valued not only for its unique flavour and as a food source, but also for its health benefits.","og_url":"https:\/\/www.biopapa.de\/en\/producte\/organic-freeze-dried-dragon-fruit-powder-pitaya\/","og_site_name":"Biopapa","article_publisher":"https:\/\/www.facebook.com\/biopapa.lt","article_modified_time":"2025-12-12T11:47:26+00:00","og_image":[{"width":800,"height":640,"url":"https:\/\/www.biopapa.de\/wp-content\/uploads\/2024\/01\/Dragon-fruit.png","type":"image\/png"}],"twitter_card":"summary_large_image","twitter_misc":{"Est. reading time":"3 minutes"},"schema":{"@context":"https:\/\/schema.org","@graph":[{"@type":"WebPage","@id":"https:\/\/www.biopapa.de\/en\/producte\/organic-freeze-dried-dragon-fruit-powder-pitaya\/","url":"https:\/\/www.biopapa.de\/en\/producte\/organic-freeze-dried-dragon-fruit-powder-pitaya\/","name":"Organic Freeze Dried Dragon Fruit Powder (Pitaya) - Biopapa","isPartOf":{"@id":"https:\/\/www.biopapa.de\/en\/#website"},"primaryImageOfPage":{"@id":"https:\/\/www.biopapa.de\/en\/producte\/organic-freeze-dried-dragon-fruit-powder-pitaya\/#primaryimage"},"image":{"@id":"https:\/\/www.biopapa.de\/en\/producte\/organic-freeze-dried-dragon-fruit-powder-pitaya\/#primaryimage"},"thumbnailUrl":"https:\/\/www.biopapa.de\/wp-content\/uploads\/2024\/01\/Dragon-fruit.png","datePublished":"2024-01-08T14:30:51+00:00","dateModified":"2025-12-12T11:47:26+00:00","description":"Dragon fruit has its roots in traditional uses in various cultures, especially in Central and South America, as well as in South-East Asia. Traditionally, this fruit has been valued not only for its unique flavour and as a food source, but also for its health benefits.","breadcrumb":{"@id":"https:\/\/www.biopapa.de\/en\/producte\/organic-freeze-dried-dragon-fruit-powder-pitaya\/#breadcrumb"},"inLanguage":"en-US","potentialAction":[{"@type":"ReadAction","target":["https:\/\/www.biopapa.de\/en\/producte\/organic-freeze-dried-dragon-fruit-powder-pitaya\/"]}]},{"@type":"ImageObject","inLanguage":"en-US","@id":"https:\/\/www.biopapa.de\/en\/producte\/organic-freeze-dried-dragon-fruit-powder-pitaya\/#primaryimage","url":"https:\/\/www.biopapa.de\/wp-content\/uploads\/2024\/01\/Dragon-fruit.png","contentUrl":"https:\/\/www.biopapa.de\/wp-content\/uploads\/2024\/01\/Dragon-fruit.png","width":800,"height":640},{"@type":"BreadcrumbList","@id":"https:\/\/www.biopapa.de\/en\/producte\/organic-freeze-dried-dragon-fruit-powder-pitaya\/#breadcrumb","itemListElement":[{"@type":"ListItem","position":1,"name":"Home","item":"https:\/\/www.biopapa.de\/en\/"},{"@type":"ListItem","position":2,"name":"Shop","item":"https:\/\/www.biopapa.de\/en\/shop\/"},{"@type":"ListItem","position":3,"name":"Organic Freeze Dried Dragon Fruit Powder (Pitaya)"}]},{"@type":"WebSite","@id":"https:\/\/www.biopapa.de\/en\/#website","url":"https:\/\/www.biopapa.de\/en\/","name":"Biopapa","description":"\u0160var\u016bs ekologi\u0161ki produktai","publisher":{"@id":"https:\/\/www.biopapa.de\/en\/#organization"},"potentialAction":[{"@type":"SearchAction","target":{"@type":"EntryPoint","urlTemplate":"https:\/\/www.biopapa.de\/en\/?s={search_term_string}"},"query-input":{"@type":"PropertyValueSpecification","valueRequired":true,"valueName":"search_term_string"}}],"inLanguage":"en-US"},{"@type":"Organization","@id":"https:\/\/www.biopapa.de\/en\/#organization","name":"Biopapa","url":"https:\/\/www.biopapa.de\/en\/","logo":{"@type":"ImageObject","inLanguage":"en-US","@id":"https:\/\/www.biopapa.de\/en\/#\/schema\/logo\/image\/","url":"https:\/\/www.biopapa.lt\/wp-content\/uploads\/2022\/04\/facebook_biopapa.jpg","contentUrl":"https:\/\/www.biopapa.lt\/wp-content\/uploads\/2022\/04\/facebook_biopapa.jpg","width":1733,"height":907,"caption":"Biopapa"},"image":{"@id":"https:\/\/www.biopapa.de\/en\/#\/schema\/logo\/image\/"},"sameAs":["https:\/\/www.facebook.com\/biopapa.lt"]}]}},"_links":{"self":[{"href":"https:\/\/www.biopapa.de\/en\/wp-json\/wp\/v2\/product\/42648","targetHints":{"allow":["GET"]}}],"collection":[{"href":"https:\/\/www.biopapa.de\/en\/wp-json\/wp\/v2\/product"}],"about":[{"href":"https:\/\/www.biopapa.de\/en\/wp-json\/wp\/v2\/types\/product"}],"wp:featuredmedia":[{"embeddable":true,"href":"https:\/\/www.biopapa.de\/en\/wp-json\/wp\/v2\/media\/42694"}],"wp:attachment":[{"href":"https:\/\/www.biopapa.de\/en\/wp-json\/wp\/v2\/media?parent=42648"}],"wp:term":[{"taxonomy":"product_brand","embeddable":true,"href":"https:\/\/www.biopapa.de\/en\/wp-json\/wp\/v2\/product_brand?post=42648"},{"taxonomy":"product_cat","embeddable":true,"href":"https:\/\/www.biopapa.de\/en\/wp-json\/wp\/v2\/product_cat?post=42648"},{"taxonomy":"product_tag","embeddable":true,"href":"https:\/\/www.biopapa.de\/en\/wp-json\/wp\/v2\/product_tag?post=42648"}],"curies":[{"name":"wp","href":"https:\/\/api.w.org\/{rel}","templated":true}]}}