{"id":42811,"date":"2024-02-23T07:34:42","date_gmt":"2024-02-23T05:34:42","guid":{"rendered":"https:\/\/www.biopapa.de\/?post_type=product&#038;p=42811"},"modified":"2026-01-21T13:52:33","modified_gmt":"2026-01-21T11:52:33","slug":"organic-blueberry-powder","status":"publish","type":"product","link":"https:\/\/www.biopapa.de\/en\/producte\/organic-blueberry-powder\/","title":{"rendered":"Organic blueberry powder"},"content":{"rendered":"<p><strong>Organic Blueberry Powder<br \/>\n<\/strong>Blueberries are incredibly tasty berries that have long been known for their health benefits. Packed with essential nutrients and antioxidants, blueberries are suitable for a wide range of culinary recipes, from muffins to smoothies. One innovative way to incorporate these superfoods into your diet is blueberry powder.<br \/>\nHistorically, dried blueberries have been valued for their many health benefits, especially by the indigenous people of North America. Due to their rich antioxidant content, especially anthocyanins, dried blueberries have been used to fight inflammation and improve general health. They have also been considered beneficial for the digestive system as a good source of dietary fibre. In addition, blueberries have been used to boost immunity and improve mental function, making them a valuable food in terms of both nutritional and medicinal value.   <\/p>\n<p>Use of<\/p>\n<p>Smoothie. Add a teaspoon or two of blueberry powder to your morning smoothie for flavour and antioxidants.<br \/>\nBaked goods. Add blueberry powder to muffins, pancakes or waffle batter.<br \/>\nPorridge. Sprinkle blueberry powder on your morning porridge or yoghurt for extra nutrition and flavour.<br \/>\nDrinks. Mix blueberry powder into water, juice or tea for a refreshing and nutritious drink.<br \/>\nSalad. Add a pinch of blueberry powder to salad dressings to make traditional salads unique.<br \/>\nDesserts. Add blueberry powder to ice cream, sorbet or pudding.<br \/>\nAttention<br \/>\nSome people may be allergic to blueberries or the ingredients in blueberry powder.<br \/>\nRarely, large amounts of blueberry powder may cause digestive upset such as diarrhoea or stomach cramps.<\/p>\n<p>Sources:<br \/>\nwww.ncbi.nlm.nih.gov<br \/>\nwww.examine.com<\/p>\n<p><em>NOTE. The information contained herein should not be construed as a recommendation for treatment or other health issues. We encourage you to make personal decisions about your personal health, taking into account a wide range of sources of information.<\/em><\/p>\n","protected":false},"excerpt":{"rendered":"<p>Organic Blueberry Powder Blueberries are incredibly tasty berries that have long been known for their health benefits. Packed with essential<\/p>\n","protected":false},"featured_media":42836,"template":"","meta":{"_acf_changed":false},"product_brand":[],"product_cat":[1848,2353],"product_tag":[2056,2092,2088],"class_list":{"0":"post-42811","1":"product","2":"type-product","3":"status-publish","4":"has-post-thumbnail","6":"product_cat-plant-based-superfood","7":"product_cat-powder","8":"product_tag-keto-diet","9":"product_tag-raw-diet","10":"product_tag-vegan","11":"pa_svoris-1-kg-en","12":"pa_svoris-100-g-en-2","13":"pa_svoris-200-g-en","14":"pa_svoris-300-g-en","15":"pa_svoris-400-g-en","16":"pa_svoris-5-kg-en","17":"pa_svoris-500-g-en-2","19":"first","20":"outofstock","21":"shipping-taxable","22":"purchasable","23":"product-type-variable"},"acf":[],"yoast_head":"<!-- This site is optimized with the Yoast SEO plugin v27.5 - https:\/\/yoast.com\/product\/yoast-seo-wordpress\/ -->\n<title>Organic blueberry powder - Biopapa<\/title>\n<meta name=\"description\" content=\"Blueberries are an incredibly tasty berry that has long been known for its health benefits. Packed with essential nutrients and antioxidants, blueberries are suitable for a wide range of culinary recipes, from muffins to smoothies.\" \/>\n<meta name=\"robots\" content=\"index, follow, max-snippet:-1, max-image-preview:large, max-video-preview:-1\" \/>\n<link rel=\"canonical\" href=\"https:\/\/www.biopapa.de\/en\/producte\/organic-blueberry-powder\/\" \/>\n<meta property=\"og:locale\" content=\"en_US\" \/>\n<meta property=\"og:type\" content=\"article\" \/>\n<meta property=\"og:title\" content=\"Organic blueberry powder - Biopapa\" \/>\n<meta property=\"og:description\" content=\"Blueberries are an incredibly tasty berry that has long been known for its health benefits. Packed with essential nutrients and antioxidants, blueberries are suitable for a wide range of culinary recipes, from muffins to smoothies.\" \/>\n<meta property=\"og:url\" content=\"https:\/\/www.biopapa.de\/en\/producte\/organic-blueberry-powder\/\" \/>\n<meta property=\"og:site_name\" content=\"Biopapa\" \/>\n<meta property=\"article:publisher\" content=\"https:\/\/www.facebook.com\/biopapa.lt\" \/>\n<meta property=\"article:modified_time\" content=\"2026-01-21T11:52:33+00:00\" \/>\n<meta property=\"og:image\" content=\"https:\/\/www.biopapa.de\/wp-content\/uploads\/2024\/02\/Ekologiski-melyniu-milteliai-1-1024x819.png\" \/>\n\t<meta property=\"og:image:width\" content=\"1024\" \/>\n\t<meta property=\"og:image:height\" content=\"819\" \/>\n\t<meta property=\"og:image:type\" content=\"image\/png\" \/>\n<meta name=\"twitter:card\" content=\"summary_large_image\" \/>\n<meta name=\"twitter:label1\" content=\"Est. reading time\" \/>\n\t<meta name=\"twitter:data1\" content=\"1 minute\" \/>\n<script type=\"application\/ld+json\" class=\"yoast-schema-graph\">{\"@context\":\"https:\\\/\\\/schema.org\",\"@graph\":[{\"@type\":\"WebPage\",\"@id\":\"https:\\\/\\\/www.biopapa.de\\\/en\\\/producte\\\/organic-blueberry-powder\\\/\",\"url\":\"https:\\\/\\\/www.biopapa.de\\\/en\\\/producte\\\/organic-blueberry-powder\\\/\",\"name\":\"Organic blueberry powder - Biopapa\",\"isPartOf\":{\"@id\":\"https:\\\/\\\/www.biopapa.de\\\/en\\\/#website\"},\"primaryImageOfPage\":{\"@id\":\"https:\\\/\\\/www.biopapa.de\\\/en\\\/producte\\\/organic-blueberry-powder\\\/#primaryimage\"},\"image\":{\"@id\":\"https:\\\/\\\/www.biopapa.de\\\/en\\\/producte\\\/organic-blueberry-powder\\\/#primaryimage\"},\"thumbnailUrl\":\"https:\\\/\\\/www.biopapa.de\\\/wp-content\\\/uploads\\\/2024\\\/02\\\/Ekologiski-melyniu-milteliai-1.png\",\"datePublished\":\"2024-02-23T05:34:42+00:00\",\"dateModified\":\"2026-01-21T11:52:33+00:00\",\"description\":\"Blueberries are an incredibly tasty berry that has long been known for its health benefits. Packed with essential nutrients and antioxidants, blueberries are suitable for a wide range of culinary recipes, from muffins to smoothies.\",\"breadcrumb\":{\"@id\":\"https:\\\/\\\/www.biopapa.de\\\/en\\\/producte\\\/organic-blueberry-powder\\\/#breadcrumb\"},\"inLanguage\":\"en-US\",\"potentialAction\":[{\"@type\":\"ReadAction\",\"target\":[\"https:\\\/\\\/www.biopapa.de\\\/en\\\/producte\\\/organic-blueberry-powder\\\/\"]}]},{\"@type\":\"ImageObject\",\"inLanguage\":\"en-US\",\"@id\":\"https:\\\/\\\/www.biopapa.de\\\/en\\\/producte\\\/organic-blueberry-powder\\\/#primaryimage\",\"url\":\"https:\\\/\\\/www.biopapa.de\\\/wp-content\\\/uploads\\\/2024\\\/02\\\/Ekologiski-melyniu-milteliai-1.png\",\"contentUrl\":\"https:\\\/\\\/www.biopapa.de\\\/wp-content\\\/uploads\\\/2024\\\/02\\\/Ekologiski-melyniu-milteliai-1.png\",\"width\":1600,\"height\":1280},{\"@type\":\"BreadcrumbList\",\"@id\":\"https:\\\/\\\/www.biopapa.de\\\/en\\\/producte\\\/organic-blueberry-powder\\\/#breadcrumb\",\"itemListElement\":[{\"@type\":\"ListItem\",\"position\":1,\"name\":\"Home\",\"item\":\"https:\\\/\\\/www.biopapa.de\\\/en\\\/\"},{\"@type\":\"ListItem\",\"position\":2,\"name\":\"Shop\",\"item\":\"https:\\\/\\\/www.biopapa.de\\\/en\\\/shop\\\/\"},{\"@type\":\"ListItem\",\"position\":3,\"name\":\"Organic blueberry powder\"}]},{\"@type\":\"WebSite\",\"@id\":\"https:\\\/\\\/www.biopapa.de\\\/en\\\/#website\",\"url\":\"https:\\\/\\\/www.biopapa.de\\\/en\\\/\",\"name\":\"Biopapa\",\"description\":\"\u0160var\u016bs ekologi\u0161ki produktai\",\"publisher\":{\"@id\":\"https:\\\/\\\/www.biopapa.de\\\/en\\\/#organization\"},\"potentialAction\":[{\"@type\":\"SearchAction\",\"target\":{\"@type\":\"EntryPoint\",\"urlTemplate\":\"https:\\\/\\\/www.biopapa.de\\\/en\\\/?s={search_term_string}\"},\"query-input\":{\"@type\":\"PropertyValueSpecification\",\"valueRequired\":true,\"valueName\":\"search_term_string\"}}],\"inLanguage\":\"en-US\"},{\"@type\":\"Organization\",\"@id\":\"https:\\\/\\\/www.biopapa.de\\\/en\\\/#organization\",\"name\":\"Biopapa\",\"url\":\"https:\\\/\\\/www.biopapa.de\\\/en\\\/\",\"logo\":{\"@type\":\"ImageObject\",\"inLanguage\":\"en-US\",\"@id\":\"https:\\\/\\\/www.biopapa.de\\\/en\\\/#\\\/schema\\\/logo\\\/image\\\/\",\"url\":\"https:\\\/\\\/www.biopapa.lt\\\/wp-content\\\/uploads\\\/2022\\\/04\\\/facebook_biopapa.jpg\",\"contentUrl\":\"https:\\\/\\\/www.biopapa.lt\\\/wp-content\\\/uploads\\\/2022\\\/04\\\/facebook_biopapa.jpg\",\"width\":1733,\"height\":907,\"caption\":\"Biopapa\"},\"image\":{\"@id\":\"https:\\\/\\\/www.biopapa.de\\\/en\\\/#\\\/schema\\\/logo\\\/image\\\/\"},\"sameAs\":[\"https:\\\/\\\/www.facebook.com\\\/biopapa.lt\"]}]}<\/script>\n<!-- \/ Yoast SEO plugin. -->","yoast_head_json":{"title":"Organic blueberry powder - Biopapa","description":"Blueberries are an incredibly tasty berry that has long been known for its health benefits. Packed with essential nutrients and antioxidants, blueberries are suitable for a wide range of culinary recipes, from muffins to smoothies.","robots":{"index":"index","follow":"follow","max-snippet":"max-snippet:-1","max-image-preview":"max-image-preview:large","max-video-preview":"max-video-preview:-1"},"canonical":"https:\/\/www.biopapa.de\/en\/producte\/organic-blueberry-powder\/","og_locale":"en_US","og_type":"article","og_title":"Organic blueberry powder - Biopapa","og_description":"Blueberries are an incredibly tasty berry that has long been known for its health benefits. Packed with essential nutrients and antioxidants, blueberries are suitable for a wide range of culinary recipes, from muffins to smoothies.","og_url":"https:\/\/www.biopapa.de\/en\/producte\/organic-blueberry-powder\/","og_site_name":"Biopapa","article_publisher":"https:\/\/www.facebook.com\/biopapa.lt","article_modified_time":"2026-01-21T11:52:33+00:00","og_image":[{"width":1024,"height":819,"url":"https:\/\/www.biopapa.de\/wp-content\/uploads\/2024\/02\/Ekologiski-melyniu-milteliai-1-1024x819.png","type":"image\/png"}],"twitter_card":"summary_large_image","twitter_misc":{"Est. reading time":"1 minute"},"schema":{"@context":"https:\/\/schema.org","@graph":[{"@type":"WebPage","@id":"https:\/\/www.biopapa.de\/en\/producte\/organic-blueberry-powder\/","url":"https:\/\/www.biopapa.de\/en\/producte\/organic-blueberry-powder\/","name":"Organic blueberry powder - Biopapa","isPartOf":{"@id":"https:\/\/www.biopapa.de\/en\/#website"},"primaryImageOfPage":{"@id":"https:\/\/www.biopapa.de\/en\/producte\/organic-blueberry-powder\/#primaryimage"},"image":{"@id":"https:\/\/www.biopapa.de\/en\/producte\/organic-blueberry-powder\/#primaryimage"},"thumbnailUrl":"https:\/\/www.biopapa.de\/wp-content\/uploads\/2024\/02\/Ekologiski-melyniu-milteliai-1.png","datePublished":"2024-02-23T05:34:42+00:00","dateModified":"2026-01-21T11:52:33+00:00","description":"Blueberries are an incredibly tasty berry that has long been known for its health benefits. Packed with essential nutrients and antioxidants, blueberries are suitable for a wide range of culinary recipes, from muffins to smoothies.","breadcrumb":{"@id":"https:\/\/www.biopapa.de\/en\/producte\/organic-blueberry-powder\/#breadcrumb"},"inLanguage":"en-US","potentialAction":[{"@type":"ReadAction","target":["https:\/\/www.biopapa.de\/en\/producte\/organic-blueberry-powder\/"]}]},{"@type":"ImageObject","inLanguage":"en-US","@id":"https:\/\/www.biopapa.de\/en\/producte\/organic-blueberry-powder\/#primaryimage","url":"https:\/\/www.biopapa.de\/wp-content\/uploads\/2024\/02\/Ekologiski-melyniu-milteliai-1.png","contentUrl":"https:\/\/www.biopapa.de\/wp-content\/uploads\/2024\/02\/Ekologiski-melyniu-milteliai-1.png","width":1600,"height":1280},{"@type":"BreadcrumbList","@id":"https:\/\/www.biopapa.de\/en\/producte\/organic-blueberry-powder\/#breadcrumb","itemListElement":[{"@type":"ListItem","position":1,"name":"Home","item":"https:\/\/www.biopapa.de\/en\/"},{"@type":"ListItem","position":2,"name":"Shop","item":"https:\/\/www.biopapa.de\/en\/shop\/"},{"@type":"ListItem","position":3,"name":"Organic blueberry powder"}]},{"@type":"WebSite","@id":"https:\/\/www.biopapa.de\/en\/#website","url":"https:\/\/www.biopapa.de\/en\/","name":"Biopapa","description":"\u0160var\u016bs ekologi\u0161ki produktai","publisher":{"@id":"https:\/\/www.biopapa.de\/en\/#organization"},"potentialAction":[{"@type":"SearchAction","target":{"@type":"EntryPoint","urlTemplate":"https:\/\/www.biopapa.de\/en\/?s={search_term_string}"},"query-input":{"@type":"PropertyValueSpecification","valueRequired":true,"valueName":"search_term_string"}}],"inLanguage":"en-US"},{"@type":"Organization","@id":"https:\/\/www.biopapa.de\/en\/#organization","name":"Biopapa","url":"https:\/\/www.biopapa.de\/en\/","logo":{"@type":"ImageObject","inLanguage":"en-US","@id":"https:\/\/www.biopapa.de\/en\/#\/schema\/logo\/image\/","url":"https:\/\/www.biopapa.lt\/wp-content\/uploads\/2022\/04\/facebook_biopapa.jpg","contentUrl":"https:\/\/www.biopapa.lt\/wp-content\/uploads\/2022\/04\/facebook_biopapa.jpg","width":1733,"height":907,"caption":"Biopapa"},"image":{"@id":"https:\/\/www.biopapa.de\/en\/#\/schema\/logo\/image\/"},"sameAs":["https:\/\/www.facebook.com\/biopapa.lt"]}]}},"_links":{"self":[{"href":"https:\/\/www.biopapa.de\/en\/wp-json\/wp\/v2\/product\/42811","targetHints":{"allow":["GET"]}}],"collection":[{"href":"https:\/\/www.biopapa.de\/en\/wp-json\/wp\/v2\/product"}],"about":[{"href":"https:\/\/www.biopapa.de\/en\/wp-json\/wp\/v2\/types\/product"}],"wp:featuredmedia":[{"embeddable":true,"href":"https:\/\/www.biopapa.de\/en\/wp-json\/wp\/v2\/media\/42836"}],"wp:attachment":[{"href":"https:\/\/www.biopapa.de\/en\/wp-json\/wp\/v2\/media?parent=42811"}],"wp:term":[{"taxonomy":"product_brand","embeddable":true,"href":"https:\/\/www.biopapa.de\/en\/wp-json\/wp\/v2\/product_brand?post=42811"},{"taxonomy":"product_cat","embeddable":true,"href":"https:\/\/www.biopapa.de\/en\/wp-json\/wp\/v2\/product_cat?post=42811"},{"taxonomy":"product_tag","embeddable":true,"href":"https:\/\/www.biopapa.de\/en\/wp-json\/wp\/v2\/product_tag?post=42811"}],"curies":[{"name":"wp","href":"https:\/\/api.w.org\/{rel}","templated":true}]}}