{"id":45089,"date":"2024-12-06T13:54:41","date_gmt":"2024-12-06T11:54:41","guid":{"rendered":"https:\/\/www.biopapa.de\/?post_type=product&#038;p=45089"},"modified":"2025-12-12T10:41:52","modified_gmt":"2025-12-12T08:41:52","slug":"organic-raspberry-powder","status":"publish","type":"product","link":"https:\/\/www.biopapa.de\/en\/producte\/organic-raspberry-powder\/","title":{"rendered":"Organic raspberry powder"},"content":{"rendered":"<p>Organic raspberry powder is a natural and nutritious product with many health benefits. They are rich in antioxidants such as vitamins C and E and flavonoids, which boost immunity, slow down the ageing process and protect the body from free radical damage. Organic raspberry powderRaspberry powder is also an excellent source of fibre, helping to improve digestion and regulate cholesterol levels. They also add a natural sweetness and fruity flavour, making them ideal for enriching smoothies, desserts, yoghurts, porridges, baked goods or sauces. It is a convenient and versatile way to incorporate the nutritional value of raspberries into your daily diet.<\/p>\n","protected":false},"excerpt":{"rendered":"<p>Organic raspberry powder is a natural and nutritious product with many health benefits. They are rich in antioxidants such as<\/p>\n","protected":false},"featured_media":45127,"template":"","meta":{"_acf_changed":false},"product_brand":[],"product_cat":[1848,2353],"product_tag":[2056,2092,2088],"class_list":{"0":"post-45089","1":"product","2":"type-product","3":"status-publish","4":"has-post-thumbnail","6":"product_cat-plant-based-superfood","7":"product_cat-powder","8":"product_tag-keto-diet","9":"product_tag-raw-diet","10":"product_tag-vegan","11":"pa_svoris-1-kg-en","12":"pa_svoris-100-g-en-2","13":"pa_svoris-200-g-en","14":"pa_svoris-300-g-en","15":"pa_svoris-400-g-en","16":"pa_svoris-5-kg-en","17":"pa_svoris-500-g-en-2","19":"first","20":"instock","21":"shipping-taxable","22":"purchasable","23":"product-type-variable"},"acf":[],"yoast_head":"<!-- This site is optimized with the Yoast SEO plugin v27.5 - https:\/\/yoast.com\/product\/yoast-seo-wordpress\/ -->\n<title>Organic raspberry powder - Biopapa<\/title>\n<meta name=\"description\" content=\"Blueberries are an incredibly tasty berry that has long been known for its health benefits. Packed with essential nutrients and antioxidants, blueberries are suitable for a wide range of culinary recipes, from muffins to smoothies.\" \/>\n<meta name=\"robots\" content=\"index, follow, max-snippet:-1, max-image-preview:large, max-video-preview:-1\" \/>\n<link rel=\"canonical\" href=\"https:\/\/www.biopapa.de\/en\/producte\/organic-raspberry-powder\/\" \/>\n<meta property=\"og:locale\" content=\"en_US\" \/>\n<meta property=\"og:type\" content=\"article\" \/>\n<meta property=\"og:title\" content=\"Organic raspberry powder - Biopapa\" \/>\n<meta property=\"og:description\" content=\"Blueberries are an incredibly tasty berry that has long been known for its health benefits. Packed with essential nutrients and antioxidants, blueberries are suitable for a wide range of culinary recipes, from muffins to smoothies.\" \/>\n<meta property=\"og:url\" content=\"https:\/\/www.biopapa.de\/en\/producte\/organic-raspberry-powder\/\" \/>\n<meta property=\"og:site_name\" content=\"Biopapa\" \/>\n<meta property=\"article:publisher\" content=\"https:\/\/www.facebook.com\/biopapa.lt\" \/>\n<meta property=\"article:modified_time\" content=\"2025-12-12T08:41:52+00:00\" \/>\n<meta property=\"og:image\" content=\"https:\/\/www.biopapa.de\/wp-content\/uploads\/2024\/12\/avieciu-milteliai.jpg.webp\" \/>\n\t<meta property=\"og:image:width\" content=\"800\" \/>\n\t<meta property=\"og:image:height\" content=\"640\" \/>\n\t<meta property=\"og:image:type\" content=\"image\/webp\" \/>\n<meta name=\"twitter:card\" content=\"summary_large_image\" \/>\n<meta name=\"twitter:label1\" content=\"Est. reading time\" \/>\n\t<meta name=\"twitter:data1\" content=\"1 minute\" \/>\n<script type=\"application\/ld+json\" class=\"yoast-schema-graph\">{\"@context\":\"https:\\\/\\\/schema.org\",\"@graph\":[{\"@type\":\"WebPage\",\"@id\":\"https:\\\/\\\/www.biopapa.de\\\/en\\\/producte\\\/organic-raspberry-powder\\\/\",\"url\":\"https:\\\/\\\/www.biopapa.de\\\/en\\\/producte\\\/organic-raspberry-powder\\\/\",\"name\":\"Organic raspberry powder - Biopapa\",\"isPartOf\":{\"@id\":\"https:\\\/\\\/www.biopapa.de\\\/en\\\/#website\"},\"primaryImageOfPage\":{\"@id\":\"https:\\\/\\\/www.biopapa.de\\\/en\\\/producte\\\/organic-raspberry-powder\\\/#primaryimage\"},\"image\":{\"@id\":\"https:\\\/\\\/www.biopapa.de\\\/en\\\/producte\\\/organic-raspberry-powder\\\/#primaryimage\"},\"thumbnailUrl\":\"https:\\\/\\\/www.biopapa.de\\\/wp-content\\\/uploads\\\/2024\\\/12\\\/avieciu-milteliai.jpg.webp\",\"datePublished\":\"2024-12-06T11:54:41+00:00\",\"dateModified\":\"2025-12-12T08:41:52+00:00\",\"description\":\"Blueberries are an incredibly tasty berry that has long been known for its health benefits. Packed with essential nutrients and antioxidants, blueberries are suitable for a wide range of culinary recipes, from muffins to smoothies.\",\"breadcrumb\":{\"@id\":\"https:\\\/\\\/www.biopapa.de\\\/en\\\/producte\\\/organic-raspberry-powder\\\/#breadcrumb\"},\"inLanguage\":\"en-US\",\"potentialAction\":[{\"@type\":\"ReadAction\",\"target\":[\"https:\\\/\\\/www.biopapa.de\\\/en\\\/producte\\\/organic-raspberry-powder\\\/\"]}]},{\"@type\":\"ImageObject\",\"inLanguage\":\"en-US\",\"@id\":\"https:\\\/\\\/www.biopapa.de\\\/en\\\/producte\\\/organic-raspberry-powder\\\/#primaryimage\",\"url\":\"https:\\\/\\\/www.biopapa.de\\\/wp-content\\\/uploads\\\/2024\\\/12\\\/avieciu-milteliai.jpg.webp\",\"contentUrl\":\"https:\\\/\\\/www.biopapa.de\\\/wp-content\\\/uploads\\\/2024\\\/12\\\/avieciu-milteliai.jpg.webp\",\"width\":800,\"height\":640},{\"@type\":\"BreadcrumbList\",\"@id\":\"https:\\\/\\\/www.biopapa.de\\\/en\\\/producte\\\/organic-raspberry-powder\\\/#breadcrumb\",\"itemListElement\":[{\"@type\":\"ListItem\",\"position\":1,\"name\":\"Home\",\"item\":\"https:\\\/\\\/www.biopapa.de\\\/en\\\/\"},{\"@type\":\"ListItem\",\"position\":2,\"name\":\"Shop\",\"item\":\"https:\\\/\\\/www.biopapa.de\\\/en\\\/shop\\\/\"},{\"@type\":\"ListItem\",\"position\":3,\"name\":\"Organic raspberry powder\"}]},{\"@type\":\"WebSite\",\"@id\":\"https:\\\/\\\/www.biopapa.de\\\/en\\\/#website\",\"url\":\"https:\\\/\\\/www.biopapa.de\\\/en\\\/\",\"name\":\"Biopapa\",\"description\":\"\u0160var\u016bs ekologi\u0161ki produktai\",\"publisher\":{\"@id\":\"https:\\\/\\\/www.biopapa.de\\\/en\\\/#organization\"},\"potentialAction\":[{\"@type\":\"SearchAction\",\"target\":{\"@type\":\"EntryPoint\",\"urlTemplate\":\"https:\\\/\\\/www.biopapa.de\\\/en\\\/?s={search_term_string}\"},\"query-input\":{\"@type\":\"PropertyValueSpecification\",\"valueRequired\":true,\"valueName\":\"search_term_string\"}}],\"inLanguage\":\"en-US\"},{\"@type\":\"Organization\",\"@id\":\"https:\\\/\\\/www.biopapa.de\\\/en\\\/#organization\",\"name\":\"Biopapa\",\"url\":\"https:\\\/\\\/www.biopapa.de\\\/en\\\/\",\"logo\":{\"@type\":\"ImageObject\",\"inLanguage\":\"en-US\",\"@id\":\"https:\\\/\\\/www.biopapa.de\\\/en\\\/#\\\/schema\\\/logo\\\/image\\\/\",\"url\":\"https:\\\/\\\/www.biopapa.lt\\\/wp-content\\\/uploads\\\/2022\\\/04\\\/facebook_biopapa.jpg\",\"contentUrl\":\"https:\\\/\\\/www.biopapa.lt\\\/wp-content\\\/uploads\\\/2022\\\/04\\\/facebook_biopapa.jpg\",\"width\":1733,\"height\":907,\"caption\":\"Biopapa\"},\"image\":{\"@id\":\"https:\\\/\\\/www.biopapa.de\\\/en\\\/#\\\/schema\\\/logo\\\/image\\\/\"},\"sameAs\":[\"https:\\\/\\\/www.facebook.com\\\/biopapa.lt\"]}]}<\/script>\n<!-- \/ Yoast SEO plugin. -->","yoast_head_json":{"title":"Organic raspberry powder - Biopapa","description":"Blueberries are an incredibly tasty berry that has long been known for its health benefits. Packed with essential nutrients and antioxidants, blueberries are suitable for a wide range of culinary recipes, from muffins to smoothies.","robots":{"index":"index","follow":"follow","max-snippet":"max-snippet:-1","max-image-preview":"max-image-preview:large","max-video-preview":"max-video-preview:-1"},"canonical":"https:\/\/www.biopapa.de\/en\/producte\/organic-raspberry-powder\/","og_locale":"en_US","og_type":"article","og_title":"Organic raspberry powder - Biopapa","og_description":"Blueberries are an incredibly tasty berry that has long been known for its health benefits. Packed with essential nutrients and antioxidants, blueberries are suitable for a wide range of culinary recipes, from muffins to smoothies.","og_url":"https:\/\/www.biopapa.de\/en\/producte\/organic-raspberry-powder\/","og_site_name":"Biopapa","article_publisher":"https:\/\/www.facebook.com\/biopapa.lt","article_modified_time":"2025-12-12T08:41:52+00:00","og_image":[{"width":800,"height":640,"url":"https:\/\/www.biopapa.de\/wp-content\/uploads\/2024\/12\/avieciu-milteliai.jpg.webp","type":"image\/webp"}],"twitter_card":"summary_large_image","twitter_misc":{"Est. reading time":"1 minute"},"schema":{"@context":"https:\/\/schema.org","@graph":[{"@type":"WebPage","@id":"https:\/\/www.biopapa.de\/en\/producte\/organic-raspberry-powder\/","url":"https:\/\/www.biopapa.de\/en\/producte\/organic-raspberry-powder\/","name":"Organic raspberry powder - Biopapa","isPartOf":{"@id":"https:\/\/www.biopapa.de\/en\/#website"},"primaryImageOfPage":{"@id":"https:\/\/www.biopapa.de\/en\/producte\/organic-raspberry-powder\/#primaryimage"},"image":{"@id":"https:\/\/www.biopapa.de\/en\/producte\/organic-raspberry-powder\/#primaryimage"},"thumbnailUrl":"https:\/\/www.biopapa.de\/wp-content\/uploads\/2024\/12\/avieciu-milteliai.jpg.webp","datePublished":"2024-12-06T11:54:41+00:00","dateModified":"2025-12-12T08:41:52+00:00","description":"Blueberries are an incredibly tasty berry that has long been known for its health benefits. Packed with essential nutrients and antioxidants, blueberries are suitable for a wide range of culinary recipes, from muffins to smoothies.","breadcrumb":{"@id":"https:\/\/www.biopapa.de\/en\/producte\/organic-raspberry-powder\/#breadcrumb"},"inLanguage":"en-US","potentialAction":[{"@type":"ReadAction","target":["https:\/\/www.biopapa.de\/en\/producte\/organic-raspberry-powder\/"]}]},{"@type":"ImageObject","inLanguage":"en-US","@id":"https:\/\/www.biopapa.de\/en\/producte\/organic-raspberry-powder\/#primaryimage","url":"https:\/\/www.biopapa.de\/wp-content\/uploads\/2024\/12\/avieciu-milteliai.jpg.webp","contentUrl":"https:\/\/www.biopapa.de\/wp-content\/uploads\/2024\/12\/avieciu-milteliai.jpg.webp","width":800,"height":640},{"@type":"BreadcrumbList","@id":"https:\/\/www.biopapa.de\/en\/producte\/organic-raspberry-powder\/#breadcrumb","itemListElement":[{"@type":"ListItem","position":1,"name":"Home","item":"https:\/\/www.biopapa.de\/en\/"},{"@type":"ListItem","position":2,"name":"Shop","item":"https:\/\/www.biopapa.de\/en\/shop\/"},{"@type":"ListItem","position":3,"name":"Organic raspberry powder"}]},{"@type":"WebSite","@id":"https:\/\/www.biopapa.de\/en\/#website","url":"https:\/\/www.biopapa.de\/en\/","name":"Biopapa","description":"\u0160var\u016bs ekologi\u0161ki produktai","publisher":{"@id":"https:\/\/www.biopapa.de\/en\/#organization"},"potentialAction":[{"@type":"SearchAction","target":{"@type":"EntryPoint","urlTemplate":"https:\/\/www.biopapa.de\/en\/?s={search_term_string}"},"query-input":{"@type":"PropertyValueSpecification","valueRequired":true,"valueName":"search_term_string"}}],"inLanguage":"en-US"},{"@type":"Organization","@id":"https:\/\/www.biopapa.de\/en\/#organization","name":"Biopapa","url":"https:\/\/www.biopapa.de\/en\/","logo":{"@type":"ImageObject","inLanguage":"en-US","@id":"https:\/\/www.biopapa.de\/en\/#\/schema\/logo\/image\/","url":"https:\/\/www.biopapa.lt\/wp-content\/uploads\/2022\/04\/facebook_biopapa.jpg","contentUrl":"https:\/\/www.biopapa.lt\/wp-content\/uploads\/2022\/04\/facebook_biopapa.jpg","width":1733,"height":907,"caption":"Biopapa"},"image":{"@id":"https:\/\/www.biopapa.de\/en\/#\/schema\/logo\/image\/"},"sameAs":["https:\/\/www.facebook.com\/biopapa.lt"]}]}},"_links":{"self":[{"href":"https:\/\/www.biopapa.de\/en\/wp-json\/wp\/v2\/product\/45089","targetHints":{"allow":["GET"]}}],"collection":[{"href":"https:\/\/www.biopapa.de\/en\/wp-json\/wp\/v2\/product"}],"about":[{"href":"https:\/\/www.biopapa.de\/en\/wp-json\/wp\/v2\/types\/product"}],"wp:featuredmedia":[{"embeddable":true,"href":"https:\/\/www.biopapa.de\/en\/wp-json\/wp\/v2\/media\/45127"}],"wp:attachment":[{"href":"https:\/\/www.biopapa.de\/en\/wp-json\/wp\/v2\/media?parent=45089"}],"wp:term":[{"taxonomy":"product_brand","embeddable":true,"href":"https:\/\/www.biopapa.de\/en\/wp-json\/wp\/v2\/product_brand?post=45089"},{"taxonomy":"product_cat","embeddable":true,"href":"https:\/\/www.biopapa.de\/en\/wp-json\/wp\/v2\/product_cat?post=45089"},{"taxonomy":"product_tag","embeddable":true,"href":"https:\/\/www.biopapa.de\/en\/wp-json\/wp\/v2\/product_tag?post=45089"}],"curies":[{"name":"wp","href":"https:\/\/api.w.org\/{rel}","templated":true}]}}