{"id":45170,"date":"2024-12-13T09:55:12","date_gmt":"2024-12-13T07:55:12","guid":{"rendered":"https:\/\/www.biopapa.de\/?post_type=product&#038;p=45170"},"modified":"2024-12-31T16:36:15","modified_gmt":"2024-12-31T14:36:15","slug":"urban-black-pencil-deodorant-40-g-benanna","status":"publish","type":"product","link":"https:\/\/www.biopapa.de\/en\/producte\/urban-black-pencil-deodorant-40-g-benanna\/","title":{"rendered":"URBAN BLACK pencil deodorant, 40 g, BEN&amp;ANNA"},"content":{"rendered":"<p>A modern aroma of cedarwood, coniferous woods and fresh wild herbs &#8211; grounding and lively at the same time! Baking soda prevents odour, while shea butter and vegetable oils take care of the skin. A new creamy, crumb-free, non-greasy and non-sticky consistency. Reliable protection against moisture and odour.<\/p>\n<p>Reliable protection against moisture and odour<br \/>\nFree of palm oil, microplastics and aluminium.<br \/>\nVegan and not tested on animals<br \/>\nNon-greasy and non-sticky<br \/>\nCertified natural cosmetics<br \/>\nTo use: gently press the bottom of the tube with your finger and apply to the underarm skin.<br \/>\nPlease note that the composition of products is subject to change. The most up-to-date list of ingredients is on the packaging of the product you bought. If the ingredients listed on the internet are different from those on the packaging, please refer to the list on the product you purchased.<\/p>\n","protected":false},"excerpt":{"rendered":"<p>A modern aroma of cedarwood, coniferous woods and fresh wild herbs &#8211; grounding and lively at the same time! Baking<\/p>\n","protected":false},"featured_media":45172,"template":"","meta":{"_acf_changed":false},"product_brand":[],"product_cat":[1962,1967],"product_tag":[2088],"class_list":{"0":"post-45170","1":"product","2":"type-product","3":"status-publish","4":"has-post-thumbnail","6":"product_cat-beauty-and-hygiene","7":"product_cat-body-care","8":"product_tag-vegan","10":"first","11":"outofstock","12":"shipping-taxable","13":"purchasable","14":"product-type-simple"},"acf":[],"yoast_head":"<!-- This site is optimized with the Yoast SEO plugin v27.5 - https:\/\/yoast.com\/product\/yoast-seo-wordpress\/ -->\n<title>URBAN BLACK pencil deodorant, 40 g, BEN&amp;ANNA - Biopapa<\/title>\n<meta name=\"description\" content=\"A unique combination of spicy Mediterranean citrus and green tea - it puts you in a good mood and smells simply amazing!\" \/>\n<meta name=\"robots\" content=\"index, follow, max-snippet:-1, max-image-preview:large, max-video-preview:-1\" \/>\n<link rel=\"canonical\" href=\"https:\/\/www.biopapa.de\/en\/producte\/urban-black-pencil-deodorant-40-g-benanna\/\" \/>\n<meta property=\"og:locale\" content=\"en_US\" \/>\n<meta property=\"og:type\" content=\"article\" \/>\n<meta property=\"og:title\" content=\"URBAN BLACK pencil deodorant, 40 g, BEN&amp;ANNA - Biopapa\" \/>\n<meta property=\"og:description\" content=\"A unique combination of spicy Mediterranean citrus and green tea - it puts you in a good mood and smells simply amazing!\" \/>\n<meta property=\"og:url\" content=\"https:\/\/www.biopapa.de\/en\/producte\/urban-black-pencil-deodorant-40-g-benanna\/\" \/>\n<meta property=\"og:site_name\" content=\"Biopapa\" \/>\n<meta property=\"article:publisher\" content=\"https:\/\/www.facebook.com\/biopapa.lt\" \/>\n<meta property=\"article:modified_time\" content=\"2024-12-31T14:36:15+00:00\" \/>\n<meta property=\"og:image\" content=\"https:\/\/www.biopapa.de\/wp-content\/uploads\/2024\/12\/Piestukinis-dezodorantas-URBAN-BLACK-40-g-BEN-ANNA-.png.webp\" \/>\n\t<meta property=\"og:image:width\" content=\"800\" \/>\n\t<meta property=\"og:image:height\" content=\"640\" \/>\n\t<meta property=\"og:image:type\" content=\"image\/webp\" \/>\n<meta name=\"twitter:card\" content=\"summary_large_image\" \/>\n<meta name=\"twitter:label1\" content=\"Est. reading time\" \/>\n\t<meta name=\"twitter:data1\" content=\"1 minute\" \/>\n<script type=\"application\/ld+json\" class=\"yoast-schema-graph\">{\"@context\":\"https:\\\/\\\/schema.org\",\"@graph\":[{\"@type\":\"WebPage\",\"@id\":\"https:\\\/\\\/www.biopapa.de\\\/en\\\/producte\\\/urban-black-pencil-deodorant-40-g-benanna\\\/\",\"url\":\"https:\\\/\\\/www.biopapa.de\\\/en\\\/producte\\\/urban-black-pencil-deodorant-40-g-benanna\\\/\",\"name\":\"URBAN BLACK pencil deodorant, 40 g, BEN&amp;ANNA - Biopapa\",\"isPartOf\":{\"@id\":\"https:\\\/\\\/www.biopapa.de\\\/en\\\/#website\"},\"primaryImageOfPage\":{\"@id\":\"https:\\\/\\\/www.biopapa.de\\\/en\\\/producte\\\/urban-black-pencil-deodorant-40-g-benanna\\\/#primaryimage\"},\"image\":{\"@id\":\"https:\\\/\\\/www.biopapa.de\\\/en\\\/producte\\\/urban-black-pencil-deodorant-40-g-benanna\\\/#primaryimage\"},\"thumbnailUrl\":\"https:\\\/\\\/www.biopapa.de\\\/wp-content\\\/uploads\\\/2024\\\/12\\\/Piestukinis-dezodorantas-URBAN-BLACK-40-g-BEN-ANNA-.png.webp\",\"datePublished\":\"2024-12-13T07:55:12+00:00\",\"dateModified\":\"2024-12-31T14:36:15+00:00\",\"description\":\"A unique combination of spicy Mediterranean citrus and green tea - it puts you in a good mood and smells simply amazing!\",\"breadcrumb\":{\"@id\":\"https:\\\/\\\/www.biopapa.de\\\/en\\\/producte\\\/urban-black-pencil-deodorant-40-g-benanna\\\/#breadcrumb\"},\"inLanguage\":\"en-US\",\"potentialAction\":[{\"@type\":\"ReadAction\",\"target\":[\"https:\\\/\\\/www.biopapa.de\\\/en\\\/producte\\\/urban-black-pencil-deodorant-40-g-benanna\\\/\"]}]},{\"@type\":\"ImageObject\",\"inLanguage\":\"en-US\",\"@id\":\"https:\\\/\\\/www.biopapa.de\\\/en\\\/producte\\\/urban-black-pencil-deodorant-40-g-benanna\\\/#primaryimage\",\"url\":\"https:\\\/\\\/www.biopapa.de\\\/wp-content\\\/uploads\\\/2024\\\/12\\\/Piestukinis-dezodorantas-URBAN-BLACK-40-g-BEN-ANNA-.png.webp\",\"contentUrl\":\"https:\\\/\\\/www.biopapa.de\\\/wp-content\\\/uploads\\\/2024\\\/12\\\/Piestukinis-dezodorantas-URBAN-BLACK-40-g-BEN-ANNA-.png.webp\",\"width\":800,\"height\":640},{\"@type\":\"BreadcrumbList\",\"@id\":\"https:\\\/\\\/www.biopapa.de\\\/en\\\/producte\\\/urban-black-pencil-deodorant-40-g-benanna\\\/#breadcrumb\",\"itemListElement\":[{\"@type\":\"ListItem\",\"position\":1,\"name\":\"Home\",\"item\":\"https:\\\/\\\/www.biopapa.de\\\/en\\\/\"},{\"@type\":\"ListItem\",\"position\":2,\"name\":\"Shop\",\"item\":\"https:\\\/\\\/www.biopapa.de\\\/en\\\/shop\\\/\"},{\"@type\":\"ListItem\",\"position\":3,\"name\":\"URBAN BLACK pencil deodorant, 40 g, BEN&amp;ANNA\"}]},{\"@type\":\"WebSite\",\"@id\":\"https:\\\/\\\/www.biopapa.de\\\/en\\\/#website\",\"url\":\"https:\\\/\\\/www.biopapa.de\\\/en\\\/\",\"name\":\"Biopapa\",\"description\":\"\u0160var\u016bs ekologi\u0161ki produktai\",\"publisher\":{\"@id\":\"https:\\\/\\\/www.biopapa.de\\\/en\\\/#organization\"},\"potentialAction\":[{\"@type\":\"SearchAction\",\"target\":{\"@type\":\"EntryPoint\",\"urlTemplate\":\"https:\\\/\\\/www.biopapa.de\\\/en\\\/?s={search_term_string}\"},\"query-input\":{\"@type\":\"PropertyValueSpecification\",\"valueRequired\":true,\"valueName\":\"search_term_string\"}}],\"inLanguage\":\"en-US\"},{\"@type\":\"Organization\",\"@id\":\"https:\\\/\\\/www.biopapa.de\\\/en\\\/#organization\",\"name\":\"Biopapa\",\"url\":\"https:\\\/\\\/www.biopapa.de\\\/en\\\/\",\"logo\":{\"@type\":\"ImageObject\",\"inLanguage\":\"en-US\",\"@id\":\"https:\\\/\\\/www.biopapa.de\\\/en\\\/#\\\/schema\\\/logo\\\/image\\\/\",\"url\":\"https:\\\/\\\/www.biopapa.lt\\\/wp-content\\\/uploads\\\/2022\\\/04\\\/facebook_biopapa.jpg\",\"contentUrl\":\"https:\\\/\\\/www.biopapa.lt\\\/wp-content\\\/uploads\\\/2022\\\/04\\\/facebook_biopapa.jpg\",\"width\":1733,\"height\":907,\"caption\":\"Biopapa\"},\"image\":{\"@id\":\"https:\\\/\\\/www.biopapa.de\\\/en\\\/#\\\/schema\\\/logo\\\/image\\\/\"},\"sameAs\":[\"https:\\\/\\\/www.facebook.com\\\/biopapa.lt\"]}]}<\/script>\n<!-- \/ Yoast SEO plugin. -->","yoast_head_json":{"title":"URBAN BLACK pencil deodorant, 40 g, BEN&amp;ANNA - Biopapa","description":"A unique combination of spicy Mediterranean citrus and green tea - it puts you in a good mood and smells simply amazing!","robots":{"index":"index","follow":"follow","max-snippet":"max-snippet:-1","max-image-preview":"max-image-preview:large","max-video-preview":"max-video-preview:-1"},"canonical":"https:\/\/www.biopapa.de\/en\/producte\/urban-black-pencil-deodorant-40-g-benanna\/","og_locale":"en_US","og_type":"article","og_title":"URBAN BLACK pencil deodorant, 40 g, BEN&amp;ANNA - Biopapa","og_description":"A unique combination of spicy Mediterranean citrus and green tea - it puts you in a good mood and smells simply amazing!","og_url":"https:\/\/www.biopapa.de\/en\/producte\/urban-black-pencil-deodorant-40-g-benanna\/","og_site_name":"Biopapa","article_publisher":"https:\/\/www.facebook.com\/biopapa.lt","article_modified_time":"2024-12-31T14:36:15+00:00","og_image":[{"width":800,"height":640,"url":"https:\/\/www.biopapa.de\/wp-content\/uploads\/2024\/12\/Piestukinis-dezodorantas-URBAN-BLACK-40-g-BEN-ANNA-.png.webp","type":"image\/webp"}],"twitter_card":"summary_large_image","twitter_misc":{"Est. reading time":"1 minute"},"schema":{"@context":"https:\/\/schema.org","@graph":[{"@type":"WebPage","@id":"https:\/\/www.biopapa.de\/en\/producte\/urban-black-pencil-deodorant-40-g-benanna\/","url":"https:\/\/www.biopapa.de\/en\/producte\/urban-black-pencil-deodorant-40-g-benanna\/","name":"URBAN BLACK pencil deodorant, 40 g, BEN&amp;ANNA - Biopapa","isPartOf":{"@id":"https:\/\/www.biopapa.de\/en\/#website"},"primaryImageOfPage":{"@id":"https:\/\/www.biopapa.de\/en\/producte\/urban-black-pencil-deodorant-40-g-benanna\/#primaryimage"},"image":{"@id":"https:\/\/www.biopapa.de\/en\/producte\/urban-black-pencil-deodorant-40-g-benanna\/#primaryimage"},"thumbnailUrl":"https:\/\/www.biopapa.de\/wp-content\/uploads\/2024\/12\/Piestukinis-dezodorantas-URBAN-BLACK-40-g-BEN-ANNA-.png.webp","datePublished":"2024-12-13T07:55:12+00:00","dateModified":"2024-12-31T14:36:15+00:00","description":"A unique combination of spicy Mediterranean citrus and green tea - it puts you in a good mood and smells simply amazing!","breadcrumb":{"@id":"https:\/\/www.biopapa.de\/en\/producte\/urban-black-pencil-deodorant-40-g-benanna\/#breadcrumb"},"inLanguage":"en-US","potentialAction":[{"@type":"ReadAction","target":["https:\/\/www.biopapa.de\/en\/producte\/urban-black-pencil-deodorant-40-g-benanna\/"]}]},{"@type":"ImageObject","inLanguage":"en-US","@id":"https:\/\/www.biopapa.de\/en\/producte\/urban-black-pencil-deodorant-40-g-benanna\/#primaryimage","url":"https:\/\/www.biopapa.de\/wp-content\/uploads\/2024\/12\/Piestukinis-dezodorantas-URBAN-BLACK-40-g-BEN-ANNA-.png.webp","contentUrl":"https:\/\/www.biopapa.de\/wp-content\/uploads\/2024\/12\/Piestukinis-dezodorantas-URBAN-BLACK-40-g-BEN-ANNA-.png.webp","width":800,"height":640},{"@type":"BreadcrumbList","@id":"https:\/\/www.biopapa.de\/en\/producte\/urban-black-pencil-deodorant-40-g-benanna\/#breadcrumb","itemListElement":[{"@type":"ListItem","position":1,"name":"Home","item":"https:\/\/www.biopapa.de\/en\/"},{"@type":"ListItem","position":2,"name":"Shop","item":"https:\/\/www.biopapa.de\/en\/shop\/"},{"@type":"ListItem","position":3,"name":"URBAN BLACK pencil deodorant, 40 g, BEN&amp;ANNA"}]},{"@type":"WebSite","@id":"https:\/\/www.biopapa.de\/en\/#website","url":"https:\/\/www.biopapa.de\/en\/","name":"Biopapa","description":"\u0160var\u016bs ekologi\u0161ki produktai","publisher":{"@id":"https:\/\/www.biopapa.de\/en\/#organization"},"potentialAction":[{"@type":"SearchAction","target":{"@type":"EntryPoint","urlTemplate":"https:\/\/www.biopapa.de\/en\/?s={search_term_string}"},"query-input":{"@type":"PropertyValueSpecification","valueRequired":true,"valueName":"search_term_string"}}],"inLanguage":"en-US"},{"@type":"Organization","@id":"https:\/\/www.biopapa.de\/en\/#organization","name":"Biopapa","url":"https:\/\/www.biopapa.de\/en\/","logo":{"@type":"ImageObject","inLanguage":"en-US","@id":"https:\/\/www.biopapa.de\/en\/#\/schema\/logo\/image\/","url":"https:\/\/www.biopapa.lt\/wp-content\/uploads\/2022\/04\/facebook_biopapa.jpg","contentUrl":"https:\/\/www.biopapa.lt\/wp-content\/uploads\/2022\/04\/facebook_biopapa.jpg","width":1733,"height":907,"caption":"Biopapa"},"image":{"@id":"https:\/\/www.biopapa.de\/en\/#\/schema\/logo\/image\/"},"sameAs":["https:\/\/www.facebook.com\/biopapa.lt"]}]}},"_links":{"self":[{"href":"https:\/\/www.biopapa.de\/en\/wp-json\/wp\/v2\/product\/45170","targetHints":{"allow":["GET"]}}],"collection":[{"href":"https:\/\/www.biopapa.de\/en\/wp-json\/wp\/v2\/product"}],"about":[{"href":"https:\/\/www.biopapa.de\/en\/wp-json\/wp\/v2\/types\/product"}],"wp:featuredmedia":[{"embeddable":true,"href":"https:\/\/www.biopapa.de\/en\/wp-json\/wp\/v2\/media\/45172"}],"wp:attachment":[{"href":"https:\/\/www.biopapa.de\/en\/wp-json\/wp\/v2\/media?parent=45170"}],"wp:term":[{"taxonomy":"product_brand","embeddable":true,"href":"https:\/\/www.biopapa.de\/en\/wp-json\/wp\/v2\/product_brand?post=45170"},{"taxonomy":"product_cat","embeddable":true,"href":"https:\/\/www.biopapa.de\/en\/wp-json\/wp\/v2\/product_cat?post=45170"},{"taxonomy":"product_tag","embeddable":true,"href":"https:\/\/www.biopapa.de\/en\/wp-json\/wp\/v2\/product_tag?post=45170"}],"curies":[{"name":"wp","href":"https:\/\/api.w.org\/{rel}","templated":true}]}}