{"id":45776,"date":"2025-04-16T14:51:02","date_gmt":"2025-04-16T11:51:02","guid":{"rendered":"https:\/\/www.biopapa.de\/?post_type=product&#038;p=45776"},"modified":"2025-12-12T09:39:37","modified_gmt":"2025-12-12T07:39:37","slug":"organic-jerusalem-artichoke-coffee-with-dandelion-root","status":"publish","type":"product","link":"https:\/\/www.biopapa.de\/en\/producte\/organic-jerusalem-artichoke-coffee-with-dandelion-root\/","title":{"rendered":"Organic Jerusalem artichoke coffee with dandelion roots"},"content":{"rendered":"<p><strong>Organic Jerusalem artichoke and dandelion root coffee<\/strong> is a nutritious and decaffeinated alternative to traditional coffee made from roasted Jerusalem artichoke tubers and dandelion roots, cardamom, cinnamon and cloves.<br \/>\nPrebiotic fibre from Jerusalem artichokes, which supports gut health by promoting the growth of beneficial bacteria and may help regulate blood sugar levels, as highlighted in research published in The Journal of Nutrition.<br \/>\nDandelion roots offer additional health benefits as they are known for their liver detoxifying properties, mild diuretic effect and ability to aid digestion, as confirmed by traditional herbal medicine texts and studies in Phytotherapy Research.<br \/>\nCardamom, cinnamon and cloves not only provide a warming and aromatic flavour, but also contain beneficial properties that have been known since ancient times and recognised in natural medicine sources such as the Journal of Ethnopharmacology.<br \/>\nThis earthy, slightly nutty coffee substitute has a mild, slightly sweet taste with subtle bitter notes, making it a great choice for those looking for a naturally energising drink without the caffeine effect.<br \/>\nIt is particularly popular with people who want to maintain digestive health and maintain balanced energy levels throughout the day.<\/p>\n<p>Method of use<br \/>\nPour one heaped teaspoon of coffee into a glass of water, boil for 2-3 minutes and leave covered for 5-10 minutes. You can add a vegetable drink to your taste, or sweeten it.<\/p>\n<p><em>NOTE. The information contained herein should not be construed as a recommendation for treatment or other health issues. We encourage you to make personal decisions about your personal health, taking into account a wide range of sources of information.<\/em><\/p>\n","protected":false},"excerpt":{"rendered":"<p>Organic Jerusalem artichoke and dandelion root coffee is a nutritious and decaffeinated alternative to traditional coffee made from roasted Jerusalem<\/p>\n","protected":false},"featured_media":28775,"template":"","meta":{"_acf_changed":false},"product_brand":[],"product_cat":[1838,1847],"product_tag":[2645],"class_list":{"0":"post-45776","1":"product","2":"type-product","3":"status-publish","4":"has-post-thumbnail","6":"product_cat-coffe","7":"product_cat-organic-tea-coffee-cocoa","8":"product_tag-for-veganer","9":"pa_svoris-1-kg-en","10":"pa_svoris-100-g-en-2","11":"pa_svoris-200-g-en","12":"pa_svoris-25-kg-en","13":"pa_svoris-300-g-en","14":"pa_svoris-400-g-en","15":"pa_svoris-50-g-en","16":"pa_svoris-500-g-en-2","18":"first","19":"instock","20":"shipping-taxable","21":"purchasable","22":"product-type-variable"},"acf":[],"yoast_head":"<!-- This site is optimized with the Yoast SEO plugin v27.5 - https:\/\/yoast.com\/product\/yoast-seo-wordpress\/ -->\n<title>Organic Jerusalem artichoke coffee with dandelion roots - Biopapa<\/title>\n<meta name=\"description\" content=\"Organic Jerusalem artichoke and dandelion root coffee is a nutritious and decaffeinated alternative to traditional coffee.\" \/>\n<meta name=\"robots\" content=\"index, follow, max-snippet:-1, max-image-preview:large, max-video-preview:-1\" \/>\n<link rel=\"canonical\" href=\"https:\/\/www.biopapa.de\/en\/producte\/organic-jerusalem-artichoke-coffee-with-dandelion-root\/\" \/>\n<meta property=\"og:locale\" content=\"en_US\" \/>\n<meta property=\"og:type\" content=\"article\" \/>\n<meta property=\"og:title\" content=\"Organic Jerusalem artichoke coffee with dandelion roots - Biopapa\" \/>\n<meta property=\"og:description\" content=\"Organic Jerusalem artichoke and dandelion root coffee is a nutritious and decaffeinated alternative to traditional coffee.\" \/>\n<meta property=\"og:url\" content=\"https:\/\/www.biopapa.de\/en\/producte\/organic-jerusalem-artichoke-coffee-with-dandelion-root\/\" \/>\n<meta property=\"og:site_name\" content=\"Biopapa\" \/>\n<meta property=\"article:publisher\" content=\"https:\/\/www.facebook.com\/biopapa.lt\" \/>\n<meta property=\"article:modified_time\" content=\"2025-12-12T07:39:37+00:00\" \/>\n<meta property=\"og:image\" content=\"https:\/\/www.biopapa.de\/wp-content\/uploads\/2021\/10\/Ekologiska-topinambu-kava-su-kiaulpieniu-saknimis.jpg\" \/>\n\t<meta property=\"og:image:width\" content=\"800\" \/>\n\t<meta property=\"og:image:height\" content=\"640\" \/>\n\t<meta property=\"og:image:type\" content=\"image\/jpeg\" \/>\n<meta name=\"twitter:card\" content=\"summary_large_image\" \/>\n<meta name=\"twitter:label1\" content=\"Est. reading time\" \/>\n\t<meta name=\"twitter:data1\" content=\"1 minute\" \/>\n<script type=\"application\/ld+json\" class=\"yoast-schema-graph\">{\"@context\":\"https:\\\/\\\/schema.org\",\"@graph\":[{\"@type\":\"WebPage\",\"@id\":\"https:\\\/\\\/www.biopapa.de\\\/en\\\/producte\\\/organic-jerusalem-artichoke-coffee-with-dandelion-root\\\/\",\"url\":\"https:\\\/\\\/www.biopapa.de\\\/en\\\/producte\\\/organic-jerusalem-artichoke-coffee-with-dandelion-root\\\/\",\"name\":\"Organic Jerusalem artichoke coffee with dandelion roots - Biopapa\",\"isPartOf\":{\"@id\":\"https:\\\/\\\/www.biopapa.de\\\/en\\\/#website\"},\"primaryImageOfPage\":{\"@id\":\"https:\\\/\\\/www.biopapa.de\\\/en\\\/producte\\\/organic-jerusalem-artichoke-coffee-with-dandelion-root\\\/#primaryimage\"},\"image\":{\"@id\":\"https:\\\/\\\/www.biopapa.de\\\/en\\\/producte\\\/organic-jerusalem-artichoke-coffee-with-dandelion-root\\\/#primaryimage\"},\"thumbnailUrl\":\"https:\\\/\\\/www.biopapa.de\\\/wp-content\\\/uploads\\\/2021\\\/10\\\/Ekologiska-topinambu-kava-su-kiaulpieniu-saknimis.jpg\",\"datePublished\":\"2025-04-16T11:51:02+00:00\",\"dateModified\":\"2025-12-12T07:39:37+00:00\",\"description\":\"Organic Jerusalem artichoke and dandelion root coffee is a nutritious and decaffeinated alternative to traditional coffee.\",\"breadcrumb\":{\"@id\":\"https:\\\/\\\/www.biopapa.de\\\/en\\\/producte\\\/organic-jerusalem-artichoke-coffee-with-dandelion-root\\\/#breadcrumb\"},\"inLanguage\":\"en-US\",\"potentialAction\":[{\"@type\":\"ReadAction\",\"target\":[\"https:\\\/\\\/www.biopapa.de\\\/en\\\/producte\\\/organic-jerusalem-artichoke-coffee-with-dandelion-root\\\/\"]}]},{\"@type\":\"ImageObject\",\"inLanguage\":\"en-US\",\"@id\":\"https:\\\/\\\/www.biopapa.de\\\/en\\\/producte\\\/organic-jerusalem-artichoke-coffee-with-dandelion-root\\\/#primaryimage\",\"url\":\"https:\\\/\\\/www.biopapa.de\\\/wp-content\\\/uploads\\\/2021\\\/10\\\/Ekologiska-topinambu-kava-su-kiaulpieniu-saknimis.jpg\",\"contentUrl\":\"https:\\\/\\\/www.biopapa.de\\\/wp-content\\\/uploads\\\/2021\\\/10\\\/Ekologiska-topinambu-kava-su-kiaulpieniu-saknimis.jpg\",\"width\":800,\"height\":640,\"caption\":\"Organic Jerusalem artichoke coffee with dandelion roots\"},{\"@type\":\"BreadcrumbList\",\"@id\":\"https:\\\/\\\/www.biopapa.de\\\/en\\\/producte\\\/organic-jerusalem-artichoke-coffee-with-dandelion-root\\\/#breadcrumb\",\"itemListElement\":[{\"@type\":\"ListItem\",\"position\":1,\"name\":\"Home\",\"item\":\"https:\\\/\\\/www.biopapa.de\\\/en\\\/\"},{\"@type\":\"ListItem\",\"position\":2,\"name\":\"Shop\",\"item\":\"https:\\\/\\\/www.biopapa.de\\\/en\\\/shop\\\/\"},{\"@type\":\"ListItem\",\"position\":3,\"name\":\"Organic Jerusalem artichoke coffee with dandelion roots\"}]},{\"@type\":\"WebSite\",\"@id\":\"https:\\\/\\\/www.biopapa.de\\\/en\\\/#website\",\"url\":\"https:\\\/\\\/www.biopapa.de\\\/en\\\/\",\"name\":\"Biopapa\",\"description\":\"\u0160var\u016bs ekologi\u0161ki produktai\",\"publisher\":{\"@id\":\"https:\\\/\\\/www.biopapa.de\\\/en\\\/#organization\"},\"potentialAction\":[{\"@type\":\"SearchAction\",\"target\":{\"@type\":\"EntryPoint\",\"urlTemplate\":\"https:\\\/\\\/www.biopapa.de\\\/en\\\/?s={search_term_string}\"},\"query-input\":{\"@type\":\"PropertyValueSpecification\",\"valueRequired\":true,\"valueName\":\"search_term_string\"}}],\"inLanguage\":\"en-US\"},{\"@type\":\"Organization\",\"@id\":\"https:\\\/\\\/www.biopapa.de\\\/en\\\/#organization\",\"name\":\"Biopapa\",\"url\":\"https:\\\/\\\/www.biopapa.de\\\/en\\\/\",\"logo\":{\"@type\":\"ImageObject\",\"inLanguage\":\"en-US\",\"@id\":\"https:\\\/\\\/www.biopapa.de\\\/en\\\/#\\\/schema\\\/logo\\\/image\\\/\",\"url\":\"https:\\\/\\\/www.biopapa.lt\\\/wp-content\\\/uploads\\\/2022\\\/04\\\/facebook_biopapa.jpg\",\"contentUrl\":\"https:\\\/\\\/www.biopapa.lt\\\/wp-content\\\/uploads\\\/2022\\\/04\\\/facebook_biopapa.jpg\",\"width\":1733,\"height\":907,\"caption\":\"Biopapa\"},\"image\":{\"@id\":\"https:\\\/\\\/www.biopapa.de\\\/en\\\/#\\\/schema\\\/logo\\\/image\\\/\"},\"sameAs\":[\"https:\\\/\\\/www.facebook.com\\\/biopapa.lt\"]}]}<\/script>\n<!-- \/ Yoast SEO plugin. -->","yoast_head_json":{"title":"Organic Jerusalem artichoke coffee with dandelion roots - Biopapa","description":"Organic Jerusalem artichoke and dandelion root coffee is a nutritious and decaffeinated alternative to traditional coffee.","robots":{"index":"index","follow":"follow","max-snippet":"max-snippet:-1","max-image-preview":"max-image-preview:large","max-video-preview":"max-video-preview:-1"},"canonical":"https:\/\/www.biopapa.de\/en\/producte\/organic-jerusalem-artichoke-coffee-with-dandelion-root\/","og_locale":"en_US","og_type":"article","og_title":"Organic Jerusalem artichoke coffee with dandelion roots - Biopapa","og_description":"Organic Jerusalem artichoke and dandelion root coffee is a nutritious and decaffeinated alternative to traditional coffee.","og_url":"https:\/\/www.biopapa.de\/en\/producte\/organic-jerusalem-artichoke-coffee-with-dandelion-root\/","og_site_name":"Biopapa","article_publisher":"https:\/\/www.facebook.com\/biopapa.lt","article_modified_time":"2025-12-12T07:39:37+00:00","og_image":[{"width":800,"height":640,"url":"https:\/\/www.biopapa.de\/wp-content\/uploads\/2021\/10\/Ekologiska-topinambu-kava-su-kiaulpieniu-saknimis.jpg","type":"image\/jpeg"}],"twitter_card":"summary_large_image","twitter_misc":{"Est. reading time":"1 minute"},"schema":{"@context":"https:\/\/schema.org","@graph":[{"@type":"WebPage","@id":"https:\/\/www.biopapa.de\/en\/producte\/organic-jerusalem-artichoke-coffee-with-dandelion-root\/","url":"https:\/\/www.biopapa.de\/en\/producte\/organic-jerusalem-artichoke-coffee-with-dandelion-root\/","name":"Organic Jerusalem artichoke coffee with dandelion roots - Biopapa","isPartOf":{"@id":"https:\/\/www.biopapa.de\/en\/#website"},"primaryImageOfPage":{"@id":"https:\/\/www.biopapa.de\/en\/producte\/organic-jerusalem-artichoke-coffee-with-dandelion-root\/#primaryimage"},"image":{"@id":"https:\/\/www.biopapa.de\/en\/producte\/organic-jerusalem-artichoke-coffee-with-dandelion-root\/#primaryimage"},"thumbnailUrl":"https:\/\/www.biopapa.de\/wp-content\/uploads\/2021\/10\/Ekologiska-topinambu-kava-su-kiaulpieniu-saknimis.jpg","datePublished":"2025-04-16T11:51:02+00:00","dateModified":"2025-12-12T07:39:37+00:00","description":"Organic Jerusalem artichoke and dandelion root coffee is a nutritious and decaffeinated alternative to traditional coffee.","breadcrumb":{"@id":"https:\/\/www.biopapa.de\/en\/producte\/organic-jerusalem-artichoke-coffee-with-dandelion-root\/#breadcrumb"},"inLanguage":"en-US","potentialAction":[{"@type":"ReadAction","target":["https:\/\/www.biopapa.de\/en\/producte\/organic-jerusalem-artichoke-coffee-with-dandelion-root\/"]}]},{"@type":"ImageObject","inLanguage":"en-US","@id":"https:\/\/www.biopapa.de\/en\/producte\/organic-jerusalem-artichoke-coffee-with-dandelion-root\/#primaryimage","url":"https:\/\/www.biopapa.de\/wp-content\/uploads\/2021\/10\/Ekologiska-topinambu-kava-su-kiaulpieniu-saknimis.jpg","contentUrl":"https:\/\/www.biopapa.de\/wp-content\/uploads\/2021\/10\/Ekologiska-topinambu-kava-su-kiaulpieniu-saknimis.jpg","width":800,"height":640,"caption":"Organic Jerusalem artichoke coffee with dandelion roots"},{"@type":"BreadcrumbList","@id":"https:\/\/www.biopapa.de\/en\/producte\/organic-jerusalem-artichoke-coffee-with-dandelion-root\/#breadcrumb","itemListElement":[{"@type":"ListItem","position":1,"name":"Home","item":"https:\/\/www.biopapa.de\/en\/"},{"@type":"ListItem","position":2,"name":"Shop","item":"https:\/\/www.biopapa.de\/en\/shop\/"},{"@type":"ListItem","position":3,"name":"Organic Jerusalem artichoke coffee with dandelion roots"}]},{"@type":"WebSite","@id":"https:\/\/www.biopapa.de\/en\/#website","url":"https:\/\/www.biopapa.de\/en\/","name":"Biopapa","description":"\u0160var\u016bs ekologi\u0161ki produktai","publisher":{"@id":"https:\/\/www.biopapa.de\/en\/#organization"},"potentialAction":[{"@type":"SearchAction","target":{"@type":"EntryPoint","urlTemplate":"https:\/\/www.biopapa.de\/en\/?s={search_term_string}"},"query-input":{"@type":"PropertyValueSpecification","valueRequired":true,"valueName":"search_term_string"}}],"inLanguage":"en-US"},{"@type":"Organization","@id":"https:\/\/www.biopapa.de\/en\/#organization","name":"Biopapa","url":"https:\/\/www.biopapa.de\/en\/","logo":{"@type":"ImageObject","inLanguage":"en-US","@id":"https:\/\/www.biopapa.de\/en\/#\/schema\/logo\/image\/","url":"https:\/\/www.biopapa.lt\/wp-content\/uploads\/2022\/04\/facebook_biopapa.jpg","contentUrl":"https:\/\/www.biopapa.lt\/wp-content\/uploads\/2022\/04\/facebook_biopapa.jpg","width":1733,"height":907,"caption":"Biopapa"},"image":{"@id":"https:\/\/www.biopapa.de\/en\/#\/schema\/logo\/image\/"},"sameAs":["https:\/\/www.facebook.com\/biopapa.lt"]}]}},"_links":{"self":[{"href":"https:\/\/www.biopapa.de\/en\/wp-json\/wp\/v2\/product\/45776","targetHints":{"allow":["GET"]}}],"collection":[{"href":"https:\/\/www.biopapa.de\/en\/wp-json\/wp\/v2\/product"}],"about":[{"href":"https:\/\/www.biopapa.de\/en\/wp-json\/wp\/v2\/types\/product"}],"wp:featuredmedia":[{"embeddable":true,"href":"https:\/\/www.biopapa.de\/en\/wp-json\/wp\/v2\/media\/28775"}],"wp:attachment":[{"href":"https:\/\/www.biopapa.de\/en\/wp-json\/wp\/v2\/media?parent=45776"}],"wp:term":[{"taxonomy":"product_brand","embeddable":true,"href":"https:\/\/www.biopapa.de\/en\/wp-json\/wp\/v2\/product_brand?post=45776"},{"taxonomy":"product_cat","embeddable":true,"href":"https:\/\/www.biopapa.de\/en\/wp-json\/wp\/v2\/product_cat?post=45776"},{"taxonomy":"product_tag","embeddable":true,"href":"https:\/\/www.biopapa.de\/en\/wp-json\/wp\/v2\/product_tag?post=45776"}],"curies":[{"name":"wp","href":"https:\/\/api.w.org\/{rel}","templated":true}]}}